{"id":9644,"date":"2021-03-10T14:19:42","date_gmt":"2021-03-10T13:19:42","guid":{"rendered":"https:\/\/elbepools.com\/?page_id=9644"},"modified":"2025-07-15T14:23:18","modified_gmt":"2025-07-15T12:23:18","slug":"chi-siamo","status":"publish","type":"page","link":"https:\/\/elbepools.com\/it\/chi-siamo\/","title":{"rendered":"Chi siamo"},"content":{"rendered":"\n<div id=\"jf-header-block_52158ce06883fba3e8f05103a1f5de09\" class=\"jf-header-block alignfull\">\n\t\t\t\t\t<div class=\"swiper-container\" data-swipe-settings=\"{&quot;slidesPerView&quot;:1,&quot;spaceBetween&quot;:0}\">\n\t\t\t<div class=\"swiper-wrapper\">\n\t\t\t\t\t\t<div class=\"swiper-slide hero-image\">\n\t\t\t\t\t<div class=\"hero-image__image__wrapper\">\n\t\t\t\t\t\t<picture>\n\t\t\t\t\t\t\t<source media=\"(max-width: 767px)\" srcset=\"https:\/\/elbepools.com\/app\/uploads\/2020\/07\/About-us-Slider-01-768x384.jpg\">\n\t\t\t\t\t\t\t<img fetchpriority=\"high\" decoding=\"async\" width=\"2048\" height=\"1024\" src=\"https:\/\/elbepools.com\/app\/uploads\/2020\/07\/About-us-Slider-01-2048x1024.jpg\" class=\"attachment-hero-full size-hero-full\" alt=\"\" title=\"About us-Slider 01\" loading=\"eager\" srcset=\"https:\/\/elbepools.com\/app\/uploads\/2020\/07\/About-us-Slider-01.jpg 2048w, https:\/\/elbepools.com\/app\/uploads\/2020\/07\/About-us-Slider-01-300x150.jpg 300w, https:\/\/elbepools.com\/app\/uploads\/2020\/07\/About-us-Slider-01-768x384.jpg 768w, https:\/\/elbepools.com\/app\/uploads\/2020\/07\/About-us-Slider-01-1024x512.jpg 1024w\" sizes=\"(max-width: 2048px) 100vw, 2048px\" \/>\t\t\t\t\t\t<\/picture>\n\t\t\t\t\t\t<img decoding=\"async\" class=\"wellenstruktur\" src=\"https:\/\/elbepools.com\/app\/themes\/jagdfieber\/img\/welle-ganz.png\">\n\t\t\t\t\t<\/div>\n\t\t\t\t\t<div class=\"caption\">\n\t\t\t\t\t\t<div class=\"caption-outer\">\n\t\t\t\t\t\t\t<div class=\"caption-inner\">\n\t\t\t\t\t\t\t\t\t\t\t\t\t\t\t\t\t<div class=\"caption--headline\">\n\t\t\t\t\t\t\t\t\t\t<h2 class=\"caption--headline__text no-wave\">\n\t\t\t\t\t\t\t\t\t\t\tLo specialista \t\t\t\t\t\t\t\t\t\t\t<span>dei rivestimenti per piscina<\/span>\n\t\t\t\t\t\t\t\t\t\t<\/h2>\n\t\t\t\t\t\t\t\t\t<\/div>\n\t\t\t\t\t\t\t\t\t\t\t\t\t\t\t\t<\/div>\n\t\t\t\t\t\t<\/div>\n\t\t\t\t\t<\/div>\n\t\t\t\t<\/div>\n\t\t\t\t\t\t\t\t<div class=\"swiper-slide hero-image\">\n\t\t\t\t\t<div class=\"hero-image__image__wrapper\">\n\t\t\t\t\t\t<picture>\n\t\t\t\t\t\t\t<source media=\"(max-width: 767px)\" srcset=\"https:\/\/elbepools.com\/app\/uploads\/2020\/06\/About-us-Slider-02-768x384.jpg\">\n\t\t\t\t\t\t\t<img decoding=\"async\" width=\"2048\" height=\"1024\" src=\"https:\/\/elbepools.com\/app\/uploads\/2020\/06\/About-us-Slider-02-2048x1024.jpg\" class=\"attachment-hero-full size-hero-full\" alt=\"\" title=\"About us &#8211; Slider 02\" loading=\"eager\" srcset=\"https:\/\/elbepools.com\/app\/uploads\/2020\/06\/About-us-Slider-02.jpg 2048w, https:\/\/elbepools.com\/app\/uploads\/2020\/06\/About-us-Slider-02-300x150.jpg 300w, https:\/\/elbepools.com\/app\/uploads\/2020\/06\/About-us-Slider-02-768x384.jpg 768w, https:\/\/elbepools.com\/app\/uploads\/2020\/06\/About-us-Slider-02-1024x512.jpg 1024w\" sizes=\"(max-width: 2048px) 100vw, 2048px\" \/>\t\t\t\t\t\t<\/picture>\n\t\t\t\t\t\t<img decoding=\"async\" class=\"wellenstruktur\" src=\"https:\/\/elbepools.com\/app\/themes\/jagdfieber\/img\/welle-ganz.png\">\n\t\t\t\t\t<\/div>\n\t\t\t\t\t<div class=\"caption\">\n\t\t\t\t\t\t<div class=\"caption-outer\">\n\t\t\t\t\t\t\t<div class=\"caption-inner\">\n\t\t\t\t\t\t\t\t\t\t\t\t\t\t\t\t\t<div class=\"caption--headline\">\n\t\t\t\t\t\t\t\t\t\t<h2 class=\"caption--headline__text no-wave\">\n\t\t\t\t\t\t\t\t\t\t\tMADE \t\t\t\t\t\t\t\t\t\t\t<span>IN GERMANY<\/span>\n\t\t\t\t\t\t\t\t\t\t<\/h2>\n\t\t\t\t\t\t\t\t\t<\/div>\n\t\t\t\t\t\t\t\t\t\t\t\t\t\t\t\t<\/div>\n\t\t\t\t\t\t<\/div>\n\t\t\t\t\t<\/div>\n\t\t\t\t<\/div>\n\t\t\t\t\t\t\t\t<div class=\"swiper-slide hero-image\">\n\t\t\t\t\t<div class=\"hero-image__image__wrapper\">\n\t\t\t\t\t\t<picture>\n\t\t\t\t\t\t\t<source media=\"(max-width: 767px)\" srcset=\"https:\/\/elbepools.com\/app\/uploads\/2020\/06\/About-us-Slider-03-768x384.jpg\">\n\t\t\t\t\t\t\t<img decoding=\"async\" width=\"2048\" height=\"1024\" src=\"https:\/\/elbepools.com\/app\/uploads\/2020\/06\/About-us-Slider-03-2048x1024.jpg\" class=\"attachment-hero-full size-hero-full\" alt=\"\" title=\"About us &#8211; Slider 03\" loading=\"eager\" srcset=\"https:\/\/elbepools.com\/app\/uploads\/2020\/06\/About-us-Slider-03.jpg 2048w, https:\/\/elbepools.com\/app\/uploads\/2020\/06\/About-us-Slider-03-300x150.jpg 300w, https:\/\/elbepools.com\/app\/uploads\/2020\/06\/About-us-Slider-03-768x384.jpg 768w, https:\/\/elbepools.com\/app\/uploads\/2020\/06\/About-us-Slider-03-1024x512.jpg 1024w\" sizes=\"(max-width: 2048px) 100vw, 2048px\" \/>\t\t\t\t\t\t<\/picture>\n\t\t\t\t\t\t<img decoding=\"async\" class=\"wellenstruktur\" src=\"https:\/\/elbepools.com\/app\/themes\/jagdfieber\/img\/welle-ganz.png\">\n\t\t\t\t\t<\/div>\n\t\t\t\t\t<div class=\"caption\">\n\t\t\t\t\t\t<div class=\"caption-outer\">\n\t\t\t\t\t\t\t<div class=\"caption-inner\">\n\t\t\t\t\t\t\t\t\t\t\t\t\t\t\t\t\t<div class=\"caption--headline\">\n\t\t\t\t\t\t\t\t\t\t<h2 class=\"caption--headline__text no-wave\">\n\t\t\t\t\t\t\t\t\t\t\tQualit\u00e0\t\t\t\t\t\t\t\t\t\t\t<span>premium<\/span>\n\t\t\t\t\t\t\t\t\t\t<\/h2>\n\t\t\t\t\t\t\t\t\t<\/div>\n\t\t\t\t\t\t\t\t\t\t\t\t\t\t\t\t<\/div>\n\t\t\t\t\t\t<\/div>\n\t\t\t\t\t<\/div>\n\t\t\t\t<\/div>\n\t\t\t\t\t\t\t\t<\/div> <!-- .swiper-wrapper -->\n\t\t\t\t<div class=\"swiper-button-next\"><svg><use xmlns:xlink=\"http:\/\/www.w3.org\/1999\/xlink\" xlink:href=\"#pfeil\"><\/use><\/svg><\/div>\n\t\t\t\t<div class=\"swiper-button-prev\"><svg><use xmlns:xlink=\"http:\/\/www.w3.org\/1999\/xlink\" xlink:href=\"#pfeil\"><\/use><\/svg><\/div>\n\t\t\t<\/div> <!-- .swiper-container -->\n\t\t\t<\/div><!-- .container -->\n\n\n\n<h2 class=\"wp-block-heading\">CI PRESENTIAMO.<\/h2>\n\n\n\n<p>Siamo specialisti di liner per piscina e leader nella produzione di superfici in vinile per piscina; la nostra azienda si concentra sulla produzione di membrane e liner per piscina garantendone la migliore qualit\u00e0.<\/p>\n\n\n\n<p>La membrana rinforzata \u00e8 costituita da due strati flessibili di polivinilcloruro plastificato (PVC-P) uniti da un&#8217;armatura interna di poliestere. L&#8217;armatura conferisce stabilit\u00e0, elasticit\u00e0 e flessibilit\u00e0 alla membrana.<\/p>\n\n\n\n<p>Il nostro successo si basa su conoscenze specialistiche, affidabilit\u00e0 e standard di qualit\u00e0 elevati. Il nostro obiettivo \u00e8 sviluppare e distribuire prodotti di qualit\u00e0 superiore realizzati usando parsimoniosamente le risorse naturali e nel rispetto dell\u2019ambiente. Questo per il benessere e la salute nostri e dei nostri clienti.<\/p>\n\n\n\n<div class=\"wp-block-columns is-layout-flex wp-container-core-columns-is-layout-1 wp-block-columns-is-layout-flex\">\n<div class=\"wp-block-column is-layout-flow wp-block-column-is-layout-flow\">\n<p>Le membrane rinforzate per piscina <strong>ELBE Pool Surface<sup>\u00ae<\/sup><\/strong> vengono prodotte e continuamente sviluppate negli impianti di produzione moderni del nostro stabilimento di Coswig\/Dresda. Per le membrane rinforzate per piscina \u00bbMade in Germany\u00ab di Elbtal Plastics offriamo con orgoglio una garanzia di 15 anni sull\u2019impermeabilit\u00e0. Con quasi 120 anni di esperienza nell\u2019ingegneria tedesca, oltre 60 anni nella produzione di PVC e oltre 800 milioni di m<sup>2<\/sup> di liner prodotti nello stabilimento di Coswig, siamo gli esperti numero uno dei prodotti innovativi. Negli ultimi 20 anni i nostri prodotti sono stati installati in oltre 60 Paesi in tutto il mondo \u2013 in piscine private e pubbliche, piscine di hotel di lusso e di grandi parchi acquatici.<\/p>\n\n\n\n<p>Essendo un\u2019azienda certificata ISO 9001, disponiamo di una regolare gestione della qualit\u00e0. Il nostro nome sta per un\u2019interazione sostenibile con l\u2019ambiente e l\u2019uso parsimonioso delle risorse naturali.<\/p>\n\n\n\n<p>In quanto esperti di rivestimenti in PVC, siamo specializzati anche nelle membrane impermeabilizzanti per l\u2019ingegneria civile e idraulica e per la tutela dell\u2019ambiente. Il nostro marchio <strong>ELBE Natural Surface<sup>\u00ae<\/sup><\/strong> rappresenta oltre 50 anni di esperienza e di continuit\u00e0.<\/p>\n\n\n\n<div style=\"height:20px\" aria-hidden=\"true\" class=\"wp-block-spacer\"><\/div>\n\n\n\n<div class=\"wp-block-buttons is-layout-flex wp-block-buttons-is-layout-flex\">\n<div class=\"wp-block-button\"><a class=\"wp-block-button__link wp-element-button\" href=\"https:\/\/www.elbtal-plastics.de\/en\/about-elbesecur.htmlhttps:\/\/elbepools.com\/products\/natural-pools\/\" target=\"_blank\" rel=\"noreferrer noopener\">A proposito di<br>ELBE NATURAL SURFACE<\/a><\/div>\n<\/div>\n\n\n\n<div style=\"height:36px\" aria-hidden=\"true\" class=\"wp-block-spacer\"><\/div>\n\n\n\n<p>Con il marchio <strong>ELBE Technical Surface<sup>\u00ae<\/sup><\/strong> sviluppiamo e realizziamo soluzioni individuali su misura per le pi\u00f9 svariate applicazioni, ad es. negli ambiti di igiene, laminazione, settore automobilistico, ecc. Sviluppiamo la soluzione pi\u00f9 sensata ed efficiente per le esigenze dei nostri clienti.<\/p>\n\n\n\n<div style=\"height:19px\" aria-hidden=\"true\" class=\"wp-block-spacer\"><\/div>\n\n\n\n<div class=\"wp-block-buttons is-layout-flex wp-block-buttons-is-layout-flex\">\n<div class=\"wp-block-button\"><a class=\"wp-block-button__link wp-element-button\" href=\"https:\/\/www.elbtal-plastics.de\/en\/elbe-technical.html\" target=\"_blank\" rel=\"noreferrer noopener nofollow\">A proposito di<br>ELBE TECHNICAL SURFACE<\/a><\/div>\n<\/div>\n<\/div>\n\n\n\n<div class=\"wp-block-column is-layout-flow wp-block-column-is-layout-flow\">\n<figure class=\"wp-block-image size-large is-style-rounded\"><img loading=\"lazy\" decoding=\"async\" width=\"2560\" height=\"1707\" src=\"https:\/\/elbepools.com\/app\/uploads\/2020\/07\/Elbtal-get-to-know-us-scaled.jpg\" alt=\"\" class=\"wp-image-9653\" srcset=\"https:\/\/elbepools.com\/app\/uploads\/2020\/07\/Elbtal-get-to-know-us-scaled.jpg 2560w, https:\/\/elbepools.com\/app\/uploads\/2020\/07\/Elbtal-get-to-know-us-scaled-300x200.jpg 300w, https:\/\/elbepools.com\/app\/uploads\/2020\/07\/Elbtal-get-to-know-us-scaled-768x512.jpg 768w, https:\/\/elbepools.com\/app\/uploads\/2020\/07\/Elbtal-get-to-know-us-scaled-1024x683.jpg 1024w, https:\/\/elbepools.com\/app\/uploads\/2020\/07\/Elbtal-get-to-know-us-scaled-569x380.jpg 569w, https:\/\/elbepools.com\/app\/uploads\/2020\/07\/Elbtal-get-to-know-us-scaled-540x360.jpg 540w\" sizes=\"auto, (max-width: 2560px) 100vw, 2560px\" \/><\/figure>\n\n\n<div class=\"wp-block-image\">\n<figure class=\"alignleft size-medium is-resized\"><img loading=\"lazy\" decoding=\"async\" width=\"300\" height=\"170\" src=\"https:\/\/elbepools.com\/app\/uploads\/2020\/07\/ElbtalPlastics-Logo-20184c-process-bearb-e1593771367392-300x170.png\" alt=\"\" class=\"wp-image-9671\" style=\"width:167px;height:95px\" srcset=\"https:\/\/elbepools.com\/app\/uploads\/2020\/07\/ElbtalPlastics-Logo-20184c-process-bearb-e1593771367392-300x170.png 300w, https:\/\/elbepools.com\/app\/uploads\/2020\/07\/ElbtalPlastics-Logo-20184c-process-bearb-e1593771367392-768x435.png 768w, https:\/\/elbepools.com\/app\/uploads\/2020\/07\/ElbtalPlastics-Logo-20184c-process-bearb-e1593771367392-1024x580.png 1024w, https:\/\/elbepools.com\/app\/uploads\/2020\/07\/ElbtalPlastics-Logo-20184c-process-bearb-e1593771367392.png 1172w\" sizes=\"auto, (max-width: 300px) 100vw, 300px\" \/><\/figure><\/div>\n\n\n<p class=\"has-blue-color has-text-color\"><br><br><br><br><br><strong>Elbtal Plastics GmbH &amp; Co. KG<br><\/strong><mark style=\"background-color:rgba(0, 0, 0, 0)\" class=\"has-inline-color has-black-color\">Cowaplast 2<br>01640 Coswig | Germania<\/mark><\/p>\n\n\n\n<p class=\"has-black-color has-text-color\"><img decoding=\"async\" src=\"https:\/\/elbepools.com\/app\/uploads\/2020\/07\/Kontakt_telephone-1.png\" alt=\"\" style=\"width: 20px;\"> <a href=\"tel:+49352353300\">+49 3523 5330-0<\/a><br><img decoding=\"async\" src=\"https:\/\/elbepools.com\/app\/uploads\/2020\/07\/Kontakt_print-1.png\" alt=\"\" style=\"width: 20px;\"> <a href=\"fax:+4935235330222\">+49 3523 5330-222<\/a><br><img decoding=\"async\" src=\"https:\/\/elbepools.com\/app\/uploads\/2020\/07\/Kontakt_email-1.png\" alt=\"\" style=\"width: 20px;\"> <a href=\"mailto:info@elbtal-plastics.de\">info@elbtal-plastics.de<\/a><\/p>\n\n\n\n<p><\/p>\n\n\n\n<p><a href=\"https:\/\/www.elbtal-plastics.de\/en\/\" data-type=\"URL\" data-id=\"https:\/\/www.elbtal-plastics.de\/en\/\" target=\"_blank\" rel=\"noreferrer noopener nofollow\">www.elbtal-plastics.de<\/a><\/p>\n\n\n\n<p><\/p>\n\n\n<div class=\"wp-block-image\">\n<figure class=\"alignleft size-large is-resized\"><img loading=\"lazy\" decoding=\"async\" width=\"268\" height=\"116\" src=\"https:\/\/elbepools.com\/app\/uploads\/2020\/07\/KAP_Logo_FF_Endorsement_CMYK.png\" alt=\"\" class=\"wp-image-9657\" style=\"width:134px;height:58px\"\/><\/figure><\/div>\n\n\n<figure class=\"wp-block-image size-large is-resized\"><a href=\"https:\/\/elbtal-plastics.de\/en\/news-detail\/vinylplus-recertification-2025-elbtal-plastics-reaffirms-its-commitment-to-sustainability.html\" rel=\"nofollow noopener\" target=\"_blank\"><img loading=\"lazy\" decoding=\"async\" width=\"1024\" height=\"335\" src=\"https:\/\/elbepools.com\/app\/uploads\/2025\/07\/vinylplus-vector-logo-1024x335.jpg\" alt=\"\" class=\"wp-image-25890\" style=\"width:150px;height:auto\" srcset=\"https:\/\/elbepools.com\/app\/uploads\/2025\/07\/vinylplus-vector-logo-1024x335.jpg 1024w, https:\/\/elbepools.com\/app\/uploads\/2025\/07\/vinylplus-vector-logo-300x98.jpg 300w, https:\/\/elbepools.com\/app\/uploads\/2025\/07\/vinylplus-vector-logo-768x252.jpg 768w\" sizes=\"auto, (max-width: 1024px) 100vw, 1024px\" \/><\/a><\/figure>\n<\/div>\n<\/div>\n\n\n\n<p><\/p>\n","protected":false},"excerpt":{"rendered":"<p>CI PRESENTIAMO. Siamo specialisti di liner per piscina e leader nella produzione di superfici in vinile per piscina; la nostra azienda si concentra sulla produzione di membrane e liner per piscina garantendone la migliore qualit\u00e0. La membrana rinforzata \u00e8 costituita da due strati flessibili di polivinilcloruro plastificato (PVC-P) uniti da un&#8217;armatura interna di poliestere. L&#8217;armatura [&hellip;]<\/p>\n","protected":false},"author":2,"featured_media":0,"parent":0,"menu_order":0,"comment_status":"closed","ping_status":"closed","template":"","meta":{"_acf_changed":false,"footnotes":""},"class_list":["post-9644","page","type-page","status-publish","hentry"],"acf":[],"_links":{"self":[{"href":"https:\/\/elbepools.com\/it\/wp-json\/wp\/v2\/pages\/9644","targetHints":{"allow":["GET"]}}],"collection":[{"href":"https:\/\/elbepools.com\/it\/wp-json\/wp\/v2\/pages"}],"about":[{"href":"https:\/\/elbepools.com\/it\/wp-json\/wp\/v2\/types\/page"}],"author":[{"embeddable":true,"href":"https:\/\/elbepools.com\/it\/wp-json\/wp\/v2\/users\/2"}],"replies":[{"embeddable":true,"href":"https:\/\/elbepools.com\/it\/wp-json\/wp\/v2\/comments?post=9644"}],"version-history":[{"count":14,"href":"https:\/\/elbepools.com\/it\/wp-json\/wp\/v2\/pages\/9644\/revisions"}],"predecessor-version":[{"id":25898,"href":"https:\/\/elbepools.com\/it\/wp-json\/wp\/v2\/pages\/9644\/revisions\/25898"}],"wp:attachment":[{"href":"https:\/\/elbepools.com\/it\/wp-json\/wp\/v2\/media?parent=9644"}],"curies":[{"name":"wp","href":"https:\/\/api.w.org\/{rel}","templated":true}]}}