{"id":9575,"date":"2021-03-10T11:48:50","date_gmt":"2021-03-10T10:48:50","guid":{"rendered":"https:\/\/elbepools.com\/?page_id=9575"},"modified":"2022-12-08T10:47:24","modified_gmt":"2022-12-08T09:47:24","slug":"installazione","status":"publish","type":"page","link":"https:\/\/elbepools.com\/it\/installazione-e-manutenzione\/installazione\/","title":{"rendered":"Installazione"},"content":{"rendered":"\n<div id=\"jf-header-block_0f320f83f1c7d39ba047c3e07f2734d0\" class=\"jf-header-block alignfull\">\n\t\t\t\t\t<div class=\"swiper-container\" data-swipe-settings=\"{&quot;slidesPerView&quot;:1,&quot;spaceBetween&quot;:0}\">\n\t\t\t<div class=\"swiper-wrapper\">\n\t\t\t\t\t\t<div class=\"swiper-slide hero-image\">\n\t\t\t\t\t<div class=\"hero-image__image__wrapper\">\n\t\t\t\t\t\t<picture>\n\t\t\t\t\t\t\t<source media=\"(max-width: 767px)\" srcset=\"https:\/\/elbepools.com\/app\/uploads\/2020\/07\/IM-installation-Slider-01-768x384.jpg\">\n\t\t\t\t\t\t\t<img fetchpriority=\"high\" decoding=\"async\" width=\"2048\" height=\"1024\" src=\"https:\/\/elbepools.com\/app\/uploads\/2020\/07\/IM-installation-Slider-01-2048x1024.jpg\" class=\"attachment-hero-full size-hero-full\" alt=\"\" title=\"IM-installation-Slider 01\" loading=\"eager\" srcset=\"https:\/\/elbepools.com\/app\/uploads\/2020\/07\/IM-installation-Slider-01.jpg 2048w, https:\/\/elbepools.com\/app\/uploads\/2020\/07\/IM-installation-Slider-01-300x150.jpg 300w, https:\/\/elbepools.com\/app\/uploads\/2020\/07\/IM-installation-Slider-01-768x384.jpg 768w, https:\/\/elbepools.com\/app\/uploads\/2020\/07\/IM-installation-Slider-01-1024x512.jpg 1024w\" sizes=\"(max-width: 2048px) 100vw, 2048px\" \/>\t\t\t\t\t\t<\/picture>\n\t\t\t\t\t\t<img decoding=\"async\" class=\"wellenstruktur\" src=\"https:\/\/elbepools.com\/app\/themes\/jagdfieber\/img\/welle-ganz.png\">\n\t\t\t\t\t<\/div>\n\t\t\t\t\t<div class=\"caption\">\n\t\t\t\t\t\t<div class=\"caption-outer\">\n\t\t\t\t\t\t\t<div class=\"caption-inner\">\n\t\t\t\t\t\t\t\t\t\t\t\t\t\t\t\t\t<div class=\"caption--headline\">\n\t\t\t\t\t\t\t\t\t\t<h2 class=\"caption--headline__text no-wave\">\n\t\t\t\t\t\t\t\t\t\t\tLa soluzione migliore \t\t\t\t\t\t\t\t\t\t\t<span>per la vostra piscina<\/span>\n\t\t\t\t\t\t\t\t\t\t<\/h2>\n\t\t\t\t\t\t\t\t\t<\/div>\n\t\t\t\t\t\t\t\t\t\t\t\t\t\t\t\t<\/div>\n\t\t\t\t\t\t<\/div>\n\t\t\t\t\t<\/div>\n\t\t\t\t<\/div>\n\t\t\t\t\t\t\t\t<div class=\"swiper-slide hero-image\">\n\t\t\t\t\t<div class=\"hero-image__image__wrapper\">\n\t\t\t\t\t\t<picture>\n\t\t\t\t\t\t\t<source media=\"(max-width: 767px)\" srcset=\"https:\/\/elbepools.com\/app\/uploads\/2020\/07\/IM-installation-Slider-02-768x384.jpg\">\n\t\t\t\t\t\t\t<img decoding=\"async\" width=\"2048\" height=\"1024\" src=\"https:\/\/elbepools.com\/app\/uploads\/2020\/07\/IM-installation-Slider-02-2048x1024.jpg\" class=\"attachment-hero-full size-hero-full\" alt=\"\" title=\"IM-installation-Slider 02\" loading=\"eager\" srcset=\"https:\/\/elbepools.com\/app\/uploads\/2020\/07\/IM-installation-Slider-02.jpg 2048w, https:\/\/elbepools.com\/app\/uploads\/2020\/07\/IM-installation-Slider-02-300x150.jpg 300w, https:\/\/elbepools.com\/app\/uploads\/2020\/07\/IM-installation-Slider-02-768x384.jpg 768w, https:\/\/elbepools.com\/app\/uploads\/2020\/07\/IM-installation-Slider-02-1024x512.jpg 1024w\" sizes=\"(max-width: 2048px) 100vw, 2048px\" \/>\t\t\t\t\t\t<\/picture>\n\t\t\t\t\t\t<img decoding=\"async\" class=\"wellenstruktur\" src=\"https:\/\/elbepools.com\/app\/themes\/jagdfieber\/img\/welle-ganz.png\">\n\t\t\t\t\t<\/div>\n\t\t\t\t\t<div class=\"caption\">\n\t\t\t\t\t\t<div class=\"caption-outer\">\n\t\t\t\t\t\t\t<div class=\"caption-inner\">\n\t\t\t\t\t\t\t\t\t\t\t\t\t\t\t\t\t<div class=\"caption--headline\">\n\t\t\t\t\t\t\t\t\t\t<h2 class=\"caption--headline__text no-wave\">\n\t\t\t\t\t\t\t\t\t\t\tInstallazione di prima classe \u2013\t\t\t\t\t\t\t\t\t\t\t<span>Piscina di prima classe<\/span>\n\t\t\t\t\t\t\t\t\t\t<\/h2>\n\t\t\t\t\t\t\t\t\t<\/div>\n\t\t\t\t\t\t\t\t\t\t\t\t\t\t\t\t<\/div>\n\t\t\t\t\t\t<\/div>\n\t\t\t\t\t<\/div>\n\t\t\t\t<\/div>\n\t\t\t\t\t\t\t\t<div class=\"swiper-slide hero-image\">\n\t\t\t\t\t<div class=\"hero-image__image__wrapper\">\n\t\t\t\t\t\t<picture>\n\t\t\t\t\t\t\t<source media=\"(max-width: 767px)\" srcset=\"https:\/\/elbepools.com\/app\/uploads\/2020\/07\/IM-installation-Slider-03-768x384.jpg\">\n\t\t\t\t\t\t\t<img decoding=\"async\" width=\"2048\" height=\"1024\" src=\"https:\/\/elbepools.com\/app\/uploads\/2020\/07\/IM-installation-Slider-03-2048x1024.jpg\" class=\"attachment-hero-full size-hero-full\" alt=\"\" title=\"IM-installation-Slider 03\" loading=\"eager\" srcset=\"https:\/\/elbepools.com\/app\/uploads\/2020\/07\/IM-installation-Slider-03.jpg 2048w, https:\/\/elbepools.com\/app\/uploads\/2020\/07\/IM-installation-Slider-03-300x150.jpg 300w, https:\/\/elbepools.com\/app\/uploads\/2020\/07\/IM-installation-Slider-03-768x384.jpg 768w, https:\/\/elbepools.com\/app\/uploads\/2020\/07\/IM-installation-Slider-03-1024x512.jpg 1024w\" sizes=\"(max-width: 2048px) 100vw, 2048px\" \/>\t\t\t\t\t\t<\/picture>\n\t\t\t\t\t\t<img decoding=\"async\" class=\"wellenstruktur\" src=\"https:\/\/elbepools.com\/app\/themes\/jagdfieber\/img\/welle-ganz.png\">\n\t\t\t\t\t<\/div>\n\t\t\t\t\t<div class=\"caption\">\n\t\t\t\t\t\t<div class=\"caption-outer\">\n\t\t\t\t\t\t\t<div class=\"caption-inner\">\n\t\t\t\t\t\t\t\t\t\t\t\t\t\t\t\t\t<div class=\"caption--headline\">\n\t\t\t\t\t\t\t\t\t\t<h2 class=\"caption--headline__text no-wave\">\n\t\t\t\t\t\t\t\t\t\t\tFacile e \t\t\t\t\t\t\t\t\t\t\t<span>rapida<\/span>\n\t\t\t\t\t\t\t\t\t\t<\/h2>\n\t\t\t\t\t\t\t\t\t<\/div>\n\t\t\t\t\t\t\t\t\t\t\t\t\t\t\t\t<\/div>\n\t\t\t\t\t\t<\/div>\n\t\t\t\t\t<\/div>\n\t\t\t\t<\/div>\n\t\t\t\t\t\t\t\t<\/div> <!-- .swiper-wrapper -->\n\t\t\t\t<div class=\"swiper-button-next\"><svg><use xmlns:xlink=\"http:\/\/www.w3.org\/1999\/xlink\" xlink:href=\"#pfeil\"><\/use><\/svg><\/div>\n\t\t\t\t<div class=\"swiper-button-prev\"><svg><use xmlns:xlink=\"http:\/\/www.w3.org\/1999\/xlink\" xlink:href=\"#pfeil\"><\/use><\/svg><\/div>\n\t\t\t<\/div> <!-- .swiper-container -->\n\t\t\t<\/div><!-- .container -->\n\n\n\n<h2 class=\"wp-block-heading\">LA MIGLIOR QUALIT\u00c0 RICHIEDE <br>UN\u2019INSTALLAZIONE DI PRIMA CLASSE.<\/h2>\n\n\n\n<p>I nostri liner per piscina si installano rapidamente e con facilit\u00e0. I lavori si svolgono silenziosamente, quasi senza sporcare e senza l\u2019impiego di macchinari pesanti. Il posatore specializzato in liner taglia e posa il materiale direttamente nella vostra piscina. La saldatura dei liner <strong>ELBE Pool Surface<\/strong><sup>\u00ae<\/sup> avviene con emissioni di fumo nettamente inferiori rispetto ai prodotti della concorrenza.<\/p>\n\n\n\n<p>Le membrane rinforzate <strong>ELBE Pool Surface<\/strong><sup>\u00ae<\/sup> si possono usare per piscine private e pubbliche, interne ed esterne e di qualsiasi forma e dimensione. Si usano sia per costruire piscine nuove, sia per ristrutturare piscine gi\u00e0 esistenti. Prima si applica uno strato di feltro geotessile e poi vengono &nbsp;saldate le membrane, in maniera facile e rapida, per garantire una superficie omogenea e&nbsp; impermeabile al 100%. Le membrane hanno solo la funzione di rendere impermeabile la piscina; non sono strutture portanti. Pertanto \u00e8 necessario che sia disponibile una sottostruttura stabile e solida sulla quale applicare la membrana. I difetti della sottostruttura non si possono compensare con la membrana.<\/p>\n\n\n\n<p>Le immagini \u00bbprima\u00ab e \u00bbdopo\u00ab dei nostri progetti illustrano i vantaggi dei prodotti <strong>ELBE Pool Surface<sup>\u00ae<\/sup><\/strong> e della loro installazione.<\/p>\n\n\n\n<p><\/p>\n\n\n\n<div class=\"wp-block-columns is-layout-flex wp-container-core-columns-is-layout-1 wp-block-columns-is-layout-flex\">\n<div class=\"wp-block-column is-layout-flow wp-block-column-is-layout-flow\">\n<figure class=\"wp-block-image alignfull size-teaser-cropped text-on-image is-style-rounded\"><img loading=\"lazy\" decoding=\"async\" width=\"540\" height=\"360\" src=\"https:\/\/elbepools.com\/app\/uploads\/2020\/07\/adriablau-604-87-540x360.jpg\" alt=\"\" class=\"wp-image-9590\" srcset=\"https:\/\/elbepools.com\/app\/uploads\/2020\/07\/adriablau-604-87-540x360.jpg 540w, https:\/\/elbepools.com\/app\/uploads\/2020\/07\/adriablau-604-87-569x380.jpg 569w\" sizes=\"auto, (max-width: 540px) 100vw, 540px\" \/><figcaption class=\"wp-element-caption\">PRIMA<\/figcaption><\/figure>\n<\/div>\n\n\n\n<div class=\"wp-block-column is-layout-flow wp-block-column-is-layout-flow\">\n<figure class=\"wp-block-image alignfull size-teaser-cropped text-on-image is-style-rounded\"><img loading=\"lazy\" decoding=\"async\" width=\"540\" height=\"360\" src=\"https:\/\/elbepools.com\/app\/uploads\/2020\/07\/any_size_2-540x360.jpg\" alt=\"\" class=\"wp-image-9591\" srcset=\"https:\/\/elbepools.com\/app\/uploads\/2020\/07\/any_size_2-540x360.jpg 540w, https:\/\/elbepools.com\/app\/uploads\/2020\/07\/any_size_2-569x380.jpg 569w\" sizes=\"auto, (max-width: 540px) 100vw, 540px\" \/><figcaption class=\"wp-element-caption\">DOPO<\/figcaption><\/figure>\n<\/div>\n<\/div>\n\n\n\n<div class=\"wp-block-columns is-layout-flex wp-container-core-columns-is-layout-2 wp-block-columns-is-layout-flex\">\n<div class=\"wp-block-column is-layout-flow wp-block-column-is-layout-flow\">\n<figure class=\"wp-block-image size-teaser-cropped text-on-image is-style-rounded\"><img loading=\"lazy\" decoding=\"async\" width=\"540\" height=\"360\" src=\"https:\/\/elbepools.com\/app\/uploads\/2020\/12\/before-08-scaled-540x360.jpg\" alt=\"\" class=\"wp-image-9592\" srcset=\"https:\/\/elbepools.com\/app\/uploads\/2020\/12\/before-08-scaled-540x360.jpg 540w, https:\/\/elbepools.com\/app\/uploads\/2020\/12\/before-08-scaled-300x200.jpg 300w, https:\/\/elbepools.com\/app\/uploads\/2020\/12\/before-08-scaled-768x512.jpg 768w, https:\/\/elbepools.com\/app\/uploads\/2020\/12\/before-08-scaled-1024x683.jpg 1024w, https:\/\/elbepools.com\/app\/uploads\/2020\/12\/before-08-scaled-569x380.jpg 569w\" sizes=\"auto, (max-width: 540px) 100vw, 540px\" \/><figcaption class=\"wp-element-caption\">PRIMA<\/figcaption><\/figure>\n<\/div>\n\n\n\n<div class=\"wp-block-column is-layout-flow wp-block-column-is-layout-flow\">\n<figure class=\"wp-block-image size-teaser-cropped text-on-image is-style-rounded\"><img loading=\"lazy\" decoding=\"async\" width=\"540\" height=\"360\" src=\"https:\/\/elbepools.com\/app\/uploads\/2020\/12\/after-08-scaled-540x360.jpg\" alt=\"\" class=\"wp-image-9593\" srcset=\"https:\/\/elbepools.com\/app\/uploads\/2020\/12\/after-08-scaled-540x360.jpg 540w, https:\/\/elbepools.com\/app\/uploads\/2020\/12\/after-08-scaled-569x380.jpg 569w\" sizes=\"auto, (max-width: 540px) 100vw, 540px\" \/><figcaption class=\"wp-element-caption\">DOPO<\/figcaption><\/figure>\n<\/div>\n<\/div>\n\n\n\n<div class=\"wp-block-columns is-layout-flex wp-container-core-columns-is-layout-3 wp-block-columns-is-layout-flex\">\n<div class=\"wp-block-column is-layout-flow wp-block-column-is-layout-flow\">\n<figure class=\"wp-block-image size-teaser-cropped text-on-image is-style-rounded\"><img loading=\"lazy\" decoding=\"async\" width=\"540\" height=\"360\" src=\"https:\/\/elbepools.com\/app\/uploads\/2020\/12\/before-09-scaled-540x360.jpg\" alt=\"\" class=\"wp-image-9594\" srcset=\"https:\/\/elbepools.com\/app\/uploads\/2020\/12\/before-09-scaled-540x360.jpg 540w, https:\/\/elbepools.com\/app\/uploads\/2020\/12\/before-09-scaled-569x380.jpg 569w\" sizes=\"auto, (max-width: 540px) 100vw, 540px\" \/><figcaption class=\"wp-element-caption\">PRIMA<\/figcaption><\/figure>\n<\/div>\n\n\n\n<div class=\"wp-block-column is-layout-flow wp-block-column-is-layout-flow\">\n<figure class=\"wp-block-image size-teaser-cropped text-on-image is-style-rounded\"><img loading=\"lazy\" decoding=\"async\" width=\"540\" height=\"360\" src=\"https:\/\/elbepools.com\/app\/uploads\/2020\/12\/after-09-scaled-540x360.jpg\" alt=\"\" class=\"wp-image-9595\" srcset=\"https:\/\/elbepools.com\/app\/uploads\/2020\/12\/after-09-scaled-540x360.jpg 540w, https:\/\/elbepools.com\/app\/uploads\/2020\/12\/after-09-scaled-569x380.jpg 569w\" sizes=\"auto, (max-width: 540px) 100vw, 540px\" \/><figcaption class=\"wp-element-caption\">DOPO<\/figcaption><\/figure>\n<\/div>\n<\/div>\n\n\n\n<h2 class=\"wp-block-heading\">COME DIVENTARE UN INSTALLATORE PROFESSIONISTA.<\/h2>\n\n\n\n<div class=\"wp-block-columns pt-0 is-layout-flex wp-container-core-columns-is-layout-4 wp-block-columns-is-layout-flex\">\n<div class=\"wp-block-column is-layout-flow wp-block-column-is-layout-flow\" style=\"flex-basis:66.66%\">\n<p>Nel nostro centro di formazione all&#8217;avanguardia a Coswig teniamo corsi professionali per posatori ai quali potete partecipare voi o mandare i vostri clienti. Il corso si suddivide in due sessioni nelle quali trasmettiamo ai partecipanti le conoscenze e le abilit\u00e0 necessarie per installare le nostre membrane rinforzate per piscina. Oltre al corso, offriamo una visita guidata del nostro stabilimento e gradevoli attivit\u00e0 inerenti al corso. Ad ogni sessione del corso sono ammessi massimo 8 partecipanti. Questo perch\u00e9 in un piccolo gruppo si ottiene il massimo in termini di apprendimento e si d\u00e0 il massimo in termini di assistenza individuale.<\/p>\n\n\n\n<p>Al termine del corso ogni partecipante riceve un certificato del produttore che attesta le abilit\u00e0 acquisite.<\/p>\n\n\n\n<div class=\"wp-block-buttons is-content-justification-center is-layout-flex wp-container-core-buttons-is-layout-1 wp-block-buttons-is-layout-flex\">\n<div class=\"wp-block-button is-style-fill\"><a class=\"wp-block-button__link wp-element-button\" href=\"https:\/\/elbepools.com\/it\/centro-di-formazione\/\">Iscriviti adesso<\/a><\/div>\n<\/div>\n<\/div>\n\n\n\n<div class=\"wp-block-column is-layout-flow wp-block-column-is-layout-flow\" style=\"flex-basis:33.33%\"><div class=\"wp-block-image\">\n<figure class=\"aligncenter size-large is-resized\"><img loading=\"lazy\" decoding=\"async\" src=\"https:\/\/elbepools.com\/app\/uploads\/2020\/06\/ELBE-Certified-Installer-Seal-EN.png\" alt=\"\" class=\"wp-image-9583\" width=\"206\" height=\"206\" srcset=\"https:\/\/elbepools.com\/app\/uploads\/2020\/06\/ELBE-Certified-Installer-Seal-EN.png 412w, https:\/\/elbepools.com\/app\/uploads\/2020\/06\/ELBE-Certified-Installer-Seal-EN-150x150.png 150w, https:\/\/elbepools.com\/app\/uploads\/2020\/06\/ELBE-Certified-Installer-Seal-EN-300x300.png 300w, https:\/\/elbepools.com\/app\/uploads\/2020\/06\/ELBE-Certified-Installer-Seal-EN-400x400.png 400w\" sizes=\"auto, (max-width: 206px) 100vw, 206px\" \/><\/figure><\/div><\/div>\n<\/div>\n\n\n\n<div class=\"wp-block-columns is-layout-flex wp-container-core-columns-is-layout-5 wp-block-columns-is-layout-flex\">\n<div class=\"wp-block-column is-layout-flow wp-block-column-is-layout-flow\">\n <div class=\"brlbs-cmpnt-container brlbs-cmpnt-content-blocker brlbs-cmpnt-with-individual-styles\" data-borlabs-cookie-content-blocker-id=\"youtube-content-blocker\" data-borlabs-cookie-content=\"PGlmcmFtZSBzcmM9Imh0dHBzOi8vd3d3LnlvdXR1YmUtbm9jb29raWUuY29tL2VtYmVkL1kyZDJVVWlEc2dJP3N0YXJ0PTExNCIgYWxsb3c9ImFjY2VsZXJvbWV0ZXI7IGF1dG9wbGF5OyBlbmNyeXB0ZWQtbWVkaWE7IGd5cm9zY29wZTsgcGljdHVyZS1pbi1waWN0dXJlIiBhbGxvd2Z1bGxzY3JlZW49IiIgd2lkdGg9IjU2MCIgaGVpZ2h0PSIzMTUiIGZyYW1lYm9yZGVyPSIwIj48L2lmcmFtZT4=\"><div class=\"brlbs-cmpnt-cb-preset-c brlbs-cmpnt-cb-youtube\"> <div class=\"brlbs-cmpnt-cb-thumbnail\" style=\"background-image: url('https:\/\/elbepools.com\/app\/uploads\/borlabs-cookie\/1\/yt_Y2d2UUiDsgI_hqdefault.jpg')\"><\/div> <div class=\"brlbs-cmpnt-cb-main\"> <div class=\"brlbs-cmpnt-cb-play-button\"><\/div> <div class=\"brlbs-cmpnt-cb-content\"> <p class=\"brlbs-cmpnt-cb-description\">Stai visualizzando un contenuto segnaposto da <strong>YouTube<\/strong>. Per accedere al contenuto effettivo, clicca sul pulsante sottostante. Si prega di notare che in questo modo si condividono i dati con provider di terze parti.<\/p> <a class=\"brlbs-cmpnt-cb-provider-toggle\" href=\"#\" data-borlabs-cookie-show-provider-information role=\"button\">Ulteriori informazioni<\/a> <\/div> <div class=\"brlbs-cmpnt-cb-buttons\"> <a class=\"brlbs-cmpnt-cb-btn\" href=\"#\" data-borlabs-cookie-unblock role=\"button\">Sblocca il contenuto<\/a> <a class=\"brlbs-cmpnt-cb-btn\" href=\"#\" data-borlabs-cookie-accept-service role=\"button\" style=\"display: inherit\">Accetta il servizio richiesto e sblocca i contenuti<\/a> <\/div> <\/div> <\/div><\/div>\n\n\n\n<p><mark style=\"background-color:rgba(0, 0, 0, 0)\" class=\"has-inline-color has-black-color\"><a rel=\"noreferrer noopener nofollow\" href=\"https:\/\/www.youtube.com\/watch?v=Y2d2UUiDsgI&amp;t=114s\" data-type=\"URL\" data-id=\"https:\/\/www.youtube.com\/watch?v=Y2d2UUiDsgI&amp;t=114s\" target=\"_blank\">Installazione di una piscina pubblica con membrane rinforzate <strong>ELBE Pool Surface<sup>\u00ae<\/sup><\/strong><\/a><\/mark><\/p>\n<\/div>\n\n\n\n<div class=\"wp-block-column is-layout-flow wp-block-column-is-layout-flow\">\n <div class=\"brlbs-cmpnt-container brlbs-cmpnt-content-blocker brlbs-cmpnt-with-individual-styles\" data-borlabs-cookie-content-blocker-id=\"youtube-content-blocker\" data-borlabs-cookie-content=\"PGlmcmFtZSBzcmM9Imh0dHBzOi8vd3d3LnlvdXR1YmUtbm9jb29raWUuY29tL2VtYmVkL1VKeEYwSWwzT0ZRIiBhbGxvdz0iYWNjZWxlcm9tZXRlcjsgYXV0b3BsYXk7IGVuY3J5cHRlZC1tZWRpYTsgZ3lyb3Njb3BlOyBwaWN0dXJlLWluLXBpY3R1cmUiIGFsbG93ZnVsbHNjcmVlbj0iIiB3aWR0aD0iNTYwIiBoZWlnaHQ9IjMxNSIgZnJhbWVib3JkZXI9IjAiPjwvaWZyYW1lPg==\"><div class=\"brlbs-cmpnt-cb-preset-c brlbs-cmpnt-cb-youtube\"> <div class=\"brlbs-cmpnt-cb-thumbnail\" style=\"background-image: url('https:\/\/elbepools.com\/app\/uploads\/borlabs-cookie\/1\/yt_UJxF0Il3OFQ_hqdefault.jpg')\"><\/div> <div class=\"brlbs-cmpnt-cb-main\"> <div class=\"brlbs-cmpnt-cb-play-button\"><\/div> <div class=\"brlbs-cmpnt-cb-content\"> <p class=\"brlbs-cmpnt-cb-description\">Stai visualizzando un contenuto segnaposto da <strong>YouTube<\/strong>. Per accedere al contenuto effettivo, clicca sul pulsante sottostante. Si prega di notare che in questo modo si condividono i dati con provider di terze parti.<\/p> <a class=\"brlbs-cmpnt-cb-provider-toggle\" href=\"#\" data-borlabs-cookie-show-provider-information role=\"button\">Ulteriori informazioni<\/a> <\/div> <div class=\"brlbs-cmpnt-cb-buttons\"> <a class=\"brlbs-cmpnt-cb-btn\" href=\"#\" data-borlabs-cookie-unblock role=\"button\">Sblocca il contenuto<\/a> <a class=\"brlbs-cmpnt-cb-btn\" href=\"#\" data-borlabs-cookie-accept-service role=\"button\" style=\"display: inherit\">Accetta il servizio richiesto e sblocca i contenuti<\/a> <\/div> <\/div> <\/div><\/div>\n\n\n\n<p><a rel=\"noreferrer noopener nofollow\" href=\"https:\/\/www.youtube.com\/watch?v=UJxF0Il3OFQ\" data-type=\"URL\" data-id=\"https:\/\/www.youtube.com\/watch?v=UJxF0Il3OFQ\" target=\"_blank\">Installazione di un grande parco acquatico a Punta Cana con membrane rinforzate <strong>ELBE Pool Surface<sup>\u00ae<\/sup><\/strong><\/a><\/p>\n\n\n\n<p><\/p>\n<\/div>\n\n\n\n<div class=\"wp-block-column is-layout-flow wp-block-column-is-layout-flow\">\n <div class=\"brlbs-cmpnt-container brlbs-cmpnt-content-blocker brlbs-cmpnt-with-individual-styles\" data-borlabs-cookie-content-blocker-id=\"youtube-content-blocker\" data-borlabs-cookie-content=\"PGlmcmFtZSBzcmM9Imh0dHBzOi8vd3d3LnlvdXR1YmUtbm9jb29raWUuY29tL2VtYmVkL1h2VGFobVd1Q2U4IiBhbGxvdz0iYWNjZWxlcm9tZXRlcjsgYXV0b3BsYXk7IGVuY3J5cHRlZC1tZWRpYTsgZ3lyb3Njb3BlOyBwaWN0dXJlLWluLXBpY3R1cmUiIGFsbG93ZnVsbHNjcmVlbj0iIiB3aWR0aD0iNTYwIiBoZWlnaHQ9IjMxNSIgZnJhbWVib3JkZXI9IjAiPjwvaWZyYW1lPg==\"><div class=\"brlbs-cmpnt-cb-preset-c brlbs-cmpnt-cb-youtube\"> <div class=\"brlbs-cmpnt-cb-thumbnail\" style=\"background-image: url('https:\/\/elbepools.com\/app\/uploads\/borlabs-cookie\/1\/yt_XvTahmWuCe8_hqdefault.jpg')\"><\/div> <div class=\"brlbs-cmpnt-cb-main\"> <div class=\"brlbs-cmpnt-cb-play-button\"><\/div> <div class=\"brlbs-cmpnt-cb-content\"> <p class=\"brlbs-cmpnt-cb-description\">Stai visualizzando un contenuto segnaposto da <strong>YouTube<\/strong>. Per accedere al contenuto effettivo, clicca sul pulsante sottostante. Si prega di notare che in questo modo si condividono i dati con provider di terze parti.<\/p> <a class=\"brlbs-cmpnt-cb-provider-toggle\" href=\"#\" data-borlabs-cookie-show-provider-information role=\"button\">Ulteriori informazioni<\/a> <\/div> <div class=\"brlbs-cmpnt-cb-buttons\"> <a class=\"brlbs-cmpnt-cb-btn\" href=\"#\" data-borlabs-cookie-unblock role=\"button\">Sblocca il contenuto<\/a> <a class=\"brlbs-cmpnt-cb-btn\" href=\"#\" data-borlabs-cookie-accept-service role=\"button\" style=\"display: inherit\">Accetta il servizio richiesto e sblocca i contenuti<\/a> <\/div> <\/div> <\/div><\/div>\n\n\n\n<p><a rel=\"noreferrer noopener nofollow\" href=\"https:\/\/www.youtube.com\/embed\/XvTahmWuCe8\" data-type=\"URL\" data-id=\"https:\/\/www.youtube.com\/embed\/XvTahmWuCe8\" target=\"_blank\"><span class=\"has-inline-color has-black-color\">Ristrutturazione di una piscina con membrane rinforzate <strong>ELBE Pool Surface<sup>\u00ae<\/sup><\/strong><\/span><\/a><\/p>\n<\/div>\n<\/div>\n\n\n\n<figure class=\"wp-block-video aligncenter\"><video controls src=\"https:\/\/elbepools.com\/app\/uploads\/2022\/12\/ELBE-Installation-Animation-EN-small-H.264.mp4\"><\/video><figcaption class=\"wp-element-caption\">Spiegazione e visualizzazione animata dell\u2019installazione di una piscina con membrane rinforzate <strong>ELBE Pool Surface<sup>\u00ae<\/sup><\/strong><\/figcaption><\/figure>\n\n\n\n<div class=\"wp-block-buttons is-content-justification-center is-layout-flex wp-container-core-buttons-is-layout-2 wp-block-buttons-is-layout-flex\">\n<div class=\"wp-block-button\"><a class=\"wp-block-button__link wp-element-button\" href=\"https:\/\/www.youtube.com\/channel\/UCGfzNM3E2zSfos-q9RF0W_g\" target=\"_blank\" rel=\"noreferrer noopener nofollow\">Il nostro canale YouTube<\/a><\/div>\n<\/div>\n","protected":false},"excerpt":{"rendered":"<p>LA MIGLIOR QUALIT\u00c0 RICHIEDE UN\u2019INSTALLAZIONE DI PRIMA CLASSE. I nostri liner per piscina si installano rapidamente e con facilit\u00e0. I lavori si svolgono silenziosamente, quasi senza sporcare e senza l\u2019impiego di macchinari pesanti. Il posatore specializzato in liner taglia e posa il materiale direttamente nella vostra piscina. La saldatura dei liner ELBE Pool Surface\u00ae avviene [&hellip;]<\/p>\n","protected":false},"author":2,"featured_media":0,"parent":9573,"menu_order":0,"comment_status":"closed","ping_status":"closed","template":"","meta":{"_acf_changed":false,"footnotes":""},"class_list":["post-9575","page","type-page","status-publish","hentry"],"acf":[],"_links":{"self":[{"href":"https:\/\/elbepools.com\/it\/wp-json\/wp\/v2\/pages\/9575","targetHints":{"allow":["GET"]}}],"collection":[{"href":"https:\/\/elbepools.com\/it\/wp-json\/wp\/v2\/pages"}],"about":[{"href":"https:\/\/elbepools.com\/it\/wp-json\/wp\/v2\/types\/page"}],"author":[{"embeddable":true,"href":"https:\/\/elbepools.com\/it\/wp-json\/wp\/v2\/users\/2"}],"replies":[{"embeddable":true,"href":"https:\/\/elbepools.com\/it\/wp-json\/wp\/v2\/comments?post=9575"}],"version-history":[{"count":10,"href":"https:\/\/elbepools.com\/it\/wp-json\/wp\/v2\/pages\/9575\/revisions"}],"predecessor-version":[{"id":18401,"href":"https:\/\/elbepools.com\/it\/wp-json\/wp\/v2\/pages\/9575\/revisions\/18401"}],"up":[{"embeddable":true,"href":"https:\/\/elbepools.com\/it\/wp-json\/wp\/v2\/pages\/9573"}],"wp:attachment":[{"href":"https:\/\/elbepools.com\/it\/wp-json\/wp\/v2\/media?parent=9575"}],"curies":[{"name":"wp","href":"https:\/\/api.w.org\/{rel}","templated":true}]}}