{"id":9550,"date":"2021-03-10T11:39:18","date_gmt":"2021-03-10T10:39:18","guid":{"rendered":"https:\/\/elbepools.com\/?page_id=9550"},"modified":"2021-03-29T11:48:19","modified_gmt":"2021-03-29T09:48:19","slug":"esempi-di-applicazione","status":"publish","type":"page","link":"https:\/\/elbepools.com\/it\/applicazioni\/esempi-di-applicazione\/","title":{"rendered":"Esempi di applicazione"},"content":{"rendered":"\n<div id=\"jf-header-block_5ef4528504c66\" class=\"jf-header-block alignfull\">\n\t\t\t\t\t<div class=\"swiper-container\" data-swipe-settings=\"{&quot;slidesPerView&quot;:1,&quot;spaceBetween&quot;:0}\">\n\t\t\t<div class=\"swiper-wrapper\">\n\t\t\t\t\t\t<div class=\"swiper-slide hero-image\">\n\t\t\t\t\t<div class=\"hero-image__image__wrapper\">\n\t\t\t\t\t\t<picture>\n\t\t\t\t\t\t\t<source media=\"(max-width: 767px)\" srcset=\"https:\/\/elbepools.com\/app\/uploads\/2020\/07\/CP-projects-Slider-02-768x384.jpg\">\n\t\t\t\t\t\t\t<img fetchpriority=\"high\" decoding=\"async\" width=\"2048\" height=\"1024\" src=\"https:\/\/elbepools.com\/app\/uploads\/2020\/07\/CP-projects-Slider-02-2048x1024.jpg\" class=\"attachment-hero-full size-hero-full\" alt=\"\" title=\"CP-projects-Slider 02\" loading=\"eager\" srcset=\"https:\/\/elbepools.com\/app\/uploads\/2020\/07\/CP-projects-Slider-02.jpg 2048w, https:\/\/elbepools.com\/app\/uploads\/2020\/07\/CP-projects-Slider-02-300x150.jpg 300w, https:\/\/elbepools.com\/app\/uploads\/2020\/07\/CP-projects-Slider-02-768x384.jpg 768w, https:\/\/elbepools.com\/app\/uploads\/2020\/07\/CP-projects-Slider-02-1024x512.jpg 1024w\" sizes=\"(max-width: 2048px) 100vw, 2048px\" \/>\t\t\t\t\t\t<\/picture>\n\t\t\t\t\t\t<img decoding=\"async\" class=\"wellenstruktur\" src=\"https:\/\/elbepools.com\/app\/themes\/jagdfieber\/img\/welle-ganz.png\">\n\t\t\t\t\t<\/div>\n\t\t\t\t\t<div class=\"caption\">\n\t\t\t\t\t\t<div class=\"caption-outer\">\n\t\t\t\t\t\t\t<div class=\"caption-inner\">\n\t\t\t\t\t\t\t\t\t\t\t\t\t\t\t\t\t<div class=\"caption--headline\">\n\t\t\t\t\t\t\t\t\t\t<h2 class=\"caption--headline__text no-wave\">\n\t\t\t\t\t\t\t\t\t\t\tUna piscina unica \t\t\t\t\t\t\t\t\t\t\t<span>per il massimo<br \/>\r\ndel divertimento<\/span>\n\t\t\t\t\t\t\t\t\t\t<\/h2>\n\t\t\t\t\t\t\t\t\t<\/div>\n\t\t\t\t\t\t\t\t\t\t\t\t\t\t\t\t<\/div>\n\t\t\t\t\t\t<\/div>\n\t\t\t\t\t<\/div>\n\t\t\t\t<\/div>\n\t\t\t\t\t\t\t\t<div class=\"swiper-slide hero-image\">\n\t\t\t\t\t<div class=\"hero-image__image__wrapper\">\n\t\t\t\t\t\t<picture>\n\t\t\t\t\t\t\t<source media=\"(max-width: 767px)\" srcset=\"https:\/\/elbepools.com\/app\/uploads\/2020\/07\/CP-projects-Slider-01-768x384.jpg\">\n\t\t\t\t\t\t\t<img decoding=\"async\" width=\"2048\" height=\"1024\" src=\"https:\/\/elbepools.com\/app\/uploads\/2020\/07\/CP-projects-Slider-01-2048x1024.jpg\" class=\"attachment-hero-full size-hero-full\" alt=\"\" title=\"CP-projects-Slider 01\" loading=\"eager\" srcset=\"https:\/\/elbepools.com\/app\/uploads\/2020\/07\/CP-projects-Slider-01.jpg 2048w, https:\/\/elbepools.com\/app\/uploads\/2020\/07\/CP-projects-Slider-01-300x150.jpg 300w, https:\/\/elbepools.com\/app\/uploads\/2020\/07\/CP-projects-Slider-01-768x384.jpg 768w, https:\/\/elbepools.com\/app\/uploads\/2020\/07\/CP-projects-Slider-01-1024x512.jpg 1024w\" sizes=\"(max-width: 2048px) 100vw, 2048px\" \/>\t\t\t\t\t\t<\/picture>\n\t\t\t\t\t\t<img decoding=\"async\" class=\"wellenstruktur\" src=\"https:\/\/elbepools.com\/app\/themes\/jagdfieber\/img\/welle-ganz.png\">\n\t\t\t\t\t<\/div>\n\t\t\t\t\t<div class=\"caption\">\n\t\t\t\t\t\t<div class=\"caption-outer\">\n\t\t\t\t\t\t\t<div class=\"caption-inner\">\n\t\t\t\t\t\t\t\t\t\t\t\t\t\t\t\t\t<div class=\"caption--headline\">\n\t\t\t\t\t\t\t\t\t\t<h2 class=\"caption--headline__text no-wave\">\n\t\t\t\t\t\t\t\t\t\t\tTuffarsi con il massimo\t\t\t\t\t\t\t\t\t\t\t<span>del comfort<\/span>\n\t\t\t\t\t\t\t\t\t\t<\/h2>\n\t\t\t\t\t\t\t\t\t<\/div>\n\t\t\t\t\t\t\t\t\t\t\t\t\t\t\t\t<\/div>\n\t\t\t\t\t\t<\/div>\n\t\t\t\t\t<\/div>\n\t\t\t\t<\/div>\n\t\t\t\t\t\t\t\t<div class=\"swiper-slide hero-image\">\n\t\t\t\t\t<div class=\"hero-image__image__wrapper\">\n\t\t\t\t\t\t<picture>\n\t\t\t\t\t\t\t<source media=\"(max-width: 767px)\" srcset=\"https:\/\/elbepools.com\/app\/uploads\/2020\/07\/CP-projects-Slider-03-768x384.jpg\">\n\t\t\t\t\t\t\t<img decoding=\"async\" width=\"2048\" height=\"1024\" src=\"https:\/\/elbepools.com\/app\/uploads\/2020\/07\/CP-projects-Slider-03-2048x1024.jpg\" class=\"attachment-hero-full size-hero-full\" alt=\"\" title=\"CP-projects-Slider 03\" loading=\"eager\" srcset=\"https:\/\/elbepools.com\/app\/uploads\/2020\/07\/CP-projects-Slider-03.jpg 2048w, https:\/\/elbepools.com\/app\/uploads\/2020\/07\/CP-projects-Slider-03-300x150.jpg 300w, https:\/\/elbepools.com\/app\/uploads\/2020\/07\/CP-projects-Slider-03-768x384.jpg 768w, https:\/\/elbepools.com\/app\/uploads\/2020\/07\/CP-projects-Slider-03-1024x512.jpg 1024w\" sizes=\"(max-width: 2048px) 100vw, 2048px\" \/>\t\t\t\t\t\t<\/picture>\n\t\t\t\t\t\t<img decoding=\"async\" class=\"wellenstruktur\" src=\"https:\/\/elbepools.com\/app\/themes\/jagdfieber\/img\/welle-ganz.png\">\n\t\t\t\t\t<\/div>\n\t\t\t\t\t<div class=\"caption\">\n\t\t\t\t\t\t<div class=\"caption-outer\">\n\t\t\t\t\t\t\t<div class=\"caption-inner\">\n\t\t\t\t\t\t\t\t\t\t\t\t\t\t\t\t\t<div class=\"caption--headline\">\n\t\t\t\t\t\t\t\t\t\t<h2 class=\"caption--headline__text no-wave\">\n\t\t\t\t\t\t\t\t\t\t\tNon c\u2019\u00e8 limite\t\t\t\t\t\t\t\t\t\t\t<span> alla vostra fantasia<\/span>\n\t\t\t\t\t\t\t\t\t\t<\/h2>\n\t\t\t\t\t\t\t\t\t<\/div>\n\t\t\t\t\t\t\t\t\t\t\t\t\t\t\t\t<\/div>\n\t\t\t\t\t\t<\/div>\n\t\t\t\t\t<\/div>\n\t\t\t\t<\/div>\n\t\t\t\t\t\t\t\t<\/div> <!-- .swiper-wrapper -->\n\t\t\t\t<div class=\"swiper-button-next\"><svg><use xmlns:xlink=\"http:\/\/www.w3.org\/1999\/xlink\" xlink:href=\"#pfeil\"><\/use><\/svg><\/div>\n\t\t\t\t<div class=\"swiper-button-prev\"><svg><use xmlns:xlink=\"http:\/\/www.w3.org\/1999\/xlink\" xlink:href=\"#pfeil\"><\/use><\/svg><\/div>\n\t\t\t<\/div> <!-- .swiper-container -->\n\t\t\t<\/div><!-- .container -->\n\n\n\n<h2 class=\"wp-block-heading\">TANTE SOLUZIONI PER UNA PISCINA PERSONALIZZATA.<\/h2>\n\n\n\n<p>Le membrane per piscina <strong>ELBE Pool Surface<sup>\u00ae<\/sup><\/strong> si possono installare in ogni piscina a prescindere dalla sua forma e dimensione. La membrana rinforzata \u00e8 costituita da due strati flessibili di polivinilcloruro plastificato (PVC-P) tenuti insieme da un&#8217;armatura interna di poliestere antistrappo. L&#8217;armatura conferisce stabilit\u00e0, elasticit\u00e0 e flessibilit\u00e0 alla membrana. Le nostre membrane si possono installare senza problemi anche nelle piscine di grandi dimensioni come quelle dei parchi acquatici o degli hotel di lusso.<\/p>\n\n\n\n<p><\/p>\n\n\n\n<p>Date un\u2019occhiata alla nostra galleria di progetti di piscine di vario tipo e dimensione.<\/p>\n\n\n\n<div class=\"wp-block-columns is-layout-flex wp-container-core-columns-is-layout-1 wp-block-columns-is-layout-flex\">\n<div class=\"wp-block-column is-layout-flow wp-block-column-is-layout-flow\">\n<figure class=\"wp-block-image alignfull size-teaser-cropped is-style-rounded\"><a href=\"https:\/\/elbepools.com\/app\/uploads\/2020\/06\/CP-projects-Slider-03-1.jpg\"><img loading=\"lazy\" decoding=\"async\" width=\"540\" height=\"360\" src=\"https:\/\/elbepools.com\/app\/uploads\/2020\/06\/CP-projects-Slider-03-1-540x360.jpg\" alt=\"\" class=\"wp-image-9555\" srcset=\"https:\/\/elbepools.com\/app\/uploads\/2020\/06\/CP-projects-Slider-03-1-540x360.jpg 540w, https:\/\/elbepools.com\/app\/uploads\/2020\/06\/CP-projects-Slider-03-1-569x380.jpg 569w\" sizes=\"auto, (max-width: 540px) 100vw, 540px\" \/><\/a><figcaption><span class=\"has-inline-color has-blue-color\">Hotel Miramar, Ibiza, Spain<br><\/span><span class=\"has-inline-color has-black-color\">Dimensione: 190 m<sup>2<\/sup><br>Anno di installazione: 2018<\/span><\/figcaption><\/figure>\n\n\n\n<div class=\"wp-block-group\"><div class=\"wp-block-group__inner-container is-layout-flow wp-block-group-is-layout-flow\">\n<figure class=\"wp-block-image alignfull size-teaser-cropped is-style-rounded\"><a href=\"https:\/\/elbepools.com\/app\/uploads\/2020\/07\/commercial-pool-03-scaled.jpg\"><img loading=\"lazy\" decoding=\"async\" width=\"540\" height=\"360\" src=\"https:\/\/elbepools.com\/app\/uploads\/2020\/07\/commercial-pool-03-scaled-540x360.jpg\" alt=\"\" class=\"wp-image-9556\" srcset=\"https:\/\/elbepools.com\/app\/uploads\/2020\/07\/commercial-pool-03-scaled-540x360.jpg 540w, https:\/\/elbepools.com\/app\/uploads\/2020\/07\/commercial-pool-03-scaled-569x380.jpg 569w\" sizes=\"auto, (max-width: 540px) 100vw, 540px\" \/><\/a><figcaption><span class=\"has-inline-color has-blue-color\">Perth, Australia<br><\/span>Dimensione: 2.500 m<sup>2<\/sup><br>Anno di installazione: 2017<\/figcaption><\/figure>\n<\/div><\/div>\n\n\n\n<figure class=\"wp-block-image alignfull size-teaser-cropped is-style-rounded\"><a href=\"https:\/\/elbepools.com\/app\/uploads\/2020\/07\/commercial-pool-05-scaled.jpg\"><img loading=\"lazy\" decoding=\"async\" width=\"540\" height=\"360\" src=\"https:\/\/elbepools.com\/app\/uploads\/2020\/07\/commercial-pool-05-scaled-540x360.jpg\" alt=\"\" class=\"wp-image-9558\" srcset=\"https:\/\/elbepools.com\/app\/uploads\/2020\/07\/commercial-pool-05-scaled-540x360.jpg 540w, https:\/\/elbepools.com\/app\/uploads\/2020\/07\/commercial-pool-05-scaled-569x380.jpg 569w\" sizes=\"auto, (max-width: 540px) 100vw, 540px\" \/><\/a><figcaption><span class=\"has-inline-color has-blue-color\">Martinsburg, West Virginia, USA<br><\/span>Dimensione: 366 m<sup>2<\/sup><br>Anno di installazione: 2017<\/figcaption><\/figure>\n\n\n\n<figure class=\"wp-block-image alignfull size-teaser-cropped is-style-rounded\"><a href=\"https:\/\/elbepools.com\/app\/uploads\/2020\/07\/commercial-pool-07-scaled.jpg\"><img loading=\"lazy\" decoding=\"async\" width=\"540\" height=\"360\" src=\"https:\/\/elbepools.com\/app\/uploads\/2020\/07\/commercial-pool-07-scaled-540x360.jpg\" alt=\"\" class=\"wp-image-9560\" title=\"\" srcset=\"https:\/\/elbepools.com\/app\/uploads\/2020\/07\/commercial-pool-07-scaled-540x360.jpg 540w, https:\/\/elbepools.com\/app\/uploads\/2020\/07\/commercial-pool-07-scaled-569x380.jpg 569w\" sizes=\"auto, (max-width: 540px) 100vw, 540px\" \/><\/a><figcaption><span class=\"has-inline-color has-blue-color\">Livonia, Michigan, USA<br><\/span>Dimensione: 300 m<sup>2<\/sup><br>Anno di installazione: 2016<\/figcaption><\/figure>\n\n\n\n<div class=\"wp-block-group\"><div class=\"wp-block-group__inner-container is-layout-flow wp-block-group-is-layout-flow\">\n<figure class=\"wp-block-image alignfull size-teaser-cropped is-style-rounded\"><a href=\"https:\/\/elbepools.com\/app\/uploads\/2020\/07\/commercial-pool-09-scaled.jpg\"><img loading=\"lazy\" decoding=\"async\" width=\"540\" height=\"360\" src=\"https:\/\/elbepools.com\/app\/uploads\/2020\/07\/commercial-pool-09-scaled-540x360.jpg\" alt=\"\" class=\"wp-image-9562\" srcset=\"https:\/\/elbepools.com\/app\/uploads\/2020\/07\/commercial-pool-09-scaled-540x360.jpg 540w, https:\/\/elbepools.com\/app\/uploads\/2020\/07\/commercial-pool-09-scaled-569x380.jpg 569w\" sizes=\"auto, (max-width: 540px) 100vw, 540px\" \/><\/a><figcaption><span class=\"has-inline-color has-blue-color\">Alcasser, Spain<br><\/span>Dimensione:1.250 m<sup>2<\/sup><br>Anno di installazione: 2016<\/figcaption><\/figure>\n<\/div><\/div>\n\n\n\n<figure class=\"wp-block-image alignfull size-teaser-cropped is-style-rounded\"><a href=\"https:\/\/elbepools.com\/app\/uploads\/2020\/07\/commercial-pool-11-scaled.jpg\"><img loading=\"lazy\" decoding=\"async\" width=\"540\" height=\"360\" src=\"https:\/\/elbepools.com\/app\/uploads\/2020\/07\/commercial-pool-11-scaled-540x360.jpg\" alt=\"\" class=\"wp-image-9564\" srcset=\"https:\/\/elbepools.com\/app\/uploads\/2020\/07\/commercial-pool-11-scaled-540x360.jpg 540w, https:\/\/elbepools.com\/app\/uploads\/2020\/07\/commercial-pool-11-scaled-300x200.jpg 300w, https:\/\/elbepools.com\/app\/uploads\/2020\/07\/commercial-pool-11-scaled-768x512.jpg 768w, https:\/\/elbepools.com\/app\/uploads\/2020\/07\/commercial-pool-11-scaled-1024x683.jpg 1024w, https:\/\/elbepools.com\/app\/uploads\/2020\/07\/commercial-pool-11-scaled-569x380.jpg 569w\" sizes=\"auto, (max-width: 540px) 100vw, 540px\" \/><\/a><figcaption><span class=\"has-inline-color has-blue-color\">Prague, Czech Republic<br><\/span>Dimensione:1.500 m<sup>2<\/sup><br>Anno di installazione: 2016<\/figcaption><\/figure>\n\n\n\n<figure class=\"wp-block-image alignfull size-teaser-cropped is-style-rounded\"><a href=\"https:\/\/elbepools.com\/app\/uploads\/2020\/07\/commercial-pool-13-scaled.jpg\"><img loading=\"lazy\" decoding=\"async\" width=\"540\" height=\"360\" src=\"https:\/\/elbepools.com\/app\/uploads\/2020\/07\/commercial-pool-13-scaled-540x360.jpg\" alt=\"\" class=\"wp-image-9567\" srcset=\"https:\/\/elbepools.com\/app\/uploads\/2020\/07\/commercial-pool-13-scaled-540x360.jpg 540w, https:\/\/elbepools.com\/app\/uploads\/2020\/07\/commercial-pool-13-scaled-569x380.jpg 569w\" sizes=\"auto, (max-width: 540px) 100vw, 540px\" \/><\/a><figcaption><span class=\"has-inline-color has-blue-color\">Jaz Aquaviva, Hurghada, Egypt<br><\/span>Dimensione: 5.000 m<sup>2<\/sup><br>Anno di installazione: 2015<\/figcaption><\/figure>\n\n\n\n<figure class=\"wp-block-image alignfull size-teaser-cropped is-style-rounded\"><a href=\"https:\/\/elbepools.com\/app\/uploads\/2020\/07\/commercial-pool-15-scaled.jpg\"><img loading=\"lazy\" decoding=\"async\" width=\"540\" height=\"360\" src=\"https:\/\/elbepools.com\/app\/uploads\/2020\/07\/commercial-pool-15-scaled-540x360.jpg\" alt=\"\" class=\"wp-image-9569\" srcset=\"https:\/\/elbepools.com\/app\/uploads\/2020\/07\/commercial-pool-15-scaled-540x360.jpg 540w, https:\/\/elbepools.com\/app\/uploads\/2020\/07\/commercial-pool-15-scaled-569x380.jpg 569w\" sizes=\"auto, (max-width: 540px) 100vw, 540px\" \/><\/a><figcaption><span class=\"has-inline-color has-blue-color\">Island of Cozumel, Mexico<br><\/span>Dimensione: 3.251 m<sup>2<\/sup><br>Anno di installazione: 2003<\/figcaption><\/figure>\n<\/div>\n\n\n\n<div class=\"wp-block-column is-layout-flow wp-block-column-is-layout-flow\">\n<figure class=\"wp-block-image alignfull size-teaser-cropped is-style-rounded\"><a href=\"https:\/\/elbepools.com\/app\/uploads\/2020\/06\/elite-Slider-01.jpg\"><img loading=\"lazy\" decoding=\"async\" width=\"540\" height=\"360\" src=\"https:\/\/elbepools.com\/app\/uploads\/2020\/06\/elite-Slider-01-540x360.jpg\" alt=\"\" class=\"wp-image-9145\" srcset=\"https:\/\/elbepools.com\/app\/uploads\/2020\/06\/elite-Slider-01-540x360.jpg 540w, https:\/\/elbepools.com\/app\/uploads\/2020\/06\/elite-Slider-01-569x380.jpg 569w\" sizes=\"auto, (max-width: 540px) 100vw, 540px\" \/><\/a><figcaption><span class=\"has-inline-color has-blue-color\">Punta Cana, Dominican Republic<br><\/span><span class=\"has-inline-color has-black-color\">Dimensione: 3.500 m<sup>2<\/sup><br>Anno di installazione: 2017<\/span><\/figcaption><\/figure>\n\n\n\n<div class=\"wp-block-group\"><div class=\"wp-block-group__inner-container is-layout-flow wp-block-group-is-layout-flow\">\n<figure class=\"wp-block-image alignfull size-teaser-cropped is-style-rounded\"><a href=\"https:\/\/elbepools.com\/app\/uploads\/2020\/07\/commercial-pool-04-scaled.jpg\"><img loading=\"lazy\" decoding=\"async\" width=\"540\" height=\"360\" src=\"https:\/\/elbepools.com\/app\/uploads\/2020\/07\/commercial-pool-04-scaled-540x360.jpg\" alt=\"\" class=\"wp-image-9557\" srcset=\"https:\/\/elbepools.com\/app\/uploads\/2020\/07\/commercial-pool-04-scaled-540x360.jpg 540w, https:\/\/elbepools.com\/app\/uploads\/2020\/07\/commercial-pool-04-scaled-569x380.jpg 569w\" sizes=\"auto, (max-width: 540px) 100vw, 540px\" \/><\/a><figcaption><span class=\"has-inline-color has-blue-color\">Piscina di competizione, Keystone, USA<br><\/span>Dimensione: 1.142 m<sup>2<\/sup><br>Anno di installazione: 2017<\/figcaption><\/figure>\n<\/div><\/div>\n\n\n\n<figure class=\"wp-block-image alignfull size-teaser-cropped is-style-rounded\"><a href=\"https:\/\/elbepools.com\/app\/uploads\/2020\/07\/commercial-pool-06-scaled.jpg\"><img loading=\"lazy\" decoding=\"async\" width=\"540\" height=\"360\" src=\"https:\/\/elbepools.com\/app\/uploads\/2020\/07\/commercial-pool-06-scaled-540x360.jpg\" alt=\"\" class=\"wp-image-9559\" srcset=\"https:\/\/elbepools.com\/app\/uploads\/2020\/07\/commercial-pool-06-scaled-540x360.jpg 540w, https:\/\/elbepools.com\/app\/uploads\/2020\/07\/commercial-pool-06-scaled-569x380.jpg 569w\" sizes=\"auto, (max-width: 540px) 100vw, 540px\" \/><\/a><figcaption><span class=\"has-inline-color has-blue-color\">Christian School, Charlotte, North Carolina, USA<br><\/span>Dimensione: 465 m<sup>2<\/sup><br>Anno di installazione: 2016<\/figcaption><\/figure>\n\n\n\n<figure class=\"wp-block-image alignfull size-teaser-cropped is-style-rounded\"><a href=\"https:\/\/elbepools.com\/app\/uploads\/2020\/07\/commercial-pool-08-scaled.jpg\"><img loading=\"lazy\" decoding=\"async\" width=\"540\" height=\"360\" src=\"https:\/\/elbepools.com\/app\/uploads\/2020\/07\/commercial-pool-08-scaled-540x360.jpg\" alt=\"\" class=\"wp-image-9561\" srcset=\"https:\/\/elbepools.com\/app\/uploads\/2020\/07\/commercial-pool-08-scaled-540x360.jpg 540w, https:\/\/elbepools.com\/app\/uploads\/2020\/07\/commercial-pool-08-scaled-569x380.jpg 569w\" sizes=\"auto, (max-width: 540px) 100vw, 540px\" \/><\/a><figcaption><span class=\"has-inline-color has-blue-color\">5* Hotel, Cyprus<br><\/span>Dimensione: 4.000 m<sup>2<\/sup><br>Anno di installazione: 2016<\/figcaption><\/figure>\n\n\n\n<div class=\"wp-block-group\"><div class=\"wp-block-group__inner-container is-layout-flow wp-block-group-is-layout-flow\">\n<figure class=\"wp-block-image alignfull size-teaser-cropped is-style-rounded\"><a href=\"https:\/\/elbepools.com\/app\/uploads\/2020\/07\/commercial-pool-10-scaled.jpg\"><img loading=\"lazy\" decoding=\"async\" width=\"540\" height=\"360\" src=\"https:\/\/elbepools.com\/app\/uploads\/2020\/07\/commercial-pool-10-scaled-540x360.jpg\" alt=\"\" class=\"wp-image-9563\" srcset=\"https:\/\/elbepools.com\/app\/uploads\/2020\/07\/commercial-pool-10-scaled-540x360.jpg 540w, https:\/\/elbepools.com\/app\/uploads\/2020\/07\/commercial-pool-10-scaled-569x380.jpg 569w\" sizes=\"auto, (max-width: 540px) 100vw, 540px\" \/><\/a><figcaption><span class=\"has-inline-color has-blue-color\">Ali Baba Aqua Park, Hurghada, Egypt<br><\/span>Dimensione: 3.500 m<sup>2<\/sup><br>Anno di installazione: 2016<\/figcaption><\/figure>\n<\/div><\/div>\n\n\n\n<figure class=\"wp-block-image alignfull size-teaser-cropped is-style-rounded\"><a href=\"https:\/\/elbepools.com\/app\/uploads\/2020\/07\/commercial-pool-12-scaled.jpg\"><img loading=\"lazy\" decoding=\"async\" width=\"540\" height=\"360\" src=\"https:\/\/elbepools.com\/app\/uploads\/2020\/07\/commercial-pool-12-scaled-540x360.jpg\" alt=\"\" class=\"wp-image-9566\" srcset=\"https:\/\/elbepools.com\/app\/uploads\/2020\/07\/commercial-pool-12-scaled-540x360.jpg 540w, https:\/\/elbepools.com\/app\/uploads\/2020\/07\/commercial-pool-12-scaled-569x380.jpg 569w\" sizes=\"auto, (max-width: 540px) 100vw, 540px\" \/><\/a><figcaption><span class=\"has-inline-color has-blue-color\">North Coast Haisenda, Egypt<br><\/span>Dimensione: 40.000 m<sup>2<\/sup><br>Anno di installazione: 2015<\/figcaption><\/figure>\n\n\n\n<figure class=\"wp-block-image alignfull size-teaser-cropped is-style-rounded\"><a href=\"https:\/\/elbepools.com\/app\/uploads\/2020\/07\/commercial-pool-14-scaled.jpg\"><img loading=\"lazy\" decoding=\"async\" width=\"540\" height=\"360\" src=\"https:\/\/elbepools.com\/app\/uploads\/2020\/07\/commercial-pool-14-scaled-540x360.jpg\" alt=\"\" class=\"wp-image-9568\" srcset=\"https:\/\/elbepools.com\/app\/uploads\/2020\/07\/commercial-pool-14-scaled-540x360.jpg 540w, https:\/\/elbepools.com\/app\/uploads\/2020\/07\/commercial-pool-14-scaled-569x380.jpg 569w\" sizes=\"auto, (max-width: 540px) 100vw, 540px\" \/><\/a><figcaption><span class=\"has-inline-color has-blue-color\">Mirage Aqua Park, Hurghada, Egypt<br><\/span>Dimensione: 5.000 m<sup>2<\/sup><br>Anno di installazione: 2014<\/figcaption><\/figure>\n<\/div>\n<\/div>\n\n\n\n<p><\/p>\n","protected":false},"excerpt":{"rendered":"<p>TANTE SOLUZIONI PER UNA PISCINA PERSONALIZZATA. Le membrane per piscina ELBE Pool Surface\u00ae si possono installare in ogni piscina a prescindere dalla sua forma e dimensione. La membrana rinforzata \u00e8 costituita da due strati flessibili di polivinilcloruro plastificato (PVC-P) tenuti insieme da un&#8217;armatura interna di poliestere antistrappo. L&#8217;armatura conferisce stabilit\u00e0, elasticit\u00e0 e flessibilit\u00e0 alla membrana. [&hellip;]<\/p>\n","protected":false},"author":2,"featured_media":0,"parent":9462,"menu_order":3,"comment_status":"closed","ping_status":"closed","template":"","meta":{"_acf_changed":false,"footnotes":""},"class_list":["post-9550","page","type-page","status-publish","hentry"],"acf":[],"_links":{"self":[{"href":"https:\/\/elbepools.com\/it\/wp-json\/wp\/v2\/pages\/9550","targetHints":{"allow":["GET"]}}],"collection":[{"href":"https:\/\/elbepools.com\/it\/wp-json\/wp\/v2\/pages"}],"about":[{"href":"https:\/\/elbepools.com\/it\/wp-json\/wp\/v2\/types\/page"}],"author":[{"embeddable":true,"href":"https:\/\/elbepools.com\/it\/wp-json\/wp\/v2\/users\/2"}],"replies":[{"embeddable":true,"href":"https:\/\/elbepools.com\/it\/wp-json\/wp\/v2\/comments?post=9550"}],"version-history":[{"count":9,"href":"https:\/\/elbepools.com\/it\/wp-json\/wp\/v2\/pages\/9550\/revisions"}],"predecessor-version":[{"id":12592,"href":"https:\/\/elbepools.com\/it\/wp-json\/wp\/v2\/pages\/9550\/revisions\/12592"}],"up":[{"embeddable":true,"href":"https:\/\/elbepools.com\/it\/wp-json\/wp\/v2\/pages\/9462"}],"wp:attachment":[{"href":"https:\/\/elbepools.com\/it\/wp-json\/wp\/v2\/media?parent=9550"}],"curies":[{"name":"wp","href":"https:\/\/api.w.org\/{rel}","templated":true}]}}