{"id":9527,"date":"2021-03-10T11:29:14","date_gmt":"2021-03-10T10:29:14","guid":{"rendered":"https:\/\/elbepools.com\/?page_id=9527"},"modified":"2025-04-08T15:37:02","modified_gmt":"2025-04-08T13:37:02","slug":"piscine-pubbliche","status":"publish","type":"page","link":"https:\/\/elbepools.com\/it\/applicazioni\/piscine-pubbliche\/","title":{"rendered":"Piscine pubbliche"},"content":{"rendered":"\n<div id=\"jf-header-block_c96fd82e9dfca4f01bb5e5676eaf2ebb\" class=\"jf-header-block alignfull\">\n\t\t\t\t\t<div class=\"swiper-container\" data-swipe-settings=\"{&quot;slidesPerView&quot;:1,&quot;spaceBetween&quot;:0}\">\n\t\t\t<div class=\"swiper-wrapper\">\n\t\t\t\t\t\t<div class=\"swiper-slide hero-image\">\n\t\t\t\t\t<div class=\"hero-image__image__wrapper\">\n\t\t\t\t\t\t<picture>\n\t\t\t\t\t\t\t<source media=\"(max-width: 767px)\" srcset=\"https:\/\/elbepools.com\/app\/uploads\/2020\/06\/CP-Slider-01-768x384.jpg\">\n\t\t\t\t\t\t\t<img fetchpriority=\"high\" decoding=\"async\" width=\"2048\" height=\"1024\" src=\"https:\/\/elbepools.com\/app\/uploads\/2020\/06\/CP-Slider-01-2048x1024.jpg\" class=\"attachment-hero-full size-hero-full\" alt=\"\" title=\"CP &#8211; Slider 01\" loading=\"eager\" srcset=\"https:\/\/elbepools.com\/app\/uploads\/2020\/06\/CP-Slider-01.jpg 2048w, https:\/\/elbepools.com\/app\/uploads\/2020\/06\/CP-Slider-01-300x150.jpg 300w, https:\/\/elbepools.com\/app\/uploads\/2020\/06\/CP-Slider-01-768x384.jpg 768w, https:\/\/elbepools.com\/app\/uploads\/2020\/06\/CP-Slider-01-1024x512.jpg 1024w\" sizes=\"(max-width: 2048px) 100vw, 2048px\" \/>\t\t\t\t\t\t<\/picture>\n\t\t\t\t\t\t<img decoding=\"async\" class=\"wellenstruktur\" src=\"https:\/\/elbepools.com\/app\/themes\/jagdfieber\/img\/welle-ganz.png\">\n\t\t\t\t\t<\/div>\n\t\t\t\t\t<div class=\"caption\">\n\t\t\t\t\t\t<div class=\"caption-outer\">\n\t\t\t\t\t\t\t<div class=\"caption-inner\">\n\t\t\t\t\t\t\t\t\t\t\t\t\t\t\t\t\t<div class=\"caption--headline\">\n\t\t\t\t\t\t\t\t\t\t<h2 class=\"caption--headline__text no-wave\">\n\t\t\t\t\t\t\t\t\t\t\tPer tritoni.<br \/>\r\nPer sirene.\t\t\t\t\t\t\t\t\t\t\t<span>Per tutti.<\/span>\n\t\t\t\t\t\t\t\t\t\t<\/h2>\n\t\t\t\t\t\t\t\t\t<\/div>\n\t\t\t\t\t\t\t\t\t\t\t\t\t\t\t\t<\/div>\n\t\t\t\t\t\t<\/div>\n\t\t\t\t\t<\/div>\n\t\t\t\t<\/div>\n\t\t\t\t\t\t\t\t<div class=\"swiper-slide hero-image\">\n\t\t\t\t\t<div class=\"hero-image__image__wrapper\">\n\t\t\t\t\t\t<picture>\n\t\t\t\t\t\t\t<source media=\"(max-width: 767px)\" srcset=\"https:\/\/elbepools.com\/app\/uploads\/2020\/06\/CP-Slider-02-768x384.jpg\">\n\t\t\t\t\t\t\t<img decoding=\"async\" width=\"2048\" height=\"1024\" src=\"https:\/\/elbepools.com\/app\/uploads\/2020\/06\/CP-Slider-02-2048x1024.jpg\" class=\"attachment-hero-full size-hero-full\" alt=\"\" title=\"CP &#8211; Slider 02\" loading=\"eager\" srcset=\"https:\/\/elbepools.com\/app\/uploads\/2020\/06\/CP-Slider-02.jpg 2048w, https:\/\/elbepools.com\/app\/uploads\/2020\/06\/CP-Slider-02-300x150.jpg 300w, https:\/\/elbepools.com\/app\/uploads\/2020\/06\/CP-Slider-02-768x384.jpg 768w, https:\/\/elbepools.com\/app\/uploads\/2020\/06\/CP-Slider-02-1024x512.jpg 1024w\" sizes=\"(max-width: 2048px) 100vw, 2048px\" \/>\t\t\t\t\t\t<\/picture>\n\t\t\t\t\t\t<img decoding=\"async\" class=\"wellenstruktur\" src=\"https:\/\/elbepools.com\/app\/themes\/jagdfieber\/img\/welle-ganz.png\">\n\t\t\t\t\t<\/div>\n\t\t\t\t\t<div class=\"caption\">\n\t\t\t\t\t\t<div class=\"caption-outer\">\n\t\t\t\t\t\t\t<div class=\"caption-inner\">\n\t\t\t\t\t\t\t\t\t\t\t\t\t\t\t\t\t<div class=\"caption--headline\">\n\t\t\t\t\t\t\t\t\t\t<h2 class=\"caption--headline__text no-wave\">\n\t\t\t\t\t\t\t\t\t\t\tEleganti. Uniche.\t\t\t\t\t\t\t\t\t\t\t<span>Di lunga durata.<\/span>\n\t\t\t\t\t\t\t\t\t\t<\/h2>\n\t\t\t\t\t\t\t\t\t<\/div>\n\t\t\t\t\t\t\t\t\t\t\t\t\t\t\t\t<\/div>\n\t\t\t\t\t\t<\/div>\n\t\t\t\t\t<\/div>\n\t\t\t\t<\/div>\n\t\t\t\t\t\t\t\t<div class=\"swiper-slide hero-image\">\n\t\t\t\t\t<div class=\"hero-image__image__wrapper\">\n\t\t\t\t\t\t<picture>\n\t\t\t\t\t\t\t<source media=\"(max-width: 767px)\" srcset=\"https:\/\/elbepools.com\/app\/uploads\/2020\/06\/CP-Slider-03-768x384.jpg\">\n\t\t\t\t\t\t\t<img decoding=\"async\" width=\"2048\" height=\"1024\" src=\"https:\/\/elbepools.com\/app\/uploads\/2020\/06\/CP-Slider-03-2048x1024.jpg\" class=\"attachment-hero-full size-hero-full\" alt=\"\" title=\"CP &#8211; Slider 03\" loading=\"eager\" srcset=\"https:\/\/elbepools.com\/app\/uploads\/2020\/06\/CP-Slider-03.jpg 2048w, https:\/\/elbepools.com\/app\/uploads\/2020\/06\/CP-Slider-03-300x150.jpg 300w, https:\/\/elbepools.com\/app\/uploads\/2020\/06\/CP-Slider-03-768x384.jpg 768w, https:\/\/elbepools.com\/app\/uploads\/2020\/06\/CP-Slider-03-1024x512.jpg 1024w\" sizes=\"(max-width: 2048px) 100vw, 2048px\" \/>\t\t\t\t\t\t<\/picture>\n\t\t\t\t\t\t<img decoding=\"async\" class=\"wellenstruktur\" src=\"https:\/\/elbepools.com\/app\/themes\/jagdfieber\/img\/welle-ganz.png\">\n\t\t\t\t\t<\/div>\n\t\t\t\t\t<div class=\"caption\">\n\t\t\t\t\t\t<div class=\"caption-outer\">\n\t\t\t\t\t\t\t<div class=\"caption-inner\">\n\t\t\t\t\t\t\t\t\t\t\t\t\t\t\t\t\t<div class=\"caption--headline\">\n\t\t\t\t\t\t\t\t\t\t<h2 class=\"caption--headline__text no-wave\">\n\t\t\t\t\t\t\t\t\t\t\tDi ogni dimensione. \t\t\t\t\t\t\t\t\t\t\t<span>Di ogni forma.<\/span>\n\t\t\t\t\t\t\t\t\t\t<\/h2>\n\t\t\t\t\t\t\t\t\t<\/div>\n\t\t\t\t\t\t\t\t\t\t\t\t\t\t\t\t<\/div>\n\t\t\t\t\t\t<\/div>\n\t\t\t\t\t<\/div>\n\t\t\t\t<\/div>\n\t\t\t\t\t\t\t\t<\/div> <!-- .swiper-wrapper -->\n\t\t\t\t<div class=\"swiper-button-next\"><svg><use xmlns:xlink=\"http:\/\/www.w3.org\/1999\/xlink\" xlink:href=\"#pfeil\"><\/use><\/svg><\/div>\n\t\t\t\t<div class=\"swiper-button-prev\"><svg><use xmlns:xlink=\"http:\/\/www.w3.org\/1999\/xlink\" xlink:href=\"#pfeil\"><\/use><\/svg><\/div>\n\t\t\t<\/div> <!-- .swiper-container -->\n\t\t\t<\/div><!-- .container -->\n\n\n\n<div class=\"wp-block-group\"><div class=\"wp-block-group__inner-container is-layout-flow wp-block-group-is-layout-flow\">\n<h2 class=\"wp-block-heading\">LA SCELTA IDEALE.<\/h2>\n\n\n\n<div class=\"wp-block-columns is-layout-flex wp-container-core-columns-is-layout-1 wp-block-columns-is-layout-flex\">\n<div class=\"wp-block-column is-layout-flow wp-block-column-is-layout-flow\">\n<ul class=\"wp-block-list\">\n<li>15 anni di garanzia sull\u2019impermeabilit\u00e0<\/li>\n\n\n\n<li>Tempo di inattivit\u00e0 ridotto<\/li>\n\n\n\n<li>Installazione rapida, silenziosa e a bassa emissione<\/li>\n<\/ul>\n<\/div>\n\n\n\n<div class=\"wp-block-column is-layout-flow wp-block-column-is-layout-flow\">\n<ul class=\"wp-block-list\">\n<li>Superficie omogenea<\/li>\n\n\n\n<li>Realizzate con materie prime scelte<\/li>\n\n\n\n<li>Risorse per pulizia e manutenzione ridotte al minimo<\/li>\n<\/ul>\n\n\n\n<p><\/p>\n<\/div>\n<\/div>\n\n\n\n<h2 class=\"wp-block-heading\">LE PISCINE SONO LA NOSTRA PASSIONE.<\/h2>\n\n\n\n<p>Le membrane <strong>ELBE Pool Surface<sup>\u00ae<\/sup><\/strong> sono adatte alle forme e alle dimensioni di ogni piscina. I nostri prodotti sono la soluzione perfetta, sia che si tratti di una nuova piscina in costruzione, sia per la ristrutturazione di piscine gi\u00e0 esistenti. Piastrelle di ceramica, cemento, intonaco, metallo, rivestimenti in fibra di vetro o legno fa lo stesso: le membrane <strong>ELBE Pool Surface<sup>\u00ae<\/sup><\/strong> sono perfette per impermeabilizzare ogni tipo di piscina.<\/p>\n\n\n\n<p>Senza metalli pesanti e prodotte solo con materie prime di alta qualit\u00e0, le membrane per piscina <strong>ELBE Pool Surface<sup>\u00ae<\/sup><\/strong> soddisfano tutti i requisiti di un prodotto ecosostenibile. Data la vasta scelta di colori, design e motivi ornamentali, con <strong>ELBE Pool Surface<sup>\u00ae<\/sup><\/strong> non c\u2019\u00e8 limite alla fantasia.<\/p>\n\n\n\n<div style=\"height:55px\" aria-hidden=\"true\" class=\"wp-block-spacer\"><\/div>\n\n\n\n<div id=\"jf-advantages-block_f29c36426964061dc7fdea2ec1d5a700\" class=\"jf-advantages-block\">\n\t\t\t<div class=\"row\">\n\t\t\t<div class=\"col-sm-12\">\n\t\t\t\t<div class=\"advantages-wrapper\">\n\t\t\t\t\t<div class=\"headline\">\n\t\t\t\t\t\t<h2 class=\"headline__text no-wave\">Vantaggi<\/h2>\n\t\t\t\t\t\t<img decoding=\"async\" class=\"wave\" src=\"https:\/\/elbepools.com\/app\/themes\/jagdfieber\/img\/welle-weiss.png\">\n\t\t\t\t\t<\/div>\n\t\t\t\t<div class=\"row advantages \">\n\t\t\t\t\t\t\t\t\t\t\t<div class=\"col-sm-6 col-md-4 single-advantages\">\n\t\t\t\t\t\t\t<div class=\"advantage\">\n\t\t\t\t\t\t\t\t<span class=\"icon\"><img loading=\"lazy\" decoding=\"async\" width=\"91\" height=\"91\" src=\"https:\/\/elbepools.com\/app\/uploads\/2020\/12\/icon_uv-resistance-1.png\" class=\"attachment-thumbnail size-thumbnail\" alt=\"\" \/><\/span>\n\t\t\t\t\t\t\t\t<span class=\"text\">Resistente ai raggi UV<\/span>\n\t\t\t\t\t\t\t<\/div>\n\t\t\t\t\t\t<\/div>\n\t\t\t\t\t\t\t\t\t\t\t<div class=\"col-sm-6 col-md-4 single-advantages\">\n\t\t\t\t\t\t\t<div class=\"advantage\">\n\t\t\t\t\t\t\t\t<span class=\"icon\"><img loading=\"lazy\" decoding=\"async\" width=\"91\" height=\"91\" src=\"https:\/\/elbepools.com\/app\/uploads\/2020\/12\/icon_chlorine-resistance.png\" class=\"attachment-thumbnail size-thumbnail\" alt=\"\" \/><\/span>\n\t\t\t\t\t\t\t\t<span class=\"text\">Resistente al cloro<\/span>\n\t\t\t\t\t\t\t<\/div>\n\t\t\t\t\t\t<\/div>\n\t\t\t\t\t\t\t\t\t\t\t<div class=\"col-sm-6 col-md-4 single-advantages\">\n\t\t\t\t\t\t\t<div class=\"advantage\">\n\t\t\t\t\t\t\t\t<span class=\"icon\"><img loading=\"lazy\" decoding=\"async\" width=\"91\" height=\"91\" src=\"https:\/\/elbepools.com\/app\/uploads\/2020\/12\/icon_bacteria-resistance-1.png\" class=\"attachment-thumbnail size-thumbnail\" alt=\"\" \/><\/span>\n\t\t\t\t\t\t\t\t<span class=\"text\">Protezione da muffe e batteri<\/span>\n\t\t\t\t\t\t\t<\/div>\n\t\t\t\t\t\t<\/div>\n\t\t\t\t\t\t\t\t\t\t\t<div class=\"col-sm-6 col-md-4 single-advantages\">\n\t\t\t\t\t\t\t<div class=\"advantage\">\n\t\t\t\t\t\t\t\t<span class=\"icon\"><img loading=\"lazy\" decoding=\"async\" width=\"91\" height=\"91\" src=\"https:\/\/elbepools.com\/app\/uploads\/2020\/12\/icon_anti-stain-effect-1-1.png\" class=\"attachment-thumbnail size-thumbnail\" alt=\"\" \/><\/span>\n\t\t\t\t\t\t\t\t<span class=\"text\">Resistente alle macchie<\/span>\n\t\t\t\t\t\t\t<\/div>\n\t\t\t\t\t\t<\/div>\n\t\t\t\t\t\t\t\t\t\t\t<div class=\"col-sm-6 col-md-4 single-advantages\">\n\t\t\t\t\t\t\t<div class=\"advantage\">\n\t\t\t\t\t\t\t\t<span class=\"icon\"><img loading=\"lazy\" decoding=\"async\" width=\"91\" height=\"91\" src=\"https:\/\/elbepools.com\/app\/uploads\/2020\/12\/icon_scratch-resistance-1.png\" class=\"attachment-thumbnail size-thumbnail\" alt=\"\" \/><\/span>\n\t\t\t\t\t\t\t\t<span class=\"text\">Superficie resistente ai graffi<\/span>\n\t\t\t\t\t\t\t<\/div>\n\t\t\t\t\t\t<\/div>\n\t\t\t\t\t\t\t\t\t\t\t<div class=\"col-sm-6 col-md-4 single-advantages\">\n\t\t\t\t\t\t\t<div class=\"advantage\">\n\t\t\t\t\t\t\t\t<span class=\"icon\"><img loading=\"lazy\" decoding=\"async\" width=\"91\" height=\"91\" src=\"https:\/\/elbepools.com\/app\/uploads\/2020\/12\/icon_easy-to-clean-1.png\" class=\"attachment-thumbnail size-thumbnail\" alt=\"\" \/><\/span>\n\t\t\t\t\t\t\t\t<span class=\"text\">Facile da pulire<\/span>\n\t\t\t\t\t\t\t<\/div>\n\t\t\t\t\t\t<\/div>\n\t\t\t\t\t\t\t\t\t\t\t<div class=\"col-sm-6 col-md-4 single-advantages\">\n\t\t\t\t\t\t\t<div class=\"advantage\">\n\t\t\t\t\t\t\t\t<span class=\"icon\"><img loading=\"lazy\" decoding=\"async\" width=\"91\" height=\"91\" src=\"https:\/\/elbepools.com\/app\/uploads\/2020\/12\/icon_lifespan-1.png\" class=\"attachment-thumbnail size-thumbnail\" alt=\"\" \/><\/span>\n\t\t\t\t\t\t\t\t<span class=\"text\">Di lunga durata<\/span>\n\t\t\t\t\t\t\t<\/div>\n\t\t\t\t\t\t<\/div>\n\t\t\t\t\t\t\t\t\t\t\t<div class=\"col-sm-6 col-md-4 single-advantages\">\n\t\t\t\t\t\t\t<div class=\"advantage\">\n\t\t\t\t\t\t\t\t<span class=\"icon\"><img loading=\"lazy\" decoding=\"async\" width=\"91\" height=\"91\" src=\"https:\/\/elbepools.com\/app\/uploads\/2020\/12\/icon_quick-installation-1.png\" class=\"attachment-thumbnail size-thumbnail\" alt=\"\" \/><\/span>\n\t\t\t\t\t\t\t\t<span class=\"text\">Installazione facile e rapida<\/span>\n\t\t\t\t\t\t\t<\/div>\n\t\t\t\t\t\t<\/div>\n\t\t\t\t\t\t\t\t\t<\/div>\n\t\t\t\t<\/div>\n\t\t\t<\/div>\n\t\t<\/div>\n\t<\/div>\n<\/div><\/div>\n\n\n\n<h2 class=\"wp-block-heading\">CONFRONTO DELLE SOLUZIONI COMUNEMENTE INSTALLATE<br>CON ELBE Pool Surface<sup>\u00ae<\/sup><\/h2>\n\n\n\n<div id=\"jf-table-with-thumbnail-block_e2b8ad4ace255ed6cb66003978876375\" class=\"jf-table-with-thumbnail-block\">\n\n\t\t\t\t\t\t\t<a href=\"#\" class=\"table--maximize-link table--toggle\" data-target=\"#table--69eb2b324c9c3\">\n\t\t\t<img loading=\"lazy\" decoding=\"async\" width=\"1024\" height=\"651\" src=\"https:\/\/elbepools.com\/app\/uploads\/2021\/03\/Vorteile-ELBE-Pool-IT-1-1024x651.jpg\" class=\"table--thumbnail\" alt=\"\" srcset=\"https:\/\/elbepools.com\/app\/uploads\/2021\/03\/Vorteile-ELBE-Pool-IT-1-1024x651.jpg 1024w, https:\/\/elbepools.com\/app\/uploads\/2021\/03\/Vorteile-ELBE-Pool-IT-1-300x191.jpg 300w, https:\/\/elbepools.com\/app\/uploads\/2021\/03\/Vorteile-ELBE-Pool-IT-1-768x488.jpg 768w\" sizes=\"auto, (max-width: 1024px) 100vw, 1024px\" \/>\t\t\t<p class=\"table--maximize-caption\">Ingrandisci tabella<\/p>\n\t\t<\/a>\n\n\t\t<div id=\"table--69eb2b324c9c3\" class=\"table--overlay\">\n\t\t\t<div class=\"table--bg table--toggle\" data-target=\"#table--69eb2b324c9c3\"><\/div>\n\t\t\t<div class=\"table--overlay--inner\">\n\t\t\t\t<button class=\"table--close table--toggle\" data-target=\"#table--69eb2b324c9c3\">X<\/button>\n\t\t\t\t<div class=\"table--outer\">\n\t\t\t\t\t\n<table id=\"tablepress-8\" class=\"tablepress tablepress-id-8\">\n<thead>\n<tr class=\"row-1\">\n\t<th class=\"column-1\">Fattori<br \/>\navversi<\/th><th class=\"column-2\">Cemento \/ Gesso<\/th><th class=\"column-3\">Colore<\/th><th class=\"column-4\">Rivestimento in fibra di vetro<br \/>\n<\/th><th class=\"column-5\">Piastrelle di ceramica<\/th><th class=\"column-6\"><img loading=\"lazy\" decoding=\"async\" src=\"https:\/\/elbepools.com\/app\/uploads\/2019\/07\/logo-elbe-pool-surface.svg\" alt=\"\" width=\"300\" height=\"300\" class=\"alignnone size-medium wp-image-158\"  role=\"img\" \/><\/th>\n<\/tr>\n<\/thead>\n<tbody class=\"row-striping row-hover\">\n<tr class=\"row-2\">\n\t<td class=\"column-1\">Crepature<\/td><td class=\"column-2\">quasi sempre formazione di crepe<\/td><td class=\"column-3\">formazione di crepe e sfaldature sempre presente<\/td><td class=\"column-4\">si ricrepa sempre o salta via<\/td><td class=\"column-5\">si riempie di crepe e si sbriciola<\/td><td class=\"column-6\">nessuna crepa<\/td>\n<\/tr>\n<tr class=\"row-3\">\n\t<td class=\"column-1\">Alghe nere<\/td><td class=\"column-2\">favorisce la crescita<\/td><td class=\"column-3\">favorisce la crescita<br \/>\n<\/td><td class=\"column-4\">sostiene la crescita di alghe<\/td><td class=\"column-5\">sostiene la crescita di alghe<\/td><td class=\"column-6\">le alghe non si formano<\/td>\n<\/tr>\n<tr class=\"row-4\">\n\t<td class=\"column-1\">Resistenza agli acidi<\/td><td class=\"column-2\">si pu\u00f2 lavare con acidi<\/td><td class=\"column-3\">nessun elemento<\/td><td class=\"column-4\">soggetto a deterioramento chimico<\/td><td class=\"column-5\">bassa resistenza; danni alle fughe<\/td><td class=\"column-6\">non ha bisogno di trattamento con acidi<\/td>\n<\/tr>\n<tr class=\"row-5\">\n\t<td class=\"column-1\">Uso di prodotti chimici per piscine<\/td><td class=\"column-2\">contribuisce all\u2019alcalinit\u00e0, favorisce la crescita di alghe<\/td><td class=\"column-3\">meno rispetto al cemento<\/td><td class=\"column-4\">meno rispetto al cemento<\/td><td class=\"column-5\">favorisce la crescita di alghe<\/td><td class=\"column-6\">riduce la necessit\u00e0 di incorrere a prodotti chimici<\/td>\n<\/tr>\n<tr class=\"row-6\">\n\t<td class=\"column-1\">Impermeabilit\u00e0 all\u2019acqua<\/td><td class=\"column-2\">si formano crepe, non \u00e8 impermeabile a lungo<\/td><td class=\"column-3\">diventa permeabile, nessun effetto sull\u2019impermeabilit\u00e0 all&#8217;acqua<\/td><td class=\"column-4\"> con il tempo diventa poroso e permeabile<\/td><td class=\"column-5\">pu\u00f2 diventare permeabile, creparsi e sfaldarsi<\/td><td class=\"column-6\">rivestimento resistente impermeabile<\/td>\n<\/tr>\n<tr class=\"row-7\">\n\t<td class=\"column-1\">Resistenza chimica generale<\/td><td class=\"column-2\">molto scarsa<\/td><td class=\"column-3\">nessuna protezione<\/td><td class=\"column-4\">si deteriora<\/td><td class=\"column-5\">danni alle fughe<\/td><td class=\"column-6\">non vengono danneggiate dai normali trattamenti della piscina<\/td>\n<\/tr>\n<tr class=\"row-8\">\n\t<td class=\"column-1\">Durata prevista<\/td><td class=\"column-2\">3 \u2013 5 anni<\/td><td class=\"column-3\">1 \u2013 3 anni<\/td><td class=\"column-4\">3 \u2013 5 anni<\/td><td class=\"column-5\">5 \u2013 10 anni<\/td><td class=\"column-6\">15+ anni<\/td>\n<\/tr>\n<\/tbody>\n<\/table>\n<!-- #tablepress-8 from cache -->\t\t\t\t<\/div>\n\t\t\t<\/div>\n\t\t<\/div>\n\n\t\n<\/div>\n\n\n\n<div class=\"wp-block-group\"><div class=\"wp-block-group__inner-container is-layout-flow wp-block-group-is-layout-flow\">\n<h2 class=\"wp-block-heading\">LE NOSTRE PROMESSE.<\/h2>\n\n\n\n<div class=\"wp-block-group\"><div class=\"wp-block-group__inner-container is-layout-flow wp-block-group-is-layout-flow\">\n<p class=\"has-text-align-center\">Potete fare affidamento su oltre 60 anni di esperienza nella realizzazione e sviluppo di prodotti in PVC di qualit\u00e0.<\/p>\n\n\n\n<p class=\"has-text-align-center\">La nostra membrana dura molto pi\u00f9 dei prodotti concorrenti ad essa comparabili.<\/p>\n\n\n\n<p class=\"has-text-align-center\">La vostra piscina sar\u00e0 sempre bella e pulita.<\/p>\n\n\n\n<p class=\"has-text-align-center\">La nostra membrana \u00e8 il materiale ideale per rivestire piscine di ogni forma e dimensione.<\/p>\n\n\n\n<p class=\"has-text-align-center\">L\u2019installazione della membrana si pu\u00f2 fare senza quasi badare alle condizioni meteo; la membrana non si sfalda o crepa nonostante le variazioni di temperatura.<\/p>\n\n\n\n<p class=\"has-text-align-center\">This is an algae resistant and anti-microbial product.<\/p>\n\n\n\n<p class=\"has-text-align-center\">La nostra membrana \u00e8 resistente alle alghe e antimicrobica.<\/p>\n\n\n\n<p class=\"has-text-align-center\">La piscina si pu\u00f2 usare subito dopo l\u2019installazione della membrana; non ci sono tempi di attesa. Il tempo di attesa fino a 6 giorni necessario per membrane di altri materiali \u00e8 superfluo nel caso del nostro prodotto.<\/p>\n\n\n\n<p class=\"has-text-align-center\">La nostra membrana \u00e8 gradevole a vedersi, ma soprattutto \u00e8 sicura. Possiamo escludere escoriazioni alle ginocchia, alle braccia e ai piedi che di solito si riportano nelle piscine di cemento e di piastrelle.<\/p>\n<\/div><\/div>\n<\/div><\/div>\n\n\n\n<div class=\"wp-block-columns is-layout-flex wp-container-core-columns-is-layout-2 wp-block-columns-is-layout-flex\">\n<div class=\"wp-block-column is-layout-flow wp-block-column-is-layout-flow\"><\/div>\n\n\n\n<div class=\"wp-block-column is-layout-flow wp-block-column-is-layout-flow\"><\/div>\n\n\n\n<div class=\"wp-block-column is-layout-flow wp-block-column-is-layout-flow\"><div class=\"wp-block-image\">\n<figure class=\"aligncenter size-large is-resized\"><img loading=\"lazy\" decoding=\"async\" width=\"591\" height=\"591\" src=\"https:\/\/elbepools.com\/app\/uploads\/2021\/03\/ELBE-pool-warranty-watertightness-IT.png\" alt=\"\" class=\"wp-image-8981\" style=\"width:160px;height:160px\" srcset=\"https:\/\/elbepools.com\/app\/uploads\/2021\/03\/ELBE-pool-warranty-watertightness-IT.png 591w, https:\/\/elbepools.com\/app\/uploads\/2021\/03\/ELBE-pool-warranty-watertightness-IT-300x300.png 300w, https:\/\/elbepools.com\/app\/uploads\/2021\/03\/ELBE-pool-warranty-watertightness-IT-150x150.png 150w, https:\/\/elbepools.com\/app\/uploads\/2021\/03\/ELBE-pool-warranty-watertightness-IT-400x400.png 400w\" sizes=\"auto, (max-width: 591px) 100vw, 591px\" \/><\/figure><\/div><\/div>\n\n\n\n<div class=\"wp-block-column is-layout-flow wp-block-column-is-layout-flow\"><\/div>\n\n\n\n<div class=\"wp-block-column is-layout-flow wp-block-column-is-layout-flow\"><\/div>\n<\/div>\n\n\n\n<h2 class=\"wp-block-heading\">COLORI E DESIGN.<\/h2>\n\n\n\n<p class=\"has-text-align-center\">A vostra disposizione c\u2019\u00e8 un vasto assortimento di diversi colori e motivi tra cui scegliere i pi\u00f9 idonei per costruire una piscina nuova o ristrutturarne una gi\u00e0 esistente. Non c\u2019\u00e8 limite alla vostra fantasia.<\/p>\n\n\n\n<div class=\"wp-block-buttons is-content-justification-center is-layout-flex wp-container-core-buttons-is-layout-1 wp-block-buttons-is-layout-flex\">\n<div class=\"wp-block-button\"><a class=\"wp-block-button__link wp-element-button\" href=\"https:\/\/elbepools.com\/it\/prodotti\/\">Ai nostri prodotti<\/a><\/div>\n<\/div>\n","protected":false},"excerpt":{"rendered":"<p>LA SCELTA IDEALE. LE PISCINE SONO LA NOSTRA PASSIONE. Le membrane ELBE Pool Surface\u00ae sono adatte alle forme e alle dimensioni di ogni piscina. I nostri prodotti sono la soluzione perfetta, sia che si tratti di una nuova piscina in costruzione, sia per la ristrutturazione di piscine gi\u00e0 esistenti. Piastrelle di ceramica, cemento, intonaco, metallo, [&hellip;]<\/p>\n","protected":false},"author":2,"featured_media":0,"parent":9462,"menu_order":2,"comment_status":"closed","ping_status":"closed","template":"","meta":{"_acf_changed":false,"footnotes":""},"class_list":["post-9527","page","type-page","status-publish","hentry"],"acf":[],"_links":{"self":[{"href":"https:\/\/elbepools.com\/it\/wp-json\/wp\/v2\/pages\/9527","targetHints":{"allow":["GET"]}}],"collection":[{"href":"https:\/\/elbepools.com\/it\/wp-json\/wp\/v2\/pages"}],"about":[{"href":"https:\/\/elbepools.com\/it\/wp-json\/wp\/v2\/types\/page"}],"author":[{"embeddable":true,"href":"https:\/\/elbepools.com\/it\/wp-json\/wp\/v2\/users\/2"}],"replies":[{"embeddable":true,"href":"https:\/\/elbepools.com\/it\/wp-json\/wp\/v2\/comments?post=9527"}],"version-history":[{"count":11,"href":"https:\/\/elbepools.com\/it\/wp-json\/wp\/v2\/pages\/9527\/revisions"}],"predecessor-version":[{"id":24783,"href":"https:\/\/elbepools.com\/it\/wp-json\/wp\/v2\/pages\/9527\/revisions\/24783"}],"up":[{"embeddable":true,"href":"https:\/\/elbepools.com\/it\/wp-json\/wp\/v2\/pages\/9462"}],"wp:attachment":[{"href":"https:\/\/elbepools.com\/it\/wp-json\/wp\/v2\/media?parent=9527"}],"curies":[{"name":"wp","href":"https:\/\/api.w.org\/{rel}","templated":true}]}}