{"id":9480,"date":"2021-03-10T10:07:08","date_gmt":"2021-03-10T09:07:08","guid":{"rendered":"https:\/\/elbepools.com\/?page_id=9480"},"modified":"2025-04-08T15:30:11","modified_gmt":"2025-04-08T13:30:11","slug":"piscine-private","status":"publish","type":"page","link":"https:\/\/elbepools.com\/it\/applicazioni\/piscine-private\/","title":{"rendered":"Piscine private"},"content":{"rendered":"\n<div id=\"jf-header-block_9e21eedf6619e2d24ec3ec0cf3a24d50\" class=\"jf-header-block alignfull\">\n\t\t\t\t\t<div class=\"swiper-container\" data-swipe-settings=\"{&quot;slidesPerView&quot;:1,&quot;spaceBetween&quot;:0}\">\n\t\t\t<div class=\"swiper-wrapper\">\n\t\t\t\t\t\t<div class=\"swiper-slide hero-image\">\n\t\t\t\t\t<div class=\"hero-image__image__wrapper\">\n\t\t\t\t\t\t<picture>\n\t\t\t\t\t\t\t<source media=\"(max-width: 767px)\" srcset=\"https:\/\/elbepools.com\/app\/uploads\/2020\/07\/PP-Slider-01-2-768x384.jpg\">\n\t\t\t\t\t\t\t<img fetchpriority=\"high\" decoding=\"async\" width=\"2048\" height=\"1024\" src=\"https:\/\/elbepools.com\/app\/uploads\/2020\/07\/PP-Slider-01-2-2048x1024.jpg\" class=\"attachment-hero-full size-hero-full\" alt=\"\" title=\"PP-Slider 01\" loading=\"eager\" srcset=\"https:\/\/elbepools.com\/app\/uploads\/2020\/07\/PP-Slider-01-2.jpg 2048w, https:\/\/elbepools.com\/app\/uploads\/2020\/07\/PP-Slider-01-2-300x150.jpg 300w, https:\/\/elbepools.com\/app\/uploads\/2020\/07\/PP-Slider-01-2-768x384.jpg 768w, https:\/\/elbepools.com\/app\/uploads\/2020\/07\/PP-Slider-01-2-1024x512.jpg 1024w\" sizes=\"(max-width: 2048px) 100vw, 2048px\" \/>\t\t\t\t\t\t<\/picture>\n\t\t\t\t\t\t<img decoding=\"async\" class=\"wellenstruktur\" src=\"https:\/\/elbepools.com\/app\/themes\/jagdfieber\/img\/welle-ganz.png\">\n\t\t\t\t\t<\/div>\n\t\t\t\t\t<div class=\"caption\">\n\t\t\t\t\t\t<div class=\"caption-outer\">\n\t\t\t\t\t\t\t<div class=\"caption-inner\">\n\t\t\t\t\t\t\t\t\t\t\t\t\t\t\t\t\t<div class=\"caption--headline\">\n\t\t\t\t\t\t\t\t\t\t<h2 class=\"caption--headline__text no-wave\">\n\t\t\t\t\t\t\t\t\t\t\tEleganza da percepire\t\t\t\t\t\t\t\t\t\t\t<span>e da godersi a pieno<\/span>\n\t\t\t\t\t\t\t\t\t\t<\/h2>\n\t\t\t\t\t\t\t\t\t<\/div>\n\t\t\t\t\t\t\t\t\t\t\t\t\t\t\t\t<\/div>\n\t\t\t\t\t\t<\/div>\n\t\t\t\t\t<\/div>\n\t\t\t\t<\/div>\n\t\t\t\t\t\t\t\t<div class=\"swiper-slide hero-image\">\n\t\t\t\t\t<div class=\"hero-image__image__wrapper\">\n\t\t\t\t\t\t<picture>\n\t\t\t\t\t\t\t<source media=\"(max-width: 767px)\" srcset=\"https:\/\/elbepools.com\/app\/uploads\/2020\/06\/PP-Slider-02-768x384.jpg\">\n\t\t\t\t\t\t\t<img decoding=\"async\" width=\"2048\" height=\"1024\" src=\"https:\/\/elbepools.com\/app\/uploads\/2020\/06\/PP-Slider-02-2048x1024.jpg\" class=\"attachment-hero-full size-hero-full\" alt=\"\" title=\"PP-Slider 02\" loading=\"eager\" srcset=\"https:\/\/elbepools.com\/app\/uploads\/2020\/06\/PP-Slider-02.jpg 2048w, https:\/\/elbepools.com\/app\/uploads\/2020\/06\/PP-Slider-02-300x150.jpg 300w, https:\/\/elbepools.com\/app\/uploads\/2020\/06\/PP-Slider-02-768x384.jpg 768w, https:\/\/elbepools.com\/app\/uploads\/2020\/06\/PP-Slider-02-1024x512.jpg 1024w\" sizes=\"(max-width: 2048px) 100vw, 2048px\" \/>\t\t\t\t\t\t<\/picture>\n\t\t\t\t\t\t<img decoding=\"async\" class=\"wellenstruktur\" src=\"https:\/\/elbepools.com\/app\/themes\/jagdfieber\/img\/welle-ganz.png\">\n\t\t\t\t\t<\/div>\n\t\t\t\t\t<div class=\"caption\">\n\t\t\t\t\t\t<div class=\"caption-outer\">\n\t\t\t\t\t\t\t<div class=\"caption-inner\">\n\t\t\t\t\t\t\t\t\t\t\t\t\t\t\t\t\t<div class=\"caption--headline\">\n\t\t\t\t\t\t\t\t\t\t<h2 class=\"caption--headline__text no-wave\">\n\t\t\t\t\t\t\t\t\t\t\tSpazio \t\t\t\t\t\t\t\t\t\t\t<span>alla creativit\u00e0<\/span>\n\t\t\t\t\t\t\t\t\t\t<\/h2>\n\t\t\t\t\t\t\t\t\t<\/div>\n\t\t\t\t\t\t\t\t\t\t\t\t\t\t\t\t<\/div>\n\t\t\t\t\t\t<\/div>\n\t\t\t\t\t<\/div>\n\t\t\t\t<\/div>\n\t\t\t\t\t\t\t\t<div class=\"swiper-slide hero-image\">\n\t\t\t\t\t<div class=\"hero-image__image__wrapper\">\n\t\t\t\t\t\t<picture>\n\t\t\t\t\t\t\t<source media=\"(max-width: 767px)\" srcset=\"https:\/\/elbepools.com\/app\/uploads\/2020\/06\/PP-Slider-03-768x384.jpg\">\n\t\t\t\t\t\t\t<img decoding=\"async\" width=\"2048\" height=\"1024\" src=\"https:\/\/elbepools.com\/app\/uploads\/2020\/06\/PP-Slider-03-2048x1024.jpg\" class=\"attachment-hero-full size-hero-full\" alt=\"\" title=\"PP-Slider 03\" loading=\"eager\" srcset=\"https:\/\/elbepools.com\/app\/uploads\/2020\/06\/PP-Slider-03.jpg 2048w, https:\/\/elbepools.com\/app\/uploads\/2020\/06\/PP-Slider-03-300x150.jpg 300w, https:\/\/elbepools.com\/app\/uploads\/2020\/06\/PP-Slider-03-768x384.jpg 768w, https:\/\/elbepools.com\/app\/uploads\/2020\/06\/PP-Slider-03-1024x512.jpg 1024w\" sizes=\"(max-width: 2048px) 100vw, 2048px\" \/>\t\t\t\t\t\t<\/picture>\n\t\t\t\t\t\t<img decoding=\"async\" class=\"wellenstruktur\" src=\"https:\/\/elbepools.com\/app\/themes\/jagdfieber\/img\/welle-ganz.png\">\n\t\t\t\t\t<\/div>\n\t\t\t\t\t<div class=\"caption\">\n\t\t\t\t\t\t<div class=\"caption-outer\">\n\t\t\t\t\t\t\t<div class=\"caption-inner\">\n\t\t\t\t\t\t\t\t\t\t\t\t\t\t\t\t\t<div class=\"caption--headline\">\n\t\t\t\t\t\t\t\t\t\t<h2 class=\"caption--headline__text no-wave\">\n\t\t\t\t\t\t\t\t\t\t\tPer tutti\t\t\t\t\t\t\t\t\t\t\t<span> i gusti<\/span>\n\t\t\t\t\t\t\t\t\t\t<\/h2>\n\t\t\t\t\t\t\t\t\t<\/div>\n\t\t\t\t\t\t\t\t\t\t\t\t\t\t\t\t<\/div>\n\t\t\t\t\t\t<\/div>\n\t\t\t\t\t<\/div>\n\t\t\t\t<\/div>\n\t\t\t\t\t\t\t\t<\/div> <!-- .swiper-wrapper -->\n\t\t\t\t<div class=\"swiper-button-next\"><svg><use xmlns:xlink=\"http:\/\/www.w3.org\/1999\/xlink\" xlink:href=\"#pfeil\"><\/use><\/svg><\/div>\n\t\t\t\t<div class=\"swiper-button-prev\"><svg><use xmlns:xlink=\"http:\/\/www.w3.org\/1999\/xlink\" xlink:href=\"#pfeil\"><\/use><\/svg><\/div>\n\t\t\t<\/div> <!-- .swiper-container -->\n\t\t\t<\/div><!-- .container -->\n\n\n\n<h2 class=\"wp-block-heading\">LE PISCINE SONO LA NOSTRA PASSIONE.<\/h2>\n\n\n\n<p>Le membrane <strong>ELBE Pool Surface<sup>\u00ae<\/sup><\/strong> sono adatte alle forme e alle dimensioni di ogni piscina. I nostri prodotti sono la soluzione perfetta, sia che si tratti di una nuova piscina in costruzione, sia per la ristrutturazione di piscine gi\u00e0 esistenti. Piastrelle di ceramica, cemento, intonaco, metallo, rivestimenti in fibra di vetro o legno fa lo stesso: le membrane <strong>ELBE Pool Surface<sup>\u00ae<\/sup><\/strong> sono perfette per impermeabilizzare ogni tipo di piscina.<\/p>\n\n\n\n<p>Senza metalli pesanti e prodotte solo con materie prime di prima scelta, le nostre membrane per piscina <strong>ELBE Pool Surface<sup>\u00ae<\/sup><\/strong> soddisfano tutti i requisiti di un prodotto ecosostenibile. Data la vasta scelta di colori, design e motivi ornamentali, con <strong>ELBE Pool Surface<sup>\u00ae<\/sup><\/strong> non c\u2019\u00e8 limite alla fantasia.<\/p>\n\n\n\n<div id=\"jf-advantages-block_05cf990de0066dad293b98759535f210\" class=\"jf-advantages-block\">\n\t\t\t<div class=\"row\">\n\t\t\t<div class=\"col-sm-12\">\n\t\t\t\t<div class=\"advantages-wrapper\">\n\t\t\t\t\t<div class=\"headline\">\n\t\t\t\t\t\t<h2 class=\"headline__text no-wave\">Vantaggi<\/h2>\n\t\t\t\t\t\t<img decoding=\"async\" class=\"wave\" src=\"https:\/\/elbepools.com\/app\/themes\/jagdfieber\/img\/welle-weiss.png\">\n\t\t\t\t\t<\/div>\n\t\t\t\t<div class=\"row advantages \">\n\t\t\t\t\t\t\t\t\t\t\t<div class=\"col-sm-6 col-md-4 single-advantages\">\n\t\t\t\t\t\t\t<div class=\"advantage\">\n\t\t\t\t\t\t\t\t<span class=\"icon\"><img loading=\"lazy\" decoding=\"async\" width=\"91\" height=\"91\" src=\"https:\/\/elbepools.com\/app\/uploads\/2020\/12\/icon_uv-resistance-1.png\" class=\"attachment-thumbnail size-thumbnail\" alt=\"\" \/><\/span>\n\t\t\t\t\t\t\t\t<span class=\"text\">Resistente ai raggi UV<\/span>\n\t\t\t\t\t\t\t<\/div>\n\t\t\t\t\t\t<\/div>\n\t\t\t\t\t\t\t\t\t\t\t<div class=\"col-sm-6 col-md-4 single-advantages\">\n\t\t\t\t\t\t\t<div class=\"advantage\">\n\t\t\t\t\t\t\t\t<span class=\"icon\"><img loading=\"lazy\" decoding=\"async\" width=\"91\" height=\"91\" src=\"https:\/\/elbepools.com\/app\/uploads\/2020\/12\/icon_chlorine-resistance.png\" class=\"attachment-thumbnail size-thumbnail\" alt=\"\" \/><\/span>\n\t\t\t\t\t\t\t\t<span class=\"text\">Resistente al cloro<\/span>\n\t\t\t\t\t\t\t<\/div>\n\t\t\t\t\t\t<\/div>\n\t\t\t\t\t\t\t\t\t\t\t<div class=\"col-sm-6 col-md-4 single-advantages\">\n\t\t\t\t\t\t\t<div class=\"advantage\">\n\t\t\t\t\t\t\t\t<span class=\"icon\"><img loading=\"lazy\" decoding=\"async\" width=\"91\" height=\"91\" src=\"https:\/\/elbepools.com\/app\/uploads\/2020\/12\/icon_bacteria-resistance-1.png\" class=\"attachment-thumbnail size-thumbnail\" alt=\"\" \/><\/span>\n\t\t\t\t\t\t\t\t<span class=\"text\">Protezione da muffe e batteri<\/span>\n\t\t\t\t\t\t\t<\/div>\n\t\t\t\t\t\t<\/div>\n\t\t\t\t\t\t\t\t\t\t\t<div class=\"col-sm-6 col-md-4 single-advantages\">\n\t\t\t\t\t\t\t<div class=\"advantage\">\n\t\t\t\t\t\t\t\t<span class=\"icon\"><img loading=\"lazy\" decoding=\"async\" width=\"91\" height=\"91\" src=\"https:\/\/elbepools.com\/app\/uploads\/2020\/12\/icon_anti-stain-effect-1-1.png\" class=\"attachment-thumbnail size-thumbnail\" alt=\"\" \/><\/span>\n\t\t\t\t\t\t\t\t<span class=\"text\">Resistente alle macchie<\/span>\n\t\t\t\t\t\t\t<\/div>\n\t\t\t\t\t\t<\/div>\n\t\t\t\t\t\t\t\t\t\t\t<div class=\"col-sm-6 col-md-4 single-advantages\">\n\t\t\t\t\t\t\t<div class=\"advantage\">\n\t\t\t\t\t\t\t\t<span class=\"icon\"><img loading=\"lazy\" decoding=\"async\" width=\"91\" height=\"91\" src=\"https:\/\/elbepools.com\/app\/uploads\/2020\/12\/icon_scratch-resistance-1.png\" class=\"attachment-thumbnail size-thumbnail\" alt=\"\" \/><\/span>\n\t\t\t\t\t\t\t\t<span class=\"text\">Superficie resistente ai graffi<\/span>\n\t\t\t\t\t\t\t<\/div>\n\t\t\t\t\t\t<\/div>\n\t\t\t\t\t\t\t\t\t\t\t<div class=\"col-sm-6 col-md-4 single-advantages\">\n\t\t\t\t\t\t\t<div class=\"advantage\">\n\t\t\t\t\t\t\t\t<span class=\"icon\"><img loading=\"lazy\" decoding=\"async\" width=\"91\" height=\"91\" src=\"https:\/\/elbepools.com\/app\/uploads\/2020\/12\/icon_easy-to-clean-1.png\" class=\"attachment-thumbnail size-thumbnail\" alt=\"\" \/><\/span>\n\t\t\t\t\t\t\t\t<span class=\"text\">Facile da pulire<\/span>\n\t\t\t\t\t\t\t<\/div>\n\t\t\t\t\t\t<\/div>\n\t\t\t\t\t\t\t\t\t\t\t<div class=\"col-sm-6 col-md-4 single-advantages\">\n\t\t\t\t\t\t\t<div class=\"advantage\">\n\t\t\t\t\t\t\t\t<span class=\"icon\"><img loading=\"lazy\" decoding=\"async\" width=\"91\" height=\"91\" src=\"https:\/\/elbepools.com\/app\/uploads\/2020\/12\/icon_lifespan-1.png\" class=\"attachment-thumbnail size-thumbnail\" alt=\"\" \/><\/span>\n\t\t\t\t\t\t\t\t<span class=\"text\">Di lunga durata<\/span>\n\t\t\t\t\t\t\t<\/div>\n\t\t\t\t\t\t<\/div>\n\t\t\t\t\t\t\t\t\t\t\t<div class=\"col-sm-6 col-md-4 single-advantages\">\n\t\t\t\t\t\t\t<div class=\"advantage\">\n\t\t\t\t\t\t\t\t<span class=\"icon\"><img loading=\"lazy\" decoding=\"async\" width=\"91\" height=\"91\" src=\"https:\/\/elbepools.com\/app\/uploads\/2020\/12\/icon_quick-installation-1.png\" class=\"attachment-thumbnail size-thumbnail\" alt=\"\" \/><\/span>\n\t\t\t\t\t\t\t\t<span class=\"text\">Installazione facile e rapida<\/span>\n\t\t\t\t\t\t\t<\/div>\n\t\t\t\t\t\t<\/div>\n\t\t\t\t\t\t\t\t\t<\/div>\n\t\t\t\t<\/div>\n\t\t\t<\/div>\n\t\t<\/div>\n\t<\/div>\n\n\n\n<h2 class=\"wp-block-heading\">COSA VI PROMETTIAMO.<\/h2>\n\n\n\n<div class=\"wp-block-columns is-layout-flex wp-container-core-columns-is-layout-1 wp-block-columns-is-layout-flex\">\n<div class=\"wp-block-column is-layout-flow wp-block-column-is-layout-flow\">\n<ul class=\"wp-block-list\">\n<li>Montaggio rapido e professionale \u2013 niente stress per voi e la vostra famiglia.<\/li>\n\n\n\n<li>La nostra membrana si adatta alla vostra piscina a prescindere dalle sue dimensioni, la sua forma e il suo design. Viene applicata su misura alla vostra piscina.<\/li>\n\n\n\n<li>Le membrane per piscina <strong>ELBE Pool Surface<sup>\u00ae<\/sup><\/strong> sono realizzate esclusivamente con materie prime pregiate e sono le prime a soddisfare i criteri della normativa dei giocattoli per bambini (EN 71-3).\u00a0<\/li>\n\n\n\n<li>La nostra membrana dura molto pi\u00f9 delle membrane di materiali tradizionali.<\/li>\n\n\n\n<li>La piscina si pu\u00f2 usare subito dopo l\u2019installazione della membrana; non ci sono tempi di attesa.<\/li>\n\n\n\n<li>15 anni di garanzia sull\u2019impermeabilit\u00e0 del materiale (a condizione che l\u2019installazione venga fatta da personale qualificato).<\/li>\n\n\n\n<li>\u00c8 pi\u00f9 bello nuotare in una piscina dalle superfici esteticamente gradevoli.<\/li>\n\n\n\n<li>Muniti di superficie antimicrobica, i nostri rivestimenti proteggono la piscina dalla formazione di alghe e dalla proliferazione di virus e batteri (confermato da analisi di laboratori indipendenti).<\/li>\n\n\n\n<li>Il vostro costruttore di piscine ha selezionato per voi il prodotto migliore. Fidatevi. Il risultato andr\u00e0 ben oltre le vostre aspettative.<\/li>\n<\/ul>\n<\/div>\n\n\n\n<div class=\"wp-block-column is-layout-flow wp-block-column-is-layout-flow\">\n<figure class=\"wp-block-image size-large is-style-rounded\"><img loading=\"lazy\" decoding=\"async\" width=\"2560\" height=\"1707\" src=\"https:\/\/elbepools.com\/app\/uploads\/2020\/07\/private-pools-our-promise-to-you-scaled.jpg\" alt=\"\" class=\"wp-image-9503\" srcset=\"https:\/\/elbepools.com\/app\/uploads\/2020\/07\/private-pools-our-promise-to-you-scaled.jpg 2560w, https:\/\/elbepools.com\/app\/uploads\/2020\/07\/private-pools-our-promise-to-you-scaled-300x200.jpg 300w, https:\/\/elbepools.com\/app\/uploads\/2020\/07\/private-pools-our-promise-to-you-scaled-768x512.jpg 768w, https:\/\/elbepools.com\/app\/uploads\/2020\/07\/private-pools-our-promise-to-you-scaled-1024x683.jpg 1024w, https:\/\/elbepools.com\/app\/uploads\/2020\/07\/private-pools-our-promise-to-you-scaled-569x380.jpg 569w, https:\/\/elbepools.com\/app\/uploads\/2020\/07\/private-pools-our-promise-to-you-scaled-540x360.jpg 540w\" sizes=\"auto, (max-width: 2560px) 100vw, 2560px\" \/><\/figure>\n<\/div>\n<\/div>\n\n\n\n<div class=\"wp-block-columns is-layout-flex wp-container-core-columns-is-layout-2 wp-block-columns-is-layout-flex\">\n<div class=\"wp-block-column is-layout-flow wp-block-column-is-layout-flow\"><\/div>\n\n\n\n<div class=\"wp-block-column is-layout-flow wp-block-column-is-layout-flow\"><div class=\"wp-block-image\">\n<figure class=\"aligncenter size-large is-resized\"><img loading=\"lazy\" decoding=\"async\" width=\"591\" height=\"591\" src=\"https:\/\/elbepools.com\/app\/uploads\/2021\/03\/ELBE-pool-warranty-watertightness-IT.png\" alt=\"\" class=\"wp-image-8981\" style=\"width:160px;height:160px\" srcset=\"https:\/\/elbepools.com\/app\/uploads\/2021\/03\/ELBE-pool-warranty-watertightness-IT.png 591w, https:\/\/elbepools.com\/app\/uploads\/2021\/03\/ELBE-pool-warranty-watertightness-IT-300x300.png 300w, https:\/\/elbepools.com\/app\/uploads\/2021\/03\/ELBE-pool-warranty-watertightness-IT-150x150.png 150w, https:\/\/elbepools.com\/app\/uploads\/2021\/03\/ELBE-pool-warranty-watertightness-IT-400x400.png 400w\" sizes=\"auto, (max-width: 591px) 100vw, 591px\" \/><\/figure><\/div><\/div>\n\n\n\n<div class=\"wp-block-column is-layout-flow wp-block-column-is-layout-flow\"><div class=\"wp-block-image\">\n<figure class=\"aligncenter size-large is-resized\"><img loading=\"lazy\" decoding=\"async\" width=\"591\" height=\"591\" src=\"https:\/\/elbepools.com\/app\/uploads\/2021\/03\/ELBE-pool-warranty-EN-71-3-IT.png\" alt=\"\" class=\"wp-image-8967\" style=\"width:160px;height:160px\" srcset=\"https:\/\/elbepools.com\/app\/uploads\/2021\/03\/ELBE-pool-warranty-EN-71-3-IT.png 591w, https:\/\/elbepools.com\/app\/uploads\/2021\/03\/ELBE-pool-warranty-EN-71-3-IT-300x300.png 300w, https:\/\/elbepools.com\/app\/uploads\/2021\/03\/ELBE-pool-warranty-EN-71-3-IT-150x150.png 150w, https:\/\/elbepools.com\/app\/uploads\/2021\/03\/ELBE-pool-warranty-EN-71-3-IT-400x400.png 400w\" sizes=\"auto, (max-width: 591px) 100vw, 591px\" \/><\/figure><\/div><\/div>\n\n\n\n<div class=\"wp-block-column is-layout-flow wp-block-column-is-layout-flow\"><div class=\"wp-block-image\">\n<figure class=\"aligncenter size-large is-resized\"><img loading=\"lazy\" decoding=\"async\" width=\"591\" height=\"591\" src=\"https:\/\/elbepools.com\/app\/uploads\/2021\/03\/ELBE-pool-warranty-fume-emission-IT.png\" alt=\"\" class=\"wp-image-8960\" style=\"width:160px;height:160px\" srcset=\"https:\/\/elbepools.com\/app\/uploads\/2021\/03\/ELBE-pool-warranty-fume-emission-IT.png 591w, https:\/\/elbepools.com\/app\/uploads\/2021\/03\/ELBE-pool-warranty-fume-emission-IT-300x300.png 300w, https:\/\/elbepools.com\/app\/uploads\/2021\/03\/ELBE-pool-warranty-fume-emission-IT-150x150.png 150w, https:\/\/elbepools.com\/app\/uploads\/2021\/03\/ELBE-pool-warranty-fume-emission-IT-400x400.png 400w\" sizes=\"auto, (max-width: 591px) 100vw, 591px\" \/><\/figure><\/div><\/div>\n\n\n\n<div class=\"wp-block-column is-layout-flow wp-block-column-is-layout-flow\"><\/div>\n<\/div>\n\n\n\n<h2 class=\"wp-block-heading\">LA NOSTRA SELEZIONE<\/h2>\n\n\n\n<p class=\"has-text-align-center\">A vostra disposizione c\u2019\u00e8 una vasta gamma di colori e design tra cui scegliere i pi\u00f9 idonei per costruire una piscina nuova o ristrutturarne una gi\u00e0 esistente. Non c\u2019\u00e8 limite alla vostra fantasia.<\/p>\n\n\n\n<div class=\"wp-block-buttons is-content-justification-center is-layout-flex wp-container-core-buttons-is-layout-1 wp-block-buttons-is-layout-flex\">\n<div class=\"wp-block-button\"><a class=\"wp-block-button__link wp-element-button\" href=\"https:\/\/elbepools.com\/it\/prodotti\/\">Ai nostri prodotti<\/a><\/div>\n<\/div>\n\n\n\n<p><\/p>\n","protected":false},"excerpt":{"rendered":"<p>LE PISCINE SONO LA NOSTRA PASSIONE. Le membrane ELBE Pool Surface\u00ae sono adatte alle forme e alle dimensioni di ogni piscina. I nostri prodotti sono la soluzione perfetta, sia che si tratti di una nuova piscina in costruzione, sia per la ristrutturazione di piscine gi\u00e0 esistenti. Piastrelle di ceramica, cemento, intonaco, metallo, rivestimenti in fibra [&hellip;]<\/p>\n","protected":false},"author":2,"featured_media":0,"parent":9462,"menu_order":1,"comment_status":"closed","ping_status":"closed","template":"","meta":{"_acf_changed":false,"footnotes":""},"class_list":["post-9480","page","type-page","status-publish","hentry"],"acf":[],"_links":{"self":[{"href":"https:\/\/elbepools.com\/it\/wp-json\/wp\/v2\/pages\/9480","targetHints":{"allow":["GET"]}}],"collection":[{"href":"https:\/\/elbepools.com\/it\/wp-json\/wp\/v2\/pages"}],"about":[{"href":"https:\/\/elbepools.com\/it\/wp-json\/wp\/v2\/types\/page"}],"author":[{"embeddable":true,"href":"https:\/\/elbepools.com\/it\/wp-json\/wp\/v2\/users\/2"}],"replies":[{"embeddable":true,"href":"https:\/\/elbepools.com\/it\/wp-json\/wp\/v2\/comments?post=9480"}],"version-history":[{"count":14,"href":"https:\/\/elbepools.com\/it\/wp-json\/wp\/v2\/pages\/9480\/revisions"}],"predecessor-version":[{"id":24779,"href":"https:\/\/elbepools.com\/it\/wp-json\/wp\/v2\/pages\/9480\/revisions\/24779"}],"up":[{"embeddable":true,"href":"https:\/\/elbepools.com\/it\/wp-json\/wp\/v2\/pages\/9462"}],"wp:attachment":[{"href":"https:\/\/elbepools.com\/it\/wp-json\/wp\/v2\/media?parent=9480"}],"curies":[{"name":"wp","href":"https:\/\/api.w.org\/{rel}","templated":true}]}}