{"id":8932,"date":"2021-03-04T15:34:25","date_gmt":"2021-03-04T14:34:25","guid":{"rendered":"https:\/\/elbepools.com\/?page_id=8932"},"modified":"2025-06-02T13:29:23","modified_gmt":"2025-06-02T11:29:23","slug":"prodotti","status":"publish","type":"page","link":"https:\/\/elbepools.com\/it\/prodotti\/","title":{"rendered":"Prodotti"},"content":{"rendered":"\n<div id=\"jf-header-block_c7a02f52736769930cde7fb92b3d2830\" class=\"jf-header-block alignfull\">\n\t\t\t\t\t<div class=\"swiper-container\" data-swipe-settings=\"{&quot;slidesPerView&quot;:1,&quot;spaceBetween&quot;:0}\">\n\t\t\t<div class=\"swiper-wrapper\">\n\t\t\t\t\t\t<div class=\"swiper-slide hero-image\">\n\t\t\t\t\t<div class=\"hero-image__image__wrapper\">\n\t\t\t\t\t\t<picture>\n\t\t\t\t\t\t\t<source media=\"(max-width: 767px)\" srcset=\"https:\/\/elbepools.com\/app\/uploads\/2025\/05\/UNIQUE-Cyprus-Green-no-wm-768x384.jpg\">\n\t\t\t\t\t\t\t<img fetchpriority=\"high\" decoding=\"async\" width=\"2048\" height=\"1024\" src=\"https:\/\/elbepools.com\/app\/uploads\/2025\/05\/UNIQUE-Cyprus-Green-no-wm-2048x1024.jpg\" class=\"attachment-hero-full size-hero-full\" alt=\"\" title=\"UNIQUE-Cyprus-Green-no-wm\" loading=\"eager\" srcset=\"https:\/\/elbepools.com\/app\/uploads\/2025\/05\/UNIQUE-Cyprus-Green-no-wm-2048x1024.jpg 2048w, https:\/\/elbepools.com\/app\/uploads\/2025\/05\/UNIQUE-Cyprus-Green-no-wm-1024x512.jpg 1024w, https:\/\/elbepools.com\/app\/uploads\/2025\/05\/UNIQUE-Cyprus-Green-no-wm-768x384.jpg 768w\" sizes=\"(max-width: 2048px) 100vw, 2048px\" \/>\t\t\t\t\t\t<\/picture>\n\t\t\t\t\t\t<img decoding=\"async\" class=\"wellenstruktur\" src=\"https:\/\/elbepools.com\/app\/themes\/jagdfieber\/img\/welle-ganz.png\">\n\t\t\t\t\t<\/div>\n\t\t\t\t\t<div class=\"caption\">\n\t\t\t\t\t\t<div class=\"caption-outer\">\n\t\t\t\t\t\t\t<div class=\"caption-inner\">\n\t\t\t\t\t\t\t\t\t\t\t\t\t\t\t\t\t<div class=\"caption--headline\">\n\t\t\t\t\t\t\t\t\t\t<h2 class=\"caption--headline__text no-wave\">\n\t\t\t\t\t\t\t\t\t\t\tColori forti e design \t\t\t\t\t\t\t\t\t\t\t<span>di buon gusto<\/span>\n\t\t\t\t\t\t\t\t\t\t<\/h2>\n\t\t\t\t\t\t\t\t\t<\/div>\n\t\t\t\t\t\t\t\t\t\t\t\t\t\t\t\t<\/div>\n\t\t\t\t\t\t<\/div>\n\t\t\t\t\t<\/div>\n\t\t\t\t<\/div>\n\t\t\t\t\t\t\t\t<div class=\"swiper-slide hero-image\">\n\t\t\t\t\t<div class=\"hero-image__image__wrapper\">\n\t\t\t\t\t\t<picture>\n\t\t\t\t\t\t\t<source media=\"(max-width: 767px)\" srcset=\"https:\/\/elbepools.com\/app\/uploads\/2025\/05\/SOLID-Moon-top-768x384.jpg\">\n\t\t\t\t\t\t\t<img decoding=\"async\" width=\"2048\" height=\"1024\" src=\"https:\/\/elbepools.com\/app\/uploads\/2025\/05\/SOLID-Moon-top-2048x1024.jpg\" class=\"attachment-hero-full size-hero-full\" alt=\"\" title=\"SOLID-Moon-top\" loading=\"eager\" srcset=\"https:\/\/elbepools.com\/app\/uploads\/2025\/05\/SOLID-Moon-top-2048x1024.jpg 2048w, https:\/\/elbepools.com\/app\/uploads\/2025\/05\/SOLID-Moon-top-1024x512.jpg 1024w, https:\/\/elbepools.com\/app\/uploads\/2025\/05\/SOLID-Moon-top-768x384.jpg 768w\" sizes=\"(max-width: 2048px) 100vw, 2048px\" \/>\t\t\t\t\t\t<\/picture>\n\t\t\t\t\t\t<img decoding=\"async\" class=\"wellenstruktur\" src=\"https:\/\/elbepools.com\/app\/themes\/jagdfieber\/img\/welle-ganz.png\">\n\t\t\t\t\t<\/div>\n\t\t\t\t\t<div class=\"caption\">\n\t\t\t\t\t\t<div class=\"caption-outer\">\n\t\t\t\t\t\t\t<div class=\"caption-inner\">\n\t\t\t\t\t\t\t\t\t\t\t\t\t\t\t\t\t<div class=\"caption--headline\">\n\t\t\t\t\t\t\t\t\t\t<h2 class=\"caption--headline__text no-wave\">\n\t\t\t\t\t\t\t\t\t\t\tTutto\t\t\t\t\t\t\t\t\t\t\t<span>\u00e8 possibile<\/span>\n\t\t\t\t\t\t\t\t\t\t<\/h2>\n\t\t\t\t\t\t\t\t\t<\/div>\n\t\t\t\t\t\t\t\t\t\t\t\t\t\t\t\t<\/div>\n\t\t\t\t\t\t<\/div>\n\t\t\t\t\t<\/div>\n\t\t\t\t<\/div>\n\t\t\t\t\t\t\t\t<div class=\"swiper-slide hero-image\">\n\t\t\t\t\t<div class=\"hero-image__image__wrapper\">\n\t\t\t\t\t\t<picture>\n\t\t\t\t\t\t\t<source media=\"(max-width: 767px)\" srcset=\"https:\/\/elbepools.com\/app\/uploads\/2025\/05\/UNIQUE-Tuscany-Sand-pool-nowm-768x384.jpg\">\n\t\t\t\t\t\t\t<img decoding=\"async\" width=\"2048\" height=\"1024\" src=\"https:\/\/elbepools.com\/app\/uploads\/2025\/05\/UNIQUE-Tuscany-Sand-pool-nowm-2048x1024.jpg\" class=\"attachment-hero-full size-hero-full\" alt=\"\" title=\"UNIQUE-Tuscany-Sand-pool-nowm\" loading=\"eager\" srcset=\"https:\/\/elbepools.com\/app\/uploads\/2025\/05\/UNIQUE-Tuscany-Sand-pool-nowm-2048x1024.jpg 2048w, https:\/\/elbepools.com\/app\/uploads\/2025\/05\/UNIQUE-Tuscany-Sand-pool-nowm-1024x512.jpg 1024w, https:\/\/elbepools.com\/app\/uploads\/2025\/05\/UNIQUE-Tuscany-Sand-pool-nowm-768x384.jpg 768w\" sizes=\"(max-width: 2048px) 100vw, 2048px\" \/>\t\t\t\t\t\t<\/picture>\n\t\t\t\t\t\t<img decoding=\"async\" class=\"wellenstruktur\" src=\"https:\/\/elbepools.com\/app\/themes\/jagdfieber\/img\/welle-ganz.png\">\n\t\t\t\t\t<\/div>\n\t\t\t\t\t<div class=\"caption\">\n\t\t\t\t\t\t<div class=\"caption-outer\">\n\t\t\t\t\t\t\t<div class=\"caption-inner\">\n\t\t\t\t\t\t\t\t\t\t\t\t\t\t\t\t\t<div class=\"caption--headline\">\n\t\t\t\t\t\t\t\t\t\t<h2 class=\"caption--headline__text no-wave\">\n\t\t\t\t\t\t\t\t\t\t\tUn\u2019estesa gamma \t\t\t\t\t\t\t\t\t\t\t<span>di colori<\/span>\n\t\t\t\t\t\t\t\t\t\t<\/h2>\n\t\t\t\t\t\t\t\t\t<\/div>\n\t\t\t\t\t\t\t\t\t\t\t\t\t\t\t\t<\/div>\n\t\t\t\t\t\t<\/div>\n\t\t\t\t\t<\/div>\n\t\t\t\t<\/div>\n\t\t\t\t\t\t\t\t<\/div> <!-- .swiper-wrapper -->\n\t\t\t\t<div class=\"swiper-button-next\"><svg><use xmlns:xlink=\"http:\/\/www.w3.org\/1999\/xlink\" xlink:href=\"#pfeil\"><\/use><\/svg><\/div>\n\t\t\t\t<div class=\"swiper-button-prev\"><svg><use xmlns:xlink=\"http:\/\/www.w3.org\/1999\/xlink\" xlink:href=\"#pfeil\"><\/use><\/svg><\/div>\n\t\t\t<\/div> <!-- .swiper-container -->\n\t\t\t<\/div><!-- .container -->\n\n\n\n<h2 class=\"wp-block-heading\">SEMPRE LA SCELTA GIUSTA.<\/h2>\n\n\n\n<p>Le membrane <strong>ELBE Pool Surface<sup>\u00ae<\/sup><\/strong> sono adatte alle forme e alle dimensioni di ogni piscina. I nostri prodotti sono la soluzione perfetta, sia che si tratti di una nuova piscina in costruzione, sia per la ristrutturazione di piscine gi\u00e0 esistenti. Piastrelle di ceramica, cemento, intonaco, metallo, rivestimenti in fibra di vetro o legno fa lo stesso: le membrane <strong>ELBE Pool Surface<sup>\u00ae<\/sup><\/strong> sono perfette per impermeabilizzare ogni tipo di piscina.<\/p>\n\n\n\n<p>Le nostre membrane rinforzate per piscina vengono sviluppate dal nostro team innovativo di esperti nella sede di Coswig, presso Dresda e realizzate in impianti di produzione all\u2019avanguardia.<br><\/p>\n\n\n\n<p>Rispettano gli standard richiesti dalla normativa dei giocattoli per bambini (EN 71-3), senza metalli pesanti e prodotte solo con materie prime di alta qualit\u00e0, le nostre membrane rinforzate per piscina <strong>ELBE Pool Surface<sup>\u00ae<\/sup><\/strong> soddisfano tutti i requisiti di un prodotto ecosostenibile.<br>Tutte le materie prime utilizzate nella produzione dell\u2019intera gamma <strong>ELBE Pool Surface<sup>\u00ae<\/sup><\/strong> vengono selezionate e testate secondo rigidi criteri di qualit\u00e0 e i nostri prodotti sottoposti a continui controlli.<\/p>\n\n\n\n<p>I nostri clienti possono aspettarsi da noi solo il meglio. La vostra salute e il vostro benessere sono per noi al primo posto. Garantiamo il nostro impergno per uno sviluppo innovativo futuro sempre in crescita. Oltre all\u2019ottimo servizio, la nostra azienda medio-piccola garantisce ai nostri clienti un rapporto di fiducia e collaborazione.<\/p>\n\n\n\n<p>Sempre la scelta giusta: con <strong>ELBE Pool Surface<sup>\u00ae<\/sup><\/strong> scegliete non solo la soluzione definitiva per la vostra piscina, ma anche gli specialisti delle membrane rinforzate per piscina.<\/p>\n\n\n\n<p><\/p>\n\n\n\n<div class=\"wp-block-group\"><div class=\"wp-block-group__inner-container is-layout-constrained wp-block-group-is-layout-constrained\">\n<h2 class=\"wp-block-heading\">SCOPRI IL CATALOGO PRODOTTI<br>ELBEPools 2026!<\/h2>\n\n\n\n<p>Siamo entusiasti di presentare il nostro nuovissimo <strong>catalogo prodotti ELBEPools 202<\/strong>6! Scopri le nostre ultime innovazioni, le soluzioni per piscine premium e i design all&#8217;avanguardia. Scarica subito il catalogo e lasciati ispirare per il tuo prossimo progetto.<br><\/p>\n\n\n\n<div class=\"wp-block-buttons is-content-justification-center is-layout-flex wp-container-core-buttons-is-layout-1 wp-block-buttons-is-layout-flex\">\n<div class=\"wp-block-button\"><a class=\"wp-block-button__link wp-element-button\" href=\"https:\/\/elbepools.com\/app\/uploads\/2026\/01\/ELBE-POOLS-and-PONDS-Catalogue-2026-EN-web-08.01.26.pdf\" target=\"_blank\" rel=\"noreferrer noopener\">Scarica qui<\/a><\/div>\n<\/div>\n\n\n\n<p><\/p>\n<\/div><\/div>\n\n\n\n<h2 class=\"wp-block-heading\">PRODOTTI INNOVATIVI &#8211; ECOSOSTENIBILI<\/h2>\n\n\n\n<p>Le nostre membrane per piscina <strong>ELBE Pool Surface<sup>\u00ae<\/sup><\/strong> di alta qualit\u00e0 vengono sviluppate nel nostro laboratorio. Durante il processo di produzione, usiamo esclusivamente materie prime vergini e pure, rinunciando totalmente ai materiali rigenerati e ai metalli pesanti. Il risultato \u00e8 un prodotto di prima qualit\u00e0, rispettoso delle risorse naturali e dell\u2019ambiente. Nonostante il minimo dispendio in termini di manutenzione e pulizia, il nostro prodotto non ha bisogno di essere rinnovato di frequente: in altre parole, il vostro rivestimento per piscina resta bello a lungo. Le nostre membrane per piscina convincono non solo come prodotto tecnico di alta qualit\u00e0, ma anche per un\u2019estetica perfetta. \u00bbELBE Pool Surface\u00ab \u00e8 sinonimo di qualit\u00e0 superiore, motivo per il quale possiamo dare con orgoglio una garanzia di impermeabilit\u00e0 di 15 anni sui nostri prodotti <strong>ELBE Pool Surface<sup>\u00ae<\/sup><\/strong> (a condizione che vengano posati da personale specializzato).<\/p>\n\n\n\n<p>Scoprite di pi\u00f9 sui nostri prodotti:<\/p>\n\n\n\n<div id=\"jf-color-gallery-block_76078c2ee512caf9b66f0e00f4d7135a\" class=\"jf-color-gallery-block\">\n\t\n\t\t\t<div class=\"flex justify-center colors\">\n\n\t\t\t\t\t\t\t\t\t<div class=\"color__wrapper flex justify-center gallery\">\n\t\t\t\t\t\t<div class=\"color__inner\">\n\t\t\t\t\t\t\t<div class=\"color__images\">\n\t\t\t\t\t\t\t\t\t\t\t\t\t\t\t\t\t<a class=\"image color__link\" href=\"https:\/\/elbepools.com\/it\/prodotti\/solid\/\">\n\t\t\t\t\t\t\t\t\t\t\t\t\t\t\t\t\t\t\t\t\t<div class=\"label--new\">nuovo<\/div>\n\t\t\t\t\t\t\t\t\t\t\t\t\t\t\t\t\t\t\t\t<img loading=\"lazy\" decoding=\"async\" width=\"150\" height=\"150\" src=\"https:\/\/elbepools.com\/app\/uploads\/2025\/03\/SOLID-Graphite-top-150x150.jpg\" class=\"attachment-thumbnail size-thumbnail\" alt=\"Nahaufnahme der SOLID Stone-Texturen, die eine realistische Naturstein\u00e4sthetik in warmen Erdt\u00f6nen zeigen.\" srcset=\"https:\/\/elbepools.com\/app\/uploads\/2025\/03\/SOLID-Graphite-top-150x150.jpg 150w, https:\/\/elbepools.com\/app\/uploads\/2025\/03\/SOLID-Graphite-top-400x400.jpg 400w\" sizes=\"auto, (max-width: 150px) 100vw, 150px\" \/>\t\t\t\t\t\t\t\t\t<\/a>\n\t\t\t\t\t\t\t\t\t\t\t\t\t\t\t\t\t\n\t\t\t\t\t\t\t\t\t\t\t\t\t\t\t<\/div>\n\n\t\t\t\t\t\t\t<div class=\"color__title\">\n\t\t\t\t\t\t\t\t\t\t\t\t\t\t\t\t\t<a class=\"color__title__link\" href=\"https:\/\/elbepools.com\/it\/prodotti\/solid\/\">SOLID Stone &#8211; 3D<\/a>\n\t\t\t\t\t\t\t\t\t\t\t\t\t\t\t<\/div>\n\t\t\t\t\t\t\t\t\t\t\t\t\t\t\t<div class=\"color__description\">\n\t\t\t\t\t\t\t\t\tScopri la nuova collezione SOLID Stone, con quattro splendidi nuovi colori, dalla trama ricca e una durata superiore. Arricchisci il tuo spazio piscina con l&#8217;eleganza della pietra naturale, reinterpretata per gli spazi moderni.\r\n\t\t\t\t\t\t\t\t<\/div>\n\t\t\t\t\t\t\t\t\t\t\t\t\t<\/div>\n\n\n\t\t\t\t\t<\/div>\n\n\n\t\t\t\t\t\t\t\t\t<div class=\"color__wrapper flex justify-center gallery\">\n\t\t\t\t\t\t<div class=\"color__inner\">\n\t\t\t\t\t\t\t<div class=\"color__images\">\n\t\t\t\t\t\t\t\t\t\t\t\t\t\t\t\t\t<a class=\"image color__link\" href=\"https:\/\/elbepools.com\/it\/prodotti\/unique\/\">\n\t\t\t\t\t\t\t\t\t\t\t\t\t\t\t\t\t\t\t\t\t<div class=\"label--new\">nuovo<\/div>\n\t\t\t\t\t\t\t\t\t\t\t\t\t\t\t\t\t\t\t\t<img loading=\"lazy\" decoding=\"async\" width=\"150\" height=\"150\" src=\"https:\/\/elbepools.com\/app\/uploads\/2025\/03\/UNIQUE-Cyprus-green-side-150x150.jpg\" class=\"attachment-thumbnail size-thumbnail\" alt=\"Area piscina di lusso valorizzata dai motivi sofisticati e dalla superficie perfettamente impermeabile di UNIQUE Tile.\" srcset=\"https:\/\/elbepools.com\/app\/uploads\/2025\/03\/UNIQUE-Cyprus-green-side-150x150.jpg 150w, https:\/\/elbepools.com\/app\/uploads\/2025\/03\/UNIQUE-Cyprus-green-side-400x400.jpg 400w\" sizes=\"auto, (max-width: 150px) 100vw, 150px\" \/>\t\t\t\t\t\t\t\t\t<\/a>\n\t\t\t\t\t\t\t\t\t\t\t\t\t\t\t\t\t\n\t\t\t\t\t\t\t\t\t\t\t\t\t\t\t<\/div>\n\n\t\t\t\t\t\t\t<div class=\"color__title\">\n\t\t\t\t\t\t\t\t\t\t\t\t\t\t\t\t\t<a class=\"color__title__link\" href=\"https:\/\/elbepools.com\/it\/prodotti\/unique\/\">UNIQUE Tile &#8211; 3D<\/a>\n\t\t\t\t\t\t\t\t\t\t\t\t\t\t\t<\/div>\n\t\t\t\t\t\t\t\t\t\t\t\t\t\t\t<div class=\"color__description\">\n\t\t\t\t\t\t\t\t\tScopri UNIQUE Tile, la membrana per piscine che unisce l\u2019eleganza delle piastrelle a una flessibilit\u00e0 e durata eccezionali. Disponibile in tre sorprendenti colori, per una finitura uniforme e sofisticata.\t\t\t\t\t\t\t\t<\/div>\n\t\t\t\t\t\t\t\t\t\t\t\t\t<\/div>\n\n\n\t\t\t\t\t<\/div>\n\n\n\t\t\t\t\t\t\t\t\t<div class=\"color__wrapper flex justify-center gallery\">\n\t\t\t\t\t\t<div class=\"color__inner\">\n\t\t\t\t\t\t\t<div class=\"color__images\">\n\t\t\t\t\t\t\t\t\t\t\t\t\t\t\t\t\t<a class=\"image color__link\" href=\"https:\/\/elbepools.com\/it\/prodotti\/motion\/\">\n\t\t\t\t\t\t\t\t\t\t\t\t\t\t\t\t\t\t\t\t<img loading=\"lazy\" decoding=\"async\" width=\"150\" height=\"150\" src=\"https:\/\/elbepools.com\/app\/uploads\/2023\/06\/elitedeepsea-150x150.jpg\" class=\"attachment-thumbnail size-thumbnail\" alt=\"\" srcset=\"https:\/\/elbepools.com\/app\/uploads\/2023\/06\/elitedeepsea-150x150.jpg 150w, https:\/\/elbepools.com\/app\/uploads\/2023\/06\/elitedeepsea-400x400.jpg 400w\" sizes=\"auto, (max-width: 150px) 100vw, 150px\" \/>\t\t\t\t\t\t\t\t\t<\/a>\n\t\t\t\t\t\t\t\t\t\t\t\t\t\t\t\t\t\n\t\t\t\t\t\t\t\t\t\t\t\t\t\t\t<\/div>\n\n\t\t\t\t\t\t\t<div class=\"color__title\">\n\t\t\t\t\t\t\t\t\t\t\t\t\t\t\t\t\t<a class=\"color__title__link\" href=\"https:\/\/elbepools.com\/it\/prodotti\/motion\/\">MOTION &#8211; 3D<\/a>\n\t\t\t\t\t\t\t\t\t\t\t\t\t\t\t<\/div>\n\t\t\t\t\t\t\t\t\t\t\t\t\t\t\t<div class=\"color__description\">\n\t\t\t\t\t\t\t\t\tRivestimento per piscine di alta qualit\u00e0, rinforzato e monocromatico, con elegante goffratura 3D per un effetto raffinato e moderno.\t\t\t\t\t\t\t\t<\/div>\n\t\t\t\t\t\t\t\t\t\t\t\t\t<\/div>\n\n\n\t\t\t\t\t<\/div>\n\n\n\t\t\t\t\t\t\t\t\t<div class=\"color__wrapper flex justify-center gallery\">\n\t\t\t\t\t\t<div class=\"color__inner\">\n\t\t\t\t\t\t\t<div class=\"color__images\">\n\t\t\t\t\t\t\t\t\t\t\t\t\t\t\t\t\t<a class=\"image color__link\" href=\"https:\/\/elbepools.com\/it\/prodotti\/elite\/\">\n\t\t\t\t\t\t\t\t\t\t\t\t\t\t\t\t\t\t\t\t<img loading=\"lazy\" decoding=\"async\" width=\"150\" height=\"150\" src=\"https:\/\/elbepools.com\/app\/uploads\/2020\/06\/Deap-Sea-150x150.jpg\" class=\"attachment-thumbnail size-thumbnail\" alt=\"ELBE ELITE gewebeverst\u00e4rkte Schwimmbadbahnen - qualitativ hochwertigste Schwimmbadfolie\" srcset=\"https:\/\/elbepools.com\/app\/uploads\/2020\/06\/Deap-Sea-150x150.jpg 150w, https:\/\/elbepools.com\/app\/uploads\/2020\/06\/Deap-Sea-400x400.jpg 400w\" sizes=\"auto, (max-width: 150px) 100vw, 150px\" \/>\t\t\t\t\t\t\t\t\t<\/a>\n\t\t\t\t\t\t\t\t\t\t\t\t\t\t\t\t\t\n\t\t\t\t\t\t\t\t\t\t\t\t\t\t\t<\/div>\n\n\t\t\t\t\t\t\t<div class=\"color__title\">\n\t\t\t\t\t\t\t\t\t\t\t\t\t\t\t\t\t<a class=\"color__title__link\" href=\"https:\/\/elbepools.com\/it\/prodotti\/elite\/\">ELITE<\/a>\n\t\t\t\t\t\t\t\t\t\t\t\t\t\t\t<\/div>\n\t\t\t\t\t\t\t\t\t\t\t\t\t\t\t<div class=\"color__description\">\n\t\t\t\t\t\t\t\t\tIl miglior liner per piscine sul mercato, ultra resistente allo sbiadimento causato da cloro e sole &#8211; privo di ftalati. Perfetto per una piscina sempre brillante e duratura.\t\t\t\t\t\t\t\t<\/div>\n\t\t\t\t\t\t\t\t\t\t\t\t\t<\/div>\n\n\n\t\t\t\t\t<\/div>\n\n\n\t\t\t\t\t\t\t\t\t<div class=\"color__wrapper flex justify-center gallery\">\n\t\t\t\t\t\t<div class=\"color__inner\">\n\t\t\t\t\t\t\t<div class=\"color__images\">\n\t\t\t\t\t\t\t\t\t\t\t\t\t\t\t\t\t<a class=\"image color__link\" href=\"https:\/\/elbepools.com\/it\/prodotti\/pearl\/\">\n\t\t\t\t\t\t\t\t\t\t\t\t\t\t\t\t\t\t\t\t<img loading=\"lazy\" decoding=\"async\" width=\"150\" height=\"150\" src=\"https:\/\/elbepools.com\/app\/uploads\/2020\/06\/Pearl-Black-2-150x150.jpg\" class=\"attachment-thumbnail size-thumbnail\" alt=\"\" srcset=\"https:\/\/elbepools.com\/app\/uploads\/2020\/06\/Pearl-Black-2-150x150.jpg 150w, https:\/\/elbepools.com\/app\/uploads\/2020\/06\/Pearl-Black-2-400x400.jpg 400w\" sizes=\"auto, (max-width: 150px) 100vw, 150px\" \/>\t\t\t\t\t\t\t\t\t<\/a>\n\t\t\t\t\t\t\t\t\t\t\t\t\t\t\t\t\t\n\t\t\t\t\t\t\t\t\t\t\t\t\t\t\t<\/div>\n\n\t\t\t\t\t\t\t<div class=\"color__title\">\n\t\t\t\t\t\t\t\t\t\t\t\t\t\t\t\t\t<a class=\"color__title__link\" href=\"https:\/\/elbepools.com\/it\/prodotti\/pearl\/\">PEARL<\/a>\n\t\t\t\t\t\t\t\t\t\t\t\t\t\t\t<\/div>\n\t\t\t\t\t\t\t\t\t\t\t\t\t\t\t<div class=\"color__description\">\n\t\t\t\t\t\t\t\t\tEffetto glitter e giochi di luce affascinanti sulla superficie dell\u2019acqua. Disponibile in diverse finiture e colori eleganti per un tocco esclusivo.\t\t\t\t\t\t\t\t<\/div>\n\t\t\t\t\t\t\t\t\t\t\t\t\t<\/div>\n\n\n\t\t\t\t\t<\/div>\n\n\n\t\t\t\t\t\t\t\t\t<div class=\"color__wrapper flex justify-center gallery\">\n\t\t\t\t\t\t<div class=\"color__inner\">\n\t\t\t\t\t\t\t<div class=\"color__images\">\n\t\t\t\t\t\t\t\t\t\t\t\t\t\t\t\t\t<a class=\"image color__link\" href=\"https:\/\/elbepools.com\/it\/prodotti\/membrane-stampate\/\">\n\t\t\t\t\t\t\t\t\t\t\t\t\t\t\t\t\t\t\t\t<img loading=\"lazy\" decoding=\"async\" width=\"150\" height=\"150\" src=\"https:\/\/elbepools.com\/app\/uploads\/2020\/06\/Azur-Mosaik-150x150.jpg\" class=\"attachment-thumbnail size-thumbnail\" alt=\"\" srcset=\"https:\/\/elbepools.com\/app\/uploads\/2020\/06\/Azur-Mosaik-150x150.jpg 150w, https:\/\/elbepools.com\/app\/uploads\/2020\/06\/Azur-Mosaik-400x400.jpg 400w\" sizes=\"auto, (max-width: 150px) 100vw, 150px\" \/>\t\t\t\t\t\t\t\t\t<\/a>\n\t\t\t\t\t\t\t\t\t\t\t\t\t\t\t\t\t\n\t\t\t\t\t\t\t\t\t\t\t\t\t\t\t<\/div>\n\n\t\t\t\t\t\t\t<div class=\"color__title\">\n\t\t\t\t\t\t\t\t\t\t\t\t\t\t\t\t\t<a class=\"color__title__link\" href=\"https:\/\/elbepools.com\/it\/prodotti\/membrane-stampate\/\">MEMBRANE STAMPATE<\/a>\n\t\t\t\t\t\t\t\t\t\t\t\t\t\t\t<\/div>\n\t\t\t\t\t\t\t\t\t\t\t\t\t\t\t<div class=\"color__description\">\n\t\t\t\t\t\t\t\t\tLiner per piscine con design a mosaico e superficie di alta qualit\u00e0, progettato per una protezione extra contro macchie e scolorimento. Disponibile anche in colori pieni.\t\t\t\t\t\t\t\t<\/div>\n\t\t\t\t\t\t\t\t\t\t\t\t\t<\/div>\n\n\n\t\t\t\t\t<\/div>\n\n\n\t\t\t\t\t\t\t\t\t<div class=\"color__wrapper flex justify-center gallery\">\n\t\t\t\t\t\t<div class=\"color__inner\">\n\t\t\t\t\t\t\t<div class=\"color__images\">\n\t\t\t\t\t\t\t\t\t\t\t\t\t\t\t\t\t<a class=\"image color__link\" href=\"https:\/\/elbepools.com\/it\/prodotti\/membrane-a-tinta-unita\/\">\n\t\t\t\t\t\t\t\t\t\t\t\t\t\t\t\t\t\t\t\t<img loading=\"lazy\" decoding=\"async\" width=\"150\" height=\"150\" src=\"https:\/\/elbepools.com\/app\/uploads\/2020\/06\/Sand-1-150x150.jpg\" class=\"attachment-thumbnail size-thumbnail\" alt=\"Ansicht Farbe Sand Classic und SUPRA Schwimmbadbahnen\" srcset=\"https:\/\/elbepools.com\/app\/uploads\/2020\/06\/Sand-1-150x150.jpg 150w, https:\/\/elbepools.com\/app\/uploads\/2020\/06\/Sand-1-400x400.jpg 400w\" sizes=\"auto, (max-width: 150px) 100vw, 150px\" \/>\t\t\t\t\t\t\t\t\t<\/a>\n\t\t\t\t\t\t\t\t\t\t\t\t\t\t\t\t\t\n\t\t\t\t\t\t\t\t\t\t\t\t\t\t\t<\/div>\n\n\t\t\t\t\t\t\t<div class=\"color__title\">\n\t\t\t\t\t\t\t\t\t\t\t\t\t\t\t\t\t<a class=\"color__title__link\" href=\"https:\/\/elbepools.com\/it\/prodotti\/membrane-a-tinta-unita\/\">MEMBRANE MONOCOLORE<\/a>\n\t\t\t\t\t\t\t\t\t\t\t\t\t\t\t<\/div>\n\t\t\t\t\t\t\t\t\t\t\t\t\t\t\t<div class=\"color__description\">\n\t\t\t\t\t\t\t\t\tCLASSIC E LACCATA SUPRA\r\nIl nostro classico disponibile in 10 tonalit\u00e0. Membrana laccata disponible in 9 tonalit\u00e0. Resistente agli strappi e durevole, per un divertimento in piscina che dura nel tempo.\t\t\t\t\t\t\t\t<\/div>\n\t\t\t\t\t\t\t\t\t\t\t\t\t<\/div>\n\n\n\t\t\t\t\t<\/div>\n\n\n\t\t\t\t\n\t\t\t<\/div>\n\n\t\t\n\t\n<\/div>\n\n\n\n<p><\/p>\n","protected":false},"excerpt":{"rendered":"<p>SEMPRE LA SCELTA GIUSTA. Le membrane ELBE Pool Surface\u00ae sono adatte alle forme e alle dimensioni di ogni piscina. I nostri prodotti sono la soluzione perfetta, sia che si tratti di una nuova piscina in costruzione, sia per la ristrutturazione di piscine gi\u00e0 esistenti. Piastrelle di ceramica, cemento, intonaco, metallo, rivestimenti in fibra di vetro [&hellip;]<\/p>\n","protected":false},"author":2,"featured_media":0,"parent":0,"menu_order":0,"comment_status":"closed","ping_status":"closed","template":"","meta":{"_acf_changed":false,"footnotes":""},"class_list":["post-8932","page","type-page","status-publish","hentry"],"acf":[],"_links":{"self":[{"href":"https:\/\/elbepools.com\/it\/wp-json\/wp\/v2\/pages\/8932","targetHints":{"allow":["GET"]}}],"collection":[{"href":"https:\/\/elbepools.com\/it\/wp-json\/wp\/v2\/pages"}],"about":[{"href":"https:\/\/elbepools.com\/it\/wp-json\/wp\/v2\/types\/page"}],"author":[{"embeddable":true,"href":"https:\/\/elbepools.com\/it\/wp-json\/wp\/v2\/users\/2"}],"replies":[{"embeddable":true,"href":"https:\/\/elbepools.com\/it\/wp-json\/wp\/v2\/comments?post=8932"}],"version-history":[{"count":20,"href":"https:\/\/elbepools.com\/it\/wp-json\/wp\/v2\/pages\/8932\/revisions"}],"predecessor-version":[{"id":25750,"href":"https:\/\/elbepools.com\/it\/wp-json\/wp\/v2\/pages\/8932\/revisions\/25750"}],"wp:attachment":[{"href":"https:\/\/elbepools.com\/it\/wp-json\/wp\/v2\/media?parent=8932"}],"curies":[{"name":"wp","href":"https:\/\/api.w.org\/{rel}","templated":true}]}}