{"id":8898,"date":"2021-03-04T14:38:28","date_gmt":"2021-03-04T13:38:28","guid":{"rendered":"https:\/\/elbepools.com\/?page_id=8898"},"modified":"2026-01-12T14:51:58","modified_gmt":"2026-01-12T13:51:58","slug":"pagina-principale","status":"publish","type":"page","link":"https:\/\/elbepools.com\/it\/","title":{"rendered":"Pagina principale"},"content":{"rendered":"\n<div id=\"fp-video-header-block_8d31865807fd108990ab64344850a50f\" class=\"fp-video-header-block alignfull\">\n\t\t\t<div class=\"hero-video\">\n\t\t\t<div class=\"hero-video__wrapper\">\n\t\t\t\t\t\t\t\t\t<video\n\t\t\t\t\t\tclass=\"hero-video__element\"\n\t\t\t\t\t\tautoplay\n\t\t\t\t\t\tmuted\n\t\t\t\t\t\tloop\n\t\t\t\t\t\tplaysinline\n\t\t\t\t\t\tpreload=\"metadata\"\n\t\t\t\t\t\t\t\t\t\t\t\t\tposter=\"https:\/\/elbepools.com\/app\/uploads\/2025\/12\/Slider_Standbild.png\"\n\t\t\t\t\t\t\t\t\t\t\t>\n\t\t\t\t\t\t\t\t\t\t\t\t\t<source src=\"https:\/\/elbepools.com\/app\/uploads\/2025\/12\/VideoStartseite_UHD.webm\" media=\"(min-width: 1920px)\" type=\"video\/webm\">\n\t\t\t\t\t\t\t\t\t\t\t\t\t\t\t\t\t\t\t<source src=\"https:\/\/elbepools.com\/app\/uploads\/2025\/12\/VideoStartseite_HD.webm\" media=\"(min-width: 1280px)\" type=\"video\/webm\">\n\t\t\t\t\t\t\t\t\t\t\t\t\t\t\t\t\t\t\t<source src=\"https:\/\/elbepools.com\/app\/uploads\/2025\/12\/VideoStartseite_Tablet.webm\" media=\"(min-width: 768px)\" type=\"video\/webm\">\n\t\t\t\t\t\t\t\t\t\t\t\t\t\t\t\t\t\t\t<source src=\"https:\/\/elbepools.com\/app\/uploads\/2025\/12\/VideoStartseite_Handy.webm\" type=\"video\/webm\">\n\t\t\t\t\t\t\t\t\t\t\t\t\t\t\t\t\t\t\t<source src=\"https:\/\/elbepools.com\/app\/uploads\/2025\/12\/VideoStartseite_HD.mp4\" type=\"video\/mp4\">\n\t\t\t\t\t\t\t\t\t\t\t\t<p>Your browser does not support the video tag.<\/p>\n\t\t\t\t\t<\/video>\n\t\t\t\t\n\t\t\t\t<img decoding=\"async\" class=\"wellenstruktur\" src=\"https:\/\/elbepools.com\/app\/themes\/jagdfieber\/img\/welle-ganz.png\" alt=\"\">\n\t\t\t<\/div>\n\n\t\t\t\t\t<\/div>\n\t<\/div>\n\n\n\n\n<div class=\"wp-block-group\"><div class=\"wp-block-group__inner-container is-layout-constrained wp-block-group-is-layout-constrained\">\n<h2 class=\"wp-block-heading\">DI OGNI FORMA. DI OGNI DIMENSIONE. <br>PER TUTTI I GUSTI.<\/h2>\n\n\n\n<p>Le membrane rinforzate della marca <strong>ELBE Pool Surface<sup>\u00ae<\/sup><\/strong> sono l\u2019impermeabilizzazione perfetta per ogni piscina. Che si tratti di una piscina nuova o di una da ristrutturare, di una piscina privata o di una pubblica, <strong>ELBE Pool Surface<sup>\u00ae<\/sup><\/strong> offre soluzioni personalizzate per ogni necessit\u00e0. Forme e dimensioni non sono determinanti, ma la cosa migliore \u00e8 che grazie al nostro vasto assortimento non ci sono limiti alla fantasia. Le numerose possibilit\u00e0 d\u2019impiego e la variet\u00e0 dei design convincono a pieno proprietari, installatori e progettisti di piscine di tutto il mondo.<\/p>\n\n\n\n<p><strong><strong>ELBE Pool Surface<sup>\u00ae<\/sup><\/strong><\/strong> \u00e8 uno dei marchi leader a livello internazionale che rappresenta la qualit\u00e0 dei prodotti \u00bbMade in Germany\u00ab, la produzione sostenibile e un servizio completo. <\/p>\n\n\n\n<div class=\"wp-block-buttons is-content-justification-center is-layout-flex wp-container-core-buttons-is-layout-1 wp-block-buttons-is-layout-flex\">\n<div class=\"wp-block-button is-style-outline is-style-outline--1\"><a class=\"wp-block-button__link wp-element-button\" href=\"https:\/\/elbepools.com\/it\/chi-siamo\/\">Venite a trovarci!<\/a><\/div>\n<\/div>\n<\/div><\/div>\n\n\n\n<p><\/p>\n\n\n\n<div class=\"wp-block-group\"><div class=\"wp-block-group__inner-container is-layout-constrained wp-block-group-is-layout-constrained\">\n<h2 class=\"wp-block-heading\">SCOPRI IL CATALOGO PRODOTTI<br>ELBEPools 2026!<\/h2>\n\n\n\n<p>Siamo entusiasti di presentare il nostro nuovissimo <strong>catalogo prodotti ELBEPools 202<\/strong>6! Scopri le nostre ultime innovazioni, le soluzioni per piscine premium e i design all&#8217;avanguardia. Scarica subito il catalogo e lasciati ispirare per il tuo prossimo progetto.<br><\/p>\n\n\n\n<div class=\"wp-block-buttons is-content-justification-center is-layout-flex wp-container-core-buttons-is-layout-2 wp-block-buttons-is-layout-flex\">\n<div class=\"wp-block-button\"><a class=\"wp-block-button__link wp-element-button\" href=\"https:\/\/elbepools.com\/app\/uploads\/2026\/01\/ELBE-POOLS-and-PONDS-Catalogue-2026-EN-web-08.01.26.pdf\" target=\"_blank\" rel=\"noreferrer noopener\">Scarica qui<\/a><\/div>\n<\/div>\n\n\n\n<p><\/p>\n<\/div><\/div>\n\n\n\n<h2 class=\"wp-block-heading\">TANTE SOLUZIONI PER UNA PISCINA PERSONALIZZATA.<\/h2>\n\n\n\n<p>Le membrane rinforzate <strong>ELBE Pool Surface<sup>\u00ae<\/sup><\/strong> si adattano a ogni piscina, a prescindere dalle dimensioni, forme o design. I nostri rivestimenti vengono adattati alla vostra piscina direttamente in loco da posatori specializzati. Nella nostra gamma di qualit\u00e0 potete scegliere i colori e i design pi\u00f9 adatti a voi e al vostro stile. Non c\u2019\u00e8 limite alla vostra fantasia.<\/p>\n\n\n\n<div id=\"jf-color-gallery-block_c71f7590b8ff761a509024b3ce906ca8\" class=\"jf-color-gallery-block alignwide\">\n\t\n\t\t\t<div class=\"flex justify-center colors\">\n\n\t\t\t\t\t\t\t\t\t<div class=\"color__wrapper flex justify-center gallery\">\n\t\t\t\t\t\t<div class=\"color__inner\">\n\t\t\t\t\t\t\t<div class=\"color__images\">\n\t\t\t\t\t\t\t\t\t\t\t\t\t\t\t\t\t<a class=\"image color__link\" href=\"https:\/\/elbepools.com\/it\/prodotti\/solid\/\">\n\t\t\t\t\t\t\t\t\t\t\t\t\t\t\t\t\t\t\t\t\t<div class=\"label--new\">nuovo<\/div>\n\t\t\t\t\t\t\t\t\t\t\t\t\t\t\t\t\t\t\t\t<img loading=\"lazy\" decoding=\"async\" width=\"150\" height=\"150\" src=\"https:\/\/elbepools.com\/app\/uploads\/2025\/03\/SOLID-Graphite-top-150x150.jpg\" class=\"attachment-thumbnail size-thumbnail\" alt=\"Nahaufnahme der SOLID Stone-Texturen, die eine realistische Naturstein\u00e4sthetik in warmen Erdt\u00f6nen zeigen.\" srcset=\"https:\/\/elbepools.com\/app\/uploads\/2025\/03\/SOLID-Graphite-top-150x150.jpg 150w, https:\/\/elbepools.com\/app\/uploads\/2025\/03\/SOLID-Graphite-top-400x400.jpg 400w\" sizes=\"auto, (max-width: 150px) 100vw, 150px\" \/>\t\t\t\t\t\t\t\t\t<\/a>\n\t\t\t\t\t\t\t\t\t\t\t\t\t\t\t\t\t\n\t\t\t\t\t\t\t\t\t\t\t\t\t\t\t<\/div>\n\n\t\t\t\t\t\t\t<div class=\"color__title\">\n\t\t\t\t\t\t\t\t\t\t\t\t\t\t\t\t\t<a class=\"color__title__link\" href=\"https:\/\/elbepools.com\/it\/prodotti\/solid\/\">SOLIDE Stone<\/a>\n\t\t\t\t\t\t\t\t\t\t\t\t\t\t\t<\/div>\n\t\t\t\t\t\t\t\t\t\t\t\t\t<\/div>\n\n\n\t\t\t\t\t<\/div>\n\n\n\t\t\t\t\t\t\t\t\t<div class=\"color__wrapper flex justify-center gallery\">\n\t\t\t\t\t\t<div class=\"color__inner\">\n\t\t\t\t\t\t\t<div class=\"color__images\">\n\t\t\t\t\t\t\t\t\t\t\t\t\t\t\t\t\t<a class=\"image color__link\" href=\"https:\/\/elbepools.com\/it\/prodotti\/unique\/\">\n\t\t\t\t\t\t\t\t\t\t\t\t\t\t\t\t\t\t\t\t\t<div class=\"label--new\">nuovo<\/div>\n\t\t\t\t\t\t\t\t\t\t\t\t\t\t\t\t\t\t\t\t<img loading=\"lazy\" decoding=\"async\" width=\"150\" height=\"150\" src=\"https:\/\/elbepools.com\/app\/uploads\/2025\/03\/UNIQUE-Tuscany-sand-side-150x150.jpg\" class=\"attachment-thumbnail size-thumbnail\" alt=\"Area piscina di lusso valorizzata dai motivi sofisticati e dalla superficie perfettamente impermeabile di UNIQUE Tile.\" srcset=\"https:\/\/elbepools.com\/app\/uploads\/2025\/03\/UNIQUE-Tuscany-sand-side-150x150.jpg 150w, https:\/\/elbepools.com\/app\/uploads\/2025\/03\/UNIQUE-Tuscany-sand-side-400x400.jpg 400w\" sizes=\"auto, (max-width: 150px) 100vw, 150px\" \/>\t\t\t\t\t\t\t\t\t<\/a>\n\t\t\t\t\t\t\t\t\t\t\t\t\t\t\t\t\t\n\t\t\t\t\t\t\t\t\t\t\t\t\t\t\t<\/div>\n\n\t\t\t\t\t\t\t<div class=\"color__title\">\n\t\t\t\t\t\t\t\t\t\t\t\t\t\t\t\t\t<a class=\"color__title__link\" href=\"https:\/\/elbepools.com\/it\/prodotti\/unique\/\">UNIQUE Tile<\/a>\n\t\t\t\t\t\t\t\t\t\t\t\t\t\t\t<\/div>\n\t\t\t\t\t\t\t\t\t\t\t\t\t<\/div>\n\n\n\t\t\t\t\t<\/div>\n\n\n\t\t\t\t\t\t\t\t\t<div class=\"color__wrapper flex justify-center gallery\">\n\t\t\t\t\t\t<div class=\"color__inner\">\n\t\t\t\t\t\t\t<div class=\"color__images\">\n\t\t\t\t\t\t\t\t\t\t\t\t\t\t\t\t\t<a class=\"image color__link\" href=\"https:\/\/elbepools.com\/it\/prodotti\/elite-motion\/\">\n\t\t\t\t\t\t\t\t\t\t\t\t\t\t\t\t\t\t\t\t<img loading=\"lazy\" decoding=\"async\" width=\"150\" height=\"150\" src=\"https:\/\/elbepools.com\/app\/uploads\/2023\/05\/elite-motion-SandBeach-150x150.jpg\" class=\"attachment-thumbnail size-thumbnail\" alt=\"\" srcset=\"https:\/\/elbepools.com\/app\/uploads\/2023\/05\/elite-motion-SandBeach-150x150.jpg 150w, https:\/\/elbepools.com\/app\/uploads\/2023\/05\/elite-motion-SandBeach-400x400.jpg 400w, https:\/\/elbepools.com\/app\/uploads\/2023\/05\/elite-motion-SandBeach-1024x1024.jpg 1024w\" sizes=\"auto, (max-width: 150px) 100vw, 150px\" \/>\t\t\t\t\t\t\t\t\t<\/a>\n\t\t\t\t\t\t\t\t\t\t\t\t\t\t\t\t\t\n\t\t\t\t\t\t\t\t\t\t\t\t\t\t\t<\/div>\n\n\t\t\t\t\t\t\t<div class=\"color__title\">\n\t\t\t\t\t\t\t\t\t\t\t\t\t\t\t\t\t<a class=\"color__title__link\" href=\"https:\/\/elbepools.com\/it\/prodotti\/elite-motion\/\">motion<\/a>\n\t\t\t\t\t\t\t\t\t\t\t\t\t\t\t<\/div>\n\t\t\t\t\t\t\t\t\t\t\t\t\t<\/div>\n\n\n\t\t\t\t\t<\/div>\n\n\n\t\t\t\t\t\t\t\t\t<div class=\"color__wrapper flex justify-center gallery\">\n\t\t\t\t\t\t<div class=\"color__inner\">\n\t\t\t\t\t\t\t<div class=\"color__images\">\n\t\t\t\t\t\t\t\t\t\t\t\t\t\t\t\t\t<a class=\"image color__link\" href=\"https:\/\/elbepools.com\/it\/prodotti\/elite\/\">\n\t\t\t\t\t\t\t\t\t\t\t\t\t\t\t\t\t\t\t\t<img loading=\"lazy\" decoding=\"async\" width=\"150\" height=\"150\" src=\"https:\/\/elbepools.com\/app\/uploads\/2020\/06\/Deap-Sea-1-150x150.jpg\" class=\"attachment-thumbnail size-thumbnail\" alt=\"\" srcset=\"https:\/\/elbepools.com\/app\/uploads\/2020\/06\/Deap-Sea-1-150x150.jpg 150w, https:\/\/elbepools.com\/app\/uploads\/2020\/06\/Deap-Sea-1-400x400.jpg 400w\" sizes=\"auto, (max-width: 150px) 100vw, 150px\" \/>\t\t\t\t\t\t\t\t\t<\/a>\n\t\t\t\t\t\t\t\t\t\t\t\t\t\t\t\t\t\n\t\t\t\t\t\t\t\t\t\t\t\t\t\t\t<\/div>\n\n\t\t\t\t\t\t\t<div class=\"color__title\">\n\t\t\t\t\t\t\t\t\t\t\t\t\t\t\t\t\t<a class=\"color__title__link\" href=\"https:\/\/elbepools.com\/it\/prodotti\/elite\/\">elite<sup>\u00ae<\/sup><\/a>\n\t\t\t\t\t\t\t\t\t\t\t\t\t\t\t<\/div>\n\t\t\t\t\t\t\t\t\t\t\t\t\t<\/div>\n\n\n\t\t\t\t\t<\/div>\n\n\n\t\t\t\t\t\t\t\t\t<div class=\"color__wrapper flex justify-center gallery\">\n\t\t\t\t\t\t<div class=\"color__inner\">\n\t\t\t\t\t\t\t<div class=\"color__images\">\n\t\t\t\t\t\t\t\t\t\t\t\t\t\t\t\t\t<a class=\"image color__link\" href=\"https:\/\/elbepools.com\/it\/prodotti\/pearl\/\">\n\t\t\t\t\t\t\t\t\t\t\t\t\t\t\t\t\t\t\t\t<img loading=\"lazy\" decoding=\"async\" width=\"150\" height=\"150\" src=\"https:\/\/elbepools.com\/app\/uploads\/2020\/06\/Pearl-Black-150x150.jpg\" class=\"attachment-thumbnail size-thumbnail\" alt=\"\" srcset=\"https:\/\/elbepools.com\/app\/uploads\/2020\/06\/Pearl-Black-150x150.jpg 150w, https:\/\/elbepools.com\/app\/uploads\/2020\/06\/Pearl-Black-400x400.jpg 400w\" sizes=\"auto, (max-width: 150px) 100vw, 150px\" \/>\t\t\t\t\t\t\t\t\t<\/a>\n\t\t\t\t\t\t\t\t\t\t\t\t\t\t\t\t\t\n\t\t\t\t\t\t\t\t\t\t\t\t\t\t\t<\/div>\n\n\t\t\t\t\t\t\t<div class=\"color__title\">\n\t\t\t\t\t\t\t\t\t\t\t\t\t\t\t\t\t<a class=\"color__title__link\" href=\"https:\/\/elbepools.com\/it\/prodotti\/pearl\/\">PEARL <\/a>\n\t\t\t\t\t\t\t\t\t\t\t\t\t\t\t<\/div>\n\t\t\t\t\t\t\t\t\t\t\t\t\t<\/div>\n\n\n\t\t\t\t\t<\/div>\n\n\n\t\t\t\t\t\t\t\t\t<div class=\"color__wrapper flex justify-center gallery\">\n\t\t\t\t\t\t<div class=\"color__inner\">\n\t\t\t\t\t\t\t<div class=\"color__images\">\n\t\t\t\t\t\t\t\t\t\t\t\t\t\t\t\t\t<a class=\"image color__link\" href=\"https:\/\/elbepools.com\/it\/prodotti\/membrane-stampate\/\">\n\t\t\t\t\t\t\t\t\t\t\t\t\t\t\t\t\t\t\t\t<img loading=\"lazy\" decoding=\"async\" width=\"150\" height=\"150\" src=\"https:\/\/elbepools.com\/app\/uploads\/2020\/12\/Azur-Mosaik_neu-scaled-150x150.jpg\" class=\"attachment-thumbnail size-thumbnail\" alt=\"\" srcset=\"https:\/\/elbepools.com\/app\/uploads\/2020\/12\/Azur-Mosaik_neu-scaled-150x150.jpg 150w, https:\/\/elbepools.com\/app\/uploads\/2020\/12\/Azur-Mosaik_neu-scaled-400x400.jpg 400w\" sizes=\"auto, (max-width: 150px) 100vw, 150px\" \/>\t\t\t\t\t\t\t\t\t<\/a>\n\t\t\t\t\t\t\t\t\t\t\t\t\t\t\t\t\t\n\t\t\t\t\t\t\t\t\t\t\t\t\t\t\t<\/div>\n\n\t\t\t\t\t\t\t<div class=\"color__title\">\n\t\t\t\t\t\t\t\t\t\t\t\t\t\t\t\t\t<a class=\"color__title__link\" href=\"https:\/\/elbepools.com\/it\/prodotti\/membrane-stampate\/\">membrane stampate<\/a>\n\t\t\t\t\t\t\t\t\t\t\t\t\t\t\t<\/div>\n\t\t\t\t\t\t\t\t\t\t\t\t\t<\/div>\n\n\n\t\t\t\t\t<\/div>\n\n\n\t\t\t\t\t\t\t\t\t<div class=\"color__wrapper flex justify-center gallery\">\n\t\t\t\t\t\t<div class=\"color__inner\">\n\t\t\t\t\t\t\t<div class=\"color__images\">\n\t\t\t\t\t\t\t\t\t\t\t\t\t\t\t\t\t<a class=\"image color__link\" href=\"https:\/\/elbepools.com\/it\/prodotti\/membrane-a-tinta-unita\/\">\n\t\t\t\t\t\t\t\t\t\t\t\t\t\t\t\t\t\t\t\t<img loading=\"lazy\" decoding=\"async\" width=\"150\" height=\"150\" src=\"https:\/\/elbepools.com\/app\/uploads\/2020\/06\/Adriatic-Blue-150x150.jpg\" class=\"attachment-thumbnail size-thumbnail\" alt=\"\" srcset=\"https:\/\/elbepools.com\/app\/uploads\/2020\/06\/Adriatic-Blue-150x150.jpg 150w, https:\/\/elbepools.com\/app\/uploads\/2020\/06\/Adriatic-Blue-400x400.jpg 400w\" sizes=\"auto, (max-width: 150px) 100vw, 150px\" \/>\t\t\t\t\t\t\t\t\t<\/a>\n\t\t\t\t\t\t\t\t\t\t\t\t\t\t\t\t\t\n\t\t\t\t\t\t\t\t\t\t\t\t\t\t\t<\/div>\n\n\t\t\t\t\t\t\t<div class=\"color__title\">\n\t\t\t\t\t\t\t\t\t\t\t\t\t\t\t\t\t<a class=\"color__title__link\" href=\"https:\/\/elbepools.com\/it\/prodotti\/membrane-a-tinta-unita\/\">membrane a tinta unita<\/a>\n\t\t\t\t\t\t\t\t\t\t\t\t\t\t\t<\/div>\n\t\t\t\t\t\t\t\t\t\t\t\t\t<\/div>\n\n\n\t\t\t\t\t<\/div>\n\n\n\t\t\t\t\n\t\t\t<\/div>\n\n\t\t\n\t\n<\/div>\n\n\n\n<div class=\"wp-block-buttons is-content-justification-center is-layout-flex wp-container-core-buttons-is-layout-3 wp-block-buttons-is-layout-flex\">\n<div class=\"wp-block-button is-style-outline is-style-outline--2\"><a class=\"wp-block-button__link wp-element-button\" href=\"https:\/\/elbepools.com\/it\/configuratore-piscine\/\">Create la vostra piscina<\/a><\/div>\n<\/div>\n\n\n\n<div id=\"jf-teaser-block_db989471f3d761e8c357ac12fd5f6ec0\" class=\"jf-teaser-block aligncenter\">\n\t<div class=\"row justify-around flex teaser__wrapper\">\n\t\t\t\t\t<div class=\"col-md-4\">\n\t\t\t\t<a class=\"teaser\" href=\"https:\/\/elbepools.com\/it\/applicazioni\/piscine-private\/\" >\n\t\t\t\t\t<h2 class=\"headline no-wave\">PISCINE PRIVATE<\/h2>\n\t\t\t\t\t<div class=\"text\">ELEGANZA DA PERCEPIRE E DA GODERSI OGNI GIORNO.\r\nSPAZIO ALLA CREATIVIT\u00c0. \r\n<\/div>\n\t\t\t\t\t<div class=\"read-more\">\n\t\t\t\t\t\t<span>\n\t\t\t\t\t\t\t<span class=\"svg-wrapper\"><svg><use xmlns:xlink=\"http:\/\/www.w3.org\/1999\/xlink\" xlink:href=\"#welle\"><\/use><\/svg><\/span>\t\t\t\t\t\t\tCONTINUA A LEGGERE\t\t\t\t\t\t\t<span class=\"svg-wrapper\"><svg><use xmlns:xlink=\"http:\/\/www.w3.org\/1999\/xlink\" xlink:href=\"#welle\"><\/use><\/svg><\/span>\t\t\t\t\t\t<\/span>\n\t\t\t\t\t<\/div>\n\t\t\t\t<\/a>\n\t\t\t<\/div>\n\t  \t\t\t<div class=\"col-md-4\">\n\t\t\t\t<a class=\"teaser\" href=\"https:\/\/elbepools.com\/it\/applicazioni\/piscine-pubbliche\/\" >\n\t\t\t\t\t<h2 class=\"headline no-wave\">PISCINE <br \/>\r\nPUBBLICHE<\/h2>\n\t\t\t\t\t<div class=\"text\">ELEGANTI. UNICHE. COMODE. \r\nPER UN BAGNO CON IL MASSIMO DEL COMFORT.<\/div>\n\t\t\t\t\t<div class=\"read-more\">\n\t\t\t\t\t\t<span>\n\t\t\t\t\t\t\t<span class=\"svg-wrapper\"><svg><use xmlns:xlink=\"http:\/\/www.w3.org\/1999\/xlink\" xlink:href=\"#welle\"><\/use><\/svg><\/span>\t\t\t\t\t\t\tCONTINUA A LEGGERE\t\t\t\t\t\t\t<span class=\"svg-wrapper\"><svg><use xmlns:xlink=\"http:\/\/www.w3.org\/1999\/xlink\" xlink:href=\"#welle\"><\/use><\/svg><\/span>\t\t\t\t\t\t<\/span>\n\t\t\t\t\t<\/div>\n\t\t\t\t<\/a>\n\t\t\t<\/div>\n\t  \t<\/div>\n<\/div>\n\n\n\n<div class=\"wp-block-columns is-layout-flex wp-container-core-columns-is-layout-1 wp-block-columns-is-layout-flex\">\n<div class=\"wp-block-column is-layout-flow wp-block-column-is-layout-flow\">\n<figure class=\"wp-block-image size-large is-style-rounded\"><img loading=\"lazy\" decoding=\"async\" width=\"1024\" height=\"512\" src=\"https:\/\/elbepools.com\/app\/uploads\/2020\/07\/Contact-1024x512.jpg\" alt=\"\" class=\"wp-image-9672\" srcset=\"https:\/\/elbepools.com\/app\/uploads\/2020\/07\/Contact-1024x512.jpg 1024w, https:\/\/elbepools.com\/app\/uploads\/2020\/07\/Contact-300x150.jpg 300w, https:\/\/elbepools.com\/app\/uploads\/2020\/07\/Contact-768x384.jpg 768w, https:\/\/elbepools.com\/app\/uploads\/2020\/07\/Contact.jpg 2048w\" sizes=\"auto, (max-width: 1024px) 100vw, 1024px\" \/><\/figure>\n<\/div>\n\n\n\n<div class=\"wp-block-column is-layout-flow wp-block-column-is-layout-flow\">\n<h2 class=\"wp-block-heading\">LE PISCINE SONO LA NOSTRA PASSIONE.<\/h2>\n\n\n\n<p>Essendo la nostra passione, abbiamo messo i liner e le membrane rinforzate per piscine al centro della nostra attivit\u00e0. Da bravi specialisti, abbiamo focalizzato il nostro core business in questo settore, a livello mondiale e realizziamo, con il marchio <strong>ELBE Pool Surface<sup>\u00ae<\/sup>, <\/strong>prodotti di qualit\u00e0 superiore per tutto il mondo. Clienti di oltre 50 Paesi apprezzano il nostro know-how, la nostra qualit\u00e0, la nostra partnership e i nostri prodotti \u00bbMade in Germany\u00ab. <\/p>\n\n\n\n<p>Dal 1956 abbiamo prodotto oltre 800 milioni di m<sup>2<\/sup> di liner e membrane. Negli ultimi 20 anni, i nostri prodotti sono stati installati in oltre 60 Paesi in tutto il mondo \u2013 in piscine private e pubbliche, piscine di hotel di lusso e di grandi parchi acquatici. \u00bbMade in Germany\u00ab di Elbtal Plastics: garanzia di massima qualit\u00e0.<\/p>\n\n\n\n<div class=\"wp-block-buttons is-content-justification-center is-layout-flex wp-container-core-buttons-is-layout-4 wp-block-buttons-is-layout-flex\">\n<div class=\"wp-block-button is-style-fill\"><a class=\"wp-block-button__link wp-element-button\" href=\"https:\/\/elbepools.com\/it\/contatti\/\">Contatti<\/a><\/div>\n<\/div>\n\n\n\n<p><\/p>\n<\/div>\n<\/div>\n\n\n\n<p><\/p>\n","protected":false},"excerpt":{"rendered":"<p>DI OGNI FORMA. DI OGNI DIMENSIONE. PER TUTTI I GUSTI. Le membrane rinforzate della marca ELBE Pool Surface\u00ae sono l\u2019impermeabilizzazione perfetta per ogni piscina. Che si tratti di una piscina nuova o di una da ristrutturare, di una piscina privata o di una pubblica, ELBE Pool Surface\u00ae offre soluzioni personalizzate per ogni necessit\u00e0. Forme e [&hellip;]<\/p>\n","protected":false},"author":2,"featured_media":0,"parent":0,"menu_order":-1,"comment_status":"closed","ping_status":"closed","template":"","meta":{"_acf_changed":false,"footnotes":""},"class_list":["post-8898","page","type-page","status-publish","hentry"],"acf":[],"_links":{"self":[{"href":"https:\/\/elbepools.com\/it\/wp-json\/wp\/v2\/pages\/8898","targetHints":{"allow":["GET"]}}],"collection":[{"href":"https:\/\/elbepools.com\/it\/wp-json\/wp\/v2\/pages"}],"about":[{"href":"https:\/\/elbepools.com\/it\/wp-json\/wp\/v2\/types\/page"}],"author":[{"embeddable":true,"href":"https:\/\/elbepools.com\/it\/wp-json\/wp\/v2\/users\/2"}],"replies":[{"embeddable":true,"href":"https:\/\/elbepools.com\/it\/wp-json\/wp\/v2\/comments?post=8898"}],"version-history":[{"count":20,"href":"https:\/\/elbepools.com\/it\/wp-json\/wp\/v2\/pages\/8898\/revisions"}],"predecessor-version":[{"id":26491,"href":"https:\/\/elbepools.com\/it\/wp-json\/wp\/v2\/pages\/8898\/revisions\/26491"}],"wp:attachment":[{"href":"https:\/\/elbepools.com\/it\/wp-json\/wp\/v2\/media?parent=8898"}],"curies":[{"name":"wp","href":"https:\/\/api.w.org\/{rel}","templated":true}]}}