{"id":7378,"date":"2021-02-18T09:47:34","date_gmt":"2021-02-18T08:47:34","guid":{"rendered":"https:\/\/elbepools.com\/?page_id=7378"},"modified":"2025-04-04T14:59:00","modified_gmt":"2025-04-04T12:59:00","slug":"imprimes","status":"publish","type":"page","link":"https:\/\/elbepools.com\/fr\/produits\/imprimes\/","title":{"rendered":"imprim\u00e9s"},"content":{"rendered":"\n<div id=\"jf-header-block_b668cddfdd7a3e73def9261d0d4516a3\" class=\"jf-header-block alignfull\">\n\t\t\t\t\t<div class=\"swiper-container\" data-swipe-settings=\"{&quot;slidesPerView&quot;:1,&quot;spaceBetween&quot;:0}\">\n\t\t\t<div class=\"swiper-wrapper\">\n\t\t\t\t\t\t<div class=\"swiper-slide hero-image\">\n\t\t\t\t\t<div class=\"hero-image__image__wrapper\">\n\t\t\t\t\t\t<picture>\n\t\t\t\t\t\t\t<source media=\"(max-width: 767px)\" srcset=\"https:\/\/elbepools.com\/app\/uploads\/2020\/07\/SP-supra-printed-Slider-01-768x384.jpg\">\n\t\t\t\t\t\t\t<img fetchpriority=\"high\" decoding=\"async\" width=\"2048\" height=\"1024\" src=\"https:\/\/elbepools.com\/app\/uploads\/2020\/07\/SP-supra-printed-Slider-01-2048x1024.jpg\" class=\"attachment-hero-full size-hero-full\" alt=\"\" title=\"SP-supra-printed-Slider 01\" loading=\"eager\" srcset=\"https:\/\/elbepools.com\/app\/uploads\/2020\/07\/SP-supra-printed-Slider-01.jpg 2048w, https:\/\/elbepools.com\/app\/uploads\/2020\/07\/SP-supra-printed-Slider-01-300x150.jpg 300w, https:\/\/elbepools.com\/app\/uploads\/2020\/07\/SP-supra-printed-Slider-01-768x384.jpg 768w, https:\/\/elbepools.com\/app\/uploads\/2020\/07\/SP-supra-printed-Slider-01-1024x512.jpg 1024w\" sizes=\"(max-width: 2048px) 100vw, 2048px\" \/>\t\t\t\t\t\t<\/picture>\n\t\t\t\t\t\t<img decoding=\"async\" class=\"wellenstruktur\" src=\"https:\/\/elbepools.com\/app\/themes\/jagdfieber\/img\/welle-ganz.png\">\n\t\t\t\t\t<\/div>\n\t\t\t\t\t<div class=\"caption\">\n\t\t\t\t\t\t<div class=\"caption-outer\">\n\t\t\t\t\t\t\t<div class=\"caption-inner\">\n\t\t\t\t\t\t\t\t\t\t\t\t\t\t\t\t\t<div class=\"caption--headline\">\n\t\t\t\t\t\t\t\t\t\t<h2 class=\"caption--headline__text no-wave\">\n\t\t\t\t\t\t\t\t\t\t\tSUPERBES\t\t\t\t\t\t\t\t\t\t\t<span>DECORS<\/span>\n\t\t\t\t\t\t\t\t\t\t<\/h2>\n\t\t\t\t\t\t\t\t\t<\/div>\n\t\t\t\t\t\t\t\t\t\t\t\t\t\t\t\t<\/div>\n\t\t\t\t\t\t<\/div>\n\t\t\t\t\t<\/div>\n\t\t\t\t<\/div>\n\t\t\t\t\t\t\t\t<div class=\"swiper-slide hero-image\">\n\t\t\t\t\t<div class=\"hero-image__image__wrapper\">\n\t\t\t\t\t\t<picture>\n\t\t\t\t\t\t\t<source media=\"(max-width: 767px)\" srcset=\"https:\/\/elbepools.com\/app\/uploads\/2020\/07\/SP-supra-printed-Slider-02-768x384.jpg\">\n\t\t\t\t\t\t\t<img decoding=\"async\" width=\"2048\" height=\"1024\" src=\"https:\/\/elbepools.com\/app\/uploads\/2020\/07\/SP-supra-printed-Slider-02-2048x1024.jpg\" class=\"attachment-hero-full size-hero-full\" alt=\"\" title=\"SP-supra-printed-Slider 02\" loading=\"eager\" srcset=\"https:\/\/elbepools.com\/app\/uploads\/2020\/07\/SP-supra-printed-Slider-02.jpg 2048w, https:\/\/elbepools.com\/app\/uploads\/2020\/07\/SP-supra-printed-Slider-02-300x150.jpg 300w, https:\/\/elbepools.com\/app\/uploads\/2020\/07\/SP-supra-printed-Slider-02-768x384.jpg 768w, https:\/\/elbepools.com\/app\/uploads\/2020\/07\/SP-supra-printed-Slider-02-1024x512.jpg 1024w\" sizes=\"(max-width: 2048px) 100vw, 2048px\" \/>\t\t\t\t\t\t<\/picture>\n\t\t\t\t\t\t<img decoding=\"async\" class=\"wellenstruktur\" src=\"https:\/\/elbepools.com\/app\/themes\/jagdfieber\/img\/welle-ganz.png\">\n\t\t\t\t\t<\/div>\n\t\t\t\t\t<div class=\"caption\">\n\t\t\t\t\t\t<div class=\"caption-outer\">\n\t\t\t\t\t\t\t<div class=\"caption-inner\">\n\t\t\t\t\t\t\t\t\t\t\t\t\t\t\t\t\t<div class=\"caption--headline\">\n\t\t\t\t\t\t\t\t\t\t<h2 class=\"caption--headline__text no-wave\">\n\t\t\t\t\t\t\t\t\t\t\tFACILES \t\t\t\t\t\t\t\t\t\t\t<span>\u00c0 NETTOYER<\/span>\n\t\t\t\t\t\t\t\t\t\t<\/h2>\n\t\t\t\t\t\t\t\t\t<\/div>\n\t\t\t\t\t\t\t\t\t\t\t\t\t\t\t\t<\/div>\n\t\t\t\t\t\t<\/div>\n\t\t\t\t\t<\/div>\n\t\t\t\t<\/div>\n\t\t\t\t\t\t\t\t<div class=\"swiper-slide hero-image\">\n\t\t\t\t\t<div class=\"hero-image__image__wrapper\">\n\t\t\t\t\t\t<picture>\n\t\t\t\t\t\t\t<source media=\"(max-width: 767px)\" srcset=\"https:\/\/elbepools.com\/app\/uploads\/2020\/07\/SP-supra-printed-Slider-03-768x384.jpg\">\n\t\t\t\t\t\t\t<img decoding=\"async\" width=\"2048\" height=\"1024\" src=\"https:\/\/elbepools.com\/app\/uploads\/2020\/07\/SP-supra-printed-Slider-03-2048x1024.jpg\" class=\"attachment-hero-full size-hero-full\" alt=\"\" title=\"SP-supra-printed-Slider 03\" loading=\"eager\" srcset=\"https:\/\/elbepools.com\/app\/uploads\/2020\/07\/SP-supra-printed-Slider-03.jpg 2048w, https:\/\/elbepools.com\/app\/uploads\/2020\/07\/SP-supra-printed-Slider-03-300x150.jpg 300w, https:\/\/elbepools.com\/app\/uploads\/2020\/07\/SP-supra-printed-Slider-03-768x384.jpg 768w, https:\/\/elbepools.com\/app\/uploads\/2020\/07\/SP-supra-printed-Slider-03-1024x512.jpg 1024w\" sizes=\"(max-width: 2048px) 100vw, 2048px\" \/>\t\t\t\t\t\t<\/picture>\n\t\t\t\t\t\t<img decoding=\"async\" class=\"wellenstruktur\" src=\"https:\/\/elbepools.com\/app\/themes\/jagdfieber\/img\/welle-ganz.png\">\n\t\t\t\t\t<\/div>\n\t\t\t\t\t<div class=\"caption\">\n\t\t\t\t\t\t<div class=\"caption-outer\">\n\t\t\t\t\t\t\t<div class=\"caption-inner\">\n\t\t\t\t\t\t\t\t\t\t\t\t\t\t\t\t\t<div class=\"caption--headline\">\n\t\t\t\t\t\t\t\t\t\t<h2 class=\"caption--headline__text no-wave\">\n\t\t\t\t\t\t\t\t\t\t\tSURFACE DE PROTECTION \t\t\t\t\t\t\t\t\t\t\t<span>DE HAUTE-QUALIT\u00c9<\/span>\n\t\t\t\t\t\t\t\t\t\t<\/h2>\n\t\t\t\t\t\t\t\t\t<\/div>\n\t\t\t\t\t\t\t\t\t\t\t\t\t\t\t\t<\/div>\n\t\t\t\t\t\t<\/div>\n\t\t\t\t\t<\/div>\n\t\t\t\t<\/div>\n\t\t\t\t\t\t\t\t<\/div> <!-- .swiper-wrapper -->\n\t\t\t\t<div class=\"swiper-button-next\"><svg><use xmlns:xlink=\"http:\/\/www.w3.org\/1999\/xlink\" xlink:href=\"#pfeil\"><\/use><\/svg><\/div>\n\t\t\t\t<div class=\"swiper-button-prev\"><svg><use xmlns:xlink=\"http:\/\/www.w3.org\/1999\/xlink\" xlink:href=\"#pfeil\"><\/use><\/svg><\/div>\n\t\t\t<\/div> <!-- .swiper-container -->\n\t\t\t<\/div><!-- .container -->\n\n\n\n<h2 class=\"wp-block-heading\">IMPRIM\u00c9S<\/h2>\n\n\n\n<p>Les membranes arm\u00e9es imprim\u00e9es captivent par leurs superbes d\u00e9cors, elles convainquent aussi gr\u00e2ce \u00e0 leur surface de haute-qualit\u00e9 qui offre une protection suppl\u00e9mentaire contre les taches et la d\u00e9coloration.<\/p>\n\n\n\n<div id=\"jf-advantages-block_2c454d5fd20550ec555f75daacccc61a\" class=\"jf-advantages-block\">\n\t\t\t<div class=\"row\">\n\t\t\t<div class=\"col-sm-12\">\n\t\t\t\t<div class=\"advantages-wrapper\">\n\t\t\t\t\t<div class=\"headline\">\n\t\t\t\t\t\t<h2 class=\"headline__text no-wave\">Avantages<\/h2>\n\t\t\t\t\t\t<img decoding=\"async\" class=\"wave\" src=\"https:\/\/elbepools.com\/app\/themes\/jagdfieber\/img\/welle-weiss.png\">\n\t\t\t\t\t<\/div>\n\t\t\t\t<div class=\"row advantages \">\n\t\t\t\t\t\t\t\t\t\t\t<div class=\"col-sm-6 col-md-4 single-advantages\">\n\t\t\t\t\t\t\t<div class=\"advantage\">\n\t\t\t\t\t\t\t\t<span class=\"icon\"><img loading=\"lazy\" decoding=\"async\" width=\"150\" height=\"150\" src=\"https:\/\/elbepools.com\/app\/uploads\/2023\/10\/ELBE-pool-advantage-coated-surface-150x150.png\" class=\"attachment-thumbnail size-thumbnail\" alt=\"\" srcset=\"https:\/\/elbepools.com\/app\/uploads\/2023\/10\/ELBE-pool-advantage-coated-surface-150x150.png 150w, https:\/\/elbepools.com\/app\/uploads\/2023\/10\/ELBE-pool-advantage-coated-surface-300x300.png 300w, https:\/\/elbepools.com\/app\/uploads\/2023\/10\/ELBE-pool-advantage-coated-surface.png 350w\" sizes=\"auto, (max-width: 150px) 100vw, 150px\" \/><\/span>\n\t\t\t\t\t\t\t\t<span class=\"text\">surface \u00e0 rev\u00eatement sp\u00e9cial<\/span>\n\t\t\t\t\t\t\t<\/div>\n\t\t\t\t\t\t<\/div>\n\t\t\t\t\t\t\t\t\t\t\t<div class=\"col-sm-6 col-md-4 single-advantages\">\n\t\t\t\t\t\t\t<div class=\"advantage\">\n\t\t\t\t\t\t\t\t<span class=\"icon\"><img loading=\"lazy\" decoding=\"async\" width=\"91\" height=\"91\" src=\"https:\/\/elbepools.com\/app\/uploads\/2020\/12\/icon_uv-resistance-1.png\" class=\"attachment-thumbnail size-thumbnail\" alt=\"\" \/><\/span>\n\t\t\t\t\t\t\t\t<span class=\"text\">R\u00c9SISTANT AUX U.V.<\/span>\n\t\t\t\t\t\t\t<\/div>\n\t\t\t\t\t\t<\/div>\n\t\t\t\t\t\t\t\t\t\t\t<div class=\"col-sm-6 col-md-4 single-advantages\">\n\t\t\t\t\t\t\t<div class=\"advantage\">\n\t\t\t\t\t\t\t\t<span class=\"icon\"><img loading=\"lazy\" decoding=\"async\" width=\"91\" height=\"91\" src=\"https:\/\/elbepools.com\/app\/uploads\/2020\/12\/icon_chlorine-resistance.png\" class=\"attachment-thumbnail size-thumbnail\" alt=\"\" \/><\/span>\n\t\t\t\t\t\t\t\t<span class=\"text\">R\u00c9SISTANT AU CHLORE<\/span>\n\t\t\t\t\t\t\t<\/div>\n\t\t\t\t\t\t<\/div>\n\t\t\t\t\t\t\t\t\t\t\t<div class=\"col-sm-6 col-md-4 single-advantages\">\n\t\t\t\t\t\t\t<div class=\"advantage\">\n\t\t\t\t\t\t\t\t<span class=\"icon\"><img loading=\"lazy\" decoding=\"async\" width=\"91\" height=\"91\" src=\"https:\/\/elbepools.com\/app\/uploads\/2020\/12\/icon_anti-stain-effect-1-1.png\" class=\"attachment-thumbnail size-thumbnail\" alt=\"\" \/><\/span>\n\t\t\t\t\t\t\t\t<span class=\"text\">RESISTANT AUX TACHES<\/span>\n\t\t\t\t\t\t\t<\/div>\n\t\t\t\t\t\t<\/div>\n\t\t\t\t\t\t\t\t\t\t\t<div class=\"col-sm-6 col-md-4 single-advantages\">\n\t\t\t\t\t\t\t<div class=\"advantage\">\n\t\t\t\t\t\t\t\t<span class=\"icon\"><img loading=\"lazy\" decoding=\"async\" width=\"91\" height=\"91\" src=\"https:\/\/elbepools.com\/app\/uploads\/2020\/12\/icon_scratch-resistance-1.png\" class=\"attachment-thumbnail size-thumbnail\" alt=\"\" \/><\/span>\n\t\t\t\t\t\t\t\t<span class=\"text\">R\u00c9SISTANT AU RAYURES<\/span>\n\t\t\t\t\t\t\t<\/div>\n\t\t\t\t\t\t<\/div>\n\t\t\t\t\t\t\t\t\t\t\t<div class=\"col-sm-6 col-md-4 single-advantages\">\n\t\t\t\t\t\t\t<div class=\"advantage\">\n\t\t\t\t\t\t\t\t<span class=\"icon\"><img loading=\"lazy\" decoding=\"async\" width=\"91\" height=\"91\" src=\"https:\/\/elbepools.com\/app\/uploads\/2020\/12\/icon_easy-to-clean-1.png\" class=\"attachment-thumbnail size-thumbnail\" alt=\"\" \/><\/span>\n\t\t\t\t\t\t\t\t<span class=\"text\">FACILE \u00c0 NETTOYER<\/span>\n\t\t\t\t\t\t\t<\/div>\n\t\t\t\t\t\t<\/div>\n\t\t\t\t\t\t\t\t\t\t\t<div class=\"col-sm-6 col-md-4 single-advantages\">\n\t\t\t\t\t\t\t<div class=\"advantage\">\n\t\t\t\t\t\t\t\t<span class=\"icon\"><img loading=\"lazy\" decoding=\"async\" width=\"91\" height=\"91\" src=\"https:\/\/elbepools.com\/app\/uploads\/2020\/12\/icon_quick-installation-1.png\" class=\"attachment-thumbnail size-thumbnail\" alt=\"\" \/><\/span>\n\t\t\t\t\t\t\t\t<span class=\"text\">INSTALLATION RAPIDE<\/span>\n\t\t\t\t\t\t\t<\/div>\n\t\t\t\t\t\t<\/div>\n\t\t\t\t\t\t\t\t\t<\/div>\n\t\t\t\t<\/div>\n\t\t\t<\/div>\n\t\t<\/div>\n\t<\/div>\n\n\n\n<div id=\"jf-color-gallery-block_bcde81eb36199028ac0434d3d9bd770a\" class=\"jf-color-gallery-block alignwide\">\n\t\n\t\t\t<div class=\"flex justify-center colors\">\n\n\t\t\t\t\t\t\t\t\t<div class=\"color__wrapper flex justify-center gallery\">\n\t\t\t\t\t\t<div class=\"color__inner\">\n\t\t\t\t\t\t\t<div class=\"color__images\">\n\t\t\t\t\t\t\t\t\t\t\t\t\t\t\t\t\t<a class=\"image color__link fancybox\" href=\"https:\/\/elbepools.com\/app\/uploads\/2021\/02\/Blue-Marble-1-1-scaled.jpg\">\n\t\t\t\t\t\t\t\t\t\t\t\t\t\t\t\t\t\t\t\t<img loading=\"lazy\" decoding=\"async\" width=\"150\" height=\"150\" src=\"https:\/\/elbepools.com\/app\/uploads\/2020\/06\/Marble-Blau-150x150.jpg\" class=\"attachment-thumbnail size-thumbnail\" alt=\"\" srcset=\"https:\/\/elbepools.com\/app\/uploads\/2020\/06\/Marble-Blau-150x150.jpg 150w, https:\/\/elbepools.com\/app\/uploads\/2020\/06\/Marble-Blau-400x400.jpg 400w\" sizes=\"auto, (max-width: 150px) 100vw, 150px\" \/>\t\t\t\t\t\t\t\t\t<\/a>\n\t\t\t\t\t\t\t\t\t\t\t\t\t\t\t\t\t\t\t<div class=\"color__gallery hidden\">\n\t\t\t\t\t\t\t\t\t\t\t<a href=\"https:\/\/elbepools.com\/app\/uploads\/2021\/02\/Blue-Marble-2-1-scaled.jpg\" class=\"fancybox image\">6691<\/a><a href=\"https:\/\/elbepools.com\/app\/uploads\/2021\/02\/Blue-Marble-3-1-scaled.jpg\" class=\"fancybox image\">6666<\/a><a href=\"https:\/\/elbepools.com\/app\/uploads\/2021\/02\/Blue-Marble-4-1-scaled.jpg\" class=\"fancybox image\">6671<\/a><a href=\"https:\/\/elbepools.com\/app\/uploads\/2021\/02\/Blue-Marble-5-1-scaled.jpg\" class=\"fancybox image\">6676<\/a><a href=\"https:\/\/elbepools.com\/app\/uploads\/2021\/02\/Blue-Marble-6-1-scaled.jpg\" class=\"fancybox image\">6681<\/a>\t\t\t\t\t\t\t\t\t\t<\/div>\n\t\t\t\t\t\t\t\t\t\t\t\t\t\t\t\t\t\n\t\t\t\t\t\t\t\t\t\t\t\t\t\t\t<\/div>\n\n\t\t\t\t\t\t\t<div class=\"color__title\">\n\t\t\t\t\t\t\t\tBleu Marbr\u00e9\t\t\t\t\t\t\t<\/div>\n\t\t\t\t\t\t\t\t\t\t\t\t\t<\/div>\n\n\n\t\t\t\t\t<\/div>\n\n\n\t\t\t\t\t\t\t\t\t<div class=\"color__wrapper flex justify-center gallery\">\n\t\t\t\t\t\t<div class=\"color__inner\">\n\t\t\t\t\t\t\t<div class=\"color__images\">\n\t\t\t\t\t\t\t\t\t\t\t\t\t\t\t\t\t<a class=\"image color__link fancybox\" href=\"https:\/\/elbepools.com\/app\/uploads\/2021\/02\/Grey-Mosaic-1-1-scaled.jpg\">\n\t\t\t\t\t\t\t\t\t\t\t\t\t\t\t\t\t\t\t\t<img loading=\"lazy\" decoding=\"async\" width=\"150\" height=\"150\" src=\"https:\/\/elbepools.com\/app\/uploads\/2020\/06\/Mosaic-Grey-1-scaled-150x150.jpg\" class=\"attachment-thumbnail size-thumbnail\" alt=\"\" srcset=\"https:\/\/elbepools.com\/app\/uploads\/2020\/06\/Mosaic-Grey-1-scaled-150x150.jpg 150w, https:\/\/elbepools.com\/app\/uploads\/2020\/06\/Mosaic-Grey-1-scaled-400x400.jpg 400w\" sizes=\"auto, (max-width: 150px) 100vw, 150px\" \/>\t\t\t\t\t\t\t\t\t<\/a>\n\t\t\t\t\t\t\t\t\t\t\t\t\t\t\t\t\t\t\t<div class=\"color__gallery hidden\">\n\t\t\t\t\t\t\t\t\t\t\t<a href=\"https:\/\/elbepools.com\/app\/uploads\/2021\/02\/Grey-Mosaic-2-1-scaled.jpg\" class=\"fancybox image\">6741<\/a><a href=\"https:\/\/elbepools.com\/app\/uploads\/2021\/02\/Grey-Mosaic-3-1-scaled.jpg\" class=\"fancybox image\">6726<\/a><a href=\"https:\/\/elbepools.com\/app\/uploads\/2021\/02\/Grey-Mosaic-4-1-scaled.jpg\" class=\"fancybox image\">6731<\/a>\t\t\t\t\t\t\t\t\t\t<\/div>\n\t\t\t\t\t\t\t\t\t\t\t\t\t\t\t\t\t\n\t\t\t\t\t\t\t\t\t\t\t\t\t\t\t<\/div>\n\n\t\t\t\t\t\t\t<div class=\"color__title\">\n\t\t\t\t\t\t\t\tGris Mosa\u00efque\t\t\t\t\t\t\t<\/div>\n\t\t\t\t\t\t\t\t\t\t\t\t\t<\/div>\n\n\n\t\t\t\t\t<\/div>\n\n\n\t\t\t\t\t\t\t\t\t<div class=\"color__wrapper flex justify-center gallery\">\n\t\t\t\t\t\t<div class=\"color__inner\">\n\t\t\t\t\t\t\t<div class=\"color__images\">\n\t\t\t\t\t\t\t\t\t\t\t\t\t\t\t\t\t<a class=\"image color__link fancybox\" href=\"https:\/\/elbepools.com\/app\/uploads\/2021\/02\/Blue-Mosaic-1-1-scaled.jpg\">\n\t\t\t\t\t\t\t\t\t\t\t\t\t\t\t\t\t\t\t\t<img loading=\"lazy\" decoding=\"async\" width=\"150\" height=\"150\" src=\"https:\/\/elbepools.com\/app\/uploads\/2020\/06\/Mosaic-Blue-1-150x150.jpg\" class=\"attachment-thumbnail size-thumbnail\" alt=\"\" srcset=\"https:\/\/elbepools.com\/app\/uploads\/2020\/06\/Mosaic-Blue-1-150x150.jpg 150w, https:\/\/elbepools.com\/app\/uploads\/2020\/06\/Mosaic-Blue-1-400x400.jpg 400w\" sizes=\"auto, (max-width: 150px) 100vw, 150px\" \/>\t\t\t\t\t\t\t\t\t<\/a>\n\t\t\t\t\t\t\t\t\t\t\t\t\t\t\t\t\t\t\t<div class=\"color__gallery hidden\">\n\t\t\t\t\t\t\t\t\t\t\t<a href=\"https:\/\/elbepools.com\/app\/uploads\/2021\/02\/Blue-Mosaic-2-1-scaled.jpg\" class=\"fancybox image\">6696<\/a><a href=\"https:\/\/elbepools.com\/app\/uploads\/2021\/02\/Blue-Mosaic-3-1-scaled.jpg\" class=\"fancybox image\">6701<\/a><a href=\"https:\/\/elbepools.com\/app\/uploads\/2021\/02\/Blue-Mosaic-4-1-scaled.jpg\" class=\"fancybox image\">6706<\/a><a href=\"https:\/\/elbepools.com\/app\/uploads\/2021\/02\/Blue-Mosaic-5-1-scaled.jpg\" class=\"fancybox image\">6711<\/a><a href=\"https:\/\/elbepools.com\/app\/uploads\/2021\/02\/Blue-Mosaic-6-1-scaled.jpg\" class=\"fancybox image\">6716<\/a>\t\t\t\t\t\t\t\t\t\t<\/div>\n\t\t\t\t\t\t\t\t\t\t\t\t\t\t\t\t\t\n\t\t\t\t\t\t\t\t\t\t\t\t\t\t\t<\/div>\n\n\t\t\t\t\t\t\t<div class=\"color__title\">\n\t\t\t\t\t\t\t\tBleu Mosa\u00efque\t\t\t\t\t\t\t<\/div>\n\t\t\t\t\t\t\t\t\t\t\t\t\t<\/div>\n\n\n\t\t\t\t\t<\/div>\n\n\n\t\t\t\t\t\t\t\t\t<div class=\"color__wrapper flex justify-center gallery\">\n\t\t\t\t\t\t<div class=\"color__inner\">\n\t\t\t\t\t\t\t<div class=\"color__images\">\n\t\t\t\t\t\t\t\t\t\t\t\t\t\t\t\t\t<a class=\"image color__link fancybox\" href=\"https:\/\/elbepools.com\/app\/uploads\/2021\/02\/Azur-Mosaic-1-1-scaled.jpg\">\n\t\t\t\t\t\t\t\t\t\t\t\t\t\t\t\t\t\t\t\t<img loading=\"lazy\" decoding=\"async\" width=\"150\" height=\"150\" src=\"https:\/\/elbepools.com\/app\/uploads\/2020\/12\/Azur-Mosaik_neu-scaled-150x150.jpg\" class=\"attachment-thumbnail size-thumbnail\" alt=\"\" srcset=\"https:\/\/elbepools.com\/app\/uploads\/2020\/12\/Azur-Mosaik_neu-scaled-150x150.jpg 150w, https:\/\/elbepools.com\/app\/uploads\/2020\/12\/Azur-Mosaik_neu-scaled-400x400.jpg 400w\" sizes=\"auto, (max-width: 150px) 100vw, 150px\" \/>\t\t\t\t\t\t\t\t\t<\/a>\n\t\t\t\t\t\t\t\t\t\t\t\t\t\t\t\t\t\t\t<div class=\"color__gallery hidden\">\n\t\t\t\t\t\t\t\t\t\t\t<a href=\"https:\/\/elbepools.com\/app\/uploads\/2021\/02\/Azur-Mosaic-2-1-scaled.jpg\" class=\"fancybox image\">6656<\/a><a href=\"https:\/\/elbepools.com\/app\/uploads\/2021\/02\/Azur-Mosaic-3-1-scaled.jpg\" class=\"fancybox image\">6661<\/a><a href=\"https:\/\/elbepools.com\/app\/uploads\/2021\/02\/Azur-Mosaic-4-1-scaled.jpg\" class=\"fancybox image\">6646<\/a><a href=\"https:\/\/elbepools.com\/app\/uploads\/2021\/04\/Azur-Mosaic-6.jpg\" class=\"fancybox image\">12965<\/a><a href=\"https:\/\/elbepools.com\/app\/uploads\/2021\/04\/Azur-Mosaic-7.jpg\" class=\"fancybox image\">12972<\/a>\t\t\t\t\t\t\t\t\t\t<\/div>\n\t\t\t\t\t\t\t\t\t\t\t\t\t\t\t\t\t\n\t\t\t\t\t\t\t\t\t\t\t\t\t\t\t<\/div>\n\n\t\t\t\t\t\t\t<div class=\"color__title\">\n\t\t\t\t\t\t\t\tAzur Mosa\u00efque\t\t\t\t\t\t\t<\/div>\n\t\t\t\t\t\t\t\t\t\t\t\t\t<\/div>\n\n\n\t\t\t\t\t<\/div>\n\n\n\t\t\t\t\n\t\t\t<\/div>\n\n\t\t\n\t\n<\/div>\n\n\n\n<p><sup>Clic pour voir des photos de piscines avec la couleur de membrane correspondante. Du fait des diff\u00e9rents param\u00e8tres d\u2019\u00e9cran, les couleurs des membranes peuvent varier des couleurs originales.<\/sup><\/p>\n\n\n\n<div class=\"wp-block-columns is-layout-flex wp-container-core-columns-is-layout-1 wp-block-columns-is-layout-flex\">\n<div class=\"wp-block-column is-layout-flow wp-block-column-is-layout-flow\">\n <div class=\"brlbs-cmpnt-container brlbs-cmpnt-content-blocker brlbs-cmpnt-with-individual-styles\" data-borlabs-cookie-content-blocker-id=\"youtube-content-blocker\" data-borlabs-cookie-content=\"PGlmcmFtZSB3aWR0aD0iNTYwIiBoZWlnaHQ9IjMxNSIgc3JjPSJodHRwczovL3d3dy55b3V0dWJlLW5vY29va2llLmNvbS9lbWJlZC9HWG9oNGpFdVRRWT9zaT1oZXEyM25IQkYzUUtyaWN5IiB0aXRsZT0iWW91VHViZSB2aWRlbyBwbGF5ZXIiIGZyYW1lYm9yZGVyPSIwIiBhbGxvdz0iYWNjZWxlcm9tZXRlcjsgYXV0b3BsYXk7IGNsaXBib2FyZC13cml0ZTsgZW5jcnlwdGVkLW1lZGlhOyBneXJvc2NvcGU7IHBpY3R1cmUtaW4tcGljdHVyZTsgd2ViLXNoYXJlIiByZWZlcnJlcnBvbGljeT0ic3RyaWN0LW9yaWdpbi13aGVuLWNyb3NzLW9yaWdpbiIgYWxsb3dmdWxsc2NyZWVuPjwvaWZyYW1lPg==\"><div class=\"brlbs-cmpnt-cb-preset-c brlbs-cmpnt-cb-youtube\"> <div class=\"brlbs-cmpnt-cb-thumbnail\" style=\"background-image: url('https:\/\/elbepools.com\/app\/uploads\/borlabs-cookie\/1\/yt_GXoh4jEuTQY_hqdefault.jpg')\"><\/div> <div class=\"brlbs-cmpnt-cb-main\"> <div class=\"brlbs-cmpnt-cb-play-button\"><\/div> <div class=\"brlbs-cmpnt-cb-content\"> <p class=\"brlbs-cmpnt-cb-description\">Vous \u00eates actuellement en train de consulter le contenu d&#8217;un espace r\u00e9serv\u00e9 de <strong>YouTube<\/strong>. Pour acc\u00e9der au contenu r\u00e9el, cliquez sur le bouton ci-dessous. Veuillez noter que ce faisant, des donn\u00e9es seront partag\u00e9es avec des providers tiers.<\/p> <a class=\"brlbs-cmpnt-cb-provider-toggle\" href=\"#\" data-borlabs-cookie-show-provider-information role=\"button\">Plus d&#8217;informations<\/a> <\/div> <div class=\"brlbs-cmpnt-cb-buttons\"> <a class=\"brlbs-cmpnt-cb-btn\" href=\"#\" data-borlabs-cookie-unblock role=\"button\">D\u00e9bloquer le contenu<\/a> <a class=\"brlbs-cmpnt-cb-btn\" href=\"#\" data-borlabs-cookie-accept-service role=\"button\" style=\"display: inherit\">Accepter le service requis et d\u00e9bloquer les contenus<\/a> <\/div> <\/div> <\/div><\/div>\n<\/div>\n\n\n\n<div class=\"wp-block-column is-layout-flow wp-block-column-is-layout-flow\">\n <div class=\"brlbs-cmpnt-container brlbs-cmpnt-content-blocker brlbs-cmpnt-with-individual-styles\" data-borlabs-cookie-content-blocker-id=\"youtube-content-blocker\" data-borlabs-cookie-content=\"PGlmcmFtZSB3aWR0aD0iNTYwIiBoZWlnaHQ9IjMxNSIgc3JjPSJodHRwczovL3d3dy55b3V0dWJlLW5vY29va2llLmNvbS9lbWJlZC9RdlZJWGtTTllEOD9zaT1ybnBjR1otc0dOTlpKSFd6IiB0aXRsZT0iWW91VHViZSB2aWRlbyBwbGF5ZXIiIGZyYW1lYm9yZGVyPSIwIiBhbGxvdz0iYWNjZWxlcm9tZXRlcjsgYXV0b3BsYXk7IGNsaXBib2FyZC13cml0ZTsgZW5jcnlwdGVkLW1lZGlhOyBneXJvc2NvcGU7IHBpY3R1cmUtaW4tcGljdHVyZTsgd2ViLXNoYXJlIiByZWZlcnJlcnBvbGljeT0ic3RyaWN0LW9yaWdpbi13aGVuLWNyb3NzLW9yaWdpbiIgYWxsb3dmdWxsc2NyZWVuPjwvaWZyYW1lPg==\"><div class=\"brlbs-cmpnt-cb-preset-c brlbs-cmpnt-cb-youtube\"> <div class=\"brlbs-cmpnt-cb-thumbnail\" style=\"background-image: url('https:\/\/elbepools.com\/app\/uploads\/borlabs-cookie\/1\/yt_QvVIXkSNYD8_hqdefault.jpg')\"><\/div> <div class=\"brlbs-cmpnt-cb-main\"> <div class=\"brlbs-cmpnt-cb-play-button\"><\/div> <div class=\"brlbs-cmpnt-cb-content\"> <p class=\"brlbs-cmpnt-cb-description\">Vous \u00eates actuellement en train de consulter le contenu d&#8217;un espace r\u00e9serv\u00e9 de <strong>YouTube<\/strong>. Pour acc\u00e9der au contenu r\u00e9el, cliquez sur le bouton ci-dessous. Veuillez noter que ce faisant, des donn\u00e9es seront partag\u00e9es avec des providers tiers.<\/p> <a class=\"brlbs-cmpnt-cb-provider-toggle\" href=\"#\" data-borlabs-cookie-show-provider-information role=\"button\">Plus d&#8217;informations<\/a> <\/div> <div class=\"brlbs-cmpnt-cb-buttons\"> <a class=\"brlbs-cmpnt-cb-btn\" href=\"#\" data-borlabs-cookie-unblock role=\"button\">D\u00e9bloquer le contenu<\/a> <a class=\"brlbs-cmpnt-cb-btn\" href=\"#\" data-borlabs-cookie-accept-service role=\"button\" style=\"display: inherit\">Accepter le service requis et d\u00e9bloquer les contenus<\/a> <\/div> <\/div> <\/div><\/div>\n<\/div>\n<\/div>\n\n\n\n<div class=\"wp-block-columns is-layout-flex wp-container-core-columns-is-layout-2 wp-block-columns-is-layout-flex\">\n<div class=\"wp-block-column is-layout-flow wp-block-column-is-layout-flow\"><\/div>\n\n\n\n<div class=\"wp-block-column is-layout-flow wp-block-column-is-layout-flow\"><div class=\"wp-block-image\">\n<figure class=\"aligncenter size-large is-resized\"><img loading=\"lazy\" decoding=\"async\" width=\"591\" height=\"591\" src=\"https:\/\/elbepools.com\/app\/uploads\/2021\/02\/ELBE-pool-warranty-watertightness-FR.png\" alt=\"\" class=\"wp-image-7021\" style=\"width:160px;height:160px\" srcset=\"https:\/\/elbepools.com\/app\/uploads\/2021\/02\/ELBE-pool-warranty-watertightness-FR.png 591w, https:\/\/elbepools.com\/app\/uploads\/2021\/02\/ELBE-pool-warranty-watertightness-FR-300x300.png 300w, https:\/\/elbepools.com\/app\/uploads\/2021\/02\/ELBE-pool-warranty-watertightness-FR-150x150.png 150w, https:\/\/elbepools.com\/app\/uploads\/2021\/02\/ELBE-pool-warranty-watertightness-FR-400x400.png 400w\" sizes=\"auto, (max-width: 591px) 100vw, 591px\" \/><\/figure><\/div><\/div>\n\n\n\n<div class=\"wp-block-column is-layout-flow wp-block-column-is-layout-flow\"><div class=\"wp-block-image\">\n<figure class=\"aligncenter size-large is-resized\"><img loading=\"lazy\" decoding=\"async\" width=\"591\" height=\"591\" src=\"https:\/\/elbepools.com\/app\/uploads\/2021\/02\/ELBE-pool-warranty-EN-71-3-FR.png\" alt=\"\" class=\"wp-image-7026\" style=\"width:160px;height:160px\" srcset=\"https:\/\/elbepools.com\/app\/uploads\/2021\/02\/ELBE-pool-warranty-EN-71-3-FR.png 591w, https:\/\/elbepools.com\/app\/uploads\/2021\/02\/ELBE-pool-warranty-EN-71-3-FR-300x300.png 300w, https:\/\/elbepools.com\/app\/uploads\/2021\/02\/ELBE-pool-warranty-EN-71-3-FR-150x150.png 150w, https:\/\/elbepools.com\/app\/uploads\/2021\/02\/ELBE-pool-warranty-EN-71-3-FR-400x400.png 400w\" sizes=\"auto, (max-width: 591px) 100vw, 591px\" \/><\/figure><\/div><\/div>\n\n\n\n<div class=\"wp-block-column is-layout-flow wp-block-column-is-layout-flow\"><div class=\"wp-block-image\">\n<figure class=\"aligncenter size-large is-resized\"><img loading=\"lazy\" decoding=\"async\" width=\"591\" height=\"591\" src=\"https:\/\/elbepools.com\/app\/uploads\/2021\/02\/ELBE-pool-warranty-fume-emission-FR.png\" alt=\"\" class=\"wp-image-7031\" style=\"width:160px;height:160px\" srcset=\"https:\/\/elbepools.com\/app\/uploads\/2021\/02\/ELBE-pool-warranty-fume-emission-FR.png 591w, https:\/\/elbepools.com\/app\/uploads\/2021\/02\/ELBE-pool-warranty-fume-emission-FR-300x300.png 300w, https:\/\/elbepools.com\/app\/uploads\/2021\/02\/ELBE-pool-warranty-fume-emission-FR-150x150.png 150w, https:\/\/elbepools.com\/app\/uploads\/2021\/02\/ELBE-pool-warranty-fume-emission-FR-400x400.png 400w\" sizes=\"auto, (max-width: 591px) 100vw, 591px\" \/><\/figure><\/div><\/div>\n\n\n\n<div class=\"wp-block-column is-layout-flow wp-block-column-is-layout-flow\"><\/div>\n<\/div>\n\n\n\n<p class=\"has-text-align-center has-black-color has-text-color\"><strong><strong><mark style=\"background-color:rgba(0, 0, 0, 0)\" class=\"has-inline-color has-black-color\"><\/mark><\/strong><\/strong><\/p>\n","protected":false},"excerpt":{"rendered":"<p>IMPRIM\u00c9S Les membranes arm\u00e9es imprim\u00e9es captivent par leurs superbes d\u00e9cors, elles convainquent aussi gr\u00e2ce \u00e0 leur surface de haute-qualit\u00e9 qui offre une protection suppl\u00e9mentaire contre les taches et la d\u00e9coloration. Clic pour voir des photos de piscines avec la couleur de membrane correspondante. Du fait des diff\u00e9rents param\u00e8tres d\u2019\u00e9cran, les couleurs des membranes peuvent varier [&hellip;]<\/p>\n","protected":false},"author":2,"featured_media":0,"parent":7258,"menu_order":2,"comment_status":"closed","ping_status":"closed","template":"","meta":{"_acf_changed":false,"footnotes":""},"class_list":["post-7378","page","type-page","status-publish","hentry"],"acf":[],"_links":{"self":[{"href":"https:\/\/elbepools.com\/fr\/wp-json\/wp\/v2\/pages\/7378","targetHints":{"allow":["GET"]}}],"collection":[{"href":"https:\/\/elbepools.com\/fr\/wp-json\/wp\/v2\/pages"}],"about":[{"href":"https:\/\/elbepools.com\/fr\/wp-json\/wp\/v2\/types\/page"}],"author":[{"embeddable":true,"href":"https:\/\/elbepools.com\/fr\/wp-json\/wp\/v2\/users\/2"}],"replies":[{"embeddable":true,"href":"https:\/\/elbepools.com\/fr\/wp-json\/wp\/v2\/comments?post=7378"}],"version-history":[{"count":20,"href":"https:\/\/elbepools.com\/fr\/wp-json\/wp\/v2\/pages\/7378\/revisions"}],"predecessor-version":[{"id":24700,"href":"https:\/\/elbepools.com\/fr\/wp-json\/wp\/v2\/pages\/7378\/revisions\/24700"}],"up":[{"embeddable":true,"href":"https:\/\/elbepools.com\/fr\/wp-json\/wp\/v2\/pages\/7258"}],"wp:attachment":[{"href":"https:\/\/elbepools.com\/fr\/wp-json\/wp\/v2\/media?parent=7378"}],"curies":[{"name":"wp","href":"https:\/\/api.w.org\/{rel}","templated":true}]}}