{"id":7245,"date":"2021-02-18T08:29:41","date_gmt":"2021-02-18T07:29:41","guid":{"rendered":"https:\/\/elbepools.com\/?page_id=7245"},"modified":"2026-02-26T13:22:07","modified_gmt":"2026-02-26T12:22:07","slug":"formations","status":"publish","type":"page","link":"https:\/\/elbepools.com\/fr\/formations\/","title":{"rendered":"formations"},"content":{"rendered":"\n<div id=\"jf-header-block_e71a0f46e304b553c2be43c6e9aea3cf\" class=\"jf-header-block alignfull\">\n\t\t\t\t\t<div class=\"swiper-container\" data-swipe-settings=\"{&quot;slidesPerView&quot;:1,&quot;spaceBetween&quot;:0}\">\n\t\t\t<div class=\"swiper-wrapper\">\n\t\t\t\t\t\t<div class=\"swiper-slide hero-image\">\n\t\t\t\t\t<div class=\"hero-image__image__wrapper\">\n\t\t\t\t\t\t<picture>\n\t\t\t\t\t\t\t<source media=\"(max-width: 767px)\" srcset=\"https:\/\/elbepools.com\/app\/uploads\/2020\/07\/IM-welding-course-Slider-01-768x384.jpg\">\n\t\t\t\t\t\t\t<img fetchpriority=\"high\" decoding=\"async\" width=\"2048\" height=\"1024\" src=\"https:\/\/elbepools.com\/app\/uploads\/2020\/07\/IM-welding-course-Slider-01-2048x1024.jpg\" class=\"attachment-hero-full size-hero-full\" alt=\"\" title=\"IM-welding-course-Slider 01\" loading=\"eager\" srcset=\"https:\/\/elbepools.com\/app\/uploads\/2020\/07\/IM-welding-course-Slider-01.jpg 2048w, https:\/\/elbepools.com\/app\/uploads\/2020\/07\/IM-welding-course-Slider-01-300x150.jpg 300w, https:\/\/elbepools.com\/app\/uploads\/2020\/07\/IM-welding-course-Slider-01-768x384.jpg 768w, https:\/\/elbepools.com\/app\/uploads\/2020\/07\/IM-welding-course-Slider-01-1024x512.jpg 1024w\" sizes=\"(max-width: 2048px) 100vw, 2048px\" \/>\t\t\t\t\t\t<\/picture>\n\t\t\t\t\t\t<img decoding=\"async\" class=\"wellenstruktur\" src=\"https:\/\/elbepools.com\/app\/themes\/jagdfieber\/img\/welle-ganz.png\">\n\t\t\t\t\t<\/div>\n\t\t\t\t\t<div class=\"caption\">\n\t\t\t\t\t\t<div class=\"caption-outer\">\n\t\t\t\t\t\t\t<div class=\"caption-inner\">\n\t\t\t\t\t\t\t\t\t\t\t\t\t\t\t\t\t<div class=\"caption--headline\">\n\t\t\t\t\t\t\t\t\t\t<h2 class=\"caption--headline__text no-wave\">\n\t\t\t\t\t\t\t\t\t\t\tDEVENEZ\t\t\t\t\t\t\t\t\t\t\t<span>UN PROFESSIONNEL<\/span>\n\t\t\t\t\t\t\t\t\t\t<\/h2>\n\t\t\t\t\t\t\t\t\t<\/div>\n\t\t\t\t\t\t\t\t\t\t\t\t\t\t\t\t<\/div>\n\t\t\t\t\t\t<\/div>\n\t\t\t\t\t<\/div>\n\t\t\t\t<\/div>\n\t\t\t\t\t\t\t\t<div class=\"swiper-slide hero-image\">\n\t\t\t\t\t<div class=\"hero-image__image__wrapper\">\n\t\t\t\t\t\t<picture>\n\t\t\t\t\t\t\t<source media=\"(max-width: 767px)\" srcset=\"https:\/\/elbepools.com\/app\/uploads\/2020\/07\/IM-welding-course-Slider-02-768x384.jpg\">\n\t\t\t\t\t\t\t<img decoding=\"async\" width=\"2048\" height=\"1024\" src=\"https:\/\/elbepools.com\/app\/uploads\/2020\/07\/IM-welding-course-Slider-02-2048x1024.jpg\" class=\"attachment-hero-full size-hero-full\" alt=\"\" title=\"IM-welding-course-Slider 02\" loading=\"eager\" srcset=\"https:\/\/elbepools.com\/app\/uploads\/2020\/07\/IM-welding-course-Slider-02.jpg 2048w, https:\/\/elbepools.com\/app\/uploads\/2020\/07\/IM-welding-course-Slider-02-300x150.jpg 300w, https:\/\/elbepools.com\/app\/uploads\/2020\/07\/IM-welding-course-Slider-02-768x384.jpg 768w, https:\/\/elbepools.com\/app\/uploads\/2020\/07\/IM-welding-course-Slider-02-1024x512.jpg 1024w\" sizes=\"(max-width: 2048px) 100vw, 2048px\" \/>\t\t\t\t\t\t<\/picture>\n\t\t\t\t\t\t<img decoding=\"async\" class=\"wellenstruktur\" src=\"https:\/\/elbepools.com\/app\/themes\/jagdfieber\/img\/welle-ganz.png\">\n\t\t\t\t\t<\/div>\n\t\t\t\t\t<div class=\"caption\">\n\t\t\t\t\t\t<div class=\"caption-outer\">\n\t\t\t\t\t\t\t<div class=\"caption-inner\">\n\t\t\t\t\t\t\t\t\t\t\t\t\t\t\t\t\t<div class=\"caption--headline\">\n\t\t\t\t\t\t\t\t\t\t<h2 class=\"caption--headline__text no-wave\">\n\t\t\t\t\t\t\t\t\t\t\tENTRETENEZ VOS APTITUDES\t\t\t\t\t\t\t\t\t\t\t<span>DE SOUDAGE<\/span>\n\t\t\t\t\t\t\t\t\t\t<\/h2>\n\t\t\t\t\t\t\t\t\t<\/div>\n\t\t\t\t\t\t\t\t\t\t\t\t\t\t\t\t<\/div>\n\t\t\t\t\t\t<\/div>\n\t\t\t\t\t<\/div>\n\t\t\t\t<\/div>\n\t\t\t\t\t\t\t\t<div class=\"swiper-slide hero-image\">\n\t\t\t\t\t<div class=\"hero-image__image__wrapper\">\n\t\t\t\t\t\t<picture>\n\t\t\t\t\t\t\t<source media=\"(max-width: 767px)\" srcset=\"https:\/\/elbepools.com\/app\/uploads\/2020\/07\/IM-welding-course-Slider-03-768x384.jpg\">\n\t\t\t\t\t\t\t<img decoding=\"async\" width=\"2048\" height=\"1024\" src=\"https:\/\/elbepools.com\/app\/uploads\/2020\/07\/IM-welding-course-Slider-03-2048x1024.jpg\" class=\"attachment-hero-full size-hero-full\" alt=\"\" title=\"IM-welding-course-Slider 03\" loading=\"eager\" srcset=\"https:\/\/elbepools.com\/app\/uploads\/2020\/07\/IM-welding-course-Slider-03.jpg 2048w, https:\/\/elbepools.com\/app\/uploads\/2020\/07\/IM-welding-course-Slider-03-300x150.jpg 300w, https:\/\/elbepools.com\/app\/uploads\/2020\/07\/IM-welding-course-Slider-03-768x384.jpg 768w, https:\/\/elbepools.com\/app\/uploads\/2020\/07\/IM-welding-course-Slider-03-1024x512.jpg 1024w\" sizes=\"(max-width: 2048px) 100vw, 2048px\" \/>\t\t\t\t\t\t<\/picture>\n\t\t\t\t\t\t<img decoding=\"async\" class=\"wellenstruktur\" src=\"https:\/\/elbepools.com\/app\/themes\/jagdfieber\/img\/welle-ganz.png\">\n\t\t\t\t\t<\/div>\n\t\t\t\t\t<div class=\"caption\">\n\t\t\t\t\t\t<div class=\"caption-outer\">\n\t\t\t\t\t\t\t<div class=\"caption-inner\">\n\t\t\t\t\t\t\t\t\t\t\t\t\t\t\t\t\t<div class=\"caption--headline\">\n\t\t\t\t\t\t\t\t\t\t<h2 class=\"caption--headline__text no-wave\">\n\t\t\t\t\t\t\t\t\t\t\tUN PRODUIT DE QUALIT\u00c9 <br \/>\r\nEST AUSSI IMPORTANT\t\t\t\t\t\t\t\t\t\t\t<span>QUE SON INSTALLATION<\/span>\n\t\t\t\t\t\t\t\t\t\t<\/h2>\n\t\t\t\t\t\t\t\t\t<\/div>\n\t\t\t\t\t\t\t\t\t\t\t\t\t\t\t\t<\/div>\n\t\t\t\t\t\t<\/div>\n\t\t\t\t\t<\/div>\n\t\t\t\t<\/div>\n\t\t\t\t\t\t\t\t<\/div> <!-- .swiper-wrapper -->\n\t\t\t\t<div class=\"swiper-button-next\"><svg><use xmlns:xlink=\"http:\/\/www.w3.org\/1999\/xlink\" xlink:href=\"#pfeil\"><\/use><\/svg><\/div>\n\t\t\t\t<div class=\"swiper-button-prev\"><svg><use xmlns:xlink=\"http:\/\/www.w3.org\/1999\/xlink\" xlink:href=\"#pfeil\"><\/use><\/svg><\/div>\n\t\t\t<\/div> <!-- .swiper-container -->\n\t\t\t<\/div><!-- .container -->\n\n\n\n<h2 class=\"wp-block-heading\">UNE QUALIT\u00c9 PREMIUM EXIGE <br>UNE INSTALLATION DE PREMI\u00c8RE CLASSE.<\/h2>\n\n\n\n<p><strong><strong>Formations ELBE Pool Surface<sup>\u00ae<\/sup> avec certificat fabricant<\/strong><\/strong><\/p>\n\n\n\n<p><br><\/p>\n\n\n\n<p>Am\u00e9liorez vos performances de soudage dans notre centre de formation ultra moderne, directement sur le site de production d\u2019Ebtal Plastics GmbH &amp; Co. KG \u00e0 Coswig\/Dresde.<br><strong>Compact et efficace.<\/strong> En 3 jours, vous apprendrez toutes les \u00e9tapes pour le rev\u00eatement professionnel installation d\u2019une piscine rectangulaire avec un escalier droit et le professionnel installation des piscines de n\u2019importe quelle taille avec des marches arrondies et goulotte de d\u00e9bordement. Vous apprendrez \u00e9galement \u00e0 installer notre membrane 3D.<\/p>\n\n\n\n<p>Une visite d\u2019usine et un programme attractif sont pr\u00e9vus. Dans les cours, le nombre de participants est limit\u00e9 \u00e0 8 personnes afin de garantir le meilleur soutien pour chaque stagiaire.<\/p>\n\n\n\n<h2 class=\"wp-block-heading\">DATES<\/h2>\n\n\n\n<p class=\"has-text-align-center\">10.03. \u2013 12.03.2026 (allemand et anglais) &#8211; complet<br>17.03. \u2013 19.03.2026 (allemand et anglais) &#8211; complet<br>24.03. \u2013 26.03.2026 (allemand et anglais) &#8211; complet<br>31.03. \u2013 02.04.2026 (anglais) &#8211; complet<\/p>\n\n\n\n<p>Tous nos cours sont actuellement complets.<br>Nous serions ravis de vous ajouter \u00e0 la liste d&#8217;attente pour les prochains cours qui d\u00e9buteront \u00e0 l&#8217;automne 2026 et vous informerons d\u00e8s que les dates auront \u00e9t\u00e9 fix\u00e9es.<br>Il vous suffit de nous envoyer un e-mail \u00e0 l&#8217;adresse suivante : <a href=\"mailto:trainings@elbtal-plastics.de\">trainings@elbtal-plastics.de<\/a><\/p>\n\n\n\n<div class=\"wp-block-file\"><a id=\"wp-block-file--media-71147898-a320-47e0-81dc-550d32a69a99\" href=\"https:\/\/elbepools.com\/app\/uploads\/2025\/07\/2025-26-Trainings-EN-web.pdf\" target=\"_blank\" rel=\"noreferrer noopener\">2025-Trainings<\/a><\/div>\n\n\n\n<p>Pour toute autre question, contactez-nous&nbsp;!<\/p>\n\n\n\n<p><img decoding=\"async\" style=\"width: 20px;\" src=\"https:\/\/elbepools.com\/app\/uploads\/2020\/07\/Kontakt_email-1.png\" alt=\"\">\u00a0<a href=\"mailto:info@elbtal-plastics.de\">trainings@elbtal-plastics.de<\/a><br><img decoding=\"async\" style=\"width: 20px;\" src=\"https:\/\/elbepools.com\/app\/uploads\/2020\/07\/Kontakt_telephone-1.png\" alt=\"\">\u00a0<a href=\"tel:+49352353300\">+49 3523 5330-0<\/a><\/p>\n\n\n\n<h2 class=\"wp-block-heading\">CONTACTEZ-NOUS<\/h2>\n\n\n\n<form class=\"af-form acf-form\" method=\"POST\" action=\"https:\/\/elbepools.com\/fr\/wp-json\/wp\/v2\/pages\/7245\" id=\"form_6035ffe77ce23\" data-key=\"form_6035ffe77ce23\"><div class=\"af-fields acf-fields acf-form-fields -top\">\t<div id=\"acf-form-data\" class=\"acf-hidden\">\n\t\t<input type=\"hidden\" id=\"_acf_screen\" name=\"_acf_screen\" value=\"acf_form\"\/><input type=\"hidden\" id=\"_acf_post_id\" name=\"_acf_post_id\" value=\"0\"\/><input type=\"hidden\" id=\"_acf_validation\" name=\"_acf_validation\" value=\"1\"\/><input type=\"hidden\" id=\"_acf_form\" name=\"_acf_form\" value=\"0\"\/><input type=\"hidden\" id=\"_acf_nonce\" name=\"_acf_nonce\" value=\"fae2d3c371\"\/><input type=\"hidden\" id=\"_acf_changed\" name=\"_acf_changed\" value=\"0\"\/>\t<\/div>\n\t<div class=\"acf-hidden\"><input type=\"hidden\" name=\"_acfnonce\" value=\"015feba3e3\"><input type=\"hidden\" name=\"nonce\" value=\"015feba3e3\"><input type=\"hidden\" name=\"af_form\" value=\"form_6035ffe77ce23\"><input type=\"hidden\" name=\"af_form_args\" value=\"eyJhamF4IjpmYWxzZSwiZGlzcGxheV90aXRsZSI6ZmFsc2UsImRpc3BsYXlfZGVzY3JpcHRpb24iOmZhbHNlLCJpZCI6ImZvcm1fNjAzNWZmZTc3Y2UyMyIsInZhbHVlcyI6W10sInN1Ym1pdF90ZXh0IjoiU291bWV0dHJlIiwicmVkaXJlY3QiOm51bGwsInRhcmdldCI6Imh0dHBzOlwvXC9lbGJlcG9vbHMuY29tXC9mclwvd3AtanNvblwvd3BcL3YyXC9wYWdlc1wvNzI0NSIsImVjaG8iOnRydWUsImV4Y2x1ZGVfZmllbGRzIjpbXSwidXBsb2FkZXIiOiJ3cCIsImZpbHRlcl9tb2RlIjpmYWxzZSwibGFiZWxfcGxhY2VtZW50IjoidG9wIiwiaW5zdHJ1Y3Rpb25fcGxhY2VtZW50IjoibGFiZWwiLCJob25leXBvdCI6dHJ1ZX0=\"><input type=\"hidden\" name=\"_acf_form\" value=\"eyJhamF4IjpmYWxzZSwiZGlzcGxheV90aXRsZSI6ZmFsc2UsImRpc3BsYXlfZGVzY3JpcHRpb24iOmZhbHNlLCJpZCI6ImZvcm1fNjAzNWZmZTc3Y2UyMyIsInZhbHVlcyI6W10sInN1Ym1pdF90ZXh0IjoiU291bWV0dHJlIiwicmVkaXJlY3QiOm51bGwsInRhcmdldCI6Imh0dHBzOlwvXC9lbGJlcG9vbHMuY29tXC9mclwvd3AtanNvblwvd3BcL3YyXC9wYWdlc1wvNzI0NSIsImVjaG8iOnRydWUsImV4Y2x1ZGVfZmllbGRzIjpbXSwidXBsb2FkZXIiOiJ3cCIsImZpbHRlcl9tb2RlIjpmYWxzZSwibGFiZWxfcGxhY2VtZW50IjoidG9wIiwiaW5zdHJ1Y3Rpb25fcGxhY2VtZW50IjoibGFiZWwiLCJob25leXBvdCI6dHJ1ZX0=\"><input type=\"hidden\" name=\"af_form_nonce\" value=\"df5c8a7d0d\"><label for=\"af_email_for_non_humans_form_6035ffe77ce23\" aria-hidden=\"true\">Email for non-humans<\/label><input type=\"text\" name=\"email_for_non_humans\" id=\"af_email_for_non_humans_form_6035ffe77ce23\" tabindex=\"-1\" autocomplete=\"off\" \/><input type=\"hidden\" name=\"af_origin_url\" value=\"https:\/\/elbepools.com\/fr\/wp-json\/wp\/v2\/pages\/7245\" \/><\/div><div class=\"af-field af-field-type-select af-field-subject acf-field acf-field-select acf-field-646ccb01f019e af-field-required\" data-name=\"subject\" data-key=\"field_646ccb01f019e\" data-type=\"select\"><div class=\"af-label acf-label\"><label for=\"acf-field_646ccb01f019e\">Objet <span class=\"acf-required\">*<\/span><\/label><\/div><div class=\"af-input acf-input\"><select id=\"acf-field_646ccb01f019e\" class=\"\" name=\"acf[field_646ccb01f019e]\" data-ui=\"0\" data-ajax=\"0\" data-multiple=\"0\" data-placeholder=\"S\u00e9lectionner\" data-allow_null=\"0\"><option value=\"information sur le produit\">information sur le produit<\/option><option value=\"technique d&#039;application\">technique d&#039;application<\/option><option value=\"session d\u00b4installation\">session d\u00b4installation<\/option><option value=\"documents de marketing\">documents de marketing<\/option><option value=\"autres demandes\">autres demandes<\/option><\/select><\/div><\/div><div class=\"af-field af-field-type-text af-field-pr\u00e9nom acf-field acf-field-text acf-field-60360123138fc af-field-required\" data-width=\"50\" style=\"width: 50%;\" data-name=\"pr\u00e9nom\" data-key=\"field_60360123138fc\" data-type=\"text\"><div class=\"af-label acf-label\"><label for=\"acf-field_60360123138fc\">Pr\u00e9nom <span class=\"acf-required\">*<\/span><\/label><\/div><div class=\"af-input acf-input\"><div class=\"acf-input-wrap\"><input type=\"text\" id=\"acf-field_60360123138fc\" name=\"acf[field_60360123138fc]\" required=\"required\"\/><\/div><\/div><\/div><div class=\"af-field af-field-type-text af-field-nom acf-field acf-field-text acf-field-6036014e138fd af-field-required\" data-width=\"50\" style=\"width: 50%;\" data-name=\"nom\" data-key=\"field_6036014e138fd\" data-type=\"text\"><div class=\"af-label acf-label\"><label for=\"acf-field_6036014e138fd\">Nom <span class=\"acf-required\">*<\/span><\/label><\/div><div class=\"af-input acf-input\"><div class=\"acf-input-wrap\"><input type=\"text\" id=\"acf-field_6036014e138fd\" name=\"acf[field_6036014e138fd]\" required=\"required\"\/><\/div><\/div><\/div><div class=\"af-field af-field-type-text af-field-entreprise acf-field acf-field-text acf-field-60360188138fe af-field-required\" data-width=\"100\" style=\"width: 100%;\" data-name=\"entreprise\" data-key=\"field_60360188138fe\" data-type=\"text\"><div class=\"af-label acf-label\"><label for=\"acf-field_60360188138fe\">Entreprise <span class=\"acf-required\">*<\/span><\/label><\/div><div class=\"af-input acf-input\"><div class=\"acf-input-wrap\"><input type=\"text\" id=\"acf-field_60360188138fe\" name=\"acf[field_60360188138fe]\" required=\"required\"\/><\/div><\/div><\/div><div class=\"af-field af-field-type-email af-field-adresse-mail acf-field acf-field-email acf-field-603601c7138ff af-field-required\" data-width=\"50\" style=\"width: 50%;\" data-name=\"adresse_mail\" data-key=\"field_603601c7138ff\" data-type=\"email\"><div class=\"af-label acf-label\"><label for=\"acf-field_603601c7138ff\">Adresse mail <span class=\"acf-required\">*<\/span><\/label><\/div><div class=\"af-input acf-input\"><div class=\"acf-input-wrap\"><input type=\"email\" id=\"acf-field_603601c7138ff\" name=\"acf[field_603601c7138ff]\" required=\"required\"\/><\/div><\/div><\/div><div class=\"af-field af-field-type-text af-field-t\u00e9l\u00e9phone acf-field acf-field-text acf-field-603601e113900\" data-width=\"50\" style=\"width: 50%;\" data-name=\"t\u00e9l\u00e9phone\" data-key=\"field_603601e113900\" data-type=\"text\"><div class=\"af-label acf-label\"><label for=\"acf-field_603601e113900\">T\u00e9l\u00e9phone<\/label><\/div><div class=\"af-input acf-input\"><div class=\"acf-input-wrap\"><input type=\"text\" id=\"acf-field_603601e113900\" name=\"acf[field_603601e113900]\"\/><\/div><\/div><\/div><div class=\"af-field af-field-type-textarea af-field-message acf-field acf-field-textarea acf-field-6036025c13902 af-field-required\" data-name=\"message\" data-key=\"field_6036025c13902\" data-type=\"textarea\"><div class=\"af-label acf-label\"><label for=\"acf-field_6036025c13902\">Message <span class=\"acf-required\">*<\/span><\/label><\/div><div class=\"af-input acf-input\"><textarea id=\"acf-field_6036025c13902\" name=\"acf[field_6036025c13902]\" rows=\"8\" required=\"required\"><\/textarea><\/div><\/div><div class=\"af-field af-field-type-message af-field- acf-field acf-field-message acf-field-6036027f13903\" data-name=\"\" data-key=\"field_6036027f13903\" data-type=\"message\"><div class=\"af-label acf-label\"><label for=\"acf-field_6036027f13903\"><\/label><\/div><div class=\"af-input acf-input\"><p>* champs obligatoires<\/p>\n<\/div><\/div><div class=\"af-field af-field-type-image-captcha af-field-image-captcha acf-field acf-field-image-captcha acf-field-652fe21c51e69\" data-name=\"image_captcha\" data-key=\"field_652fe21c51e69\" data-type=\"image_captcha\"><div class=\"af-label acf-label\"><label for=\"acf-field_652fe21c51e69\"><\/label><\/div><div class=\"af-input acf-input\">\t\t<input type=\"hidden\" name=\"acf[field_652fe21c51e69]\">\n\n\t\t<div class=\"fp-image-captcha\">\n    <span class=\"fp-image-captcha__instructions\">\n        Veuillez prouver que vous n'\u00eates pas un robot et s\u00e9lectionnez l'ic\u00f4ne <span class=\"correct\">Cl\u00e9<\/span>.    <\/span>\n    <div class=\"fp-image-captcha__choices\">\n\t\t\t\t\t<label><input autocomplete=\"off\" type=\"radio\" name=\"acf[field_652fe21c51e69]\" value=\"6f71e5f0\" \/>\n\t\t\t\t<svg xmlns=\"http:\/\/www.w3.org\/2000\/svg\" width=\"50\" height=\"50\" fill=\"currentColor\" viewBox=\"0 0 16 16\">\n  <path d=\"M6.5 14.5v-3.505c0-.245.25-.495.5-.495h2c.25 0 .5.25.5.5v3.5a.5.5 0 0 0 .5.5h4a.5.5 0 0 0 .5-.5v-7a.5.5 0 0 0-.146-.354L13 5.793V2.5a.5.5 0 0 0-.5-.5h-1a.5.5 0 0 0-.5.5v1.293L8.354 1.146a.5.5 0 0 0-.708 0l-6 6A.5.5 0 0 0 1.5 7.5v7a.5.5 0 0 0 .5.5h4a.5.5 0 0 0 .5-.5z\"\/>\n<\/svg>\t\t\t<\/label>\n\t\t\t\t\t<label><input autocomplete=\"off\" type=\"radio\" name=\"acf[field_652fe21c51e69]\" value=\"f65d7d06\" \/>\n\t\t\t\t<svg xmlns=\"http:\/\/www.w3.org\/2000\/svg\" width=\"50\" height=\"50\" fill=\"currentColor\" class=\"bi\" viewBox=\"0 0 16 16\">\n  <path d=\"M3.5 11.5a3.5 3.5 0 1 1 3.163-5H14L15.5 8 14 9.5l-1-1-1 1-1-1-1 1-1-1-1 1H6.663a3.5 3.5 0 0 1-3.163 2zM2.5 9a1 1 0 1 0 0-2 1 1 0 0 0 0 2z\"\/>\n<\/svg>\t\t\t<\/label>\n\t\t\t\t\t<label><input autocomplete=\"off\" type=\"radio\" name=\"acf[field_652fe21c51e69]\" value=\"fafa1a3f\" \/>\n\t\t\t\t<svg xmlns=\"http:\/\/www.w3.org\/2000\/svg\" width=\"50\" height=\"50\" fill=\"currentColor\" class=\"bi\" viewBox=\"0 0 16 16\">\n  <path d=\"M2 6a6 6 0 1 1 10.174 4.31c-.203.196-.359.4-.453.619l-.762 1.769A.5.5 0 0 1 10.5 13h-5a.5.5 0 0 1-.46-.302l-.761-1.77a1.964 1.964 0 0 0-.453-.618A5.984 5.984 0 0 1 2 6zm3 8.5a.5.5 0 0 1 .5-.5h5a.5.5 0 0 1 0 1l-.224.447a1 1 0 0 1-.894.553H6.618a1 1 0 0 1-.894-.553L5.5 15a.5.5 0 0 1-.5-.5z\"\/>\n<\/svg>\t\t\t<\/label>\n\t\t\t\t\t<label><input autocomplete=\"off\" type=\"radio\" name=\"acf[field_652fe21c51e69]\" value=\"ccf7d979\" \/>\n\t\t\t\t<svg xmlns=\"http:\/\/www.w3.org\/2000\/svg\" width=\"50\" height=\"50\" fill=\"currentColor\" class=\"bi\" viewBox=\"0 0 16 16\">\n  <path d=\"M3.612 15.443c-.386.198-.824-.149-.746-.592l.83-4.73L.173 6.765c-.329-.314-.158-.888.283-.95l4.898-.696L7.538.792c.197-.39.73-.39.927 0l2.184 4.327 4.898.696c.441.062.612.636.282.95l-3.522 3.356.83 4.73c.078.443-.36.79-.746.592L8 13.187l-4.389 2.256z\"\/>\n<\/svg>\t\t\t<\/label>\n\t\t    <\/div>\n    <input type=\"hidden\" name=\"field_652fe21c51e69_correct\" value=\"Cl\u00e9\" \/>\n<\/div>\n<\/div><\/div><div class=\"af-submit acf-form-submit\"><button type=\"submit\" class=\"acf-button af-submit-button\">Soumettre<\/button><span class=\"acf-spinner af-spinner\"><\/span><\/div><\/div><\/form>\n","protected":false},"excerpt":{"rendered":"<p>UNE QUALIT\u00c9 PREMIUM EXIGE UNE INSTALLATION DE PREMI\u00c8RE CLASSE. Formations ELBE Pool Surface\u00ae avec certificat fabricant Am\u00e9liorez vos performances de soudage dans notre centre de formation ultra moderne, directement sur le site de production d\u2019Ebtal Plastics GmbH &amp; Co. KG \u00e0 Coswig\/Dresde.Compact et efficace. En 3 jours, vous apprendrez toutes les \u00e9tapes pour le rev\u00eatement [&hellip;]<\/p>\n","protected":false},"author":2,"featured_media":0,"parent":0,"menu_order":0,"comment_status":"closed","ping_status":"closed","template":"","meta":{"_acf_changed":false,"footnotes":""},"class_list":["post-7245","page","type-page","status-publish","hentry"],"acf":[],"_links":{"self":[{"href":"https:\/\/elbepools.com\/fr\/wp-json\/wp\/v2\/pages\/7245","targetHints":{"allow":["GET"]}}],"collection":[{"href":"https:\/\/elbepools.com\/fr\/wp-json\/wp\/v2\/pages"}],"about":[{"href":"https:\/\/elbepools.com\/fr\/wp-json\/wp\/v2\/types\/page"}],"author":[{"embeddable":true,"href":"https:\/\/elbepools.com\/fr\/wp-json\/wp\/v2\/users\/2"}],"replies":[{"embeddable":true,"href":"https:\/\/elbepools.com\/fr\/wp-json\/wp\/v2\/comments?post=7245"}],"version-history":[{"count":20,"href":"https:\/\/elbepools.com\/fr\/wp-json\/wp\/v2\/pages\/7245\/revisions"}],"predecessor-version":[{"id":26578,"href":"https:\/\/elbepools.com\/fr\/wp-json\/wp\/v2\/pages\/7245\/revisions\/26578"}],"wp:attachment":[{"href":"https:\/\/elbepools.com\/fr\/wp-json\/wp\/v2\/media?parent=7245"}],"curies":[{"name":"wp","href":"https:\/\/api.w.org\/{rel}","templated":true}]}}