{"id":7225,"date":"2021-02-18T08:07:21","date_gmt":"2021-02-18T07:07:21","guid":{"rendered":"https:\/\/elbepools.com\/?page_id=7225"},"modified":"2021-04-09T14:14:28","modified_gmt":"2021-04-09T12:14:28","slug":"informations-techniques","status":"publish","type":"page","link":"https:\/\/elbepools.com\/fr\/installation-entretien\/informations-techniques\/","title":{"rendered":"informations techniques"},"content":{"rendered":"\n<div id=\"jf-header-block_5ef45aa9d5acb\" class=\"jf-header-block alignfull\">\n\t\t\t\t\t\t<div class=\" hero-image\">\n\t\t\t\t\t<div class=\"hero-image__image__wrapper\">\n\t\t\t\t\t\t<picture>\n\t\t\t\t\t\t\t<source media=\"(max-width: 767px)\" srcset=\"https:\/\/elbepools.com\/app\/uploads\/2020\/06\/CP-maintenance-768x384.jpg\">\n\t\t\t\t\t\t\t<img fetchpriority=\"high\" decoding=\"async\" width=\"2048\" height=\"1024\" src=\"https:\/\/elbepools.com\/app\/uploads\/2020\/06\/CP-maintenance-2048x1024.jpg\" class=\"attachment-hero-full size-hero-full\" alt=\"\" title=\"CP &#8211; maintenance\" loading=\"eager\" srcset=\"https:\/\/elbepools.com\/app\/uploads\/2020\/06\/CP-maintenance.jpg 2048w, https:\/\/elbepools.com\/app\/uploads\/2020\/06\/CP-maintenance-300x150.jpg 300w, https:\/\/elbepools.com\/app\/uploads\/2020\/06\/CP-maintenance-768x384.jpg 768w, https:\/\/elbepools.com\/app\/uploads\/2020\/06\/CP-maintenance-1024x512.jpg 1024w\" sizes=\"(max-width: 2048px) 100vw, 2048px\" \/>\t\t\t\t\t\t<\/picture>\n\t\t\t\t\t\t<img decoding=\"async\" class=\"wellenstruktur\" src=\"https:\/\/elbepools.com\/app\/themes\/jagdfieber\/img\/welle-ganz.png\">\n\t\t\t\t\t<\/div>\n\t\t\t\t\t<div class=\"caption\">\n\t\t\t\t\t\t<div class=\"caption-outer\">\n\t\t\t\t\t\t\t<div class=\"caption-inner\">\n\t\t\t\t\t\t\t\t\t\t\t\t\t\t\t\t\t<div class=\"caption--headline\">\n\t\t\t\t\t\t\t\t\t\t<h2 class=\"caption--headline__text no-wave\">\n\t\t\t\t\t\t\t\t\t\t\tGARANTIE D\u2019\u00c9TANCH\u00c9IT\u00c9\t\t\t\t\t\t\t\t\t\t\t<span>15 ANS<\/span>\n\t\t\t\t\t\t\t\t\t\t<\/h2>\n\t\t\t\t\t\t\t\t\t<\/div>\n\t\t\t\t\t\t\t\t\t\t\t\t\t\t\t\t<\/div>\n\t\t\t\t\t\t<\/div>\n\t\t\t\t\t<\/div>\n\t\t\t\t<\/div>\n\t\t\t\t<\/div><!-- .container -->\n\n\n\n<h2 class=\"wp-block-heading\">LE MEILLEUR REV\u00caTEMENT DE PISCINE.<\/h2>\n\n\n\n<p>La r\u00e9paration de fissures apparues sur les murs ou sur le sol d\u2019une vielle piscine endommag\u00e9e ne r\u00e9soudra pas les probl\u00e8mes de fuite. L\u2019installation d\u2019une membrane <strong>ELBE Pool Surface<sup>\u00ae<\/sup><\/strong> sur toute la surface du bassin offrira la meilleure \u00e9tanch\u00e9it\u00e9 possible. <strong>ELBE Pool Surface<sup>\u00ae<\/sup><\/strong> est la solution parfaite pour les piscines priv\u00e9es ou publiques, avec un rev\u00eatement n\u00e9cessitant un entretien minime. &nbsp;<\/p>\n\n\n\n<p>Nos membranes <strong>ELBE Pool Surface<sup>\u00ae<\/sup><\/strong> sont d\u00e9velopp\u00e9es dans notre laboratoire, directement \u00e0 l\u2019usine. Elles ne contiennent que des mati\u00e8res premi\u00e8res vierges qui assurent leur fiabilit\u00e9 et leur r\u00e9sistance dans le temps tout en pr\u00e9servant les ressources naturelles et l\u2019environnement. Faciles d\u2019entretien, nos membranes ont une dur\u00e9e de vie plus longue. Outre les avantages techniques, nos membranes offrent des d\u00e9cors uniques. \u00ab&nbsp;Fabriqu\u00e9 en Allemagne&nbsp;\u00bb par Elbtal Plastics est le gage d\u2019une qualit\u00e9 sup\u00e9rieure qui permet d\u2019offrir une garantie d\u2019\u00e9tanch\u00e9it\u00e9 de 15 ans sur l\u2019ensemble de la gamme <strong><strong>ELBE Pool Surface<sup>\u00ae<\/sup><\/strong><\/strong> (installation par un professionnel requise).<\/p>\n\n\n\n<div class=\"wp-block-file\"><a href=\"https:\/\/elbepools.com\/app\/uploads\/2021\/04\/warranty_15years_ELBE-Pool-Surface_FR_2016-07.pdf\"><strong>ELBE Pool Surface<sup>\u00ae<\/sup><\/strong> garantie 15 ans<\/a><\/div>\n\n\n\n<h2 class=\"wp-block-heading\">L\u2019ENTRETIEN EST ESSENTIEL.<\/h2>\n\n\n\n<p>L\u2019absence d\u2019entretien ou des interventions inadapt\u00e9es peuvent provoquer des dommages irr\u00e9versibles sur la membrane, comme la formation de plis, la d\u00e9coloration, le blanchiment, les rayures qui vont entra\u00eener le vieillissement pr\u00e9matur\u00e9 du rev\u00eatement. Merci de contacter votre piscinier pour l\u2019entretien de votre piscine.<\/p>\n\n\n\n<p><span class=\"has-inline-color has-blue-color\">L\u2019entretien de votre piscine implique forc\u00e9ment celui de votre membrane arm\u00e9e&nbsp;!<\/span><\/p>\n\n\n\n<div class=\"wp-block-file\"><a href=\"https:\/\/elbepools.com\/app\/uploads\/2025\/04\/ELBEpool-maintenance-FR-privat-web.pdf\">guide d\u2019instructions pour l\u2019entretien<\/a><\/div>\n\n\n\n<p><\/p>\n","protected":false},"excerpt":{"rendered":"<p>LE MEILLEUR REV\u00caTEMENT DE PISCINE. La r\u00e9paration de fissures apparues sur les murs ou sur le sol d\u2019une vielle piscine endommag\u00e9e ne r\u00e9soudra pas les probl\u00e8mes de fuite. L\u2019installation d\u2019une membrane ELBE Pool Surface\u00ae sur toute la surface du bassin offrira la meilleure \u00e9tanch\u00e9it\u00e9 possible. ELBE Pool Surface\u00ae est la solution parfaite pour les piscines [&hellip;]<\/p>\n","protected":false},"author":2,"featured_media":0,"parent":7180,"menu_order":4,"comment_status":"closed","ping_status":"closed","template":"","meta":{"_acf_changed":false,"footnotes":""},"class_list":["post-7225","page","type-page","status-publish","hentry"],"acf":[],"_links":{"self":[{"href":"https:\/\/elbepools.com\/fr\/wp-json\/wp\/v2\/pages\/7225","targetHints":{"allow":["GET"]}}],"collection":[{"href":"https:\/\/elbepools.com\/fr\/wp-json\/wp\/v2\/pages"}],"about":[{"href":"https:\/\/elbepools.com\/fr\/wp-json\/wp\/v2\/types\/page"}],"author":[{"embeddable":true,"href":"https:\/\/elbepools.com\/fr\/wp-json\/wp\/v2\/users\/2"}],"replies":[{"embeddable":true,"href":"https:\/\/elbepools.com\/fr\/wp-json\/wp\/v2\/comments?post=7225"}],"version-history":[{"count":8,"href":"https:\/\/elbepools.com\/fr\/wp-json\/wp\/v2\/pages\/7225\/revisions"}],"predecessor-version":[{"id":12866,"href":"https:\/\/elbepools.com\/fr\/wp-json\/wp\/v2\/pages\/7225\/revisions\/12866"}],"up":[{"embeddable":true,"href":"https:\/\/elbepools.com\/fr\/wp-json\/wp\/v2\/pages\/7180"}],"wp:attachment":[{"href":"https:\/\/elbepools.com\/fr\/wp-json\/wp\/v2\/media?parent=7225"}],"curies":[{"name":"wp","href":"https:\/\/api.w.org\/{rel}","templated":true}]}}