{"id":7214,"date":"2021-02-18T07:29:17","date_gmt":"2021-02-18T06:29:17","guid":{"rendered":"https:\/\/elbepools.com\/?page_id=7214"},"modified":"2021-03-04T11:58:00","modified_gmt":"2021-03-04T10:58:00","slug":"entretien","status":"publish","type":"page","link":"https:\/\/elbepools.com\/fr\/installation-entretien\/entretien\/","title":{"rendered":"entretien"},"content":{"rendered":"\n<div id=\"jf-header-block_5ef44ad9f4a62\" class=\"jf-header-block alignfull\">\n\t\t\t\t\t\t<div class=\" hero-image\">\n\t\t\t\t\t<div class=\"hero-image__image__wrapper\">\n\t\t\t\t\t\t<picture>\n\t\t\t\t\t\t\t<source media=\"(max-width: 767px)\" srcset=\"https:\/\/elbepools.com\/app\/uploads\/2020\/06\/PP-maintenance-768x384.jpg\">\n\t\t\t\t\t\t\t<img fetchpriority=\"high\" decoding=\"async\" width=\"2048\" height=\"1024\" src=\"https:\/\/elbepools.com\/app\/uploads\/2020\/06\/PP-maintenance-2048x1024.jpg\" class=\"attachment-hero-full size-hero-full\" alt=\"\" title=\"PP &#8211; maintenance\" loading=\"eager\" srcset=\"https:\/\/elbepools.com\/app\/uploads\/2020\/06\/PP-maintenance.jpg 2048w, https:\/\/elbepools.com\/app\/uploads\/2020\/06\/PP-maintenance-300x150.jpg 300w, https:\/\/elbepools.com\/app\/uploads\/2020\/06\/PP-maintenance-768x384.jpg 768w, https:\/\/elbepools.com\/app\/uploads\/2020\/06\/PP-maintenance-1024x512.jpg 1024w\" sizes=\"(max-width: 2048px) 100vw, 2048px\" \/>\t\t\t\t\t\t<\/picture>\n\t\t\t\t\t\t<img decoding=\"async\" class=\"wellenstruktur\" src=\"https:\/\/elbepools.com\/app\/themes\/jagdfieber\/img\/welle-ganz.png\">\n\t\t\t\t\t<\/div>\n\t\t\t\t\t<div class=\"caption\">\n\t\t\t\t\t\t<div class=\"caption-outer\">\n\t\t\t\t\t\t\t<div class=\"caption-inner\">\n\t\t\t\t\t\t\t\t\t\t\t\t\t\t\t\t\t<div class=\"caption--headline\">\n\t\t\t\t\t\t\t\t\t\t<h2 class=\"caption--headline__text no-wave\">\n\t\t\t\t\t\t\t\t\t\t\tUNE PISCINE \t\t\t\t\t\t\t\t\t\t\t<span>TOUJOURS IMPECCABLE<\/span>\n\t\t\t\t\t\t\t\t\t\t<\/h2>\n\t\t\t\t\t\t\t\t\t<\/div>\n\t\t\t\t\t\t\t\t\t\t\t\t\t\t\t\t<\/div>\n\t\t\t\t\t\t<\/div>\n\t\t\t\t\t<\/div>\n\t\t\t\t<\/div>\n\t\t\t\t<\/div><!-- .container -->\n\n\n\n<h2 class=\"wp-block-heading\">L\u2019ENTRETIEN EST ESSENTIEL.<\/h2>\n\n\n\n<p>L\u2019absence d\u2019entretien ou des interventions inadapt\u00e9es peuvent provoquer des dommages irr\u00e9versibles sur la membrane&nbsp;: formation de plis, d\u00e9coloration, blanchiment, rayures. Tout cela risque d\u2019entra\u00eener le vieillissement pr\u00e9matur\u00e9 du rev\u00eatement. Merci de vous r\u00e9f\u00e9rer \u00e0 notre guide d\u2019instructions pour l\u2019entretien de votre piscine.<\/p>\n\n\n\n<p class=\"has-blue-color has-text-color\">L\u2019entretien de votre piscine implique forc\u00e9ment celui de votre membrane arm\u00e9e&nbsp;!<\/p>\n\n\n\n<div class=\"wp-block-file\"><a href=\"https:\/\/elbepools.com\/app\/uploads\/2025\/04\/ELBEpool-maintenance-FR-privat-web.pdf\">guide d\u2019instructions pour l\u2019entretien<\/a><\/div>\n\n\n\n<p><\/p>\n","protected":false},"excerpt":{"rendered":"<p>L\u2019ENTRETIEN EST ESSENTIEL. L\u2019absence d\u2019entretien ou des interventions inadapt\u00e9es peuvent provoquer des dommages irr\u00e9versibles sur la membrane&nbsp;: formation de plis, d\u00e9coloration, blanchiment, rayures. Tout cela risque d\u2019entra\u00eener le vieillissement pr\u00e9matur\u00e9 du rev\u00eatement. Merci de vous r\u00e9f\u00e9rer \u00e0 notre guide d\u2019instructions pour l\u2019entretien de votre piscine. L\u2019entretien de votre piscine implique forc\u00e9ment celui de votre membrane [&hellip;]<\/p>\n","protected":false},"author":2,"featured_media":0,"parent":7180,"menu_order":0,"comment_status":"closed","ping_status":"closed","template":"","meta":{"_acf_changed":false,"footnotes":""},"class_list":["post-7214","page","type-page","status-publish","hentry"],"acf":[],"_links":{"self":[{"href":"https:\/\/elbepools.com\/fr\/wp-json\/wp\/v2\/pages\/7214","targetHints":{"allow":["GET"]}}],"collection":[{"href":"https:\/\/elbepools.com\/fr\/wp-json\/wp\/v2\/pages"}],"about":[{"href":"https:\/\/elbepools.com\/fr\/wp-json\/wp\/v2\/types\/page"}],"author":[{"embeddable":true,"href":"https:\/\/elbepools.com\/fr\/wp-json\/wp\/v2\/users\/2"}],"replies":[{"embeddable":true,"href":"https:\/\/elbepools.com\/fr\/wp-json\/wp\/v2\/comments?post=7214"}],"version-history":[{"count":3,"href":"https:\/\/elbepools.com\/fr\/wp-json\/wp\/v2\/pages\/7214\/revisions"}],"predecessor-version":[{"id":7411,"href":"https:\/\/elbepools.com\/fr\/wp-json\/wp\/v2\/pages\/7214\/revisions\/7411"}],"up":[{"embeddable":true,"href":"https:\/\/elbepools.com\/fr\/wp-json\/wp\/v2\/pages\/7180"}],"wp:attachment":[{"href":"https:\/\/elbepools.com\/fr\/wp-json\/wp\/v2\/media?parent=7214"}],"curies":[{"name":"wp","href":"https:\/\/api.w.org\/{rel}","templated":true}]}}