{"id":7188,"date":"2021-02-18T07:19:07","date_gmt":"2021-02-18T06:19:07","guid":{"rendered":"https:\/\/elbepools.com\/?page_id=7188"},"modified":"2025-12-12T10:37:05","modified_gmt":"2025-12-12T09:37:05","slug":"installation","status":"publish","type":"page","link":"https:\/\/elbepools.com\/fr\/installation-entretien\/installation\/","title":{"rendered":"installation"},"content":{"rendered":"\n<div id=\"jf-header-block_3e2fbfd7fe25fd52cc1237c899a40121\" class=\"jf-header-block alignfull\">\n\t\t\t\t\t<div class=\"swiper-container\" data-swipe-settings=\"{&quot;slidesPerView&quot;:1,&quot;spaceBetween&quot;:0}\">\n\t\t\t<div class=\"swiper-wrapper\">\n\t\t\t\t\t\t<div class=\"swiper-slide hero-image\">\n\t\t\t\t\t<div class=\"hero-image__image__wrapper\">\n\t\t\t\t\t\t<picture>\n\t\t\t\t\t\t\t<source media=\"(max-width: 767px)\" srcset=\"https:\/\/elbepools.com\/app\/uploads\/2020\/07\/IM-installation-Slider-01-768x384.jpg\">\n\t\t\t\t\t\t\t<img fetchpriority=\"high\" decoding=\"async\" width=\"2048\" height=\"1024\" src=\"https:\/\/elbepools.com\/app\/uploads\/2020\/07\/IM-installation-Slider-01-2048x1024.jpg\" class=\"attachment-hero-full size-hero-full\" alt=\"\" title=\"IM-installation-Slider 01\" loading=\"eager\" srcset=\"https:\/\/elbepools.com\/app\/uploads\/2020\/07\/IM-installation-Slider-01.jpg 2048w, https:\/\/elbepools.com\/app\/uploads\/2020\/07\/IM-installation-Slider-01-300x150.jpg 300w, https:\/\/elbepools.com\/app\/uploads\/2020\/07\/IM-installation-Slider-01-768x384.jpg 768w, https:\/\/elbepools.com\/app\/uploads\/2020\/07\/IM-installation-Slider-01-1024x512.jpg 1024w\" sizes=\"(max-width: 2048px) 100vw, 2048px\" \/>\t\t\t\t\t\t<\/picture>\n\t\t\t\t\t\t<img decoding=\"async\" class=\"wellenstruktur\" src=\"https:\/\/elbepools.com\/app\/themes\/jagdfieber\/img\/welle-ganz.png\">\n\t\t\t\t\t<\/div>\n\t\t\t\t\t<div class=\"caption\">\n\t\t\t\t\t\t<div class=\"caption-outer\">\n\t\t\t\t\t\t\t<div class=\"caption-inner\">\n\t\t\t\t\t\t\t\t\t\t\t\t\t\t\t\t\t<div class=\"caption--headline\">\n\t\t\t\t\t\t\t\t\t\t<h2 class=\"caption--headline__text no-wave\">\n\t\t\t\t\t\t\t\t\t\t\tLA MEILLEURE SOLUTION \t\t\t\t\t\t\t\t\t\t\t<span>POUR VOTRE PISCINE<\/span>\n\t\t\t\t\t\t\t\t\t\t<\/h2>\n\t\t\t\t\t\t\t\t\t<\/div>\n\t\t\t\t\t\t\t\t\t\t\t\t\t\t\t\t<\/div>\n\t\t\t\t\t\t<\/div>\n\t\t\t\t\t<\/div>\n\t\t\t\t<\/div>\n\t\t\t\t\t\t\t\t<div class=\"swiper-slide hero-image\">\n\t\t\t\t\t<div class=\"hero-image__image__wrapper\">\n\t\t\t\t\t\t<picture>\n\t\t\t\t\t\t\t<source media=\"(max-width: 767px)\" srcset=\"https:\/\/elbepools.com\/app\/uploads\/2020\/07\/IM-installation-Slider-02-768x384.jpg\">\n\t\t\t\t\t\t\t<img decoding=\"async\" width=\"2048\" height=\"1024\" src=\"https:\/\/elbepools.com\/app\/uploads\/2020\/07\/IM-installation-Slider-02-2048x1024.jpg\" class=\"attachment-hero-full size-hero-full\" alt=\"\" title=\"IM-installation-Slider 02\" loading=\"eager\" srcset=\"https:\/\/elbepools.com\/app\/uploads\/2020\/07\/IM-installation-Slider-02.jpg 2048w, https:\/\/elbepools.com\/app\/uploads\/2020\/07\/IM-installation-Slider-02-300x150.jpg 300w, https:\/\/elbepools.com\/app\/uploads\/2020\/07\/IM-installation-Slider-02-768x384.jpg 768w, https:\/\/elbepools.com\/app\/uploads\/2020\/07\/IM-installation-Slider-02-1024x512.jpg 1024w\" sizes=\"(max-width: 2048px) 100vw, 2048px\" \/>\t\t\t\t\t\t<\/picture>\n\t\t\t\t\t\t<img decoding=\"async\" class=\"wellenstruktur\" src=\"https:\/\/elbepools.com\/app\/themes\/jagdfieber\/img\/welle-ganz.png\">\n\t\t\t\t\t<\/div>\n\t\t\t\t\t<div class=\"caption\">\n\t\t\t\t\t\t<div class=\"caption-outer\">\n\t\t\t\t\t\t\t<div class=\"caption-inner\">\n\t\t\t\t\t\t\t\t\t\t\t\t\t\t\t\t\t<div class=\"caption--headline\">\n\t\t\t\t\t\t\t\t\t\t<h2 class=\"caption--headline__text no-wave\">\n\t\t\t\t\t\t\t\t\t\t\tINSTALLATION PARFAITE\t\t\t\t\t\t\t\t\t\t\t<span>PISCINE PARFAITE<\/span>\n\t\t\t\t\t\t\t\t\t\t<\/h2>\n\t\t\t\t\t\t\t\t\t<\/div>\n\t\t\t\t\t\t\t\t\t\t\t\t\t\t\t\t<\/div>\n\t\t\t\t\t\t<\/div>\n\t\t\t\t\t<\/div>\n\t\t\t\t<\/div>\n\t\t\t\t\t\t\t\t<div class=\"swiper-slide hero-image\">\n\t\t\t\t\t<div class=\"hero-image__image__wrapper\">\n\t\t\t\t\t\t<picture>\n\t\t\t\t\t\t\t<source media=\"(max-width: 767px)\" srcset=\"https:\/\/elbepools.com\/app\/uploads\/2020\/07\/IM-installation-Slider-03-768x384.jpg\">\n\t\t\t\t\t\t\t<img decoding=\"async\" width=\"2048\" height=\"1024\" src=\"https:\/\/elbepools.com\/app\/uploads\/2020\/07\/IM-installation-Slider-03-2048x1024.jpg\" class=\"attachment-hero-full size-hero-full\" alt=\"\" title=\"IM-installation-Slider 03\" loading=\"eager\" srcset=\"https:\/\/elbepools.com\/app\/uploads\/2020\/07\/IM-installation-Slider-03.jpg 2048w, https:\/\/elbepools.com\/app\/uploads\/2020\/07\/IM-installation-Slider-03-300x150.jpg 300w, https:\/\/elbepools.com\/app\/uploads\/2020\/07\/IM-installation-Slider-03-768x384.jpg 768w, https:\/\/elbepools.com\/app\/uploads\/2020\/07\/IM-installation-Slider-03-1024x512.jpg 1024w\" sizes=\"(max-width: 2048px) 100vw, 2048px\" \/>\t\t\t\t\t\t<\/picture>\n\t\t\t\t\t\t<img decoding=\"async\" class=\"wellenstruktur\" src=\"https:\/\/elbepools.com\/app\/themes\/jagdfieber\/img\/welle-ganz.png\">\n\t\t\t\t\t<\/div>\n\t\t\t\t\t<div class=\"caption\">\n\t\t\t\t\t\t<div class=\"caption-outer\">\n\t\t\t\t\t\t\t<div class=\"caption-inner\">\n\t\t\t\t\t\t\t\t\t\t\t\t\t\t\t\t\t<div class=\"caption--headline\">\n\t\t\t\t\t\t\t\t\t\t<h2 class=\"caption--headline__text no-wave\">\n\t\t\t\t\t\t\t\t\t\t\tRAPIDE &#038; \t\t\t\t\t\t\t\t\t\t\t<span>FACILE<\/span>\n\t\t\t\t\t\t\t\t\t\t<\/h2>\n\t\t\t\t\t\t\t\t\t<\/div>\n\t\t\t\t\t\t\t\t\t\t\t\t\t\t\t\t<\/div>\n\t\t\t\t\t\t<\/div>\n\t\t\t\t\t<\/div>\n\t\t\t\t<\/div>\n\t\t\t\t\t\t\t\t<\/div> <!-- .swiper-wrapper -->\n\t\t\t\t<div class=\"swiper-button-next\"><svg><use xmlns:xlink=\"http:\/\/www.w3.org\/1999\/xlink\" xlink:href=\"#pfeil\"><\/use><\/svg><\/div>\n\t\t\t\t<div class=\"swiper-button-prev\"><svg><use xmlns:xlink=\"http:\/\/www.w3.org\/1999\/xlink\" xlink:href=\"#pfeil\"><\/use><\/svg><\/div>\n\t\t\t<\/div> <!-- .swiper-container -->\n\t\t\t<\/div><!-- .container -->\n\n\n\n<h2 class=\"wp-block-heading\">UNE QUALIT\u00c9 PREMIUM EXIGE <br>UNE INSTALLATION DE PREMI\u00c8RE CLASSE.<\/h2>\n\n\n\n<p>L\u2019installation est rapide et facile, elle ne n\u00e9cessite pas d\u2019\u00e9quipements lourds dans votre propri\u00e9t\u00e9 et ne provoque aucune nuisance sonore. L\u2019installateur d\u00e9coupe et soude la membrane sur place, tout simplement.<\/p>\n\n\n\n<p>Les membranes <strong>ELBE Pool Surface<sup>\u00ae<\/sup><\/strong> s\u2019installent aussi bien dans les piscines priv\u00e9es que publiques, \u00e0 l\u2019int\u00e9rieur ou \u00e0 l\u2019ext\u00e9rieur, peu importe leurs tailles ou leurs formes et que ce soit pour une nouvelle construction ou pour une r\u00e9novation. D\u00e9roul\u00e9es sur un feutre de protection, les membranes sont soud\u00e9es rapidement et facilement et offrent une \u00e9tanch\u00e9it\u00e9 totale \u00e0 100%. La fonction premi\u00e8re de la membrane arm\u00e9e est de garantir l\u2019\u00e9tanch\u00e9it\u00e9 de la piscine et l\u2019installateur doit s\u2019assurer de fournir une membrane parfaitement soud\u00e9e. La membrane arm\u00e9e ne corrigera pas les d\u00e9fauts existants pr\u00e9sents sur la structure des murs ou du sol.<\/p>\n\n\n\n<p>Photos prises avant et apr\u00e8s projets qui montrent les avantages de nos rev\u00eatements <strong>ELBE Pool Surface<sup>\u00ae<\/sup><\/strong>.<\/p>\n\n\n\n<p><\/p>\n\n\n\n<div class=\"wp-block-columns is-layout-flex wp-container-core-columns-is-layout-1 wp-block-columns-is-layout-flex\">\n<div class=\"wp-block-column is-layout-flow wp-block-column-is-layout-flow\">\n<figure class=\"wp-block-image alignfull size-teaser-cropped text-on-image is-style-rounded\"><img loading=\"lazy\" decoding=\"async\" width=\"540\" height=\"360\" src=\"https:\/\/elbepools.com\/app\/uploads\/2020\/07\/adriablau-604-87-540x360.jpg\" alt=\"\" class=\"wp-image-7208\" srcset=\"https:\/\/elbepools.com\/app\/uploads\/2020\/07\/adriablau-604-87-540x360.jpg 540w, https:\/\/elbepools.com\/app\/uploads\/2020\/07\/adriablau-604-87-569x380.jpg 569w\" sizes=\"auto, (max-width: 540px) 100vw, 540px\" \/><figcaption class=\"wp-element-caption\">AVANT<\/figcaption><\/figure>\n<\/div>\n\n\n\n<div class=\"wp-block-column is-layout-flow wp-block-column-is-layout-flow\">\n<figure class=\"wp-block-image alignfull size-teaser-cropped text-on-image is-style-rounded\"><img loading=\"lazy\" decoding=\"async\" width=\"540\" height=\"360\" src=\"https:\/\/elbepools.com\/app\/uploads\/2020\/07\/any_size_2-540x360.jpg\" alt=\"\" class=\"wp-image-7209\" srcset=\"https:\/\/elbepools.com\/app\/uploads\/2020\/07\/any_size_2-540x360.jpg 540w, https:\/\/elbepools.com\/app\/uploads\/2020\/07\/any_size_2-569x380.jpg 569w\" sizes=\"auto, (max-width: 540px) 100vw, 540px\" \/><figcaption class=\"wp-element-caption\">aPR\u00c8s<\/figcaption><\/figure>\n<\/div>\n<\/div>\n\n\n\n<div class=\"wp-block-columns is-layout-flex wp-container-core-columns-is-layout-2 wp-block-columns-is-layout-flex\">\n<div class=\"wp-block-column is-layout-flow wp-block-column-is-layout-flow\">\n<figure class=\"wp-block-image alignfull size-teaser-cropped text-on-image is-style-rounded\"><img loading=\"lazy\" decoding=\"async\" width=\"540\" height=\"360\" src=\"https:\/\/elbepools.com\/app\/uploads\/2020\/12\/before-08-scaled-540x360.jpg\" alt=\"\" class=\"wp-image-7210\" srcset=\"https:\/\/elbepools.com\/app\/uploads\/2020\/12\/before-08-scaled-540x360.jpg 540w, https:\/\/elbepools.com\/app\/uploads\/2020\/12\/before-08-scaled-300x200.jpg 300w, https:\/\/elbepools.com\/app\/uploads\/2020\/12\/before-08-scaled-768x512.jpg 768w, https:\/\/elbepools.com\/app\/uploads\/2020\/12\/before-08-scaled-1024x683.jpg 1024w, https:\/\/elbepools.com\/app\/uploads\/2020\/12\/before-08-scaled-569x380.jpg 569w\" sizes=\"auto, (max-width: 540px) 100vw, 540px\" \/><figcaption class=\"wp-element-caption\">AVANT<\/figcaption><\/figure>\n<\/div>\n\n\n\n<div class=\"wp-block-column is-layout-flow wp-block-column-is-layout-flow\">\n<figure class=\"wp-block-image alignfull size-teaser-cropped text-on-image is-style-rounded\"><img loading=\"lazy\" decoding=\"async\" width=\"540\" height=\"360\" src=\"https:\/\/elbepools.com\/app\/uploads\/2020\/12\/after-08-scaled-540x360.jpg\" alt=\"\" class=\"wp-image-7211\" srcset=\"https:\/\/elbepools.com\/app\/uploads\/2020\/12\/after-08-scaled-540x360.jpg 540w, https:\/\/elbepools.com\/app\/uploads\/2020\/12\/after-08-scaled-569x380.jpg 569w\" sizes=\"auto, (max-width: 540px) 100vw, 540px\" \/><figcaption class=\"wp-element-caption\">APR\u00c8S<\/figcaption><\/figure>\n<\/div>\n<\/div>\n\n\n\n<div class=\"wp-block-columns is-layout-flex wp-container-core-columns-is-layout-3 wp-block-columns-is-layout-flex\">\n<div class=\"wp-block-column is-layout-flow wp-block-column-is-layout-flow\">\n<figure class=\"wp-block-image alignfull size-teaser-cropped text-on-image is-style-rounded\"><img loading=\"lazy\" decoding=\"async\" width=\"540\" height=\"360\" src=\"https:\/\/elbepools.com\/app\/uploads\/2020\/12\/before-09-scaled-540x360.jpg\" alt=\"\" class=\"wp-image-7212\" srcset=\"https:\/\/elbepools.com\/app\/uploads\/2020\/12\/before-09-scaled-540x360.jpg 540w, https:\/\/elbepools.com\/app\/uploads\/2020\/12\/before-09-scaled-569x380.jpg 569w\" sizes=\"auto, (max-width: 540px) 100vw, 540px\" \/><figcaption class=\"wp-element-caption\">AVANT<\/figcaption><\/figure>\n<\/div>\n\n\n\n<div class=\"wp-block-column is-layout-flow wp-block-column-is-layout-flow\">\n<figure class=\"wp-block-image alignfull size-teaser-cropped text-on-image is-style-rounded\"><img loading=\"lazy\" decoding=\"async\" width=\"540\" height=\"360\" src=\"https:\/\/elbepools.com\/app\/uploads\/2020\/12\/after-09-scaled-540x360.jpg\" alt=\"\" class=\"wp-image-7213\" srcset=\"https:\/\/elbepools.com\/app\/uploads\/2020\/12\/after-09-scaled-540x360.jpg 540w, https:\/\/elbepools.com\/app\/uploads\/2020\/12\/after-09-scaled-569x380.jpg 569w\" sizes=\"auto, (max-width: 540px) 100vw, 540px\" \/><figcaption class=\"wp-element-caption\">APR\u00c8S<\/figcaption><\/figure>\n<\/div>\n<\/div>\n\n\n\n<h2 class=\"wp-block-heading\">DEVENEZ INSTALLATEUR PROFESSIONNEL AGR\u00c9\u00c9.<\/h2>\n\n\n\n<div class=\"wp-block-columns pt-0 is-layout-flex wp-container-core-columns-is-layout-4 wp-block-columns-is-layout-flex\">\n<div class=\"wp-block-column is-layout-flow wp-block-column-is-layout-flow\" style=\"flex-basis:66.66%\">\n<p>Chez nous, directement \u00e0 l\u2019usine, notre centre de formation ultra moderne de Coswig, en Allemagne, permet de vous former ainsi que vos partenaires pour que vous deveniez de v\u00e9ritables installateurs professionnels. En deux sessions de formation, vous repartez avec toutes les comp\u00e9tences et connaissances n\u00e9cessaires \u00e0 la pose de nos membranes arm\u00e9es pour piscines. Une visite d\u2019usine et un programme attractif sont pr\u00e9vus. Dans les deux cours, le nombre de participants est limit\u00e9 \u00e0 8 personnes. <\/p>\n\n\n\n<p>\u00c0 la fin de la formation, vous recevez le dipl\u00f4me fabricant de poseur certifi\u00e9.<\/p>\n\n\n\n<p><em>Ces formations sont indispensables et rendent les installateurs op\u00e9rationnels d\u00e8s la fin de l\u2019enseignement. L\u2019accompagnement dans votre apprentissage ou votre volont\u00e9 de perfectionnement sont essentiels, nous sommes l\u00e0 pour vous former et apporter les r\u00e9ponses \u00e0 vos questions.<\/em><\/p>\n\n\n\n<div class=\"wp-block-buttons is-content-justification-center is-layout-flex wp-container-core-buttons-is-layout-1 wp-block-buttons-is-layout-flex\">\n<div class=\"wp-block-button is-style-fill\"><a class=\"wp-block-button__link wp-element-button\" href=\"https:\/\/elbepools.com\/fr\/formations\/\">REJOIGNEZ-NOUS<\/a><\/div>\n<\/div>\n<\/div>\n\n\n\n<div class=\"wp-block-column is-layout-flow wp-block-column-is-layout-flow\" style=\"flex-basis:33.33%\"><div class=\"wp-block-image\">\n<figure class=\"aligncenter size-large is-resized\"><img loading=\"lazy\" decoding=\"async\" width=\"412\" height=\"412\" src=\"https:\/\/elbepools.com\/app\/uploads\/2021\/02\/ELBE-Certified-Installer-Seal-FR-2.png\" alt=\"\" class=\"wp-image-7190\" style=\"width:206px;height:206px\" srcset=\"https:\/\/elbepools.com\/app\/uploads\/2021\/02\/ELBE-Certified-Installer-Seal-FR-2.png 412w, https:\/\/elbepools.com\/app\/uploads\/2021\/02\/ELBE-Certified-Installer-Seal-FR-2-300x300.png 300w, https:\/\/elbepools.com\/app\/uploads\/2021\/02\/ELBE-Certified-Installer-Seal-FR-2-150x150.png 150w, https:\/\/elbepools.com\/app\/uploads\/2021\/02\/ELBE-Certified-Installer-Seal-FR-2-400x400.png 400w\" sizes=\"auto, (max-width: 412px) 100vw, 412px\" \/><\/figure><\/div><\/div>\n<\/div>\n\n\n\n<div class=\"wp-block-columns is-layout-flex wp-container-core-columns-is-layout-5 wp-block-columns-is-layout-flex\">\n<div class=\"wp-block-column is-layout-flow wp-block-column-is-layout-flow\">\n <div class=\"brlbs-cmpnt-container brlbs-cmpnt-content-blocker brlbs-cmpnt-with-individual-styles\" data-borlabs-cookie-content-blocker-id=\"youtube-content-blocker\" data-borlabs-cookie-content=\"PGlmcmFtZSBzcmM9Imh0dHBzOi8vd3d3LnlvdXR1YmUtbm9jb29raWUuY29tL2VtYmVkL1kyZDJVVWlEc2dJP3N0YXJ0PTExNCIgYWxsb3c9ImFjY2VsZXJvbWV0ZXI7IGF1dG9wbGF5OyBlbmNyeXB0ZWQtbWVkaWE7IGd5cm9zY29wZTsgcGljdHVyZS1pbi1waWN0dXJlIiBhbGxvd2Z1bGxzY3JlZW49IiIgd2lkdGg9IjU2MCIgaGVpZ2h0PSIzMTUiIGZyYW1lYm9yZGVyPSIwIj48L2lmcmFtZT4=\"><div class=\"brlbs-cmpnt-cb-preset-c brlbs-cmpnt-cb-youtube\"> <div class=\"brlbs-cmpnt-cb-thumbnail\" style=\"background-image: url('https:\/\/elbepools.com\/app\/uploads\/borlabs-cookie\/1\/yt_Y2d2UUiDsgI_hqdefault.jpg')\"><\/div> <div class=\"brlbs-cmpnt-cb-main\"> <div class=\"brlbs-cmpnt-cb-play-button\"><\/div> <div class=\"brlbs-cmpnt-cb-content\"> <p class=\"brlbs-cmpnt-cb-description\">Vous \u00eates actuellement en train de consulter le contenu d&#8217;un espace r\u00e9serv\u00e9 de <strong>YouTube<\/strong>. Pour acc\u00e9der au contenu r\u00e9el, cliquez sur le bouton ci-dessous. Veuillez noter que ce faisant, des donn\u00e9es seront partag\u00e9es avec des providers tiers.<\/p> <a class=\"brlbs-cmpnt-cb-provider-toggle\" href=\"#\" data-borlabs-cookie-show-provider-information role=\"button\">Plus d&#8217;informations<\/a> <\/div> <div class=\"brlbs-cmpnt-cb-buttons\"> <a class=\"brlbs-cmpnt-cb-btn\" href=\"#\" data-borlabs-cookie-unblock role=\"button\">D\u00e9bloquer le contenu<\/a> <a class=\"brlbs-cmpnt-cb-btn\" href=\"#\" data-borlabs-cookie-accept-service role=\"button\" style=\"display: inherit\">Accepter le service requis et d\u00e9bloquer les contenus<\/a> <\/div> <\/div> <\/div><\/div>\n\n\n\n<p><mark style=\"background-color:rgba(0, 0, 0, 0)\" class=\"has-inline-color has-black-color\"><a rel=\"noreferrer noopener nofollow\" href=\"https:\/\/www.youtube.com\/watch?v=Y2d2UUiDsgI&amp;t=114s\" data-type=\"URL\" data-id=\"https:\/\/www.youtube.com\/watch?v=Y2d2UUiDsgI&amp;t=114s\" target=\"_blank\">pose de membrane <strong>ELBE Pool Surface<sup>\u00ae<\/sup><\/strong> dans une piscine publique<\/a><\/mark><\/p>\n<\/div>\n\n\n\n<div class=\"wp-block-column is-layout-flow wp-block-column-is-layout-flow\">\n <div class=\"brlbs-cmpnt-container brlbs-cmpnt-content-blocker brlbs-cmpnt-with-individual-styles\" data-borlabs-cookie-content-blocker-id=\"youtube-content-blocker\" data-borlabs-cookie-content=\"PGlmcmFtZSBzcmM9Imh0dHBzOi8vd3d3LnlvdXR1YmUtbm9jb29raWUuY29tL2VtYmVkL1VKeEYwSWwzT0ZRIiBhbGxvdz0iYWNjZWxlcm9tZXRlcjsgYXV0b3BsYXk7IGVuY3J5cHRlZC1tZWRpYTsgZ3lyb3Njb3BlOyBwaWN0dXJlLWluLXBpY3R1cmUiIGFsbG93ZnVsbHNjcmVlbj0iIiB3aWR0aD0iNTYwIiBoZWlnaHQ9IjMxNSIgZnJhbWVib3JkZXI9IjAiPjwvaWZyYW1lPg==\"><div class=\"brlbs-cmpnt-cb-preset-c brlbs-cmpnt-cb-youtube\"> <div class=\"brlbs-cmpnt-cb-thumbnail\" style=\"background-image: url('https:\/\/elbepools.com\/app\/uploads\/borlabs-cookie\/1\/yt_UJxF0Il3OFQ_hqdefault.jpg')\"><\/div> <div class=\"brlbs-cmpnt-cb-main\"> <div class=\"brlbs-cmpnt-cb-play-button\"><\/div> <div class=\"brlbs-cmpnt-cb-content\"> <p class=\"brlbs-cmpnt-cb-description\">Vous \u00eates actuellement en train de consulter le contenu d&#8217;un espace r\u00e9serv\u00e9 de <strong>YouTube<\/strong>. Pour acc\u00e9der au contenu r\u00e9el, cliquez sur le bouton ci-dessous. Veuillez noter que ce faisant, des donn\u00e9es seront partag\u00e9es avec des providers tiers.<\/p> <a class=\"brlbs-cmpnt-cb-provider-toggle\" href=\"#\" data-borlabs-cookie-show-provider-information role=\"button\">Plus d&#8217;informations<\/a> <\/div> <div class=\"brlbs-cmpnt-cb-buttons\"> <a class=\"brlbs-cmpnt-cb-btn\" href=\"#\" data-borlabs-cookie-unblock role=\"button\">D\u00e9bloquer le contenu<\/a> <a class=\"brlbs-cmpnt-cb-btn\" href=\"#\" data-borlabs-cookie-accept-service role=\"button\" style=\"display: inherit\">Accepter le service requis et d\u00e9bloquer les contenus<\/a> <\/div> <\/div> <\/div><\/div>\n\n\n\n<p><a rel=\"noreferrer noopener nofollow\" href=\"https:\/\/www.youtube.com\/watch?v=UJxF0Il3OFQ\" data-type=\"URL\" data-id=\"https:\/\/www.youtube.com\/watch?v=UJxF0Il3OFQ\" target=\"_blank\">installation d\u2019une grande piscine \u00e0 Punta Cana avec membranes <strong>ELBE Pool Surface<sup>\u00ae<\/sup><\/strong><\/a><\/p>\n\n\n\n<p><\/p>\n<\/div>\n\n\n\n<div class=\"wp-block-column is-layout-flow wp-block-column-is-layout-flow\">\n <div class=\"brlbs-cmpnt-container brlbs-cmpnt-content-blocker brlbs-cmpnt-with-individual-styles\" data-borlabs-cookie-content-blocker-id=\"youtube-content-blocker\" data-borlabs-cookie-content=\"PGlmcmFtZSBzcmM9Imh0dHBzOi8vd3d3LnlvdXR1YmUtbm9jb29raWUuY29tL2VtYmVkL1h2VGFobVd1Q2U4IiBhbGxvdz0iYWNjZWxlcm9tZXRlcjsgYXV0b3BsYXk7IGVuY3J5cHRlZC1tZWRpYTsgZ3lyb3Njb3BlOyBwaWN0dXJlLWluLXBpY3R1cmUiIGFsbG93ZnVsbHNjcmVlbj0iIiB3aWR0aD0iNTYwIiBoZWlnaHQ9IjMxNSIgZnJhbWVib3JkZXI9IjAiPjwvaWZyYW1lPg==\"><div class=\"brlbs-cmpnt-cb-preset-c brlbs-cmpnt-cb-youtube\"> <div class=\"brlbs-cmpnt-cb-thumbnail\" style=\"background-image: url('https:\/\/elbepools.com\/app\/uploads\/borlabs-cookie\/1\/yt_XvTahmWuCe8_hqdefault.jpg')\"><\/div> <div class=\"brlbs-cmpnt-cb-main\"> <div class=\"brlbs-cmpnt-cb-play-button\"><\/div> <div class=\"brlbs-cmpnt-cb-content\"> <p class=\"brlbs-cmpnt-cb-description\">Vous \u00eates actuellement en train de consulter le contenu d&#8217;un espace r\u00e9serv\u00e9 de <strong>YouTube<\/strong>. Pour acc\u00e9der au contenu r\u00e9el, cliquez sur le bouton ci-dessous. Veuillez noter que ce faisant, des donn\u00e9es seront partag\u00e9es avec des providers tiers.<\/p> <a class=\"brlbs-cmpnt-cb-provider-toggle\" href=\"#\" data-borlabs-cookie-show-provider-information role=\"button\">Plus d&#8217;informations<\/a> <\/div> <div class=\"brlbs-cmpnt-cb-buttons\"> <a class=\"brlbs-cmpnt-cb-btn\" href=\"#\" data-borlabs-cookie-unblock role=\"button\">D\u00e9bloquer le contenu<\/a> <a class=\"brlbs-cmpnt-cb-btn\" href=\"#\" data-borlabs-cookie-accept-service role=\"button\" style=\"display: inherit\">Accepter le service requis et d\u00e9bloquer les contenus<\/a> <\/div> <\/div> <\/div><\/div>\n\n\n\n<p><a rel=\"noreferrer noopener nofollow\" href=\"https:\/\/www.youtube.com\/embed\/XvTahmWuCe8\" data-type=\"URL\" data-id=\"https:\/\/www.youtube.com\/embed\/XvTahmWuCe8\" target=\"_blank\"><span class=\"has-inline-color has-black-color\">r\u00e9novation d\u2019une piscine avec membranes <strong>ELBE Pool Surface<sup>\u00ae<\/sup><\/strong><\/span><\/a><\/p>\n<\/div>\n<\/div>\n\n\n\n<figure class=\"wp-block-video aligncenter\"><video controls src=\"https:\/\/elbepools.com\/app\/uploads\/2022\/12\/ELBE-Installation-Animation-EN-small-H.264.mp4\"><\/video><figcaption class=\"wp-element-caption\">explication et animation autour de la pose de membranes piscines <strong>ELBE Pool Surface<sup>\u00ae<\/sup><\/strong><\/figcaption><\/figure>\n\n\n\n<div class=\"wp-block-buttons is-content-justification-center is-layout-flex wp-container-core-buttons-is-layout-2 wp-block-buttons-is-layout-flex\">\n<div class=\"wp-block-button\"><a class=\"wp-block-button__link wp-element-button\" href=\"https:\/\/www.youtube.com\/channel\/UCGfzNM3E2zSfos-q9RF0W_g\" target=\"_blank\" rel=\"noreferrer noopener nofollow\">ACC\u00c8S A NOTRE CANAL YOUTUBE<\/a><\/div>\n<\/div>\n\n\n\n<p><\/p>\n","protected":false},"excerpt":{"rendered":"<p>UNE QUALIT\u00c9 PREMIUM EXIGE UNE INSTALLATION DE PREMI\u00c8RE CLASSE. L\u2019installation est rapide et facile, elle ne n\u00e9cessite pas d\u2019\u00e9quipements lourds dans votre propri\u00e9t\u00e9 et ne provoque aucune nuisance sonore. L\u2019installateur d\u00e9coupe et soude la membrane sur place, tout simplement. Les membranes ELBE Pool Surface\u00ae s\u2019installent aussi bien dans les piscines priv\u00e9es que publiques, \u00e0 l\u2019int\u00e9rieur [&hellip;]<\/p>\n","protected":false},"author":2,"featured_media":0,"parent":7180,"menu_order":0,"comment_status":"closed","ping_status":"closed","template":"","meta":{"_acf_changed":false,"footnotes":""},"class_list":["post-7188","page","type-page","status-publish","hentry"],"acf":[],"_links":{"self":[{"href":"https:\/\/elbepools.com\/fr\/wp-json\/wp\/v2\/pages\/7188","targetHints":{"allow":["GET"]}}],"collection":[{"href":"https:\/\/elbepools.com\/fr\/wp-json\/wp\/v2\/pages"}],"about":[{"href":"https:\/\/elbepools.com\/fr\/wp-json\/wp\/v2\/types\/page"}],"author":[{"embeddable":true,"href":"https:\/\/elbepools.com\/fr\/wp-json\/wp\/v2\/users\/2"}],"replies":[{"embeddable":true,"href":"https:\/\/elbepools.com\/fr\/wp-json\/wp\/v2\/comments?post=7188"}],"version-history":[{"count":12,"href":"https:\/\/elbepools.com\/fr\/wp-json\/wp\/v2\/pages\/7188\/revisions"}],"predecessor-version":[{"id":26464,"href":"https:\/\/elbepools.com\/fr\/wp-json\/wp\/v2\/pages\/7188\/revisions\/26464"}],"up":[{"embeddable":true,"href":"https:\/\/elbepools.com\/fr\/wp-json\/wp\/v2\/pages\/7180"}],"wp:attachment":[{"href":"https:\/\/elbepools.com\/fr\/wp-json\/wp\/v2\/media?parent=7188"}],"curies":[{"name":"wp","href":"https:\/\/api.w.org\/{rel}","templated":true}]}}