{"id":7128,"date":"2021-02-17T14:35:42","date_gmt":"2021-02-17T13:35:42","guid":{"rendered":"https:\/\/elbepools.com\/?page_id=7128"},"modified":"2025-04-08T15:37:52","modified_gmt":"2025-04-08T13:37:52","slug":"piscines-publiques","status":"publish","type":"page","link":"https:\/\/elbepools.com\/fr\/usage-pratique\/piscines-publiques\/","title":{"rendered":"piscines publiques"},"content":{"rendered":"\n<div id=\"jf-header-block_860f054d942ce2e3c4ca30d92694ce33\" class=\"jf-header-block alignfull\">\n\t\t\t\t\t<div class=\"swiper-container\" data-swipe-settings=\"{&quot;slidesPerView&quot;:1,&quot;spaceBetween&quot;:0}\">\n\t\t\t<div class=\"swiper-wrapper\">\n\t\t\t\t\t\t<div class=\"swiper-slide hero-image\">\n\t\t\t\t\t<div class=\"hero-image__image__wrapper\">\n\t\t\t\t\t\t<picture>\n\t\t\t\t\t\t\t<source media=\"(max-width: 767px)\" srcset=\"https:\/\/elbepools.com\/app\/uploads\/2020\/06\/CP-Slider-01-768x384.jpg\">\n\t\t\t\t\t\t\t<img fetchpriority=\"high\" decoding=\"async\" width=\"2048\" height=\"1024\" src=\"https:\/\/elbepools.com\/app\/uploads\/2020\/06\/CP-Slider-01-2048x1024.jpg\" class=\"attachment-hero-full size-hero-full\" alt=\"\" title=\"CP &#8211; Slider 01\" loading=\"eager\" srcset=\"https:\/\/elbepools.com\/app\/uploads\/2020\/06\/CP-Slider-01.jpg 2048w, https:\/\/elbepools.com\/app\/uploads\/2020\/06\/CP-Slider-01-300x150.jpg 300w, https:\/\/elbepools.com\/app\/uploads\/2020\/06\/CP-Slider-01-768x384.jpg 768w, https:\/\/elbepools.com\/app\/uploads\/2020\/06\/CP-Slider-01-1024x512.jpg 1024w\" sizes=\"(max-width: 2048px) 100vw, 2048px\" \/>\t\t\t\t\t\t<\/picture>\n\t\t\t\t\t\t<img decoding=\"async\" class=\"wellenstruktur\" src=\"https:\/\/elbepools.com\/app\/themes\/jagdfieber\/img\/welle-ganz.png\">\n\t\t\t\t\t<\/div>\n\t\t\t\t\t<div class=\"caption\">\n\t\t\t\t\t\t<div class=\"caption-outer\">\n\t\t\t\t\t\t\t<div class=\"caption-inner\">\n\t\t\t\t\t\t\t\t\t\t\t\t\t\t\t\t\t<div class=\"caption--headline\">\n\t\t\t\t\t\t\t\t\t\t<h2 class=\"caption--headline__text no-wave\">\n\t\t\t\t\t\t\t\t\t\t\tCASCADES<br \/>\r\nPATAUGEOIRES\t\t\t\t\t\t\t\t\t\t\t<span>POUR TOUT PUBLIC<\/span>\n\t\t\t\t\t\t\t\t\t\t<\/h2>\n\t\t\t\t\t\t\t\t\t<\/div>\n\t\t\t\t\t\t\t\t\t\t\t\t\t\t\t\t<\/div>\n\t\t\t\t\t\t<\/div>\n\t\t\t\t\t<\/div>\n\t\t\t\t<\/div>\n\t\t\t\t\t\t\t\t<div class=\"swiper-slide hero-image\">\n\t\t\t\t\t<div class=\"hero-image__image__wrapper\">\n\t\t\t\t\t\t<picture>\n\t\t\t\t\t\t\t<source media=\"(max-width: 767px)\" srcset=\"https:\/\/elbepools.com\/app\/uploads\/2020\/06\/CP-Slider-02-768x384.jpg\">\n\t\t\t\t\t\t\t<img decoding=\"async\" width=\"2048\" height=\"1024\" src=\"https:\/\/elbepools.com\/app\/uploads\/2020\/06\/CP-Slider-02-2048x1024.jpg\" class=\"attachment-hero-full size-hero-full\" alt=\"\" title=\"CP &#8211; Slider 02\" loading=\"eager\" srcset=\"https:\/\/elbepools.com\/app\/uploads\/2020\/06\/CP-Slider-02.jpg 2048w, https:\/\/elbepools.com\/app\/uploads\/2020\/06\/CP-Slider-02-300x150.jpg 300w, https:\/\/elbepools.com\/app\/uploads\/2020\/06\/CP-Slider-02-768x384.jpg 768w, https:\/\/elbepools.com\/app\/uploads\/2020\/06\/CP-Slider-02-1024x512.jpg 1024w\" sizes=\"(max-width: 2048px) 100vw, 2048px\" \/>\t\t\t\t\t\t<\/picture>\n\t\t\t\t\t\t<img decoding=\"async\" class=\"wellenstruktur\" src=\"https:\/\/elbepools.com\/app\/themes\/jagdfieber\/img\/welle-ganz.png\">\n\t\t\t\t\t<\/div>\n\t\t\t\t\t<div class=\"caption\">\n\t\t\t\t\t\t<div class=\"caption-outer\">\n\t\t\t\t\t\t\t<div class=\"caption-inner\">\n\t\t\t\t\t\t\t\t\t\t\t\t\t\t\t\t\t<div class=\"caption--headline\">\n\t\t\t\t\t\t\t\t\t\t<h2 class=\"caption--headline__text no-wave\">\n\t\t\t\t\t\t\t\t\t\t\t\u00c9L\u00c9GANT<br \/>\r\nUNIQUE\t\t\t\t\t\t\t\t\t\t\t<span>CONFORTABLE<\/span>\n\t\t\t\t\t\t\t\t\t\t<\/h2>\n\t\t\t\t\t\t\t\t\t<\/div>\n\t\t\t\t\t\t\t\t\t\t\t\t\t\t\t\t<\/div>\n\t\t\t\t\t\t<\/div>\n\t\t\t\t\t<\/div>\n\t\t\t\t<\/div>\n\t\t\t\t\t\t\t\t<div class=\"swiper-slide hero-image\">\n\t\t\t\t\t<div class=\"hero-image__image__wrapper\">\n\t\t\t\t\t\t<picture>\n\t\t\t\t\t\t\t<source media=\"(max-width: 767px)\" srcset=\"https:\/\/elbepools.com\/app\/uploads\/2020\/06\/CP-Slider-03-768x384.jpg\">\n\t\t\t\t\t\t\t<img decoding=\"async\" width=\"2048\" height=\"1024\" src=\"https:\/\/elbepools.com\/app\/uploads\/2020\/06\/CP-Slider-03-2048x1024.jpg\" class=\"attachment-hero-full size-hero-full\" alt=\"\" title=\"CP &#8211; Slider 03\" loading=\"eager\" srcset=\"https:\/\/elbepools.com\/app\/uploads\/2020\/06\/CP-Slider-03.jpg 2048w, https:\/\/elbepools.com\/app\/uploads\/2020\/06\/CP-Slider-03-300x150.jpg 300w, https:\/\/elbepools.com\/app\/uploads\/2020\/06\/CP-Slider-03-768x384.jpg 768w, https:\/\/elbepools.com\/app\/uploads\/2020\/06\/CP-Slider-03-1024x512.jpg 1024w\" sizes=\"(max-width: 2048px) 100vw, 2048px\" \/>\t\t\t\t\t\t<\/picture>\n\t\t\t\t\t\t<img decoding=\"async\" class=\"wellenstruktur\" src=\"https:\/\/elbepools.com\/app\/themes\/jagdfieber\/img\/welle-ganz.png\">\n\t\t\t\t\t<\/div>\n\t\t\t\t\t<div class=\"caption\">\n\t\t\t\t\t\t<div class=\"caption-outer\">\n\t\t\t\t\t\t\t<div class=\"caption-inner\">\n\t\t\t\t\t\t\t\t\t\t\t\t\t\t\t\t\t<div class=\"caption--headline\">\n\t\t\t\t\t\t\t\t\t\t<h2 class=\"caption--headline__text no-wave\">\n\t\t\t\t\t\t\t\t\t\t\tTOUTES LES TAILLES\t\t\t\t\t\t\t\t\t\t\t<span>TOUTES LES FORMES<\/span>\n\t\t\t\t\t\t\t\t\t\t<\/h2>\n\t\t\t\t\t\t\t\t\t<\/div>\n\t\t\t\t\t\t\t\t\t\t\t\t\t\t\t\t<\/div>\n\t\t\t\t\t\t<\/div>\n\t\t\t\t\t<\/div>\n\t\t\t\t<\/div>\n\t\t\t\t\t\t\t\t<\/div> <!-- .swiper-wrapper -->\n\t\t\t\t<div class=\"swiper-button-next\"><svg><use xmlns:xlink=\"http:\/\/www.w3.org\/1999\/xlink\" xlink:href=\"#pfeil\"><\/use><\/svg><\/div>\n\t\t\t\t<div class=\"swiper-button-prev\"><svg><use xmlns:xlink=\"http:\/\/www.w3.org\/1999\/xlink\" xlink:href=\"#pfeil\"><\/use><\/svg><\/div>\n\t\t\t<\/div> <!-- .swiper-container -->\n\t\t\t<\/div><!-- .container -->\n\n\n\n<div class=\"wp-block-group\"><div class=\"wp-block-group__inner-container is-layout-flow wp-block-group-is-layout-flow\">\n<h2 class=\"wp-block-heading\">DOUX, AGR\u00c9ABLE AU TOUCHER.<\/h2>\n\n\n\n<div class=\"wp-block-columns is-layout-flex wp-container-core-columns-is-layout-1 wp-block-columns-is-layout-flex\">\n<div class=\"wp-block-column is-layout-flow wp-block-column-is-layout-flow\">\n<ul class=\"wp-block-list\">\n<li>garantie d\u2019\u00e9tanch\u00e9it\u00e9 15 ans<\/li>\n\n\n\n<li>travaux rapides<\/li>\n\n\n\n<li>aucun bruit de machinerie lourde pendant l\u2019installation<\/li>\n<\/ul>\n<\/div>\n\n\n\n<div class=\"wp-block-column is-layout-flow wp-block-column-is-layout-flow\">\n<ul class=\"wp-block-list\">\n<li>surface lisse<\/li>\n\n\n\n<li>le mat\u00e9riau le plus sain, sans composants dangereux<\/li>\n\n\n\n<li>peu d\u2019entretien requis<\/li>\n<\/ul>\n<\/div>\n<\/div>\n\n\n\n<h2 class=\"wp-block-heading\">LES PISCINES SONT NOTRE SP\u00c9CIALIT\u00c9.<\/h2>\n\n\n\n<p>Les membranes <strong>ELBE Pool Surface<sup>\u00ae<\/sup> <\/strong>sont adapt\u00e9es \u00e0 toutes les formes et tailles de piscines. C\u2019est la solution parfaite pour une nouvelle construction ou pour une r\u00e9novation visant \u00e0 recouvrir carreaux en c\u00e9ramique, b\u00e9ton, enduit, m\u00e9tal ou un rev\u00eatement en fibre de verre ou de bois. <strong>ELBE Pool Surface<sup>\u00ae<\/sup><\/strong>, le meilleur rev\u00eatement pour votre piscine.<\/p>\n\n\n\n<p>Nos produits ne contiennent pas de m\u00e9taux lourds et sont fabriqu\u00e9s en Allemagne \u00e0 partir de mati\u00e8res premi\u00e8res vierges. Toute la gamme de membranes <strong>ELBE Pool Surface<sup>\u00ae<\/sup><\/strong> r\u00e9pond aux exigences d\u2019un produit respectueux de l\u2019environnement. Laissez libre cours \u00e0 votre imagination gr\u00e2ce \u00e0 notre large gamme de couleurs, de d\u00e9cors et d\u2019aspects de surfaces.<\/p>\n\n\n\n<div style=\"height:55px\" aria-hidden=\"true\" class=\"wp-block-spacer\"><\/div>\n\n\n\n<div id=\"jf-advantages-block_96e31409c9bf019868ca5bc7930fc0d7\" class=\"jf-advantages-block\">\n\t\t\t<div class=\"row\">\n\t\t\t<div class=\"col-sm-12\">\n\t\t\t\t<div class=\"advantages-wrapper\">\n\t\t\t\t\t<div class=\"headline\">\n\t\t\t\t\t\t<h2 class=\"headline__text no-wave\">Avantages<\/h2>\n\t\t\t\t\t\t<img decoding=\"async\" class=\"wave\" src=\"https:\/\/elbepools.com\/app\/themes\/jagdfieber\/img\/welle-weiss.png\">\n\t\t\t\t\t<\/div>\n\t\t\t\t<div class=\"row advantages \">\n\t\t\t\t\t\t\t\t\t\t\t<div class=\"col-sm-6 col-md-4 single-advantages\">\n\t\t\t\t\t\t\t<div class=\"advantage\">\n\t\t\t\t\t\t\t\t<span class=\"icon\"><img loading=\"lazy\" decoding=\"async\" width=\"91\" height=\"91\" src=\"https:\/\/elbepools.com\/app\/uploads\/2020\/12\/icon_uv-resistance-1.png\" class=\"attachment-thumbnail size-thumbnail\" alt=\"\" \/><\/span>\n\t\t\t\t\t\t\t\t<span class=\"text\">r\u00e9sistance aux UV<\/span>\n\t\t\t\t\t\t\t<\/div>\n\t\t\t\t\t\t<\/div>\n\t\t\t\t\t\t\t\t\t\t\t<div class=\"col-sm-6 col-md-4 single-advantages\">\n\t\t\t\t\t\t\t<div class=\"advantage\">\n\t\t\t\t\t\t\t\t<span class=\"icon\"><img loading=\"lazy\" decoding=\"async\" width=\"91\" height=\"91\" src=\"https:\/\/elbepools.com\/app\/uploads\/2020\/12\/icon_chlorine-resistance.png\" class=\"attachment-thumbnail size-thumbnail\" alt=\"\" \/><\/span>\n\t\t\t\t\t\t\t\t<span class=\"text\">r\u00e9sistance au chlore<\/span>\n\t\t\t\t\t\t\t<\/div>\n\t\t\t\t\t\t<\/div>\n\t\t\t\t\t\t\t\t\t\t\t<div class=\"col-sm-6 col-md-4 single-advantages\">\n\t\t\t\t\t\t\t<div class=\"advantage\">\n\t\t\t\t\t\t\t\t<span class=\"icon\"><img loading=\"lazy\" decoding=\"async\" width=\"91\" height=\"91\" src=\"https:\/\/elbepools.com\/app\/uploads\/2020\/12\/icon_bacteria-resistance-1.png\" class=\"attachment-thumbnail size-thumbnail\" alt=\"\" \/><\/span>\n\t\t\t\t\t\t\t\t<span class=\"text\">emp\u00eache le d\u00e9veloppement de bact\u00e9ries &#038; de champignons<\/span>\n\t\t\t\t\t\t\t<\/div>\n\t\t\t\t\t\t<\/div>\n\t\t\t\t\t\t\t\t\t\t\t<div class=\"col-sm-6 col-md-4 single-advantages\">\n\t\t\t\t\t\t\t<div class=\"advantage\">\n\t\t\t\t\t\t\t\t<span class=\"icon\"><img loading=\"lazy\" decoding=\"async\" width=\"91\" height=\"91\" src=\"https:\/\/elbepools.com\/app\/uploads\/2020\/12\/icon_anti-stain-effect-1-1.png\" class=\"attachment-thumbnail size-thumbnail\" alt=\"\" \/><\/span>\n\t\t\t\t\t\t\t\t<span class=\"text\">effet anti taches <\/span>\n\t\t\t\t\t\t\t<\/div>\n\t\t\t\t\t\t<\/div>\n\t\t\t\t\t\t\t\t\t\t\t<div class=\"col-sm-6 col-md-4 single-advantages\">\n\t\t\t\t\t\t\t<div class=\"advantage\">\n\t\t\t\t\t\t\t\t<span class=\"icon\"><img loading=\"lazy\" decoding=\"async\" width=\"91\" height=\"91\" src=\"https:\/\/elbepools.com\/app\/uploads\/2020\/12\/icon_scratch-resistance-1.png\" class=\"attachment-thumbnail size-thumbnail\" alt=\"\" \/><\/span>\n\t\t\t\t\t\t\t\t<span class=\"text\">r\u00e9sistance aux rayures<\/span>\n\t\t\t\t\t\t\t<\/div>\n\t\t\t\t\t\t<\/div>\n\t\t\t\t\t\t\t\t\t\t\t<div class=\"col-sm-6 col-md-4 single-advantages\">\n\t\t\t\t\t\t\t<div class=\"advantage\">\n\t\t\t\t\t\t\t\t<span class=\"icon\"><img loading=\"lazy\" decoding=\"async\" width=\"91\" height=\"91\" src=\"https:\/\/elbepools.com\/app\/uploads\/2020\/12\/icon_easy-to-clean-1.png\" class=\"attachment-thumbnail size-thumbnail\" alt=\"\" \/><\/span>\n\t\t\t\t\t\t\t\t<span class=\"text\">facile \u00e0 nettoyer<\/span>\n\t\t\t\t\t\t\t<\/div>\n\t\t\t\t\t\t<\/div>\n\t\t\t\t\t\t\t\t\t\t\t<div class=\"col-sm-6 col-md-4 single-advantages\">\n\t\t\t\t\t\t\t<div class=\"advantage\">\n\t\t\t\t\t\t\t\t<span class=\"icon\"><img loading=\"lazy\" decoding=\"async\" width=\"91\" height=\"91\" src=\"https:\/\/elbepools.com\/app\/uploads\/2020\/12\/icon_lifespan-1.png\" class=\"attachment-thumbnail size-thumbnail\" alt=\"\" \/><\/span>\n\t\t\t\t\t\t\t\t<span class=\"text\">dur\u00e9e de vie plus longue<\/span>\n\t\t\t\t\t\t\t<\/div>\n\t\t\t\t\t\t<\/div>\n\t\t\t\t\t\t\t\t\t\t\t<div class=\"col-sm-6 col-md-4 single-advantages\">\n\t\t\t\t\t\t\t<div class=\"advantage\">\n\t\t\t\t\t\t\t\t<span class=\"icon\"><img loading=\"lazy\" decoding=\"async\" width=\"91\" height=\"91\" src=\"https:\/\/elbepools.com\/app\/uploads\/2020\/12\/icon_quick-installation-1.png\" class=\"attachment-thumbnail size-thumbnail\" alt=\"\" \/><\/span>\n\t\t\t\t\t\t\t\t<span class=\"text\">installation rapide<\/span>\n\t\t\t\t\t\t\t<\/div>\n\t\t\t\t\t\t<\/div>\n\t\t\t\t\t\t\t\t\t<\/div>\n\t\t\t\t<\/div>\n\t\t\t<\/div>\n\t\t<\/div>\n\t<\/div>\n<\/div><\/div>\n\n\n\n<h2 class=\"wp-block-heading\">COMPARATIF D\u2019INSTALLATION<br>AVEC ELBE Pool Surface<strong><sup>\u00ae<\/sup><\/strong> <\/h2>\n\n\n\n<div id=\"jf-table-with-thumbnail-block_a99118d83c81286796042829034d6100\" class=\"jf-table-with-thumbnail-block\">\n\n\t\t\t\t\t\t\t<a href=\"#\" class=\"table--maximize-link table--toggle\" data-target=\"#table--69f35d60879cd\">\n\t\t\t<img loading=\"lazy\" decoding=\"async\" width=\"1024\" height=\"651\" src=\"https:\/\/elbepools.com\/app\/uploads\/2021\/02\/Vorteile-ELBE-Pool-FR-1024x651.jpg\" class=\"table--thumbnail\" alt=\"\" srcset=\"https:\/\/elbepools.com\/app\/uploads\/2021\/02\/Vorteile-ELBE-Pool-FR-1024x651.jpg 1024w, https:\/\/elbepools.com\/app\/uploads\/2021\/02\/Vorteile-ELBE-Pool-FR-300x191.jpg 300w, https:\/\/elbepools.com\/app\/uploads\/2021\/02\/Vorteile-ELBE-Pool-FR-768x488.jpg 768w\" sizes=\"auto, (max-width: 1024px) 100vw, 1024px\" \/>\t\t\t<p class=\"table--maximize-caption\">voir le tableau<\/p>\n\t\t<\/a>\n\n\t\t<div id=\"table--69f35d60879cd\" class=\"table--overlay\">\n\t\t\t<div class=\"table--bg table--toggle\" data-target=\"#table--69f35d60879cd\"><\/div>\n\t\t\t<div class=\"table--overlay--inner\">\n\t\t\t\t<button class=\"table--close table--toggle\" data-target=\"#table--69f35d60879cd\">X<\/button>\n\t\t\t\t<div class=\"table--outer\">\n\t\t\t\t\t\n<table id=\"tablepress-6\" class=\"tablepress tablepress-id-6\">\n<thead>\n<tr class=\"row-1\">\n\t<th class=\"column-1\">conditions d\u00e9favorables  <\/th><th class=\"column-2\">b\u00e9ton\/ciment enduit<br \/>\n<\/th><th class=\"column-3\">peinture<\/th><th class=\"column-4\">rev\u00eatement en fibre de verre<\/th><th class=\"column-5\">carreaux c\u00e9ramiques<\/th><th class=\"column-6\"><img loading=\"lazy\" decoding=\"async\" src=\"https:\/\/elbepools.com\/app\/uploads\/2019\/07\/logo-elbe-pool-surface.svg\" alt=\"\" width=\"300\" height=\"300\" class=\"alignnone size-medium wp-image-158\"  role=\"img\" \/><\/th>\n<\/tr>\n<\/thead>\n<tbody class=\"row-striping row-hover\">\n<tr class=\"row-2\">\n\t<td class=\"column-1\">fissuration<\/td><td class=\"column-2\">presque toujours<\/td><td class=\"column-3\">toujours, \u00e9caillement<\/td><td class=\"column-4\">presque toujours, pelage<\/td><td class=\"column-5\">toujours et d\u00e9collement<\/td><td class=\"column-6\">jamais<\/td>\n<\/tr>\n<tr class=\"row-3\">\n\t<td class=\"column-1\">algues noires<\/td><td class=\"column-2\">poussera \u00e0 travers<\/td><td class=\"column-3\">poussera \u00e0 travers<\/td><td class=\"column-4\">supportera la pousse d\u2019algues<\/td><td class=\"column-5\">supportera la pousse d\u2019algues<\/td><td class=\"column-6\">ne poussera pas \u00e0 travers ou supportera la pousse d\u2019algues<\/td>\n<\/tr>\n<tr class=\"row-4\">\n\t<td class=\"column-1\">r\u00e9sistance aux acides<\/td><td class=\"column-2\">peut \u00eatre lav\u00e9 \u00e0 l\u2019acide<\/td><td class=\"column-3\">inconnu<\/td><td class=\"column-4\">sujet \u00e0 des d\u00e9t\u00e9riorations chimiques<\/td><td class=\"column-5\">faible, joints ciment attaqu\u00e9s<br \/>\n<\/td><td class=\"column-6\">n\u2019a pas besoin d\u2019\u00eatre lav\u00e9 \u00e0 l\u2019acide<\/td>\n<\/tr>\n<tr class=\"row-5\">\n\t<td class=\"column-1\">utilisation de produits chimiques piscine<\/td><td class=\"column-2\">contribue \u00e0 l\u2019alcalinit\u00e9, supporte la pousse d\u2019algues<\/td><td class=\"column-3\">moins que l\u2019enduit<\/td><td class=\"column-4\">moins que l\u2019enduit<\/td><td class=\"column-5\">favorise et supporte la pousse d\u2019algues<\/td><td class=\"column-6\">r\u00e9duit le besoin en produits chimiques<\/td>\n<\/tr>\n<tr class=\"row-6\">\n\t<td class=\"column-1\">\u00e9tanch\u00e9it\u00e9<\/td><td class=\"column-2\">fissurera, perte d\u2019\u00e9tanch\u00e9it\u00e9<br \/>\n<\/td><td class=\"column-3\">fuira ; mauvaise \u00e9tanch\u00e9it\u00e9 <br \/>\n<\/td><td class=\"column-4\">se d\u00e9collera et fuira \u00e0 terme <br \/>\n<\/td><td class=\"column-5\">peut fuir ; craquer et se d\u00e9coller <\/td><td class=\"column-6\">\u00e9tanch\u00e9it\u00e9 parfaite, <br \/>\nrev\u00eatement imperm\u00e9able<br \/>\n<\/td>\n<\/tr>\n<tr class=\"row-7\">\n\t<td class=\"column-1\">r\u00e9sistance g\u00e9n\u00e9rale aux produits chimiques<\/td><td class=\"column-2\">tr\u00e8s faible<\/td><td class=\"column-3\">non prot\u00e9g\u00e9<\/td><td class=\"column-4\">se d\u00e9t\u00e9riorera<\/td><td class=\"column-5\">les joints ciment se d\u00e9t\u00e9rioreront<br \/>\n<\/td><td class=\"column-6\">non affect\u00e9 par les traitements d\u2019eau normaux<\/td>\n<\/tr>\n<tr class=\"row-8\">\n\t<td class=\"column-1\">estimation de la dur\u00e9e de vie<\/td><td class=\"column-2\">3 \u2013 5 ans<\/td><td class=\"column-3\">1 \u2013 3 ans<\/td><td class=\"column-4\">3 \u2013 5 ans<\/td><td class=\"column-5\">5 \u2013 10 ans<\/td><td class=\"column-6\">15+ ans<\/td>\n<\/tr>\n<\/tbody>\n<\/table>\n<!-- #tablepress-6 from cache -->\t\t\t\t<\/div>\n\t\t\t<\/div>\n\t\t<\/div>\n\n\t\n<\/div>\n\n\n\n<div class=\"wp-block-group\"><div class=\"wp-block-group__inner-container is-layout-flow wp-block-group-is-layout-flow\">\n<h2 class=\"wp-block-heading\">LA PROMESSE DU FABRICANT.<\/h2>\n\n\n\n<div class=\"wp-block-group\"><div class=\"wp-block-group__inner-container is-layout-flow wp-block-group-is-layout-flow\">\n<p class=\"has-text-align-center\">Notre entreprise allemande, au savoir-faire de pr\u00e8s d\u2019un demi-si\u00e8cle dans la fabrication de membranes d\u2019\u00e9tanch\u00e9it\u00e9 pour piscines, jouit d\u2019une excellente r\u00e9putation \u00e0 travers le monde.<\/p>\n\n\n\n<p class=\"has-text-align-center\">La dur\u00e9e de vie de l\u2019ensemble de la gamme <strong>ELBE Pool Surface<sup>\u00ae<\/sup><\/strong> est sup\u00e9rieure aux autres types de rev\u00eatements.<\/p>\n\n\n\n<p class=\"has-text-align-center\">Une piscine sera toujours belle et impeccable.<\/p>\n\n\n\n<p class=\"has-text-align-center\">Nos produits sont \u00e9labor\u00e9s pour s\u2019adapter parfaitement \u00e0 toutes les formes et tailles de piscines.<\/p>\n\n\n\n<p class=\"has-text-align-center\">Nos membranes s\u2019installent rapidement, sont stables dimensionnellement et ce quelle que soit la temp\u00e9rature d\u2019utilisation.<\/p>\n\n\n\n<p class=\"has-text-align-center\">Nos membranes contiennent des agents antimicrobiens et anti-algues. <\/p>\n\n\n\n<p class=\"has-text-align-center\">Une fois que la membrane est pos\u00e9e, la piscine est accessible aux baigneurs imm\u00e9diatement.<\/p>\n\n\n\n<p class=\"has-text-align-center\">Inutile d\u2019attendre jusqu\u2019\u00e0 6 jours pour le nettoyage, recommand\u00e9 pour d\u2019autres types de rev\u00eatements.<\/p>\n\n\n\n<p class=\"has-text-align-center\">Ce produit offre la long\u00e9vit\u00e9 du b\u00e9ton et sa surface douce \u00e9vite de se blesser contrairement aux rev\u00eatements en b\u00e9ton ou c\u00e9ramique.<\/p>\n<\/div><\/div>\n<\/div><\/div>\n\n\n\n<div class=\"wp-block-columns is-layout-flex wp-container-core-columns-is-layout-2 wp-block-columns-is-layout-flex\">\n<div class=\"wp-block-column is-layout-flow wp-block-column-is-layout-flow\"><\/div>\n\n\n\n<div class=\"wp-block-column is-layout-flow wp-block-column-is-layout-flow\"><\/div>\n\n\n\n<div class=\"wp-block-column is-layout-flow wp-block-column-is-layout-flow\"><div class=\"wp-block-image is-resized\">\n<figure class=\"aligncenter size-large\"><img loading=\"lazy\" decoding=\"async\" width=\"591\" height=\"591\" src=\"https:\/\/elbepools.com\/app\/uploads\/2021\/02\/ELBE-pool-warranty-watertightness-FR.png\" alt=\"\" class=\"wp-image-7021\" style=\"object-fit:cover;width:200px;height:200px\" srcset=\"https:\/\/elbepools.com\/app\/uploads\/2021\/02\/ELBE-pool-warranty-watertightness-FR.png 591w, https:\/\/elbepools.com\/app\/uploads\/2021\/02\/ELBE-pool-warranty-watertightness-FR-300x300.png 300w, https:\/\/elbepools.com\/app\/uploads\/2021\/02\/ELBE-pool-warranty-watertightness-FR-150x150.png 150w, https:\/\/elbepools.com\/app\/uploads\/2021\/02\/ELBE-pool-warranty-watertightness-FR-400x400.png 400w\" sizes=\"auto, (max-width: 591px) 100vw, 591px\" \/><\/figure><\/div><\/div>\n\n\n\n<div class=\"wp-block-column is-layout-flow wp-block-column-is-layout-flow\"><\/div>\n\n\n\n<div class=\"wp-block-column is-layout-flow wp-block-column-is-layout-flow\"><\/div>\n<\/div>\n\n\n\n<h2 class=\"wp-block-heading\">LA GAMME<\/h2>\n\n\n\n<p class=\"has-text-align-center\">Faites votre choix parmi notre large s\u00e9lection de couleurs et d\u00e9cors. Laissez libre cours \u00e0 votre imagination.<\/p>\n\n\n\n<div class=\"wp-block-buttons is-content-justification-center is-layout-flex wp-container-core-buttons-is-layout-1 wp-block-buttons-is-layout-flex\">\n<div class=\"wp-block-button\"><a class=\"wp-block-button__link wp-element-button\" href=\"https:\/\/elbepools.com\/fr\/produits\">VOIR PLUS<\/a><\/div>\n<\/div>\n","protected":false},"excerpt":{"rendered":"<p>DOUX, AGR\u00c9ABLE AU TOUCHER. LES PISCINES SONT NOTRE SP\u00c9CIALIT\u00c9. Les membranes ELBE Pool Surface\u00ae sont adapt\u00e9es \u00e0 toutes les formes et tailles de piscines. C\u2019est la solution parfaite pour une nouvelle construction ou pour une r\u00e9novation visant \u00e0 recouvrir carreaux en c\u00e9ramique, b\u00e9ton, enduit, m\u00e9tal ou un rev\u00eatement en fibre de verre ou de bois. [&hellip;]<\/p>\n","protected":false},"author":2,"featured_media":0,"parent":7013,"menu_order":2,"comment_status":"closed","ping_status":"closed","template":"","meta":{"_acf_changed":false,"footnotes":""},"class_list":["post-7128","page","type-page","status-publish","hentry"],"acf":[],"_links":{"self":[{"href":"https:\/\/elbepools.com\/fr\/wp-json\/wp\/v2\/pages\/7128","targetHints":{"allow":["GET"]}}],"collection":[{"href":"https:\/\/elbepools.com\/fr\/wp-json\/wp\/v2\/pages"}],"about":[{"href":"https:\/\/elbepools.com\/fr\/wp-json\/wp\/v2\/types\/page"}],"author":[{"embeddable":true,"href":"https:\/\/elbepools.com\/fr\/wp-json\/wp\/v2\/users\/2"}],"replies":[{"embeddable":true,"href":"https:\/\/elbepools.com\/fr\/wp-json\/wp\/v2\/comments?post=7128"}],"version-history":[{"count":17,"href":"https:\/\/elbepools.com\/fr\/wp-json\/wp\/v2\/pages\/7128\/revisions"}],"predecessor-version":[{"id":24784,"href":"https:\/\/elbepools.com\/fr\/wp-json\/wp\/v2\/pages\/7128\/revisions\/24784"}],"up":[{"embeddable":true,"href":"https:\/\/elbepools.com\/fr\/wp-json\/wp\/v2\/pages\/7013"}],"wp:attachment":[{"href":"https:\/\/elbepools.com\/fr\/wp-json\/wp\/v2\/media?parent=7128"}],"curies":[{"name":"wp","href":"https:\/\/api.w.org\/{rel}","templated":true}]}}