{"id":7015,"date":"2021-02-17T14:15:33","date_gmt":"2021-02-17T13:15:33","guid":{"rendered":"https:\/\/elbepools.com\/?page_id=7015"},"modified":"2025-04-08T15:29:40","modified_gmt":"2025-04-08T13:29:40","slug":"piscines-privees","status":"publish","type":"page","link":"https:\/\/elbepools.com\/fr\/usage-pratique\/piscines-privees\/","title":{"rendered":"piscines priv\u00e9es"},"content":{"rendered":"\n<div id=\"jf-header-block_ed0d299cd1c3caad8395e50f920267c1\" class=\"jf-header-block alignfull\">\n\t\t\t\t\t<div class=\"swiper-container\" data-swipe-settings=\"{&quot;slidesPerView&quot;:1,&quot;spaceBetween&quot;:0}\">\n\t\t\t<div class=\"swiper-wrapper\">\n\t\t\t\t\t\t<div class=\"swiper-slide hero-image\">\n\t\t\t\t\t<div class=\"hero-image__image__wrapper\">\n\t\t\t\t\t\t<picture>\n\t\t\t\t\t\t\t<source media=\"(max-width: 767px)\" srcset=\"https:\/\/elbepools.com\/app\/uploads\/2020\/07\/PP-Slider-01-2-768x384.jpg\">\n\t\t\t\t\t\t\t<img fetchpriority=\"high\" decoding=\"async\" width=\"2048\" height=\"1024\" src=\"https:\/\/elbepools.com\/app\/uploads\/2020\/07\/PP-Slider-01-2-2048x1024.jpg\" class=\"attachment-hero-full size-hero-full\" alt=\"\" title=\"PP-Slider 01\" loading=\"eager\" srcset=\"https:\/\/elbepools.com\/app\/uploads\/2020\/07\/PP-Slider-01-2.jpg 2048w, https:\/\/elbepools.com\/app\/uploads\/2020\/07\/PP-Slider-01-2-300x150.jpg 300w, https:\/\/elbepools.com\/app\/uploads\/2020\/07\/PP-Slider-01-2-768x384.jpg 768w, https:\/\/elbepools.com\/app\/uploads\/2020\/07\/PP-Slider-01-2-1024x512.jpg 1024w\" sizes=\"(max-width: 2048px) 100vw, 2048px\" \/>\t\t\t\t\t\t<\/picture>\n\t\t\t\t\t\t<img decoding=\"async\" class=\"wellenstruktur\" src=\"https:\/\/elbepools.com\/app\/themes\/jagdfieber\/img\/welle-ganz.png\">\n\t\t\t\t\t<\/div>\n\t\t\t\t\t<div class=\"caption\">\n\t\t\t\t\t\t<div class=\"caption-outer\">\n\t\t\t\t\t\t\t<div class=\"caption-inner\">\n\t\t\t\t\t\t\t\t\t\t\t\t\t\t\t\t\t<div class=\"caption--headline\">\n\t\t\t\t\t\t\t\t\t\t<h2 class=\"caption--headline__text no-wave\">\n\t\t\t\t\t\t\t\t\t\t\tLE LOOK ET\t\t\t\t\t\t\t\t\t\t\t<span>L\u2019\u00c9L\u00c9GANCE<\/span>\n\t\t\t\t\t\t\t\t\t\t<\/h2>\n\t\t\t\t\t\t\t\t\t<\/div>\n\t\t\t\t\t\t\t\t\t\t\t\t\t\t\t\t<\/div>\n\t\t\t\t\t\t<\/div>\n\t\t\t\t\t<\/div>\n\t\t\t\t<\/div>\n\t\t\t\t\t\t\t\t<div class=\"swiper-slide hero-image\">\n\t\t\t\t\t<div class=\"hero-image__image__wrapper\">\n\t\t\t\t\t\t<picture>\n\t\t\t\t\t\t\t<source media=\"(max-width: 767px)\" srcset=\"https:\/\/elbepools.com\/app\/uploads\/2020\/06\/PP-Slider-02-768x384.jpg\">\n\t\t\t\t\t\t\t<img decoding=\"async\" width=\"2048\" height=\"1024\" src=\"https:\/\/elbepools.com\/app\/uploads\/2020\/06\/PP-Slider-02-2048x1024.jpg\" class=\"attachment-hero-full size-hero-full\" alt=\"\" title=\"PP-Slider 02\" loading=\"eager\" srcset=\"https:\/\/elbepools.com\/app\/uploads\/2020\/06\/PP-Slider-02.jpg 2048w, https:\/\/elbepools.com\/app\/uploads\/2020\/06\/PP-Slider-02-300x150.jpg 300w, https:\/\/elbepools.com\/app\/uploads\/2020\/06\/PP-Slider-02-768x384.jpg 768w, https:\/\/elbepools.com\/app\/uploads\/2020\/06\/PP-Slider-02-1024x512.jpg 1024w\" sizes=\"(max-width: 2048px) 100vw, 2048px\" \/>\t\t\t\t\t\t<\/picture>\n\t\t\t\t\t\t<img decoding=\"async\" class=\"wellenstruktur\" src=\"https:\/\/elbepools.com\/app\/themes\/jagdfieber\/img\/welle-ganz.png\">\n\t\t\t\t\t<\/div>\n\t\t\t\t\t<div class=\"caption\">\n\t\t\t\t\t\t<div class=\"caption-outer\">\n\t\t\t\t\t\t\t<div class=\"caption-inner\">\n\t\t\t\t\t\t\t\t\t\t\t\t\t\t\t\t\t<div class=\"caption--headline\">\n\t\t\t\t\t\t\t\t\t\t<h2 class=\"caption--headline__text no-wave\">\n\t\t\t\t\t\t\t\t\t\t\tCR\u00c9EZ VOTRE \t\t\t\t\t\t\t\t\t\t\t<span>PROPRE ESPACE<\/span>\n\t\t\t\t\t\t\t\t\t\t<\/h2>\n\t\t\t\t\t\t\t\t\t<\/div>\n\t\t\t\t\t\t\t\t\t\t\t\t\t\t\t\t<\/div>\n\t\t\t\t\t\t<\/div>\n\t\t\t\t\t<\/div>\n\t\t\t\t<\/div>\n\t\t\t\t\t\t\t\t<div class=\"swiper-slide hero-image\">\n\t\t\t\t\t<div class=\"hero-image__image__wrapper\">\n\t\t\t\t\t\t<picture>\n\t\t\t\t\t\t\t<source media=\"(max-width: 767px)\" srcset=\"https:\/\/elbepools.com\/app\/uploads\/2020\/06\/PP-Slider-03-768x384.jpg\">\n\t\t\t\t\t\t\t<img decoding=\"async\" width=\"2048\" height=\"1024\" src=\"https:\/\/elbepools.com\/app\/uploads\/2020\/06\/PP-Slider-03-2048x1024.jpg\" class=\"attachment-hero-full size-hero-full\" alt=\"\" title=\"PP-Slider 03\" loading=\"eager\" srcset=\"https:\/\/elbepools.com\/app\/uploads\/2020\/06\/PP-Slider-03.jpg 2048w, https:\/\/elbepools.com\/app\/uploads\/2020\/06\/PP-Slider-03-300x150.jpg 300w, https:\/\/elbepools.com\/app\/uploads\/2020\/06\/PP-Slider-03-768x384.jpg 768w, https:\/\/elbepools.com\/app\/uploads\/2020\/06\/PP-Slider-03-1024x512.jpg 1024w\" sizes=\"(max-width: 2048px) 100vw, 2048px\" \/>\t\t\t\t\t\t<\/picture>\n\t\t\t\t\t\t<img decoding=\"async\" class=\"wellenstruktur\" src=\"https:\/\/elbepools.com\/app\/themes\/jagdfieber\/img\/welle-ganz.png\">\n\t\t\t\t\t<\/div>\n\t\t\t\t\t<div class=\"caption\">\n\t\t\t\t\t\t<div class=\"caption-outer\">\n\t\t\t\t\t\t\t<div class=\"caption-inner\">\n\t\t\t\t\t\t\t\t\t\t\t\t\t\t\t\t\t<div class=\"caption--headline\">\n\t\t\t\t\t\t\t\t\t\t<h2 class=\"caption--headline__text no-wave\">\n\t\t\t\t\t\t\t\t\t\t\tPOUR \t\t\t\t\t\t\t\t\t\t\t<span>TOUS LES GO\u00dbTS<\/span>\n\t\t\t\t\t\t\t\t\t\t<\/h2>\n\t\t\t\t\t\t\t\t\t<\/div>\n\t\t\t\t\t\t\t\t\t\t\t\t\t\t\t\t<\/div>\n\t\t\t\t\t\t<\/div>\n\t\t\t\t\t<\/div>\n\t\t\t\t<\/div>\n\t\t\t\t\t\t\t\t<\/div> <!-- .swiper-wrapper -->\n\t\t\t\t<div class=\"swiper-button-next\"><svg><use xmlns:xlink=\"http:\/\/www.w3.org\/1999\/xlink\" xlink:href=\"#pfeil\"><\/use><\/svg><\/div>\n\t\t\t\t<div class=\"swiper-button-prev\"><svg><use xmlns:xlink=\"http:\/\/www.w3.org\/1999\/xlink\" xlink:href=\"#pfeil\"><\/use><\/svg><\/div>\n\t\t\t<\/div> <!-- .swiper-container -->\n\t\t\t<\/div><!-- .container -->\n\n\n\n<h2 class=\"wp-block-heading\">LES PISCINES SONT NOTRE SP\u00c9CIALIT\u00c9.<\/h2>\n\n\n\n<p>Les rev\u00eatements <strong>ELBE Pool Surface<sup>\u00ae<\/sup><\/strong> sont adapt\u00e9s \u00e0 toutes les formes et tailles de piscines. Ils sont une solution parfaite lors d\u2019une nouvelle construction ou d\u2019une r\u00e9novation de piscines existantes. Les membranes <strong>ELBE Pool Surface<sup>\u00ae<\/sup><\/strong> s\u2019adaptent \u00e0 tout type de surfaces, qu\u2019il s\u2019agisse de carreaux en c\u00e9ramique, de b\u00e9ton, de pl\u00e2tre, de m\u00e9tal, de rev\u00eatements en fibre de verre ou de bois.<\/p>\n\n\n\n<p>Les produits <strong>ELBE Pool Surface<sup>\u00ae<\/sup><\/strong> sont \u00e9labor\u00e9s dans nos propres laboratoires, \u00e0 base de mati\u00e8res premi\u00e8res vierges respectueuses de l\u2019environnement. Cela garantit des produits de la meilleure qualit\u00e9, sans m\u00e9taux lourds. Laissez libre cours \u00e0 votre imagination avec notre large gamme de couleurs, designs et d\u00e9cors.<\/p>\n\n\n\n<div id=\"jf-advantages-block_06cf05bc1d570a0212f3511997db1b41\" class=\"jf-advantages-block\">\n\t\t\t<div class=\"row\">\n\t\t\t<div class=\"col-sm-12\">\n\t\t\t\t<div class=\"advantages-wrapper\">\n\t\t\t\t\t<div class=\"headline\">\n\t\t\t\t\t\t<h2 class=\"headline__text no-wave\">Avantages<\/h2>\n\t\t\t\t\t\t<img decoding=\"async\" class=\"wave\" src=\"https:\/\/elbepools.com\/app\/themes\/jagdfieber\/img\/welle-weiss.png\">\n\t\t\t\t\t<\/div>\n\t\t\t\t<div class=\"row advantages \">\n\t\t\t\t\t\t\t\t\t\t\t<div class=\"col-sm-6 col-md-4 single-advantages\">\n\t\t\t\t\t\t\t<div class=\"advantage\">\n\t\t\t\t\t\t\t\t<span class=\"icon\"><img loading=\"lazy\" decoding=\"async\" width=\"91\" height=\"91\" src=\"https:\/\/elbepools.com\/app\/uploads\/2020\/12\/icon_uv-resistance-1.png\" class=\"attachment-thumbnail size-thumbnail\" alt=\"\" \/><\/span>\n\t\t\t\t\t\t\t\t<span class=\"text\">r\u00e9sistance aux UV<\/span>\n\t\t\t\t\t\t\t<\/div>\n\t\t\t\t\t\t<\/div>\n\t\t\t\t\t\t\t\t\t\t\t<div class=\"col-sm-6 col-md-4 single-advantages\">\n\t\t\t\t\t\t\t<div class=\"advantage\">\n\t\t\t\t\t\t\t\t<span class=\"icon\"><img loading=\"lazy\" decoding=\"async\" width=\"91\" height=\"91\" src=\"https:\/\/elbepools.com\/app\/uploads\/2020\/12\/icon_chlorine-resistance.png\" class=\"attachment-thumbnail size-thumbnail\" alt=\"\" \/><\/span>\n\t\t\t\t\t\t\t\t<span class=\"text\">r\u00e9sistance au chlore<\/span>\n\t\t\t\t\t\t\t<\/div>\n\t\t\t\t\t\t<\/div>\n\t\t\t\t\t\t\t\t\t\t\t<div class=\"col-sm-6 col-md-4 single-advantages\">\n\t\t\t\t\t\t\t<div class=\"advantage\">\n\t\t\t\t\t\t\t\t<span class=\"icon\"><img loading=\"lazy\" decoding=\"async\" width=\"91\" height=\"91\" src=\"https:\/\/elbepools.com\/app\/uploads\/2020\/12\/icon_bacteria-resistance-1.png\" class=\"attachment-thumbnail size-thumbnail\" alt=\"\" \/><\/span>\n\t\t\t\t\t\t\t\t<span class=\"text\">emp\u00eache le d\u00e9veloppement de bact\u00e9ries &#038; de champignons<\/span>\n\t\t\t\t\t\t\t<\/div>\n\t\t\t\t\t\t<\/div>\n\t\t\t\t\t\t\t\t\t\t\t<div class=\"col-sm-6 col-md-4 single-advantages\">\n\t\t\t\t\t\t\t<div class=\"advantage\">\n\t\t\t\t\t\t\t\t<span class=\"icon\"><img loading=\"lazy\" decoding=\"async\" width=\"91\" height=\"91\" src=\"https:\/\/elbepools.com\/app\/uploads\/2020\/12\/icon_anti-stain-effect-1-1.png\" class=\"attachment-thumbnail size-thumbnail\" alt=\"\" \/><\/span>\n\t\t\t\t\t\t\t\t<span class=\"text\">effet anti taches <\/span>\n\t\t\t\t\t\t\t<\/div>\n\t\t\t\t\t\t<\/div>\n\t\t\t\t\t\t\t\t\t\t\t<div class=\"col-sm-6 col-md-4 single-advantages\">\n\t\t\t\t\t\t\t<div class=\"advantage\">\n\t\t\t\t\t\t\t\t<span class=\"icon\"><img loading=\"lazy\" decoding=\"async\" width=\"91\" height=\"91\" src=\"https:\/\/elbepools.com\/app\/uploads\/2020\/12\/icon_scratch-resistance-1.png\" class=\"attachment-thumbnail size-thumbnail\" alt=\"\" \/><\/span>\n\t\t\t\t\t\t\t\t<span class=\"text\">r\u00e9sistance aux rayures<\/span>\n\t\t\t\t\t\t\t<\/div>\n\t\t\t\t\t\t<\/div>\n\t\t\t\t\t\t\t\t\t\t\t<div class=\"col-sm-6 col-md-4 single-advantages\">\n\t\t\t\t\t\t\t<div class=\"advantage\">\n\t\t\t\t\t\t\t\t<span class=\"icon\"><img loading=\"lazy\" decoding=\"async\" width=\"91\" height=\"91\" src=\"https:\/\/elbepools.com\/app\/uploads\/2020\/12\/icon_easy-to-clean-1.png\" class=\"attachment-thumbnail size-thumbnail\" alt=\"\" \/><\/span>\n\t\t\t\t\t\t\t\t<span class=\"text\">facile \u00e0 nettoyer<\/span>\n\t\t\t\t\t\t\t<\/div>\n\t\t\t\t\t\t<\/div>\n\t\t\t\t\t\t\t\t\t\t\t<div class=\"col-sm-6 col-md-4 single-advantages\">\n\t\t\t\t\t\t\t<div class=\"advantage\">\n\t\t\t\t\t\t\t\t<span class=\"icon\"><img loading=\"lazy\" decoding=\"async\" width=\"91\" height=\"91\" src=\"https:\/\/elbepools.com\/app\/uploads\/2020\/12\/icon_lifespan-1.png\" class=\"attachment-thumbnail size-thumbnail\" alt=\"\" \/><\/span>\n\t\t\t\t\t\t\t\t<span class=\"text\">dur\u00e9e de vie plus longue<\/span>\n\t\t\t\t\t\t\t<\/div>\n\t\t\t\t\t\t<\/div>\n\t\t\t\t\t\t\t\t\t\t\t<div class=\"col-sm-6 col-md-4 single-advantages\">\n\t\t\t\t\t\t\t<div class=\"advantage\">\n\t\t\t\t\t\t\t\t<span class=\"icon\"><img loading=\"lazy\" decoding=\"async\" width=\"91\" height=\"91\" src=\"https:\/\/elbepools.com\/app\/uploads\/2020\/12\/icon_quick-installation-1.png\" class=\"attachment-thumbnail size-thumbnail\" alt=\"\" \/><\/span>\n\t\t\t\t\t\t\t\t<span class=\"text\">installation rapide<\/span>\n\t\t\t\t\t\t\t<\/div>\n\t\t\t\t\t\t<\/div>\n\t\t\t\t\t\t\t\t\t<\/div>\n\t\t\t\t<\/div>\n\t\t\t<\/div>\n\t\t<\/div>\n\t<\/div>\n\n\n\n<h2 class=\"wp-block-heading\">NOTRE ENGAGEMENT ENVERS VOUS.<\/h2>\n\n\n\n<div class=\"wp-block-columns is-layout-flex wp-container-core-columns-is-layout-1 wp-block-columns-is-layout-flex\">\n<div class=\"wp-block-column is-layout-flow wp-block-column-is-layout-flow\">\n<ul class=\"wp-block-list\">\n<li>Des membranes faciles \u00e0 entretenir apr\u00e8s installation.<\/li>\n\n\n\n<li>Un rev\u00eatement personnalis\u00e9, juste pour vous. Nos membanes offrent des solutions adapt\u00e9es \u00e0 chaque bassin. La taille et la forme de la piscine n\u2019ont pas d\u2019importance<\/li>\n\n\n\n<li>Nos membranes sont fabriqu\u00e9es \u00e0 partir de mati\u00e8res premi\u00e8res vierges, les plus saines du march\u00e9 qui r\u00e9pondent aux exigences de la norme EN 71-3 relative \u00e0 l\u2019absence de produits dangereux dans les jouets en plastique destin\u00e9s aux enfants.<\/li>\n\n\n\n<li>La dur\u00e9e de vie d\u2019une membrane arm\u00e9e est sup\u00e9rieure aux rev\u00eatements enduits ou en fibre de verre.<\/li>\n\n\n\n<li>Baignez-vous d\u00e8s l\u2019installation termin\u00e9e. Inutile d\u2019attendre une semaine avant de profiter de votre piscine, comme cela peut \u00eatre le cas avec d\u2019autres rev\u00eatements.<\/li>\n\n\n\n<li>Des membranes garanties d\u2019\u00e9tanch\u00e9it\u00e9 15 ans (installation professionnelle requise)<\/li>\n\n\n\n<li>Une surface lisse et confortable pour les baigneurs qui, contrairement aux rev\u00eatements enduits ou en carrelage, \u00e9vitent de s\u2019\u00e9corcher genoux, bras ou pieds.<\/li>\n\n\n\n<li>Nos membranes contiennent des agents antimicrobiens et anti-algues.<\/li>\n\n\n\n<li>Votre installateur a choisi le meilleur produit pour vous. Faites-lui confiance. Il r\u00e9pondra \u00e0 vos attentes et les surpassera.<\/li>\n<\/ul>\n<\/div>\n\n\n\n<div class=\"wp-block-column is-layout-flow wp-block-column-is-layout-flow\">\n<figure class=\"wp-block-image size-large is-style-rounded\"><img loading=\"lazy\" decoding=\"async\" width=\"2560\" height=\"1707\" src=\"https:\/\/elbepools.com\/app\/uploads\/2020\/07\/private-pools-our-promise-to-you-scaled.jpg\" alt=\"\" class=\"wp-image-7078\" srcset=\"https:\/\/elbepools.com\/app\/uploads\/2020\/07\/private-pools-our-promise-to-you-scaled.jpg 2560w, https:\/\/elbepools.com\/app\/uploads\/2020\/07\/private-pools-our-promise-to-you-scaled-300x200.jpg 300w, https:\/\/elbepools.com\/app\/uploads\/2020\/07\/private-pools-our-promise-to-you-scaled-768x512.jpg 768w, https:\/\/elbepools.com\/app\/uploads\/2020\/07\/private-pools-our-promise-to-you-scaled-1024x683.jpg 1024w, https:\/\/elbepools.com\/app\/uploads\/2020\/07\/private-pools-our-promise-to-you-scaled-569x380.jpg 569w, https:\/\/elbepools.com\/app\/uploads\/2020\/07\/private-pools-our-promise-to-you-scaled-540x360.jpg 540w\" sizes=\"auto, (max-width: 2560px) 100vw, 2560px\" \/><\/figure>\n<\/div>\n<\/div>\n\n\n\n<div class=\"wp-block-columns is-layout-flex wp-container-core-columns-is-layout-2 wp-block-columns-is-layout-flex\">\n<div class=\"wp-block-column is-layout-flow wp-block-column-is-layout-flow\"><\/div>\n\n\n\n<div class=\"wp-block-column is-layout-flow wp-block-column-is-layout-flow\"><div class=\"wp-block-image\">\n<figure class=\"aligncenter size-large is-resized\"><img loading=\"lazy\" decoding=\"async\" width=\"591\" height=\"591\" src=\"https:\/\/elbepools.com\/app\/uploads\/2021\/02\/ELBE-pool-warranty-watertightness-FR.png\" alt=\"\" class=\"wp-image-7021\" style=\"width:160px;height:160px\" srcset=\"https:\/\/elbepools.com\/app\/uploads\/2021\/02\/ELBE-pool-warranty-watertightness-FR.png 591w, https:\/\/elbepools.com\/app\/uploads\/2021\/02\/ELBE-pool-warranty-watertightness-FR-300x300.png 300w, https:\/\/elbepools.com\/app\/uploads\/2021\/02\/ELBE-pool-warranty-watertightness-FR-150x150.png 150w, https:\/\/elbepools.com\/app\/uploads\/2021\/02\/ELBE-pool-warranty-watertightness-FR-400x400.png 400w\" sizes=\"auto, (max-width: 591px) 100vw, 591px\" \/><\/figure><\/div><\/div>\n\n\n\n<div class=\"wp-block-column is-layout-flow wp-block-column-is-layout-flow\"><div class=\"wp-block-image\">\n<figure class=\"aligncenter size-large is-resized\"><img loading=\"lazy\" decoding=\"async\" width=\"591\" height=\"591\" src=\"https:\/\/elbepools.com\/app\/uploads\/2021\/02\/ELBE-pool-warranty-EN-71-3-FR.png\" alt=\"\" class=\"wp-image-7026\" style=\"width:160px;height:160px\" srcset=\"https:\/\/elbepools.com\/app\/uploads\/2021\/02\/ELBE-pool-warranty-EN-71-3-FR.png 591w, https:\/\/elbepools.com\/app\/uploads\/2021\/02\/ELBE-pool-warranty-EN-71-3-FR-300x300.png 300w, https:\/\/elbepools.com\/app\/uploads\/2021\/02\/ELBE-pool-warranty-EN-71-3-FR-150x150.png 150w, https:\/\/elbepools.com\/app\/uploads\/2021\/02\/ELBE-pool-warranty-EN-71-3-FR-400x400.png 400w\" sizes=\"auto, (max-width: 591px) 100vw, 591px\" \/><\/figure><\/div><\/div>\n\n\n\n<div class=\"wp-block-column is-layout-flow wp-block-column-is-layout-flow\"><div class=\"wp-block-image\">\n<figure class=\"aligncenter size-large is-resized\"><img loading=\"lazy\" decoding=\"async\" width=\"591\" height=\"591\" src=\"https:\/\/elbepools.com\/app\/uploads\/2021\/02\/ELBE-pool-warranty-fume-emission-FR.png\" alt=\"\" class=\"wp-image-7031\" style=\"width:160px;height:160px\" srcset=\"https:\/\/elbepools.com\/app\/uploads\/2021\/02\/ELBE-pool-warranty-fume-emission-FR.png 591w, https:\/\/elbepools.com\/app\/uploads\/2021\/02\/ELBE-pool-warranty-fume-emission-FR-300x300.png 300w, https:\/\/elbepools.com\/app\/uploads\/2021\/02\/ELBE-pool-warranty-fume-emission-FR-150x150.png 150w, https:\/\/elbepools.com\/app\/uploads\/2021\/02\/ELBE-pool-warranty-fume-emission-FR-400x400.png 400w\" sizes=\"auto, (max-width: 591px) 100vw, 591px\" \/><\/figure><\/div><\/div>\n\n\n\n<div class=\"wp-block-column is-layout-flow wp-block-column-is-layout-flow\"><\/div>\n<\/div>\n\n\n\n<h2 class=\"wp-block-heading\">LA GAMME<\/h2>\n\n\n\n<p class=\"has-text-align-center\">Faites votre choix parmi notre large s\u00e9lection de couleurs et d\u00e9cors. Laissez libre cours \u00e0 votre imagination.<\/p>\n\n\n\n<div class=\"wp-block-buttons is-content-justification-center is-layout-flex wp-container-core-buttons-is-layout-1 wp-block-buttons-is-layout-flex\">\n<div class=\"wp-block-button\"><a class=\"wp-block-button__link wp-element-button\" href=\"https:\/\/elbepools.com\/fr\/produits\">VOIR PLUS<\/a><\/div>\n<\/div>\n\n\n\n<p><\/p>\n","protected":false},"excerpt":{"rendered":"<p>LES PISCINES SONT NOTRE SP\u00c9CIALIT\u00c9. Les rev\u00eatements ELBE Pool Surface\u00ae sont adapt\u00e9s \u00e0 toutes les formes et tailles de piscines. Ils sont une solution parfaite lors d\u2019une nouvelle construction ou d\u2019une r\u00e9novation de piscines existantes. Les membranes ELBE Pool Surface\u00ae s\u2019adaptent \u00e0 tout type de surfaces, qu\u2019il s\u2019agisse de carreaux en c\u00e9ramique, de b\u00e9ton, de [&hellip;]<\/p>\n","protected":false},"author":2,"featured_media":0,"parent":7013,"menu_order":1,"comment_status":"closed","ping_status":"closed","template":"","meta":{"_acf_changed":false,"footnotes":""},"class_list":["post-7015","page","type-page","status-publish","hentry"],"acf":[],"_links":{"self":[{"href":"https:\/\/elbepools.com\/fr\/wp-json\/wp\/v2\/pages\/7015","targetHints":{"allow":["GET"]}}],"collection":[{"href":"https:\/\/elbepools.com\/fr\/wp-json\/wp\/v2\/pages"}],"about":[{"href":"https:\/\/elbepools.com\/fr\/wp-json\/wp\/v2\/types\/page"}],"author":[{"embeddable":true,"href":"https:\/\/elbepools.com\/fr\/wp-json\/wp\/v2\/users\/2"}],"replies":[{"embeddable":true,"href":"https:\/\/elbepools.com\/fr\/wp-json\/wp\/v2\/comments?post=7015"}],"version-history":[{"count":13,"href":"https:\/\/elbepools.com\/fr\/wp-json\/wp\/v2\/pages\/7015\/revisions"}],"predecessor-version":[{"id":24778,"href":"https:\/\/elbepools.com\/fr\/wp-json\/wp\/v2\/pages\/7015\/revisions\/24778"}],"up":[{"embeddable":true,"href":"https:\/\/elbepools.com\/fr\/wp-json\/wp\/v2\/pages\/7013"}],"wp:attachment":[{"href":"https:\/\/elbepools.com\/fr\/wp-json\/wp\/v2\/media?parent=7015"}],"curies":[{"name":"wp","href":"https:\/\/api.w.org\/{rel}","templated":true}]}}