{"id":7003,"date":"2021-02-17T13:31:49","date_gmt":"2021-02-17T12:31:49","guid":{"rendered":"https:\/\/elbepools.com\/?page_id=7003"},"modified":"2026-03-23T13:52:49","modified_gmt":"2026-03-23T12:52:49","slug":"contactez-nous","status":"publish","type":"page","link":"https:\/\/elbepools.com\/fr\/contactez-nous\/","title":{"rendered":"contactez-nous"},"content":{"rendered":"\n<div id=\"jf-header-block_eda7bd3e347099c81a6f5141ce6cb5f5\" class=\"jf-header-block alignfull\">\n\t\t\t\t\t\t<div class=\" hero-image\">\n\t\t\t\t\t<div class=\"hero-image__image__wrapper\">\n\t\t\t\t\t\t<picture>\n\t\t\t\t\t\t\t<source media=\"(max-width: 767px)\" srcset=\"https:\/\/elbepools.com\/app\/uploads\/2020\/07\/Contact-768x384.jpg\">\n\t\t\t\t\t\t\t<img fetchpriority=\"high\" decoding=\"async\" width=\"2048\" height=\"1024\" src=\"https:\/\/elbepools.com\/app\/uploads\/2020\/07\/Contact-2048x1024.jpg\" class=\"attachment-hero-full size-hero-full\" alt=\"\" title=\"Contact\" loading=\"eager\" srcset=\"https:\/\/elbepools.com\/app\/uploads\/2020\/07\/Contact.jpg 2048w, https:\/\/elbepools.com\/app\/uploads\/2020\/07\/Contact-300x150.jpg 300w, https:\/\/elbepools.com\/app\/uploads\/2020\/07\/Contact-768x384.jpg 768w, https:\/\/elbepools.com\/app\/uploads\/2020\/07\/Contact-1024x512.jpg 1024w\" sizes=\"(max-width: 2048px) 100vw, 2048px\" \/>\t\t\t\t\t\t<\/picture>\n\t\t\t\t\t\t<img decoding=\"async\" class=\"wellenstruktur\" src=\"https:\/\/elbepools.com\/app\/themes\/jagdfieber\/img\/welle-ganz.png\">\n\t\t\t\t\t<\/div>\n\t\t\t\t\t<div class=\"caption\">\n\t\t\t\t\t\t<div class=\"caption-outer\">\n\t\t\t\t\t\t\t<div class=\"caption-inner\">\n\t\t\t\t\t\t\t\t\t\t\t\t\t\t\t\t\t<div class=\"caption--headline\">\n\t\t\t\t\t\t\t\t\t\t<h2 class=\"caption--headline__text no-wave\">\n\t\t\t\t\t\t\t\t\t\t\tCONTACTEZ-\t\t\t\t\t\t\t\t\t\t\t<span>NOUS<\/span>\n\t\t\t\t\t\t\t\t\t\t<\/h2>\n\t\t\t\t\t\t\t\t\t<\/div>\n\t\t\t\t\t\t\t\t\t\t\t\t\t\t\t\t<\/div>\n\t\t\t\t\t\t<\/div>\n\t\t\t\t\t<\/div>\n\t\t\t\t<\/div>\n\t\t\t\t<\/div><!-- .container -->\n\n\n\n<div class=\"wp-block-columns is-layout-flex wp-container-core-columns-is-layout-1 wp-block-columns-is-layout-flex\">\n<div class=\"wp-block-column is-layout-flow wp-block-column-is-layout-flow\">\n<figure class=\"wp-block-image size-large is-resized\"><img loading=\"lazy\" decoding=\"async\" src=\"https:\/\/elbepools.com\/app\/uploads\/2020\/07\/ElbtalPlastics-Logo-20184c-process-bearb-e1593771367392-1024x580.png\" alt=\"\" class=\"wp-image-1234\" width=\"251\" height=\"142\" srcset=\"https:\/\/elbepools.com\/app\/uploads\/2020\/07\/ElbtalPlastics-Logo-20184c-process-bearb-e1593771367392-1024x580.png 1024w, https:\/\/elbepools.com\/app\/uploads\/2020\/07\/ElbtalPlastics-Logo-20184c-process-bearb-e1593771367392-300x170.png 300w, https:\/\/elbepools.com\/app\/uploads\/2020\/07\/ElbtalPlastics-Logo-20184c-process-bearb-e1593771367392-768x435.png 768w, https:\/\/elbepools.com\/app\/uploads\/2020\/07\/ElbtalPlastics-Logo-20184c-process-bearb-e1593771367392.png 1172w\" sizes=\"auto, (max-width: 251px) 100vw, 251px\" \/><\/figure>\n\n\n\n<p><mark style=\"background-color:rgba(0, 0, 0, 0)\" class=\"has-inline-color has-blue-color\"><strong>Elbtal Plastics GmbH &amp; Co. KG<\/strong><br><\/mark>Cowaplast 2 (Grenzstr. 9)<br>01640 Coswig | Allemagne<\/p>\n\n\n\n<p><img loading=\"lazy\" decoding=\"async\" width=\"20\" height=\"20\" class=\"wp-image-6998\" style=\"width: 20px;\" src=\"https:\/\/elbepools.com\/app\/uploads\/2020\/07\/Kontakt_telephone-1.png\" alt=\"\">&nbsp;<a href=\"tel:+49352353300\">+49 3523 5330-0<\/a>&nbsp;<br><img loading=\"lazy\" decoding=\"async\" width=\"20\" height=\"20\" class=\"wp-image-6999\" style=\"width: 20px;\" src=\"https:\/\/elbepools.com\/app\/uploads\/2020\/07\/Kontakt_print-1.png\" alt=\"\"> <a href=\"fax:+4935235330222\">+49 3523 5330-222<\/a> &nbsp;<br><img loading=\"lazy\" decoding=\"async\" width=\"20\" height=\"20\" class=\"wp-image-7000\" style=\"width: 20px;\" src=\"https:\/\/elbepools.com\/app\/uploads\/2020\/07\/Kontakt_email-1.png\" alt=\"\"><a href=\"mailto:info@elbtal-plastics.de\"> info@elbtal-plastics.de<\/a><\/p>\n\n\n\n<p><a href=\"https:\/\/www.elbtal-plastics.de\/en\/\" data-type=\"URL\" data-id=\"https:\/\/www.elbtal-plastics.de\/en\/\" target=\"_blank\" rel=\"noreferrer noopener nofollow\">www.elbtal-plastics.de<\/a><\/p>\n<\/div>\n\n\n\n<div class=\"wp-block-column is-layout-flow wp-block-column-is-layout-flow\">\n <div class=\"brlbs-cmpnt-container brlbs-cmpnt-content-blocker brlbs-cmpnt-with-individual-styles\" data-borlabs-cookie-content-blocker-id=\"google-maps\" data-borlabs-cookie-content=\"PGlmcmFtZSBzcmM9Imh0dHBzOi8vd3d3Lmdvb2dsZS5jb20vbWFwcy9lbWJlZD9wYj0hMW0xOCExbTEyITFtMyExZDI1MDQuNDAxODk4MDI0NDMxNCEyZDEzLjU3ODYwODkxNTgyMzE1ITNkNTEuMTE5NDk0NDQ2ODExNTIhMm0zITFmMCEyZjAhM2YwITNtMiExaTEwMjQhMmk3NjghNGYxMy4xITNtMyExbTIhMXMweDQ3MDlkMTM3NjczZGRmMzElM0EweDZhMmE0ZTllZTNjNzEzMDkhMnNFbGJ0YWwlMjBQbGFzdGljcyUyMEdtYkglMjAlMjYlMjBDby4lMjBLRyE1ZTAhM20yITFzZGUhMnNkZSE0djE1OTMwNzU0ODQ3OTEhNW0yITFzZGUhMnNkZSIgc3R5bGU9ImJvcmRlcjowOyIgYWxsb3dmdWxsc2NyZWVuPSIiIGFyaWEtaGlkZGVuPSJmYWxzZSIgdGFiaW5kZXg9IjAiIHdpZHRoPSI2MDAiIGhlaWdodD0iNDUwIiBmcmFtZWJvcmRlcj0iMCI+PC9pZnJhbWU+\"><div class=\"brlbs-cmpnt-cb-preset-b brlbs-cmpnt-cb-google-maps\"> <div class=\"brlbs-cmpnt-cb-thumbnail\" style=\"background-image: url('https:\/\/elbepools.com\/app\/uploads\/borlabs-cookie\/1\/brlbs-cb-google-maps-main.png')\"><\/div> <div class=\"brlbs-cmpnt-cb-main\"> <div class=\"brlbs-cmpnt-cb-content\"> <p class=\"brlbs-cmpnt-cb-description\">Vous \u00eates actuellement en train de consulter le contenu d&#8217;un espace r\u00e9serv\u00e9 de <strong>Google Maps<\/strong>. Pour acc\u00e9der au contenu r\u00e9el, cliquez sur le bouton ci-dessous. Veuillez noter que ce faisant, des donn\u00e9es seront partag\u00e9es avec des providers tiers.<\/p> <a class=\"brlbs-cmpnt-cb-provider-toggle\" href=\"#\" data-borlabs-cookie-show-provider-information role=\"button\">Plus d&#8217;informations<\/a> <\/div> <div class=\"brlbs-cmpnt-cb-buttons\"> <a class=\"brlbs-cmpnt-cb-btn\" href=\"#\" data-borlabs-cookie-unblock role=\"button\">D\u00e9bloquer le contenu<\/a> <a class=\"brlbs-cmpnt-cb-btn\" href=\"#\" data-borlabs-cookie-accept-service role=\"button\" style=\"display: inherit\">Accepter le service requis et d\u00e9bloquer les contenus<\/a> <\/div> <\/div> <\/div><\/div>\n\n\n\n<p><\/p>\n<\/div>\n<\/div>\n\n\n\n<h2 class=\"wp-block-heading\">CONTACTEZ-NOUS<\/h2>\n\n\n\n<form class=\"af-form acf-form\" method=\"POST\" action=\"https:\/\/elbepools.com\/fr\/wp-json\/wp\/v2\/pages\/7003\" id=\"form_6035ffe77ce23\" data-key=\"form_6035ffe77ce23\" data-ajax=\"1\"><div class=\"af-fields acf-fields acf-form-fields -top\">\t<div id=\"acf-form-data\" class=\"acf-hidden\">\n\t\t<input type=\"hidden\" id=\"_acf_screen\" name=\"_acf_screen\" value=\"acf_form\"\/><input type=\"hidden\" id=\"_acf_post_id\" name=\"_acf_post_id\" value=\"0\"\/><input type=\"hidden\" id=\"_acf_validation\" name=\"_acf_validation\" value=\"1\"\/><input type=\"hidden\" id=\"_acf_form\" name=\"_acf_form\" value=\"0\"\/><input type=\"hidden\" id=\"_acf_nonce\" name=\"_acf_nonce\" value=\"fae2d3c371\"\/><input type=\"hidden\" id=\"_acf_changed\" name=\"_acf_changed\" value=\"0\"\/>\t<\/div>\n\t<div class=\"acf-hidden\"><input type=\"hidden\" name=\"_acfnonce\" value=\"015feba3e3\"><input type=\"hidden\" name=\"nonce\" value=\"015feba3e3\"><input type=\"hidden\" name=\"af_form\" value=\"form_6035ffe77ce23\"><input type=\"hidden\" name=\"af_form_args\" value=\"eyJhamF4IjoiMSIsImRpc3BsYXlfdGl0bGUiOmZhbHNlLCJkaXNwbGF5X2Rlc2NyaXB0aW9uIjpmYWxzZSwiaWQiOiJmb3JtXzYwMzVmZmU3N2NlMjMiLCJ2YWx1ZXMiOltdLCJzdWJtaXRfdGV4dCI6IlNvdW1ldHRyZSIsInJlZGlyZWN0IjpudWxsLCJ0YXJnZXQiOiJodHRwczpcL1wvZWxiZXBvb2xzLmNvbVwvZnJcL3dwLWpzb25cL3dwXC92MlwvcGFnZXNcLzcwMDMiLCJlY2hvIjp0cnVlLCJleGNsdWRlX2ZpZWxkcyI6W10sInVwbG9hZGVyIjoid3AiLCJmaWx0ZXJfbW9kZSI6ZmFsc2UsImxhYmVsX3BsYWNlbWVudCI6InRvcCIsImluc3RydWN0aW9uX3BsYWNlbWVudCI6ImxhYmVsIiwiaG9uZXlwb3QiOnRydWV9\"><input type=\"hidden\" name=\"_acf_form\" value=\"eyJhamF4IjoiMSIsImRpc3BsYXlfdGl0bGUiOmZhbHNlLCJkaXNwbGF5X2Rlc2NyaXB0aW9uIjpmYWxzZSwiaWQiOiJmb3JtXzYwMzVmZmU3N2NlMjMiLCJ2YWx1ZXMiOltdLCJzdWJtaXRfdGV4dCI6IlNvdW1ldHRyZSIsInJlZGlyZWN0IjpudWxsLCJ0YXJnZXQiOiJodHRwczpcL1wvZWxiZXBvb2xzLmNvbVwvZnJcL3dwLWpzb25cL3dwXC92MlwvcGFnZXNcLzcwMDMiLCJlY2hvIjp0cnVlLCJleGNsdWRlX2ZpZWxkcyI6W10sInVwbG9hZGVyIjoid3AiLCJmaWx0ZXJfbW9kZSI6ZmFsc2UsImxhYmVsX3BsYWNlbWVudCI6InRvcCIsImluc3RydWN0aW9uX3BsYWNlbWVudCI6ImxhYmVsIiwiaG9uZXlwb3QiOnRydWV9\"><input type=\"hidden\" name=\"af_form_nonce\" value=\"3876e5aab0\"><label for=\"af_email_for_non_humans_form_6035ffe77ce23\" aria-hidden=\"true\">Email for non-humans<\/label><input type=\"text\" name=\"email_for_non_humans\" id=\"af_email_for_non_humans_form_6035ffe77ce23\" tabindex=\"-1\" autocomplete=\"off\" \/><input type=\"hidden\" name=\"af_origin_url\" value=\"https:\/\/elbepools.com\/fr\/wp-json\/wp\/v2\/pages\/7003\" \/><\/div><div class=\"af-field af-field-type-select af-field-subject acf-field acf-field-select acf-field-646ccb01f019e af-field-required\" data-name=\"subject\" data-key=\"field_646ccb01f019e\" data-type=\"select\"><div class=\"af-label acf-label\"><label for=\"acf-field_646ccb01f019e\">Objet <span class=\"acf-required\">*<\/span><\/label><\/div><div class=\"af-input acf-input\"><select id=\"acf-field_646ccb01f019e\" class=\"\" name=\"acf[field_646ccb01f019e]\" data-ui=\"0\" data-ajax=\"0\" data-multiple=\"0\" data-placeholder=\"S\u00e9lectionner\" data-allow_null=\"0\"><option value=\"information sur le produit\">information sur le produit<\/option><option value=\"technique d&#039;application\">technique d&#039;application<\/option><option value=\"session d\u00b4installation\">session d\u00b4installation<\/option><option value=\"documents de marketing\">documents de marketing<\/option><option value=\"autres demandes\">autres demandes<\/option><\/select><\/div><\/div><div class=\"af-field af-field-type-text af-field-pr\u00e9nom acf-field acf-field-text acf-field-60360123138fc af-field-required\" data-width=\"50\" style=\"width: 50%;\" data-name=\"pr\u00e9nom\" data-key=\"field_60360123138fc\" data-type=\"text\"><div class=\"af-label acf-label\"><label for=\"acf-field_60360123138fc\">Pr\u00e9nom <span class=\"acf-required\">*<\/span><\/label><\/div><div class=\"af-input acf-input\"><div class=\"acf-input-wrap\"><input type=\"text\" id=\"acf-field_60360123138fc\" name=\"acf[field_60360123138fc]\" required=\"required\"\/><\/div><\/div><\/div><div class=\"af-field af-field-type-text af-field-nom acf-field acf-field-text acf-field-6036014e138fd af-field-required\" data-width=\"50\" style=\"width: 50%;\" data-name=\"nom\" data-key=\"field_6036014e138fd\" data-type=\"text\"><div class=\"af-label acf-label\"><label for=\"acf-field_6036014e138fd\">Nom <span class=\"acf-required\">*<\/span><\/label><\/div><div class=\"af-input acf-input\"><div class=\"acf-input-wrap\"><input type=\"text\" id=\"acf-field_6036014e138fd\" name=\"acf[field_6036014e138fd]\" required=\"required\"\/><\/div><\/div><\/div><div class=\"af-field af-field-type-text af-field-entreprise acf-field acf-field-text acf-field-60360188138fe af-field-required\" data-width=\"100\" style=\"width: 100%;\" data-name=\"entreprise\" data-key=\"field_60360188138fe\" data-type=\"text\"><div class=\"af-label acf-label\"><label for=\"acf-field_60360188138fe\">Entreprise <span class=\"acf-required\">*<\/span><\/label><\/div><div class=\"af-input acf-input\"><div class=\"acf-input-wrap\"><input type=\"text\" id=\"acf-field_60360188138fe\" name=\"acf[field_60360188138fe]\" required=\"required\"\/><\/div><\/div><\/div><div class=\"af-field af-field-type-email af-field-adresse-mail acf-field acf-field-email acf-field-603601c7138ff af-field-required\" data-width=\"50\" style=\"width: 50%;\" data-name=\"adresse_mail\" data-key=\"field_603601c7138ff\" data-type=\"email\"><div class=\"af-label acf-label\"><label for=\"acf-field_603601c7138ff\">Adresse mail <span class=\"acf-required\">*<\/span><\/label><\/div><div class=\"af-input acf-input\"><div class=\"acf-input-wrap\"><input type=\"email\" id=\"acf-field_603601c7138ff\" name=\"acf[field_603601c7138ff]\" required=\"required\"\/><\/div><\/div><\/div><div class=\"af-field af-field-type-text af-field-t\u00e9l\u00e9phone acf-field acf-field-text acf-field-603601e113900\" data-width=\"50\" style=\"width: 50%;\" data-name=\"t\u00e9l\u00e9phone\" data-key=\"field_603601e113900\" data-type=\"text\"><div class=\"af-label acf-label\"><label for=\"acf-field_603601e113900\">T\u00e9l\u00e9phone<\/label><\/div><div class=\"af-input acf-input\"><div class=\"acf-input-wrap\"><input type=\"text\" id=\"acf-field_603601e113900\" name=\"acf[field_603601e113900]\"\/><\/div><\/div><\/div><div class=\"af-field af-field-type-textarea af-field-message acf-field acf-field-textarea acf-field-6036025c13902 af-field-required\" data-name=\"message\" data-key=\"field_6036025c13902\" data-type=\"textarea\"><div class=\"af-label acf-label\"><label for=\"acf-field_6036025c13902\">Message <span class=\"acf-required\">*<\/span><\/label><\/div><div class=\"af-input acf-input\"><textarea id=\"acf-field_6036025c13902\" name=\"acf[field_6036025c13902]\" rows=\"8\" required=\"required\"><\/textarea><\/div><\/div><div class=\"af-field af-field-type-message af-field- acf-field acf-field-message acf-field-6036027f13903\" data-name=\"\" data-key=\"field_6036027f13903\" data-type=\"message\"><div class=\"af-label acf-label\"><label for=\"acf-field_6036027f13903\"><\/label><\/div><div class=\"af-input acf-input\"><p>* champs obligatoires<\/p>\n<\/div><\/div><div class=\"af-field af-field-type-image-captcha af-field-image-captcha acf-field acf-field-image-captcha acf-field-652fe21c51e69\" data-name=\"image_captcha\" data-key=\"field_652fe21c51e69\" data-type=\"image_captcha\"><div class=\"af-label acf-label\"><label for=\"acf-field_652fe21c51e69\"><\/label><\/div><div class=\"af-input acf-input\">\t\t<input type=\"hidden\" name=\"acf[field_652fe21c51e69]\">\n\n\t\t<div class=\"fp-image-captcha\">\n    <span class=\"fp-image-captcha__instructions\">\n        Veuillez prouver que vous n'\u00eates pas un robot et s\u00e9lectionnez l'ic\u00f4ne <span class=\"correct\">Tasse<\/span>.    <\/span>\n    <div class=\"fp-image-captcha__choices\">\n\t\t\t\t\t<label><input autocomplete=\"off\" type=\"radio\" name=\"acf[field_652fe21c51e69]\" value=\"cceb3677\" \/>\n\t\t\t\t<svg xmlns=\"http:\/\/www.w3.org\/2000\/svg\" width=\"50\" height=\"50\" fill=\"currentColor\" class=\"bi\" viewBox=\"0 0 16 16\">\n  <path d=\"M1 2a1 1 0 0 1 1-1h11a1 1 0 0 1 1 1v1h.5A1.5 1.5 0 0 1 16 4.5v7a1.5 1.5 0 0 1-1.5 1.5h-.55a2.5 2.5 0 0 1-2.45 2h-8A2.5 2.5 0 0 1 1 12.5V2zm13 10h.5a.5.5 0 0 0 .5-.5v-7a.5.5 0 0 0-.5-.5H14v8z\"\/>\n<\/svg>\t\t\t<\/label>\n\t\t\t\t\t<label><input autocomplete=\"off\" type=\"radio\" name=\"acf[field_652fe21c51e69]\" value=\"15454b9f\" \/>\n\t\t\t\t<svg xmlns=\"http:\/\/www.w3.org\/2000\/svg\" width=\"50\" height=\"50\" fill=\"currentColor\" class=\"bi\" viewBox=\"0 0 16 16\">\n  <path d=\"M4 1c2.21 0 4 1.755 4 3.92C8 2.755 9.79 1 12 1s4 1.755 4 3.92c0 3.263-3.234 4.414-7.608 9.608a.513.513 0 0 1-.784 0C3.234 9.334 0 8.183 0 4.92 0 2.755 1.79 1 4 1z\"\/>\n<\/svg>\t\t\t<\/label>\n\t\t\t\t\t<label><input autocomplete=\"off\" type=\"radio\" name=\"acf[field_652fe21c51e69]\" value=\"fafa1a3f\" \/>\n\t\t\t\t<svg xmlns=\"http:\/\/www.w3.org\/2000\/svg\" width=\"50\" height=\"50\" fill=\"currentColor\" class=\"bi\" viewBox=\"0 0 16 16\">\n  <path d=\"M2 6a6 6 0 1 1 10.174 4.31c-.203.196-.359.4-.453.619l-.762 1.769A.5.5 0 0 1 10.5 13h-5a.5.5 0 0 1-.46-.302l-.761-1.77a1.964 1.964 0 0 0-.453-.618A5.984 5.984 0 0 1 2 6zm3 8.5a.5.5 0 0 1 .5-.5h5a.5.5 0 0 1 0 1l-.224.447a1 1 0 0 1-.894.553H6.618a1 1 0 0 1-.894-.553L5.5 15a.5.5 0 0 1-.5-.5z\"\/>\n<\/svg>\t\t\t<\/label>\n\t\t\t\t\t<label><input autocomplete=\"off\" type=\"radio\" name=\"acf[field_652fe21c51e69]\" value=\"286279b3\" \/>\n\t\t\t\t<svg xmlns=\"http:\/\/www.w3.org\/2000\/svg\" width=\"50\" height=\"50\" fill=\"currentColor\" class=\"bi\" viewBox=\"0 0 16 16\">\n  <path d=\"M8 16a.5.5 0 0 1-.5-.5v-1.293l-.646.647a.5.5 0 0 1-.707-.708L7.5 12.793V8.866l-3.4 1.963-.496 1.85a.5.5 0 1 1-.966-.26l.237-.882-1.12.646a.5.5 0 0 1-.5-.866l1.12-.646-.884-.237a.5.5 0 1 1 .26-.966l1.848.495L7 8 3.6 6.037l-1.85.495a.5.5 0 0 1-.258-.966l.883-.237-1.12-.646a.5.5 0 1 1 .5-.866l1.12.646-.237-.883a.5.5 0 1 1 .966-.258l.495 1.849L7.5 7.134V3.207L6.147 1.854a.5.5 0 1 1 .707-.708l.646.647V.5a.5.5 0 1 1 1 0v1.293l.647-.647a.5.5 0 1 1 .707.708L8.5 3.207v3.927l3.4-1.963.496-1.85a.5.5 0 1 1 .966.26l-.236.882 1.12-.646a.5.5 0 0 1 .5.866l-1.12.646.883.237a.5.5 0 1 1-.26.966l-1.848-.495L9 8l3.4 1.963 1.849-.495a.5.5 0 0 1 .259.966l-.883.237 1.12.646a.5.5 0 0 1-.5.866l-1.12-.646.236.883a.5.5 0 1 1-.966.258l-.495-1.849-3.4-1.963v3.927l1.353 1.353a.5.5 0 0 1-.707.708l-.647-.647V15.5a.5.5 0 0 1-.5.5z\"\/>\n<\/svg>\t\t\t<\/label>\n\t\t    <\/div>\n    <input type=\"hidden\" name=\"field_652fe21c51e69_correct\" value=\"Tasse\" \/>\n<\/div>\n<\/div><\/div><div class=\"af-submit acf-form-submit\"><button type=\"submit\" class=\"acf-button af-submit-button\">Soumettre<\/button><span class=\"acf-spinner af-spinner\"><\/span><\/div><\/div><\/form>\n\n\n\n<p><\/p>\n\n\n\n<p><\/p>\n\n\n\n<h2 class=\"wp-block-heading\">PERSONNE \u00c0 CONTACTER<\/h2>\n\n\n\n<div class=\"wp-block-columns is-layout-flex wp-container-core-columns-is-layout-2 wp-block-columns-is-layout-flex\">\n<div class=\"wp-block-column is-layout-flow wp-block-column-is-layout-flow\">\n<h4 class=\"wp-block-heading has-text-align-center\">Matthias Schwarz<\/h4>\n\n\n\n<p class=\"has-text-align-center has-normal-font-size\"><strong><normal><strong><normal>Sale<\/normal>s Director<\/strong><\/normal><\/strong><\/p>\n\n\n\n<p class=\"has-text-align-center\">langue : <img decoding=\"async\" src=\"https:\/\/elbepools.com\/app\/uploads\/2021\/01\/de_kontur-1.png\" alt=\"\" style=\"width: 18px;\"> <img decoding=\"async\" src=\"https:\/\/elbepools.com\/app\/uploads\/2021\/01\/en_kontur-1.png\" alt=\"\" style=\"width: 18px;\"><\/p>\n\n\n\n<p class=\"has-text-align-center\">r\u00e9gion:&nbsp;global<br>Phone: +49 (1511) 4166385<br>Matthias.Schwarz@elbtal-plastics.de<\/p>\n\n\n\n<p class=\"has-text-align-center\">&nbsp;<br><\/p>\n<\/div>\n\n\n\n<div class=\"wp-block-column is-layout-flow wp-block-column-is-layout-flow\">\n<h4 class=\"wp-block-heading has-text-align-center\">Didier Delage<\/h4>\n\n\n\n<p class=\"has-text-align-center has-normal-font-size\"><strong><normal>Area Sales Manager<\/normal><\/strong><\/p>\n\n\n\n<p class=\"has-text-align-center\">langue: <img loading=\"lazy\" decoding=\"async\" width=\"18\" height=\"12\" src=\"data:image\/png;base64,\/9j\/4AAQSkZJRgABAQEAYABgAAD\/2wBDAAgGBgcGBQgHBwcJCQgKDBQNDAsLDBkSEw8UHRofHh0aHBwgJC4nICIsIxwcKDcpLDAxNDQ0Hyc5PTgyPC4zNDL\/2wBDAQkJCQwLDBgNDRgyIRwhMjIyMjIyMjIyMjIyMjIyMjIyMjIyMjIyMjIyMjIyMjIyMjIyMjIyMjIyMjIyMjIyMjL\/wAARCAAMABIDASIAAhEBAxEB\/8QAHwAAAQUBAQEBAQEAAAAAAAAAAAECAwQFBgcICQoL\/8QAtRAAAgEDAwIEAwUFBAQAAAF9AQIDAAQRBRIhMUEGE1FhByJxFDKBkaEII0KxwRVS0fAkM2JyggkKFhcYGRolJicoKSo0NTY3ODk6Q0RFRkdISUpTVFVWV1hZWmNkZWZnaGlqc3R1dnd4eXqDhIWGh4iJipKTlJWWl5iZmqKjpKWmp6ipqrKztLW2t7i5usLDxMXGx8jJytLT1NXW19jZ2uHi4+Tl5ufo6erx8vP09fb3+Pn6\/8QAHwEAAwEBAQEBAQEBAQAAAAAAAAECAwQFBgcICQoL\/8QAtREAAgECBAQDBAcFBAQAAQJ3AAECAxEEBSExBhJBUQdhcRMiMoEIFEKRobHBCSMzUvAVYnLRChYkNOEl8RcYGRomJygpKjU2Nzg5OkNERUZHSElKU1RVVldYWVpjZGVmZ2hpanN0dXZ3eHl6goOEhYaHiImKkpOUlZaXmJmaoqOkpaanqKmqsrO0tba3uLm6wsPExcbHyMnK0tPU1dbX2Nna4uPk5ebn6Onq8vP09fb3+Pn6\/9oADAMBAAIRAxEAPwDmvhH\/AMlO0j\/tt\/6KavUvjF\/zB\/8Att\/7JXlvwj\/5KdpH\/bb\/ANFNXqXxi\/5g\/wD22\/8AZK686+L5L8z0OF\/99h8\/\/SWeXUUUV88fqB\/\/2Q==\">&nbsp;<img loading=\"lazy\" decoding=\"async\" width=\"18\" height=\"12\" src=\"data:image\/png;base64,iVBORw0KGgoAAAANSUhEUgAAABIAAAAMCAIAAADgcHrrAAAAGXRFWHRTb2Z0d2FyZQBBZG9iZSBJbWFnZVJlYWR5ccllPAAAA4NpVFh0WE1MOmNvbS5hZG9iZS54bXAAAAAAADw\/eHBhY2tldCBiZWdpbj0i77u\/IiBpZD0iVzVNME1wQ2VoaUh6cmVTek5UY3prYzlkIj8+IDx4OnhtcG1ldGEgeG1sbnM6eD0iYWRvYmU6bnM6bWV0YS8iIHg6eG1wdGs9IkFkb2JlIFhNUCBDb3JlIDYuMC1jMDAyIDc5LjE2NDQ2MCwgMjAyMC8wNS8xMi0xNjowNDoxNyAgICAgICAgIj4gPHJkZjpSREYgeG1sbnM6cmRmPSJodHRwOi8vd3d3LnczLm9yZy8xOTk5LzAyLzIyLXJkZi1zeW50YXgtbnMjIj4gPHJkZjpEZXNjcmlwdGlvbiByZGY6YWJvdXQ9IiIgeG1sbnM6eG1wTU09Imh0dHA6Ly9ucy5hZG9iZS5jb20veGFwLzEuMC9tbS8iIHhtbG5zOnN0UmVmPSJodHRwOi8vbnMuYWRvYmUuY29tL3hhcC8xLjAvc1R5cGUvUmVzb3VyY2VSZWYjIiB4bWxuczp4bXA9Imh0dHA6Ly9ucy5hZG9iZS5jb20veGFwLzEuMC8iIHhtcE1NOk9yaWdpbmFsRG9jdW1lbnRJRD0ieG1wLmRpZDplMTg4OGYwZi03YjZlLTRhYWMtOWZkZC0zYjRkODAyNGQ4ODkiIHhtcE1NOkRvY3VtZW50SUQ9InhtcC5kaWQ6QTFBNjk5NDA1OEMyMTFFQjkwNjc5MUE2Mzk5OEI2MzciIHhtcE1NOkluc3RhbmNlSUQ9InhtcC5paWQ6QTFBNjk5M0Y1OEMyMTFFQjkwNjc5MUE2Mzk5OEI2MzciIHhtcDpDcmVhdG9yVG9vbD0iQWRvYmUgUGhvdG9zaG9wIDIxLjIgKE1hY2ludG9zaCkiPiA8eG1wTU06RGVyaXZlZEZyb20gc3RSZWY6aW5zdGFuY2VJRD0ieG1wLmlpZDplZTBjNjc4OC0zMGYwLTQ3YWUtOGZkMS02MWNmNWViNjk2MjEiIHN0UmVmOmRvY3VtZW50SUQ9ImFkb2JlOmRvY2lkOnBob3Rvc2hvcDpmZmI2MThjNC01Nzk4LWFhNDUtYjMwYy1hYjdmYmRiZmY1ZWMiLz4gPC9yZGY6RGVzY3JpcHRpb24+IDwvcmRmOlJERj4gPC94OnhtcG1ldGE+IDw\/eHBhY2tldCBlbmQ9InIiPz7oUfClAAABv0lEQVR42mLsd3ExqK7++ZMhLm7zq1efGMCgpsbbeXoKkLE3c05Ly1aIoJgYX2OgkNLhZVfNzZnUzCMdWlvd5SVevuwtKkpgYJACIiUlfQc2NiACMiAi+SmBL8NZMr7ecDt\/\/puyNdCUzNKsA08SMj6Gh\/\/\/8+fQoaeSkvXd3YefiokBEZAB5G6pnvvazOz\/pk3\/\/\/+PiZnHwOAG1AZ0TB2a3NWrHyDaLp94gmYiA0MsA4MD4\/79+x0sLBgePWJABU+BggwM0idOoIk\/undvx9GjLAyOjv+BHAbs4KG6OprIHQaG5wwMTAxkARaG\/fsZLSzkiXYk4717d48eRQQJ0MdAfwN9DwwDYEhAggQYNsAQAoYTMLSAYQYPEqAjf2VnWz171mD74ewbK6vDKm6mO8V3HL4PMXvbtstSUg2HBYxFjh2zvbPrtPtLbxc5oBaWGTPC0hMd7wYEPGHimCQSsK71AFD1q1cP7\/z5A2E8f37Pzq4iJMSko6P7zdrlUcfmcloqMzuJst+qqNgkpFF24O2FKzcZGIDp65Oo6L\/fd888\/PfvMp\/EzZu3gCLXrt1YsGDHLym+X4YaDw7vBggwACOa4acDTjguAAAAAElFTkSuQmCC\"><\/p>\n\n\n\n<p class=\"has-text-align-center\">r\u00e9gion: France<\/p>\n<\/div>\n\n\n\n<div class=\"wp-block-column is-layout-flow wp-block-column-is-layout-flow\">\n<h4 class=\"wp-block-heading has-text-align-center\">Andreas Kiehne<\/h4>\n\n\n\n<p class=\"has-text-align-center has-normal-font-size\"><strong><normal>Area Sales Manager<\/normal><\/strong><\/p>\n\n\n\n<p class=\"has-text-align-center\">langue : <img decoding=\"async\" src=\"https:\/\/elbepools.com\/app\/uploads\/2021\/01\/de_kontur-1.png\" alt=\"\" style=\"width: 18px;\"> <img decoding=\"async\" src=\"https:\/\/elbepools.com\/app\/uploads\/2021\/01\/en_kontur-1.png\" alt=\"\" style=\"width: 18px;\"><\/p>\n\n\n\n<p class=\"has-text-align-center\">r\u00e9gion :&nbsp;Belgique, Pays-Bas, Danemark, Su\u00e8de, Norv\u00e8ge, Allemagne, Suisse, Autriche<\/p>\n\n\n\n<p class=\"has-text-align-center\">&nbsp;<\/p>\n<\/div>\n<\/div>\n\n\n\n<div class=\"wp-block-columns is-layout-flex wp-container-core-columns-is-layout-3 wp-block-columns-is-layout-flex\">\n<div class=\"wp-block-column is-layout-flow wp-block-column-is-layout-flow\">\n<h4 class=\"wp-block-heading has-text-align-center\">Ivan Kub\u00e1\u0148<\/h4>\n\n\n\n<p class=\"has-text-align-center has-normal-font-size\"><strong><normal>Area Sales Manager<\/normal><\/strong><\/p>\n\n\n\n<p class=\"has-text-align-center\">langue: <img loading=\"lazy\" decoding=\"async\" width=\"22\" height=\"22\" class=\"wp-image-23741\" style=\"width: 22px;\" src=\"https:\/\/elbepools.com\/app\/uploads\/2024\/10\/Slowakische-Flagge.jpg\" alt=\"\" srcset=\"https:\/\/elbepools.com\/app\/uploads\/2024\/10\/Slowakische-Flagge.jpg 500w, https:\/\/elbepools.com\/app\/uploads\/2024\/10\/Slowakische-Flagge-300x300.jpg 300w, https:\/\/elbepools.com\/app\/uploads\/2024\/10\/Slowakische-Flagge-150x150.jpg 150w, https:\/\/elbepools.com\/app\/uploads\/2024\/10\/Slowakische-Flagge-400x400.jpg 400w\" sizes=\"auto, (max-width: 22px) 100vw, 22px\" \/> <img decoding=\"async\" style=\"width: 18px;\" src=\"https:\/\/elbepools.com\/app\/uploads\/2021\/01\/en_kontur-1.png\" alt=\"\"><\/p>\n\n\n\n<p class=\"has-text-align-center\">r\u00e9gion&nbsp;: Europe de l\u2019Est et \u00c9tats de la CEI<\/p>\n\n\n\n<p class=\"has-text-align-center\">&nbsp;<\/p>\n<\/div>\n\n\n\n<div class=\"wp-block-column is-layout-flow wp-block-column-is-layout-flow\">\n<h4 class=\"wp-block-heading has-text-align-center\">Mario Cattedra<\/h4>\n\n\n\n<p class=\"has-text-align-center has-normal-font-size\"><strong><normal>Area Sales Manager<\/normal><\/strong><\/p>\n\n\n\n<p class=\"has-text-align-center\">langue : <img decoding=\"async\" src=\"https:\/\/elbepools.com\/app\/uploads\/2021\/01\/it_kontur.png\" alt=\"\" style=\"width: 18px;\"> <img decoding=\"async\" src=\"https:\/\/elbepools.com\/app\/uploads\/2021\/01\/de_kontur-1.png\" alt=\"\" style=\"width: 18px;\"><\/p>\n\n\n\n<p class=\"has-text-align-center\">r\u00e9gion :&nbsp;Italie<\/p>\n\n\n\n<p class=\"has-text-align-center\"><\/p>\n<\/div>\n\n\n\n<div class=\"wp-block-column is-layout-flow wp-block-column-is-layout-flow\">\n<p class=\"has-text-align-center\"><\/p>\n\n\n\n<p class=\"has-text-align-center\"><\/p>\n<\/div>\n<\/div>\n\n\n\n<p><\/p>\n","protected":false},"excerpt":{"rendered":"<p>Elbtal Plastics GmbH &amp; Co. KGCowaplast 2 (Grenzstr. 9)01640 Coswig | Allemagne &nbsp;+49 3523 5330-0&nbsp; +49 3523 5330-222 &nbsp; info@elbtal-plastics.de www.elbtal-plastics.de Vous \u00eates actuellement en train de consulter le contenu d&#8217;un espace r\u00e9serv\u00e9 de Google Maps. Pour acc\u00e9der au contenu r\u00e9el, cliquez sur le bouton ci-dessous. Veuillez noter que ce faisant, des donn\u00e9es seront partag\u00e9es [&hellip;]<\/p>\n","protected":false},"author":2,"featured_media":0,"parent":0,"menu_order":0,"comment_status":"closed","ping_status":"closed","template":"","meta":{"_acf_changed":false,"footnotes":""},"class_list":["post-7003","page","type-page","status-publish","hentry"],"acf":[],"_links":{"self":[{"href":"https:\/\/elbepools.com\/fr\/wp-json\/wp\/v2\/pages\/7003","targetHints":{"allow":["GET"]}}],"collection":[{"href":"https:\/\/elbepools.com\/fr\/wp-json\/wp\/v2\/pages"}],"about":[{"href":"https:\/\/elbepools.com\/fr\/wp-json\/wp\/v2\/types\/page"}],"author":[{"embeddable":true,"href":"https:\/\/elbepools.com\/fr\/wp-json\/wp\/v2\/users\/2"}],"replies":[{"embeddable":true,"href":"https:\/\/elbepools.com\/fr\/wp-json\/wp\/v2\/comments?post=7003"}],"version-history":[{"count":20,"href":"https:\/\/elbepools.com\/fr\/wp-json\/wp\/v2\/pages\/7003\/revisions"}],"predecessor-version":[{"id":26594,"href":"https:\/\/elbepools.com\/fr\/wp-json\/wp\/v2\/pages\/7003\/revisions\/26594"}],"wp:attachment":[{"href":"https:\/\/elbepools.com\/fr\/wp-json\/wp\/v2\/media?parent=7003"}],"curies":[{"name":"wp","href":"https:\/\/api.w.org\/{rel}","templated":true}]}}