{"id":6989,"date":"2021-02-17T13:25:28","date_gmt":"2021-02-17T12:25:28","guid":{"rendered":"https:\/\/elbepools.com\/?page_id=6989"},"modified":"2025-07-15T14:22:35","modified_gmt":"2025-07-15T12:22:35","slug":"a-propos-de-nous","status":"publish","type":"page","link":"https:\/\/elbepools.com\/fr\/a-propos-de-nous\/","title":{"rendered":"\u00e0 propos de nous"},"content":{"rendered":"\n<div id=\"jf-header-block_ec702a4c6b5262dc18fa004dbbb03c84\" class=\"jf-header-block alignfull\">\n\t\t\t\t\t<div class=\"swiper-container\" data-swipe-settings=\"{&quot;slidesPerView&quot;:1,&quot;spaceBetween&quot;:0}\">\n\t\t\t<div class=\"swiper-wrapper\">\n\t\t\t\t\t\t<div class=\"swiper-slide hero-image\">\n\t\t\t\t\t<div class=\"hero-image__image__wrapper\">\n\t\t\t\t\t\t<picture>\n\t\t\t\t\t\t\t<source media=\"(max-width: 767px)\" srcset=\"https:\/\/elbepools.com\/app\/uploads\/2020\/07\/About-us-Slider-01-768x384.jpg\">\n\t\t\t\t\t\t\t<img fetchpriority=\"high\" decoding=\"async\" width=\"2048\" height=\"1024\" src=\"https:\/\/elbepools.com\/app\/uploads\/2020\/07\/About-us-Slider-01-2048x1024.jpg\" class=\"attachment-hero-full size-hero-full\" alt=\"\" title=\"About us-Slider 01\" loading=\"eager\" srcset=\"https:\/\/elbepools.com\/app\/uploads\/2020\/07\/About-us-Slider-01.jpg 2048w, https:\/\/elbepools.com\/app\/uploads\/2020\/07\/About-us-Slider-01-300x150.jpg 300w, https:\/\/elbepools.com\/app\/uploads\/2020\/07\/About-us-Slider-01-768x384.jpg 768w, https:\/\/elbepools.com\/app\/uploads\/2020\/07\/About-us-Slider-01-1024x512.jpg 1024w\" sizes=\"(max-width: 2048px) 100vw, 2048px\" \/>\t\t\t\t\t\t<\/picture>\n\t\t\t\t\t\t<img decoding=\"async\" class=\"wellenstruktur\" src=\"https:\/\/elbepools.com\/app\/themes\/jagdfieber\/img\/welle-ganz.png\">\n\t\t\t\t\t<\/div>\n\t\t\t\t\t<div class=\"caption\">\n\t\t\t\t\t\t<div class=\"caption-outer\">\n\t\t\t\t\t\t\t<div class=\"caption-inner\">\n\t\t\t\t\t\t\t\t\t\t\t\t\t\t\t\t\t<div class=\"caption--headline\">\n\t\t\t\t\t\t\t\t\t\t<h2 class=\"caption--headline__text no-wave\">\n\t\t\t\t\t\t\t\t\t\t\tSP\u00c9CIALISTE DES\t\t\t\t\t\t\t\t\t\t\t<span>MEMBRANES PISCINES<\/span>\n\t\t\t\t\t\t\t\t\t\t<\/h2>\n\t\t\t\t\t\t\t\t\t<\/div>\n\t\t\t\t\t\t\t\t\t\t\t\t\t\t\t\t<\/div>\n\t\t\t\t\t\t<\/div>\n\t\t\t\t\t<\/div>\n\t\t\t\t<\/div>\n\t\t\t\t\t\t\t\t<div class=\"swiper-slide hero-image\">\n\t\t\t\t\t<div class=\"hero-image__image__wrapper\">\n\t\t\t\t\t\t<picture>\n\t\t\t\t\t\t\t<source media=\"(max-width: 767px)\" srcset=\"https:\/\/elbepools.com\/app\/uploads\/2020\/06\/About-us-Slider-02-768x384.jpg\">\n\t\t\t\t\t\t\t<img decoding=\"async\" width=\"2048\" height=\"1024\" src=\"https:\/\/elbepools.com\/app\/uploads\/2020\/06\/About-us-Slider-02-2048x1024.jpg\" class=\"attachment-hero-full size-hero-full\" alt=\"\" title=\"About us &#8211; Slider 02\" loading=\"eager\" srcset=\"https:\/\/elbepools.com\/app\/uploads\/2020\/06\/About-us-Slider-02.jpg 2048w, https:\/\/elbepools.com\/app\/uploads\/2020\/06\/About-us-Slider-02-300x150.jpg 300w, https:\/\/elbepools.com\/app\/uploads\/2020\/06\/About-us-Slider-02-768x384.jpg 768w, https:\/\/elbepools.com\/app\/uploads\/2020\/06\/About-us-Slider-02-1024x512.jpg 1024w\" sizes=\"(max-width: 2048px) 100vw, 2048px\" \/>\t\t\t\t\t\t<\/picture>\n\t\t\t\t\t\t<img decoding=\"async\" class=\"wellenstruktur\" src=\"https:\/\/elbepools.com\/app\/themes\/jagdfieber\/img\/welle-ganz.png\">\n\t\t\t\t\t<\/div>\n\t\t\t\t\t<div class=\"caption\">\n\t\t\t\t\t\t<div class=\"caption-outer\">\n\t\t\t\t\t\t\t<div class=\"caption-inner\">\n\t\t\t\t\t\t\t\t\t\t\t\t\t\t\t\t\t<div class=\"caption--headline\">\n\t\t\t\t\t\t\t\t\t\t<h2 class=\"caption--headline__text no-wave\">\n\t\t\t\t\t\t\t\t\t\t\tFABRIQU\u00c9 \t\t\t\t\t\t\t\t\t\t\t<span>EN ALLEMAGNE<\/span>\n\t\t\t\t\t\t\t\t\t\t<\/h2>\n\t\t\t\t\t\t\t\t\t<\/div>\n\t\t\t\t\t\t\t\t\t\t\t\t\t\t\t\t<\/div>\n\t\t\t\t\t\t<\/div>\n\t\t\t\t\t<\/div>\n\t\t\t\t<\/div>\n\t\t\t\t\t\t\t\t<div class=\"swiper-slide hero-image\">\n\t\t\t\t\t<div class=\"hero-image__image__wrapper\">\n\t\t\t\t\t\t<picture>\n\t\t\t\t\t\t\t<source media=\"(max-width: 767px)\" srcset=\"https:\/\/elbepools.com\/app\/uploads\/2020\/06\/About-us-Slider-03-768x384.jpg\">\n\t\t\t\t\t\t\t<img decoding=\"async\" width=\"2048\" height=\"1024\" src=\"https:\/\/elbepools.com\/app\/uploads\/2020\/06\/About-us-Slider-03-2048x1024.jpg\" class=\"attachment-hero-full size-hero-full\" alt=\"\" title=\"About us &#8211; Slider 03\" loading=\"eager\" srcset=\"https:\/\/elbepools.com\/app\/uploads\/2020\/06\/About-us-Slider-03.jpg 2048w, https:\/\/elbepools.com\/app\/uploads\/2020\/06\/About-us-Slider-03-300x150.jpg 300w, https:\/\/elbepools.com\/app\/uploads\/2020\/06\/About-us-Slider-03-768x384.jpg 768w, https:\/\/elbepools.com\/app\/uploads\/2020\/06\/About-us-Slider-03-1024x512.jpg 1024w\" sizes=\"(max-width: 2048px) 100vw, 2048px\" \/>\t\t\t\t\t\t<\/picture>\n\t\t\t\t\t\t<img decoding=\"async\" class=\"wellenstruktur\" src=\"https:\/\/elbepools.com\/app\/themes\/jagdfieber\/img\/welle-ganz.png\">\n\t\t\t\t\t<\/div>\n\t\t\t\t\t<div class=\"caption\">\n\t\t\t\t\t\t<div class=\"caption-outer\">\n\t\t\t\t\t\t\t<div class=\"caption-inner\">\n\t\t\t\t\t\t\t\t\t\t\t\t\t\t\t\t\t<div class=\"caption--headline\">\n\t\t\t\t\t\t\t\t\t\t<h2 class=\"caption--headline__text no-wave\">\n\t\t\t\t\t\t\t\t\t\t\tQUALIT\u00c9 \t\t\t\t\t\t\t\t\t\t\t<span>PREMIUM<\/span>\n\t\t\t\t\t\t\t\t\t\t<\/h2>\n\t\t\t\t\t\t\t\t\t<\/div>\n\t\t\t\t\t\t\t\t\t\t\t\t\t\t\t\t<\/div>\n\t\t\t\t\t\t<\/div>\n\t\t\t\t\t<\/div>\n\t\t\t\t<\/div>\n\t\t\t\t\t\t\t\t<\/div> <!-- .swiper-wrapper -->\n\t\t\t\t<div class=\"swiper-button-next\"><svg><use xmlns:xlink=\"http:\/\/www.w3.org\/1999\/xlink\" xlink:href=\"#pfeil\"><\/use><\/svg><\/div>\n\t\t\t\t<div class=\"swiper-button-prev\"><svg><use xmlns:xlink=\"http:\/\/www.w3.org\/1999\/xlink\" xlink:href=\"#pfeil\"><\/use><\/svg><\/div>\n\t\t\t<\/div> <!-- .swiper-container -->\n\t\t\t<\/div><!-- .container -->\n\n\n\n<h2 class=\"wp-block-heading\">EN SAVOIR PLUS SUR NOUS.<\/h2>\n\n\n\n<p>Elbtal Plastics est une soci\u00e9t\u00e9 allemande situ\u00e9e pr\u00e8s de Dresde, son corps de m\u00e9tier depuis pr\u00e8s d\u2019un demi-si\u00e8cle est l\u2019\u00e9tanch\u00e9it\u00e9 et la production de membranes arm\u00e9es PVC qui sont commercialis\u00e9es sur tous les continents. Acteur essentiel dans la production de rev\u00eatements de piscine, nous r\u00e9pondons aux plus hauts standards d\u2019installation et de certification.<\/p>\n\n\n\n<p>La membrane est constitu\u00e9e d\u2019une trame en polyester tiss\u00e9 haute r\u00e9sistance prise entre deux couches de PVC-P (polychlorure de vinyle plastifi\u00e9) calandr\u00e9. Cette armature polyester apporte une stabilit\u00e9 dimensionnelle et une haute r\u00e9sistance \u00e0 la perforation ou \u00e0 la d\u00e9chirure, tout en pr\u00e9servant une grande souplesse.<\/p>\n\n\n\n<p>Notre succ\u00e8s s\u2019appuie sur l\u2019ing\u00e9nierie allemande, la confiance et le plus haut niveau de qualit\u00e9. Notre priorit\u00e9 est de cr\u00e9er le meilleur produit, en pr\u00e9servant les ressources naturelles et notre environnement, et de le proposer au march\u00e9. C\u2019est une garantie respectueuse de la sant\u00e9 et du bien-\u00eatre de nos clients et partenaires.<\/p>\n\n\n\n<div class=\"wp-block-columns is-layout-flex wp-container-core-columns-is-layout-1 wp-block-columns-is-layout-flex\">\n<div class=\"wp-block-column is-layout-flow wp-block-column-is-layout-flow\">\n<p>Les membranes arm\u00e9es <strong>ELBE Pool Surface<sup>\u00ae<\/sup><\/strong> sont imagin\u00e9es et fabriqu\u00e9es dans notre usine ultramoderne de Dresde, en Allemagne. \u00ab&nbsp;Fabriqu\u00e9 en Allemagne&nbsp;\u00bb par Elbtal Plastics est le gage d\u2019une qualit\u00e9 sup\u00e9rieure qui nous permet de proposer une garantie d\u2019\u00e9tanch\u00e9it\u00e9 de 15 ans sur toute la gamme <strong>ELBE Pool Surface<sup>\u00ae<\/sup><\/strong>. Nous avons produit depuis 1956 plus de 800 millions de m<sup>2<\/sup> de membranes souples. Nos rev\u00eatements <strong>ELBE Pool Surface<sup>\u00ae<\/sup><\/strong> \u00e9tanchent et d\u00e9corent de nombreuses piscines dans plus de 60 pays depuis plusieurs d\u00e9cennies, de la plus modeste \u00e0 la plus luxueuse des propri\u00e9t\u00e9s en passant par les grands parcs aquatiques publics.<\/p>\n\n\n\n<p>Elbtal Plastics est certifi\u00e9 ISO 9001, le plus haut standard qualit\u00e9 reconnu \u00e0 l\u2019international.<\/p>\n\n\n\n<p>En tant que sp\u00e9cialiste des membranes PVC, nous produisons \u00e9galement une gamme destin\u00e9e \u00e0 l\u2019\u00e9tanch\u00e9it\u00e9 d\u2019ing\u00e9nierie civile, de bassins hydrauliques et de protection de l\u2019environnement. Notre marque <strong>ELBE Natural Surface<\/strong><sup>\u00ae<\/sup> jouit d\u2019une exp\u00e9rience de 50 ans qui assure sa p\u00e9rennit\u00e9.<\/p>\n\n\n\n<div style=\"height:20px\" aria-hidden=\"true\" class=\"wp-block-spacer\"><\/div>\n\n\n\n<div class=\"wp-block-buttons is-layout-flex wp-block-buttons-is-layout-flex\">\n<div class=\"wp-block-button\"><a class=\"wp-block-button__link wp-element-button\" href=\"https:\/\/www.elbtal-plastics.de\/en\/about-elbesecur.html\" target=\"_blank\" rel=\"noreferrer noopener nofollow\">EN SAVOIR PLUS SUR <br>ELBE NATURAL SURFACE<\/a><\/div>\n<\/div>\n\n\n\n<div style=\"height:33px\" aria-hidden=\"true\" class=\"wp-block-spacer\"><\/div>\n\n\n\n<p>Notre marque <strong>ELBE Technical Surface<\/strong> offre des solutions sp\u00e9cifiques en r\u00e9ponse aux besoins de chaque client : films techniques destin\u00e9s au laminage, \u00e0 l\u2019hygi\u00e8ne, au gainage de conduits, etc. Nous d\u00e9veloppons la bonne solution \u00e0 votre besoin.<\/p>\n\n\n\n<div style=\"height:33px\" aria-hidden=\"true\" class=\"wp-block-spacer\"><\/div>\n\n\n\n<div class=\"wp-block-buttons is-layout-flex wp-block-buttons-is-layout-flex\">\n<div class=\"wp-block-button\"><a class=\"wp-block-button__link wp-element-button\" href=\"https:\/\/www.elbtal-plastics.de\/en\/elbe-technical.html\" target=\"_blank\" rel=\"noreferrer noopener nofollow\">EN SAVOIR PLUS \u00c0 PROPOS <br>D\u2019ELBE TECHNICAL SURFACE<\/a><\/div>\n<\/div>\n<\/div>\n\n\n\n<div class=\"wp-block-column is-layout-flow wp-block-column-is-layout-flow\">\n<figure class=\"wp-block-image size-large is-style-rounded\"><img loading=\"lazy\" decoding=\"async\" width=\"2560\" height=\"1707\" src=\"https:\/\/elbepools.com\/app\/uploads\/2020\/07\/Elbtal-get-to-know-us-scaled.jpg\" alt=\"\" class=\"wp-image-6997\" srcset=\"https:\/\/elbepools.com\/app\/uploads\/2020\/07\/Elbtal-get-to-know-us-scaled.jpg 2560w, https:\/\/elbepools.com\/app\/uploads\/2020\/07\/Elbtal-get-to-know-us-scaled-300x200.jpg 300w, https:\/\/elbepools.com\/app\/uploads\/2020\/07\/Elbtal-get-to-know-us-scaled-768x512.jpg 768w, https:\/\/elbepools.com\/app\/uploads\/2020\/07\/Elbtal-get-to-know-us-scaled-1024x683.jpg 1024w, https:\/\/elbepools.com\/app\/uploads\/2020\/07\/Elbtal-get-to-know-us-scaled-569x380.jpg 569w, https:\/\/elbepools.com\/app\/uploads\/2020\/07\/Elbtal-get-to-know-us-scaled-540x360.jpg 540w\" sizes=\"auto, (max-width: 2560px) 100vw, 2560px\" \/><\/figure>\n\n\n<div class=\"wp-block-image\">\n<figure class=\"alignleft size-medium is-resized\"><img loading=\"lazy\" decoding=\"async\" width=\"300\" height=\"170\" src=\"https:\/\/elbepools.com\/app\/uploads\/2020\/07\/ElbtalPlastics-Logo-20184c-process-bearb-e1593771367392-300x170.png\" alt=\"\" class=\"wp-image-7007\" style=\"width:167px;height:95px\" srcset=\"https:\/\/elbepools.com\/app\/uploads\/2020\/07\/ElbtalPlastics-Logo-20184c-process-bearb-e1593771367392-300x170.png 300w, https:\/\/elbepools.com\/app\/uploads\/2020\/07\/ElbtalPlastics-Logo-20184c-process-bearb-e1593771367392-768x435.png 768w, https:\/\/elbepools.com\/app\/uploads\/2020\/07\/ElbtalPlastics-Logo-20184c-process-bearb-e1593771367392-1024x580.png 1024w, https:\/\/elbepools.com\/app\/uploads\/2020\/07\/ElbtalPlastics-Logo-20184c-process-bearb-e1593771367392.png 1172w\" sizes=\"auto, (max-width: 300px) 100vw, 300px\" \/><\/figure><\/div>\n\n\n<p class=\"has-blue-color has-text-color\"><br><br><br><br><br><strong>Elbtal Plastics GmbH &amp; Co. KG<br><\/strong><mark style=\"background-color:rgba(0, 0, 0, 0)\" class=\"has-inline-color has-black-color\">Cowaplast 2<br>01640 Coswig | Allemagne<\/mark><\/p>\n\n\n\n<p class=\"has-black-color has-text-color\"><img decoding=\"async\" src=\"https:\/\/elbepools.com\/app\/uploads\/2020\/07\/Kontakt_telephone-1.png\" alt=\"\" style=\"width: 20px;\"> <a href=\"tel:+49352353300\">+49 3523 5330-0<\/a><br><img decoding=\"async\" src=\"https:\/\/elbepools.com\/app\/uploads\/2020\/07\/Kontakt_print-1.png\" alt=\"\" style=\"width: 20px;\"> <a href=\"fax:+4935235330222\">+49 3523 5330-222<\/a><br><img decoding=\"async\" src=\"https:\/\/elbepools.com\/app\/uploads\/2020\/07\/Kontakt_email-1.png\" alt=\"\" style=\"width: 20px;\"> <a href=\"mailto:info@elbtal-plastics.de\">info@elbtal-plastics.de<\/a><\/p>\n\n\n\n<p><\/p>\n\n\n\n<p><a href=\"https:\/\/www.elbtal-plastics.de\/en\/\" data-type=\"URL\" data-id=\"https:\/\/www.elbtal-plastics.de\/en\/\" target=\"_blank\" rel=\"noreferrer noopener nofollow\">www.elbtal-plastics.de<\/a><\/p>\n\n\n\n<p><\/p>\n\n\n<div class=\"wp-block-image\">\n<figure class=\"alignleft size-large is-resized\"><img loading=\"lazy\" decoding=\"async\" width=\"268\" height=\"116\" src=\"https:\/\/elbepools.com\/app\/uploads\/2020\/07\/KAP_Logo_FF_Endorsement_CMYK.png\" alt=\"\" class=\"wp-image-7001\" style=\"width:134px;height:58px\"\/><\/figure><\/div>\n\n\n<figure class=\"wp-block-image size-large is-resized\"><a href=\"https:\/\/elbtal-plastics.de\/en\/news-detail\/vinylplus-recertification-2025-elbtal-plastics-reaffirms-its-commitment-to-sustainability.html\" rel=\"nofollow noopener\" target=\"_blank\"><img loading=\"lazy\" decoding=\"async\" width=\"1024\" height=\"335\" src=\"https:\/\/elbepools.com\/app\/uploads\/2025\/07\/vinylplus-vector-logo-1024x335.jpg\" alt=\"\" class=\"wp-image-25888\" style=\"width:120px;height:auto\" srcset=\"https:\/\/elbepools.com\/app\/uploads\/2025\/07\/vinylplus-vector-logo-1024x335.jpg 1024w, https:\/\/elbepools.com\/app\/uploads\/2025\/07\/vinylplus-vector-logo-300x98.jpg 300w, https:\/\/elbepools.com\/app\/uploads\/2025\/07\/vinylplus-vector-logo-768x252.jpg 768w\" sizes=\"auto, (max-width: 1024px) 100vw, 1024px\" \/><\/a><\/figure>\n<\/div>\n<\/div>\n\n\n\n<p><\/p>\n","protected":false},"excerpt":{"rendered":"<p>EN SAVOIR PLUS SUR NOUS. Elbtal Plastics est une soci\u00e9t\u00e9 allemande situ\u00e9e pr\u00e8s de Dresde, son corps de m\u00e9tier depuis pr\u00e8s d\u2019un demi-si\u00e8cle est l\u2019\u00e9tanch\u00e9it\u00e9 et la production de membranes arm\u00e9es PVC qui sont commercialis\u00e9es sur tous les continents. Acteur essentiel dans la production de rev\u00eatements de piscine, nous r\u00e9pondons aux plus hauts standards d\u2019installation [&hellip;]<\/p>\n","protected":false},"author":2,"featured_media":0,"parent":0,"menu_order":0,"comment_status":"closed","ping_status":"closed","template":"","meta":{"_acf_changed":false,"footnotes":""},"class_list":["post-6989","page","type-page","status-publish","hentry"],"acf":[],"_links":{"self":[{"href":"https:\/\/elbepools.com\/fr\/wp-json\/wp\/v2\/pages\/6989","targetHints":{"allow":["GET"]}}],"collection":[{"href":"https:\/\/elbepools.com\/fr\/wp-json\/wp\/v2\/pages"}],"about":[{"href":"https:\/\/elbepools.com\/fr\/wp-json\/wp\/v2\/types\/page"}],"author":[{"embeddable":true,"href":"https:\/\/elbepools.com\/fr\/wp-json\/wp\/v2\/users\/2"}],"replies":[{"embeddable":true,"href":"https:\/\/elbepools.com\/fr\/wp-json\/wp\/v2\/comments?post=6989"}],"version-history":[{"count":17,"href":"https:\/\/elbepools.com\/fr\/wp-json\/wp\/v2\/pages\/6989\/revisions"}],"predecessor-version":[{"id":25897,"href":"https:\/\/elbepools.com\/fr\/wp-json\/wp\/v2\/pages\/6989\/revisions\/25897"}],"wp:attachment":[{"href":"https:\/\/elbepools.com\/fr\/wp-json\/wp\/v2\/media?parent=6989"}],"curies":[{"name":"wp","href":"https:\/\/api.w.org\/{rel}","templated":true}]}}