{"id":5103,"date":"2021-02-15T13:19:30","date_gmt":"2021-02-15T12:19:30","guid":{"rendered":"https:\/\/elbepools.com\/?page_id=5103"},"modified":"2026-01-28T13:24:09","modified_gmt":"2026-01-28T12:24:09","slug":"productos","status":"publish","type":"page","link":"https:\/\/elbepools.com\/es\/productos\/","title":{"rendered":"productos"},"content":{"rendered":"\n<div id=\"jf-header-block_3020f7c4d1131635d3faf9195701c3ae\" class=\"jf-header-block alignfull\">\n\t\t\t\t\t<div class=\"swiper-container\" data-swipe-settings=\"{&quot;slidesPerView&quot;:1,&quot;spaceBetween&quot;:0}\">\n\t\t\t<div class=\"swiper-wrapper\">\n\t\t\t\t\t\t<div class=\"swiper-slide hero-image\">\n\t\t\t\t\t<div class=\"hero-image__image__wrapper\">\n\t\t\t\t\t\t<picture>\n\t\t\t\t\t\t\t<source media=\"(max-width: 767px)\" srcset=\"https:\/\/elbepools.com\/app\/uploads\/2025\/05\/UNIQUE-Cyprus-Green-no-wm-768x384.jpg\">\n\t\t\t\t\t\t\t<img fetchpriority=\"high\" decoding=\"async\" width=\"2048\" height=\"1024\" src=\"https:\/\/elbepools.com\/app\/uploads\/2025\/05\/UNIQUE-Cyprus-Green-no-wm-2048x1024.jpg\" class=\"attachment-hero-full size-hero-full\" alt=\"\" title=\"UNIQUE-Cyprus-Green-no-wm\" loading=\"eager\" srcset=\"https:\/\/elbepools.com\/app\/uploads\/2025\/05\/UNIQUE-Cyprus-Green-no-wm-2048x1024.jpg 2048w, https:\/\/elbepools.com\/app\/uploads\/2025\/05\/UNIQUE-Cyprus-Green-no-wm-1024x512.jpg 1024w, https:\/\/elbepools.com\/app\/uploads\/2025\/05\/UNIQUE-Cyprus-Green-no-wm-768x384.jpg 768w\" sizes=\"(max-width: 2048px) 100vw, 2048px\" \/>\t\t\t\t\t\t<\/picture>\n\t\t\t\t\t\t<img decoding=\"async\" class=\"wellenstruktur\" src=\"https:\/\/elbepools.com\/app\/themes\/jagdfieber\/img\/welle-ganz.png\">\n\t\t\t\t\t<\/div>\n\t\t\t\t\t<div class=\"caption\">\n\t\t\t\t\t\t<div class=\"caption-outer\">\n\t\t\t\t\t\t\t<div class=\"caption-inner\">\n\t\t\t\t\t\t\t\t\t\t\t\t\t\t\t\t\t<div class=\"caption--headline\">\n\t\t\t\t\t\t\t\t\t\t<h2 class=\"caption--headline__text no-wave\">\n\t\t\t\t\t\t\t\t\t\t\tMARAVILLOSOS \t\t\t\t\t\t\t\t\t\t\t<span>DISE\u00d1OS<\/span>\n\t\t\t\t\t\t\t\t\t\t<\/h2>\n\t\t\t\t\t\t\t\t\t<\/div>\n\t\t\t\t\t\t\t\t\t\t\t\t\t\t\t\t<\/div>\n\t\t\t\t\t\t<\/div>\n\t\t\t\t\t<\/div>\n\t\t\t\t<\/div>\n\t\t\t\t\t\t\t\t<div class=\"swiper-slide hero-image\">\n\t\t\t\t\t<div class=\"hero-image__image__wrapper\">\n\t\t\t\t\t\t<picture>\n\t\t\t\t\t\t\t<source media=\"(max-width: 767px)\" srcset=\"https:\/\/elbepools.com\/app\/uploads\/2025\/05\/SOLID-Moon-top-768x384.jpg\">\n\t\t\t\t\t\t\t<img decoding=\"async\" width=\"2048\" height=\"1024\" src=\"https:\/\/elbepools.com\/app\/uploads\/2025\/05\/SOLID-Moon-top-2048x1024.jpg\" class=\"attachment-hero-full size-hero-full\" alt=\"\" title=\"SOLID-Moon-top\" loading=\"eager\" srcset=\"https:\/\/elbepools.com\/app\/uploads\/2025\/05\/SOLID-Moon-top-2048x1024.jpg 2048w, https:\/\/elbepools.com\/app\/uploads\/2025\/05\/SOLID-Moon-top-1024x512.jpg 1024w, https:\/\/elbepools.com\/app\/uploads\/2025\/05\/SOLID-Moon-top-768x384.jpg 768w\" sizes=\"(max-width: 2048px) 100vw, 2048px\" \/>\t\t\t\t\t\t<\/picture>\n\t\t\t\t\t\t<img decoding=\"async\" class=\"wellenstruktur\" src=\"https:\/\/elbepools.com\/app\/themes\/jagdfieber\/img\/welle-ganz.png\">\n\t\t\t\t\t<\/div>\n\t\t\t\t\t<div class=\"caption\">\n\t\t\t\t\t\t<div class=\"caption-outer\">\n\t\t\t\t\t\t\t<div class=\"caption-inner\">\n\t\t\t\t\t\t\t\t\t\t\t\t\t\t\t\t\t<div class=\"caption--headline\">\n\t\t\t\t\t\t\t\t\t\t<h2 class=\"caption--headline__text no-wave\">\n\t\t\t\t\t\t\t\t\t\t\tTODO \t\t\t\t\t\t\t\t\t\t\t<span>ES POSIBLE<\/span>\n\t\t\t\t\t\t\t\t\t\t<\/h2>\n\t\t\t\t\t\t\t\t\t<\/div>\n\t\t\t\t\t\t\t\t\t\t\t\t\t\t\t\t<\/div>\n\t\t\t\t\t\t<\/div>\n\t\t\t\t\t<\/div>\n\t\t\t\t<\/div>\n\t\t\t\t\t\t\t\t<div class=\"swiper-slide hero-image\">\n\t\t\t\t\t<div class=\"hero-image__image__wrapper\">\n\t\t\t\t\t\t<picture>\n\t\t\t\t\t\t\t<source media=\"(max-width: 767px)\" srcset=\"https:\/\/elbepools.com\/app\/uploads\/2025\/05\/UNIQUE-Tuscany-Sand-pool-nowm-768x384.jpg\">\n\t\t\t\t\t\t\t<img decoding=\"async\" width=\"2048\" height=\"1024\" src=\"https:\/\/elbepools.com\/app\/uploads\/2025\/05\/UNIQUE-Tuscany-Sand-pool-nowm-2048x1024.jpg\" class=\"attachment-hero-full size-hero-full\" alt=\"\" title=\"UNIQUE-Tuscany-Sand-pool-nowm\" loading=\"eager\" srcset=\"https:\/\/elbepools.com\/app\/uploads\/2025\/05\/UNIQUE-Tuscany-Sand-pool-nowm-2048x1024.jpg 2048w, https:\/\/elbepools.com\/app\/uploads\/2025\/05\/UNIQUE-Tuscany-Sand-pool-nowm-1024x512.jpg 1024w, https:\/\/elbepools.com\/app\/uploads\/2025\/05\/UNIQUE-Tuscany-Sand-pool-nowm-768x384.jpg 768w\" sizes=\"(max-width: 2048px) 100vw, 2048px\" \/>\t\t\t\t\t\t<\/picture>\n\t\t\t\t\t\t<img decoding=\"async\" class=\"wellenstruktur\" src=\"https:\/\/elbepools.com\/app\/themes\/jagdfieber\/img\/welle-ganz.png\">\n\t\t\t\t\t<\/div>\n\t\t\t\t\t<div class=\"caption\">\n\t\t\t\t\t\t<div class=\"caption-outer\">\n\t\t\t\t\t\t\t<div class=\"caption-inner\">\n\t\t\t\t\t\t\t\t\t\t\t\t\t\t\t\t\t<div class=\"caption--headline\">\n\t\t\t\t\t\t\t\t\t\t<h2 class=\"caption--headline__text no-wave\">\n\t\t\t\t\t\t\t\t\t\t\tVARIEDAD DE \t\t\t\t\t\t\t\t\t\t\t<span>COLORES<\/span>\n\t\t\t\t\t\t\t\t\t\t<\/h2>\n\t\t\t\t\t\t\t\t\t<\/div>\n\t\t\t\t\t\t\t\t\t\t\t\t\t\t\t\t<\/div>\n\t\t\t\t\t\t<\/div>\n\t\t\t\t\t<\/div>\n\t\t\t\t<\/div>\n\t\t\t\t\t\t\t\t<\/div> <!-- .swiper-wrapper -->\n\t\t\t\t<div class=\"swiper-button-next\"><svg><use xmlns:xlink=\"http:\/\/www.w3.org\/1999\/xlink\" xlink:href=\"#pfeil\"><\/use><\/svg><\/div>\n\t\t\t\t<div class=\"swiper-button-prev\"><svg><use xmlns:xlink=\"http:\/\/www.w3.org\/1999\/xlink\" xlink:href=\"#pfeil\"><\/use><\/svg><\/div>\n\t\t\t<\/div> <!-- .swiper-container -->\n\t\t\t<\/div><!-- .container -->\n\n\n\n<h2 class=\"wp-block-heading\">SIEMPRE LA MEJOR ELECCI\u00d3N.<\/h2>\n\n\n\n<p><strong><strong>ELBE Pool Surface<sup>\u00ae<\/sup><\/strong> <\/strong>&nbsp;funciona para cualquier forma o tama\u00f1o de piscina. Nuestro producto es la soluci\u00f3n perfecta para nueva construcci\u00f3n y renovaci\u00f3n de piscina. Puede sustituir revestimientos de cer\u00e1mica, hormig\u00f3n, yeso, metal o fibra de vidrio. Las l\u00e1minas armadas <strong>ELBE Pool Surface<sup>\u00ae<\/sup><\/strong> son el revestimiento perfecto para su piscina.<\/p>\n\n\n\n<p>Todos nuestros productos est\u00e1n libres de metales pesados como cadmio y plomo. Las l\u00e1minas armadas fabricadas por Elbtal Plastics tienen una f\u00f3rmula exclusiva elaborada internamente solo con las mejores materias primas y, por supuesto, tambi\u00e9n cumple con las normas EN 71-3 (pl\u00e1sticos sin peligros empleados en los juguetes). Nuestras l\u00e1minas <strong>ELBE Pool Surface<sup>\u00ae<\/sup> <\/strong>cumplen con todos los requisitos de un proceso ecol\u00f3gico. Para toda nuestra gama de productos <strong>ELBE Pool Surface<sup>\u00ae<\/sup><\/strong>, verificamos siempre la calidad de la materia prima en cumplimiento con nuestros requisitos de alta calidad.<\/p>\n\n\n\n<p>Creemos que nuestros clientes solo pueden esperar lo mejor de nosotros. Su salud y bienestar son nuestra m\u00e1xima prioridad. Nuestras acciones de desarrollo est\u00e1n siempre&nbsp; enfocadas a mejorar el futuro de todos. Nuestro tama\u00f1o medio garantiza a nuestros clientes una cooperaci\u00f3n basada en la confianza adem\u00e1s de un servicio premium.<\/p>\n\n\n\n<p>Siempre la mejor elecci\u00f3n : con <strong>ELBE Pool Surface<sup>\u00ae<\/sup><\/strong> tendr\u00e1 la mejor opci\u00f3n para revestir su piscina con la tecnolog\u00eda m\u00e1s avanzada.<\/p>\n\n\n\n<p><\/p>\n\n\n\n<h2 class=\"wp-block-heading\">\u00a1Descubre el Cat\u00e1logo de Productos ELBEPools 2026!<\/h2>\n\n\n\n<p>Estamos encantados de presentar nuestro <strong>nuevo Cat\u00e1logo de Productos ELBEPools 2026<\/strong>. Explora nuestras \u00faltimas innovaciones, soluciones de piscinas de alta calidad y dise\u00f1os vanguardistas. Desc\u00e1rgalo ahora y encuentra inspiraci\u00f3n para tu pr\u00f3ximo proyecto.<br><\/p>\n\n\n\n<div class=\"wp-block-buttons is-content-justification-center is-layout-flex wp-container-core-buttons-is-layout-1 wp-block-buttons-is-layout-flex\">\n<div class=\"wp-block-button\"><a class=\"wp-block-button__link wp-element-button\" href=\"https:\/\/elbepools.com\/app\/uploads\/2026\/01\/ELBE-POOLS-and-PONDS-Katalog-2026-ES.pdf\" target=\"_blank\" rel=\"noreferrer noopener\">dOWNLOAD CAT\u00e1LOgo<\/a><\/div>\n<\/div>\n\n\n\n<p><\/p>\n\n\n\n<h2 class=\"wp-block-heading\">RESISTENTE Y SOSTENIBLE<\/h2>\n\n\n\n<p>Nuestros productos exclusivos <strong>ELBE Pool Surface<sup>\u00ae<\/sup><\/strong> se dise\u00f1an en nuestro laboratorio. En el proceso de fabricaci\u00f3n solo usamos resinas virgenes sin metales pesados. Como consecuencia, nuestro material es de m\u00e1xima calidad, preservando los recursos naturales y el medio ambiente. Requieren menos mantenimiento y ofrecen una vida \u00fatil m\u00e1s larga. Adem\u00e1s de su alta calidad t\u00e9cnica, nuestros revestimientos dan a las piscinas un aspecto visualmente espectacular. \u00bbMade in Germany\u00ab de Elbtal Plastics significa calidad superior, por eso podemos ofrecer con orgullo una garant\u00eda de impermeabilidad de 15 a\u00f1os para el nuestra gama <strong>ELBE Pool Surface<sup>\u00ae<\/sup><\/strong> (ver nuestra garant\u00eda).<\/p>\n\n\n\n<p>M\u00e1s informaci\u00f3n sobre productos :<\/p>\n\n\n\n<div id=\"jf-color-gallery-block_886aa1959d3300d3d95ce99f05b80ec7\" class=\"jf-color-gallery-block\">\n\t\n\t\t\t<div class=\"flex justify-center colors\">\n\n\t\t\t\t\t\t\t\t\t<div class=\"color__wrapper flex justify-center gallery\">\n\t\t\t\t\t\t<div class=\"color__inner\">\n\t\t\t\t\t\t\t<div class=\"color__images\">\n\t\t\t\t\t\t\t\t\t\t\t\t\t\t\t\t\t<a class=\"image color__link\" href=\"https:\/\/elbepools.com\/es\/productos\/solid\/\">\n\t\t\t\t\t\t\t\t\t\t\t\t\t\t\t\t\t\t\t\t\t<div class=\"label--new\">Nuevo<\/div>\n\t\t\t\t\t\t\t\t\t\t\t\t\t\t\t\t\t\t\t\t<img loading=\"lazy\" decoding=\"async\" width=\"150\" height=\"150\" src=\"https:\/\/elbepools.com\/app\/uploads\/2025\/03\/SOLID-Graphite-top-150x150.jpg\" class=\"attachment-thumbnail size-thumbnail\" alt=\"Nahaufnahme der SOLID Stone-Texturen, die eine realistische Naturstein\u00e4sthetik in warmen Erdt\u00f6nen zeigen.\" srcset=\"https:\/\/elbepools.com\/app\/uploads\/2025\/03\/SOLID-Graphite-top-150x150.jpg 150w, https:\/\/elbepools.com\/app\/uploads\/2025\/03\/SOLID-Graphite-top-400x400.jpg 400w\" sizes=\"auto, (max-width: 150px) 100vw, 150px\" \/>\t\t\t\t\t\t\t\t\t<\/a>\n\t\t\t\t\t\t\t\t\t\t\t\t\t\t\t\t\t\n\t\t\t\t\t\t\t\t\t\t\t\t\t\t\t<\/div>\n\n\t\t\t\t\t\t\t<div class=\"color__title\">\n\t\t\t\t\t\t\t\t\t\t\t\t\t\t\t\t\t<a class=\"color__title__link\" href=\"https:\/\/elbepools.com\/es\/productos\/solid\/\">SOLID Stone &#8211; 3D<\/a>\n\t\t\t\t\t\t\t\t\t\t\t\t\t\t\t<\/div>\n\t\t\t\t\t\t\t\t\t\t\t\t\t\t\t<div class=\"color__description\">\n\t\t\t\t\t\t\t\t\tDescubra la nueva colecci\u00f3n de SOLID Stone: cuatro tonos deslumbrantes, texturas ricas y una durabilidad excepcional. Eleve su \u00e1rea de piscina con la elegancia atemporal de la piedra natural, reinterpretada para piscinas modernas.\t\t\t\t\t\t\t\t<\/div>\n\t\t\t\t\t\t\t\t\t\t\t\t\t<\/div>\n\n\n\t\t\t\t\t<\/div>\n\n\n\t\t\t\t\t\t\t\t\t<div class=\"color__wrapper flex justify-center gallery\">\n\t\t\t\t\t\t<div class=\"color__inner\">\n\t\t\t\t\t\t\t<div class=\"color__images\">\n\t\t\t\t\t\t\t\t\t\t\t\t\t\t\t\t\t<a class=\"image color__link\" href=\"https:\/\/elbepools.com\/es\/productos\/unique\/\">\n\t\t\t\t\t\t\t\t\t\t\t\t\t\t\t\t\t\t\t\t\t<div class=\"label--new\">Nuevo<\/div>\n\t\t\t\t\t\t\t\t\t\t\t\t\t\t\t\t\t\t\t\t<img loading=\"lazy\" decoding=\"async\" width=\"150\" height=\"150\" src=\"https:\/\/elbepools.com\/app\/uploads\/2025\/03\/UNIQUE-Cyprus-green-side-150x150.jpg\" class=\"attachment-thumbnail size-thumbnail\" alt=\"Luxury pool area featuring UNIQUE Tile\u2019s sophisticated patterns and watertight finish.\" srcset=\"https:\/\/elbepools.com\/app\/uploads\/2025\/03\/UNIQUE-Cyprus-green-side-150x150.jpg 150w, https:\/\/elbepools.com\/app\/uploads\/2025\/03\/UNIQUE-Cyprus-green-side-400x400.jpg 400w\" sizes=\"auto, (max-width: 150px) 100vw, 150px\" \/>\t\t\t\t\t\t\t\t\t<\/a>\n\t\t\t\t\t\t\t\t\t\t\t\t\t\t\t\t\t\n\t\t\t\t\t\t\t\t\t\t\t\t\t\t\t<\/div>\n\n\t\t\t\t\t\t\t<div class=\"color__title\">\n\t\t\t\t\t\t\t\t\t\t\t\t\t\t\t\t\t<a class=\"color__title__link\" href=\"https:\/\/elbepools.com\/es\/productos\/unique\/\">UNIQUE Tile &#8211; 3D<\/a>\n\t\t\t\t\t\t\t\t\t\t\t\t\t\t\t<\/div>\n\t\t\t\t\t\t\t\t\t\t\t\t\t\t\t<div class=\"color__description\">\n\t\t\t\t\t\t\t\t\tDescubra UNIQUE Tile, la membrana para piscinas que combina la elegancia del azulejo con una flexibilidad y durabilidad excepcionales. Disponible en tres impresionantes colores para un acabado continuo y sofisticado.\t\t\t\t\t\t\t\t<\/div>\n\t\t\t\t\t\t\t\t\t\t\t\t\t<\/div>\n\n\n\t\t\t\t\t<\/div>\n\n\n\t\t\t\t\t\t\t\t\t<div class=\"color__wrapper flex justify-center gallery\">\n\t\t\t\t\t\t<div class=\"color__inner\">\n\t\t\t\t\t\t\t<div class=\"color__images\">\n\t\t\t\t\t\t\t\t\t\t\t\t\t\t\t\t\t<a class=\"image color__link\" href=\"https:\/\/elbepools.com\/es\/productos\/motion\/\">\n\t\t\t\t\t\t\t\t\t\t\t\t\t\t\t\t\t\t\t\t<img loading=\"lazy\" decoding=\"async\" width=\"150\" height=\"150\" src=\"https:\/\/elbepools.com\/app\/uploads\/2023\/06\/elitedeepsea-150x150.jpg\" class=\"attachment-thumbnail size-thumbnail\" alt=\"\" srcset=\"https:\/\/elbepools.com\/app\/uploads\/2023\/06\/elitedeepsea-150x150.jpg 150w, https:\/\/elbepools.com\/app\/uploads\/2023\/06\/elitedeepsea-400x400.jpg 400w\" sizes=\"auto, (max-width: 150px) 100vw, 150px\" \/>\t\t\t\t\t\t\t\t\t<\/a>\n\t\t\t\t\t\t\t\t\t\t\t\t\t\t\t\t\t\n\t\t\t\t\t\t\t\t\t\t\t\t\t\t\t<\/div>\n\n\t\t\t\t\t\t\t<div class=\"color__title\">\n\t\t\t\t\t\t\t\t\t\t\t\t\t\t\t\t\t<a class=\"color__title__link\" href=\"https:\/\/elbepools.com\/es\/productos\/motion\/\">MOTION &#8211; 3D<\/a>\n\t\t\t\t\t\t\t\t\t\t\t\t\t\t\t<\/div>\n\t\t\t\t\t\t\t\t\t\t\t\t\t\t\t<div class=\"color__description\">\n\t\t\t\t\t\t\t\t\tRevestimiento para piscinas de alta calidad, reforzado y de color uniforme, con relieve 3D para un acabado sofisticado y moderno.\t\t\t\t\t\t\t\t<\/div>\n\t\t\t\t\t\t\t\t\t\t\t\t\t<\/div>\n\n\n\t\t\t\t\t<\/div>\n\n\n\t\t\t\t\t\t\t\t\t<div class=\"color__wrapper flex justify-center gallery\">\n\t\t\t\t\t\t<div class=\"color__inner\">\n\t\t\t\t\t\t\t<div class=\"color__images\">\n\t\t\t\t\t\t\t\t\t\t\t\t\t\t\t\t\t<a class=\"image color__link\" href=\"https:\/\/elbepools.com\/es\/productos\/elite\/\">\n\t\t\t\t\t\t\t\t\t\t\t\t\t\t\t\t\t\t\t\t<img loading=\"lazy\" decoding=\"async\" width=\"150\" height=\"150\" src=\"https:\/\/elbepools.com\/app\/uploads\/2020\/06\/Deap-Sea-150x150.jpg\" class=\"attachment-thumbnail size-thumbnail\" alt=\"ELBE ELITE gewebeverst\u00e4rkte Schwimmbadbahnen - qualitativ hochwertigste Schwimmbadfolie\" srcset=\"https:\/\/elbepools.com\/app\/uploads\/2020\/06\/Deap-Sea-150x150.jpg 150w, https:\/\/elbepools.com\/app\/uploads\/2020\/06\/Deap-Sea-400x400.jpg 400w\" sizes=\"auto, (max-width: 150px) 100vw, 150px\" \/>\t\t\t\t\t\t\t\t\t<\/a>\n\t\t\t\t\t\t\t\t\t\t\t\t\t\t\t\t\t\n\t\t\t\t\t\t\t\t\t\t\t\t\t\t\t<\/div>\n\n\t\t\t\t\t\t\t<div class=\"color__title\">\n\t\t\t\t\t\t\t\t\t\t\t\t\t\t\t\t\t<a class=\"color__title__link\" href=\"https:\/\/elbepools.com\/es\/productos\/elite\/\">ELITE<\/a>\n\t\t\t\t\t\t\t\t\t\t\t\t\t\t\t<\/div>\n\t\t\t\t\t\t\t\t\t\t\t\t\t\t\t<div class=\"color__description\">\n\t\t\t\t\t\t\t\t\tEl mejor liner para piscinas del mercado, altamente resistente a la decoloraci\u00f3n causada por el cloro y el sol  &#8211;  sin ftalatos. Mant\u00e9n tu piscina siempre vibrante y como nueva.\t\t\t\t\t\t\t\t<\/div>\n\t\t\t\t\t\t\t\t\t\t\t\t\t<\/div>\n\n\n\t\t\t\t\t<\/div>\n\n\n\t\t\t\t\t\t\t\t\t<div class=\"color__wrapper flex justify-center gallery\">\n\t\t\t\t\t\t<div class=\"color__inner\">\n\t\t\t\t\t\t\t<div class=\"color__images\">\n\t\t\t\t\t\t\t\t\t\t\t\t\t\t\t\t\t<a class=\"image color__link\" href=\"https:\/\/elbepools.com\/es\/productos\/pearl\/\">\n\t\t\t\t\t\t\t\t\t\t\t\t\t\t\t\t\t\t\t\t<img loading=\"lazy\" decoding=\"async\" width=\"150\" height=\"150\" src=\"https:\/\/elbepools.com\/app\/uploads\/2020\/06\/Pearl-Black-2-150x150.jpg\" class=\"attachment-thumbnail size-thumbnail\" alt=\"\" srcset=\"https:\/\/elbepools.com\/app\/uploads\/2020\/06\/Pearl-Black-2-150x150.jpg 150w, https:\/\/elbepools.com\/app\/uploads\/2020\/06\/Pearl-Black-2-400x400.jpg 400w\" sizes=\"auto, (max-width: 150px) 100vw, 150px\" \/>\t\t\t\t\t\t\t\t\t<\/a>\n\t\t\t\t\t\t\t\t\t\t\t\t\t\t\t\t\t\n\t\t\t\t\t\t\t\t\t\t\t\t\t\t\t<\/div>\n\n\t\t\t\t\t\t\t<div class=\"color__title\">\n\t\t\t\t\t\t\t\t\t\t\t\t\t\t\t\t\t<a class=\"color__title__link\" href=\"https:\/\/elbepools.com\/es\/productos\/pearl\/\">PEARL<\/a>\n\t\t\t\t\t\t\t\t\t\t\t\t\t\t\t<\/div>\n\t\t\t\t\t\t\t\t\t\t\t\t\t\t\t<div class=\"color__description\">\n\t\t\t\t\t\t\t\t\tEfecto brillante y deslumbrantes juegos de luz en la superficie del agua. Disponible en varios dise\u00f1os y colores elegantes para un toque exclusivo.\t\t\t\t\t\t\t\t<\/div>\n\t\t\t\t\t\t\t\t\t\t\t\t\t<\/div>\n\n\n\t\t\t\t\t<\/div>\n\n\n\t\t\t\t\t\t\t\t\t<div class=\"color__wrapper flex justify-center gallery\">\n\t\t\t\t\t\t<div class=\"color__inner\">\n\t\t\t\t\t\t\t<div class=\"color__images\">\n\t\t\t\t\t\t\t\t\t\t\t\t\t\t\t\t\t<a class=\"image color__link\" href=\"https:\/\/elbepools.com\/es\/productos\/impreso\/\">\n\t\t\t\t\t\t\t\t\t\t\t\t\t\t\t\t\t\t\t\t<img loading=\"lazy\" decoding=\"async\" width=\"150\" height=\"150\" src=\"https:\/\/elbepools.com\/app\/uploads\/2020\/06\/Azur-Mosaik-150x150.jpg\" class=\"attachment-thumbnail size-thumbnail\" alt=\"\" srcset=\"https:\/\/elbepools.com\/app\/uploads\/2020\/06\/Azur-Mosaik-150x150.jpg 150w, https:\/\/elbepools.com\/app\/uploads\/2020\/06\/Azur-Mosaik-400x400.jpg 400w\" sizes=\"auto, (max-width: 150px) 100vw, 150px\" \/>\t\t\t\t\t\t\t\t\t<\/a>\n\t\t\t\t\t\t\t\t\t\t\t\t\t\t\t\t\t\n\t\t\t\t\t\t\t\t\t\t\t\t\t\t\t<\/div>\n\n\t\t\t\t\t\t\t<div class=\"color__title\">\n\t\t\t\t\t\t\t\t\t\t\t\t\t\t\t\t\t<a class=\"color__title__link\" href=\"https:\/\/elbepools.com\/es\/productos\/impreso\/\">MEMBRANAS IMPRESAS<\/a>\n\t\t\t\t\t\t\t\t\t\t\t\t\t\t\t<\/div>\n\t\t\t\t\t\t\t\t\t\t\t\t\t\t\t<div class=\"color__description\">\n\t\t\t\t\t\t\t\t\tLiners para piscinas con dise\u00f1o en mosaico y superficie de alta calidad, proporcionando protecci\u00f3n adicional contra manchas y decoloraci\u00f3n. Tambi\u00e9n disponible en colores s\u00f3lidos.\t\t\t\t\t\t\t\t<\/div>\n\t\t\t\t\t\t\t\t\t\t\t\t\t<\/div>\n\n\n\t\t\t\t\t<\/div>\n\n\n\t\t\t\t\t\t\t\t\t<div class=\"color__wrapper flex justify-center gallery\">\n\t\t\t\t\t\t<div class=\"color__inner\">\n\t\t\t\t\t\t\t<div class=\"color__images\">\n\t\t\t\t\t\t\t\t\t\t\t\t\t\t\t\t\t<a class=\"image color__link\" href=\"https:\/\/elbepools.com\/es\/productos\/unicolor\/\">\n\t\t\t\t\t\t\t\t\t\t\t\t\t\t\t\t\t\t\t\t<img loading=\"lazy\" decoding=\"async\" width=\"150\" height=\"150\" src=\"https:\/\/elbepools.com\/app\/uploads\/2020\/06\/Sand-1-150x150.jpg\" class=\"attachment-thumbnail size-thumbnail\" alt=\"Ansicht Farbe Sand Classic und SUPRA Schwimmbadbahnen\" srcset=\"https:\/\/elbepools.com\/app\/uploads\/2020\/06\/Sand-1-150x150.jpg 150w, https:\/\/elbepools.com\/app\/uploads\/2020\/06\/Sand-1-400x400.jpg 400w\" sizes=\"auto, (max-width: 150px) 100vw, 150px\" \/>\t\t\t\t\t\t\t\t\t<\/a>\n\t\t\t\t\t\t\t\t\t\t\t\t\t\t\t\t\t\n\t\t\t\t\t\t\t\t\t\t\t\t\t\t\t<\/div>\n\n\t\t\t\t\t\t\t<div class=\"color__title\">\n\t\t\t\t\t\t\t\t\t\t\t\t\t\t\t\t\t<a class=\"color__title__link\" href=\"https:\/\/elbepools.com\/es\/productos\/unicolor\/\">Membranes Unicolor<\/a>\n\t\t\t\t\t\t\t\t\t\t\t\t\t\t\t<\/div>\n\t\t\t\t\t\t\t\t\t\t\t\t\t\t\t<div class=\"color__description\">\n\t\t\t\t\t\t\t\t\tNuestro cl\u00e1sico disponible en 10 tonos s\u00f3lidos. Extremadamente resistente al desgarro y duradero, ideal para un disfrute prolongado en la piscina.\t\t\t\t\t\t\t\t<\/div>\n\t\t\t\t\t\t\t\t\t\t\t\t\t<\/div>\n\n\n\t\t\t\t\t<\/div>\n\n\n\t\t\t\t\n\t\t\t<\/div>\n\n\t\t\n\t\n<\/div>\n","protected":false},"excerpt":{"rendered":"<p>SIEMPRE LA MEJOR ELECCI\u00d3N. ELBE Pool Surface\u00ae &nbsp;funciona para cualquier forma o tama\u00f1o de piscina. Nuestro producto es la soluci\u00f3n perfecta para nueva construcci\u00f3n y renovaci\u00f3n de piscina. Puede sustituir revestimientos de cer\u00e1mica, hormig\u00f3n, yeso, metal o fibra de vidrio. Las l\u00e1minas armadas ELBE Pool Surface\u00ae son el revestimiento perfecto para su piscina. Todos nuestros [&hellip;]<\/p>\n","protected":false},"author":2,"featured_media":0,"parent":0,"menu_order":0,"comment_status":"closed","ping_status":"closed","template":"","meta":{"_acf_changed":false,"footnotes":""},"class_list":["post-5103","page","type-page","status-publish","hentry"],"acf":[],"_links":{"self":[{"href":"https:\/\/elbepools.com\/es\/wp-json\/wp\/v2\/pages\/5103","targetHints":{"allow":["GET"]}}],"collection":[{"href":"https:\/\/elbepools.com\/es\/wp-json\/wp\/v2\/pages"}],"about":[{"href":"https:\/\/elbepools.com\/es\/wp-json\/wp\/v2\/types\/page"}],"author":[{"embeddable":true,"href":"https:\/\/elbepools.com\/es\/wp-json\/wp\/v2\/users\/2"}],"replies":[{"embeddable":true,"href":"https:\/\/elbepools.com\/es\/wp-json\/wp\/v2\/comments?post=5103"}],"version-history":[{"count":20,"href":"https:\/\/elbepools.com\/es\/wp-json\/wp\/v2\/pages\/5103\/revisions"}],"predecessor-version":[{"id":26552,"href":"https:\/\/elbepools.com\/es\/wp-json\/wp\/v2\/pages\/5103\/revisions\/26552"}],"wp:attachment":[{"href":"https:\/\/elbepools.com\/es\/wp-json\/wp\/v2\/media?parent=5103"}],"curies":[{"name":"wp","href":"https:\/\/api.w.org\/{rel}","templated":true}]}}