{"id":5087,"date":"2021-02-12T14:56:49","date_gmt":"2021-02-12T13:56:49","guid":{"rendered":"https:\/\/elbepools.com\/?page_id=5087"},"modified":"2021-04-09T14:16:14","modified_gmt":"2021-04-09T12:16:14","slug":"informacion-tecnica","status":"publish","type":"page","link":"https:\/\/elbepools.com\/es\/instalacion-y-mantenimiento\/informacion-tecnica\/","title":{"rendered":"informaci\u00f3n t\u00e9cnica"},"content":{"rendered":"\n<div id=\"jf-header-block_5ef45aa9d5acb\" class=\"jf-header-block alignfull\">\n\t\t\t\t\t\t<div class=\" hero-image\">\n\t\t\t\t\t<div class=\"hero-image__image__wrapper\">\n\t\t\t\t\t\t<picture>\n\t\t\t\t\t\t\t<source media=\"(max-width: 767px)\" srcset=\"https:\/\/elbepools.com\/app\/uploads\/2020\/06\/CP-maintenance-768x384.jpg\">\n\t\t\t\t\t\t\t<img fetchpriority=\"high\" decoding=\"async\" width=\"2048\" height=\"1024\" src=\"https:\/\/elbepools.com\/app\/uploads\/2020\/06\/CP-maintenance-2048x1024.jpg\" class=\"attachment-hero-full size-hero-full\" alt=\"\" title=\"CP &#8211; maintenance\" loading=\"eager\" srcset=\"https:\/\/elbepools.com\/app\/uploads\/2020\/06\/CP-maintenance.jpg 2048w, https:\/\/elbepools.com\/app\/uploads\/2020\/06\/CP-maintenance-300x150.jpg 300w, https:\/\/elbepools.com\/app\/uploads\/2020\/06\/CP-maintenance-768x384.jpg 768w, https:\/\/elbepools.com\/app\/uploads\/2020\/06\/CP-maintenance-1024x512.jpg 1024w\" sizes=\"(max-width: 2048px) 100vw, 2048px\" \/>\t\t\t\t\t\t<\/picture>\n\t\t\t\t\t\t<img decoding=\"async\" class=\"wellenstruktur\" src=\"https:\/\/elbepools.com\/app\/themes\/jagdfieber\/img\/welle-ganz.png\">\n\t\t\t\t\t<\/div>\n\t\t\t\t\t<div class=\"caption\">\n\t\t\t\t\t\t<div class=\"caption-outer\">\n\t\t\t\t\t\t\t<div class=\"caption-inner\">\n\t\t\t\t\t\t\t\t\t\t\t\t\t\t\t\t\t<div class=\"caption--headline\">\n\t\t\t\t\t\t\t\t\t\t<h2 class=\"caption--headline__text no-wave\">\n\t\t\t\t\t\t\t\t\t\t\tGARANT\u00cdA \u2013 \t\t\t\t\t\t\t\t\t\t\t<span>15 A\u00d1OS SOBRE <br \/>\r\nIMPERMEABILIDAD<\/span>\n\t\t\t\t\t\t\t\t\t\t<\/h2>\n\t\t\t\t\t\t\t\t\t<\/div>\n\t\t\t\t\t\t\t\t\t\t\t\t\t\t\t\t<\/div>\n\t\t\t\t\t\t<\/div>\n\t\t\t\t\t<\/div>\n\t\t\t\t<\/div>\n\t\t\t\t<\/div><!-- .container -->\n\n\n\n<h2 class=\"wp-block-heading\">EL MEJOR REVESTIMIENTO PARA PISCINA.<\/h2>\n\n\n\n<p>La reparaci\u00f3n de grietas en las paredes o el suelo de una piscina antigua no solucionar\u00e1 los problemas de fugas. La instalaci\u00f3n de <strong>ELBE Pool Surface<sup>\u00ae<\/sup><\/strong> sobre la toda la superficie de la piscina proporcionar\u00e1 una impermeabilidad total. <strong>ELBE Pool Surface<sup>\u00ae<\/sup> <\/strong>es una soluci\u00f3n perfecta con f\u00e1cil mantenimiento, tanto para piscinas residenciales como p\u00fablicas.<\/p>\n\n\n\n<p>Nuestros productos exclusivos <strong>ELBE Pool Surface<sup>\u00ae<\/sup><\/strong> se dise\u00f1an en nuestro laboratorio. En el proceso de fabricaci\u00f3n solo usamos resinas v\u00edrgenes sin metales pesados. Como consecuencia, nuestro material es de m\u00e1xima calidad, preservando los recursos naturales y el medio ambiente. Requieren menos mantenimiento y ofrecen una vida \u00fatil m\u00e1s larga. Adem\u00e1s de su alta calidad t\u00e9cnica, nuestros revestimientos dan a las piscinas un aspecto visualmente espectacular. \u00bbMade in Germany\u00ab de Elbtal Plastics significa calidad superior, por eso podemos ofrecer con orgullo una garant\u00eda de impermeabilidad de 15 a\u00f1os para el nuestra gama <strong>ELBE Pool Surface<sup>\u00ae<\/sup><\/strong> (ver nuestra garant\u00eda).<\/p>\n\n\n\n<div class=\"wp-block-file\"><a href=\"https:\/\/elbepools.com\/app\/uploads\/2021\/04\/warranty_15years_ELBE-Pool-Surface_ES_2016-07.pdf\"><strong>ELBE Pool Surface<sup>\u00ae<\/sup><\/strong> garant\u00eda 15 a\u00f1os<\/a><\/div>\n\n\n\n<h2 class=\"wp-block-heading\">CUIDAR EL MANTENIMIENTO.<\/h2>\n\n\n\n<p>El mantenimiento y el cuidado inadecuado de la piscina puede provocar da\u00f1os permanentes en la l\u00e1mina armada, como arrugas, decoloraci\u00f3n, manchas, ara\u00f1azos o envejecimiento prematuro. Consulte con su instalador si tiene alguna pregunta sobre temas de mantenimiento.<\/p>\n\n\n\n<p><span class=\"has-inline-color has-blue-color\">\u00a1 El mantenimiento de su piscina debe incluir el cuidado correcto de su l\u00e1mina armada !<\/span><\/p>\n\n\n\n<div class=\"wp-block-file\"><a href=\"https:\/\/elbepools.com\/app\/uploads\/2025\/04\/ELBEpool-maintenance-ES-2025.pdf\">mantenimiento instrucciones<\/a><\/div>\n\n\n\n<p><\/p>\n","protected":false},"excerpt":{"rendered":"<p>EL MEJOR REVESTIMIENTO PARA PISCINA. La reparaci\u00f3n de grietas en las paredes o el suelo de una piscina antigua no solucionar\u00e1 los problemas de fugas. La instalaci\u00f3n de ELBE Pool Surface\u00ae sobre la toda la superficie de la piscina proporcionar\u00e1 una impermeabilidad total. ELBE Pool Surface\u00ae es una soluci\u00f3n perfecta con f\u00e1cil mantenimiento, tanto para [&hellip;]<\/p>\n","protected":false},"author":2,"featured_media":0,"parent":5011,"menu_order":4,"comment_status":"closed","ping_status":"closed","template":"","meta":{"_acf_changed":false,"footnotes":""},"class_list":["post-5087","page","type-page","status-publish","hentry"],"acf":[],"_links":{"self":[{"href":"https:\/\/elbepools.com\/es\/wp-json\/wp\/v2\/pages\/5087","targetHints":{"allow":["GET"]}}],"collection":[{"href":"https:\/\/elbepools.com\/es\/wp-json\/wp\/v2\/pages"}],"about":[{"href":"https:\/\/elbepools.com\/es\/wp-json\/wp\/v2\/types\/page"}],"author":[{"embeddable":true,"href":"https:\/\/elbepools.com\/es\/wp-json\/wp\/v2\/users\/2"}],"replies":[{"embeddable":true,"href":"https:\/\/elbepools.com\/es\/wp-json\/wp\/v2\/comments?post=5087"}],"version-history":[{"count":10,"href":"https:\/\/elbepools.com\/es\/wp-json\/wp\/v2\/pages\/5087\/revisions"}],"predecessor-version":[{"id":12883,"href":"https:\/\/elbepools.com\/es\/wp-json\/wp\/v2\/pages\/5087\/revisions\/12883"}],"up":[{"embeddable":true,"href":"https:\/\/elbepools.com\/es\/wp-json\/wp\/v2\/pages\/5011"}],"wp:attachment":[{"href":"https:\/\/elbepools.com\/es\/wp-json\/wp\/v2\/media?parent=5087"}],"curies":[{"name":"wp","href":"https:\/\/api.w.org\/{rel}","templated":true}]}}