{"id":5069,"date":"2021-02-12T14:48:23","date_gmt":"2021-02-12T13:48:23","guid":{"rendered":"https:\/\/elbepools.com\/?page_id=5069"},"modified":"2025-04-08T16:05:04","modified_gmt":"2025-04-08T14:05:04","slug":"mantenimiento","status":"publish","type":"page","link":"https:\/\/elbepools.com\/es\/instalacion-y-mantenimiento\/mantenimiento\/","title":{"rendered":"mantenimiento"},"content":{"rendered":"\n<div id=\"jf-header-block_7c2c931035fd5bbbd6dd8939276029ab\" class=\"jf-header-block alignfull\">\n\t\t\t\t\t\t<div class=\" hero-image\">\n\t\t\t\t\t<div class=\"hero-image__image__wrapper\">\n\t\t\t\t\t\t<picture>\n\t\t\t\t\t\t\t<source media=\"(max-width: 767px)\" srcset=\"https:\/\/elbepools.com\/app\/uploads\/2020\/06\/PP-maintenance-768x384.jpg\">\n\t\t\t\t\t\t\t<img fetchpriority=\"high\" decoding=\"async\" width=\"2048\" height=\"1024\" src=\"https:\/\/elbepools.com\/app\/uploads\/2020\/06\/PP-maintenance-2048x1024.jpg\" class=\"attachment-hero-full size-hero-full\" alt=\"\" title=\"PP &#8211; maintenance\" loading=\"eager\" srcset=\"https:\/\/elbepools.com\/app\/uploads\/2020\/06\/PP-maintenance.jpg 2048w, https:\/\/elbepools.com\/app\/uploads\/2020\/06\/PP-maintenance-300x150.jpg 300w, https:\/\/elbepools.com\/app\/uploads\/2020\/06\/PP-maintenance-768x384.jpg 768w, https:\/\/elbepools.com\/app\/uploads\/2020\/06\/PP-maintenance-1024x512.jpg 1024w\" sizes=\"(max-width: 2048px) 100vw, 2048px\" \/>\t\t\t\t\t\t<\/picture>\n\t\t\t\t\t\t<img decoding=\"async\" class=\"wellenstruktur\" src=\"https:\/\/elbepools.com\/app\/themes\/jagdfieber\/img\/welle-ganz.png\">\n\t\t\t\t\t<\/div>\n\t\t\t\t\t<div class=\"caption\">\n\t\t\t\t\t\t<div class=\"caption-outer\">\n\t\t\t\t\t\t\t<div class=\"caption-inner\">\n\t\t\t\t\t\t\t\t\t\t\t\t\t\t\t\t\t<div class=\"caption--headline\">\n\t\t\t\t\t\t\t\t\t\t<h2 class=\"caption--headline__text no-wave\">\n\t\t\t\t\t\t\t\t\t\t\tUNA PISCINA \t\t\t\t\t\t\t\t\t\t\t<span>SIEMPRE BONITA<\/span>\n\t\t\t\t\t\t\t\t\t\t<\/h2>\n\t\t\t\t\t\t\t\t\t<\/div>\n\t\t\t\t\t\t\t\t\t\t\t\t\t\t\t\t<\/div>\n\t\t\t\t\t\t<\/div>\n\t\t\t\t\t<\/div>\n\t\t\t\t<\/div>\n\t\t\t\t<\/div><!-- .container -->\n\n\n\n<h2 class=\"wp-block-heading\">CUIDAR EL MANTENIMIENTO.<\/h2>\n\n\n\n<p>El mantenimiento y el cuidado inadecuado de la piscina puede provocar da\u00f1os permanentes en la l\u00e1mina armada, como arrugas, decoloraci\u00f3n, manchas, ara\u00f1azos o envejecimiento prematuro. Consulte con su instalador si tiene alguna pregunta sobre temas de mantenimiento.<\/p>\n\n\n\n<p class=\"has-blue-color has-text-color\">\u00a1 El mantenimiento de su piscina debe incluir el cuidado correcto de su l\u00e1mina armada !<\/p>\n\n\n\n<div class=\"wp-block-file\"><a href=\"https:\/\/elbepools.com\/app\/uploads\/2025\/04\/ELBEpool-maintenance-ES-2025.pdf\">mantenimiento instrucciones<\/a><\/div>\n\n\n\n<p><\/p>\n","protected":false},"excerpt":{"rendered":"<p>CUIDAR EL MANTENIMIENTO. El mantenimiento y el cuidado inadecuado de la piscina puede provocar da\u00f1os permanentes en la l\u00e1mina armada, como arrugas, decoloraci\u00f3n, manchas, ara\u00f1azos o envejecimiento prematuro. Consulte con su instalador si tiene alguna pregunta sobre temas de mantenimiento. \u00a1 El mantenimiento de su piscina debe incluir el cuidado correcto de su l\u00e1mina armada [&hellip;]<\/p>\n","protected":false},"author":2,"featured_media":0,"parent":5011,"menu_order":0,"comment_status":"closed","ping_status":"closed","template":"","meta":{"_acf_changed":false,"footnotes":""},"class_list":["post-5069","page","type-page","status-publish","hentry"],"acf":[],"_links":{"self":[{"href":"https:\/\/elbepools.com\/es\/wp-json\/wp\/v2\/pages\/5069","targetHints":{"allow":["GET"]}}],"collection":[{"href":"https:\/\/elbepools.com\/es\/wp-json\/wp\/v2\/pages"}],"about":[{"href":"https:\/\/elbepools.com\/es\/wp-json\/wp\/v2\/types\/page"}],"author":[{"embeddable":true,"href":"https:\/\/elbepools.com\/es\/wp-json\/wp\/v2\/users\/2"}],"replies":[{"embeddable":true,"href":"https:\/\/elbepools.com\/es\/wp-json\/wp\/v2\/comments?post=5069"}],"version-history":[{"count":6,"href":"https:\/\/elbepools.com\/es\/wp-json\/wp\/v2\/pages\/5069\/revisions"}],"predecessor-version":[{"id":24792,"href":"https:\/\/elbepools.com\/es\/wp-json\/wp\/v2\/pages\/5069\/revisions\/24792"}],"up":[{"embeddable":true,"href":"https:\/\/elbepools.com\/es\/wp-json\/wp\/v2\/pages\/5011"}],"wp:attachment":[{"href":"https:\/\/elbepools.com\/es\/wp-json\/wp\/v2\/media?parent=5069"}],"curies":[{"name":"wp","href":"https:\/\/api.w.org\/{rel}","templated":true}]}}