{"id":5063,"date":"2021-02-12T14:43:55","date_gmt":"2021-02-12T13:43:55","guid":{"rendered":"https:\/\/elbepools.com\/?page_id=5063"},"modified":"2026-02-26T13:08:39","modified_gmt":"2026-02-26T12:08:39","slug":"cursos","status":"publish","type":"page","link":"https:\/\/elbepools.com\/es\/cursos\/","title":{"rendered":"cursos"},"content":{"rendered":"\n<div id=\"jf-header-block_1b264c815b7b91a3aa3dbfe60a3e52cd\" class=\"jf-header-block alignfull\">\n\t\t\t\t\t<div class=\"swiper-container\" data-swipe-settings=\"{&quot;slidesPerView&quot;:1,&quot;spaceBetween&quot;:0}\">\n\t\t\t<div class=\"swiper-wrapper\">\n\t\t\t\t\t\t<div class=\"swiper-slide hero-image\">\n\t\t\t\t\t<div class=\"hero-image__image__wrapper\">\n\t\t\t\t\t\t<picture>\n\t\t\t\t\t\t\t<source media=\"(max-width: 767px)\" srcset=\"https:\/\/elbepools.com\/app\/uploads\/2020\/07\/IM-welding-course-Slider-01-768x384.jpg\">\n\t\t\t\t\t\t\t<img fetchpriority=\"high\" decoding=\"async\" width=\"2048\" height=\"1024\" src=\"https:\/\/elbepools.com\/app\/uploads\/2020\/07\/IM-welding-course-Slider-01-2048x1024.jpg\" class=\"attachment-hero-full size-hero-full\" alt=\"\" title=\"IM-welding-course-Slider 01\" loading=\"eager\" srcset=\"https:\/\/elbepools.com\/app\/uploads\/2020\/07\/IM-welding-course-Slider-01.jpg 2048w, https:\/\/elbepools.com\/app\/uploads\/2020\/07\/IM-welding-course-Slider-01-300x150.jpg 300w, https:\/\/elbepools.com\/app\/uploads\/2020\/07\/IM-welding-course-Slider-01-768x384.jpg 768w, https:\/\/elbepools.com\/app\/uploads\/2020\/07\/IM-welding-course-Slider-01-1024x512.jpg 1024w\" sizes=\"(max-width: 2048px) 100vw, 2048px\" \/>\t\t\t\t\t\t<\/picture>\n\t\t\t\t\t\t<img decoding=\"async\" class=\"wellenstruktur\" src=\"https:\/\/elbepools.com\/app\/themes\/jagdfieber\/img\/welle-ganz.png\">\n\t\t\t\t\t<\/div>\n\t\t\t\t\t<div class=\"caption\">\n\t\t\t\t\t\t<div class=\"caption-outer\">\n\t\t\t\t\t\t\t<div class=\"caption-inner\">\n\t\t\t\t\t\t\t\t\t\t\t\t\t\t\t\t\t<div class=\"caption--headline\">\n\t\t\t\t\t\t\t\t\t\t<h2 class=\"caption--headline__text no-wave\">\n\t\t\t\t\t\t\t\t\t\t\tCURSOS DE INSTALACI\u00d3N\t\t\t\t\t\t\t\t\t\t\t<span>DE L\u00c1MINA<\/span>\n\t\t\t\t\t\t\t\t\t\t<\/h2>\n\t\t\t\t\t\t\t\t\t<\/div>\n\t\t\t\t\t\t\t\t\t\t\t\t\t\t\t\t<\/div>\n\t\t\t\t\t\t<\/div>\n\t\t\t\t\t<\/div>\n\t\t\t\t<\/div>\n\t\t\t\t\t\t\t\t<div class=\"swiper-slide hero-image\">\n\t\t\t\t\t<div class=\"hero-image__image__wrapper\">\n\t\t\t\t\t\t<picture>\n\t\t\t\t\t\t\t<source media=\"(max-width: 767px)\" srcset=\"https:\/\/elbepools.com\/app\/uploads\/2020\/07\/IM-welding-course-Slider-02-768x384.jpg\">\n\t\t\t\t\t\t\t<img decoding=\"async\" width=\"2048\" height=\"1024\" src=\"https:\/\/elbepools.com\/app\/uploads\/2020\/07\/IM-welding-course-Slider-02-2048x1024.jpg\" class=\"attachment-hero-full size-hero-full\" alt=\"\" title=\"IM-welding-course-Slider 02\" loading=\"eager\" srcset=\"https:\/\/elbepools.com\/app\/uploads\/2020\/07\/IM-welding-course-Slider-02.jpg 2048w, https:\/\/elbepools.com\/app\/uploads\/2020\/07\/IM-welding-course-Slider-02-300x150.jpg 300w, https:\/\/elbepools.com\/app\/uploads\/2020\/07\/IM-welding-course-Slider-02-768x384.jpg 768w, https:\/\/elbepools.com\/app\/uploads\/2020\/07\/IM-welding-course-Slider-02-1024x512.jpg 1024w\" sizes=\"(max-width: 2048px) 100vw, 2048px\" \/>\t\t\t\t\t\t<\/picture>\n\t\t\t\t\t\t<img decoding=\"async\" class=\"wellenstruktur\" src=\"https:\/\/elbepools.com\/app\/themes\/jagdfieber\/img\/welle-ganz.png\">\n\t\t\t\t\t<\/div>\n\t\t\t\t\t<div class=\"caption\">\n\t\t\t\t\t\t<div class=\"caption-outer\">\n\t\t\t\t\t\t\t<div class=\"caption-inner\">\n\t\t\t\t\t\t\t\t\t\t\t\t\t\t\t\t\t<div class=\"caption--headline\">\n\t\t\t\t\t\t\t\t\t\t<h2 class=\"caption--headline__text no-wave\">\n\t\t\t\t\t\t\t\t\t\t\tAPRENDA LAS TECNICAS \t\t\t\t\t\t\t\t\t\t\t<span>DE SOLDADURA<\/span>\n\t\t\t\t\t\t\t\t\t\t<\/h2>\n\t\t\t\t\t\t\t\t\t<\/div>\n\t\t\t\t\t\t\t\t\t\t\t\t\t\t\t\t<\/div>\n\t\t\t\t\t\t<\/div>\n\t\t\t\t\t<\/div>\n\t\t\t\t<\/div>\n\t\t\t\t\t\t\t\t<div class=\"swiper-slide hero-image\">\n\t\t\t\t\t<div class=\"hero-image__image__wrapper\">\n\t\t\t\t\t\t<picture>\n\t\t\t\t\t\t\t<source media=\"(max-width: 767px)\" srcset=\"https:\/\/elbepools.com\/app\/uploads\/2020\/07\/IM-welding-course-Slider-03-768x384.jpg\">\n\t\t\t\t\t\t\t<img decoding=\"async\" width=\"2048\" height=\"1024\" src=\"https:\/\/elbepools.com\/app\/uploads\/2020\/07\/IM-welding-course-Slider-03-2048x1024.jpg\" class=\"attachment-hero-full size-hero-full\" alt=\"\" title=\"IM-welding-course-Slider 03\" loading=\"eager\" srcset=\"https:\/\/elbepools.com\/app\/uploads\/2020\/07\/IM-welding-course-Slider-03.jpg 2048w, https:\/\/elbepools.com\/app\/uploads\/2020\/07\/IM-welding-course-Slider-03-300x150.jpg 300w, https:\/\/elbepools.com\/app\/uploads\/2020\/07\/IM-welding-course-Slider-03-768x384.jpg 768w, https:\/\/elbepools.com\/app\/uploads\/2020\/07\/IM-welding-course-Slider-03-1024x512.jpg 1024w\" sizes=\"(max-width: 2048px) 100vw, 2048px\" \/>\t\t\t\t\t\t<\/picture>\n\t\t\t\t\t\t<img decoding=\"async\" class=\"wellenstruktur\" src=\"https:\/\/elbepools.com\/app\/themes\/jagdfieber\/img\/welle-ganz.png\">\n\t\t\t\t\t<\/div>\n\t\t\t\t\t<div class=\"caption\">\n\t\t\t\t\t\t<div class=\"caption-outer\">\n\t\t\t\t\t\t\t<div class=\"caption-inner\">\n\t\t\t\t\t\t\t\t\t\t\t\t\t\t\t\t\t<div class=\"caption--headline\">\n\t\t\t\t\t\t\t\t\t\t<h2 class=\"caption--headline__text no-wave\">\n\t\t\t\t\t\t\t\t\t\t\tUN PRODUCTO SOLO TIENE CALIDAD \t\t\t\t\t\t\t\t\t\t\t<span>CON UNA CORRECTA INSTALACI\u00d3N<\/span>\n\t\t\t\t\t\t\t\t\t\t<\/h2>\n\t\t\t\t\t\t\t\t\t<\/div>\n\t\t\t\t\t\t\t\t\t\t\t\t\t\t\t\t<\/div>\n\t\t\t\t\t\t<\/div>\n\t\t\t\t\t<\/div>\n\t\t\t\t<\/div>\n\t\t\t\t\t\t\t\t<\/div> <!-- .swiper-wrapper -->\n\t\t\t\t<div class=\"swiper-button-next\"><svg><use xmlns:xlink=\"http:\/\/www.w3.org\/1999\/xlink\" xlink:href=\"#pfeil\"><\/use><\/svg><\/div>\n\t\t\t\t<div class=\"swiper-button-prev\"><svg><use xmlns:xlink=\"http:\/\/www.w3.org\/1999\/xlink\" xlink:href=\"#pfeil\"><\/use><\/svg><\/div>\n\t\t\t<\/div> <!-- .swiper-container -->\n\t\t\t<\/div><!-- .container -->\n\n\n\n<h2 class=\"wp-block-heading\">LA CALIDAD SUPERIOR REQUIERE <br>UNA INSTALACI\u00d3N DE PRIMERA CLASE.<\/h2>\n\n\n\n<p><strong><strong><strong>Curso ELBE Pool Surface<sup>\u00ae<\/sup>&nbsp;con certificado del fabricante<\/strong><\/strong><\/strong><\/p>\n\n\n\n<p>Mejore sus habilidades para soldar membranas reforzadas en el exclusivo centro de capacitaci\u00f3n de Elbtal Plastics en Dresden Alemania. <\/p>\n\n\n\n<p><strong>Compacto y eficaz.<\/strong> En 3-4 d\u00edas de curso aprender\u00e1s t\u00e9cnicas de instalaci\u00f3n de la l\u00e1mina armada en piscinas de forma rectangular con escaleras rectas y t\u00e9cnicas de instalaci\u00f3n de la l\u00e1mina armada en piscinas de forma libre con escaleras romanas y canal perimetral. Tambi\u00e9n sabr\u00e1 instalar las l\u00e1minas texturizadas con relieve 3D.<\/p>\n\n\n\n<p>Tambi\u00e9n organizamos cursos en espa\u00f1ol en Espa\u00f1a y M\u00e9xico.<\/p>\n\n\n\n<h2 class=\"wp-block-heading\">FECHAS<\/h2>\n\n\n\n<p class=\"has-text-align-center\"><strong>Cursos en Espa\u00f1a<\/strong><\/p>\n\n\n\n<p class=\"has-text-align-center\"><strong>ENERO 2026:&nbsp;<\/strong>Del 20 al 23 de Enero<\/p>\n\n\n\n<p class=\"has-text-align-center\"><strong>MARZO 2026:&nbsp;<\/strong>Del 10 al 13 de Marzo<\/p>\n\n\n\n<p class=\"has-text-align-center\"><a href=\"https:\/\/elbepools.com\/app\/uploads\/2025\/11\/Curso-2025-2026-instalacion-lamina-armada-ELBE-VAILET-POOLS.pdf\" data-type=\"attachment\" data-id=\"26299\" target=\"_blank\" rel=\"noreferrer noopener\">M\u00e1s informaci\u00f3n sobre cursos en Valencia<\/a><br><br><strong>M\u00e1s cursos en Coswig, Alemania<\/strong><br>Todos nuestros cursos en Alemania est\u00e1n completos en este momento.<br>Estaremos encantados de a\u00f1adirle a la lista de espera para los pr\u00f3ximos cursos que comenzar\u00e1n en oto\u00f1o de 2026 y le informaremos tan pronto como se hayan confirmado las fechas.<br>Solo tiene que enviarnos un correo electr\u00f3nico a: <a href=\"mailto:trainings@elbtal-plastics.de\">trainings@elbtal-plastics.de<\/a><\/p>\n\n\n\n<p class=\"has-text-align-center\"><a href=\"https:\/\/elbepools.com\/app\/uploads\/2025\/07\/2025-26-Trainings-EN-web.pdf\" data-type=\"attachment\" data-id=\"26299\" target=\"_blank\" rel=\"noreferrer noopener\">M\u00e1s informaci\u00f3n sobre cursos en Coswig: 2025-Trainings<\/a><\/p>\n\n\n\n<p>\u00bf Tiene m\u00e1s preguntas ? Contacte con nosotros:<\/p>\n\n\n\n<p><a href=\"mailto:info@elbtal-plastics.de\">trainings@elbtal-plastics.de<\/a><br><a href=\"tel:+49352353300\">+49 3523 5330-0<\/a><\/p>\n\n\n\n<h2 class=\"wp-block-heading\">CONTACTAR<\/h2>\n\n\n\n<form class=\"af-form acf-form\" method=\"POST\" action=\"https:\/\/elbepools.com\/es\/wp-json\/wp\/v2\/pages\/5063\" id=\"form_603611de6ced7\" data-key=\"form_603611de6ced7\"><div class=\"af-fields acf-fields acf-form-fields -top\">\t<div id=\"acf-form-data\" class=\"acf-hidden\">\n\t\t<input type=\"hidden\" id=\"_acf_screen\" name=\"_acf_screen\" value=\"acf_form\"\/><input type=\"hidden\" id=\"_acf_post_id\" name=\"_acf_post_id\" value=\"0\"\/><input type=\"hidden\" id=\"_acf_validation\" name=\"_acf_validation\" value=\"1\"\/><input type=\"hidden\" id=\"_acf_form\" name=\"_acf_form\" value=\"0\"\/><input type=\"hidden\" id=\"_acf_nonce\" name=\"_acf_nonce\" value=\"fae2d3c371\"\/><input type=\"hidden\" id=\"_acf_changed\" name=\"_acf_changed\" value=\"0\"\/>\t<\/div>\n\t<div class=\"acf-hidden\"><input type=\"hidden\" name=\"_acfnonce\" value=\"015feba3e3\"><input type=\"hidden\" name=\"nonce\" value=\"015feba3e3\"><input type=\"hidden\" name=\"af_form\" value=\"form_603611de6ced7\"><input type=\"hidden\" name=\"af_form_args\" value=\"eyJhamF4IjpmYWxzZSwiZGlzcGxheV90aXRsZSI6ZmFsc2UsImRpc3BsYXlfZGVzY3JpcHRpb24iOmZhbHNlLCJpZCI6ImZvcm1fNjAzNjExZGU2Y2VkNyIsInZhbHVlcyI6W10sInN1Ym1pdF90ZXh0IjoiRW52aWFyIiwicmVkaXJlY3QiOm51bGwsInRhcmdldCI6Imh0dHBzOlwvXC9lbGJlcG9vbHMuY29tXC9lc1wvd3AtanNvblwvd3BcL3YyXC9wYWdlc1wvNTA2MyIsImVjaG8iOnRydWUsImV4Y2x1ZGVfZmllbGRzIjpbXSwidXBsb2FkZXIiOiJ3cCIsImZpbHRlcl9tb2RlIjpmYWxzZSwibGFiZWxfcGxhY2VtZW50IjoidG9wIiwiaW5zdHJ1Y3Rpb25fcGxhY2VtZW50IjoibGFiZWwiLCJob25leXBvdCI6dHJ1ZX0=\"><input type=\"hidden\" name=\"_acf_form\" value=\"eyJhamF4IjpmYWxzZSwiZGlzcGxheV90aXRsZSI6ZmFsc2UsImRpc3BsYXlfZGVzY3JpcHRpb24iOmZhbHNlLCJpZCI6ImZvcm1fNjAzNjExZGU2Y2VkNyIsInZhbHVlcyI6W10sInN1Ym1pdF90ZXh0IjoiRW52aWFyIiwicmVkaXJlY3QiOm51bGwsInRhcmdldCI6Imh0dHBzOlwvXC9lbGJlcG9vbHMuY29tXC9lc1wvd3AtanNvblwvd3BcL3YyXC9wYWdlc1wvNTA2MyIsImVjaG8iOnRydWUsImV4Y2x1ZGVfZmllbGRzIjpbXSwidXBsb2FkZXIiOiJ3cCIsImZpbHRlcl9tb2RlIjpmYWxzZSwibGFiZWxfcGxhY2VtZW50IjoidG9wIiwiaW5zdHJ1Y3Rpb25fcGxhY2VtZW50IjoibGFiZWwiLCJob25leXBvdCI6dHJ1ZX0=\"><input type=\"hidden\" name=\"af_form_nonce\" value=\"68767709ef\"><label for=\"af_email_for_non_humans_form_603611de6ced7\" aria-hidden=\"true\">Email for non-humans<\/label><input type=\"text\" name=\"email_for_non_humans\" id=\"af_email_for_non_humans_form_603611de6ced7\" tabindex=\"-1\" autocomplete=\"off\" \/><input type=\"hidden\" name=\"af_origin_url\" value=\"https:\/\/elbepools.com\/es\/wp-json\/wp\/v2\/pages\/5063\" \/><\/div><div class=\"af-field af-field-type-select af-field-subject acf-field acf-field-select acf-field-646cca9e0fb17 af-field-required\" data-name=\"subject\" data-key=\"field_646cca9e0fb17\" data-type=\"select\"><div class=\"af-label acf-label\"><label for=\"acf-field_646cca9e0fb17\">Objeto <span class=\"acf-required\">*<\/span><\/label><\/div><div class=\"af-input acf-input\"><select id=\"acf-field_646cca9e0fb17\" class=\"\" name=\"acf[field_646cca9e0fb17]\" data-ui=\"0\" data-ajax=\"0\" data-multiple=\"0\" data-placeholder=\"Selecciona\" data-allow_null=\"0\"><option value=\"informaci\u00f3n sobre el producto\">informaci\u00f3n sobre el producto<\/option><option value=\"tecnolog\u00eda de aplicaci\u00f3n\">tecnolog\u00eda de aplicaci\u00f3n<\/option><option value=\"cursos de instalaci\u00f3n\">cursos de instalaci\u00f3n<\/option><option value=\"material de marketing\">material de marketing<\/option><option value=\"otros temas\">otros temas<\/option><\/select><\/div><\/div><div class=\"af-field af-field-type-text af-field-apellidos acf-field acf-field-text acf-field-60360f9ff3d23 af-field-required\" data-width=\"50\" style=\"width: 50%;\" data-name=\"apellidos\" data-key=\"field_60360f9ff3d23\" data-type=\"text\"><div class=\"af-label acf-label\"><label for=\"acf-field_60360f9ff3d23\">Apellidos <span class=\"acf-required\">*<\/span><\/label><\/div><div class=\"af-input acf-input\"><div class=\"acf-input-wrap\"><input type=\"text\" id=\"acf-field_60360f9ff3d23\" name=\"acf[field_60360f9ff3d23]\" required=\"required\"\/><\/div><\/div><\/div><div class=\"af-field af-field-type-text af-field-nombre acf-field acf-field-text acf-field-60360f9ff3d5b af-field-required\" data-width=\"50\" style=\"width: 50%;\" data-name=\"nombre\" data-key=\"field_60360f9ff3d5b\" data-type=\"text\"><div class=\"af-label acf-label\"><label for=\"acf-field_60360f9ff3d5b\">Nombre <span class=\"acf-required\">*<\/span><\/label><\/div><div class=\"af-input acf-input\"><div class=\"acf-input-wrap\"><input type=\"text\" id=\"acf-field_60360f9ff3d5b\" name=\"acf[field_60360f9ff3d5b]\" required=\"required\"\/><\/div><\/div><\/div><div class=\"af-field af-field-type-text af-field-empresa acf-field acf-field-text acf-field-60360f9ff3d93 af-field-required\" data-width=\"100\" style=\"width: 100%;\" data-name=\"empresa\" data-key=\"field_60360f9ff3d93\" data-type=\"text\"><div class=\"af-label acf-label\"><label for=\"acf-field_60360f9ff3d93\">Empresa <span class=\"acf-required\">*<\/span><\/label><\/div><div class=\"af-input acf-input\"><div class=\"acf-input-wrap\"><input type=\"text\" id=\"acf-field_60360f9ff3d93\" name=\"acf[field_60360f9ff3d93]\" required=\"required\"\/><\/div><\/div><\/div><div class=\"af-field af-field-type-email af-field-email acf-field acf-field-email acf-field-60360f9ff3dca af-field-required\" data-width=\"50\" style=\"width: 50%;\" data-name=\"email\" data-key=\"field_60360f9ff3dca\" data-type=\"email\"><div class=\"af-label acf-label\"><label for=\"acf-field_60360f9ff3dca\">Email <span class=\"acf-required\">*<\/span><\/label><\/div><div class=\"af-input acf-input\"><div class=\"acf-input-wrap\"><input type=\"email\" id=\"acf-field_60360f9ff3dca\" name=\"acf[field_60360f9ff3dca]\" required=\"required\"\/><\/div><\/div><\/div><div class=\"af-field af-field-type-text af-field-telefono acf-field acf-field-text acf-field-60360f9ff3e01\" data-width=\"50\" style=\"width: 50%;\" data-name=\"telefono\" data-key=\"field_60360f9ff3e01\" data-type=\"text\"><div class=\"af-label acf-label\"><label for=\"acf-field_60360f9ff3e01\">Telefono<\/label><\/div><div class=\"af-input acf-input\"><div class=\"acf-input-wrap\"><input type=\"text\" id=\"acf-field_60360f9ff3e01\" name=\"acf[field_60360f9ff3e01]\"\/><\/div><\/div><\/div><div class=\"af-field af-field-type-textarea af-field-mensajer acf-field acf-field-textarea acf-field-60360f9ff3e70 af-field-required\" data-name=\"mensajer\" data-key=\"field_60360f9ff3e70\" data-type=\"textarea\"><div class=\"af-label acf-label\"><label for=\"acf-field_60360f9ff3e70\">Mesnsajer <span class=\"acf-required\">*<\/span><\/label><\/div><div class=\"af-input acf-input\"><textarea id=\"acf-field_60360f9ff3e70\" name=\"acf[field_60360f9ff3e70]\" rows=\"8\" required=\"required\"><\/textarea><\/div><\/div><div class=\"af-field af-field-type-true-false af-field-proteccion-de-datos acf-field acf-field-true-false acf-field-6537d3e377afb af-field-required\" data-name=\"proteccion_de_datos\" data-key=\"field_6537d3e377afb\" data-type=\"true_false\"><div class=\"af-label acf-label\"><label for=\"acf-field_6537d3e377afb\">Protecci\u00f3n de datos <span class=\"acf-required\">*<\/span><\/label><\/div><div class=\"af-input acf-input\"><div class=\"acf-true-false\">\n\t\t\t<input type=\"hidden\" name=\"acf[field_6537d3e377afb]\" value=\"0\"\/>\t<label>\n\t\t<input type=\"checkbox\" id=\"acf-field_6537d3e377afb\" name=\"acf[field_6537d3e377afb]\" value=\"1\" class=\"\" autocomplete=\"off\"\/>\n\t\t\t\t\t\t\t\t\t\t<span class=\"message\">He le\u00eddo y acepto la pol\u00edtica de privacidad.<\/span>\t<\/label>\n<\/div>\n\t\t\t<\/div><\/div><div class=\"af-field af-field-type-message af-field- acf-field acf-field-message acf-field-60360f9ff3ea7\" data-name=\"\" data-key=\"field_60360f9ff3ea7\" data-type=\"message\"><div class=\"af-label acf-label\"><label for=\"acf-field_60360f9ff3ea7\"><\/label><\/div><div class=\"af-input acf-input\"><p>* campo obligatorio<\/p>\n<\/div><\/div><div class=\"af-field af-field-type-image-captcha af-field- acf-field acf-field-image-captcha acf-field-65363f2fb6661\" data-name=\"\" data-key=\"field_65363f2fb6661\" data-type=\"image_captcha\"><div class=\"af-label acf-label\"><label for=\"acf-field_65363f2fb6661\"><\/label><\/div><div class=\"af-input acf-input\">\t\t<input type=\"hidden\" name=\"acf[field_65363f2fb6661]\">\n\n\t\t<div class=\"fp-image-captcha\">\n    <span class=\"fp-image-captcha__instructions\">\n        Por favor, demuestre que no es un bot y seleccione el icono <span class=\"correct\">Flor<\/span>    <\/span>\n    <div class=\"fp-image-captcha__choices\">\n\t\t\t\t\t<label><input autocomplete=\"off\" type=\"radio\" name=\"acf[field_65363f2fb6661]\" value=\"4db61742\" \/>\n\t\t\t\t<svg xmlns=\"http:\/\/www.w3.org\/2000\/svg\" width=\"50\" height=\"50\" fill=\"currentColor\" class=\"bi\" viewBox=\"0 0 16 16\">\n  <path d=\"M6.174 1.184a2 2 0 0 1 3.652 0A2 2 0 0 1 12.99 3.01a2 2 0 0 1 1.826 3.164 2 2 0 0 1 0 3.652 2 2 0 0 1-1.826 3.164 2 2 0 0 1-3.164 1.826 2 2 0 0 1-3.652 0A2 2 0 0 1 3.01 12.99a2 2 0 0 1-1.826-3.164 2 2 0 0 1 0-3.652A2 2 0 0 1 3.01 3.01a2 2 0 0 1 3.164-1.826zM8 1a1 1 0 0 0-.998 1.03l.01.091c.012.077.029.176.054.296.049.241.122.542.213.887.182.688.428 1.513.676 2.314L8 5.762l.045-.144c.248-.8.494-1.626.676-2.314.091-.345.164-.646.213-.887a4.997 4.997 0 0 0 .064-.386L9 2a1 1 0 0 0-1-1zM2 9l.03-.002.091-.01a4.99 4.99 0 0 0 .296-.054c.241-.049.542-.122.887-.213a60.59 60.59 0 0 0 2.314-.676L5.762 8l-.144-.045a60.59 60.59 0 0 0-2.314-.676 16.705 16.705 0 0 0-.887-.213 4.99 4.99 0 0 0-.386-.064L2 7a1 1 0 1 0 0 2zm7 5-.002-.03a5.005 5.005 0 0 0-.064-.386 16.398 16.398 0 0 0-.213-.888 60.582 60.582 0 0 0-.676-2.314L8 10.238l-.045.144c-.248.8-.494 1.626-.676 2.314-.091.345-.164.646-.213.887a4.996 4.996 0 0 0-.064.386L7 14a1 1 0 1 0 2 0zm-5.696-2.134.025-.017a5.001 5.001 0 0 0 .303-.248c.184-.164.408-.377.661-.629A60.614 60.614 0 0 0 5.96 9.23l.103-.111-.147.033a60.88 60.88 0 0 0-2.343.572c-.344.093-.64.18-.874.258a5.063 5.063 0 0 0-.367.138l-.027.014a1 1 0 1 0 1 1.732zM4.5 14.062a1 1 0 0 0 1.366-.366l.014-.027c.01-.02.021-.048.036-.084a5.09 5.09 0 0 0 .102-.283c.078-.233.165-.53.258-.874a60.6 60.6 0 0 0 .572-2.343l.033-.147-.11.102a60.848 60.848 0 0 0-1.743 1.667 17.07 17.07 0 0 0-.629.66 5.06 5.06 0 0 0-.248.304l-.017.025a1 1 0 0 0 .366 1.366zm9.196-8.196a1 1 0 0 0-1-1.732l-.025.017a4.951 4.951 0 0 0-.303.248 16.69 16.69 0 0 0-.661.629A60.72 60.72 0 0 0 10.04 6.77l-.102.111.147-.033a60.6 60.6 0 0 0 2.342-.572c.345-.093.642-.18.875-.258a4.993 4.993 0 0 0 .367-.138.53.53 0 0 0 .027-.014zM11.5 1.938a1 1 0 0 0-1.366.366l-.014.027c-.01.02-.021.048-.036.084a5.09 5.09 0 0 0-.102.283c-.078.233-.165.53-.258.875a60.62 60.62 0 0 0-.572 2.342l-.033.147.11-.102a60.848 60.848 0 0 0 1.743-1.667c.252-.253.465-.477.629-.66a5.001 5.001 0 0 0 .248-.304l.017-.025a1 1 0 0 0-.366-1.366zM14 9a1 1 0 0 0 0-2l-.03.002a4.996 4.996 0 0 0-.386.064c-.242.049-.543.122-.888.213-.688.182-1.513.428-2.314.676L10.238 8l.144.045c.8.248 1.626.494 2.314.676.345.091.646.164.887.213a4.996 4.996 0 0 0 .386.064L14 9zM1.938 4.5a1 1 0 0 0 .393 1.38l.084.035c.072.03.166.064.283.103.233.078.53.165.874.258a60.88 60.88 0 0 0 2.343.572l.147.033-.103-.111a60.584 60.584 0 0 0-1.666-1.742 16.705 16.705 0 0 0-.66-.629 4.996 4.996 0 0 0-.304-.248l-.025-.017a1 1 0 0 0-1.366.366zm2.196-1.196.017.025a4.996 4.996 0 0 0 .248.303c.164.184.377.408.629.661A60.597 60.597 0 0 0 6.77 5.96l.111.102-.033-.147a60.602 60.602 0 0 0-.572-2.342c-.093-.345-.18-.642-.258-.875a5.006 5.006 0 0 0-.138-.367l-.014-.027a1 1 0 1 0-1.732 1zm9.928 8.196a1 1 0 0 0-.366-1.366l-.027-.014a5 5 0 0 0-.367-.138c-.233-.078-.53-.165-.875-.258a60.619 60.619 0 0 0-2.342-.572l-.147-.033.102.111a60.73 60.73 0 0 0 1.667 1.742c.253.252.477.465.66.629a4.946 4.946 0 0 0 .304.248l.025.017a1 1 0 0 0 1.366-.366zm-3.928 2.196a1 1 0 0 0 1.732-1l-.017-.025a5.065 5.065 0 0 0-.248-.303 16.705 16.705 0 0 0-.629-.661A60.462 60.462 0 0 0 9.23 10.04l-.111-.102.033.147a60.6 60.6 0 0 0 .572 2.342c.093.345.18.642.258.875a4.985 4.985 0 0 0 .138.367.575.575 0 0 0 .014.027zM8 9.5a1.5 1.5 0 1 0 0-3 1.5 1.5 0 0 0 0 3z\"\/>\n<\/svg>\t\t\t<\/label>\n\t\t\t\t\t<label><input autocomplete=\"off\" type=\"radio\" name=\"acf[field_65363f2fb6661]\" value=\"11d06950\" \/>\n\t\t\t\t<svg xmlns=\"http:\/\/www.w3.org\/2000\/svg\" width=\"50\" height=\"50\" fill=\"currentColor\" class=\"bi\" viewBox=\"0 0 16 16\">\n  <path d=\"M8 16a.5.5 0 0 1-.5-.5v-1.293l-.646.647a.5.5 0 0 1-.707-.708L7.5 12.793V8.866l-3.4 1.963-.496 1.85a.5.5 0 1 1-.966-.26l.237-.882-1.12.646a.5.5 0 0 1-.5-.866l1.12-.646-.884-.237a.5.5 0 1 1 .26-.966l1.848.495L7 8 3.6 6.037l-1.85.495a.5.5 0 0 1-.258-.966l.883-.237-1.12-.646a.5.5 0 1 1 .5-.866l1.12.646-.237-.883a.5.5 0 1 1 .966-.258l.495 1.849L7.5 7.134V3.207L6.147 1.854a.5.5 0 1 1 .707-.708l.646.647V.5a.5.5 0 1 1 1 0v1.293l.647-.647a.5.5 0 1 1 .707.708L8.5 3.207v3.927l3.4-1.963.496-1.85a.5.5 0 1 1 .966.26l-.236.882 1.12-.646a.5.5 0 0 1 .5.866l-1.12.646.883.237a.5.5 0 1 1-.26.966l-1.848-.495L9 8l3.4 1.963 1.849-.495a.5.5 0 0 1 .259.966l-.883.237 1.12.646a.5.5 0 0 1-.5.866l-1.12-.646.236.883a.5.5 0 1 1-.966.258l-.495-1.849-3.4-1.963v3.927l1.353 1.353a.5.5 0 0 1-.707.708l-.647-.647V15.5a.5.5 0 0 1-.5.5z\"\/>\n<\/svg>\t\t\t<\/label>\n\t\t\t\t\t<label><input autocomplete=\"off\" type=\"radio\" name=\"acf[field_65363f2fb6661]\" value=\"6e61b3bd\" \/>\n\t\t\t\t<svg xmlns=\"http:\/\/www.w3.org\/2000\/svg\" width=\"50\" height=\"50\" fill=\"currentColor\" class=\"bi\" viewBox=\"0 0 16 16\">\n  <path d=\"M3.612 15.443c-.386.198-.824-.149-.746-.592l.83-4.73L.173 6.765c-.329-.314-.158-.888.283-.95l4.898-.696L7.538.792c.197-.39.73-.39.927 0l2.184 4.327 4.898.696c.441.062.612.636.282.95l-3.522 3.356.83 4.73c.078.443-.36.79-.746.592L8 13.187l-4.389 2.256z\"\/>\n<\/svg>\t\t\t<\/label>\n\t\t\t\t\t<label><input autocomplete=\"off\" type=\"radio\" name=\"acf[field_65363f2fb6661]\" value=\"cfef9bbe\" \/>\n\t\t\t\t<svg xmlns=\"http:\/\/www.w3.org\/2000\/svg\" width=\"50\" height=\"50\" fill=\"currentColor\" class=\"bi\" viewBox=\"0 0 16 16\">\n  <path d=\"M8 12a4 4 0 1 0 0-8 4 4 0 0 0 0 8zM8 0a.5.5 0 0 1 .5.5v2a.5.5 0 0 1-1 0v-2A.5.5 0 0 1 8 0zm0 13a.5.5 0 0 1 .5.5v2a.5.5 0 0 1-1 0v-2A.5.5 0 0 1 8 13zm8-5a.5.5 0 0 1-.5.5h-2a.5.5 0 0 1 0-1h2a.5.5 0 0 1 .5.5zM3 8a.5.5 0 0 1-.5.5h-2a.5.5 0 0 1 0-1h2A.5.5 0 0 1 3 8zm10.657-5.657a.5.5 0 0 1 0 .707l-1.414 1.415a.5.5 0 1 1-.707-.708l1.414-1.414a.5.5 0 0 1 .707 0zm-9.193 9.193a.5.5 0 0 1 0 .707L3.05 13.657a.5.5 0 0 1-.707-.707l1.414-1.414a.5.5 0 0 1 .707 0zm9.193 2.121a.5.5 0 0 1-.707 0l-1.414-1.414a.5.5 0 0 1 .707-.707l1.414 1.414a.5.5 0 0 1 0 .707zM4.464 4.465a.5.5 0 0 1-.707 0L2.343 3.05a.5.5 0 1 1 .707-.707l1.414 1.414a.5.5 0 0 1 0 .708z\"\/>\n<\/svg>\t\t\t<\/label>\n\t\t\t\t\t<label><input autocomplete=\"off\" type=\"radio\" name=\"acf[field_65363f2fb6661]\" value=\"718713c9\" \/>\n\t\t\t\t<svg xmlns=\"http:\/\/www.w3.org\/2000\/svg\" width=\"50\" height=\"50\" fill=\"currentColor\" class=\"bi\" viewBox=\"0 0 16 16\">\n  <path d=\"M8.416.223a.5.5 0 0 0-.832 0l-3 4.5A.5.5 0 0 0 5 5.5h.098L3.076 8.735A.5.5 0 0 0 3.5 9.5h.191l-1.638 3.276a.5.5 0 0 0 .447.724H7V16h2v-2.5h4.5a.5.5 0 0 0 .447-.724L12.31 9.5h.191a.5.5 0 0 0 .424-.765L10.902 5.5H11a.5.5 0 0 0 .416-.777l-3-4.5z\"\/>\n<\/svg>\t\t\t<\/label>\n\t\t    <\/div>\n    <input type=\"hidden\" name=\"field_65363f2fb6661_correct\" value=\"Flor\" \/>\n<\/div>\n<\/div><\/div><div class=\"af-submit acf-form-submit\"><button type=\"submit\" class=\"acf-button af-submit-button\">Enviar<\/button><span class=\"acf-spinner af-spinner\"><\/span><\/div><\/div><\/form>\n\n\n\n<p><\/p>\n","protected":false},"excerpt":{"rendered":"<p>LA CALIDAD SUPERIOR REQUIERE UNA INSTALACI\u00d3N DE PRIMERA CLASE. Curso ELBE Pool Surface\u00ae&nbsp;con certificado del fabricante Mejore sus habilidades para soldar membranas reforzadas en el exclusivo centro de capacitaci\u00f3n de Elbtal Plastics en Dresden Alemania. Compacto y eficaz. En 3-4 d\u00edas de curso aprender\u00e1s t\u00e9cnicas de instalaci\u00f3n de la l\u00e1mina armada en piscinas de forma [&hellip;]<\/p>\n","protected":false},"author":2,"featured_media":0,"parent":0,"menu_order":0,"comment_status":"closed","ping_status":"closed","template":"","meta":{"_acf_changed":false,"footnotes":""},"class_list":["post-5063","page","type-page","status-publish","hentry"],"acf":[],"_links":{"self":[{"href":"https:\/\/elbepools.com\/es\/wp-json\/wp\/v2\/pages\/5063","targetHints":{"allow":["GET"]}}],"collection":[{"href":"https:\/\/elbepools.com\/es\/wp-json\/wp\/v2\/pages"}],"about":[{"href":"https:\/\/elbepools.com\/es\/wp-json\/wp\/v2\/types\/page"}],"author":[{"embeddable":true,"href":"https:\/\/elbepools.com\/es\/wp-json\/wp\/v2\/users\/2"}],"replies":[{"embeddable":true,"href":"https:\/\/elbepools.com\/es\/wp-json\/wp\/v2\/comments?post=5063"}],"version-history":[{"count":19,"href":"https:\/\/elbepools.com\/es\/wp-json\/wp\/v2\/pages\/5063\/revisions"}],"predecessor-version":[{"id":26573,"href":"https:\/\/elbepools.com\/es\/wp-json\/wp\/v2\/pages\/5063\/revisions\/26573"}],"wp:attachment":[{"href":"https:\/\/elbepools.com\/es\/wp-json\/wp\/v2\/media?parent=5063"}],"curies":[{"name":"wp","href":"https:\/\/api.w.org\/{rel}","templated":true}]}}