{"id":5009,"date":"2021-02-12T14:02:46","date_gmt":"2021-02-12T13:02:46","guid":{"rendered":"https:\/\/elbepools.com\/?page_id=5009"},"modified":"2025-03-04T12:00:49","modified_gmt":"2025-03-04T11:00:49","slug":"pie-de-imprenta","status":"publish","type":"page","link":"https:\/\/elbepools.com\/es\/pie-de-imprenta\/","title":{"rendered":"pie de imprenta"},"content":{"rendered":"\n<div class=\"wp-block-group\"><div class=\"wp-block-group__inner-container is-layout-flow wp-block-group-is-layout-flow\">\n<h1 class=\"wp-block-heading\"><strong>Nota legal<\/strong><\/h1>\n<\/div><\/div>\n\n\n\n<p><strong><strong>Operador del sitio web seg\u00fan secci\u00f3n 5 de norma de telecomunicaciones<\/strong><\/strong><\/p>\n\n\n\n<p>Elbtal Plastics GmbH &amp; Co. KG<br>Cowaplast 2<br>01640 Coswig<\/p>\n\n\n\n<p>E-mail : <a href=\"mailto:info@elbtal-plastics.de\">info@elbtal-plastics.de<\/a><br>Telefono : +49 3523 5330-0<br>Telefax : +49 3523 5330-222<\/p>\n\n\n\n<p><strong><strong>Registro comercial<\/strong><\/strong><\/p>\n\n\n\n<p>Tribunal de comercio : Dresden<br>N\u00famero de registro : HRA 5124<br>Director General : Golan Oliel&nbsp;\u2022 Marten Julius-Meyer zu Starten<\/p>\n\n\n\n<p><strong><strong>Entidad legalmente responsable<\/strong><\/strong><\/p>\n\n\n\n<p>Elbtal Verwaltungs GmbH<\/p>\n\n\n\n<p>Tribunal de comercio : Dresden<br>N\u00famero de registro : HRB 21491<br>Director General : Golan Oliel&nbsp;\u2022 Marten Julius-Meyer zu Starten<\/p>\n\n\n\n<p><strong><strong>N\u00famero fiscal de acuerdo a secci\u00f3n 27 de las leyes de comercio alemanas<\/strong><\/strong><\/p>\n\n\n\n<p>DE813627904<\/p>\n\n\n\n<p><strong><strong>Responsable del contenido seg\u00fan 55 p\u00e1rrafo 2 RStV<\/strong><\/strong><\/p>\n\n\n\n<p>direcci\u00f3n : ver arriba<\/p>\n\n\n\n<p><strong><strong>Informaci\u00f3n sobre resoluci\u00f3n de conflictos de Internet<\/strong><\/strong><\/p>\n\n\n\n<p>La Comisi\u00f3n Europea pone a su disposici\u00f3n una plataforma para resoluci\u00f3n de conflictos on line (ODR). Encontrar\u00e1 esta plataforma siguiendo este link : <a href=\"https:\/\/ec.europa.eu\/consumers\/adr\/\" rel=\"nofollow noopener\" target=\"_blank\">https:\/\/ec.europa.eu\/consumers\/adr\/<\/a>. Los consumidores podr\u00e1n resolver sus disputas acerca de contratos por Internet.<\/p>\n\n\n\n<p><strong><strong>Copyright y derecho de imagen<\/strong><\/strong><\/p>\n\n\n\n<p>El contenido de <a href=\"http:\/\/www-elbtal-plasics.de\" rel=\"nofollow noopener\" target=\"_blank\">www-elbtal-plasics.de<\/a> esta protegido por copyright. Las fotograf\u00edas est\u00e1n identificadas o tomadas por uno mismo. EL uso de fotograf\u00edas de terceras partes solo es posible con derecho de imagen del autor.<\/p>\n","protected":false},"excerpt":{"rendered":"<p>Nota legal Operador del sitio web seg\u00fan secci\u00f3n 5 de norma de telecomunicaciones Elbtal Plastics GmbH &amp; Co. KGCowaplast 201640 Coswig E-mail : info@elbtal-plastics.deTelefono : +49 3523 5330-0Telefax : +49 3523 5330-222 Registro comercial Tribunal de comercio : DresdenN\u00famero de registro : HRA 5124Director General : Golan Oliel&nbsp;\u2022 Marten Julius-Meyer zu Starten Entidad legalmente responsable [&hellip;]<\/p>\n","protected":false},"author":2,"featured_media":0,"parent":0,"menu_order":0,"comment_status":"closed","ping_status":"closed","template":"","meta":{"_acf_changed":false,"footnotes":""},"class_list":["post-5009","page","type-page","status-publish","hentry"],"acf":[],"_links":{"self":[{"href":"https:\/\/elbepools.com\/es\/wp-json\/wp\/v2\/pages\/5009","targetHints":{"allow":["GET"]}}],"collection":[{"href":"https:\/\/elbepools.com\/es\/wp-json\/wp\/v2\/pages"}],"about":[{"href":"https:\/\/elbepools.com\/es\/wp-json\/wp\/v2\/types\/page"}],"author":[{"embeddable":true,"href":"https:\/\/elbepools.com\/es\/wp-json\/wp\/v2\/users\/2"}],"replies":[{"embeddable":true,"href":"https:\/\/elbepools.com\/es\/wp-json\/wp\/v2\/comments?post=5009"}],"version-history":[{"count":14,"href":"https:\/\/elbepools.com\/es\/wp-json\/wp\/v2\/pages\/5009\/revisions"}],"predecessor-version":[{"id":23977,"href":"https:\/\/elbepools.com\/es\/wp-json\/wp\/v2\/pages\/5009\/revisions\/23977"}],"wp:attachment":[{"href":"https:\/\/elbepools.com\/es\/wp-json\/wp\/v2\/media?parent=5009"}],"curies":[{"name":"wp","href":"https:\/\/api.w.org\/{rel}","templated":true}]}}