{"id":4986,"date":"2021-02-12T14:01:00","date_gmt":"2021-02-12T13:01:00","guid":{"rendered":"https:\/\/elbepools.com\/?page_id=4986"},"modified":"2021-03-23T14:17:14","modified_gmt":"2021-03-23T13:17:14","slug":"proyectos","status":"publish","type":"page","link":"https:\/\/elbepools.com\/es\/tipos-de-uso\/proyectos\/","title":{"rendered":"proyectos"},"content":{"rendered":"\n<div id=\"jf-header-block_5ef4528504c66\" class=\"jf-header-block alignfull\">\n\t\t\t\t\t<div class=\"swiper-container\" data-swipe-settings=\"{&quot;slidesPerView&quot;:1,&quot;spaceBetween&quot;:0}\">\n\t\t\t<div class=\"swiper-wrapper\">\n\t\t\t\t\t\t<div class=\"swiper-slide hero-image\">\n\t\t\t\t\t<div class=\"hero-image__image__wrapper\">\n\t\t\t\t\t\t<picture>\n\t\t\t\t\t\t\t<source media=\"(max-width: 767px)\" srcset=\"https:\/\/elbepools.com\/app\/uploads\/2020\/07\/CP-projects-Slider-02-768x384.jpg\">\n\t\t\t\t\t\t\t<img fetchpriority=\"high\" decoding=\"async\" width=\"2048\" height=\"1024\" src=\"https:\/\/elbepools.com\/app\/uploads\/2020\/07\/CP-projects-Slider-02-2048x1024.jpg\" class=\"attachment-hero-full size-hero-full\" alt=\"\" title=\"CP-projects-Slider 02\" loading=\"eager\" srcset=\"https:\/\/elbepools.com\/app\/uploads\/2020\/07\/CP-projects-Slider-02.jpg 2048w, https:\/\/elbepools.com\/app\/uploads\/2020\/07\/CP-projects-Slider-02-300x150.jpg 300w, https:\/\/elbepools.com\/app\/uploads\/2020\/07\/CP-projects-Slider-02-768x384.jpg 768w, https:\/\/elbepools.com\/app\/uploads\/2020\/07\/CP-projects-Slider-02-1024x512.jpg 1024w\" sizes=\"(max-width: 2048px) 100vw, 2048px\" \/>\t\t\t\t\t\t<\/picture>\n\t\t\t\t\t\t<img decoding=\"async\" class=\"wellenstruktur\" src=\"https:\/\/elbepools.com\/app\/themes\/jagdfieber\/img\/welle-ganz.png\">\n\t\t\t\t\t<\/div>\n\t\t\t\t\t<div class=\"caption\">\n\t\t\t\t\t\t<div class=\"caption-outer\">\n\t\t\t\t\t\t\t<div class=\"caption-inner\">\n\t\t\t\t\t\t\t\t\t\t\t\t\t\t\t\t\t<div class=\"caption--headline\">\n\t\t\t\t\t\t\t\t\t\t<h2 class=\"caption--headline__text no-wave\">\n\t\t\t\t\t\t\t\t\t\t\tLOS BA\u00d1ISTAS \t\t\t\t\t\t\t\t\t\t\t<span>ADORAN SU SUAVIDAD<\/span>\n\t\t\t\t\t\t\t\t\t\t<\/h2>\n\t\t\t\t\t\t\t\t\t<\/div>\n\t\t\t\t\t\t\t\t\t\t\t\t\t\t\t\t\t\t<div class=\"caption--text\">\n\t\t\t\t\t\t\t\t\t\t<p><br data-mce-bogus=\"1\"><\/p>\n\t\t\t\t\t\t\t\t\t<\/div>\n\t\t\t\t\t\t\t\t\t\t\t\t\t\t\t<\/div>\n\t\t\t\t\t\t<\/div>\n\t\t\t\t\t<\/div>\n\t\t\t\t<\/div>\n\t\t\t\t\t\t\t\t<div class=\"swiper-slide hero-image\">\n\t\t\t\t\t<div class=\"hero-image__image__wrapper\">\n\t\t\t\t\t\t<picture>\n\t\t\t\t\t\t\t<source media=\"(max-width: 767px)\" srcset=\"https:\/\/elbepools.com\/app\/uploads\/2020\/07\/CP-projects-Slider-01-768x384.jpg\">\n\t\t\t\t\t\t\t<img decoding=\"async\" width=\"2048\" height=\"1024\" src=\"https:\/\/elbepools.com\/app\/uploads\/2020\/07\/CP-projects-Slider-01-2048x1024.jpg\" class=\"attachment-hero-full size-hero-full\" alt=\"\" title=\"CP-projects-Slider 01\" loading=\"eager\" srcset=\"https:\/\/elbepools.com\/app\/uploads\/2020\/07\/CP-projects-Slider-01.jpg 2048w, https:\/\/elbepools.com\/app\/uploads\/2020\/07\/CP-projects-Slider-01-300x150.jpg 300w, https:\/\/elbepools.com\/app\/uploads\/2020\/07\/CP-projects-Slider-01-768x384.jpg 768w, https:\/\/elbepools.com\/app\/uploads\/2020\/07\/CP-projects-Slider-01-1024x512.jpg 1024w\" sizes=\"(max-width: 2048px) 100vw, 2048px\" \/>\t\t\t\t\t\t<\/picture>\n\t\t\t\t\t\t<img decoding=\"async\" class=\"wellenstruktur\" src=\"https:\/\/elbepools.com\/app\/themes\/jagdfieber\/img\/welle-ganz.png\">\n\t\t\t\t\t<\/div>\n\t\t\t\t\t<div class=\"caption\">\n\t\t\t\t\t\t<div class=\"caption-outer\">\n\t\t\t\t\t\t\t<div class=\"caption-inner\">\n\t\t\t\t\t\t\t\t\t\t\t\t\t\t\t\t\t<div class=\"caption--headline\">\n\t\t\t\t\t\t\t\t\t\t<h2 class=\"caption--headline__text no-wave\">\n\t\t\t\t\t\t\t\t\t\t\tLA SOLUCI\u00d3N \t\t\t\t\t\t\t\t\t\t\t<span>IDEAL<\/span>\n\t\t\t\t\t\t\t\t\t\t<\/h2>\n\t\t\t\t\t\t\t\t\t<\/div>\n\t\t\t\t\t\t\t\t\t\t\t\t\t\t\t\t\t\t<div class=\"caption--text\">\n\t\t\t\t\t\t\t\t\t\t<p><br data-mce-bogus=\"1\"><\/p>\n\t\t\t\t\t\t\t\t\t<\/div>\n\t\t\t\t\t\t\t\t\t\t\t\t\t\t\t<\/div>\n\t\t\t\t\t\t<\/div>\n\t\t\t\t\t<\/div>\n\t\t\t\t<\/div>\n\t\t\t\t\t\t\t\t<div class=\"swiper-slide hero-image\">\n\t\t\t\t\t<div class=\"hero-image__image__wrapper\">\n\t\t\t\t\t\t<picture>\n\t\t\t\t\t\t\t<source media=\"(max-width: 767px)\" srcset=\"https:\/\/elbepools.com\/app\/uploads\/2020\/07\/CP-projects-Slider-03-768x384.jpg\">\n\t\t\t\t\t\t\t<img decoding=\"async\" width=\"2048\" height=\"1024\" src=\"https:\/\/elbepools.com\/app\/uploads\/2020\/07\/CP-projects-Slider-03-2048x1024.jpg\" class=\"attachment-hero-full size-hero-full\" alt=\"\" title=\"CP-projects-Slider 03\" loading=\"eager\" srcset=\"https:\/\/elbepools.com\/app\/uploads\/2020\/07\/CP-projects-Slider-03.jpg 2048w, https:\/\/elbepools.com\/app\/uploads\/2020\/07\/CP-projects-Slider-03-300x150.jpg 300w, https:\/\/elbepools.com\/app\/uploads\/2020\/07\/CP-projects-Slider-03-768x384.jpg 768w, https:\/\/elbepools.com\/app\/uploads\/2020\/07\/CP-projects-Slider-03-1024x512.jpg 1024w\" sizes=\"(max-width: 2048px) 100vw, 2048px\" \/>\t\t\t\t\t\t<\/picture>\n\t\t\t\t\t\t<img decoding=\"async\" class=\"wellenstruktur\" src=\"https:\/\/elbepools.com\/app\/themes\/jagdfieber\/img\/welle-ganz.png\">\n\t\t\t\t\t<\/div>\n\t\t\t\t\t<div class=\"caption\">\n\t\t\t\t\t\t<div class=\"caption-outer\">\n\t\t\t\t\t\t\t<div class=\"caption-inner\">\n\t\t\t\t\t\t\t\t\t\t\t\t\t\t\t\t\t<div class=\"caption--headline\">\n\t\t\t\t\t\t\t\t\t\t<h2 class=\"caption--headline__text no-wave\">\n\t\t\t\t\t\t\t\t\t\t\tSIN LIMITES \t\t\t\t\t\t\t\t\t\t\t<span>A SU IMAGINACI\u00d3N<\/span>\n\t\t\t\t\t\t\t\t\t\t<\/h2>\n\t\t\t\t\t\t\t\t\t<\/div>\n\t\t\t\t\t\t\t\t\t\t\t\t\t\t\t\t\t\t<div class=\"caption--text\">\n\t\t\t\t\t\t\t\t\t\t<p><br data-mce-bogus=\"1\"><\/p>\n\t\t\t\t\t\t\t\t\t<\/div>\n\t\t\t\t\t\t\t\t\t\t\t\t\t\t\t<\/div>\n\t\t\t\t\t\t<\/div>\n\t\t\t\t\t<\/div>\n\t\t\t\t<\/div>\n\t\t\t\t\t\t\t\t<\/div> <!-- .swiper-wrapper -->\n\t\t\t\t<div class=\"swiper-button-next\"><svg><use xmlns:xlink=\"http:\/\/www.w3.org\/1999\/xlink\" xlink:href=\"#pfeil\"><\/use><\/svg><\/div>\n\t\t\t\t<div class=\"swiper-button-prev\"><svg><use xmlns:xlink=\"http:\/\/www.w3.org\/1999\/xlink\" xlink:href=\"#pfeil\"><\/use><\/svg><\/div>\n\t\t\t<\/div> <!-- .swiper-container -->\n\t\t\t<\/div><!-- .container -->\n\n\n\n<h2 class=\"wp-block-heading\"><strong>A MEDIDA<\/strong> \u2013 <strong>SOLO PARA USTED<\/strong>.<\/h2>\n\n\n\n<p><strong><strong>ELBE Pool Surface<sup>\u00ae<\/sup><\/strong> <\/strong>se puede instalar en todas las piscinas, sin importar el tama\u00f1o o la forma. La membrana est\u00e1 formada por 2 l\u00e1minas flexibles de policloruro de vinilo plastificado (PVC-P) unidas entre s\u00ed por un tejido interior de poli\u00e9ster. Este tejido de poli\u00e9ster aporta estabilidad dimensional y alta resistencia a pinchazos o roturas, as\u00ed como elasticidad y flexibilidad. Por lo tanto, todas las piscinas e incluso las grandes instalaciones acu\u00e1ticas p\u00fablicas se pueden instalar con nuestro material..<\/p>\n\n\n\n<p><\/p>\n\n\n\n<p>Algunos ejemplos de proyectos le convencer\u00e1n.<\/p>\n\n\n\n<div class=\"wp-block-columns is-layout-flex wp-container-core-columns-is-layout-1 wp-block-columns-is-layout-flex\">\n<div class=\"wp-block-column is-layout-flow wp-block-column-is-layout-flow\">\n<figure class=\"wp-block-image alignfull size-teaser-cropped is-style-rounded\"><a href=\"https:\/\/elbepools.com\/app\/uploads\/2020\/06\/CP-projects-Slider-03-1.jpg\"><img loading=\"lazy\" decoding=\"async\" width=\"540\" height=\"360\" src=\"https:\/\/elbepools.com\/app\/uploads\/2020\/06\/CP-projects-Slider-03-1-540x360.jpg\" alt=\"\" class=\"wp-image-4991\" srcset=\"https:\/\/elbepools.com\/app\/uploads\/2020\/06\/CP-projects-Slider-03-1-540x360.jpg 540w, https:\/\/elbepools.com\/app\/uploads\/2020\/06\/CP-projects-Slider-03-1-569x380.jpg 569w\" sizes=\"auto, (max-width: 540px) 100vw, 540px\" \/><\/a><figcaption><span class=\"has-inline-color has-blue-color\">Hotel Miramar, Ibiza, Spain<br><\/span><span class=\"has-inline-color has-black-color\">tama\u00f1o: 190 m<sup>2<\/sup><br>a\u00f1o de instalaci\u00f3n: 2018<\/span><\/figcaption><\/figure>\n\n\n\n<div class=\"wp-block-group\"><div class=\"wp-block-group__inner-container is-layout-flow wp-block-group-is-layout-flow\">\n<figure class=\"wp-block-image alignfull size-teaser-cropped is-style-rounded\"><a href=\"https:\/\/elbepools.com\/app\/uploads\/2020\/07\/commercial-pool-03-scaled.jpg\"><img loading=\"lazy\" decoding=\"async\" width=\"540\" height=\"360\" src=\"https:\/\/elbepools.com\/app\/uploads\/2020\/07\/commercial-pool-03-scaled-540x360.jpg\" alt=\"\" class=\"wp-image-4992\" srcset=\"https:\/\/elbepools.com\/app\/uploads\/2020\/07\/commercial-pool-03-scaled-540x360.jpg 540w, https:\/\/elbepools.com\/app\/uploads\/2020\/07\/commercial-pool-03-scaled-569x380.jpg 569w\" sizes=\"auto, (max-width: 540px) 100vw, 540px\" \/><\/a><figcaption><span class=\"has-inline-color has-blue-color\">Perth, Australia<br><\/span>tama\u00f1o: 2.500 m<sup>2<\/sup><br>a\u00f1o de instalaci\u00f3n: 2017<\/figcaption><\/figure>\n<\/div><\/div>\n\n\n\n<figure class=\"wp-block-image alignfull size-teaser-cropped is-style-rounded\"><a href=\"https:\/\/elbepools.com\/app\/uploads\/2020\/07\/commercial-pool-05-scaled.jpg\"><img loading=\"lazy\" decoding=\"async\" width=\"540\" height=\"360\" src=\"https:\/\/elbepools.com\/app\/uploads\/2020\/07\/commercial-pool-05-scaled-540x360.jpg\" alt=\"\" class=\"wp-image-4994\" srcset=\"https:\/\/elbepools.com\/app\/uploads\/2020\/07\/commercial-pool-05-scaled-540x360.jpg 540w, https:\/\/elbepools.com\/app\/uploads\/2020\/07\/commercial-pool-05-scaled-569x380.jpg 569w\" sizes=\"auto, (max-width: 540px) 100vw, 540px\" \/><\/a><figcaption><span class=\"has-inline-color has-blue-color\">Martinsburg, West Virginia, USA<br><\/span>tama\u00f1o: 366 m<sup>2<\/sup><br>a\u00f1o de instalaci\u00f3n: 2017<\/figcaption><\/figure>\n\n\n\n<figure class=\"wp-block-image alignfull size-teaser-cropped is-style-rounded\"><a href=\"https:\/\/elbepools.com\/app\/uploads\/2020\/07\/commercial-pool-07-scaled.jpg\"><img loading=\"lazy\" decoding=\"async\" width=\"540\" height=\"360\" src=\"https:\/\/elbepools.com\/app\/uploads\/2020\/07\/commercial-pool-07-scaled-540x360.jpg\" alt=\"\" class=\"wp-image-4996\" title=\"\" srcset=\"https:\/\/elbepools.com\/app\/uploads\/2020\/07\/commercial-pool-07-scaled-540x360.jpg 540w, https:\/\/elbepools.com\/app\/uploads\/2020\/07\/commercial-pool-07-scaled-569x380.jpg 569w\" sizes=\"auto, (max-width: 540px) 100vw, 540px\" \/><\/a><figcaption><span class=\"has-inline-color has-blue-color\">Livonia, Michigan, USA<br><\/span>tama\u00f1o: 300 m<sup>2<\/sup><br>a\u00f1o de instalaci\u00f3n: 2016<\/figcaption><\/figure>\n\n\n\n<div class=\"wp-block-group\"><div class=\"wp-block-group__inner-container is-layout-flow wp-block-group-is-layout-flow\">\n<figure class=\"wp-block-image alignfull size-teaser-cropped is-style-rounded\"><a href=\"https:\/\/elbepools.com\/app\/uploads\/2020\/07\/commercial-pool-09-scaled.jpg\"><img loading=\"lazy\" decoding=\"async\" width=\"540\" height=\"360\" src=\"https:\/\/elbepools.com\/app\/uploads\/2020\/07\/commercial-pool-09-scaled-540x360.jpg\" alt=\"\" class=\"wp-image-4998\" srcset=\"https:\/\/elbepools.com\/app\/uploads\/2020\/07\/commercial-pool-09-scaled-540x360.jpg 540w, https:\/\/elbepools.com\/app\/uploads\/2020\/07\/commercial-pool-09-scaled-569x380.jpg 569w\" sizes=\"auto, (max-width: 540px) 100vw, 540px\" \/><\/a><figcaption><span class=\"has-inline-color has-blue-color\">Alcasser, Spain<br><\/span>tama\u00f1o: 1.250 m<sup>2<\/sup><br>a\u00f1o de instalaci\u00f3n: 2016<\/figcaption><\/figure>\n<\/div><\/div>\n\n\n\n<figure class=\"wp-block-image alignfull size-teaser-cropped is-style-rounded\"><a href=\"https:\/\/elbepools.com\/app\/uploads\/2020\/07\/commercial-pool-11-scaled.jpg\"><img loading=\"lazy\" decoding=\"async\" width=\"540\" height=\"360\" src=\"https:\/\/elbepools.com\/app\/uploads\/2020\/07\/commercial-pool-11-scaled-540x360.jpg\" alt=\"\" class=\"wp-image-5000\" srcset=\"https:\/\/elbepools.com\/app\/uploads\/2020\/07\/commercial-pool-11-scaled-540x360.jpg 540w, https:\/\/elbepools.com\/app\/uploads\/2020\/07\/commercial-pool-11-scaled-300x200.jpg 300w, https:\/\/elbepools.com\/app\/uploads\/2020\/07\/commercial-pool-11-scaled-768x512.jpg 768w, https:\/\/elbepools.com\/app\/uploads\/2020\/07\/commercial-pool-11-scaled-1024x683.jpg 1024w, https:\/\/elbepools.com\/app\/uploads\/2020\/07\/commercial-pool-11-scaled-569x380.jpg 569w\" sizes=\"auto, (max-width: 540px) 100vw, 540px\" \/><\/a><figcaption><span class=\"has-inline-color has-blue-color\">Prague, Czech Republic<br><\/span>tama\u00f1o: 1.500 m<sup>2<\/sup><br>a\u00f1o de instalaci\u00f3n: 2016<\/figcaption><\/figure>\n\n\n\n<figure class=\"wp-block-image alignfull size-teaser-cropped is-style-rounded\"><a href=\"https:\/\/elbepools.com\/app\/uploads\/2020\/07\/commercial-pool-13-scaled.jpg\"><img loading=\"lazy\" decoding=\"async\" width=\"540\" height=\"360\" src=\"https:\/\/elbepools.com\/app\/uploads\/2020\/07\/commercial-pool-13-scaled-540x360.jpg\" alt=\"\" class=\"wp-image-5003\" srcset=\"https:\/\/elbepools.com\/app\/uploads\/2020\/07\/commercial-pool-13-scaled-540x360.jpg 540w, https:\/\/elbepools.com\/app\/uploads\/2020\/07\/commercial-pool-13-scaled-569x380.jpg 569w\" sizes=\"auto, (max-width: 540px) 100vw, 540px\" \/><\/a><figcaption><span class=\"has-inline-color has-blue-color\">Jaz Aquaviva, Hurghada, Egypt<br><\/span>tama\u00f1o: 5.000 m<sup>2<\/sup><br>a\u00f1o de instalaci\u00f3n: 2015<\/figcaption><\/figure>\n\n\n\n<figure class=\"wp-block-image alignfull size-teaser-cropped is-style-rounded\"><a href=\"https:\/\/elbepools.com\/app\/uploads\/2020\/07\/commercial-pool-15-scaled.jpg\"><img loading=\"lazy\" decoding=\"async\" width=\"540\" height=\"360\" src=\"https:\/\/elbepools.com\/app\/uploads\/2020\/07\/commercial-pool-15-scaled-540x360.jpg\" alt=\"\" class=\"wp-image-5005\" srcset=\"https:\/\/elbepools.com\/app\/uploads\/2020\/07\/commercial-pool-15-scaled-540x360.jpg 540w, https:\/\/elbepools.com\/app\/uploads\/2020\/07\/commercial-pool-15-scaled-569x380.jpg 569w\" sizes=\"auto, (max-width: 540px) 100vw, 540px\" \/><\/a><figcaption><span class=\"has-inline-color has-blue-color\">Island of Cozumel, Mexico<br><\/span>tama\u00f1o: 3.251 m<sup>2<\/sup><br>a\u00f1o de instalaci\u00f3n: 2003<\/figcaption><\/figure>\n<\/div>\n\n\n\n<div class=\"wp-block-column is-layout-flow wp-block-column-is-layout-flow\">\n<figure class=\"wp-block-image alignfull size-teaser-cropped is-style-rounded\"><a href=\"https:\/\/elbepools.com\/app\/uploads\/2020\/06\/elite-Slider-01.jpg\"><img loading=\"lazy\" decoding=\"async\" width=\"540\" height=\"360\" src=\"https:\/\/elbepools.com\/app\/uploads\/2020\/06\/elite-Slider-01-540x360.jpg\" alt=\"\" class=\"wp-image-5281\" srcset=\"https:\/\/elbepools.com\/app\/uploads\/2020\/06\/elite-Slider-01-540x360.jpg 540w, https:\/\/elbepools.com\/app\/uploads\/2020\/06\/elite-Slider-01-569x380.jpg 569w\" sizes=\"auto, (max-width: 540px) 100vw, 540px\" \/><\/a><figcaption><span class=\"has-inline-color has-blue-color\">Punta Cana, Dominican Republic<br><\/span><span class=\"has-inline-color has-black-color\">tama\u00f1o: 3.500 m<sup>2<\/sup><br>a\u00f1o de instalaci\u00f3n: 2017<\/span><\/figcaption><\/figure>\n\n\n\n<div class=\"wp-block-group\"><div class=\"wp-block-group__inner-container is-layout-flow wp-block-group-is-layout-flow\">\n<figure class=\"wp-block-image alignfull size-teaser-cropped is-style-rounded\"><a href=\"https:\/\/elbepools.com\/app\/uploads\/2020\/07\/commercial-pool-04-scaled.jpg\"><img loading=\"lazy\" decoding=\"async\" width=\"540\" height=\"360\" src=\"https:\/\/elbepools.com\/app\/uploads\/2020\/07\/commercial-pool-04-scaled-540x360.jpg\" alt=\"\" class=\"wp-image-4993\" srcset=\"https:\/\/elbepools.com\/app\/uploads\/2020\/07\/commercial-pool-04-scaled-540x360.jpg 540w, https:\/\/elbepools.com\/app\/uploads\/2020\/07\/commercial-pool-04-scaled-569x380.jpg 569w\" sizes=\"auto, (max-width: 540px) 100vw, 540px\" \/><\/a><figcaption><span class=\"has-inline-color has-blue-color\">Piscina de la competencia, Keystone, USA<br><\/span>tama\u00f1o: 1.142 m<sup>2<\/sup><br>a\u00f1o de instalaci\u00f3n: 2017<\/figcaption><\/figure>\n<\/div><\/div>\n\n\n\n<figure class=\"wp-block-image alignfull size-teaser-cropped is-style-rounded\"><a href=\"https:\/\/elbepools.com\/app\/uploads\/2020\/07\/commercial-pool-06-scaled.jpg\"><img loading=\"lazy\" decoding=\"async\" width=\"540\" height=\"360\" src=\"https:\/\/elbepools.com\/app\/uploads\/2020\/07\/commercial-pool-06-scaled-540x360.jpg\" alt=\"\" class=\"wp-image-4995\" srcset=\"https:\/\/elbepools.com\/app\/uploads\/2020\/07\/commercial-pool-06-scaled-540x360.jpg 540w, https:\/\/elbepools.com\/app\/uploads\/2020\/07\/commercial-pool-06-scaled-569x380.jpg 569w\" sizes=\"auto, (max-width: 540px) 100vw, 540px\" \/><\/a><figcaption><span class=\"has-inline-color has-blue-color\">Christian School, Charlotte, North Carolina, USA<br><\/span>tama\u00f1o: 465 m<sup>2<\/sup><br>a\u00f1o de instalaci\u00f3n: 2016<\/figcaption><\/figure>\n\n\n\n<figure class=\"wp-block-image alignfull size-teaser-cropped is-style-rounded\"><a href=\"https:\/\/elbepools.com\/app\/uploads\/2020\/07\/commercial-pool-08-scaled.jpg\"><img loading=\"lazy\" decoding=\"async\" width=\"540\" height=\"360\" src=\"https:\/\/elbepools.com\/app\/uploads\/2020\/07\/commercial-pool-08-scaled-540x360.jpg\" alt=\"\" class=\"wp-image-4997\" srcset=\"https:\/\/elbepools.com\/app\/uploads\/2020\/07\/commercial-pool-08-scaled-540x360.jpg 540w, https:\/\/elbepools.com\/app\/uploads\/2020\/07\/commercial-pool-08-scaled-569x380.jpg 569w\" sizes=\"auto, (max-width: 540px) 100vw, 540px\" \/><\/a><figcaption><span class=\"has-inline-color has-blue-color\">5* Hotel, Cyprus<br><\/span>tama\u00f1o: 4.000 m<sup>2<\/sup><br>a\u00f1o de instalaci\u00f3n: 2016<\/figcaption><\/figure>\n\n\n\n<div class=\"wp-block-group\"><div class=\"wp-block-group__inner-container is-layout-flow wp-block-group-is-layout-flow\">\n<figure class=\"wp-block-image alignfull size-teaser-cropped is-style-rounded\"><a href=\"https:\/\/elbepools.com\/app\/uploads\/2020\/07\/commercial-pool-10-scaled.jpg\"><img loading=\"lazy\" decoding=\"async\" width=\"540\" height=\"360\" src=\"https:\/\/elbepools.com\/app\/uploads\/2020\/07\/commercial-pool-10-scaled-540x360.jpg\" alt=\"\" class=\"wp-image-4999\" srcset=\"https:\/\/elbepools.com\/app\/uploads\/2020\/07\/commercial-pool-10-scaled-540x360.jpg 540w, https:\/\/elbepools.com\/app\/uploads\/2020\/07\/commercial-pool-10-scaled-569x380.jpg 569w\" sizes=\"auto, (max-width: 540px) 100vw, 540px\" \/><\/a><figcaption><span class=\"has-inline-color has-blue-color\">Ali Baba Aqua Park, Hurghada, Egypt<br><\/span>tama\u00f1o: 3.500 m<sup>2<\/sup><br>a\u00f1o de instalaci\u00f3n: 2016<\/figcaption><\/figure>\n<\/div><\/div>\n\n\n\n<figure class=\"wp-block-image alignfull size-teaser-cropped is-style-rounded\"><a href=\"https:\/\/elbepools.com\/app\/uploads\/2020\/07\/commercial-pool-12-scaled.jpg\"><img loading=\"lazy\" decoding=\"async\" width=\"540\" height=\"360\" src=\"https:\/\/elbepools.com\/app\/uploads\/2020\/07\/commercial-pool-12-scaled-540x360.jpg\" alt=\"\" class=\"wp-image-5002\" srcset=\"https:\/\/elbepools.com\/app\/uploads\/2020\/07\/commercial-pool-12-scaled-540x360.jpg 540w, https:\/\/elbepools.com\/app\/uploads\/2020\/07\/commercial-pool-12-scaled-569x380.jpg 569w\" sizes=\"auto, (max-width: 540px) 100vw, 540px\" \/><\/a><figcaption><span class=\"has-inline-color has-blue-color\">North Coast Haisenda, Egypt<br><\/span>tama\u00f1o: 40.000 m<sup>2<\/sup><br>a\u00f1o de instalaci\u00f3n: 2015<\/figcaption><\/figure>\n\n\n\n<figure class=\"wp-block-image alignfull size-teaser-cropped is-style-rounded\"><a href=\"https:\/\/elbepools.com\/app\/uploads\/2020\/07\/commercial-pool-14-scaled.jpg\"><img loading=\"lazy\" decoding=\"async\" width=\"540\" height=\"360\" src=\"https:\/\/elbepools.com\/app\/uploads\/2020\/07\/commercial-pool-14-scaled-540x360.jpg\" alt=\"\" class=\"wp-image-5004\" srcset=\"https:\/\/elbepools.com\/app\/uploads\/2020\/07\/commercial-pool-14-scaled-540x360.jpg 540w, https:\/\/elbepools.com\/app\/uploads\/2020\/07\/commercial-pool-14-scaled-569x380.jpg 569w\" sizes=\"auto, (max-width: 540px) 100vw, 540px\" \/><\/a><figcaption><span class=\"has-inline-color has-blue-color\">Mirage Aqua Park, Hurghada, Egypt<br><\/span>tama\u00f1o: 5.000 m<sup>2<\/sup><br>a\u00f1o de instalaci\u00f3n: 2014<\/figcaption><\/figure>\n<\/div>\n<\/div>\n\n\n\n<p><\/p>\n","protected":false},"excerpt":{"rendered":"<p>A MEDIDA \u2013 SOLO PARA USTED. ELBE Pool Surface\u00ae se puede instalar en todas las piscinas, sin importar el tama\u00f1o o la forma. La membrana est\u00e1 formada por 2 l\u00e1minas flexibles de policloruro de vinilo plastificado (PVC-P) unidas entre s\u00ed por un tejido interior de poli\u00e9ster. Este tejido de poli\u00e9ster aporta estabilidad dimensional y alta [&hellip;]<\/p>\n","protected":false},"author":2,"featured_media":0,"parent":4876,"menu_order":3,"comment_status":"closed","ping_status":"closed","template":"","meta":{"_acf_changed":false,"footnotes":""},"class_list":["post-4986","page","type-page","status-publish","hentry"],"acf":[],"_links":{"self":[{"href":"https:\/\/elbepools.com\/es\/wp-json\/wp\/v2\/pages\/4986","targetHints":{"allow":["GET"]}}],"collection":[{"href":"https:\/\/elbepools.com\/es\/wp-json\/wp\/v2\/pages"}],"about":[{"href":"https:\/\/elbepools.com\/es\/wp-json\/wp\/v2\/types\/page"}],"author":[{"embeddable":true,"href":"https:\/\/elbepools.com\/es\/wp-json\/wp\/v2\/users\/2"}],"replies":[{"embeddable":true,"href":"https:\/\/elbepools.com\/es\/wp-json\/wp\/v2\/comments?post=4986"}],"version-history":[{"count":5,"href":"https:\/\/elbepools.com\/es\/wp-json\/wp\/v2\/pages\/4986\/revisions"}],"predecessor-version":[{"id":12379,"href":"https:\/\/elbepools.com\/es\/wp-json\/wp\/v2\/pages\/4986\/revisions\/12379"}],"up":[{"embeddable":true,"href":"https:\/\/elbepools.com\/es\/wp-json\/wp\/v2\/pages\/4876"}],"wp:attachment":[{"href":"https:\/\/elbepools.com\/es\/wp-json\/wp\/v2\/media?parent=4986"}],"curies":[{"name":"wp","href":"https:\/\/api.w.org\/{rel}","templated":true}]}}