{"id":4971,"date":"2021-02-12T13:50:57","date_gmt":"2021-02-12T12:50:57","guid":{"rendered":"https:\/\/elbepools.com\/?page_id=4971"},"modified":"2025-04-08T15:38:52","modified_gmt":"2025-04-08T13:38:52","slug":"piscinas-publicas","status":"publish","type":"page","link":"https:\/\/elbepools.com\/es\/tipos-de-uso\/piscinas-publicas\/","title":{"rendered":"piscinas p\u00fablicas"},"content":{"rendered":"\n<div id=\"jf-header-block_fa5957dcd9ff1492e271f871cfd47949\" class=\"jf-header-block alignfull\">\n\t\t\t\t\t<div class=\"swiper-container\" data-swipe-settings=\"{&quot;slidesPerView&quot;:1,&quot;spaceBetween&quot;:0}\">\n\t\t\t<div class=\"swiper-wrapper\">\n\t\t\t\t\t\t<div class=\"swiper-slide hero-image\">\n\t\t\t\t\t<div class=\"hero-image__image__wrapper\">\n\t\t\t\t\t\t<picture>\n\t\t\t\t\t\t\t<source media=\"(max-width: 767px)\" srcset=\"https:\/\/elbepools.com\/app\/uploads\/2020\/06\/CP-Slider-01-768x384.jpg\">\n\t\t\t\t\t\t\t<img fetchpriority=\"high\" decoding=\"async\" width=\"2048\" height=\"1024\" src=\"https:\/\/elbepools.com\/app\/uploads\/2020\/06\/CP-Slider-01-2048x1024.jpg\" class=\"attachment-hero-full size-hero-full\" alt=\"\" title=\"CP &#8211; Slider 01\" loading=\"eager\" srcset=\"https:\/\/elbepools.com\/app\/uploads\/2020\/06\/CP-Slider-01.jpg 2048w, https:\/\/elbepools.com\/app\/uploads\/2020\/06\/CP-Slider-01-300x150.jpg 300w, https:\/\/elbepools.com\/app\/uploads\/2020\/06\/CP-Slider-01-768x384.jpg 768w, https:\/\/elbepools.com\/app\/uploads\/2020\/06\/CP-Slider-01-1024x512.jpg 1024w\" sizes=\"(max-width: 2048px) 100vw, 2048px\" \/>\t\t\t\t\t\t<\/picture>\n\t\t\t\t\t\t<img decoding=\"async\" class=\"wellenstruktur\" src=\"https:\/\/elbepools.com\/app\/themes\/jagdfieber\/img\/welle-ganz.png\">\n\t\t\t\t\t<\/div>\n\t\t\t\t\t<div class=\"caption\">\n\t\t\t\t\t\t<div class=\"caption-outer\">\n\t\t\t\t\t\t\t<div class=\"caption-inner\">\n\t\t\t\t\t\t\t\t\t\t\t\t\t\t\t\t\t<div class=\"caption--headline\">\n\t\t\t\t\t\t\t\t\t\t<h2 class=\"caption--headline__text no-wave\">\n\t\t\t\t\t\t\t\t\t\t\tPARA TODO TIPO\t\t\t\t\t\t\t\t\t\t\t<span>DE USUARIOS<\/span>\n\t\t\t\t\t\t\t\t\t\t<\/h2>\n\t\t\t\t\t\t\t\t\t<\/div>\n\t\t\t\t\t\t\t\t\t\t\t\t\t\t\t\t<\/div>\n\t\t\t\t\t\t<\/div>\n\t\t\t\t\t<\/div>\n\t\t\t\t<\/div>\n\t\t\t\t\t\t\t\t<div class=\"swiper-slide hero-image\">\n\t\t\t\t\t<div class=\"hero-image__image__wrapper\">\n\t\t\t\t\t\t<picture>\n\t\t\t\t\t\t\t<source media=\"(max-width: 767px)\" srcset=\"https:\/\/elbepools.com\/app\/uploads\/2020\/06\/CP-Slider-02-768x384.jpg\">\n\t\t\t\t\t\t\t<img decoding=\"async\" width=\"2048\" height=\"1024\" src=\"https:\/\/elbepools.com\/app\/uploads\/2020\/06\/CP-Slider-02-2048x1024.jpg\" class=\"attachment-hero-full size-hero-full\" alt=\"\" title=\"CP &#8211; Slider 02\" loading=\"eager\" srcset=\"https:\/\/elbepools.com\/app\/uploads\/2020\/06\/CP-Slider-02.jpg 2048w, https:\/\/elbepools.com\/app\/uploads\/2020\/06\/CP-Slider-02-300x150.jpg 300w, https:\/\/elbepools.com\/app\/uploads\/2020\/06\/CP-Slider-02-768x384.jpg 768w, https:\/\/elbepools.com\/app\/uploads\/2020\/06\/CP-Slider-02-1024x512.jpg 1024w\" sizes=\"(max-width: 2048px) 100vw, 2048px\" \/>\t\t\t\t\t\t<\/picture>\n\t\t\t\t\t\t<img decoding=\"async\" class=\"wellenstruktur\" src=\"https:\/\/elbepools.com\/app\/themes\/jagdfieber\/img\/welle-ganz.png\">\n\t\t\t\t\t<\/div>\n\t\t\t\t\t<div class=\"caption\">\n\t\t\t\t\t\t<div class=\"caption-outer\">\n\t\t\t\t\t\t\t<div class=\"caption-inner\">\n\t\t\t\t\t\t\t\t\t\t\t\t\t\t\t\t\t<div class=\"caption--headline\">\n\t\t\t\t\t\t\t\t\t\t<h2 class=\"caption--headline__text no-wave\">\n\t\t\t\t\t\t\t\t\t\t\tELEGANTE. \u00daNICO. \t\t\t\t\t\t\t\t\t\t\t<span>CONFORTABLE.<\/span>\n\t\t\t\t\t\t\t\t\t\t<\/h2>\n\t\t\t\t\t\t\t\t\t<\/div>\n\t\t\t\t\t\t\t\t\t\t\t\t\t\t\t\t<\/div>\n\t\t\t\t\t\t<\/div>\n\t\t\t\t\t<\/div>\n\t\t\t\t<\/div>\n\t\t\t\t\t\t\t\t<div class=\"swiper-slide hero-image\">\n\t\t\t\t\t<div class=\"hero-image__image__wrapper\">\n\t\t\t\t\t\t<picture>\n\t\t\t\t\t\t\t<source media=\"(max-width: 767px)\" srcset=\"https:\/\/elbepools.com\/app\/uploads\/2020\/06\/CP-Slider-03-768x384.jpg\">\n\t\t\t\t\t\t\t<img decoding=\"async\" width=\"2048\" height=\"1024\" src=\"https:\/\/elbepools.com\/app\/uploads\/2020\/06\/CP-Slider-03-2048x1024.jpg\" class=\"attachment-hero-full size-hero-full\" alt=\"\" title=\"CP &#8211; Slider 03\" loading=\"eager\" srcset=\"https:\/\/elbepools.com\/app\/uploads\/2020\/06\/CP-Slider-03.jpg 2048w, https:\/\/elbepools.com\/app\/uploads\/2020\/06\/CP-Slider-03-300x150.jpg 300w, https:\/\/elbepools.com\/app\/uploads\/2020\/06\/CP-Slider-03-768x384.jpg 768w, https:\/\/elbepools.com\/app\/uploads\/2020\/06\/CP-Slider-03-1024x512.jpg 1024w\" sizes=\"(max-width: 2048px) 100vw, 2048px\" \/>\t\t\t\t\t\t<\/picture>\n\t\t\t\t\t\t<img decoding=\"async\" class=\"wellenstruktur\" src=\"https:\/\/elbepools.com\/app\/themes\/jagdfieber\/img\/welle-ganz.png\">\n\t\t\t\t\t<\/div>\n\t\t\t\t\t<div class=\"caption\">\n\t\t\t\t\t\t<div class=\"caption-outer\">\n\t\t\t\t\t\t\t<div class=\"caption-inner\">\n\t\t\t\t\t\t\t\t\t\t\t\t\t\t\t\t\t<div class=\"caption--headline\">\n\t\t\t\t\t\t\t\t\t\t<h2 class=\"caption--headline__text no-wave\">\n\t\t\t\t\t\t\t\t\t\t\tCUALQUIER FORMA.\t\t\t\t\t\t\t\t\t\t\t<span>CUALQUIER TAMA\u00d1O.<\/span>\n\t\t\t\t\t\t\t\t\t\t<\/h2>\n\t\t\t\t\t\t\t\t\t<\/div>\n\t\t\t\t\t\t\t\t\t\t\t\t\t\t\t\t<\/div>\n\t\t\t\t\t\t<\/div>\n\t\t\t\t\t<\/div>\n\t\t\t\t<\/div>\n\t\t\t\t\t\t\t\t<\/div> <!-- .swiper-wrapper -->\n\t\t\t\t<div class=\"swiper-button-next\"><svg><use xmlns:xlink=\"http:\/\/www.w3.org\/1999\/xlink\" xlink:href=\"#pfeil\"><\/use><\/svg><\/div>\n\t\t\t\t<div class=\"swiper-button-prev\"><svg><use xmlns:xlink=\"http:\/\/www.w3.org\/1999\/xlink\" xlink:href=\"#pfeil\"><\/use><\/svg><\/div>\n\t\t\t<\/div> <!-- .swiper-container -->\n\t\t\t<\/div><!-- .container -->\n\n\n\n<div class=\"wp-block-group\"><div class=\"wp-block-group__inner-container is-layout-flow wp-block-group-is-layout-flow\">\n<h2 class=\"wp-block-heading\">LA SOLUCI\u00d3N IDEAL.<\/h2>\n\n\n\n<div class=\"wp-block-columns is-layout-flex wp-container-core-columns-is-layout-1 wp-block-columns-is-layout-flex\">\n<div class=\"wp-block-column is-layout-flow wp-block-column-is-layout-flow\">\n<ul class=\"wp-block-list\">\n<li>Garant\u00eda de impermeabilidad de 15 a\u00f1os<\/li>\n\n\n\n<li>R\u00e1pida installaci\u00f3n<\/li>\n\n\n\n<li>Sin maquinaria pesada ni ruido durante la instalaci\u00f3n<\/li>\n<\/ul>\n<\/div>\n\n\n\n<div class=\"wp-block-column is-layout-flow wp-block-column-is-layout-flow\">\n<ul class=\"wp-block-list\">\n<li>Superficie agradable<\/li>\n\n\n\n<li>El material m\u00e1s sano sin presencia de elementos peligrosos<\/li>\n\n\n\n<li>F\u00e1cil mantenimiento<\/li>\n<\/ul>\n<\/div>\n<\/div>\n\n\n\n<h2 class=\"wp-block-heading\">SABEMOS DE PISCINAS.<\/h2>\n\n\n\n<p><strong><strong>ELBE Pool Surface<sup>\u00ae<\/sup><\/strong> <\/strong>es adecuado para cualquier forma o tama\u00f1o de piscina. Representa la soluci\u00f3n perfecta tanto para nuevas construcciones como renovaci\u00f3n de piscinas existentes. Se puede instalar encima de cer\u00e1mica, hormig\u00f3n, yeso, metal, fibra de vidrio o madera Las membranas <strong>ELBE Pool Surface<sup>\u00ae<\/sup> <\/strong>son la soluci\u00f3n perfect para impermeabilizar cualquier tipo de piscinas.<\/p>\n\n\n\n<p>Las l\u00e1minas <strong>ELBE Pool Surface<sup>\u00ae<\/sup> <\/strong>se elaboran solo con resinas virgenes y est\u00e1n libres de metales pesados. Cumplen con todos los requisitos de un producto con clara vocaci\u00f3n ecol\u00f3gica. Con la gran selecci\u00f3n de colores, dise\u00f1os y texturas, no hay limites a su imaginaci\u00f3n.<\/p>\n\n\n\n<div style=\"height:55px\" aria-hidden=\"true\" class=\"wp-block-spacer\"><\/div>\n\n\n\n<div id=\"jf-advantages-block_8432305cb34ee4a9bd9e0b3e33b04904\" class=\"jf-advantages-block\">\n\t\t\t<div class=\"row\">\n\t\t\t<div class=\"col-sm-12\">\n\t\t\t\t<div class=\"advantages-wrapper\">\n\t\t\t\t\t<div class=\"headline\">\n\t\t\t\t\t\t<h2 class=\"headline__text no-wave\">VENTAJAS<\/h2>\n\t\t\t\t\t\t<img decoding=\"async\" class=\"wave\" src=\"https:\/\/elbepools.com\/app\/themes\/jagdfieber\/img\/welle-weiss.png\">\n\t\t\t\t\t<\/div>\n\t\t\t\t<div class=\"row advantages \">\n\t\t\t\t\t\t\t\t\t\t\t<div class=\"col-sm-6 col-md-4 single-advantages\">\n\t\t\t\t\t\t\t<div class=\"advantage\">\n\t\t\t\t\t\t\t\t<span class=\"icon\"><img loading=\"lazy\" decoding=\"async\" width=\"91\" height=\"91\" src=\"https:\/\/elbepools.com\/app\/uploads\/2020\/12\/icon_uv-resistance-1.png\" class=\"attachment-thumbnail size-thumbnail\" alt=\"\" \/><\/span>\n\t\t\t\t\t\t\t\t<span class=\"text\">Resistencia a los UV<\/span>\n\t\t\t\t\t\t\t<\/div>\n\t\t\t\t\t\t<\/div>\n\t\t\t\t\t\t\t\t\t\t\t<div class=\"col-sm-6 col-md-4 single-advantages\">\n\t\t\t\t\t\t\t<div class=\"advantage\">\n\t\t\t\t\t\t\t\t<span class=\"icon\"><img loading=\"lazy\" decoding=\"async\" width=\"91\" height=\"91\" src=\"https:\/\/elbepools.com\/app\/uploads\/2020\/12\/icon_chlorine-resistance.png\" class=\"attachment-thumbnail size-thumbnail\" alt=\"\" \/><\/span>\n\t\t\t\t\t\t\t\t<span class=\"text\">Resistencia al cloro<\/span>\n\t\t\t\t\t\t\t<\/div>\n\t\t\t\t\t\t<\/div>\n\t\t\t\t\t\t\t\t\t\t\t<div class=\"col-sm-6 col-md-4 single-advantages\">\n\t\t\t\t\t\t\t<div class=\"advantage\">\n\t\t\t\t\t\t\t\t<span class=\"icon\"><img loading=\"lazy\" decoding=\"async\" width=\"91\" height=\"91\" src=\"https:\/\/elbepools.com\/app\/uploads\/2020\/12\/icon_bacteria-resistance-1.png\" class=\"attachment-thumbnail size-thumbnail\" alt=\"\" \/><\/span>\n\t\t\t\t\t\t\t\t<span class=\"text\">Previene el desarrollo de bacterias<\/span>\n\t\t\t\t\t\t\t<\/div>\n\t\t\t\t\t\t<\/div>\n\t\t\t\t\t\t\t\t\t\t\t<div class=\"col-sm-6 col-md-4 single-advantages\">\n\t\t\t\t\t\t\t<div class=\"advantage\">\n\t\t\t\t\t\t\t\t<span class=\"icon\"><img loading=\"lazy\" decoding=\"async\" width=\"91\" height=\"91\" src=\"https:\/\/elbepools.com\/app\/uploads\/2020\/12\/icon_anti-stain-effect-1-1.png\" class=\"attachment-thumbnail size-thumbnail\" alt=\"\" \/><\/span>\n\t\t\t\t\t\t\t\t<span class=\"text\">Efecto anti manchas<\/span>\n\t\t\t\t\t\t\t<\/div>\n\t\t\t\t\t\t<\/div>\n\t\t\t\t\t\t\t\t\t\t\t<div class=\"col-sm-6 col-md-4 single-advantages\">\n\t\t\t\t\t\t\t<div class=\"advantage\">\n\t\t\t\t\t\t\t\t<span class=\"icon\"><img loading=\"lazy\" decoding=\"async\" width=\"91\" height=\"91\" src=\"https:\/\/elbepools.com\/app\/uploads\/2020\/12\/icon_scratch-resistance-1.png\" class=\"attachment-thumbnail size-thumbnail\" alt=\"\" \/><\/span>\n\t\t\t\t\t\t\t\t<span class=\"text\">Resistencia a los ara\u00f1azos<\/span>\n\t\t\t\t\t\t\t<\/div>\n\t\t\t\t\t\t<\/div>\n\t\t\t\t\t\t\t\t\t\t\t<div class=\"col-sm-6 col-md-4 single-advantages\">\n\t\t\t\t\t\t\t<div class=\"advantage\">\n\t\t\t\t\t\t\t\t<span class=\"icon\"><img loading=\"lazy\" decoding=\"async\" width=\"91\" height=\"91\" src=\"https:\/\/elbepools.com\/app\/uploads\/2020\/12\/icon_easy-to-clean-1.png\" class=\"attachment-thumbnail size-thumbnail\" alt=\"\" \/><\/span>\n\t\t\t\t\t\t\t\t<span class=\"text\">Limpieza f\u00e1cil<\/span>\n\t\t\t\t\t\t\t<\/div>\n\t\t\t\t\t\t<\/div>\n\t\t\t\t\t\t\t\t\t\t\t<div class=\"col-sm-6 col-md-4 single-advantages\">\n\t\t\t\t\t\t\t<div class=\"advantage\">\n\t\t\t\t\t\t\t\t<span class=\"icon\"><img loading=\"lazy\" decoding=\"async\" width=\"91\" height=\"91\" src=\"https:\/\/elbepools.com\/app\/uploads\/2020\/12\/icon_lifespan-1.png\" class=\"attachment-thumbnail size-thumbnail\" alt=\"\" \/><\/span>\n\t\t\t\t\t\t\t\t<span class=\"text\">Vida \u00fatil m\u00e1s larga<\/span>\n\t\t\t\t\t\t\t<\/div>\n\t\t\t\t\t\t<\/div>\n\t\t\t\t\t\t\t\t\t\t\t<div class=\"col-sm-6 col-md-4 single-advantages\">\n\t\t\t\t\t\t\t<div class=\"advantage\">\n\t\t\t\t\t\t\t\t<span class=\"icon\"><img loading=\"lazy\" decoding=\"async\" width=\"91\" height=\"91\" src=\"https:\/\/elbepools.com\/app\/uploads\/2020\/12\/icon_quick-installation-1.png\" class=\"attachment-thumbnail size-thumbnail\" alt=\"\" \/><\/span>\n\t\t\t\t\t\t\t\t<span class=\"text\">R\u00e1pida instalaci\u00f3n<\/span>\n\t\t\t\t\t\t\t<\/div>\n\t\t\t\t\t\t<\/div>\n\t\t\t\t\t\t\t\t\t<\/div>\n\t\t\t\t<\/div>\n\t\t\t<\/div>\n\t\t<\/div>\n\t<\/div>\n<\/div><\/div>\n\n\n\n<h2 class=\"wp-block-heading\">COMPARATIVA DE ELBE Pool Surface<sup>\u00ae <\/sup><br>CON OTRAS TECNICAS DE IMPERMEABILIZACI\u00d3N<\/h2>\n\n\n\n<div id=\"jf-table-with-thumbnail-block_b5e7f6594faac0ebcf21dfaef54b7e59\" class=\"jf-table-with-thumbnail-block\">\n\n\t\t\t\t\t\t\t<a href=\"#\" class=\"table--maximize-link table--toggle\" data-target=\"#table--69e3550a044f5\">\n\t\t\t<img loading=\"lazy\" decoding=\"async\" width=\"1024\" height=\"651\" src=\"https:\/\/elbepools.com\/app\/uploads\/2021\/02\/Vorteile-ELBE-Pool-ES-1024x651.jpg\" class=\"table--thumbnail\" alt=\"\" srcset=\"https:\/\/elbepools.com\/app\/uploads\/2021\/02\/Vorteile-ELBE-Pool-ES-1024x651.jpg 1024w, https:\/\/elbepools.com\/app\/uploads\/2021\/02\/Vorteile-ELBE-Pool-ES-300x191.jpg 300w, https:\/\/elbepools.com\/app\/uploads\/2021\/02\/Vorteile-ELBE-Pool-ES-768x488.jpg 768w\" sizes=\"auto, (max-width: 1024px) 100vw, 1024px\" \/>\t\t\t<p class=\"table--maximize-caption\">vertabla<\/p>\n\t\t<\/a>\n\n\t\t<div id=\"table--69e3550a044f5\" class=\"table--overlay\">\n\t\t\t<div class=\"table--bg table--toggle\" data-target=\"#table--69e3550a044f5\"><\/div>\n\t\t\t<div class=\"table--overlay--inner\">\n\t\t\t\t<button class=\"table--close table--toggle\" data-target=\"#table--69e3550a044f5\">X<\/button>\n\t\t\t\t<div class=\"table--outer\">\n\t\t\t\t\t\n<table id=\"tablepress-5\" class=\"tablepress tablepress-id-5\">\n<thead>\n<tr class=\"row-1\">\n\t<th class=\"column-1\">situaci\u00f3n  adversa<\/th><th class=\"column-2\">cemento\/gunitado<br \/>\n<\/th><th class=\"column-3\">pintura<\/th><th class=\"column-4\">fibra de vidrio<br \/>\n<\/th><th class=\"column-5\">ceramica\/gresite <\/th><th class=\"column-6\"><img loading=\"lazy\" decoding=\"async\" src=\"https:\/\/elbepools.com\/app\/uploads\/2019\/07\/logo-elbe-pool-surface.svg\" alt=\"\" width=\"300\" height=\"300\" class=\"alignnone size-medium wp-image-158\"  role=\"img\" \/><\/th>\n<\/tr>\n<\/thead>\n<tbody class=\"row-striping row-hover\">\n<tr class=\"row-2\">\n\t<td class=\"column-1\">grietas<\/td><td class=\"column-2\">grietas aparecen una y otra vez <\/td><td class=\"column-3\">se despega del soporte \/ las grietas vuelven a aparecer<br \/>\n<\/td><td class=\"column-4\">grietas aparecen una y otra vez \/ se pela la superficie<br \/>\n<\/td><td class=\"column-5\">grietas en las juntas y desprendimiento de piezas <br \/>\n<\/td><td class=\"column-6\">nunca se agrieta<\/td>\n<\/tr>\n<tr class=\"row-3\">\n\t<td class=\"column-1\">algas<\/td><td class=\"column-2\">fomenta su crecimiento<br \/>\n<\/td><td class=\"column-3\">fomenta su crecimiento<\/td><td class=\"column-4\">fomenta su crecimiento<br \/>\n<\/td><td class=\"column-5\">fomenta su crecimiento<br \/>\n<\/td><td class=\"column-6\">contiene fungicida para prevenir  su crecimiento<\/td>\n<\/tr>\n<tr class=\"row-4\">\n\t<td class=\"column-1\">resistencia al \u00e1cido<\/td><td class=\"column-2\">se suele limpiar con \u00e1cido <br \/>\n<\/td><td class=\"column-3\">desconocido<\/td><td class=\"column-4\">se deteriora en contacto con \u00e1cido<\/td><td class=\"column-5\">las juntas se deterioran en contacto con \u00e1cido<br \/>\n<\/td><td class=\"column-6\">no necesita limpieza con \u00e1cido<br \/>\n<\/td>\n<\/tr>\n<tr class=\"row-5\">\n\t<td class=\"column-1\">qu\u00edmica del agua<\/td><td class=\"column-2\">muchos qu\u00edmicos porque contribuye a subir la alcalinidad y contribuye al desarrollo de algas<\/td><td class=\"column-3\">muchos qu\u00edmicos porque contribuye al desarrollo de algas<\/td><td class=\"column-4\">muchos qu\u00edmicos porque contribuye al desarrollo de algas<\/td><td class=\"column-5\">muchos qu\u00edmicos porque contribuye al desarrollo de algas<\/td><td class=\"column-6\">reduce la cantidad de qu\u00edmicos en agua<br \/>\nporque frena el desarrollo de algas<\/td>\n<\/tr>\n<tr class=\"row-6\">\n\t<td class=\"column-1\">impermeabilidad<\/td><td class=\"column-2\">se agrietar\u00e1, no es impermeable<br \/>\n<\/td><td class=\"column-3\">se despegar\u00e1, no es impermeable<br \/>\n<\/td><td class=\"column-4\">se acaba fisurando, tendr\u00e1 fugas con el tiempo<\/td><td class=\"column-5\">fugas por deterioro de juntas y desprendimiento de piezas<\/td><td class=\"column-6\">un revestimiento con  impermeabilidad total del conjunto <\/td>\n<\/tr>\n<tr class=\"row-7\">\n\t<td class=\"column-1\">resistencia a los qu\u00edmicos<\/td><td class=\"column-2\">se deteriora al instante<\/td><td class=\"column-3\">se deteriora al instante<\/td><td class=\"column-4\">se deteriora con el tiempo<\/td><td class=\"column-5\">las juntas se deterioran con el tiempo<\/td><td class=\"column-6\">sin consecuencia con los tratamientos habituales para agua de piscinas<\/td>\n<\/tr>\n<tr class=\"row-8\">\n\t<td class=\"column-1\">vida \u00fatil<\/td><td class=\"column-2\">3 \u2013 5 a\u00f1os<\/td><td class=\"column-3\">1 \u2013 3 a\u00f1os<\/td><td class=\"column-4\">3 \u2013 5 a\u00f1os<\/td><td class=\"column-5\">5 \u2013 10 a\u00f1os<\/td><td class=\"column-6\">minimo 15 a\u00f1os<\/td>\n<\/tr>\n<\/tbody>\n<\/table>\n<!-- #tablepress-5 from cache -->\t\t\t\t<\/div>\n\t\t\t<\/div>\n\t\t<\/div>\n\n\t\n<\/div>\n\n\n\n<div class=\"wp-block-group\"><div class=\"wp-block-group__inner-container is-layout-flow wp-block-group-is-layout-flow\">\n<h2 class=\"wp-block-heading\">NUESTROS COMPROMISOS COMO FABRICANTE.<\/h2>\n\n\n\n<div class=\"wp-block-group\"><div class=\"wp-block-group__inner-container is-layout-flow wp-block-group-is-layout-flow\">\n<p class=\"has-text-align-center\">Nuestros 60 a\u00f1os de experiencia y nuestra reputaci\u00f3n a nivel mundial le dan mucha tranquilidad.<\/p>\n\n\n\n<p class=\"has-text-align-center\">Nuestro producto superar\u00e1 la vida \u00fatil de otro tipo de superficies.<\/p>\n\n\n\n<p class=\"has-text-align-center\">Su piscina ser\u00e1 siempre bonita y f\u00e1cile de mantener.<\/p>\n\n\n\n<p class=\"has-text-align-center\">Nuestro material se instala a la medida exacta de su piscina, no importa su forma o tama\u00f1o.<\/p>\n\n\n\n<p class=\"has-text-align-center\">Nuestra l\u00e1mina se instala con rapidez, tanto en clima fr\u00edo como c\u00e1lido.<\/p>\n\n\n\n<p class=\"has-text-align-center\">Nuestra l\u00e1mina previene el desarrollo de algas y bacterias.<\/p>\n\n\n\n<p class=\"has-text-align-center\">Una vez instalada, se puede llenar inmediatamente con agua y abrir la piscina al p\u00fablico.<\/p>\n\n\n\n<p class=\"has-text-align-center\">Eliminamos el periodo de espera de hasta 6 d\u00edas una vez terminada la instalaci\u00f3n con otro tipo de revestimientos.<\/p>\n\n\n\n<p class=\"has-text-align-center\">Nuestro material ofrece la durabilidad del cemento o cer\u00e1mica pero evitando sus consecuencias como&nbsp;ara\u00f1azos en pies, rodillas y brazos.<\/p>\n<\/div><\/div>\n<\/div><\/div>\n\n\n\n<div class=\"wp-block-columns is-layout-flex wp-container-core-columns-is-layout-2 wp-block-columns-is-layout-flex\">\n<div class=\"wp-block-column is-layout-flow wp-block-column-is-layout-flow\"><\/div>\n\n\n\n<div class=\"wp-block-column is-layout-flow wp-block-column-is-layout-flow\"><\/div>\n\n\n\n<div class=\"wp-block-column is-layout-flow wp-block-column-is-layout-flow\"><div class=\"wp-block-image\">\n<figure class=\"aligncenter size-large is-resized\"><img loading=\"lazy\" decoding=\"async\" width=\"591\" height=\"591\" src=\"https:\/\/elbepools.com\/app\/uploads\/2021\/02\/ELBE-pool-warranty-watertightness-ES-1.png\" alt=\"\" class=\"wp-image-5577\" style=\"width:160px;height:160px\" srcset=\"https:\/\/elbepools.com\/app\/uploads\/2021\/02\/ELBE-pool-warranty-watertightness-ES-1.png 591w, https:\/\/elbepools.com\/app\/uploads\/2021\/02\/ELBE-pool-warranty-watertightness-ES-1-300x300.png 300w, https:\/\/elbepools.com\/app\/uploads\/2021\/02\/ELBE-pool-warranty-watertightness-ES-1-150x150.png 150w, https:\/\/elbepools.com\/app\/uploads\/2021\/02\/ELBE-pool-warranty-watertightness-ES-1-400x400.png 400w\" sizes=\"auto, (max-width: 591px) 100vw, 591px\" \/><\/figure><\/div><\/div>\n\n\n\n<div class=\"wp-block-column is-layout-flow wp-block-column-is-layout-flow\"><\/div>\n\n\n\n<div class=\"wp-block-column is-layout-flow wp-block-column-is-layout-flow\"><\/div>\n<\/div>\n\n\n\n<h2 class=\"wp-block-heading\">GAMA DE DISE\u00d1OS<\/h2>\n\n\n\n<p class=\"has-text-align-center\">Elija entre nuestra amplia variedad de colores y dise\u00f1os para combinar mejor con su decoraci\u00f3n. No hay l\u00edmite para Su imaginaci\u00f3n.<\/p>\n\n\n\n<div class=\"wp-block-buttons is-content-justification-center is-layout-flex wp-container-core-buttons-is-layout-1 wp-block-buttons-is-layout-flex\">\n<div class=\"wp-block-button\"><a class=\"wp-block-button__link wp-element-button\" href=\"https:\/\/elbepools.com\/es\/productos\/\"> VER M\u00c1S<\/a><\/div>\n<\/div>\n","protected":false},"excerpt":{"rendered":"<p>LA SOLUCI\u00d3N IDEAL. SABEMOS DE PISCINAS. ELBE Pool Surface\u00ae es adecuado para cualquier forma o tama\u00f1o de piscina. Representa la soluci\u00f3n perfecta tanto para nuevas construcciones como renovaci\u00f3n de piscinas existentes. Se puede instalar encima de cer\u00e1mica, hormig\u00f3n, yeso, metal, fibra de vidrio o madera Las membranas ELBE Pool Surface\u00ae son la soluci\u00f3n perfect para [&hellip;]<\/p>\n","protected":false},"author":2,"featured_media":0,"parent":4876,"menu_order":2,"comment_status":"closed","ping_status":"closed","template":"","meta":{"_acf_changed":false,"footnotes":""},"class_list":["post-4971","page","type-page","status-publish","hentry"],"acf":[],"_links":{"self":[{"href":"https:\/\/elbepools.com\/es\/wp-json\/wp\/v2\/pages\/4971","targetHints":{"allow":["GET"]}}],"collection":[{"href":"https:\/\/elbepools.com\/es\/wp-json\/wp\/v2\/pages"}],"about":[{"href":"https:\/\/elbepools.com\/es\/wp-json\/wp\/v2\/types\/page"}],"author":[{"embeddable":true,"href":"https:\/\/elbepools.com\/es\/wp-json\/wp\/v2\/users\/2"}],"replies":[{"embeddable":true,"href":"https:\/\/elbepools.com\/es\/wp-json\/wp\/v2\/comments?post=4971"}],"version-history":[{"count":14,"href":"https:\/\/elbepools.com\/es\/wp-json\/wp\/v2\/pages\/4971\/revisions"}],"predecessor-version":[{"id":24785,"href":"https:\/\/elbepools.com\/es\/wp-json\/wp\/v2\/pages\/4971\/revisions\/24785"}],"up":[{"embeddable":true,"href":"https:\/\/elbepools.com\/es\/wp-json\/wp\/v2\/pages\/4876"}],"wp:attachment":[{"href":"https:\/\/elbepools.com\/es\/wp-json\/wp\/v2\/media?parent=4971"}],"curies":[{"name":"wp","href":"https:\/\/api.w.org\/{rel}","templated":true}]}}