{"id":4878,"date":"2021-02-12T13:32:29","date_gmt":"2021-02-12T12:32:29","guid":{"rendered":"https:\/\/elbepools.com\/?page_id=4878"},"modified":"2025-04-08T15:30:39","modified_gmt":"2025-04-08T13:30:39","slug":"piscinas-privadas","status":"publish","type":"page","link":"https:\/\/elbepools.com\/es\/tipos-de-uso\/piscinas-privadas\/","title":{"rendered":"piscinas privadas"},"content":{"rendered":"\n<div id=\"jf-header-block_75b31bad7743bd93b2f1a1235e303f20\" class=\"jf-header-block alignfull\">\n\t\t\t\t\t<div class=\"swiper-container\" data-swipe-settings=\"{&quot;slidesPerView&quot;:1,&quot;spaceBetween&quot;:0}\">\n\t\t\t<div class=\"swiper-wrapper\">\n\t\t\t\t\t\t<div class=\"swiper-slide hero-image\">\n\t\t\t\t\t<div class=\"hero-image__image__wrapper\">\n\t\t\t\t\t\t<picture>\n\t\t\t\t\t\t\t<source media=\"(max-width: 767px)\" srcset=\"https:\/\/elbepools.com\/app\/uploads\/2020\/07\/PP-Slider-01-2-768x384.jpg\">\n\t\t\t\t\t\t\t<img fetchpriority=\"high\" decoding=\"async\" width=\"2048\" height=\"1024\" src=\"https:\/\/elbepools.com\/app\/uploads\/2020\/07\/PP-Slider-01-2-2048x1024.jpg\" class=\"attachment-hero-full size-hero-full\" alt=\"\" title=\"PP-Slider 01\" loading=\"eager\" srcset=\"https:\/\/elbepools.com\/app\/uploads\/2020\/07\/PP-Slider-01-2.jpg 2048w, https:\/\/elbepools.com\/app\/uploads\/2020\/07\/PP-Slider-01-2-300x150.jpg 300w, https:\/\/elbepools.com\/app\/uploads\/2020\/07\/PP-Slider-01-2-768x384.jpg 768w, https:\/\/elbepools.com\/app\/uploads\/2020\/07\/PP-Slider-01-2-1024x512.jpg 1024w\" sizes=\"(max-width: 2048px) 100vw, 2048px\" \/>\t\t\t\t\t\t<\/picture>\n\t\t\t\t\t\t<img decoding=\"async\" class=\"wellenstruktur\" src=\"https:\/\/elbepools.com\/app\/themes\/jagdfieber\/img\/welle-ganz.png\">\n\t\t\t\t\t<\/div>\n\t\t\t\t\t<div class=\"caption\">\n\t\t\t\t\t\t<div class=\"caption-outer\">\n\t\t\t\t\t\t\t<div class=\"caption-inner\">\n\t\t\t\t\t\t\t\t\t\t\t\t\t\t\t\t\t<div class=\"caption--headline\">\n\t\t\t\t\t\t\t\t\t\t<h2 class=\"caption--headline__text no-wave\">\n\t\t\t\t\t\t\t\t\t\t\tEMOCION Y \t\t\t\t\t\t\t\t\t\t\t<span>ELEGANCIA<\/span>\n\t\t\t\t\t\t\t\t\t\t<\/h2>\n\t\t\t\t\t\t\t\t\t<\/div>\n\t\t\t\t\t\t\t\t\t\t\t\t\t\t\t\t<\/div>\n\t\t\t\t\t\t<\/div>\n\t\t\t\t\t<\/div>\n\t\t\t\t<\/div>\n\t\t\t\t\t\t\t\t<div class=\"swiper-slide hero-image\">\n\t\t\t\t\t<div class=\"hero-image__image__wrapper\">\n\t\t\t\t\t\t<picture>\n\t\t\t\t\t\t\t<source media=\"(max-width: 767px)\" srcset=\"https:\/\/elbepools.com\/app\/uploads\/2020\/06\/PP-Slider-02-768x384.jpg\">\n\t\t\t\t\t\t\t<img decoding=\"async\" width=\"2048\" height=\"1024\" src=\"https:\/\/elbepools.com\/app\/uploads\/2020\/06\/PP-Slider-02-2048x1024.jpg\" class=\"attachment-hero-full size-hero-full\" alt=\"\" title=\"PP-Slider 02\" loading=\"eager\" srcset=\"https:\/\/elbepools.com\/app\/uploads\/2020\/06\/PP-Slider-02.jpg 2048w, https:\/\/elbepools.com\/app\/uploads\/2020\/06\/PP-Slider-02-300x150.jpg 300w, https:\/\/elbepools.com\/app\/uploads\/2020\/06\/PP-Slider-02-768x384.jpg 768w, https:\/\/elbepools.com\/app\/uploads\/2020\/06\/PP-Slider-02-1024x512.jpg 1024w\" sizes=\"(max-width: 2048px) 100vw, 2048px\" \/>\t\t\t\t\t\t<\/picture>\n\t\t\t\t\t\t<img decoding=\"async\" class=\"wellenstruktur\" src=\"https:\/\/elbepools.com\/app\/themes\/jagdfieber\/img\/welle-ganz.png\">\n\t\t\t\t\t<\/div>\n\t\t\t\t\t<div class=\"caption\">\n\t\t\t\t\t\t<div class=\"caption-outer\">\n\t\t\t\t\t\t\t<div class=\"caption-inner\">\n\t\t\t\t\t\t\t\t\t\t\t\t\t\t\t\t\t<div class=\"caption--headline\">\n\t\t\t\t\t\t\t\t\t\t<h2 class=\"caption--headline__text no-wave\">\n\t\t\t\t\t\t\t\t\t\t\tCREA UN\t\t\t\t\t\t\t\t\t\t\t<span>ESPACIO \u00daNICO<\/span>\n\t\t\t\t\t\t\t\t\t\t<\/h2>\n\t\t\t\t\t\t\t\t\t<\/div>\n\t\t\t\t\t\t\t\t\t\t\t\t\t\t\t\t<\/div>\n\t\t\t\t\t\t<\/div>\n\t\t\t\t\t<\/div>\n\t\t\t\t<\/div>\n\t\t\t\t\t\t\t\t<div class=\"swiper-slide hero-image\">\n\t\t\t\t\t<div class=\"hero-image__image__wrapper\">\n\t\t\t\t\t\t<picture>\n\t\t\t\t\t\t\t<source media=\"(max-width: 767px)\" srcset=\"https:\/\/elbepools.com\/app\/uploads\/2020\/06\/PP-Slider-03-768x384.jpg\">\n\t\t\t\t\t\t\t<img decoding=\"async\" width=\"2048\" height=\"1024\" src=\"https:\/\/elbepools.com\/app\/uploads\/2020\/06\/PP-Slider-03-2048x1024.jpg\" class=\"attachment-hero-full size-hero-full\" alt=\"\" title=\"PP-Slider 03\" loading=\"eager\" srcset=\"https:\/\/elbepools.com\/app\/uploads\/2020\/06\/PP-Slider-03.jpg 2048w, https:\/\/elbepools.com\/app\/uploads\/2020\/06\/PP-Slider-03-300x150.jpg 300w, https:\/\/elbepools.com\/app\/uploads\/2020\/06\/PP-Slider-03-768x384.jpg 768w, https:\/\/elbepools.com\/app\/uploads\/2020\/06\/PP-Slider-03-1024x512.jpg 1024w\" sizes=\"(max-width: 2048px) 100vw, 2048px\" \/>\t\t\t\t\t\t<\/picture>\n\t\t\t\t\t\t<img decoding=\"async\" class=\"wellenstruktur\" src=\"https:\/\/elbepools.com\/app\/themes\/jagdfieber\/img\/welle-ganz.png\">\n\t\t\t\t\t<\/div>\n\t\t\t\t\t<div class=\"caption\">\n\t\t\t\t\t\t<div class=\"caption-outer\">\n\t\t\t\t\t\t\t<div class=\"caption-inner\">\n\t\t\t\t\t\t\t\t\t\t\t\t\t\t\t\t\t<div class=\"caption--headline\">\n\t\t\t\t\t\t\t\t\t\t<h2 class=\"caption--headline__text no-wave\">\n\t\t\t\t\t\t\t\t\t\t\tPARA \t\t\t\t\t\t\t\t\t\t\t<span>CADA GUSTO<\/span>\n\t\t\t\t\t\t\t\t\t\t<\/h2>\n\t\t\t\t\t\t\t\t\t<\/div>\n\t\t\t\t\t\t\t\t\t\t\t\t\t\t\t\t<\/div>\n\t\t\t\t\t\t<\/div>\n\t\t\t\t\t<\/div>\n\t\t\t\t<\/div>\n\t\t\t\t\t\t\t\t<\/div> <!-- .swiper-wrapper -->\n\t\t\t\t<div class=\"swiper-button-next\"><svg><use xmlns:xlink=\"http:\/\/www.w3.org\/1999\/xlink\" xlink:href=\"#pfeil\"><\/use><\/svg><\/div>\n\t\t\t\t<div class=\"swiper-button-prev\"><svg><use xmlns:xlink=\"http:\/\/www.w3.org\/1999\/xlink\" xlink:href=\"#pfeil\"><\/use><\/svg><\/div>\n\t\t\t<\/div> <!-- .swiper-container -->\n\t\t\t<\/div><!-- .container -->\n\n\n\n<h2 class=\"wp-block-heading\">SABEMOS DE PISCINAS.<\/h2>\n\n\n\n<p><strong><strong><strong>ELBE Pool Surface<sup>\u00ae<\/sup><\/strong> <\/strong><\/strong>es adecuado para cualquier forma o tama\u00f1o de piscina. Representa la soluci\u00f3n perfecta tanto para nuevas construcciones como renovaci\u00f3n de piscinas existentes. Se puede instalar encima de cer\u00e1mica, hormig\u00f3n, yeso, metal, fibra de vidrio o madera Las membranas <strong>ELBE Pool Surface<sup>\u00ae<\/sup><\/strong> son la soluci\u00f3n perfect para impermeabilizar cualquier tipo de piscinas.<\/p>\n\n\n\n<p>Las<strong> <\/strong>l\u00e1minas <strong>ELBE Pool Surface<sup>\u00ae<\/sup><\/strong>&nbsp;se elaboran solo con resinas virgenes y est\u00e1n libres de metales pesados. Cumplen con todos los requisitos de un producto con clara vocaci\u00f3n ecol\u00f3gica. Con la gran selecci\u00f3n de colores, dise\u00f1os y texturas, no hay limites a su imaginaci\u00f3n.<\/p>\n\n\n\n<div id=\"jf-advantages-block_073db7ffc96f94b8b57d0314a930a1a1\" class=\"jf-advantages-block\">\n\t\t\t<div class=\"row\">\n\t\t\t<div class=\"col-sm-12\">\n\t\t\t\t<div class=\"advantages-wrapper\">\n\t\t\t\t\t<div class=\"headline\">\n\t\t\t\t\t\t<h2 class=\"headline__text no-wave\">VENTAJAS<\/h2>\n\t\t\t\t\t\t<img decoding=\"async\" class=\"wave\" src=\"https:\/\/elbepools.com\/app\/themes\/jagdfieber\/img\/welle-weiss.png\">\n\t\t\t\t\t<\/div>\n\t\t\t\t<div class=\"row advantages \">\n\t\t\t\t\t\t\t\t\t\t\t<div class=\"col-sm-6 col-md-4 single-advantages\">\n\t\t\t\t\t\t\t<div class=\"advantage\">\n\t\t\t\t\t\t\t\t<span class=\"icon\"><img loading=\"lazy\" decoding=\"async\" width=\"91\" height=\"91\" src=\"https:\/\/elbepools.com\/app\/uploads\/2020\/12\/icon_uv-resistance-1.png\" class=\"attachment-thumbnail size-thumbnail\" alt=\"\" \/><\/span>\n\t\t\t\t\t\t\t\t<span class=\"text\">Resistencia a los UV<\/span>\n\t\t\t\t\t\t\t<\/div>\n\t\t\t\t\t\t<\/div>\n\t\t\t\t\t\t\t\t\t\t\t<div class=\"col-sm-6 col-md-4 single-advantages\">\n\t\t\t\t\t\t\t<div class=\"advantage\">\n\t\t\t\t\t\t\t\t<span class=\"icon\"><img loading=\"lazy\" decoding=\"async\" width=\"91\" height=\"91\" src=\"https:\/\/elbepools.com\/app\/uploads\/2020\/12\/icon_chlorine-resistance.png\" class=\"attachment-thumbnail size-thumbnail\" alt=\"\" \/><\/span>\n\t\t\t\t\t\t\t\t<span class=\"text\">Resistencia al cloro<\/span>\n\t\t\t\t\t\t\t<\/div>\n\t\t\t\t\t\t<\/div>\n\t\t\t\t\t\t\t\t\t\t\t<div class=\"col-sm-6 col-md-4 single-advantages\">\n\t\t\t\t\t\t\t<div class=\"advantage\">\n\t\t\t\t\t\t\t\t<span class=\"icon\"><img loading=\"lazy\" decoding=\"async\" width=\"91\" height=\"91\" src=\"https:\/\/elbepools.com\/app\/uploads\/2020\/12\/icon_bacteria-resistance-1.png\" class=\"attachment-thumbnail size-thumbnail\" alt=\"\" \/><\/span>\n\t\t\t\t\t\t\t\t<span class=\"text\">Previene el desarrollo de bacterias<\/span>\n\t\t\t\t\t\t\t<\/div>\n\t\t\t\t\t\t<\/div>\n\t\t\t\t\t\t\t\t\t\t\t<div class=\"col-sm-6 col-md-4 single-advantages\">\n\t\t\t\t\t\t\t<div class=\"advantage\">\n\t\t\t\t\t\t\t\t<span class=\"icon\"><img loading=\"lazy\" decoding=\"async\" width=\"91\" height=\"91\" src=\"https:\/\/elbepools.com\/app\/uploads\/2020\/12\/icon_anti-stain-effect-1-1.png\" class=\"attachment-thumbnail size-thumbnail\" alt=\"\" \/><\/span>\n\t\t\t\t\t\t\t\t<span class=\"text\">Efecto anti manchas<\/span>\n\t\t\t\t\t\t\t<\/div>\n\t\t\t\t\t\t<\/div>\n\t\t\t\t\t\t\t\t\t\t\t<div class=\"col-sm-6 col-md-4 single-advantages\">\n\t\t\t\t\t\t\t<div class=\"advantage\">\n\t\t\t\t\t\t\t\t<span class=\"icon\"><img loading=\"lazy\" decoding=\"async\" width=\"91\" height=\"91\" src=\"https:\/\/elbepools.com\/app\/uploads\/2020\/12\/icon_scratch-resistance-1.png\" class=\"attachment-thumbnail size-thumbnail\" alt=\"\" \/><\/span>\n\t\t\t\t\t\t\t\t<span class=\"text\">Resistencia a los ara\u00f1azos<\/span>\n\t\t\t\t\t\t\t<\/div>\n\t\t\t\t\t\t<\/div>\n\t\t\t\t\t\t\t\t\t\t\t<div class=\"col-sm-6 col-md-4 single-advantages\">\n\t\t\t\t\t\t\t<div class=\"advantage\">\n\t\t\t\t\t\t\t\t<span class=\"icon\"><img loading=\"lazy\" decoding=\"async\" width=\"91\" height=\"91\" src=\"https:\/\/elbepools.com\/app\/uploads\/2020\/12\/icon_easy-to-clean-1.png\" class=\"attachment-thumbnail size-thumbnail\" alt=\"\" \/><\/span>\n\t\t\t\t\t\t\t\t<span class=\"text\">Limpieza f\u00e1cil<\/span>\n\t\t\t\t\t\t\t<\/div>\n\t\t\t\t\t\t<\/div>\n\t\t\t\t\t\t\t\t\t\t\t<div class=\"col-sm-6 col-md-4 single-advantages\">\n\t\t\t\t\t\t\t<div class=\"advantage\">\n\t\t\t\t\t\t\t\t<span class=\"icon\"><img loading=\"lazy\" decoding=\"async\" width=\"91\" height=\"91\" src=\"https:\/\/elbepools.com\/app\/uploads\/2020\/12\/icon_lifespan-1.png\" class=\"attachment-thumbnail size-thumbnail\" alt=\"\" \/><\/span>\n\t\t\t\t\t\t\t\t<span class=\"text\">Vida \u00fatil m\u00e1s larga<\/span>\n\t\t\t\t\t\t\t<\/div>\n\t\t\t\t\t\t<\/div>\n\t\t\t\t\t\t\t\t\t\t\t<div class=\"col-sm-6 col-md-4 single-advantages\">\n\t\t\t\t\t\t\t<div class=\"advantage\">\n\t\t\t\t\t\t\t\t<span class=\"icon\"><img loading=\"lazy\" decoding=\"async\" width=\"91\" height=\"91\" src=\"https:\/\/elbepools.com\/app\/uploads\/2020\/12\/icon_quick-installation-1.png\" class=\"attachment-thumbnail size-thumbnail\" alt=\"\" \/><\/span>\n\t\t\t\t\t\t\t\t<span class=\"text\">R\u00e1pida instalaci\u00f3n<\/span>\n\t\t\t\t\t\t\t<\/div>\n\t\t\t\t\t\t<\/div>\n\t\t\t\t\t\t\t\t\t<\/div>\n\t\t\t\t<\/div>\n\t\t\t<\/div>\n\t\t<\/div>\n\t<\/div>\n\n\n\n<h2 class=\"wp-block-heading\">LAS VENTAJAS PARA USTED.<\/h2>\n\n\n\n<div class=\"wp-block-columns is-layout-flex wp-container-core-columns-is-layout-1 wp-block-columns-is-layout-flex\">\n<div class=\"wp-block-column is-layout-flow wp-block-column-is-layout-flow\">\n<ul class=\"wp-block-list\">\n<li>Una puesta en obra r\u00e1pida sin molestias para Usted y su familia.<\/li>\n\n\n\n<li>Una instalaci\u00f3n a medida que se adapta perfectamente a su piscina, no importa su forma o tama\u00f1o.<\/li>\n\n\n\n<li>Una l\u00e1mina producida con resina virgen, representa el material m\u00e1s sano en el mercado, cumpliendo con la norma EN 71-3 (productos qu\u00edmicos empleados en la industria del juguete).<\/li>\n\n\n\n<li>La l\u00e1mina armada supera la vida \u00fatil de las piscinas de hormig\u00f3n, cer\u00e1mica o fibra.<\/li>\n\n\n\n<li>Una vez el material instalado, no hace falta esperar. Puede rellenar su piscina y disfrutar de inmediato.<\/li>\n\n\n\n<li>Una garant\u00eda de 15 a\u00f1os sobre la impermeabilidad de nuestro material.<\/li>\n\n\n\n<li>Una superficie confortable y suave, con una gran durabilidad. Se acabaron los ara\u00f1azos en pies, rodillas y brazos.<\/li>\n\n\n\n<li>Nuestra l\u00e1mina esta equipada de elementos que retrasan la aparici\u00f3n de hongos, algas y bacterias.<\/li>\n\n\n\n<li>Su instalador ha elegido el mejor material para su proyecto. Conf\u00ede en \u00e9l. Sabr\u00e1 cumplir con sus expectativas.<\/li>\n<\/ul>\n<\/div>\n\n\n\n<div class=\"wp-block-column is-layout-flow wp-block-column-is-layout-flow\">\n<figure class=\"wp-block-image size-large is-style-rounded\"><img loading=\"lazy\" decoding=\"async\" width=\"2560\" height=\"1707\" src=\"https:\/\/elbepools.com\/app\/uploads\/2020\/07\/private-pools-our-promise-to-you-scaled.jpg\" alt=\"\" class=\"wp-image-4941\" srcset=\"https:\/\/elbepools.com\/app\/uploads\/2020\/07\/private-pools-our-promise-to-you-scaled.jpg 2560w, https:\/\/elbepools.com\/app\/uploads\/2020\/07\/private-pools-our-promise-to-you-scaled-300x200.jpg 300w, https:\/\/elbepools.com\/app\/uploads\/2020\/07\/private-pools-our-promise-to-you-scaled-768x512.jpg 768w, https:\/\/elbepools.com\/app\/uploads\/2020\/07\/private-pools-our-promise-to-you-scaled-1024x683.jpg 1024w, https:\/\/elbepools.com\/app\/uploads\/2020\/07\/private-pools-our-promise-to-you-scaled-569x380.jpg 569w, https:\/\/elbepools.com\/app\/uploads\/2020\/07\/private-pools-our-promise-to-you-scaled-540x360.jpg 540w\" sizes=\"auto, (max-width: 2560px) 100vw, 2560px\" \/><\/figure>\n<\/div>\n<\/div>\n\n\n\n<div class=\"wp-block-columns is-layout-flex wp-container-core-columns-is-layout-2 wp-block-columns-is-layout-flex\">\n<div class=\"wp-block-column is-layout-flow wp-block-column-is-layout-flow\"><\/div>\n\n\n\n<div class=\"wp-block-column is-layout-flow wp-block-column-is-layout-flow\"><div class=\"wp-block-image\">\n<figure class=\"aligncenter size-large is-resized\"><img loading=\"lazy\" decoding=\"async\" width=\"591\" height=\"591\" src=\"https:\/\/elbepools.com\/app\/uploads\/2021\/02\/ELBE-pool-warranty-watertightness-ES-1.png\" alt=\"\" class=\"wp-image-5577\" style=\"width:160px;height:160px\" srcset=\"https:\/\/elbepools.com\/app\/uploads\/2021\/02\/ELBE-pool-warranty-watertightness-ES-1.png 591w, https:\/\/elbepools.com\/app\/uploads\/2021\/02\/ELBE-pool-warranty-watertightness-ES-1-300x300.png 300w, https:\/\/elbepools.com\/app\/uploads\/2021\/02\/ELBE-pool-warranty-watertightness-ES-1-150x150.png 150w, https:\/\/elbepools.com\/app\/uploads\/2021\/02\/ELBE-pool-warranty-watertightness-ES-1-400x400.png 400w\" sizes=\"auto, (max-width: 591px) 100vw, 591px\" \/><\/figure><\/div><\/div>\n\n\n\n<div class=\"wp-block-column is-layout-flow wp-block-column-is-layout-flow\"><div class=\"wp-block-image\">\n<figure class=\"aligncenter size-large is-resized\"><img loading=\"lazy\" decoding=\"async\" width=\"591\" height=\"591\" src=\"https:\/\/elbepools.com\/app\/uploads\/2021\/02\/ELBE-pool-warranty-EN-71-3-ES-1.png\" alt=\"\" class=\"wp-image-5552\" style=\"width:160px;height:160px\" srcset=\"https:\/\/elbepools.com\/app\/uploads\/2021\/02\/ELBE-pool-warranty-EN-71-3-ES-1.png 591w, https:\/\/elbepools.com\/app\/uploads\/2021\/02\/ELBE-pool-warranty-EN-71-3-ES-1-300x300.png 300w, https:\/\/elbepools.com\/app\/uploads\/2021\/02\/ELBE-pool-warranty-EN-71-3-ES-1-150x150.png 150w, https:\/\/elbepools.com\/app\/uploads\/2021\/02\/ELBE-pool-warranty-EN-71-3-ES-1-400x400.png 400w\" sizes=\"auto, (max-width: 591px) 100vw, 591px\" \/><\/figure><\/div><\/div>\n\n\n\n<div class=\"wp-block-column is-layout-flow wp-block-column-is-layout-flow\"><div class=\"wp-block-image\">\n<figure class=\"aligncenter size-large is-resized\"><img loading=\"lazy\" decoding=\"async\" width=\"591\" height=\"591\" src=\"https:\/\/elbepools.com\/app\/uploads\/2021\/02\/ELBE-pool-warranty-fume-emission-ES-1.png\" alt=\"\" class=\"wp-image-5557\" style=\"width:160px;height:160px\" srcset=\"https:\/\/elbepools.com\/app\/uploads\/2021\/02\/ELBE-pool-warranty-fume-emission-ES-1.png 591w, https:\/\/elbepools.com\/app\/uploads\/2021\/02\/ELBE-pool-warranty-fume-emission-ES-1-300x300.png 300w, https:\/\/elbepools.com\/app\/uploads\/2021\/02\/ELBE-pool-warranty-fume-emission-ES-1-150x150.png 150w, https:\/\/elbepools.com\/app\/uploads\/2021\/02\/ELBE-pool-warranty-fume-emission-ES-1-400x400.png 400w\" sizes=\"auto, (max-width: 591px) 100vw, 591px\" \/><\/figure><\/div><\/div>\n\n\n\n<div class=\"wp-block-column is-layout-flow wp-block-column-is-layout-flow\"><\/div>\n<\/div>\n\n\n\n<h2 class=\"wp-block-heading\">GAMA DE DISE\u00d1OS<\/h2>\n\n\n\n<p class=\"has-text-align-center\">Elija entre nuestra amplia variedad de colores y dise\u00f1os para combinar mejor con su decoraci\u00f3n. No hay l\u00edmite para Su imaginaci\u00f3n.<\/p>\n\n\n\n<div class=\"wp-block-buttons is-content-justification-center is-layout-flex wp-container-core-buttons-is-layout-1 wp-block-buttons-is-layout-flex\">\n<div class=\"wp-block-button\"><a class=\"wp-block-button__link wp-element-button\" href=\"https:\/\/elbepools.com\/es\/productos\/\">VER M\u00c1S<\/a><\/div>\n<\/div>\n\n\n\n<p><\/p>\n","protected":false},"excerpt":{"rendered":"<p>SABEMOS DE PISCINAS. ELBE Pool Surface\u00ae es adecuado para cualquier forma o tama\u00f1o de piscina. Representa la soluci\u00f3n perfecta tanto para nuevas construcciones como renovaci\u00f3n de piscinas existentes. Se puede instalar encima de cer\u00e1mica, hormig\u00f3n, yeso, metal, fibra de vidrio o madera Las membranas ELBE Pool Surface\u00ae son la soluci\u00f3n perfect para impermeabilizar cualquier tipo [&hellip;]<\/p>\n","protected":false},"author":2,"featured_media":0,"parent":4876,"menu_order":1,"comment_status":"closed","ping_status":"closed","template":"","meta":{"_acf_changed":false,"footnotes":""},"class_list":["post-4878","page","type-page","status-publish","hentry"],"acf":[],"_links":{"self":[{"href":"https:\/\/elbepools.com\/es\/wp-json\/wp\/v2\/pages\/4878","targetHints":{"allow":["GET"]}}],"collection":[{"href":"https:\/\/elbepools.com\/es\/wp-json\/wp\/v2\/pages"}],"about":[{"href":"https:\/\/elbepools.com\/es\/wp-json\/wp\/v2\/types\/page"}],"author":[{"embeddable":true,"href":"https:\/\/elbepools.com\/es\/wp-json\/wp\/v2\/users\/2"}],"replies":[{"embeddable":true,"href":"https:\/\/elbepools.com\/es\/wp-json\/wp\/v2\/comments?post=4878"}],"version-history":[{"count":11,"href":"https:\/\/elbepools.com\/es\/wp-json\/wp\/v2\/pages\/4878\/revisions"}],"predecessor-version":[{"id":24780,"href":"https:\/\/elbepools.com\/es\/wp-json\/wp\/v2\/pages\/4878\/revisions\/24780"}],"up":[{"embeddable":true,"href":"https:\/\/elbepools.com\/es\/wp-json\/wp\/v2\/pages\/4876"}],"wp:attachment":[{"href":"https:\/\/elbepools.com\/es\/wp-json\/wp\/v2\/media?parent=4878"}],"curies":[{"name":"wp","href":"https:\/\/api.w.org\/{rel}","templated":true}]}}