{"id":4848,"date":"2021-02-12T12:02:57","date_gmt":"2021-02-12T11:02:57","guid":{"rendered":"https:\/\/elbepools.com\/?page_id=4848"},"modified":"2025-07-15T14:23:49","modified_gmt":"2025-07-15T12:23:49","slug":"nosotros","status":"publish","type":"page","link":"https:\/\/elbepools.com\/es\/nosotros\/","title":{"rendered":"nosotros"},"content":{"rendered":"\n<div id=\"jf-header-block_cccb3239f58b4f9e609d633f886b6794\" class=\"jf-header-block alignfull\">\n\t\t\t\t\t<div class=\"swiper-container\" data-swipe-settings=\"{&quot;slidesPerView&quot;:1,&quot;spaceBetween&quot;:0}\">\n\t\t\t<div class=\"swiper-wrapper\">\n\t\t\t\t\t\t<div class=\"swiper-slide hero-image\">\n\t\t\t\t\t<div class=\"hero-image__image__wrapper\">\n\t\t\t\t\t\t<picture>\n\t\t\t\t\t\t\t<source media=\"(max-width: 767px)\" srcset=\"https:\/\/elbepools.com\/app\/uploads\/2020\/07\/About-us-Slider-01-768x384.jpg\">\n\t\t\t\t\t\t\t<img fetchpriority=\"high\" decoding=\"async\" width=\"2048\" height=\"1024\" src=\"https:\/\/elbepools.com\/app\/uploads\/2020\/07\/About-us-Slider-01-2048x1024.jpg\" class=\"attachment-hero-full size-hero-full\" alt=\"\" title=\"About us-Slider 01\" loading=\"eager\" srcset=\"https:\/\/elbepools.com\/app\/uploads\/2020\/07\/About-us-Slider-01.jpg 2048w, https:\/\/elbepools.com\/app\/uploads\/2020\/07\/About-us-Slider-01-300x150.jpg 300w, https:\/\/elbepools.com\/app\/uploads\/2020\/07\/About-us-Slider-01-768x384.jpg 768w, https:\/\/elbepools.com\/app\/uploads\/2020\/07\/About-us-Slider-01-1024x512.jpg 1024w\" sizes=\"(max-width: 2048px) 100vw, 2048px\" \/>\t\t\t\t\t\t<\/picture>\n\t\t\t\t\t\t<img decoding=\"async\" class=\"wellenstruktur\" src=\"https:\/\/elbepools.com\/app\/themes\/jagdfieber\/img\/welle-ganz.png\">\n\t\t\t\t\t<\/div>\n\t\t\t\t\t<div class=\"caption\">\n\t\t\t\t\t\t<div class=\"caption-outer\">\n\t\t\t\t\t\t\t<div class=\"caption-inner\">\n\t\t\t\t\t\t\t\t\t\t\t\t\t\t\t\t\t<div class=\"caption--headline\">\n\t\t\t\t\t\t\t\t\t\t<h2 class=\"caption--headline__text no-wave\">\n\t\t\t\t\t\t\t\t\t\t\tEL ESPECIALISTA EN \t\t\t\t\t\t\t\t\t\t\t<span>L\u00c1MINAS PARA PISCINAS<\/span>\n\t\t\t\t\t\t\t\t\t\t<\/h2>\n\t\t\t\t\t\t\t\t\t<\/div>\n\t\t\t\t\t\t\t\t\t\t\t\t\t\t\t\t<\/div>\n\t\t\t\t\t\t<\/div>\n\t\t\t\t\t<\/div>\n\t\t\t\t<\/div>\n\t\t\t\t\t\t\t\t<div class=\"swiper-slide hero-image\">\n\t\t\t\t\t<div class=\"hero-image__image__wrapper\">\n\t\t\t\t\t\t<picture>\n\t\t\t\t\t\t\t<source media=\"(max-width: 767px)\" srcset=\"https:\/\/elbepools.com\/app\/uploads\/2020\/06\/About-us-Slider-02-768x384.jpg\">\n\t\t\t\t\t\t\t<img decoding=\"async\" width=\"2048\" height=\"1024\" src=\"https:\/\/elbepools.com\/app\/uploads\/2020\/06\/About-us-Slider-02-2048x1024.jpg\" class=\"attachment-hero-full size-hero-full\" alt=\"\" title=\"About us &#8211; Slider 02\" loading=\"eager\" srcset=\"https:\/\/elbepools.com\/app\/uploads\/2020\/06\/About-us-Slider-02.jpg 2048w, https:\/\/elbepools.com\/app\/uploads\/2020\/06\/About-us-Slider-02-300x150.jpg 300w, https:\/\/elbepools.com\/app\/uploads\/2020\/06\/About-us-Slider-02-768x384.jpg 768w, https:\/\/elbepools.com\/app\/uploads\/2020\/06\/About-us-Slider-02-1024x512.jpg 1024w\" sizes=\"(max-width: 2048px) 100vw, 2048px\" \/>\t\t\t\t\t\t<\/picture>\n\t\t\t\t\t\t<img decoding=\"async\" class=\"wellenstruktur\" src=\"https:\/\/elbepools.com\/app\/themes\/jagdfieber\/img\/welle-ganz.png\">\n\t\t\t\t\t<\/div>\n\t\t\t\t\t<div class=\"caption\">\n\t\t\t\t\t\t<div class=\"caption-outer\">\n\t\t\t\t\t\t\t<div class=\"caption-inner\">\n\t\t\t\t\t\t\t\t\t\t\t\t\t\t\t\t\t<div class=\"caption--headline\">\n\t\t\t\t\t\t\t\t\t\t<h2 class=\"caption--headline__text no-wave\">\n\t\t\t\t\t\t\t\t\t\t\tMADE \t\t\t\t\t\t\t\t\t\t\t<span>IN GERMANY<\/span>\n\t\t\t\t\t\t\t\t\t\t<\/h2>\n\t\t\t\t\t\t\t\t\t<\/div>\n\t\t\t\t\t\t\t\t\t\t\t\t\t\t\t\t<\/div>\n\t\t\t\t\t\t<\/div>\n\t\t\t\t\t<\/div>\n\t\t\t\t<\/div>\n\t\t\t\t\t\t\t\t<div class=\"swiper-slide hero-image\">\n\t\t\t\t\t<div class=\"hero-image__image__wrapper\">\n\t\t\t\t\t\t<picture>\n\t\t\t\t\t\t\t<source media=\"(max-width: 767px)\" srcset=\"https:\/\/elbepools.com\/app\/uploads\/2020\/06\/About-us-Slider-03-768x384.jpg\">\n\t\t\t\t\t\t\t<img decoding=\"async\" width=\"2048\" height=\"1024\" src=\"https:\/\/elbepools.com\/app\/uploads\/2020\/06\/About-us-Slider-03-2048x1024.jpg\" class=\"attachment-hero-full size-hero-full\" alt=\"\" title=\"About us &#8211; Slider 03\" loading=\"eager\" srcset=\"https:\/\/elbepools.com\/app\/uploads\/2020\/06\/About-us-Slider-03.jpg 2048w, https:\/\/elbepools.com\/app\/uploads\/2020\/06\/About-us-Slider-03-300x150.jpg 300w, https:\/\/elbepools.com\/app\/uploads\/2020\/06\/About-us-Slider-03-768x384.jpg 768w, https:\/\/elbepools.com\/app\/uploads\/2020\/06\/About-us-Slider-03-1024x512.jpg 1024w\" sizes=\"(max-width: 2048px) 100vw, 2048px\" \/>\t\t\t\t\t\t<\/picture>\n\t\t\t\t\t\t<img decoding=\"async\" class=\"wellenstruktur\" src=\"https:\/\/elbepools.com\/app\/themes\/jagdfieber\/img\/welle-ganz.png\">\n\t\t\t\t\t<\/div>\n\t\t\t\t\t<div class=\"caption\">\n\t\t\t\t\t\t<div class=\"caption-outer\">\n\t\t\t\t\t\t\t<div class=\"caption-inner\">\n\t\t\t\t\t\t\t\t\t\t\t\t\t\t\t\t\t<div class=\"caption--headline\">\n\t\t\t\t\t\t\t\t\t\t<h2 class=\"caption--headline__text no-wave\">\n\t\t\t\t\t\t\t\t\t\t\tCALIDAD\t\t\t\t\t\t\t\t\t\t\t<span>PREMIUM<\/span>\n\t\t\t\t\t\t\t\t\t\t<\/h2>\n\t\t\t\t\t\t\t\t\t<\/div>\n\t\t\t\t\t\t\t\t\t\t\t\t\t\t\t\t<\/div>\n\t\t\t\t\t\t<\/div>\n\t\t\t\t\t<\/div>\n\t\t\t\t<\/div>\n\t\t\t\t\t\t\t\t<\/div> <!-- .swiper-wrapper -->\n\t\t\t\t<div class=\"swiper-button-next\"><svg><use xmlns:xlink=\"http:\/\/www.w3.org\/1999\/xlink\" xlink:href=\"#pfeil\"><\/use><\/svg><\/div>\n\t\t\t\t<div class=\"swiper-button-prev\"><svg><use xmlns:xlink=\"http:\/\/www.w3.org\/1999\/xlink\" xlink:href=\"#pfeil\"><\/use><\/svg><\/div>\n\t\t\t<\/div> <!-- .swiper-container -->\n\t\t\t<\/div><!-- .container -->\n\n\n\n<h2 class=\"wp-block-heading\">\u00bf QUIENES SOMOS ?<\/h2>\n\n\n\n<p>Somos un fabricante alem\u00e1n que lleva m\u00e1s de 60 a\u00f1os fabricando con \u00e9xito lamias flexibles de PVC. Somos un l\u00edder mundial en la producci\u00f3n de revestimientos PVC para piscinas. Ense\u00f1amos y recomendamos los m\u00e1s altos est\u00e1ndares de instalaci\u00f3n y certificaci\u00f3n.<\/p>\n\n\n\n<p>La membrana est\u00e1 formada por 2 l\u00e1minas flexibles de policloruro de vinilo plastificado (PVC-P) unidas entre s\u00ed por un tejido interior de poli\u00e9ster. Este tejido de poli\u00e9ster aporta estabilidad dimensional y alta resistencia a pinchazos o roturas, as\u00ed como elasticidad y flexibilidad.<\/p>\n\n\n\n<p>Nuestro \u00e9xito se basa en la ingenier\u00eda alemana, la confianza y el m\u00e1s alto nivel de calidad. Nuestra prioridad es crear un producto de la mejor calidad y llevarlo al mercado, conservando los recursos naturales y el medio ambiente. Todo ello beneficia la salud y el bienestar de nuestros clientes.<\/p>\n\n\n\n<div class=\"wp-block-columns is-layout-flex wp-container-core-columns-is-layout-1 wp-block-columns-is-layout-flex\">\n<div class=\"wp-block-column is-layout-flow wp-block-column-is-layout-flow\">\n<p>Las l\u00e1minas armadas <strong>ELBE Pool Surface<sup>\u00ae<\/sup><\/strong> est\u00e1n dise\u00f1adas y producidas en nuestra f\u00e1brica ultra moderna situada en Alemania, en la ciudad de Dresden. \u00bbMade in Germany\u00ab por ELBTAL PLASTICS significa una calidad insuperable, gracias a la cual podemos ofrecerle una garant\u00eda de 15 a\u00f1os sobre la impermeabilidad de nuestro material. Hemos producido m\u00e1s de 800 Millones de m<sup>2<\/sup> de l\u00e1minas flexibles de PVC desde el a\u00f1o 1956. A lo largo de los \u00faltimos decenios nuestra l\u00e1mina armada <strong>ELBE Pool Surface<sup>\u00ae<\/sup><\/strong> ha sido instalada en exclusivas piscinas privadas y grandes parques acu\u00e1ticos alrededor del mundo en m\u00e1s de 60 pa\u00edses.<\/p>\n\n\n\n<p>Elbtal Plastics esta certificado ISO 9001, la norma internacional sobre control de calidad.<\/p>\n\n\n\n<p>Como especialista en l\u00e1minas de PVC, disponemos tambi\u00e9n de soluciones de impermeabilizaci\u00f3n para ingenier\u00eda civil, ingenier\u00eda hidr\u00e1ulica y protecci\u00f3n ambiental. Nuestra marca <strong>ELBE Natural Surface<sup>\u00ae<\/sup><\/strong> es sin\u00f3nimo de experiencia y continuidad.<\/p>\n\n\n\n<div style=\"height:20px\" aria-hidden=\"true\" class=\"wp-block-spacer\"><\/div>\n\n\n\n<div class=\"wp-block-buttons is-layout-flex wp-block-buttons-is-layout-flex\">\n<div class=\"wp-block-button\"><a class=\"wp-block-button__link wp-element-button\" href=\"https:\/\/elbepools.com\/es\/?page_id=14026\" target=\"_blank\" rel=\"noreferrer noopener\">SABER M\u00c1S SOBRE<br>ELBE NATURAL SURFACE<\/a><\/div>\n<\/div>\n\n\n\n<div style=\"height:17px\" aria-hidden=\"true\" class=\"wp-block-spacer\"><\/div>\n\n\n\n<p>Nuestra marca <strong>ELBE Technical Surface<\/strong> ofrece soluciones individuales y orientadas al cliente con l\u00e1minas t\u00e9cnicas para higiene, revestimiento de tuber\u00edas y m\u00e1s aplicaciones. Desarrollaremos la soluci\u00f3n adecuada para su empresa.<\/p>\n\n\n\n<div style=\"height:33px\" aria-hidden=\"true\" class=\"wp-block-spacer\"><\/div>\n\n\n\n<div class=\"wp-block-buttons is-layout-flex wp-block-buttons-is-layout-flex\">\n<div class=\"wp-block-button\"><a class=\"wp-block-button__link wp-element-button\" href=\"https:\/\/www.elbtal-plastics.de\/en\/elbe-technical.html\" target=\"_blank\" rel=\"noreferrer noopener nofollow\">SABER M\u00c1S SOBRE<br>ELBE TECHNICAL SURFACE<\/a><\/div>\n<\/div>\n<\/div>\n\n\n\n<div class=\"wp-block-column is-layout-flow wp-block-column-is-layout-flow\">\n<figure class=\"wp-block-image size-large is-style-rounded\"><img loading=\"lazy\" decoding=\"async\" width=\"2560\" height=\"1707\" src=\"https:\/\/elbepools.com\/app\/uploads\/2020\/07\/Elbtal-get-to-know-us-scaled.jpg\" alt=\"\" class=\"wp-image-4858\" srcset=\"https:\/\/elbepools.com\/app\/uploads\/2020\/07\/Elbtal-get-to-know-us-scaled.jpg 2560w, https:\/\/elbepools.com\/app\/uploads\/2020\/07\/Elbtal-get-to-know-us-scaled-300x200.jpg 300w, https:\/\/elbepools.com\/app\/uploads\/2020\/07\/Elbtal-get-to-know-us-scaled-768x512.jpg 768w, https:\/\/elbepools.com\/app\/uploads\/2020\/07\/Elbtal-get-to-know-us-scaled-1024x683.jpg 1024w, https:\/\/elbepools.com\/app\/uploads\/2020\/07\/Elbtal-get-to-know-us-scaled-569x380.jpg 569w, https:\/\/elbepools.com\/app\/uploads\/2020\/07\/Elbtal-get-to-know-us-scaled-540x360.jpg 540w\" sizes=\"auto, (max-width: 2560px) 100vw, 2560px\" \/><\/figure>\n\n\n<div class=\"wp-block-image\">\n<figure class=\"alignleft size-medium is-resized\"><img loading=\"lazy\" decoding=\"async\" width=\"300\" height=\"170\" src=\"https:\/\/elbepools.com\/app\/uploads\/2020\/07\/ElbtalPlastics-Logo-20184c-process-bearb-e1593771367392-300x170.png\" alt=\"\" class=\"wp-image-4870\" style=\"width:167px;height:95px\" srcset=\"https:\/\/elbepools.com\/app\/uploads\/2020\/07\/ElbtalPlastics-Logo-20184c-process-bearb-e1593771367392-300x170.png 300w, https:\/\/elbepools.com\/app\/uploads\/2020\/07\/ElbtalPlastics-Logo-20184c-process-bearb-e1593771367392-768x435.png 768w, https:\/\/elbepools.com\/app\/uploads\/2020\/07\/ElbtalPlastics-Logo-20184c-process-bearb-e1593771367392-1024x580.png 1024w, https:\/\/elbepools.com\/app\/uploads\/2020\/07\/ElbtalPlastics-Logo-20184c-process-bearb-e1593771367392.png 1172w\" sizes=\"auto, (max-width: 300px) 100vw, 300px\" \/><\/figure><\/div>\n\n\n<p class=\"has-blue-color has-text-color\"><br><br><br><br><br><strong>Elbtal Plastics GmbH &amp; Co. KG<br><\/strong><mark style=\"background-color:rgba(0, 0, 0, 0)\" class=\"has-inline-color has-black-color\">Cowaplast 2<br>01640 Coswig | Alemania<\/mark><\/p>\n\n\n\n<p class=\"has-black-color has-text-color\"><img decoding=\"async\" src=\"https:\/\/elbepools.com\/app\/uploads\/2020\/07\/Kontakt_telephone-1.png\" alt=\"\" style=\"width: 20px;\"> <a href=\"tel:+49352353300\">+49 3523 5330-0<\/a><br><img decoding=\"async\" src=\"https:\/\/elbepools.com\/app\/uploads\/2020\/07\/Kontakt_print-1.png\" alt=\"\" style=\"width: 20px;\"> <a href=\"fax:+4935235330222\">+49 3523 5330-222<\/a><br><img decoding=\"async\" src=\"https:\/\/elbepools.com\/app\/uploads\/2020\/07\/Kontakt_email-1.png\" alt=\"\" style=\"width: 20px;\"> <a href=\"mailto:info@elbtal-plastics.de\">info@elbtal-plastics.de<\/a><\/p>\n\n\n\n<p><\/p>\n\n\n\n<p><a href=\"https:\/\/www.elbtal-plastics.de\/en\/\" data-type=\"URL\" data-id=\"https:\/\/www.elbtal-plastics.de\/en\/\" target=\"_blank\" rel=\"noreferrer noopener nofollow\">www.elbtal-plastics.de<\/a><\/p>\n\n\n\n<p><\/p>\n\n\n<div class=\"wp-block-image\">\n<figure class=\"alignleft size-large is-resized\"><img loading=\"lazy\" decoding=\"async\" width=\"268\" height=\"116\" src=\"https:\/\/elbepools.com\/app\/uploads\/2020\/07\/KAP_Logo_FF_Endorsement_CMYK.png\" alt=\"\" class=\"wp-image-4862\" style=\"width:134px;height:58px\"\/><\/figure><\/div>\n\n\n<figure class=\"wp-block-image size-large is-resized\"><a href=\"https:\/\/elbtal-plastics.de\/en\/news-detail\/vinylplus-recertification-2025-elbtal-plastics-reaffirms-its-commitment-to-sustainability.html\" rel=\"nofollow noopener\" target=\"_blank\"><img loading=\"lazy\" decoding=\"async\" width=\"1024\" height=\"335\" src=\"https:\/\/elbepools.com\/app\/uploads\/2025\/07\/vinylplus-vector-logo-1024x335.jpg\" alt=\"\" class=\"wp-image-25891\" style=\"width:135px;height:auto\" srcset=\"https:\/\/elbepools.com\/app\/uploads\/2025\/07\/vinylplus-vector-logo-1024x335.jpg 1024w, https:\/\/elbepools.com\/app\/uploads\/2025\/07\/vinylplus-vector-logo-300x98.jpg 300w, https:\/\/elbepools.com\/app\/uploads\/2025\/07\/vinylplus-vector-logo-768x252.jpg 768w\" sizes=\"auto, (max-width: 1024px) 100vw, 1024px\" \/><\/a><\/figure>\n<\/div>\n<\/div>\n","protected":false},"excerpt":{"rendered":"<p>\u00bf QUIENES SOMOS ? Somos un fabricante alem\u00e1n que lleva m\u00e1s de 60 a\u00f1os fabricando con \u00e9xito lamias flexibles de PVC. Somos un l\u00edder mundial en la producci\u00f3n de revestimientos PVC para piscinas. Ense\u00f1amos y recomendamos los m\u00e1s altos est\u00e1ndares de instalaci\u00f3n y certificaci\u00f3n. La membrana est\u00e1 formada por 2 l\u00e1minas flexibles de policloruro de [&hellip;]<\/p>\n","protected":false},"author":2,"featured_media":0,"parent":0,"menu_order":0,"comment_status":"closed","ping_status":"closed","template":"","meta":{"_acf_changed":false,"footnotes":""},"class_list":["post-4848","page","type-page","status-publish","hentry"],"acf":[],"_links":{"self":[{"href":"https:\/\/elbepools.com\/es\/wp-json\/wp\/v2\/pages\/4848","targetHints":{"allow":["GET"]}}],"collection":[{"href":"https:\/\/elbepools.com\/es\/wp-json\/wp\/v2\/pages"}],"about":[{"href":"https:\/\/elbepools.com\/es\/wp-json\/wp\/v2\/types\/page"}],"author":[{"embeddable":true,"href":"https:\/\/elbepools.com\/es\/wp-json\/wp\/v2\/users\/2"}],"replies":[{"embeddable":true,"href":"https:\/\/elbepools.com\/es\/wp-json\/wp\/v2\/comments?post=4848"}],"version-history":[{"count":13,"href":"https:\/\/elbepools.com\/es\/wp-json\/wp\/v2\/pages\/4848\/revisions"}],"predecessor-version":[{"id":25900,"href":"https:\/\/elbepools.com\/es\/wp-json\/wp\/v2\/pages\/4848\/revisions\/25900"}],"wp:attachment":[{"href":"https:\/\/elbepools.com\/es\/wp-json\/wp\/v2\/media?parent=4848"}],"curies":[{"name":"wp","href":"https:\/\/api.w.org\/{rel}","templated":true}]}}