{"id":4810,"date":"2021-02-09T11:41:19","date_gmt":"2021-02-09T10:41:19","guid":{"rendered":"https:\/\/elbepools.com\/?page_id=4810"},"modified":"2026-01-28T13:19:48","modified_gmt":"2026-01-28T12:19:48","slug":"home","status":"publish","type":"page","link":"https:\/\/elbepools.com\/es\/","title":{"rendered":"p\u00e1gina principal"},"content":{"rendered":"\n<div id=\"fp-video-header-block_064cf3ed6e7b43dea38596b0b152cd28\" class=\"fp-video-header-block alignfull\">\n\t\t\t<div class=\"hero-video\">\n\t\t\t<div class=\"hero-video__wrapper\">\n\t\t\t\t\t\t\t\t\t<video\n\t\t\t\t\t\tclass=\"hero-video__element\"\n\t\t\t\t\t\tautoplay\n\t\t\t\t\t\tmuted\n\t\t\t\t\t\tloop\n\t\t\t\t\t\tplaysinline\n\t\t\t\t\t\tpreload=\"metadata\"\n\t\t\t\t\t\t\t\t\t\t\t\t\tposter=\"https:\/\/elbepools.com\/app\/uploads\/2025\/12\/Slider_Standbild.png\"\n\t\t\t\t\t\t\t\t\t\t\t>\n\t\t\t\t\t\t\t\t\t\t\t\t\t<source src=\"https:\/\/elbepools.com\/app\/uploads\/2025\/12\/VideoStartseite_UHD.webm\" media=\"(min-width: 1920px)\" type=\"video\/webm\">\n\t\t\t\t\t\t\t\t\t\t\t\t\t\t\t\t\t\t\t<source src=\"https:\/\/elbepools.com\/app\/uploads\/2025\/12\/VideoStartseite_HD.webm\" media=\"(min-width: 1280px)\" type=\"video\/webm\">\n\t\t\t\t\t\t\t\t\t\t\t\t\t\t\t\t\t\t\t<source src=\"https:\/\/elbepools.com\/app\/uploads\/2025\/12\/VideoStartseite_Tablet.webm\" media=\"(min-width: 768px)\" type=\"video\/webm\">\n\t\t\t\t\t\t\t\t\t\t\t\t\t\t\t\t\t\t\t<source src=\"https:\/\/elbepools.com\/app\/uploads\/2025\/12\/VideoStartseite_Handy.webm\" type=\"video\/webm\">\n\t\t\t\t\t\t\t\t\t\t\t\t\t\t\t\t\t\t\t<source src=\"https:\/\/elbepools.com\/app\/uploads\/2025\/12\/VideoStartseite_HD.mp4\" type=\"video\/mp4\">\n\t\t\t\t\t\t\t\t\t\t\t\t<p>Your browser does not support the video tag.<\/p>\n\t\t\t\t\t<\/video>\n\t\t\t\t\n\t\t\t\t<img decoding=\"async\" class=\"wellenstruktur\" src=\"https:\/\/elbepools.com\/app\/themes\/jagdfieber\/img\/welle-ganz.png\" alt=\"\">\n\t\t\t<\/div>\n\n\t\t\t\t\t<\/div>\n\t<\/div>\n\n\n\n\n<div class=\"wp-block-group\"><div class=\"wp-block-group__inner-container is-layout-constrained wp-block-group-is-layout-constrained\">\n<h2 class=\"wp-block-heading\"><strong>CUALQUIER FORMA. CUALQUIER TAMA\u00d1O. <\/strong><br><strong>PARA TODOS LOS GUSTOS<\/strong>.<\/h2>\n\n\n\n<p>Las l\u00e1minas armadas y liners de la marca <strong>ELBE Pool Surface<sup>\u00ae<\/sup><\/strong> son el revestimiento perfecto para cada piscina. Ya sea una nueva construcci\u00f3n o una renovaci\u00f3n, tanto en piscina privada como p\u00fablica, <strong>ELBE Pool Surface<sup>\u00ae<\/sup><\/strong> ofrece soluciones individuales para cada aplicaci\u00f3n. El tama\u00f1o y la forma de la piscina no importa. No hay l\u00edmites para su imaginaci\u00f3n, existe una amplia gama de dise\u00f1os y colores. Las posibilidades de aplicaci\u00f3n y la amplia gama de colores convencen a los propietarios de piscinas, a los instaladores y a los dise\u00f1adores de todo el mundo.<\/p>\n\n\n\n<p>Gracias a la calidad \u00bbMade in Germany\u00ab, una producci\u00f3n sostenible y un servicio integral, <strong>ELBE Pool Surface<sup>\u00ae<\/sup><\/strong> es una de las marcas l\u00edderes a nivel mundial.<\/p>\n\n\n\n<div class=\"wp-block-buttons is-content-justification-center is-layout-flex wp-container-core-buttons-is-layout-1 wp-block-buttons-is-layout-flex\">\n<div class=\"wp-block-button is-style-outline is-style-outline--1\"><a class=\"wp-block-button__link wp-element-button\" href=\"https:\/\/elbepools.com\/es\/nosotros\/\">\u00bf QUIENES SOMOS ?<\/a><\/div>\n<\/div>\n<\/div><\/div>\n\n\n\n<p><\/p>\n\n\n\n<h2 class=\"wp-block-heading\">\u00a1Descubre el Cat\u00e1logo de Productos ELBEPools 2026!<\/h2>\n\n\n\n<p>Estamos encantados de presentar nuestro <strong>nuevo Cat\u00e1logo de Productos ELBEPools 2026<\/strong>. Explora nuestras \u00faltimas innovaciones, soluciones de piscinas de alta calidad y dise\u00f1os vanguardistas. Desc\u00e1rgalo ahora y encuentra inspiraci\u00f3n para tu pr\u00f3ximo proyecto.<br><\/p>\n\n\n\n<div class=\"wp-block-buttons is-content-justification-center is-layout-flex wp-container-core-buttons-is-layout-2 wp-block-buttons-is-layout-flex\">\n<div class=\"wp-block-button\"><a class=\"wp-block-button__link wp-element-button\" href=\"https:\/\/elbepools.com\/app\/uploads\/2026\/01\/ELBE-POOLS-and-PONDS-Katalog-2026-ES.pdf\" target=\"_blank\" rel=\"noreferrer noopener\">dOWNLOAD CAT\u00e1LOgo<\/a><\/div>\n<\/div>\n\n\n\n<p><\/p>\n\n\n\n<h2 class=\"wp-block-heading\">A MEDIDA \u2013 SOLO PARA USTED.<\/h2>\n\n\n\n<p>Las l\u00e1minas armadas <strong>ELBE Pool Surface<sup>\u00ae<\/sup><\/strong> se pueden instalar en cualquier piscina. El tama\u00f1o, la forma o el dise\u00f1o no son obst\u00e1culos. Los t\u00e9cnicos instalan el material a la medida exacta directamente in situ.&nbsp; Puede elegir una gran variedad de colores y dise\u00f1os para conseguir un resultado perfecto. No hay l\u00edmite a su imaginaci\u00f3n.<\/p>\n\n\n\n<div id=\"jf-color-gallery-block_1347d9dc67f820276e35cab9d611111f\" class=\"jf-color-gallery-block alignwide\">\n\t\n\t\t\t<div class=\"flex justify-center colors\">\n\n\t\t\t\t\t\t\t\t\t<div class=\"color__wrapper flex justify-center gallery\">\n\t\t\t\t\t\t<div class=\"color__inner\">\n\t\t\t\t\t\t\t<div class=\"color__images\">\n\t\t\t\t\t\t\t\t\t\t\t\t\t\t\t\t\t<a class=\"image color__link\" href=\"https:\/\/elbepools.com\/es\/productos\/solid\/\">\n\t\t\t\t\t\t\t\t\t\t\t\t\t\t\t\t\t\t\t\t\t<div class=\"label--new\">Nuevo<\/div>\n\t\t\t\t\t\t\t\t\t\t\t\t\t\t\t\t\t\t\t\t<img loading=\"lazy\" decoding=\"async\" width=\"150\" height=\"150\" src=\"https:\/\/elbepools.com\/app\/uploads\/2025\/03\/SOLID-Graphite-top-150x150.jpg\" class=\"attachment-thumbnail size-thumbnail\" alt=\"Nahaufnahme der SOLID Stone-Texturen, die eine realistische Naturstein\u00e4sthetik in warmen Erdt\u00f6nen zeigen.\" srcset=\"https:\/\/elbepools.com\/app\/uploads\/2025\/03\/SOLID-Graphite-top-150x150.jpg 150w, https:\/\/elbepools.com\/app\/uploads\/2025\/03\/SOLID-Graphite-top-400x400.jpg 400w\" sizes=\"auto, (max-width: 150px) 100vw, 150px\" \/>\t\t\t\t\t\t\t\t\t<\/a>\n\t\t\t\t\t\t\t\t\t\t\t\t\t\t\t\t\t\n\t\t\t\t\t\t\t\t\t\t\t\t\t\t\t<\/div>\n\n\t\t\t\t\t\t\t<div class=\"color__title\">\n\t\t\t\t\t\t\t\t\t\t\t\t\t\t\t\t\t<a class=\"color__title__link\" href=\"https:\/\/elbepools.com\/es\/productos\/solid\/\">SOLDIE Stone<\/a>\n\t\t\t\t\t\t\t\t\t\t\t\t\t\t\t<\/div>\n\t\t\t\t\t\t\t\t\t\t\t\t\t<\/div>\n\n\n\t\t\t\t\t<\/div>\n\n\n\t\t\t\t\t\t\t\t\t<div class=\"color__wrapper flex justify-center gallery\">\n\t\t\t\t\t\t<div class=\"color__inner\">\n\t\t\t\t\t\t\t<div class=\"color__images\">\n\t\t\t\t\t\t\t\t\t\t\t\t\t\t\t\t\t<a class=\"image color__link\" href=\"https:\/\/elbepools.com\/es\/productos\/unique\/\">\n\t\t\t\t\t\t\t\t\t\t\t\t\t\t\t\t\t\t\t\t\t<div class=\"label--new\">Nuevo<\/div>\n\t\t\t\t\t\t\t\t\t\t\t\t\t\t\t\t\t\t\t\t<img loading=\"lazy\" decoding=\"async\" width=\"150\" height=\"150\" src=\"https:\/\/elbepools.com\/app\/uploads\/2025\/03\/UNIQUE-Tuscany-sand-side-150x150.jpg\" class=\"attachment-thumbnail size-thumbnail\" alt=\"\u00c1rea de piscina de lujo destacando los sofisticados patrones y el acabado completamente impermeable de UNIQUE Tile.\" srcset=\"https:\/\/elbepools.com\/app\/uploads\/2025\/03\/UNIQUE-Tuscany-sand-side-150x150.jpg 150w, https:\/\/elbepools.com\/app\/uploads\/2025\/03\/UNIQUE-Tuscany-sand-side-400x400.jpg 400w\" sizes=\"auto, (max-width: 150px) 100vw, 150px\" \/>\t\t\t\t\t\t\t\t\t<\/a>\n\t\t\t\t\t\t\t\t\t\t\t\t\t\t\t\t\t\n\t\t\t\t\t\t\t\t\t\t\t\t\t\t\t<\/div>\n\n\t\t\t\t\t\t\t<div class=\"color__title\">\n\t\t\t\t\t\t\t\t\t\t\t\t\t\t\t\t\t<a class=\"color__title__link\" href=\"https:\/\/elbepools.com\/es\/productos\/unique\/\">UNIQUE Tile<\/a>\n\t\t\t\t\t\t\t\t\t\t\t\t\t\t\t<\/div>\n\t\t\t\t\t\t\t\t\t\t\t\t\t<\/div>\n\n\n\t\t\t\t\t<\/div>\n\n\n\t\t\t\t\t\t\t\t\t<div class=\"color__wrapper flex justify-center gallery\">\n\t\t\t\t\t\t<div class=\"color__inner\">\n\t\t\t\t\t\t\t<div class=\"color__images\">\n\t\t\t\t\t\t\t\t\t\t\t\t\t\t\t\t\t<a class=\"image color__link\" href=\"https:\/\/elbepools.com\/es\/productos\/motion\/\">\n\t\t\t\t\t\t\t\t\t\t\t\t\t\t\t\t\t\t\t\t<img loading=\"lazy\" decoding=\"async\" width=\"150\" height=\"150\" src=\"https:\/\/elbepools.com\/app\/uploads\/2023\/05\/elite-motion-SandBeach-150x150.jpg\" class=\"attachment-thumbnail size-thumbnail\" alt=\"\" srcset=\"https:\/\/elbepools.com\/app\/uploads\/2023\/05\/elite-motion-SandBeach-150x150.jpg 150w, https:\/\/elbepools.com\/app\/uploads\/2023\/05\/elite-motion-SandBeach-400x400.jpg 400w, https:\/\/elbepools.com\/app\/uploads\/2023\/05\/elite-motion-SandBeach-1024x1024.jpg 1024w\" sizes=\"auto, (max-width: 150px) 100vw, 150px\" \/>\t\t\t\t\t\t\t\t\t<\/a>\n\t\t\t\t\t\t\t\t\t\t\t\t\t\t\t\t\t\n\t\t\t\t\t\t\t\t\t\t\t\t\t\t\t<\/div>\n\n\t\t\t\t\t\t\t<div class=\"color__title\">\n\t\t\t\t\t\t\t\t\t\t\t\t\t\t\t\t\t<a class=\"color__title__link\" href=\"https:\/\/elbepools.com\/es\/productos\/motion\/\">motion<\/a>\n\t\t\t\t\t\t\t\t\t\t\t\t\t\t\t<\/div>\n\t\t\t\t\t\t\t\t\t\t\t\t\t<\/div>\n\n\n\t\t\t\t\t<\/div>\n\n\n\t\t\t\t\t\t\t\t\t<div class=\"color__wrapper flex justify-center gallery\">\n\t\t\t\t\t\t<div class=\"color__inner\">\n\t\t\t\t\t\t\t<div class=\"color__images\">\n\t\t\t\t\t\t\t\t\t\t\t\t\t\t\t\t\t<a class=\"image color__link\" href=\"https:\/\/elbepools.com\/es\/productos\/elite\/\">\n\t\t\t\t\t\t\t\t\t\t\t\t\t\t\t\t\t\t\t\t<img loading=\"lazy\" decoding=\"async\" width=\"150\" height=\"150\" src=\"https:\/\/elbepools.com\/app\/uploads\/2020\/06\/Deap-Sea-1-150x150.jpg\" class=\"attachment-thumbnail size-thumbnail\" alt=\"\" srcset=\"https:\/\/elbepools.com\/app\/uploads\/2020\/06\/Deap-Sea-1-150x150.jpg 150w, https:\/\/elbepools.com\/app\/uploads\/2020\/06\/Deap-Sea-1-400x400.jpg 400w\" sizes=\"auto, (max-width: 150px) 100vw, 150px\" \/>\t\t\t\t\t\t\t\t\t<\/a>\n\t\t\t\t\t\t\t\t\t\t\t\t\t\t\t\t\t\n\t\t\t\t\t\t\t\t\t\t\t\t\t\t\t<\/div>\n\n\t\t\t\t\t\t\t<div class=\"color__title\">\n\t\t\t\t\t\t\t\t\t\t\t\t\t\t\t\t\t<a class=\"color__title__link\" href=\"https:\/\/elbepools.com\/es\/productos\/elite\/\">elite<sup>\u00ae<\/sup><\/a>\n\t\t\t\t\t\t\t\t\t\t\t\t\t\t\t<\/div>\n\t\t\t\t\t\t\t\t\t\t\t\t\t<\/div>\n\n\n\t\t\t\t\t<\/div>\n\n\n\t\t\t\t\t\t\t\t\t<div class=\"color__wrapper flex justify-center gallery\">\n\t\t\t\t\t\t<div class=\"color__inner\">\n\t\t\t\t\t\t\t<div class=\"color__images\">\n\t\t\t\t\t\t\t\t\t\t\t\t\t\t\t\t\t<a class=\"image color__link\" href=\"https:\/\/elbepools.com\/es\/productos\/pearl\/\">\n\t\t\t\t\t\t\t\t\t\t\t\t\t\t\t\t\t\t\t\t<img loading=\"lazy\" decoding=\"async\" width=\"150\" height=\"150\" src=\"https:\/\/elbepools.com\/app\/uploads\/2020\/06\/Pearl-Black-150x150.jpg\" class=\"attachment-thumbnail size-thumbnail\" alt=\"\" srcset=\"https:\/\/elbepools.com\/app\/uploads\/2020\/06\/Pearl-Black-150x150.jpg 150w, https:\/\/elbepools.com\/app\/uploads\/2020\/06\/Pearl-Black-400x400.jpg 400w\" sizes=\"auto, (max-width: 150px) 100vw, 150px\" \/>\t\t\t\t\t\t\t\t\t<\/a>\n\t\t\t\t\t\t\t\t\t\t\t\t\t\t\t\t\t\n\t\t\t\t\t\t\t\t\t\t\t\t\t\t\t<\/div>\n\n\t\t\t\t\t\t\t<div class=\"color__title\">\n\t\t\t\t\t\t\t\t\t\t\t\t\t\t\t\t\t<a class=\"color__title__link\" href=\"https:\/\/elbepools.com\/es\/productos\/pearl\/\">PEARL <\/a>\n\t\t\t\t\t\t\t\t\t\t\t\t\t\t\t<\/div>\n\t\t\t\t\t\t\t\t\t\t\t\t\t<\/div>\n\n\n\t\t\t\t\t<\/div>\n\n\n\t\t\t\t\t\t\t\t\t<div class=\"color__wrapper flex justify-center gallery\">\n\t\t\t\t\t\t<div class=\"color__inner\">\n\t\t\t\t\t\t\t<div class=\"color__images\">\n\t\t\t\t\t\t\t\t\t\t\t\t\t\t\t\t\t<a class=\"image color__link\" href=\"https:\/\/elbepools.com\/es\/productos\/impreso\/\">\n\t\t\t\t\t\t\t\t\t\t\t\t\t\t\t\t\t\t\t\t<img loading=\"lazy\" decoding=\"async\" width=\"150\" height=\"150\" src=\"https:\/\/elbepools.com\/app\/uploads\/2020\/12\/Azur-Mosaik_neu-scaled-150x150.jpg\" class=\"attachment-thumbnail size-thumbnail\" alt=\"\" srcset=\"https:\/\/elbepools.com\/app\/uploads\/2020\/12\/Azur-Mosaik_neu-scaled-150x150.jpg 150w, https:\/\/elbepools.com\/app\/uploads\/2020\/12\/Azur-Mosaik_neu-scaled-400x400.jpg 400w\" sizes=\"auto, (max-width: 150px) 100vw, 150px\" \/>\t\t\t\t\t\t\t\t\t<\/a>\n\t\t\t\t\t\t\t\t\t\t\t\t\t\t\t\t\t\n\t\t\t\t\t\t\t\t\t\t\t\t\t\t\t<\/div>\n\n\t\t\t\t\t\t\t<div class=\"color__title\">\n\t\t\t\t\t\t\t\t\t\t\t\t\t\t\t\t\t<a class=\"color__title__link\" href=\"https:\/\/elbepools.com\/es\/productos\/impreso\/\">impreso<\/a>\n\t\t\t\t\t\t\t\t\t\t\t\t\t\t\t<\/div>\n\t\t\t\t\t\t\t\t\t\t\t\t\t<\/div>\n\n\n\t\t\t\t\t<\/div>\n\n\n\t\t\t\t\t\t\t\t\t<div class=\"color__wrapper flex justify-center gallery\">\n\t\t\t\t\t\t<div class=\"color__inner\">\n\t\t\t\t\t\t\t<div class=\"color__images\">\n\t\t\t\t\t\t\t\t\t\t\t\t\t\t\t\t\t<a class=\"image color__link\" href=\"https:\/\/elbepools.com\/es\/productos\/unicolor\/\">\n\t\t\t\t\t\t\t\t\t\t\t\t\t\t\t\t\t\t\t\t<img loading=\"lazy\" decoding=\"async\" width=\"150\" height=\"150\" src=\"https:\/\/elbepools.com\/app\/uploads\/2020\/06\/Adriatic-Blue-150x150.jpg\" class=\"attachment-thumbnail size-thumbnail\" alt=\"\" srcset=\"https:\/\/elbepools.com\/app\/uploads\/2020\/06\/Adriatic-Blue-150x150.jpg 150w, https:\/\/elbepools.com\/app\/uploads\/2020\/06\/Adriatic-Blue-400x400.jpg 400w\" sizes=\"auto, (max-width: 150px) 100vw, 150px\" \/>\t\t\t\t\t\t\t\t\t<\/a>\n\t\t\t\t\t\t\t\t\t\t\t\t\t\t\t\t\t\n\t\t\t\t\t\t\t\t\t\t\t\t\t\t\t<\/div>\n\n\t\t\t\t\t\t\t<div class=\"color__title\">\n\t\t\t\t\t\t\t\t\t\t\t\t\t\t\t\t\t<a class=\"color__title__link\" href=\"https:\/\/elbepools.com\/es\/productos\/unicolor\/\">unicolor<\/a>\n\t\t\t\t\t\t\t\t\t\t\t\t\t\t\t<\/div>\n\t\t\t\t\t\t\t\t\t\t\t\t\t<\/div>\n\n\n\t\t\t\t\t<\/div>\n\n\n\t\t\t\t\n\t\t\t<\/div>\n\n\t\t\n\t\n<\/div>\n\n\n\n<div class=\"wp-block-buttons is-content-justification-center is-layout-flex wp-container-core-buttons-is-layout-3 wp-block-buttons-is-layout-flex\">\n<div class=\"wp-block-button is-style-outline is-style-outline--2\"><a class=\"wp-block-button__link wp-element-button\" href=\"https:\/\/elbepools.com\/es\/configurador-de-piscina\/\">VER SU PISCINA AQUI<\/a><\/div>\n<\/div>\n\n\n\n<div id=\"jf-teaser-block_b66728cc7f56123a976b79a1a8ef4b3d\" class=\"jf-teaser-block aligncenter\">\n\t<div class=\"row justify-around flex teaser__wrapper\">\n\t\t\t\t\t<div class=\"col-md-4\">\n\t\t\t\t<a class=\"teaser\" href=\"https:\/\/elbepools.com\/es\/tipos-de-uso\/piscinas-privadas\/\" >\n\t\t\t\t\t<h2 class=\"headline no-wave\">PISCINAS PRIVADAS<\/h2>\n\t\t\t\t\t<div class=\"text\">La elegancia en estado puro. \r\nSu espacio \u00fanico.\r\n<\/div>\n\t\t\t\t\t<div class=\"read-more\">\n\t\t\t\t\t\t<span>\n\t\t\t\t\t\t\t<span class=\"svg-wrapper\"><svg><use xmlns:xlink=\"http:\/\/www.w3.org\/1999\/xlink\" xlink:href=\"#welle\"><\/use><\/svg><\/span>\t\t\t\t\t\t\tVer m\u00e1s\t\t\t\t\t\t\t<span class=\"svg-wrapper\"><svg><use xmlns:xlink=\"http:\/\/www.w3.org\/1999\/xlink\" xlink:href=\"#welle\"><\/use><\/svg><\/span>\t\t\t\t\t\t<\/span>\n\t\t\t\t\t<\/div>\n\t\t\t\t<\/a>\n\t\t\t<\/div>\n\t  \t\t\t<div class=\"col-md-4\">\n\t\t\t\t<a class=\"teaser\" href=\"https:\/\/elbepools.com\/es\/tipos-de-uso\/piscinas-publicas\/\" >\n\t\t\t\t\t<h2 class=\"headline no-wave\">PISCINAS P\u00daBLICAS<\/h2>\n\t\t\t\t\t<div class=\"text\">Armon\u00eda. Confort. Los ba\u00f1istas disfrutan con nuestros revestimientos. <\/div>\n\t\t\t\t\t<div class=\"read-more\">\n\t\t\t\t\t\t<span>\n\t\t\t\t\t\t\t<span class=\"svg-wrapper\"><svg><use xmlns:xlink=\"http:\/\/www.w3.org\/1999\/xlink\" xlink:href=\"#welle\"><\/use><\/svg><\/span>\t\t\t\t\t\t\tVer m\u00e1s\t\t\t\t\t\t\t<span class=\"svg-wrapper\"><svg><use xmlns:xlink=\"http:\/\/www.w3.org\/1999\/xlink\" xlink:href=\"#welle\"><\/use><\/svg><\/span>\t\t\t\t\t\t<\/span>\n\t\t\t\t\t<\/div>\n\t\t\t\t<\/a>\n\t\t\t<\/div>\n\t  \t<\/div>\n<\/div>\n\n\n\n<div class=\"wp-block-columns is-layout-flex wp-container-core-columns-is-layout-1 wp-block-columns-is-layout-flex\">\n<div class=\"wp-block-column is-layout-flow wp-block-column-is-layout-flow\">\n<figure class=\"wp-block-image size-large is-style-rounded\"><img loading=\"lazy\" decoding=\"async\" width=\"1024\" height=\"512\" src=\"https:\/\/elbepools.com\/app\/uploads\/2020\/07\/Contact-1024x512.jpg\" alt=\"\" class=\"wp-image-4871\" srcset=\"https:\/\/elbepools.com\/app\/uploads\/2020\/07\/Contact-1024x512.jpg 1024w, https:\/\/elbepools.com\/app\/uploads\/2020\/07\/Contact-300x150.jpg 300w, https:\/\/elbepools.com\/app\/uploads\/2020\/07\/Contact-768x384.jpg 768w, https:\/\/elbepools.com\/app\/uploads\/2020\/07\/Contact.jpg 2048w\" sizes=\"auto, (max-width: 1024px) 100vw, 1024px\" \/><\/figure>\n<\/div>\n\n\n\n<div class=\"wp-block-column is-layout-flow wp-block-column-is-layout-flow\">\n<h2 class=\"wp-block-heading\">SABEMOS DE PISCINAS.<\/h2>\n\n\n\n<p>Los liners y l\u00e1minas armadas para piscinas son nuestra pasi\u00f3n y nuestro negocio principal. Producimos la marca <strong>ELBE Pool Surface<sup>\u00ae<\/sup><\/strong> para clientes de todo el mundo. Nuestros distribuidores de m\u00e1s de 50 pa\u00edses conf\u00edan en nuestra tecnolog\u00eda y nuestra calidad de producto con ingenier\u00eda alemana.<\/p>\n\n\n\n<p>Desde 1956 hemos producido m\u00e1s de 800 millones de m<sup>2<\/sup> de membranas flexibles. En las \u00faltimas d\u00e9cadas, nuestro material<strong> ELBE Pool Surface<sup>\u00ae<\/sup><\/strong> se ha instalado tanto en propiedades privadas como en instalaciones p\u00fablicas en m\u00e1s de 60 pa\u00edses. \u00bbMade in Germany\u00ab de Elbtal Plastics significa calidad superior.<\/p>\n\n\n\n<div class=\"wp-block-buttons is-content-justification-center is-layout-flex wp-container-core-buttons-is-layout-4 wp-block-buttons-is-layout-flex\">\n<div class=\"wp-block-button is-style-fill\"><a class=\"wp-block-button__link wp-element-button\" href=\"https:\/\/elbepools.com\/es\/contactar\/\">CONTACTO<\/a><\/div>\n<\/div>\n\n\n\n<p><\/p>\n<\/div>\n<\/div>\n\n\n\n<p><\/p>\n","protected":false},"excerpt":{"rendered":"<p>CUALQUIER FORMA. CUALQUIER TAMA\u00d1O. PARA TODOS LOS GUSTOS. Las l\u00e1minas armadas y liners de la marca ELBE Pool Surface\u00ae son el revestimiento perfecto para cada piscina. Ya sea una nueva construcci\u00f3n o una renovaci\u00f3n, tanto en piscina privada como p\u00fablica, ELBE Pool Surface\u00ae ofrece soluciones individuales para cada aplicaci\u00f3n. El tama\u00f1o y la forma de [&hellip;]<\/p>\n","protected":false},"author":2,"featured_media":0,"parent":0,"menu_order":-1,"comment_status":"closed","ping_status":"closed","template":"","meta":{"_acf_changed":false,"footnotes":""},"class_list":["post-4810","page","type-page","status-publish","hentry"],"acf":[],"_links":{"self":[{"href":"https:\/\/elbepools.com\/es\/wp-json\/wp\/v2\/pages\/4810","targetHints":{"allow":["GET"]}}],"collection":[{"href":"https:\/\/elbepools.com\/es\/wp-json\/wp\/v2\/pages"}],"about":[{"href":"https:\/\/elbepools.com\/es\/wp-json\/wp\/v2\/types\/page"}],"author":[{"embeddable":true,"href":"https:\/\/elbepools.com\/es\/wp-json\/wp\/v2\/users\/2"}],"replies":[{"embeddable":true,"href":"https:\/\/elbepools.com\/es\/wp-json\/wp\/v2\/comments?post=4810"}],"version-history":[{"count":20,"href":"https:\/\/elbepools.com\/es\/wp-json\/wp\/v2\/pages\/4810\/revisions"}],"predecessor-version":[{"id":26517,"href":"https:\/\/elbepools.com\/es\/wp-json\/wp\/v2\/pages\/4810\/revisions\/26517"}],"wp:attachment":[{"href":"https:\/\/elbepools.com\/es\/wp-json\/wp\/v2\/media?parent=4810"}],"curies":[{"name":"wp","href":"https:\/\/api.w.org\/{rel}","templated":true}]}}