{"id":3672,"date":"2021-01-26T08:30:26","date_gmt":"2021-01-26T07:30:26","guid":{"rendered":"https:\/\/elbepools.com\/?page_id=3672"},"modified":"2025-06-02T13:28:00","modified_gmt":"2025-06-02T11:28:00","slug":"produkte","status":"publish","type":"page","link":"https:\/\/elbepools.com\/de\/produkte\/","title":{"rendered":"Produkte"},"content":{"rendered":"\n<div id=\"jf-header-block_85b9b14feaab673cceab42aa0a16f000\" class=\"jf-header-block alignfull\">\n\t\t\t\t\t<div class=\"swiper-container\" data-swipe-settings=\"{&quot;slidesPerView&quot;:1,&quot;spaceBetween&quot;:0}\">\n\t\t\t<div class=\"swiper-wrapper\">\n\t\t\t\t\t\t<div class=\"swiper-slide hero-image\">\n\t\t\t\t\t<div class=\"hero-image__image__wrapper\">\n\t\t\t\t\t\t<picture>\n\t\t\t\t\t\t\t<source media=\"(max-width: 767px)\" srcset=\"https:\/\/elbepools.com\/app\/uploads\/2025\/05\/UNIQUE-Cyprus-Green-no-wm-768x384.jpg\">\n\t\t\t\t\t\t\t<img fetchpriority=\"high\" decoding=\"async\" width=\"2048\" height=\"1024\" src=\"https:\/\/elbepools.com\/app\/uploads\/2025\/05\/UNIQUE-Cyprus-Green-no-wm-2048x1024.jpg\" class=\"attachment-hero-full size-hero-full\" alt=\"\" title=\"UNIQUE-Cyprus-Green-no-wm\" loading=\"eager\" srcset=\"https:\/\/elbepools.com\/app\/uploads\/2025\/05\/UNIQUE-Cyprus-Green-no-wm-2048x1024.jpg 2048w, https:\/\/elbepools.com\/app\/uploads\/2025\/05\/UNIQUE-Cyprus-Green-no-wm-1024x512.jpg 1024w, https:\/\/elbepools.com\/app\/uploads\/2025\/05\/UNIQUE-Cyprus-Green-no-wm-768x384.jpg 768w\" sizes=\"(max-width: 2048px) 100vw, 2048px\" \/>\t\t\t\t\t\t<\/picture>\n\t\t\t\t\t\t<img decoding=\"async\" class=\"wellenstruktur\" src=\"https:\/\/elbepools.com\/app\/themes\/jagdfieber\/img\/welle-ganz.png\">\n\t\t\t\t\t<\/div>\n\t\t\t\t\t<div class=\"caption\">\n\t\t\t\t\t\t<div class=\"caption-outer\">\n\t\t\t\t\t\t\t<div class=\"caption-inner\">\n\t\t\t\t\t\t\t\t\t\t\t\t\t\t\t\t\t<div class=\"caption--headline\">\n\t\t\t\t\t\t\t\t\t\t<h2 class=\"caption--headline__text no-wave\">\n\t\t\t\t\t\t\t\t\t\t\tDichtungsbahnen in\t\t\t\t\t\t\t\t\t\t\t<span>starken Farben und stilvollen Designs<\/span>\n\t\t\t\t\t\t\t\t\t\t<\/h2>\n\t\t\t\t\t\t\t\t\t<\/div>\n\t\t\t\t\t\t\t\t\t\t\t\t\t\t\t\t<\/div>\n\t\t\t\t\t\t<\/div>\n\t\t\t\t\t<\/div>\n\t\t\t\t<\/div>\n\t\t\t\t\t\t\t\t<div class=\"swiper-slide hero-image\">\n\t\t\t\t\t<div class=\"hero-image__image__wrapper\">\n\t\t\t\t\t\t<picture>\n\t\t\t\t\t\t\t<source media=\"(max-width: 767px)\" srcset=\"https:\/\/elbepools.com\/app\/uploads\/2025\/05\/SOLID-Moon-top-768x384.jpg\">\n\t\t\t\t\t\t\t<img decoding=\"async\" width=\"2048\" height=\"1024\" src=\"https:\/\/elbepools.com\/app\/uploads\/2025\/05\/SOLID-Moon-top-2048x1024.jpg\" class=\"attachment-hero-full size-hero-full\" alt=\"\" title=\"SOLID-Moon-top\" loading=\"eager\" srcset=\"https:\/\/elbepools.com\/app\/uploads\/2025\/05\/SOLID-Moon-top-2048x1024.jpg 2048w, https:\/\/elbepools.com\/app\/uploads\/2025\/05\/SOLID-Moon-top-1024x512.jpg 1024w, https:\/\/elbepools.com\/app\/uploads\/2025\/05\/SOLID-Moon-top-768x384.jpg 768w\" sizes=\"(max-width: 2048px) 100vw, 2048px\" \/>\t\t\t\t\t\t<\/picture>\n\t\t\t\t\t\t<img decoding=\"async\" class=\"wellenstruktur\" src=\"https:\/\/elbepools.com\/app\/themes\/jagdfieber\/img\/welle-ganz.png\">\n\t\t\t\t\t<\/div>\n\t\t\t\t\t<div class=\"caption\">\n\t\t\t\t\t\t<div class=\"caption-outer\">\n\t\t\t\t\t\t\t<div class=\"caption-inner\">\n\t\t\t\t\t\t\t\t\t\t\t\t\t\t\t\t\t<div class=\"caption--headline\">\n\t\t\t\t\t\t\t\t\t\t<h2 class=\"caption--headline__text no-wave\">\n\t\t\t\t\t\t\t\t\t\t\tDie perfekte Abdichtung \t\t\t\t\t\t\t\t\t\t\t<span>f\u00fcr jedes Schwimmbecken<\/span>\n\t\t\t\t\t\t\t\t\t\t<\/h2>\n\t\t\t\t\t\t\t\t\t<\/div>\n\t\t\t\t\t\t\t\t\t\t\t\t\t\t\t\t<\/div>\n\t\t\t\t\t\t<\/div>\n\t\t\t\t\t<\/div>\n\t\t\t\t<\/div>\n\t\t\t\t\t\t\t\t<div class=\"swiper-slide hero-image\">\n\t\t\t\t\t<div class=\"hero-image__image__wrapper\">\n\t\t\t\t\t\t<picture>\n\t\t\t\t\t\t\t<source media=\"(max-width: 767px)\" srcset=\"https:\/\/elbepools.com\/app\/uploads\/2025\/05\/UNIQUE-Tuscany-Sand-pool-nowm-768x384.jpg\">\n\t\t\t\t\t\t\t<img decoding=\"async\" width=\"2048\" height=\"1024\" src=\"https:\/\/elbepools.com\/app\/uploads\/2025\/05\/UNIQUE-Tuscany-Sand-pool-nowm-2048x1024.jpg\" class=\"attachment-hero-full size-hero-full\" alt=\"\" title=\"UNIQUE-Tuscany-Sand-pool-nowm\" loading=\"eager\" srcset=\"https:\/\/elbepools.com\/app\/uploads\/2025\/05\/UNIQUE-Tuscany-Sand-pool-nowm-2048x1024.jpg 2048w, https:\/\/elbepools.com\/app\/uploads\/2025\/05\/UNIQUE-Tuscany-Sand-pool-nowm-1024x512.jpg 1024w, https:\/\/elbepools.com\/app\/uploads\/2025\/05\/UNIQUE-Tuscany-Sand-pool-nowm-768x384.jpg 768w\" sizes=\"(max-width: 2048px) 100vw, 2048px\" \/>\t\t\t\t\t\t<\/picture>\n\t\t\t\t\t\t<img decoding=\"async\" class=\"wellenstruktur\" src=\"https:\/\/elbepools.com\/app\/themes\/jagdfieber\/img\/welle-ganz.png\">\n\t\t\t\t\t<\/div>\n\t\t\t\t\t<div class=\"caption\">\n\t\t\t\t\t\t<div class=\"caption-outer\">\n\t\t\t\t\t\t\t<div class=\"caption-inner\">\n\t\t\t\t\t\t\t\t\t\t\t\t\t\t\t\t\t<div class=\"caption--headline\">\n\t\t\t\t\t\t\t\t\t\t<h2 class=\"caption--headline__text no-wave\">\n\t\t\t\t\t\t\t\t\t\t\tPoolfolien f\u00fcr \t\t\t\t\t\t\t\t\t\t\t<span>unbegrenzte M\u00f6glichkeiten<\/span>\n\t\t\t\t\t\t\t\t\t\t<\/h2>\n\t\t\t\t\t\t\t\t\t<\/div>\n\t\t\t\t\t\t\t\t\t\t\t\t\t\t\t\t<\/div>\n\t\t\t\t\t\t<\/div>\n\t\t\t\t\t<\/div>\n\t\t\t\t<\/div>\n\t\t\t\t\t\t\t\t<\/div> <!-- .swiper-wrapper -->\n\t\t\t\t<div class=\"swiper-button-next\"><svg><use xmlns:xlink=\"http:\/\/www.w3.org\/1999\/xlink\" xlink:href=\"#pfeil\"><\/use><\/svg><\/div>\n\t\t\t\t<div class=\"swiper-button-prev\"><svg><use xmlns:xlink=\"http:\/\/www.w3.org\/1999\/xlink\" xlink:href=\"#pfeil\"><\/use><\/svg><\/div>\n\t\t\t<\/div> <!-- .swiper-container -->\n\t\t\t<\/div><!-- .container -->\n\n\n\n<h1 class=\"wp-block-heading\"><strong><strong>Innovativ &amp; umweltorientiert: Unsere ELBE Poolfolien<\/strong><\/strong><\/h1>\n\n\n\n<div class=\"wp-block-group\"><div class=\"wp-block-group__inner-container is-layout-constrained wp-block-group-is-layout-constrained\">\n<p>Unsere Poolfolien sind f\u00fcr jede Form und Gr\u00f6\u00dfe eines Schwimmbeckens geeignet. Sie sind die perfekte L\u00f6sung sowohl f\u00fcr den Poolneubau als auch f\u00fcr eine Poolsanierung.<\/p>\n\n\n\n<p>Ob Ihr Pool rund, oval oder rechteckig ist, ob aus Fliesen, Beton, Stahl, Glasfaserbeschichtung (GFK) oder Holz \u2013 mit unseren Schwimmbadfolien erreichen Sie eine zuverl\u00e4ssige und obendrein elegante Abdichtung.<\/p>\n\n\n\n<p>Ihre Gesundheit und Ihr Wohlbefinden stehen f\u00fcr uns an erster Stelle. Alle Rohstoffe, die bei der Herstellung zum Einsatz kommen, werden nach unseren strengen Qualit\u00e4tsanforderungen ausgew\u00e4hlt und gepr\u00fcft.<\/p>\n\n\n\n<ul class=\"wp-block-list checkmark\">\n<li>&nbsp;kinderfreundlich (gepr\u00fcft nach der Norm f\u00fcr Kinderspielzeug EN 71-3)<\/li>\n\n\n\n<li>&nbsp;frei von Schwermetallen und Regeneraten<\/li>\n\n\n\n<li>&nbsp;geringste Rauchgasentwicklung bei der Verlegung<\/li>\n\n\n\n<li>&nbsp;Verwendung hochwertigster Rohstoffe<\/li>\n\n\n\n<li>&nbsp;reinstes Frischmaterial f\u00fcr den Herstellungsprozess<\/li>\n\n\n\n<li>&nbsp;hauseigenes Entwicklungslabor<\/li>\n\n\n\n<li>&nbsp;strengste, andauernde Qualit\u00e4tskontrollen und \u00dcberpr\u00fcfungen auch durch unabh\u00e4ngige Institute<\/li>\n<\/ul>\n\n\n\n<p><\/p>\n<\/div><\/div>\n\n\n\n<div class=\"wp-block-group\"><div class=\"wp-block-group__inner-container is-layout-constrained wp-block-group-is-layout-constrained\">\n<h2 class=\"wp-block-heading\">ENTDECKEN SIE DEN NEUEN PRODUKTKATALOG 2026<\/h2>\n\n\n\n<p>Wir freuen uns, Ihnen unseren brandneuen ELBEPools-Produktkatalog 2026 pr\u00e4sentieren zu d\u00fcrfen! Entdecken Sie unsere neuesten Innovationen, Premium-Pooll\u00f6sungen und modernen Designs. Laden Sie den Katalog jetzt herunter und lassen Sie sich f\u00fcr Ihr n\u00e4chstes Projekt inspirieren.<br><\/p>\n\n\n\n<div class=\"wp-block-buttons is-content-justification-center is-layout-flex wp-container-core-buttons-is-layout-1 wp-block-buttons-is-layout-flex\">\n<div class=\"wp-block-button\"><a class=\"wp-block-button__link wp-element-button\" href=\"https:\/\/elbepools.com\/app\/uploads\/2026\/01\/ELBE-POOLS-and-PONDS-Katalog-2026-DE-web-08.01.26.pdf\" target=\"_blank\" rel=\"noreferrer noopener\">dOWNLOAD Katalog<\/a><\/div>\n<\/div>\n\n\n\n<p><\/p>\n<\/div><\/div>\n\n\n\n<h2 class=\"wp-block-heading\">Unsere Poolfolien im \u00dcberblick<\/h2>\n\n\n\n<div id=\"jf-color-gallery-block_e12da09b99ecfd7c33959afab82915bd\" class=\"jf-color-gallery-block\">\n\t\n\t\t\t<div class=\"flex justify-center colors\">\n\n\t\t\t\t\t\t\t\t\t<div class=\"color__wrapper flex justify-center gallery\">\n\t\t\t\t\t\t<div class=\"color__inner\">\n\t\t\t\t\t\t\t<div class=\"color__images\">\n\t\t\t\t\t\t\t\t\t\t\t\t\t\t\t\t\t<a class=\"image color__link\" href=\"https:\/\/elbepools.com\/de\/produkte\/solid\/\">\n\t\t\t\t\t\t\t\t\t\t\t\t\t\t\t\t\t\t\t\t\t<div class=\"label--new\">Neu<\/div>\n\t\t\t\t\t\t\t\t\t\t\t\t\t\t\t\t\t\t\t\t<img loading=\"lazy\" decoding=\"async\" width=\"150\" height=\"150\" src=\"https:\/\/elbepools.com\/app\/uploads\/2025\/03\/SOLID-Graphite-top-150x150.jpg\" class=\"attachment-thumbnail size-thumbnail\" alt=\"\" srcset=\"https:\/\/elbepools.com\/app\/uploads\/2025\/03\/SOLID-Graphite-top-150x150.jpg 150w, https:\/\/elbepools.com\/app\/uploads\/2025\/03\/SOLID-Graphite-top-400x400.jpg 400w\" sizes=\"auto, (max-width: 150px) 100vw, 150px\" \/>\t\t\t\t\t\t\t\t\t<\/a>\n\t\t\t\t\t\t\t\t\t\t\t\t\t\t\t\t\t\n\t\t\t\t\t\t\t\t\t\t\t\t\t\t\t<\/div>\n\n\t\t\t\t\t\t\t<div class=\"color__title\">\n\t\t\t\t\t\t\t\t\t\t\t\t\t\t\t\t\t<a class=\"color__title__link\" href=\"https:\/\/elbepools.com\/de\/produkte\/solid\/\">SOLID Stone &#8211; 3D<\/a>\n\t\t\t\t\t\t\t\t\t\t\t\t\t\t\t<\/div>\n\t\t\t\t\t\t\t\t\t\t\t\t\t\t\t<div class=\"color__description\">\n\t\t\t\t\t\t\t\t\tEntdecken Sie vier atemberaubende neuen Farben, satte Texturen und hervorragende Qualit\u00e4t. Werten Sie Ihren Poolbereich mit der Eleganz von Naturstein auf, neu interpretiert f\u00fcr moderne G\u00e4rten.\t\t\t\t\t\t\t\t<\/div>\n\t\t\t\t\t\t\t\t\t\t\t\t\t<\/div>\n\n\n\t\t\t\t\t<\/div>\n\n\n\t\t\t\t\t\t\t\t\t<div class=\"color__wrapper flex justify-center gallery\">\n\t\t\t\t\t\t<div class=\"color__inner\">\n\t\t\t\t\t\t\t<div class=\"color__images\">\n\t\t\t\t\t\t\t\t\t\t\t\t\t\t\t\t\t<a class=\"image color__link\" href=\"https:\/\/elbepools.com\/de\/produkte\/unique\/\">\n\t\t\t\t\t\t\t\t\t\t\t\t\t\t\t\t\t\t\t\t\t<div class=\"label--new\">Neu<\/div>\n\t\t\t\t\t\t\t\t\t\t\t\t\t\t\t\t\t\t\t\t<img loading=\"lazy\" decoding=\"async\" width=\"150\" height=\"150\" src=\"https:\/\/elbepools.com\/app\/uploads\/2025\/03\/UNIQUE-Cyprus-green-side-150x150.jpg\" class=\"attachment-thumbnail size-thumbnail\" alt=\"\" srcset=\"https:\/\/elbepools.com\/app\/uploads\/2025\/03\/UNIQUE-Cyprus-green-side-150x150.jpg 150w, https:\/\/elbepools.com\/app\/uploads\/2025\/03\/UNIQUE-Cyprus-green-side-400x400.jpg 400w\" sizes=\"auto, (max-width: 150px) 100vw, 150px\" \/>\t\t\t\t\t\t\t\t\t<\/a>\n\t\t\t\t\t\t\t\t\t\t\t\t\t\t\t\t\t\n\t\t\t\t\t\t\t\t\t\t\t\t\t\t\t<\/div>\n\n\t\t\t\t\t\t\t<div class=\"color__title\">\n\t\t\t\t\t\t\t\t\t\t\t\t\t\t\t\t\t<a class=\"color__title__link\" href=\"https:\/\/elbepools.com\/de\/produkte\/unique\/\">UNIQUE Tile &#8211; 3D<\/a>\n\t\t\t\t\t\t\t\t\t\t\t\t\t\t\t<\/div>\n\t\t\t\t\t\t\t\t\t\t\t\t\t\t\t<div class=\"color__description\">\n\t\t\t\t\t\t\t\t\tDie Schwimmbadbahn, die die Eleganz von Fliesen nachahmt und gleichzeitig \u00fcberlegene Flexibilit\u00e4t und Haltbarkeit bietet. Erh\u00e4ltlich in drei atemberaubenden Farben f\u00fcr ein nahtloses, anspruchsvolles Finish.\t\t\t\t\t\t\t\t<\/div>\n\t\t\t\t\t\t\t\t\t\t\t\t\t<\/div>\n\n\n\t\t\t\t\t<\/div>\n\n\n\t\t\t\t\t\t\t\t\t<div class=\"color__wrapper flex justify-center gallery\">\n\t\t\t\t\t\t<div class=\"color__inner\">\n\t\t\t\t\t\t\t<div class=\"color__images\">\n\t\t\t\t\t\t\t\t\t\t\t\t\t\t\t\t\t<a class=\"image color__link\" href=\"https:\/\/elbepools.com\/de\/produkte\/motion\/\">\n\t\t\t\t\t\t\t\t\t\t\t\t\t\t\t\t\t\t\t\t<img loading=\"lazy\" decoding=\"async\" width=\"150\" height=\"150\" src=\"https:\/\/elbepools.com\/app\/uploads\/2023\/06\/elitedeepsea-150x150.jpg\" class=\"attachment-thumbnail size-thumbnail\" alt=\"\" srcset=\"https:\/\/elbepools.com\/app\/uploads\/2023\/06\/elitedeepsea-150x150.jpg 150w, https:\/\/elbepools.com\/app\/uploads\/2023\/06\/elitedeepsea-400x400.jpg 400w\" sizes=\"auto, (max-width: 150px) 100vw, 150px\" \/>\t\t\t\t\t\t\t\t\t<\/a>\n\t\t\t\t\t\t\t\t\t\t\t\t\t\t\t\t\t\n\t\t\t\t\t\t\t\t\t\t\t\t\t\t\t<\/div>\n\n\t\t\t\t\t\t\t<div class=\"color__title\">\n\t\t\t\t\t\t\t\t\t\t\t\t\t\t\t\t\t<a class=\"color__title__link\" href=\"https:\/\/elbepools.com\/de\/produkte\/motion\/\">MOTION &#8211; 3D<\/a>\n\t\t\t\t\t\t\t\t\t\t\t\t\t\t\t<\/div>\n\t\t\t\t\t\t\t\t\t\t\t\t\t\t\t<div class=\"color__description\">\n\t\t\t\t\t\t\t\t\tHochwertige, verst\u00e4rkte unifarbene Schwimmbadbahn mit 3D-Pr\u00e4gung\t\t\t\t\t\t\t\t<\/div>\n\t\t\t\t\t\t\t\t\t\t\t\t\t<\/div>\n\n\n\t\t\t\t\t<\/div>\n\n\n\t\t\t\t\t\t\t\t\t<div class=\"color__wrapper flex justify-center gallery\">\n\t\t\t\t\t\t<div class=\"color__inner\">\n\t\t\t\t\t\t\t<div class=\"color__images\">\n\t\t\t\t\t\t\t\t\t\t\t\t\t\t\t\t\t<a class=\"image color__link\" href=\"https:\/\/elbepools.com\/de\/produkte\/elite\/\">\n\t\t\t\t\t\t\t\t\t\t\t\t\t\t\t\t\t\t\t\t<img loading=\"lazy\" decoding=\"async\" width=\"150\" height=\"150\" src=\"https:\/\/elbepools.com\/app\/uploads\/2020\/06\/Deap-Sea-150x150.jpg\" class=\"attachment-thumbnail size-thumbnail\" alt=\"ELBE ELITE gewebeverst\u00e4rkte Schwimmbadbahnen - qualitativ hochwertigste Schwimmbadfolie\" srcset=\"https:\/\/elbepools.com\/app\/uploads\/2020\/06\/Deap-Sea-150x150.jpg 150w, https:\/\/elbepools.com\/app\/uploads\/2020\/06\/Deap-Sea-400x400.jpg 400w\" sizes=\"auto, (max-width: 150px) 100vw, 150px\" \/>\t\t\t\t\t\t\t\t\t<\/a>\n\t\t\t\t\t\t\t\t\t\t\t\t\t\t\t\t\t\n\t\t\t\t\t\t\t\t\t\t\t\t\t\t\t<\/div>\n\n\t\t\t\t\t\t\t<div class=\"color__title\">\n\t\t\t\t\t\t\t\t\t\t\t\t\t\t\t\t\t<a class=\"color__title__link\" href=\"https:\/\/elbepools.com\/de\/produkte\/elite\/\">ELITE<\/a>\n\t\t\t\t\t\t\t\t\t\t\t\t\t\t\t<\/div>\n\t\t\t\t\t\t\t\t\t\t\t\t\t\t\t<div class=\"color__description\">\n\t\t\t\t\t\t\t\t\tDie beste Poolfolie auf dem Markt, besonders best\u00e4ndig gegen Ausbleichen durch Chlor und Sonne &#8211; ganz ohne Phtalate.\t\t\t\t\t\t\t\t<\/div>\n\t\t\t\t\t\t\t\t\t\t\t\t\t<\/div>\n\n\n\t\t\t\t\t<\/div>\n\n\n\t\t\t\t\t\t\t\t\t<div class=\"color__wrapper flex justify-center gallery\">\n\t\t\t\t\t\t<div class=\"color__inner\">\n\t\t\t\t\t\t\t<div class=\"color__images\">\n\t\t\t\t\t\t\t\t\t\t\t\t\t\t\t\t\t<a class=\"image color__link\" href=\"https:\/\/elbepools.com\/de\/produkte\/pearl\/\">\n\t\t\t\t\t\t\t\t\t\t\t\t\t\t\t\t\t\t\t\t<img loading=\"lazy\" decoding=\"async\" width=\"150\" height=\"150\" src=\"https:\/\/elbepools.com\/app\/uploads\/2020\/06\/Pearl-Black-2-150x150.jpg\" class=\"attachment-thumbnail size-thumbnail\" alt=\"\" srcset=\"https:\/\/elbepools.com\/app\/uploads\/2020\/06\/Pearl-Black-2-150x150.jpg 150w, https:\/\/elbepools.com\/app\/uploads\/2020\/06\/Pearl-Black-2-400x400.jpg 400w\" sizes=\"auto, (max-width: 150px) 100vw, 150px\" \/>\t\t\t\t\t\t\t\t\t<\/a>\n\t\t\t\t\t\t\t\t\t\t\t\t\t\t\t\t\t\n\t\t\t\t\t\t\t\t\t\t\t\t\t\t\t<\/div>\n\n\t\t\t\t\t\t\t<div class=\"color__title\">\n\t\t\t\t\t\t\t\t\t\t\t\t\t\t\t\t\t<a class=\"color__title__link\" href=\"https:\/\/elbepools.com\/de\/produkte\/pearl\/\">PEARL<\/a>\n\t\t\t\t\t\t\t\t\t\t\t\t\t\t\t<\/div>\n\t\t\t\t\t\t\t\t\t\t\t\t\t\t\t<div class=\"color__description\">\n\t\t\t\t\t\t\t\t\tF\u00fcr Glitzereffekte und faszinierende Lichteffekte auf der Wasseroberfl\u00e4che. In verschiedenen Designs und eleganten Farben erh\u00e4ltlich.\t\t\t\t\t\t\t\t<\/div>\n\t\t\t\t\t\t\t\t\t\t\t\t\t<\/div>\n\n\n\t\t\t\t\t<\/div>\n\n\n\t\t\t\t\t\t\t\t\t<div class=\"color__wrapper flex justify-center gallery\">\n\t\t\t\t\t\t<div class=\"color__inner\">\n\t\t\t\t\t\t\t<div class=\"color__images\">\n\t\t\t\t\t\t\t\t\t\t\t\t\t\t\t\t\t<a class=\"image color__link\" href=\"https:\/\/elbepools.com\/de\/produkte\/bedruckte-folien\/\">\n\t\t\t\t\t\t\t\t\t\t\t\t\t\t\t\t\t\t\t\t<img loading=\"lazy\" decoding=\"async\" width=\"150\" height=\"150\" src=\"https:\/\/elbepools.com\/app\/uploads\/2020\/06\/Azur-Mosaik-150x150.jpg\" class=\"attachment-thumbnail size-thumbnail\" alt=\"\" srcset=\"https:\/\/elbepools.com\/app\/uploads\/2020\/06\/Azur-Mosaik-150x150.jpg 150w, https:\/\/elbepools.com\/app\/uploads\/2020\/06\/Azur-Mosaik-400x400.jpg 400w\" sizes=\"auto, (max-width: 150px) 100vw, 150px\" \/>\t\t\t\t\t\t\t\t\t<\/a>\n\t\t\t\t\t\t\t\t\t\t\t\t\t\t\t\t\t\n\t\t\t\t\t\t\t\t\t\t\t\t\t\t\t<\/div>\n\n\t\t\t\t\t\t\t<div class=\"color__title\">\n\t\t\t\t\t\t\t\t\t\t\t\t\t\t\t\t\t<a class=\"color__title__link\" href=\"https:\/\/elbepools.com\/de\/produkte\/bedruckte-folien\/\">Bedruckte Folien<\/a>\n\t\t\t\t\t\t\t\t\t\t\t\t\t\t\t<\/div>\n\t\t\t\t\t\t\t\t\t\t\t\t\t\t\t<div class=\"color__description\">\n\t\t\t\t\t\t\t\t\tPoolfolien im Mosaikdesign mit hochwertiger Oberfl\u00e4che f\u00fcr zus\u00e4tzlichen Schutz vor Flecken und Verf\u00e4rbungen. Auch in Unifarben erh\u00e4ltlich.\t\t\t\t\t\t\t\t<\/div>\n\t\t\t\t\t\t\t\t\t\t\t\t\t<\/div>\n\n\n\t\t\t\t\t<\/div>\n\n\n\t\t\t\t\t\t\t\t\t<div class=\"color__wrapper flex justify-center gallery\">\n\t\t\t\t\t\t<div class=\"color__inner\">\n\t\t\t\t\t\t\t<div class=\"color__images\">\n\t\t\t\t\t\t\t\t\t\t\t\t\t\t\t\t\t<a class=\"image color__link\" href=\"https:\/\/elbepools.com\/de\/produkte\/einfarbige-folien\/\">\n\t\t\t\t\t\t\t\t\t\t\t\t\t\t\t\t\t\t\t\t<img loading=\"lazy\" decoding=\"async\" width=\"150\" height=\"150\" src=\"https:\/\/elbepools.com\/app\/uploads\/2020\/06\/Sand-1-150x150.jpg\" class=\"attachment-thumbnail size-thumbnail\" alt=\"Ansicht Farbe Sand Classic und SUPRA Schwimmbadbahnen\" srcset=\"https:\/\/elbepools.com\/app\/uploads\/2020\/06\/Sand-1-150x150.jpg 150w, https:\/\/elbepools.com\/app\/uploads\/2020\/06\/Sand-1-400x400.jpg 400w\" sizes=\"auto, (max-width: 150px) 100vw, 150px\" \/>\t\t\t\t\t\t\t\t\t<\/a>\n\t\t\t\t\t\t\t\t\t\t\t\t\t\t\t\t\t\n\t\t\t\t\t\t\t\t\t\t\t\t\t\t\t<\/div>\n\n\t\t\t\t\t\t\t<div class=\"color__title\">\n\t\t\t\t\t\t\t\t\t\t\t\t\t\t\t\t\t<a class=\"color__title__link\" href=\"https:\/\/elbepools.com\/de\/produkte\/einfarbige-folien\/\">Einfarbige Folien<\/a>\n\t\t\t\t\t\t\t\t\t\t\t\t\t\t\t<\/div>\n\t\t\t\t\t\t\t\t\t\t\t\t\t\t\t<div class=\"color__description\">\n\t\t\t\t\t\t\t\t\tUnser Klassiker in 10 verschiedenen Uni-Farben. Extrem rei\u00dffest und strapazierf\u00e4hig f\u00fcr langanhaltenden Badespa\u00df.\t\t\t\t\t\t\t\t<\/div>\n\t\t\t\t\t\t\t\t\t\t\t\t\t<\/div>\n\n\n\t\t\t\t\t<\/div>\n\n\n\t\t\t\t\t\t\t\t\t<div class=\"color__wrapper flex justify-center gallery\">\n\t\t\t\t\t\t<div class=\"color__inner\">\n\t\t\t\t\t\t\t<div class=\"color__images\">\n\t\t\t\t\t\t\t\t\t\t\t\t\t\t\t\t\t<a class=\"image color__link\" href=\"https:\/\/elbepools.com\/de\/produkte\/naturpool\/\">\n\t\t\t\t\t\t\t\t\t\t\t\t\t\t\t\t\t\t\t\t<img loading=\"lazy\" decoding=\"async\" width=\"150\" height=\"150\" src=\"https:\/\/elbepools.com\/app\/uploads\/2021\/08\/Natural-PEARL-Dunkelgruen-rgb-150x150.jpg\" class=\"attachment-thumbnail size-thumbnail\" alt=\"\" srcset=\"https:\/\/elbepools.com\/app\/uploads\/2021\/08\/Natural-PEARL-Dunkelgruen-rgb-150x150.jpg 150w, https:\/\/elbepools.com\/app\/uploads\/2021\/08\/Natural-PEARL-Dunkelgruen-rgb-400x400.jpg 400w, https:\/\/elbepools.com\/app\/uploads\/2021\/08\/Natural-PEARL-Dunkelgruen-rgb-1024x1024.jpg 1024w\" sizes=\"auto, (max-width: 150px) 100vw, 150px\" \/>\t\t\t\t\t\t\t\t\t<\/a>\n\t\t\t\t\t\t\t\t\t\t\t\t\t\t\t\t\t\n\t\t\t\t\t\t\t\t\t\t\t\t\t\t\t<\/div>\n\n\t\t\t\t\t\t\t<div class=\"color__title\">\n\t\t\t\t\t\t\t\t\t\t\t\t\t\t\t\t\t<a class=\"color__title__link\" href=\"https:\/\/elbepools.com\/de\/produkte\/naturpool\/\">Naturpool &#038; Teich<\/a>\n\t\t\t\t\t\t\t\t\t\t\t\t\t\t\t<\/div>\n\t\t\t\t\t\t\t\t\t\t\t\t\t\t\t<div class=\"color__description\">\n\t\t\t\t\t\t\t\t\tUnsere \u00f6kologische Folie f\u00fcr Naturpools und Schwimmteiche. Mit biozidfreier Rezeptur, extrem langlebig und unbedenklich f\u00fcr Pflanzen und Fische.\t\t\t\t\t\t\t\t<\/div>\n\t\t\t\t\t\t\t\t\t\t\t\t\t<\/div>\n\n\n\t\t\t\t\t<\/div>\n\n\n\t\t\t\t\n\t\t\t<\/div>\n\n\t\t\n\t\n<\/div>\n\n\n\n<div class=\"wp-block-buttons is-content-justification-center is-layout-flex wp-container-core-buttons-is-layout-2 wp-block-buttons-is-layout-flex\">\n<div class=\"wp-block-button\"><a class=\"wp-block-button__link wp-element-button\" href=\"https:\/\/elbepools.com\/de\/poolkonfigurator\/\" target=\"_blank\" rel=\"noreferrer noopener\">Gestalten Sie ihren Pool<\/a><\/div>\n<\/div>\n\n\n\n<p><\/p>\n\n\n\n<div class=\"wp-block-columns is-layout-flex wp-container-core-columns-is-layout-1 wp-block-columns-is-layout-flex\">\n<div class=\"wp-block-column is-layout-flow wp-block-column-is-layout-flow\">\n<p class=\"has-text-align-center has-blue-color has-text-color has-large-font-size\"><strong>15 Jahre<\/strong><\/p>\n\n\n\n<p class=\"has-text-align-center\">Garantie auf <br>Wasserdichtheit*<\/p>\n<\/div>\n\n\n\n<div class=\"wp-block-column is-layout-flow wp-block-column-is-layout-flow\">\n<p class=\"has-text-align-center has-blue-color has-text-color has-large-font-size\"><strong>5 Jahre<\/strong><\/p>\n\n\n\n<p class=\"has-text-align-center\">Garantie auf <br>Chlorbest\u00e4ndigkeit **<\/p>\n<\/div>\n\n\n\n<div class=\"wp-block-column is-layout-flow wp-block-column-is-layout-flow\">\n<p class=\"has-text-align-center has-blue-color has-text-color has-large-font-size\"><strong><strong>5 Jahre<\/strong><\/strong><\/p>\n\n\n\n<p class=\"has-text-align-center\">Garantie auf <br>Fleckbest\u00e4ndigkeit **<\/p>\n<\/div>\n<\/div>\n\n\n\n<p>* fachgerechte Verlegung vorausgesetzt<br>** auf ausgew\u00e4hlte Produktlinien<\/p>\n\n\n\n<p><\/p>\n\n\n\n<p><\/p>\n\n\n\n<div class=\"wp-block-buttons is-content-justification-center is-layout-flex wp-container-core-buttons-is-layout-3 wp-block-buttons-is-layout-flex\">\n<div class=\"wp-block-button\"><a class=\"wp-block-button__link wp-element-button\" href=\"https:\/\/elbepools.com\/de\/kontakt\/\" target=\"_blank\" rel=\"noreferrer noopener\">Jetzt verlegebetrieb anfragen<\/a><\/div>\n<\/div>\n","protected":false},"excerpt":{"rendered":"<p>Innovativ &amp; umweltorientiert: Unsere ELBE Poolfolien Unsere Poolfolien sind f\u00fcr jede Form und Gr\u00f6\u00dfe eines Schwimmbeckens geeignet. Sie sind die perfekte L\u00f6sung sowohl f\u00fcr den Poolneubau als auch f\u00fcr eine Poolsanierung. Ob Ihr Pool rund, oval oder rechteckig ist, ob aus Fliesen, Beton, Stahl, Glasfaserbeschichtung (GFK) oder Holz \u2013 mit unseren Schwimmbadfolien erreichen Sie eine [&hellip;]<\/p>\n","protected":false},"author":1,"featured_media":0,"parent":0,"menu_order":0,"comment_status":"closed","ping_status":"closed","template":"","meta":{"_acf_changed":false,"footnotes":""},"class_list":["post-3672","page","type-page","status-publish","hentry"],"acf":[],"_links":{"self":[{"href":"https:\/\/elbepools.com\/de\/wp-json\/wp\/v2\/pages\/3672","targetHints":{"allow":["GET"]}}],"collection":[{"href":"https:\/\/elbepools.com\/de\/wp-json\/wp\/v2\/pages"}],"about":[{"href":"https:\/\/elbepools.com\/de\/wp-json\/wp\/v2\/types\/page"}],"author":[{"embeddable":true,"href":"https:\/\/elbepools.com\/de\/wp-json\/wp\/v2\/users\/1"}],"replies":[{"embeddable":true,"href":"https:\/\/elbepools.com\/de\/wp-json\/wp\/v2\/comments?post=3672"}],"version-history":[{"count":19,"href":"https:\/\/elbepools.com\/de\/wp-json\/wp\/v2\/pages\/3672\/revisions"}],"predecessor-version":[{"id":25747,"href":"https:\/\/elbepools.com\/de\/wp-json\/wp\/v2\/pages\/3672\/revisions\/25747"}],"wp:attachment":[{"href":"https:\/\/elbepools.com\/de\/wp-json\/wp\/v2\/media?parent=3672"}],"curies":[{"name":"wp","href":"https:\/\/api.w.org\/{rel}","templated":true}]}}