{"id":3668,"date":"2021-01-26T08:28:29","date_gmt":"2021-01-26T07:28:29","guid":{"rendered":"https:\/\/elbepools.com\/?page_id=3668"},"modified":"2021-04-09T14:14:01","modified_gmt":"2021-04-09T12:14:01","slug":"technische-informationen","status":"publish","type":"page","link":"https:\/\/elbepools.com\/de\/installation-und-pflege\/technische-informationen\/","title":{"rendered":"Technische Informationen"},"content":{"rendered":"\n<div id=\"jf-header-block_5ef45aa9d5acb\" class=\"jf-header-block alignfull\">\n\t\t\t\t\t\t<div class=\" hero-image\">\n\t\t\t\t\t<div class=\"hero-image__image__wrapper\">\n\t\t\t\t\t\t<picture>\n\t\t\t\t\t\t\t<source media=\"(max-width: 767px)\" srcset=\"https:\/\/elbepools.com\/app\/uploads\/2020\/06\/CP-maintenance-768x384.jpg\">\n\t\t\t\t\t\t\t<img fetchpriority=\"high\" decoding=\"async\" width=\"2048\" height=\"1024\" src=\"https:\/\/elbepools.com\/app\/uploads\/2020\/06\/CP-maintenance-2048x1024.jpg\" class=\"attachment-hero-full size-hero-full\" alt=\"\" title=\"CP &#8211; maintenance\" loading=\"eager\" srcset=\"https:\/\/elbepools.com\/app\/uploads\/2020\/06\/CP-maintenance.jpg 2048w, https:\/\/elbepools.com\/app\/uploads\/2020\/06\/CP-maintenance-300x150.jpg 300w, https:\/\/elbepools.com\/app\/uploads\/2020\/06\/CP-maintenance-768x384.jpg 768w, https:\/\/elbepools.com\/app\/uploads\/2020\/06\/CP-maintenance-1024x512.jpg 1024w\" sizes=\"(max-width: 2048px) 100vw, 2048px\" \/>\t\t\t\t\t\t<\/picture>\n\t\t\t\t\t\t<img decoding=\"async\" class=\"wellenstruktur\" src=\"https:\/\/elbepools.com\/app\/themes\/jagdfieber\/img\/welle-ganz.png\">\n\t\t\t\t\t<\/div>\n\t\t\t\t\t<div class=\"caption\">\n\t\t\t\t\t\t<div class=\"caption-outer\">\n\t\t\t\t\t\t\t<div class=\"caption-inner\">\n\t\t\t\t\t\t\t\t\t\t\t\t\t\t\t\t\t<div class=\"caption--headline\">\n\t\t\t\t\t\t\t\t\t\t<h2 class=\"caption--headline__text no-wave\">\n\t\t\t\t\t\t\t\t\t\t\t15 Jahre Garantie\t\t\t\t\t\t\t\t\t\t\t<span>auf Wasserdichtheit<\/span>\n\t\t\t\t\t\t\t\t\t\t<\/h2>\n\t\t\t\t\t\t\t\t\t<\/div>\n\t\t\t\t\t\t\t\t\t\t\t\t\t\t\t\t<\/div>\n\t\t\t\t\t\t<\/div>\n\t\t\t\t\t<\/div>\n\t\t\t\t<\/div>\n\t\t\t\t<\/div><!-- .container -->\n\n\n\n<h2 class=\"wp-block-heading\">DIE PERFEKTE ABDICHTUNG <br>F\u00dcR IHR SCHWIMMBECKEN.<\/h2>\n\n\n\n<p>Das Ausbessern von Rissen an den W\u00e4nden oder am Boden eines alten oder besch\u00e4digten Schwimmbeckens l\u00f6st keine Undichtigkeitsprobleme. Die Installation von <strong>ELBE Pool Surface<sup>\u00ae<\/sup><\/strong> gewebeverst\u00e4rkten Schwimmbadbahnen sorgt f\u00fcr eine endg\u00fcltige Wasserdichtheit im gesamten Becken. <strong>ELBE Pool Surface<sup>\u00ae<\/sup><\/strong> ist eine pflegeleichte L\u00f6sung, geeignet f\u00fcr alle privaten und \u00f6ffentlichen Anlagen.<\/p>\n\n\n\n<p>Unsere <strong>ELBE Pool Surface<sup>\u00ae<\/sup><\/strong> Produkte werden in unserem hauseigenen Labor entwickelt und unter strengen Qualit\u00e4tsanforderungen ausschlie\u00dflich aus den hochwertigsten Rohstoffen hergestellt. <strong>ELBE Pool Surface<sup>\u00ae<\/sup><\/strong> \u00fcberzeugt nicht nur als technisches Qualit\u00e4tsprodukt, sondern auch mit einer gro\u00dfen Auswahl an Farben, Designs und Dekors. F\u00fcr unsere gewebeverst\u00e4rkten Schwimmbadbahnen \u00bbMade in Germany\u00ab aus dem Hause Elbtal Plastics k\u00f6nnen wir mit Stolz eine 15 Jahre Garantie auf Wasserdichtheit geben (fachgerechte Verarbeitung vorausgesetzt).<\/p>\n\n\n\n<div class=\"wp-block-file\"><a href=\"https:\/\/elbepools.com\/app\/uploads\/2021\/04\/warranty_15years_ELBE-Pool-Surface_DE_2016-07.pdf\"><strong>ELBE Pool Surface<sup>\u00ae<\/sup><\/strong><sup> <\/sup>15 Jahre Garantie<\/a><\/div>\n\n\n\n<h2 class=\"wp-block-heading\">PFLEGE IST DAS A &amp; O.<\/h2>\n\n\n\n<p>Unzureichende Poolpflege kann zu bleibenden Sch\u00e4den an Ihrer Schwimmbadbahn (Faltenbildung, Verf\u00e4rbungen, Ausbleichen, Kratzer, beschleunigte Alterung) f\u00fchren. Lassen Sie sich zu all diesen Themen bitte detailliert von Ihrem Schwimmbadbauer beraten.<\/p>\n\n\n\n<p><span class=\"has-inline-color has-blue-color\">Poolpflege ist auch zugleich die Pflege Ihrer gewebeverst\u00e4rkten Schwimmbadbahn.<\/span><\/p>\n\n\n\n<div class=\"wp-block-file\"><a href=\"https:\/\/elbepools.com\/app\/uploads\/2025\/04\/ELBEpool-Pflegehinweise-DE-2025.pdf\">Pflegehinweise<\/a><\/div>\n\n\n\n<p><\/p>\n","protected":false},"excerpt":{"rendered":"<p>DIE PERFEKTE ABDICHTUNG F\u00dcR IHR SCHWIMMBECKEN. Das Ausbessern von Rissen an den W\u00e4nden oder am Boden eines alten oder besch\u00e4digten Schwimmbeckens l\u00f6st keine Undichtigkeitsprobleme. Die Installation von ELBE Pool Surface\u00ae gewebeverst\u00e4rkten Schwimmbadbahnen sorgt f\u00fcr eine endg\u00fcltige Wasserdichtheit im gesamten Becken. ELBE Pool Surface\u00ae ist eine pflegeleichte L\u00f6sung, geeignet f\u00fcr alle privaten und \u00f6ffentlichen Anlagen. Unsere [&hellip;]<\/p>\n","protected":false},"author":1,"featured_media":0,"parent":3662,"menu_order":4,"comment_status":"closed","ping_status":"closed","template":"","meta":{"_acf_changed":false,"footnotes":""},"class_list":["post-3668","page","type-page","status-publish","hentry"],"acf":[],"_links":{"self":[{"href":"https:\/\/elbepools.com\/de\/wp-json\/wp\/v2\/pages\/3668","targetHints":{"allow":["GET"]}}],"collection":[{"href":"https:\/\/elbepools.com\/de\/wp-json\/wp\/v2\/pages"}],"about":[{"href":"https:\/\/elbepools.com\/de\/wp-json\/wp\/v2\/types\/page"}],"author":[{"embeddable":true,"href":"https:\/\/elbepools.com\/de\/wp-json\/wp\/v2\/users\/1"}],"replies":[{"embeddable":true,"href":"https:\/\/elbepools.com\/de\/wp-json\/wp\/v2\/comments?post=3668"}],"version-history":[{"count":13,"href":"https:\/\/elbepools.com\/de\/wp-json\/wp\/v2\/pages\/3668\/revisions"}],"predecessor-version":[{"id":12858,"href":"https:\/\/elbepools.com\/de\/wp-json\/wp\/v2\/pages\/3668\/revisions\/12858"}],"up":[{"embeddable":true,"href":"https:\/\/elbepools.com\/de\/wp-json\/wp\/v2\/pages\/3662"}],"wp:attachment":[{"href":"https:\/\/elbepools.com\/de\/wp-json\/wp\/v2\/media?parent=3668"}],"curies":[{"name":"wp","href":"https:\/\/api.w.org\/{rel}","templated":true}]}}