{"id":3666,"date":"2021-01-26T08:27:55","date_gmt":"2021-01-26T07:27:55","guid":{"rendered":"https:\/\/elbepools.com\/?page_id=3666"},"modified":"2021-02-19T15:02:33","modified_gmt":"2021-02-19T14:02:33","slug":"pflege","status":"publish","type":"page","link":"https:\/\/elbepools.com\/de\/installation-und-pflege\/pflege\/","title":{"rendered":"Pflege"},"content":{"rendered":"\n<div id=\"jf-header-block_5ef44ad9f4a62\" class=\"jf-header-block alignfull\">\n\t\t\t\t\t\t<div class=\" hero-image\">\n\t\t\t\t\t<div class=\"hero-image__image__wrapper\">\n\t\t\t\t\t\t<picture>\n\t\t\t\t\t\t\t<source media=\"(max-width: 767px)\" srcset=\"https:\/\/elbepools.com\/app\/uploads\/2020\/06\/PP-maintenance-768x384.jpg\">\n\t\t\t\t\t\t\t<img fetchpriority=\"high\" decoding=\"async\" width=\"2048\" height=\"1024\" src=\"https:\/\/elbepools.com\/app\/uploads\/2020\/06\/PP-maintenance-2048x1024.jpg\" class=\"attachment-hero-full size-hero-full\" alt=\"\" title=\"PP &#8211; maintenance\" loading=\"eager\" srcset=\"https:\/\/elbepools.com\/app\/uploads\/2020\/06\/PP-maintenance.jpg 2048w, https:\/\/elbepools.com\/app\/uploads\/2020\/06\/PP-maintenance-300x150.jpg 300w, https:\/\/elbepools.com\/app\/uploads\/2020\/06\/PP-maintenance-768x384.jpg 768w, https:\/\/elbepools.com\/app\/uploads\/2020\/06\/PP-maintenance-1024x512.jpg 1024w\" sizes=\"(max-width: 2048px) 100vw, 2048px\" \/>\t\t\t\t\t\t<\/picture>\n\t\t\t\t\t\t<img decoding=\"async\" class=\"wellenstruktur\" src=\"https:\/\/elbepools.com\/app\/themes\/jagdfieber\/img\/welle-ganz.png\">\n\t\t\t\t\t<\/div>\n\t\t\t\t\t<div class=\"caption\">\n\t\t\t\t\t\t<div class=\"caption-outer\">\n\t\t\t\t\t\t\t<div class=\"caption-inner\">\n\t\t\t\t\t\t\t\t\t\t\t\t\t\t\t\t\t<div class=\"caption--headline\">\n\t\t\t\t\t\t\t\t\t\t<h2 class=\"caption--headline__text no-wave\">\n\t\t\t\t\t\t\t\t\t\t\tStets einen \t\t\t\t\t\t\t\t\t\t\t<span>sch\u00f6nen Pool<\/span>\n\t\t\t\t\t\t\t\t\t\t<\/h2>\n\t\t\t\t\t\t\t\t\t<\/div>\n\t\t\t\t\t\t\t\t\t\t\t\t\t\t\t\t<\/div>\n\t\t\t\t\t\t<\/div>\n\t\t\t\t\t<\/div>\n\t\t\t\t<\/div>\n\t\t\t\t<\/div><!-- .container -->\n\n\n\n<h2 class=\"wp-block-heading\">Pflege ist das A &amp; O.<\/h2>\n\n\n\n<p>Unzureichende Poolpflege kann zu bleibenden Sch\u00e4den an Ihrer Schwimmbadbahn (Faltenbildung, Verf\u00e4rbungen, Ausbleichen, Kratzer, beschleunigte Alterung) f\u00fchren. Lassen Sie sich zu all diesen Themen bitte detailliert von Ihrem Schwimmbadbauer beraten.<\/p>\n\n\n\n<p class=\"has-blue-color has-text-color\">Poolpflege ist auch zugleich die Pflege Ihrer gewebeverst\u00e4rkten Schwimmbadbahn.<\/p>\n\n\n\n<div class=\"wp-block-file\"><a href=\"https:\/\/elbepools.com\/app\/uploads\/2025\/04\/ELBEpool-Pflegehinweise-DE-2025.pdf\">Pflegehinweise<\/a><\/div>\n","protected":false},"excerpt":{"rendered":"<p>Pflege ist das A &amp; O. Unzureichende Poolpflege kann zu bleibenden Sch\u00e4den an Ihrer Schwimmbadbahn (Faltenbildung, Verf\u00e4rbungen, Ausbleichen, Kratzer, beschleunigte Alterung) f\u00fchren. Lassen Sie sich zu all diesen Themen bitte detailliert von Ihrem Schwimmbadbauer beraten. Poolpflege ist auch zugleich die Pflege Ihrer gewebeverst\u00e4rkten Schwimmbadbahn.<\/p>\n","protected":false},"author":1,"featured_media":0,"parent":3662,"menu_order":0,"comment_status":"closed","ping_status":"closed","template":"","meta":{"_acf_changed":false,"footnotes":""},"class_list":["post-3666","page","type-page","status-publish","hentry"],"acf":[],"_links":{"self":[{"href":"https:\/\/elbepools.com\/de\/wp-json\/wp\/v2\/pages\/3666","targetHints":{"allow":["GET"]}}],"collection":[{"href":"https:\/\/elbepools.com\/de\/wp-json\/wp\/v2\/pages"}],"about":[{"href":"https:\/\/elbepools.com\/de\/wp-json\/wp\/v2\/types\/page"}],"author":[{"embeddable":true,"href":"https:\/\/elbepools.com\/de\/wp-json\/wp\/v2\/users\/1"}],"replies":[{"embeddable":true,"href":"https:\/\/elbepools.com\/de\/wp-json\/wp\/v2\/comments?post=3666"}],"version-history":[{"count":5,"href":"https:\/\/elbepools.com\/de\/wp-json\/wp\/v2\/pages\/3666\/revisions"}],"predecessor-version":[{"id":24789,"href":"https:\/\/elbepools.com\/de\/wp-json\/wp\/v2\/pages\/3666\/revisions\/24789"}],"up":[{"embeddable":true,"href":"https:\/\/elbepools.com\/de\/wp-json\/wp\/v2\/pages\/3662"}],"wp:attachment":[{"href":"https:\/\/elbepools.com\/de\/wp-json\/wp\/v2\/media?parent=3666"}],"curies":[{"name":"wp","href":"https:\/\/api.w.org\/{rel}","templated":true}]}}