{"id":3664,"date":"2021-01-26T08:27:15","date_gmt":"2021-01-26T07:27:15","guid":{"rendered":"https:\/\/elbepools.com\/?page_id=3664"},"modified":"2023-12-14T07:45:04","modified_gmt":"2023-12-14T06:45:04","slug":"installation","status":"publish","type":"page","link":"https:\/\/elbepools.com\/de\/installation-und-pflege\/installation\/","title":{"rendered":"Verlegung"},"content":{"rendered":"\n<div id=\"jf-header-block_f6f8436588d51c49e2e2b7db89b9d909\" class=\"jf-header-block alignfull\">\n\t\t\t\t\t<div class=\"swiper-container\" data-swipe-settings=\"{&quot;slidesPerView&quot;:1,&quot;spaceBetween&quot;:0}\">\n\t\t\t<div class=\"swiper-wrapper\">\n\t\t\t\t\t\t<div class=\"swiper-slide hero-image\">\n\t\t\t\t\t<div class=\"hero-image__image__wrapper\">\n\t\t\t\t\t\t<picture>\n\t\t\t\t\t\t\t<source media=\"(max-width: 767px)\" srcset=\"https:\/\/elbepools.com\/app\/uploads\/2020\/07\/IM-installation-Slider-01-768x384.jpg\">\n\t\t\t\t\t\t\t<img fetchpriority=\"high\" decoding=\"async\" width=\"2048\" height=\"1024\" src=\"https:\/\/elbepools.com\/app\/uploads\/2020\/07\/IM-installation-Slider-01-2048x1024.jpg\" class=\"attachment-hero-full size-hero-full\" alt=\"\" title=\"IM-installation-Slider 01\" loading=\"eager\" srcset=\"https:\/\/elbepools.com\/app\/uploads\/2020\/07\/IM-installation-Slider-01.jpg 2048w, https:\/\/elbepools.com\/app\/uploads\/2020\/07\/IM-installation-Slider-01-300x150.jpg 300w, https:\/\/elbepools.com\/app\/uploads\/2020\/07\/IM-installation-Slider-01-768x384.jpg 768w, https:\/\/elbepools.com\/app\/uploads\/2020\/07\/IM-installation-Slider-01-1024x512.jpg 1024w\" sizes=\"(max-width: 2048px) 100vw, 2048px\" \/>\t\t\t\t\t\t<\/picture>\n\t\t\t\t\t\t<img decoding=\"async\" class=\"wellenstruktur\" src=\"https:\/\/elbepools.com\/app\/themes\/jagdfieber\/img\/welle-ganz.png\">\n\t\t\t\t\t<\/div>\n\t\t\t\t\t<div class=\"caption\">\n\t\t\t\t\t\t<div class=\"caption-outer\">\n\t\t\t\t\t\t\t<div class=\"caption-inner\">\n\t\t\t\t\t\t\t\t\t\t\t\t\t\t\t\t\t<div class=\"caption--headline\">\n\t\t\t\t\t\t\t\t\t\t<h2 class=\"caption--headline__text no-wave\">\n\t\t\t\t\t\t\t\t\t\t\tPerfekte Verlegung.\t\t\t\t\t\t\t\t\t\t\t<span>Maximale Best\u00e4ndigkeit<\/span>\n\t\t\t\t\t\t\t\t\t\t<\/h2>\n\t\t\t\t\t\t\t\t\t<\/div>\n\t\t\t\t\t\t\t\t\t\t\t\t\t\t\t\t<\/div>\n\t\t\t\t\t\t<\/div>\n\t\t\t\t\t<\/div>\n\t\t\t\t<\/div>\n\t\t\t\t\t\t\t\t<div class=\"swiper-slide hero-image\">\n\t\t\t\t\t<div class=\"hero-image__image__wrapper\">\n\t\t\t\t\t\t<picture>\n\t\t\t\t\t\t\t<source media=\"(max-width: 767px)\" srcset=\"https:\/\/elbepools.com\/app\/uploads\/2020\/07\/IM-installation-Slider-02-768x384.jpg\">\n\t\t\t\t\t\t\t<img decoding=\"async\" width=\"2048\" height=\"1024\" src=\"https:\/\/elbepools.com\/app\/uploads\/2020\/07\/IM-installation-Slider-02-2048x1024.jpg\" class=\"attachment-hero-full size-hero-full\" alt=\"\" title=\"IM-installation-Slider 02\" loading=\"eager\" srcset=\"https:\/\/elbepools.com\/app\/uploads\/2020\/07\/IM-installation-Slider-02.jpg 2048w, https:\/\/elbepools.com\/app\/uploads\/2020\/07\/IM-installation-Slider-02-300x150.jpg 300w, https:\/\/elbepools.com\/app\/uploads\/2020\/07\/IM-installation-Slider-02-768x384.jpg 768w, https:\/\/elbepools.com\/app\/uploads\/2020\/07\/IM-installation-Slider-02-1024x512.jpg 1024w\" sizes=\"(max-width: 2048px) 100vw, 2048px\" \/>\t\t\t\t\t\t<\/picture>\n\t\t\t\t\t\t<img decoding=\"async\" class=\"wellenstruktur\" src=\"https:\/\/elbepools.com\/app\/themes\/jagdfieber\/img\/welle-ganz.png\">\n\t\t\t\t\t<\/div>\n\t\t\t\t\t<div class=\"caption\">\n\t\t\t\t\t\t<div class=\"caption-outer\">\n\t\t\t\t\t\t\t<div class=\"caption-inner\">\n\t\t\t\t\t\t\t\t\t\t\t\t\t\t\t\t\t<div class=\"caption--headline\">\n\t\t\t\t\t\t\t\t\t\t<h2 class=\"caption--headline__text no-wave\">\n\t\t\t\t\t\t\t\t\t\t\tPerfekte Verlegung.\t\t\t\t\t\t\t\t\t\t\t<span>Maximales Badevergn\u00fcgen<\/span>\n\t\t\t\t\t\t\t\t\t\t<\/h2>\n\t\t\t\t\t\t\t\t\t<\/div>\n\t\t\t\t\t\t\t\t\t\t\t\t\t\t\t\t<\/div>\n\t\t\t\t\t\t<\/div>\n\t\t\t\t\t<\/div>\n\t\t\t\t<\/div>\n\t\t\t\t\t\t\t\t<div class=\"swiper-slide hero-image\">\n\t\t\t\t\t<div class=\"hero-image__image__wrapper\">\n\t\t\t\t\t\t<picture>\n\t\t\t\t\t\t\t<source media=\"(max-width: 767px)\" srcset=\"https:\/\/elbepools.com\/app\/uploads\/2020\/07\/IM-installation-Slider-03-768x384.jpg\">\n\t\t\t\t\t\t\t<img decoding=\"async\" width=\"2048\" height=\"1024\" src=\"https:\/\/elbepools.com\/app\/uploads\/2020\/07\/IM-installation-Slider-03-2048x1024.jpg\" class=\"attachment-hero-full size-hero-full\" alt=\"\" title=\"IM-installation-Slider 03\" loading=\"eager\" srcset=\"https:\/\/elbepools.com\/app\/uploads\/2020\/07\/IM-installation-Slider-03.jpg 2048w, https:\/\/elbepools.com\/app\/uploads\/2020\/07\/IM-installation-Slider-03-300x150.jpg 300w, https:\/\/elbepools.com\/app\/uploads\/2020\/07\/IM-installation-Slider-03-768x384.jpg 768w, https:\/\/elbepools.com\/app\/uploads\/2020\/07\/IM-installation-Slider-03-1024x512.jpg 1024w\" sizes=\"(max-width: 2048px) 100vw, 2048px\" \/>\t\t\t\t\t\t<\/picture>\n\t\t\t\t\t\t<img decoding=\"async\" class=\"wellenstruktur\" src=\"https:\/\/elbepools.com\/app\/themes\/jagdfieber\/img\/welle-ganz.png\">\n\t\t\t\t\t<\/div>\n\t\t\t\t\t<div class=\"caption\">\n\t\t\t\t\t\t<div class=\"caption-outer\">\n\t\t\t\t\t\t\t<div class=\"caption-inner\">\n\t\t\t\t\t\t\t\t\t\t\t\t\t\t\t\t\t<div class=\"caption--headline\">\n\t\t\t\t\t\t\t\t\t\t<h2 class=\"caption--headline__text no-wave\">\n\t\t\t\t\t\t\t\t\t\t\tPerfekte Verlegung.\t\t\t\t\t\t\t\t\t\t\t<span>100% wasserdicht.<\/span>\n\t\t\t\t\t\t\t\t\t\t<\/h2>\n\t\t\t\t\t\t\t\t\t<\/div>\n\t\t\t\t\t\t\t\t\t\t\t\t\t\t\t\t<\/div>\n\t\t\t\t\t\t<\/div>\n\t\t\t\t\t<\/div>\n\t\t\t\t<\/div>\n\t\t\t\t\t\t\t\t<\/div> <!-- .swiper-wrapper -->\n\t\t\t\t<div class=\"swiper-button-next\"><svg><use xmlns:xlink=\"http:\/\/www.w3.org\/1999\/xlink\" xlink:href=\"#pfeil\"><\/use><\/svg><\/div>\n\t\t\t\t<div class=\"swiper-button-prev\"><svg><use xmlns:xlink=\"http:\/\/www.w3.org\/1999\/xlink\" xlink:href=\"#pfeil\"><\/use><\/svg><\/div>\n\t\t\t<\/div> <!-- .swiper-container -->\n\t\t\t<\/div><!-- .container -->\n\n\n\n<div class=\"wp-block-group\"><div class=\"wp-block-group__inner-container is-layout-constrained wp-block-group-is-layout-constrained\">\n<h1 class=\"wp-block-heading\"><strong>Poolfolie verlegen lassen? Nur vom Profi!<\/strong><\/h1>\n\n\n\n<p>Die Best\u00e4ndigkeit einer Poolfolie h\u00e4ngt ganz entscheidend von ihrer fachgerechten Verlegung ab. Deswegen schulen wir Schwimmbadbauer in der professionellen Auskleidung von Schwimmbecken.<\/p>\n\n\n\n<ul class=\"checkmark wp-block-list\">\n<li>&nbsp;Extrem schnelle Verlegung: in wenigen Tagen ist der Pool benutzbar<\/li>\n\n\n\n<li>&nbsp;Unsere Schwimmbadfolien sind sowohl f\u00fcr den Pool-Neubau als auch die Poolsanierung hervorragend geeignet<\/li>\n\n\n\n<li>&nbsp;Die Verlegung erfolgt ger\u00e4uscharm, nahezu schmutzfrei und ohne schweren Maschineneinsatz<\/li>\n\n\n\n<li>&nbsp;Beim Verschwei\u00dfen der Poolfolie entstehen nur geringste Rauchgasemissionen<\/li>\n\n\n\n<li>&nbsp;besonders lange Nutzungsdauer dank speziell geschulter, zertifizierter Verlegebetriebe garantiert<\/li>\n\n\n\n<li>Dank der individuellen Anpassungsm\u00f6glichkeiten und Bearbeitung vor Ort l\u00e4sst sich die Poolfolie an jede Beckenform und -gr\u00f6\u00dfe anpassen<\/li>\n<\/ul>\n<\/div><\/div>\n\n\n\n<h2 class=\"wp-block-heading\"><strong>Schwimmbadfolie verlegen in 9 Schritten<\/strong><\/h2>\n\n\n\n<div class=\"wp-block-columns is-layout-flex wp-container-core-columns-is-layout-1 wp-block-columns-is-layout-flex\">\n<div class=\"wp-block-column is-layout-flow wp-block-column-is-layout-flow\" style=\"flex-basis:250px\"><\/div>\n\n\n\n<div class=\"wp-block-column is-layout-flow wp-block-column-is-layout-flow\">\n <div class=\"brlbs-cmpnt-container brlbs-cmpnt-content-blocker brlbs-cmpnt-with-individual-styles\" data-borlabs-cookie-content-blocker-id=\"youtube-content-blocker\" data-borlabs-cookie-content=\"PGlmcmFtZSBzcmM9Imh0dHBzOi8vd3d3LnlvdXR1YmUtbm9jb29raWUuY29tL2VtYmVkL1kyZDJVVWlEc2dJP3N0YXJ0PTExNCIgYWxsb3c9ImFjY2VsZXJvbWV0ZXI7IGF1dG9wbGF5OyBlbmNyeXB0ZWQtbWVkaWE7IGd5cm9zY29wZTsgcGljdHVyZS1pbi1waWN0dXJlIiBhbGxvd2Z1bGxzY3JlZW49IiIgd2lkdGg9IjU2MCIgaGVpZ2h0PSIzMTUiIGZyYW1lYm9yZGVyPSIwIj48L2lmcmFtZT4=\"><div class=\"brlbs-cmpnt-cb-preset-c brlbs-cmpnt-cb-youtube\"> <div class=\"brlbs-cmpnt-cb-thumbnail\" style=\"background-image: url('https:\/\/elbepools.com\/app\/uploads\/borlabs-cookie\/1\/yt_Y2d2UUiDsgI_hqdefault.jpg')\"><\/div> <div class=\"brlbs-cmpnt-cb-main\"> <div class=\"brlbs-cmpnt-cb-play-button\"><\/div> <div class=\"brlbs-cmpnt-cb-content\"> <p class=\"brlbs-cmpnt-cb-description\">Sie sehen gerade einen Platzhalterinhalt von <strong>YouTube<\/strong>. Um auf den eigentlichen Inhalt zuzugreifen, klicken Sie auf die Schaltfl\u00e4che unten. Bitte beachten Sie, dass dabei Daten an Drittanbieter weitergegeben werden.<\/p> <a class=\"brlbs-cmpnt-cb-provider-toggle\" href=\"#\" data-borlabs-cookie-show-provider-information role=\"button\">Mehr Informationen<\/a> <\/div> <div class=\"brlbs-cmpnt-cb-buttons\"> <a class=\"brlbs-cmpnt-cb-btn\" href=\"#\" data-borlabs-cookie-unblock role=\"button\">Inhalt entsperren<\/a> <a class=\"brlbs-cmpnt-cb-btn\" href=\"#\" data-borlabs-cookie-accept-service role=\"button\" style=\"display: inherit\">Erforderlichen Service akzeptieren und Inhalte entsperren<\/a> <\/div> <\/div> <\/div><\/div>\n\n\n\n<p><a href=\"https:\/\/www.youtube.com\/watch?v=Y2d2UUiDsgI&amp;t=114s\" data-type=\"URL\" data-id=\"https:\/\/www.youtube.com\/watch?v=Y2d2UUiDsgI&amp;t=114s\" target=\"_blank\" rel=\"noreferrer noopener nofollow\">Installation eines \u00f6ffentlichen Beckens mit <strong>ELBE Pool Surface<sup>\u00ae<\/sup><\/strong> gewebeverst\u00e4rkten Schwimmbadfolien<\/a><\/p>\n<\/div>\n\n\n\n<div class=\"wp-block-column is-layout-flow wp-block-column-is-layout-flow\" style=\"flex-basis:250px\"><\/div>\n<\/div>\n\n\n\n\n<div id=\"jf-accordion-block_96352403aa41da39daf58f73608e81b2\" class=\"jf-accordion-block\">\n\t<div class=\"accordion\" id=\"jf-accordion-block_96352403aa41da39daf58f73608e81b2-accordion\">\n\t\t\t\t\t\t<div class=\"accordion-item\">\n\t\t\t\t\t<div class=\"accordion-header\" id=\"heading-schritt-1-vorbereitungsarbeiten\">\n\t\t\t\t\t\t\t<a class=\"accordion-button collapsed\"\n\t\t\t\t\t\t\trole=\"button\"\n\t\t\t\t\t\t\tdata-toggle=\"collapse\"\n\t\t\t\t\t\t\thref=\"#collapse-schritt-1-vorbereitungsarbeiten\"\n\t\t\t\t\t\t\taria-expanded=\"true\"\n\t\t\t\t\t\t\taria-controls=\"collapse-schritt-1-vorbereitungsarbeiten\"\n\t\t\t\t\t\t\t>\n\t\t\t\t\t\t\t \t<h4>\n\t\t\t\t\t\t\t\t\tSchritt 1: Vorbereitungsarbeiten\t\t\t\t\t\t\t\t<\/h4>\n\t\t\t\t\t\t\t<\/a>\n\t\t\t\t\t<\/div>\n\n\t\t\t\t\t<div id=\"collapse-schritt-1-vorbereitungsarbeiten\"\n\t\t\t\t\t\tclass=\"collapse\"\n\t\t\t\t\t\taria-labelledby=\"heading-schritt-1-vorbereitungsarbeiten\"\n\t\t\t\t\t\tdata-parent=\"#jf-accordion-block_96352403aa41da39daf58f73608e81b2-accordion\"\n\t\t\t\t\t>\n\t\t\t\t\t\t<div class=\"accordion-body\">\n\t\t\t\t\t\t\t<p>Die Oberfl\u00e4che der W\u00e4nde und des Bodes muss glatt, tragf\u00e4hig und trocken sein. Alle Zubeh\u00f6rteile m\u00fcssen mit der Poolfolie und dem Becken kompatibel sein und werden bei Bedarf ausgetauscht.<\/p>\n\t\t\t\t\t\t<\/div>\n\t\t\t\t\t<\/div>\n\t\t\t\t<\/div>\n\n\t\t\t\t\t\t\t\t<div class=\"accordion-item\">\n\t\t\t\t\t<div class=\"accordion-header\" id=\"heading-schritt-2-schwimmbecken-reinigen\">\n\t\t\t\t\t\t\t<a class=\"accordion-button collapsed\"\n\t\t\t\t\t\t\trole=\"button\"\n\t\t\t\t\t\t\tdata-toggle=\"collapse\"\n\t\t\t\t\t\t\thref=\"#collapse-schritt-2-schwimmbecken-reinigen\"\n\t\t\t\t\t\t\taria-expanded=\"false\"\n\t\t\t\t\t\t\taria-controls=\"collapse-schritt-2-schwimmbecken-reinigen\"\n\t\t\t\t\t\t\t>\n\t\t\t\t\t\t\t \t<h4>\n\t\t\t\t\t\t\t\t\tSchritt 2: Schwimmbecken reinigen\t\t\t\t\t\t\t\t<\/h4>\n\t\t\t\t\t\t\t<\/a>\n\t\t\t\t\t<\/div>\n\n\t\t\t\t\t<div id=\"collapse-schritt-2-schwimmbecken-reinigen\"\n\t\t\t\t\t\tclass=\"collapse\"\n\t\t\t\t\t\taria-labelledby=\"heading-schritt-2-schwimmbecken-reinigen\"\n\t\t\t\t\t\tdata-parent=\"#jf-accordion-block_96352403aa41da39daf58f73608e81b2-accordion\"\n\t\t\t\t\t>\n\t\t\t\t\t\t<div class=\"accordion-body\">\n\t\t\t\t\t\t\t<p>Der Pool wird gekehrt und gesaugt, um selbst kleinste Steinchen zu entfernen. Danach werden W\u00e4nde und Boden mit einem Fl\u00e4chendesinfektionsmittel desinfiziert.<\/p>\n\t\t\t\t\t\t<\/div>\n\t\t\t\t\t<\/div>\n\t\t\t\t<\/div>\n\n\t\t\t\t\t\t\t\t<div class=\"accordion-item\">\n\t\t\t\t\t<div class=\"accordion-header\" id=\"heading-schritt-3-installation-der-folienverbundbleche\">\n\t\t\t\t\t\t\t<a class=\"accordion-button collapsed\"\n\t\t\t\t\t\t\trole=\"button\"\n\t\t\t\t\t\t\tdata-toggle=\"collapse\"\n\t\t\t\t\t\t\thref=\"#collapse-schritt-3-installation-der-folienverbundbleche\"\n\t\t\t\t\t\t\taria-expanded=\"false\"\n\t\t\t\t\t\t\taria-controls=\"collapse-schritt-3-installation-der-folienverbundbleche\"\n\t\t\t\t\t\t\t>\n\t\t\t\t\t\t\t \t<h4>\n\t\t\t\t\t\t\t\t\tSchritt 3: Installation der Folienverbundbleche\t\t\t\t\t\t\t\t<\/h4>\n\t\t\t\t\t\t\t<\/a>\n\t\t\t\t\t<\/div>\n\n\t\t\t\t\t<div id=\"collapse-schritt-3-installation-der-folienverbundbleche\"\n\t\t\t\t\t\tclass=\"collapse\"\n\t\t\t\t\t\taria-labelledby=\"heading-schritt-3-installation-der-folienverbundbleche\"\n\t\t\t\t\t\tdata-parent=\"#jf-accordion-block_96352403aa41da39daf58f73608e81b2-accordion\"\n\t\t\t\t\t>\n\t\t\t\t\t\t<div class=\"accordion-body\">\n\t\t\t\t\t\t\t<p>An den Kanten des Beckenrandes und der Treppen werden folierte Kantenprofile montiert. Daran wird sp\u00e4ter die Schwimmbadfolie fixiert.<\/p>\n\t\t\t\t\t\t<\/div>\n\t\t\t\t\t<\/div>\n\t\t\t\t<\/div>\n\n\t\t\t\t\t\t\t\t<div class=\"accordion-item\">\n\t\t\t\t\t<div class=\"accordion-header\" id=\"heading-schritt-4-installation-eines-schutzvlies\">\n\t\t\t\t\t\t\t<a class=\"accordion-button collapsed\"\n\t\t\t\t\t\t\trole=\"button\"\n\t\t\t\t\t\t\tdata-toggle=\"collapse\"\n\t\t\t\t\t\t\thref=\"#collapse-schritt-4-installation-eines-schutzvlies\"\n\t\t\t\t\t\t\taria-expanded=\"false\"\n\t\t\t\t\t\t\taria-controls=\"collapse-schritt-4-installation-eines-schutzvlies\"\n\t\t\t\t\t\t\t>\n\t\t\t\t\t\t\t \t<h4>\n\t\t\t\t\t\t\t\t\tSchritt 4: Installation eines Schutzvlies\t\t\t\t\t\t\t\t<\/h4>\n\t\t\t\t\t\t\t<\/a>\n\t\t\t\t\t<\/div>\n\n\t\t\t\t\t<div id=\"collapse-schritt-4-installation-eines-schutzvlies\"\n\t\t\t\t\t\tclass=\"collapse\"\n\t\t\t\t\t\taria-labelledby=\"heading-schritt-4-installation-eines-schutzvlies\"\n\t\t\t\t\t\tdata-parent=\"#jf-accordion-block_96352403aa41da39daf58f73608e81b2-accordion\"\n\t\t\t\t\t>\n\t\t\t\t\t\t<div class=\"accordion-body\">\n\t\t\t\t\t\t\t<p>Um Wechselwirkungen mit dem Untergrund vorzubeugen und die Schwimmbadfolie vor mechanischen Besch\u00e4digungen zu sch\u00fctzen, wird eine Schutz- und Trennlage aus Vlies im Schwimmbecken angebracht. Danach werden alle \u00d6ffnungen f\u00fcr die installierten Einbauteile herausgeschnitten.<\/p>\n\t\t\t\t\t\t<\/div>\n\t\t\t\t\t<\/div>\n\t\t\t\t<\/div>\n\n\t\t\t\t\t\t\t\t<div class=\"accordion-item\">\n\t\t\t\t\t<div class=\"accordion-header\" id=\"heading-schritt-5-installation-der-wandfolie\">\n\t\t\t\t\t\t\t<a class=\"accordion-button collapsed\"\n\t\t\t\t\t\t\trole=\"button\"\n\t\t\t\t\t\t\tdata-toggle=\"collapse\"\n\t\t\t\t\t\t\thref=\"#collapse-schritt-5-installation-der-wandfolie\"\n\t\t\t\t\t\t\taria-expanded=\"false\"\n\t\t\t\t\t\t\taria-controls=\"collapse-schritt-5-installation-der-wandfolie\"\n\t\t\t\t\t\t\t>\n\t\t\t\t\t\t\t \t<h4>\n\t\t\t\t\t\t\t\t\tSchritt 5: Installation der Wandfolie\t\t\t\t\t\t\t\t<\/h4>\n\t\t\t\t\t\t\t<\/a>\n\t\t\t\t\t<\/div>\n\n\t\t\t\t\t<div id=\"collapse-schritt-5-installation-der-wandfolie\"\n\t\t\t\t\t\tclass=\"collapse\"\n\t\t\t\t\t\taria-labelledby=\"heading-schritt-5-installation-der-wandfolie\"\n\t\t\t\t\t\tdata-parent=\"#jf-accordion-block_96352403aa41da39daf58f73608e81b2-accordion\"\n\t\t\t\t\t>\n\t\t\t\t\t\t<div class=\"accordion-body\">\n\t\t\t\t\t\t\t<p>Die Poolfolie wird vor Ort auf die Gr\u00f6\u00dfe des Schwimmbeckens zugeschnitten. Mit einem Hei\u00dfluftschwei\u00dfger\u00e4t wird sie an den Folienverbundblechen angebracht. Die unterschiedlichen Bahnen werden dabei \u00fcberlappend miteinander verschwei\u00dft.<\/p>\n\t\t\t\t\t\t<\/div>\n\t\t\t\t\t<\/div>\n\t\t\t\t<\/div>\n\n\t\t\t\t\t\t\t\t<div class=\"accordion-item\">\n\t\t\t\t\t<div class=\"accordion-header\" id=\"heading-schritt-6-installation-der-bodenfolie\">\n\t\t\t\t\t\t\t<a class=\"accordion-button collapsed\"\n\t\t\t\t\t\t\trole=\"button\"\n\t\t\t\t\t\t\tdata-toggle=\"collapse\"\n\t\t\t\t\t\t\thref=\"#collapse-schritt-6-installation-der-bodenfolie\"\n\t\t\t\t\t\t\taria-expanded=\"false\"\n\t\t\t\t\t\t\taria-controls=\"collapse-schritt-6-installation-der-bodenfolie\"\n\t\t\t\t\t\t\t>\n\t\t\t\t\t\t\t \t<h4>\n\t\t\t\t\t\t\t\t\tSchritt 6: Installation der Bodenfolie\t\t\t\t\t\t\t\t<\/h4>\n\t\t\t\t\t\t\t<\/a>\n\t\t\t\t\t<\/div>\n\n\t\t\t\t\t<div id=\"collapse-schritt-6-installation-der-bodenfolie\"\n\t\t\t\t\t\tclass=\"collapse\"\n\t\t\t\t\t\taria-labelledby=\"heading-schritt-6-installation-der-bodenfolie\"\n\t\t\t\t\t\tdata-parent=\"#jf-accordion-block_96352403aa41da39daf58f73608e81b2-accordion\"\n\t\t\t\t\t>\n\t\t\t\t\t\t<div class=\"accordion-body\">\n\t\t\t\t\t\t\t<p>Die Schwimmbadfolie wird vor dem Verlegen vor Ort auf Ma\u00df geschnitten. Die einzelnen Bahnen werden dann im Becken zu einer fugenlosen, homogenen und 100% wasserdichten Oberfl\u00e4che verschwei\u00dft. Bei gro\u00dfen \u00f6ffentlichen Schwimmbecken oder Wettkampfbecken werden im Anschluss die Bahnmarkierungen aufgeschwei\u00dft. Applikationen oder grafische Motive k\u00f6nnen ebenfalls als optisches Highlight aufgebracht werden.<\/p>\n\t\t\t\t\t\t<\/div>\n\t\t\t\t\t<\/div>\n\t\t\t\t<\/div>\n\n\t\t\t\t\t\t\t\t<div class=\"accordion-item\">\n\t\t\t\t\t<div class=\"accordion-header\" id=\"heading-schritt-7-installation-der-anti-rutschfolie-auf-den-treppen\">\n\t\t\t\t\t\t\t<a class=\"accordion-button collapsed\"\n\t\t\t\t\t\t\trole=\"button\"\n\t\t\t\t\t\t\tdata-toggle=\"collapse\"\n\t\t\t\t\t\t\thref=\"#collapse-schritt-7-installation-der-anti-rutschfolie-auf-den-treppen\"\n\t\t\t\t\t\t\taria-expanded=\"false\"\n\t\t\t\t\t\t\taria-controls=\"collapse-schritt-7-installation-der-anti-rutschfolie-auf-den-treppen\"\n\t\t\t\t\t\t\t>\n\t\t\t\t\t\t\t \t<h4>\n\t\t\t\t\t\t\t\t\tSchritt 7: Installation der Anti-Rutschfolie auf den Treppen\t\t\t\t\t\t\t\t<\/h4>\n\t\t\t\t\t\t\t<\/a>\n\t\t\t\t\t<\/div>\n\n\t\t\t\t\t<div id=\"collapse-schritt-7-installation-der-anti-rutschfolie-auf-den-treppen\"\n\t\t\t\t\t\tclass=\"collapse\"\n\t\t\t\t\t\taria-labelledby=\"heading-schritt-7-installation-der-anti-rutschfolie-auf-den-treppen\"\n\t\t\t\t\t\tdata-parent=\"#jf-accordion-block_96352403aa41da39daf58f73608e81b2-accordion\"\n\t\t\t\t\t>\n\t\t\t\t\t\t<div class=\"accordion-body\">\n\t\t\t\t\t\t\t<p>Nachdem das Becken komplett mit Folie ausgekleidet wurde, werden nun an den Eingangsbereichen Trittschutzfolien verlegt. Unsere elite Non-Slip sorgt dank ihrer einzigartig strukturierten Oberfl\u00e4che f\u00fcr h\u00f6chste Trittsicherheit auf Treppenstufen und Schr\u00e4gen. Ebenso erf\u00fcllen unsere 3D Folien ISLAND DREAMS und pure die gesetzlichen Anforderungen f\u00fcr einen sicheren Einstiegsbereich und setzen zudem eindrucksvolle Farbakzente im Pool.<\/p>\n\t\t\t\t\t\t<\/div>\n\t\t\t\t\t<\/div>\n\t\t\t\t<\/div>\n\n\t\t\t\t\t\t\t\t<div class=\"accordion-item\">\n\t\t\t\t\t<div class=\"accordion-header\" id=\"heading-schritt-8-installation-der-\u00fcberlaufrinne\">\n\t\t\t\t\t\t\t<a class=\"accordion-button collapsed\"\n\t\t\t\t\t\t\trole=\"button\"\n\t\t\t\t\t\t\tdata-toggle=\"collapse\"\n\t\t\t\t\t\t\thref=\"#collapse-schritt-8-installation-der-\u00fcberlaufrinne\"\n\t\t\t\t\t\t\taria-expanded=\"false\"\n\t\t\t\t\t\t\taria-controls=\"collapse-schritt-8-installation-der-\u00fcberlaufrinne\"\n\t\t\t\t\t\t\t>\n\t\t\t\t\t\t\t \t<h4>\n\t\t\t\t\t\t\t\t\tSchritt 8: Installation der \u00dcberlaufrinne\t\t\t\t\t\t\t\t<\/h4>\n\t\t\t\t\t\t\t<\/a>\n\t\t\t\t\t<\/div>\n\n\t\t\t\t\t<div id=\"collapse-schritt-8-installation-der-\u00fcberlaufrinne\"\n\t\t\t\t\t\tclass=\"collapse\"\n\t\t\t\t\t\taria-labelledby=\"heading-schritt-8-installation-der-\u00fcberlaufrinne\"\n\t\t\t\t\t\tdata-parent=\"#jf-accordion-block_96352403aa41da39daf58f73608e81b2-accordion\"\n\t\t\t\t\t>\n\t\t\t\t\t\t<div class=\"accordion-body\">\n\t\t\t\t\t\t\t<p>Bei Sanierung von alten \u00dcberlaufrinnen werden Folienverbundbleche an den ben\u00f6tigten Stellen befestigt.<\/p>\n\t\t\t\t\t\t<\/div>\n\t\t\t\t\t<\/div>\n\t\t\t\t<\/div>\n\n\t\t\t\t\t\t\t\t<div class=\"accordion-item\">\n\t\t\t\t\t<div class=\"accordion-header\" id=\"heading-schritt-9-fertigstellung\">\n\t\t\t\t\t\t\t<a class=\"accordion-button collapsed\"\n\t\t\t\t\t\t\trole=\"button\"\n\t\t\t\t\t\t\tdata-toggle=\"collapse\"\n\t\t\t\t\t\t\thref=\"#collapse-schritt-9-fertigstellung\"\n\t\t\t\t\t\t\taria-expanded=\"false\"\n\t\t\t\t\t\t\taria-controls=\"collapse-schritt-9-fertigstellung\"\n\t\t\t\t\t\t\t>\n\t\t\t\t\t\t\t \t<h4>\n\t\t\t\t\t\t\t\t\tSchritt 9: Fertigstellung\t\t\t\t\t\t\t\t<\/h4>\n\t\t\t\t\t\t\t<\/a>\n\t\t\t\t\t<\/div>\n\n\t\t\t\t\t<div id=\"collapse-schritt-9-fertigstellung\"\n\t\t\t\t\t\tclass=\"collapse\"\n\t\t\t\t\t\taria-labelledby=\"heading-schritt-9-fertigstellung\"\n\t\t\t\t\t\tdata-parent=\"#jf-accordion-block_96352403aa41da39daf58f73608e81b2-accordion\"\n\t\t\t\t\t>\n\t\t\t\t\t\t<div class=\"accordion-body\">\n\t\t\t\t\t\t\t<p>Die Schwei\u00dfn\u00e4hte werden auf Dichtheit \u00fcberpr\u00fcft. Abschlie\u00dfend wird jede Schwei\u00dfbahn mit Nahtsicherungsmittel (Fl\u00fcssigfolie) versiegelt, um ein optisch sch\u00f6nes Gesamtbild zu erzielen. Im letzten Schritt werden alle Anschl\u00fcsse, wie Skimmer, D\u00fcsen und Handl\u00e4ufe montiert.<\/p>\n\t\t\t\t\t\t<\/div>\n\t\t\t\t\t<\/div>\n\t\t\t\t<\/div>\n\n\t\t\t\t\t<\/div>\n\n<\/div>\n\n\n\n<div class=\"wp-block-columns is-layout-flex wp-container-core-columns-is-layout-2 wp-block-columns-is-layout-flex\">\n<div class=\"wp-block-column is-layout-flow wp-block-column-is-layout-flow\">\n<figure class=\"wp-block-image alignfull size-teaser-cropped text-on-image is-style-rounded\"><img loading=\"lazy\" decoding=\"async\" width=\"540\" height=\"360\" src=\"https:\/\/elbepools.com\/app\/uploads\/2020\/07\/adriablau-604-87-540x360.jpg\" alt=\"\" class=\"wp-image-1995\" srcset=\"https:\/\/elbepools.com\/app\/uploads\/2020\/07\/adriablau-604-87-540x360.jpg 540w, https:\/\/elbepools.com\/app\/uploads\/2020\/07\/adriablau-604-87-569x380.jpg 569w\" sizes=\"auto, (max-width: 540px) 100vw, 540px\" \/><figcaption class=\"wp-element-caption\">Vorher<\/figcaption><\/figure>\n<\/div>\n\n\n\n<div class=\"wp-block-column is-layout-flow wp-block-column-is-layout-flow\">\n<figure class=\"wp-block-image alignfull size-teaser-cropped text-on-image is-style-rounded\"><img loading=\"lazy\" decoding=\"async\" width=\"540\" height=\"360\" src=\"https:\/\/elbepools.com\/app\/uploads\/2020\/07\/any_size_2-540x360.jpg\" alt=\"\" class=\"wp-image-1997\" srcset=\"https:\/\/elbepools.com\/app\/uploads\/2020\/07\/any_size_2-540x360.jpg 540w, https:\/\/elbepools.com\/app\/uploads\/2020\/07\/any_size_2-569x380.jpg 569w\" sizes=\"auto, (max-width: 540px) 100vw, 540px\" \/><figcaption class=\"wp-element-caption\">Nachher<\/figcaption><\/figure>\n<\/div>\n<\/div>\n\n\n\n<h2 class=\"wp-block-heading\"><strong>Poolfolie verlegen lernen: Unser Trainingszentrum f\u00fcr Schwimmbadbauer<\/strong><\/h2>\n\n\n\n<div class=\"wp-block-columns is-layout-flex wp-container-core-columns-is-layout-3 wp-block-columns-is-layout-flex\">\n<div class=\"wp-block-column is-layout-flow wp-block-column-is-layout-flow\">\n<p>In unserem hochmodernen Schulungszentrum in Coswig bei Dresden bilden wir Folienverleger zum Profi f\u00fcr das Verlegen und Verschwei\u00dfen von ELBE Poolfolie aus. In dem 4-t\u00e4gigen Kompaktkurs vermitteln wir alle notwendigen Fertigkeiten und Kenntnisse zur Installation unserer gewebeverst\u00e4rkten Schwimmbadfolien.<\/p>\n<\/div>\n\n\n\n<div class=\"wp-block-column is-layout-flow wp-block-column-is-layout-flow\">\n<figure class=\"wp-block-image size-large is-resized is-style-rounded\"><img loading=\"lazy\" decoding=\"async\" src=\"https:\/\/elbepools.com\/app\/uploads\/2020\/07\/IM-welding-course-Slider-02-1024x512.jpg\" alt=\"\" class=\"wp-image-1767\" width=\"768\" height=\"384\" srcset=\"https:\/\/elbepools.com\/app\/uploads\/2020\/07\/IM-welding-course-Slider-02-1024x512.jpg 1024w, https:\/\/elbepools.com\/app\/uploads\/2020\/07\/IM-welding-course-Slider-02-300x150.jpg 300w, https:\/\/elbepools.com\/app\/uploads\/2020\/07\/IM-welding-course-Slider-02-768x384.jpg 768w, https:\/\/elbepools.com\/app\/uploads\/2020\/07\/IM-welding-course-Slider-02.jpg 2048w\" sizes=\"auto, (max-width: 768px) 100vw, 768px\" \/><\/figure>\n<\/div>\n<\/div>\n\n\n\n<div class=\"wp-block-buttons is-content-justification-center is-layout-flex wp-container-core-buttons-is-layout-1 wp-block-buttons-is-layout-flex\">\n<div class=\"wp-block-button is-style-fill\"><a class=\"wp-block-button__link wp-element-button\" href=\"https:\/\/elbepools.com\/de\/trainingszentrum\/\">Jetzt zum Verlegekurs anmelden<\/a><\/div>\n<\/div>\n","protected":false},"excerpt":{"rendered":"<p>Poolfolie verlegen lassen? Nur vom Profi! Die Best\u00e4ndigkeit einer Poolfolie h\u00e4ngt ganz entscheidend von ihrer fachgerechten Verlegung ab. Deswegen schulen wir Schwimmbadbauer in der professionellen Auskleidung von Schwimmbecken. Schwimmbadfolie verlegen in 9 Schritten Sie sehen gerade einen Platzhalterinhalt von YouTube. Um auf den eigentlichen Inhalt zuzugreifen, klicken Sie auf die Schaltfl\u00e4che unten. Bitte beachten Sie, [&hellip;]<\/p>\n","protected":false},"author":1,"featured_media":0,"parent":3662,"menu_order":0,"comment_status":"closed","ping_status":"closed","template":"","meta":{"_acf_changed":false,"footnotes":""},"class_list":["post-3664","page","type-page","status-publish","hentry"],"acf":[],"_links":{"self":[{"href":"https:\/\/elbepools.com\/de\/wp-json\/wp\/v2\/pages\/3664","targetHints":{"allow":["GET"]}}],"collection":[{"href":"https:\/\/elbepools.com\/de\/wp-json\/wp\/v2\/pages"}],"about":[{"href":"https:\/\/elbepools.com\/de\/wp-json\/wp\/v2\/types\/page"}],"author":[{"embeddable":true,"href":"https:\/\/elbepools.com\/de\/wp-json\/wp\/v2\/users\/1"}],"replies":[{"embeddable":true,"href":"https:\/\/elbepools.com\/de\/wp-json\/wp\/v2\/comments?post=3664"}],"version-history":[{"count":20,"href":"https:\/\/elbepools.com\/de\/wp-json\/wp\/v2\/pages\/3664\/revisions"}],"predecessor-version":[{"id":22949,"href":"https:\/\/elbepools.com\/de\/wp-json\/wp\/v2\/pages\/3664\/revisions\/22949"}],"up":[{"embeddable":true,"href":"https:\/\/elbepools.com\/de\/wp-json\/wp\/v2\/pages\/3662"}],"wp:attachment":[{"href":"https:\/\/elbepools.com\/de\/wp-json\/wp\/v2\/media?parent=3664"}],"curies":[{"name":"wp","href":"https:\/\/api.w.org\/{rel}","templated":true}]}}