{"id":3651,"date":"2021-01-26T08:20:36","date_gmt":"2021-01-26T07:20:36","guid":{"rendered":"https:\/\/elbepools.com\/?page_id=3651"},"modified":"2025-04-08T15:28:20","modified_gmt":"2025-04-08T13:28:20","slug":"private-schwimmbecken","status":"publish","type":"page","link":"https:\/\/elbepools.com\/de\/anwendungen\/private-schwimmbecken\/","title":{"rendered":"Private Schwimmbecken"},"content":{"rendered":"\n<div id=\"jf-header-block_6657ca020be48c570e2a17b15f5e405f\" class=\"jf-header-block alignfull\">\n\t\t\t\t\t<div class=\"swiper-container\" data-swipe-settings=\"{&quot;slidesPerView&quot;:1,&quot;spaceBetween&quot;:0}\">\n\t\t\t<div class=\"swiper-wrapper\">\n\t\t\t\t\t\t<div class=\"swiper-slide hero-image\">\n\t\t\t\t\t<div class=\"hero-image__image__wrapper\">\n\t\t\t\t\t\t<picture>\n\t\t\t\t\t\t\t<source media=\"(max-width: 767px)\" srcset=\"https:\/\/elbepools.com\/app\/uploads\/2020\/07\/PP-Slider-01-2-768x384.jpg\">\n\t\t\t\t\t\t\t<img fetchpriority=\"high\" decoding=\"async\" width=\"2048\" height=\"1024\" src=\"https:\/\/elbepools.com\/app\/uploads\/2020\/07\/PP-Slider-01-2-2048x1024.jpg\" class=\"attachment-hero-full size-hero-full\" alt=\"\" title=\"PP-Slider 01\" loading=\"eager\" srcset=\"https:\/\/elbepools.com\/app\/uploads\/2020\/07\/PP-Slider-01-2.jpg 2048w, https:\/\/elbepools.com\/app\/uploads\/2020\/07\/PP-Slider-01-2-300x150.jpg 300w, https:\/\/elbepools.com\/app\/uploads\/2020\/07\/PP-Slider-01-2-768x384.jpg 768w, https:\/\/elbepools.com\/app\/uploads\/2020\/07\/PP-Slider-01-2-1024x512.jpg 1024w\" sizes=\"(max-width: 2048px) 100vw, 2048px\" \/>\t\t\t\t\t\t<\/picture>\n\t\t\t\t\t\t<img decoding=\"async\" class=\"wellenstruktur\" src=\"https:\/\/elbepools.com\/app\/themes\/jagdfieber\/img\/welle-ganz.png\">\n\t\t\t\t\t<\/div>\n\t\t\t\t\t<div class=\"caption\">\n\t\t\t\t\t\t<div class=\"caption-outer\">\n\t\t\t\t\t\t\t<div class=\"caption-inner\">\n\t\t\t\t\t\t\t\t\t\t\t\t\t\t\t\t\t<div class=\"caption--headline\">\n\t\t\t\t\t\t\t\t\t\t<h2 class=\"caption--headline__text no-wave\">\n\t\t\t\t\t\t\t\t\t\t\tEleganz f\u00fchlen \t\t\t\t\t\t\t\t\t\t\t<span>und genie\u00dfen<\/span>\n\t\t\t\t\t\t\t\t\t\t<\/h2>\n\t\t\t\t\t\t\t\t\t<\/div>\n\t\t\t\t\t\t\t\t\t\t\t\t\t\t\t\t<\/div>\n\t\t\t\t\t\t<\/div>\n\t\t\t\t\t<\/div>\n\t\t\t\t<\/div>\n\t\t\t\t\t\t\t\t<div class=\"swiper-slide hero-image\">\n\t\t\t\t\t<div class=\"hero-image__image__wrapper\">\n\t\t\t\t\t\t<picture>\n\t\t\t\t\t\t\t<source media=\"(max-width: 767px)\" srcset=\"https:\/\/elbepools.com\/app\/uploads\/2020\/06\/PP-Slider-02-768x384.jpg\">\n\t\t\t\t\t\t\t<img decoding=\"async\" width=\"2048\" height=\"1024\" src=\"https:\/\/elbepools.com\/app\/uploads\/2020\/06\/PP-Slider-02-2048x1024.jpg\" class=\"attachment-hero-full size-hero-full\" alt=\"\" title=\"PP-Slider 02\" loading=\"eager\" srcset=\"https:\/\/elbepools.com\/app\/uploads\/2020\/06\/PP-Slider-02.jpg 2048w, https:\/\/elbepools.com\/app\/uploads\/2020\/06\/PP-Slider-02-300x150.jpg 300w, https:\/\/elbepools.com\/app\/uploads\/2020\/06\/PP-Slider-02-768x384.jpg 768w, https:\/\/elbepools.com\/app\/uploads\/2020\/06\/PP-Slider-02-1024x512.jpg 1024w\" sizes=\"(max-width: 2048px) 100vw, 2048px\" \/>\t\t\t\t\t\t<\/picture>\n\t\t\t\t\t\t<img decoding=\"async\" class=\"wellenstruktur\" src=\"https:\/\/elbepools.com\/app\/themes\/jagdfieber\/img\/welle-ganz.png\">\n\t\t\t\t\t<\/div>\n\t\t\t\t\t<div class=\"caption\">\n\t\t\t\t\t\t<div class=\"caption-outer\">\n\t\t\t\t\t\t\t<div class=\"caption-inner\">\n\t\t\t\t\t\t\t\t\t\t\t\t\t\t\t\t\t<div class=\"caption--headline\">\n\t\t\t\t\t\t\t\t\t\t<h2 class=\"caption--headline__text no-wave\">\n\t\t\t\t\t\t\t\t\t\t\tRaum f\u00fcr \t\t\t\t\t\t\t\t\t\t\t<span>Kreativit\u00e4t<\/span>\n\t\t\t\t\t\t\t\t\t\t<\/h2>\n\t\t\t\t\t\t\t\t\t<\/div>\n\t\t\t\t\t\t\t\t\t\t\t\t\t\t\t\t<\/div>\n\t\t\t\t\t\t<\/div>\n\t\t\t\t\t<\/div>\n\t\t\t\t<\/div>\n\t\t\t\t\t\t\t\t<div class=\"swiper-slide hero-image\">\n\t\t\t\t\t<div class=\"hero-image__image__wrapper\">\n\t\t\t\t\t\t<picture>\n\t\t\t\t\t\t\t<source media=\"(max-width: 767px)\" srcset=\"https:\/\/elbepools.com\/app\/uploads\/2020\/06\/PP-Slider-03-768x384.jpg\">\n\t\t\t\t\t\t\t<img decoding=\"async\" width=\"2048\" height=\"1024\" src=\"https:\/\/elbepools.com\/app\/uploads\/2020\/06\/PP-Slider-03-2048x1024.jpg\" class=\"attachment-hero-full size-hero-full\" alt=\"\" title=\"PP-Slider 03\" loading=\"eager\" srcset=\"https:\/\/elbepools.com\/app\/uploads\/2020\/06\/PP-Slider-03.jpg 2048w, https:\/\/elbepools.com\/app\/uploads\/2020\/06\/PP-Slider-03-300x150.jpg 300w, https:\/\/elbepools.com\/app\/uploads\/2020\/06\/PP-Slider-03-768x384.jpg 768w, https:\/\/elbepools.com\/app\/uploads\/2020\/06\/PP-Slider-03-1024x512.jpg 1024w\" sizes=\"(max-width: 2048px) 100vw, 2048px\" \/>\t\t\t\t\t\t<\/picture>\n\t\t\t\t\t\t<img decoding=\"async\" class=\"wellenstruktur\" src=\"https:\/\/elbepools.com\/app\/themes\/jagdfieber\/img\/welle-ganz.png\">\n\t\t\t\t\t<\/div>\n\t\t\t\t\t<div class=\"caption\">\n\t\t\t\t\t\t<div class=\"caption-outer\">\n\t\t\t\t\t\t\t<div class=\"caption-inner\">\n\t\t\t\t\t\t\t\t\t\t\t\t\t\t\t\t\t<div class=\"caption--headline\">\n\t\t\t\t\t\t\t\t\t\t<h2 class=\"caption--headline__text no-wave\">\n\t\t\t\t\t\t\t\t\t\t\tF\u00fcr \t\t\t\t\t\t\t\t\t\t\t<span>jeden Geschmack<\/span>\n\t\t\t\t\t\t\t\t\t\t<\/h2>\n\t\t\t\t\t\t\t\t\t<\/div>\n\t\t\t\t\t\t\t\t\t\t\t\t\t\t\t\t<\/div>\n\t\t\t\t\t\t<\/div>\n\t\t\t\t\t<\/div>\n\t\t\t\t<\/div>\n\t\t\t\t\t\t\t\t<\/div> <!-- .swiper-wrapper -->\n\t\t\t\t<div class=\"swiper-button-next\"><svg><use xmlns:xlink=\"http:\/\/www.w3.org\/1999\/xlink\" xlink:href=\"#pfeil\"><\/use><\/svg><\/div>\n\t\t\t\t<div class=\"swiper-button-prev\"><svg><use xmlns:xlink=\"http:\/\/www.w3.org\/1999\/xlink\" xlink:href=\"#pfeil\"><\/use><\/svg><\/div>\n\t\t\t<\/div> <!-- .swiper-container -->\n\t\t\t<\/div><!-- .container -->\n\n\n\n<h2 class=\"wp-block-heading\"><strong>POOLS SIND UNSERE LEIDENSCHAFT<\/strong>.<\/h2>\n\n\n\n<p><strong>ELBE Pool Surface<sup>\u00ae<\/sup><\/strong> Schwimmbadfolien sind f\u00fcr jede Form und Gr\u00f6\u00dfe eines jeden Beckens geeignet. Unsere Produkte sind die perfekte L\u00f6sung f\u00fcr Ihr neues und selbstverst\u00e4ndlich auch f\u00fcr Ihr zu sanierendes Schwimmbecken. Dabei spielt es keine Rolle, ob es sich urspr\u00fcnglich um ein Becken aus Keramikfliesen, Beton, Putz, Metall, Glasfaserbeschichtung oder Holz handelt \u2013 verlegt unter den richtigen Voraussetzungen sind die <strong>ELBE Pool Surface<sup>\u00ae<\/sup><\/strong> Schwimmbadfolien die perfekte Abdichtung f\u00fcr alle Arten von Schwimmbecken.<\/p>\n\n\n\n<p>Frei von Schwermetallen und nur aus den hochwertigsten Rohstoffen hergestellt, erf\u00fcllen unsere <strong>ELBE Pool Surface<sup>\u00ae<\/sup><\/strong> Schwimmbadbahnen alle Anforderungen eines \u00f6kologisch orientierten Produktes. Durch die gro\u00dfe Auswahl an Farben, Designs und Dekoren sind mit <strong>ELBE Pool Surface<sup>\u00ae<\/sup><\/strong> der Fantasie keine Grenzen gesetzt.<\/p>\n\n\n\n<div id=\"jf-advantages-block_c34efb36b43fc53f891caa129205962b\" class=\"jf-advantages-block\">\n\t\t\t<div class=\"row\">\n\t\t\t<div class=\"col-sm-12\">\n\t\t\t\t<div class=\"advantages-wrapper\">\n\t\t\t\t\t<div class=\"headline\">\n\t\t\t\t\t\t<h2 class=\"headline__text no-wave\">Vorteile<\/h2>\n\t\t\t\t\t\t<img decoding=\"async\" class=\"wave\" src=\"https:\/\/elbepools.com\/app\/themes\/jagdfieber\/img\/welle-weiss.png\">\n\t\t\t\t\t<\/div>\n\t\t\t\t<div class=\"row advantages \">\n\t\t\t\t\t\t\t\t\t\t\t<div class=\"col-sm-6 col-md-4 single-advantages\">\n\t\t\t\t\t\t\t<div class=\"advantage\">\n\t\t\t\t\t\t\t\t<span class=\"icon\"><img loading=\"lazy\" decoding=\"async\" width=\"91\" height=\"91\" src=\"https:\/\/elbepools.com\/app\/uploads\/2020\/12\/icon_uv-resistance-1.png\" class=\"attachment-thumbnail size-thumbnail\" alt=\"\" \/><\/span>\n\t\t\t\t\t\t\t\t<span class=\"text\">UV-Best\u00e4ndig<\/span>\n\t\t\t\t\t\t\t<\/div>\n\t\t\t\t\t\t<\/div>\n\t\t\t\t\t\t\t\t\t\t\t<div class=\"col-sm-6 col-md-4 single-advantages\">\n\t\t\t\t\t\t\t<div class=\"advantage\">\n\t\t\t\t\t\t\t\t<span class=\"icon\"><img loading=\"lazy\" decoding=\"async\" width=\"91\" height=\"91\" src=\"https:\/\/elbepools.com\/app\/uploads\/2020\/12\/icon_chlorine-resistance.png\" class=\"attachment-thumbnail size-thumbnail\" alt=\"\" \/><\/span>\n\t\t\t\t\t\t\t\t<span class=\"text\">Chlorbest\u00e4ndig<\/span>\n\t\t\t\t\t\t\t<\/div>\n\t\t\t\t\t\t<\/div>\n\t\t\t\t\t\t\t\t\t\t\t<div class=\"col-sm-6 col-md-4 single-advantages\">\n\t\t\t\t\t\t\t<div class=\"advantage\">\n\t\t\t\t\t\t\t\t<span class=\"icon\"><img loading=\"lazy\" decoding=\"async\" width=\"91\" height=\"91\" src=\"https:\/\/elbepools.com\/app\/uploads\/2020\/12\/icon_bacteria-resistance-1.png\" class=\"attachment-thumbnail size-thumbnail\" alt=\"\" \/><\/span>\n\t\t\t\t\t\t\t\t<span class=\"text\">Schutz vor Bakterien &#038; Pilzbildung<\/span>\n\t\t\t\t\t\t\t<\/div>\n\t\t\t\t\t\t<\/div>\n\t\t\t\t\t\t\t\t\t\t\t<div class=\"col-sm-6 col-md-4 single-advantages\">\n\t\t\t\t\t\t\t<div class=\"advantage\">\n\t\t\t\t\t\t\t\t<span class=\"icon\"><img loading=\"lazy\" decoding=\"async\" width=\"91\" height=\"91\" src=\"https:\/\/elbepools.com\/app\/uploads\/2020\/12\/icon_anti-stain-effect-1-1.png\" class=\"attachment-thumbnail size-thumbnail\" alt=\"\" \/><\/span>\n\t\t\t\t\t\t\t\t<span class=\"text\">Fleckbest\u00e4ndig<\/span>\n\t\t\t\t\t\t\t<\/div>\n\t\t\t\t\t\t<\/div>\n\t\t\t\t\t\t\t\t\t\t\t<div class=\"col-sm-6 col-md-4 single-advantages\">\n\t\t\t\t\t\t\t<div class=\"advantage\">\n\t\t\t\t\t\t\t\t<span class=\"icon\"><img loading=\"lazy\" decoding=\"async\" width=\"91\" height=\"91\" src=\"https:\/\/elbepools.com\/app\/uploads\/2020\/12\/icon_scratch-resistance-1.png\" class=\"attachment-thumbnail size-thumbnail\" alt=\"\" \/><\/span>\n\t\t\t\t\t\t\t\t<span class=\"text\">Kratzbest\u00e4ndige Oberfl\u00e4che<\/span>\n\t\t\t\t\t\t\t<\/div>\n\t\t\t\t\t\t<\/div>\n\t\t\t\t\t\t\t\t\t\t\t<div class=\"col-sm-6 col-md-4 single-advantages\">\n\t\t\t\t\t\t\t<div class=\"advantage\">\n\t\t\t\t\t\t\t\t<span class=\"icon\"><img loading=\"lazy\" decoding=\"async\" width=\"91\" height=\"91\" src=\"https:\/\/elbepools.com\/app\/uploads\/2020\/12\/icon_easy-to-clean-1.png\" class=\"attachment-thumbnail size-thumbnail\" alt=\"\" \/><\/span>\n\t\t\t\t\t\t\t\t<span class=\"text\">Einfache Reinigung<\/span>\n\t\t\t\t\t\t\t<\/div>\n\t\t\t\t\t\t<\/div>\n\t\t\t\t\t\t\t\t\t\t\t<div class=\"col-sm-6 col-md-4 single-advantages\">\n\t\t\t\t\t\t\t<div class=\"advantage\">\n\t\t\t\t\t\t\t\t<span class=\"icon\"><img loading=\"lazy\" decoding=\"async\" width=\"91\" height=\"91\" src=\"https:\/\/elbepools.com\/app\/uploads\/2020\/12\/icon_lifespan-1.png\" class=\"attachment-thumbnail size-thumbnail\" alt=\"\" \/><\/span>\n\t\t\t\t\t\t\t\t<span class=\"text\">L\u00e4ngere Lebensdauer<\/span>\n\t\t\t\t\t\t\t<\/div>\n\t\t\t\t\t\t<\/div>\n\t\t\t\t\t\t\t\t\t\t\t<div class=\"col-sm-6 col-md-4 single-advantages\">\n\t\t\t\t\t\t\t<div class=\"advantage\">\n\t\t\t\t\t\t\t\t<span class=\"icon\"><img loading=\"lazy\" decoding=\"async\" width=\"91\" height=\"91\" src=\"https:\/\/elbepools.com\/app\/uploads\/2020\/12\/icon_quick-installation-1.png\" class=\"attachment-thumbnail size-thumbnail\" alt=\"\" \/><\/span>\n\t\t\t\t\t\t\t\t<span class=\"text\">Schnelle &#038; einfache Installation<\/span>\n\t\t\t\t\t\t\t<\/div>\n\t\t\t\t\t\t<\/div>\n\t\t\t\t\t\t\t\t\t<\/div>\n\t\t\t\t<\/div>\n\t\t\t<\/div>\n\t\t<\/div>\n\t<\/div>\n\n\n\n<h2 class=\"wp-block-heading\">UNSER VERSPRECHEN AN SIE.<\/h2>\n\n\n\n<div class=\"wp-block-columns is-layout-flex wp-container-core-columns-is-layout-1 wp-block-columns-is-layout-flex\">\n<div class=\"wp-block-column is-layout-flow wp-block-column-is-layout-flow\">\n<ul class=\"wp-block-list\">\n<li>Fachgerechte und schnelle Montage \u2013 stressfrei f\u00fcr Sie und Ihre Familie.<\/li>\n\n\n\n<li>Unsere Schwimmbadbahn passt in Ihr Schwimmbecken, egal welche Gr\u00f6\u00dfe, Form oder Design. Individuell an Ihr Becken angepasst.<\/li>\n\n\n\n<li><strong>ELBE Pool Surface<sup>\u00ae<\/sup><\/strong> Schwimmbadbahnen werden ausschlie\u00dflich aus den hochwertigsten Rohstoffen hergestellt und sind die ersten, die die Kinderspielzeugnorm (EN 71-3) erf\u00fcllten.<\/li>\n\n\n\n<li>Unsere Schwimmbadbahn besitzt eine bedeutend l\u00e4ngere Lebensdauer als Schwimmbecken aus herk\u00f6mmlichen Materialien.<\/li>\n\n\n\n<li>Nach der Installation m\u00fcssen Sie keine Wartezeit in Kauf nehmen, sondern k\u00f6nnen den Pool sofort benutzen.<\/li>\n\n\n\n<li>15 Jahre Materialgarantie auf Wasserdichtheit (fachgerechte Installation vorausgesetzt)<\/li>\n\n\n\n<li>Eine angenehme Oberfl\u00e4che im Schwimmbecken sorgt f\u00fcr ein tolles Schwimmerlebnis.<\/li>\n\n\n\n<li>Die Folien sind antimikrobiell ausger\u00fcstet und bieten Schutz vor Algenbildung, sowie Bakterien- und Virenwachstum (durch unabh\u00e4ngige Untersuchungen best\u00e4tigt).<\/li>\n\n\n\n<li>Ihr Schwimmbadbauer hat das beste Produkt f\u00fcr Sie ausgesucht. Vertrauen Sie ihm. Das Ergebnis wird Ihren Erwartungen nicht nur gerecht, sondern sie \u00fcbertreffen.<\/li>\n<\/ul>\n<\/div>\n\n\n\n<div class=\"wp-block-column is-layout-flow wp-block-column-is-layout-flow\">\n<figure class=\"wp-block-image size-large is-style-rounded\"><img loading=\"lazy\" decoding=\"async\" width=\"2560\" height=\"1707\" src=\"https:\/\/elbepools.com\/app\/uploads\/2020\/07\/private-pools-our-promise-to-you-scaled.jpg\" alt=\"\" class=\"wp-image-1242\" srcset=\"https:\/\/elbepools.com\/app\/uploads\/2020\/07\/private-pools-our-promise-to-you-scaled.jpg 2560w, https:\/\/elbepools.com\/app\/uploads\/2020\/07\/private-pools-our-promise-to-you-300x200.jpg 300w, https:\/\/elbepools.com\/app\/uploads\/2020\/07\/private-pools-our-promise-to-you-1024x683.jpg 1024w, https:\/\/elbepools.com\/app\/uploads\/2020\/07\/private-pools-our-promise-to-you-768x512.jpg 768w, https:\/\/elbepools.com\/app\/uploads\/2020\/07\/private-pools-our-promise-to-you-569x380.jpg 569w, https:\/\/elbepools.com\/app\/uploads\/2020\/07\/private-pools-our-promise-to-you-scaled-540x360.jpg 540w\" sizes=\"auto, (max-width: 2560px) 100vw, 2560px\" \/><\/figure>\n<\/div>\n<\/div>\n\n\n\n<div class=\"wp-block-columns is-layout-flex wp-container-core-columns-is-layout-2 wp-block-columns-is-layout-flex\">\n<div class=\"wp-block-column is-layout-flow wp-block-column-is-layout-flow\"><\/div>\n\n\n\n<div class=\"wp-block-column is-layout-flow wp-block-column-is-layout-flow\"><div class=\"wp-block-image\">\n<figure class=\"aligncenter size-large is-resized\"><img loading=\"lazy\" decoding=\"async\" width=\"591\" height=\"591\" src=\"https:\/\/elbepools.com\/app\/uploads\/2021\/02\/ELBE-pool-warranty-watertightness-DE.png\" alt=\"\" class=\"wp-image-5622\" style=\"width:160px;height:160px\" srcset=\"https:\/\/elbepools.com\/app\/uploads\/2021\/02\/ELBE-pool-warranty-watertightness-DE.png 591w, https:\/\/elbepools.com\/app\/uploads\/2021\/02\/ELBE-pool-warranty-watertightness-DE-300x300.png 300w, https:\/\/elbepools.com\/app\/uploads\/2021\/02\/ELBE-pool-warranty-watertightness-DE-150x150.png 150w, https:\/\/elbepools.com\/app\/uploads\/2021\/02\/ELBE-pool-warranty-watertightness-DE-400x400.png 400w\" sizes=\"auto, (max-width: 591px) 100vw, 591px\" \/><\/figure><\/div><\/div>\n\n\n\n<div class=\"wp-block-column is-layout-flow wp-block-column-is-layout-flow\"><div class=\"wp-block-image\">\n<figure class=\"aligncenter size-large is-resized\"><img loading=\"lazy\" decoding=\"async\" width=\"591\" height=\"591\" src=\"https:\/\/elbepools.com\/app\/uploads\/2021\/02\/ELBE-pool-warranty-EN-71-3-DE.png\" alt=\"\" class=\"wp-image-5627\" style=\"width:160px;height:160px\" srcset=\"https:\/\/elbepools.com\/app\/uploads\/2021\/02\/ELBE-pool-warranty-EN-71-3-DE.png 591w, https:\/\/elbepools.com\/app\/uploads\/2021\/02\/ELBE-pool-warranty-EN-71-3-DE-300x300.png 300w, https:\/\/elbepools.com\/app\/uploads\/2021\/02\/ELBE-pool-warranty-EN-71-3-DE-150x150.png 150w, https:\/\/elbepools.com\/app\/uploads\/2021\/02\/ELBE-pool-warranty-EN-71-3-DE-400x400.png 400w\" sizes=\"auto, (max-width: 591px) 100vw, 591px\" \/><\/figure><\/div><\/div>\n\n\n\n<div class=\"wp-block-column is-layout-flow wp-block-column-is-layout-flow\"><div class=\"wp-block-image\">\n<figure class=\"aligncenter size-large is-resized\"><img loading=\"lazy\" decoding=\"async\" width=\"591\" height=\"591\" src=\"https:\/\/elbepools.com\/app\/uploads\/2021\/02\/ELBE-pool-warranty-fume-emission-DE.png\" alt=\"\" class=\"wp-image-5600\" style=\"width:160px;height:160px\" srcset=\"https:\/\/elbepools.com\/app\/uploads\/2021\/02\/ELBE-pool-warranty-fume-emission-DE.png 591w, https:\/\/elbepools.com\/app\/uploads\/2021\/02\/ELBE-pool-warranty-fume-emission-DE-300x300.png 300w, https:\/\/elbepools.com\/app\/uploads\/2021\/02\/ELBE-pool-warranty-fume-emission-DE-150x150.png 150w, https:\/\/elbepools.com\/app\/uploads\/2021\/02\/ELBE-pool-warranty-fume-emission-DE-400x400.png 400w\" sizes=\"auto, (max-width: 591px) 100vw, 591px\" \/><\/figure><\/div><\/div>\n\n\n\n<div class=\"wp-block-column is-layout-flow wp-block-column-is-layout-flow\"><\/div>\n<\/div>\n\n\n\n<h2 class=\"wp-block-heading\">UNSERE AUSWAHL<\/h2>\n\n\n\n<p class=\"has-text-align-center\">W\u00e4hlen Sie aus unserem breiten und vielf\u00e4ltigen Sortiment das passende Muster oder die passende Farbe f\u00fcr Ihr neues Schwimmbecken oder Ihr zu renovierendes Becken. Ihrer Fantasie sind dabei keine Grenzen gesetzt.<\/p>\n\n\n\n<div class=\"wp-block-buttons is-content-justification-center is-layout-flex wp-container-core-buttons-is-layout-1 wp-block-buttons-is-layout-flex\">\n<div class=\"wp-block-button\"><a class=\"wp-block-button__link wp-element-button\" href=\"https:\/\/elbepools.com\/de\/produkte\/\">Zu unseren Produkten<\/a><\/div>\n<\/div>\n","protected":false},"excerpt":{"rendered":"<p>POOLS SIND UNSERE LEIDENSCHAFT. ELBE Pool Surface\u00ae Schwimmbadfolien sind f\u00fcr jede Form und Gr\u00f6\u00dfe eines jeden Beckens geeignet. Unsere Produkte sind die perfekte L\u00f6sung f\u00fcr Ihr neues und selbstverst\u00e4ndlich auch f\u00fcr Ihr zu sanierendes Schwimmbecken. Dabei spielt es keine Rolle, ob es sich urspr\u00fcnglich um ein Becken aus Keramikfliesen, Beton, Putz, Metall, Glasfaserbeschichtung oder Holz [&hellip;]<\/p>\n","protected":false},"author":1,"featured_media":0,"parent":3649,"menu_order":1,"comment_status":"closed","ping_status":"closed","template":"","meta":{"_acf_changed":false,"footnotes":""},"class_list":["post-3651","page","type-page","status-publish","hentry"],"acf":[],"_links":{"self":[{"href":"https:\/\/elbepools.com\/de\/wp-json\/wp\/v2\/pages\/3651","targetHints":{"allow":["GET"]}}],"collection":[{"href":"https:\/\/elbepools.com\/de\/wp-json\/wp\/v2\/pages"}],"about":[{"href":"https:\/\/elbepools.com\/de\/wp-json\/wp\/v2\/types\/page"}],"author":[{"embeddable":true,"href":"https:\/\/elbepools.com\/de\/wp-json\/wp\/v2\/users\/1"}],"replies":[{"embeddable":true,"href":"https:\/\/elbepools.com\/de\/wp-json\/wp\/v2\/comments?post=3651"}],"version-history":[{"count":12,"href":"https:\/\/elbepools.com\/de\/wp-json\/wp\/v2\/pages\/3651\/revisions"}],"predecessor-version":[{"id":24776,"href":"https:\/\/elbepools.com\/de\/wp-json\/wp\/v2\/pages\/3651\/revisions\/24776"}],"up":[{"embeddable":true,"href":"https:\/\/elbepools.com\/de\/wp-json\/wp\/v2\/pages\/3649"}],"wp:attachment":[{"href":"https:\/\/elbepools.com\/de\/wp-json\/wp\/v2\/media?parent=3651"}],"curies":[{"name":"wp","href":"https:\/\/api.w.org\/{rel}","templated":true}]}}