{"id":12441,"date":"2021-03-23T16:55:16","date_gmt":"2021-03-23T15:55:16","guid":{"rendered":"https:\/\/elbepools.com\/?page_id=12441"},"modified":"2022-09-07T11:21:12","modified_gmt":"2022-09-07T09:21:12","slug":"anwendungsbeispiele","status":"publish","type":"page","link":"https:\/\/elbepools.com\/de\/anwendungen\/anwendungsbeispiele\/","title":{"rendered":"Anwendungsbeispiele"},"content":{"rendered":"\n<div id=\"jf-header-block_6017c1feee739\" class=\"jf-header-block alignfull\">\n\t\t\t\t\t<div class=\"swiper-container\" data-swipe-settings=\"{&quot;slidesPerView&quot;:1,&quot;spaceBetween&quot;:0}\">\n\t\t\t<div class=\"swiper-wrapper\">\n\t\t\t\t\t\t<div class=\"swiper-slide hero-image\">\n\t\t\t\t\t<div class=\"hero-image__image__wrapper\">\n\t\t\t\t\t\t<picture>\n\t\t\t\t\t\t\t<source media=\"(max-width: 767px)\" srcset=\"https:\/\/elbepools.com\/app\/uploads\/2020\/07\/CP-projects-Slider-02-768x384.jpg\">\n\t\t\t\t\t\t\t<img fetchpriority=\"high\" decoding=\"async\" width=\"2048\" height=\"1024\" src=\"https:\/\/elbepools.com\/app\/uploads\/2020\/07\/CP-projects-Slider-02-2048x1024.jpg\" class=\"attachment-hero-full size-hero-full\" alt=\"\" title=\"CP-projects-Slider 02\" loading=\"eager\" srcset=\"https:\/\/elbepools.com\/app\/uploads\/2020\/07\/CP-projects-Slider-02.jpg 2048w, https:\/\/elbepools.com\/app\/uploads\/2020\/07\/CP-projects-Slider-02-300x150.jpg 300w, https:\/\/elbepools.com\/app\/uploads\/2020\/07\/CP-projects-Slider-02-1024x512.jpg 1024w, https:\/\/elbepools.com\/app\/uploads\/2020\/07\/CP-projects-Slider-02-768x384.jpg 768w\" sizes=\"(max-width: 2048px) 100vw, 2048px\" \/>\t\t\t\t\t\t<\/picture>\n\t\t\t\t\t\t<img decoding=\"async\" class=\"wellenstruktur\" src=\"https:\/\/elbepools.com\/app\/themes\/jagdfieber\/img\/welle-ganz.png\">\n\t\t\t\t\t<\/div>\n\t\t\t\t\t<div class=\"caption\">\n\t\t\t\t\t\t<div class=\"caption-outer\">\n\t\t\t\t\t\t\t<div class=\"caption-inner\">\n\t\t\t\t\t\t\t\t\t\t\t\t\t\t\t\t\t<div class=\"caption--headline\">\n\t\t\t\t\t\t\t\t\t\t<h2 class=\"caption--headline__text no-wave\">\n\t\t\t\t\t\t\t\t\t\t\tEin angenehmes \t\t\t\t\t\t\t\t\t\t\t<span>Badevergn\u00fcgen<\/span>\n\t\t\t\t\t\t\t\t\t\t<\/h2>\n\t\t\t\t\t\t\t\t\t<\/div>\n\t\t\t\t\t\t\t\t\t\t\t\t\t\t\t\t<\/div>\n\t\t\t\t\t\t<\/div>\n\t\t\t\t\t<\/div>\n\t\t\t\t<\/div>\n\t\t\t\t\t\t\t\t<div class=\"swiper-slide hero-image\">\n\t\t\t\t\t<div class=\"hero-image__image__wrapper\">\n\t\t\t\t\t\t<picture>\n\t\t\t\t\t\t\t<source media=\"(max-width: 767px)\" srcset=\"https:\/\/elbepools.com\/app\/uploads\/2020\/07\/CP-projects-Slider-01-768x384.jpg\">\n\t\t\t\t\t\t\t<img decoding=\"async\" width=\"2048\" height=\"1024\" src=\"https:\/\/elbepools.com\/app\/uploads\/2020\/07\/CP-projects-Slider-01-2048x1024.jpg\" class=\"attachment-hero-full size-hero-full\" alt=\"\" title=\"CP-projects-Slider 01\" loading=\"eager\" srcset=\"https:\/\/elbepools.com\/app\/uploads\/2020\/07\/CP-projects-Slider-01.jpg 2048w, https:\/\/elbepools.com\/app\/uploads\/2020\/07\/CP-projects-Slider-01-300x150.jpg 300w, https:\/\/elbepools.com\/app\/uploads\/2020\/07\/CP-projects-Slider-01-1024x512.jpg 1024w, https:\/\/elbepools.com\/app\/uploads\/2020\/07\/CP-projects-Slider-01-768x384.jpg 768w\" sizes=\"(max-width: 2048px) 100vw, 2048px\" \/>\t\t\t\t\t\t<\/picture>\n\t\t\t\t\t\t<img decoding=\"async\" class=\"wellenstruktur\" src=\"https:\/\/elbepools.com\/app\/themes\/jagdfieber\/img\/welle-ganz.png\">\n\t\t\t\t\t<\/div>\n\t\t\t\t\t<div class=\"caption\">\n\t\t\t\t\t\t<div class=\"caption-outer\">\n\t\t\t\t\t\t\t<div class=\"caption-inner\">\n\t\t\t\t\t\t\t\t\t\t\t\t\t\t\t\t\t<div class=\"caption--headline\">\n\t\t\t\t\t\t\t\t\t\t<h2 class=\"caption--headline__text no-wave\">\n\t\t\t\t\t\t\t\t\t\t\tGenie\u00dfen Sie \t\t\t\t\t\t\t\t\t\t\t<span>exzellenten Badekomfort<\/span>\n\t\t\t\t\t\t\t\t\t\t<\/h2>\n\t\t\t\t\t\t\t\t\t<\/div>\n\t\t\t\t\t\t\t\t\t\t\t\t\t\t\t\t<\/div>\n\t\t\t\t\t\t<\/div>\n\t\t\t\t\t<\/div>\n\t\t\t\t<\/div>\n\t\t\t\t\t\t\t\t<div class=\"swiper-slide hero-image\">\n\t\t\t\t\t<div class=\"hero-image__image__wrapper\">\n\t\t\t\t\t\t<picture>\n\t\t\t\t\t\t\t<source media=\"(max-width: 767px)\" srcset=\"https:\/\/elbepools.com\/app\/uploads\/2020\/07\/CP-projects-Slider-03-768x384.jpg\">\n\t\t\t\t\t\t\t<img decoding=\"async\" width=\"2048\" height=\"1024\" src=\"https:\/\/elbepools.com\/app\/uploads\/2020\/07\/CP-projects-Slider-03-2048x1024.jpg\" class=\"attachment-hero-full size-hero-full\" alt=\"\" title=\"CP-projects-Slider 03\" loading=\"eager\" srcset=\"https:\/\/elbepools.com\/app\/uploads\/2020\/07\/CP-projects-Slider-03.jpg 2048w, https:\/\/elbepools.com\/app\/uploads\/2020\/07\/CP-projects-Slider-03-300x150.jpg 300w, https:\/\/elbepools.com\/app\/uploads\/2020\/07\/CP-projects-Slider-03-1024x512.jpg 1024w, https:\/\/elbepools.com\/app\/uploads\/2020\/07\/CP-projects-Slider-03-768x384.jpg 768w\" sizes=\"(max-width: 2048px) 100vw, 2048px\" \/>\t\t\t\t\t\t<\/picture>\n\t\t\t\t\t\t<img decoding=\"async\" class=\"wellenstruktur\" src=\"https:\/\/elbepools.com\/app\/themes\/jagdfieber\/img\/welle-ganz.png\">\n\t\t\t\t\t<\/div>\n\t\t\t\t\t<div class=\"caption\">\n\t\t\t\t\t\t<div class=\"caption-outer\">\n\t\t\t\t\t\t\t<div class=\"caption-inner\">\n\t\t\t\t\t\t\t\t\t\t\t\t\t\t\t\t\t<div class=\"caption--headline\">\n\t\t\t\t\t\t\t\t\t\t<h2 class=\"caption--headline__text no-wave\">\n\t\t\t\t\t\t\t\t\t\t\tIhrer Fantasie sind \t\t\t\t\t\t\t\t\t\t\t<span>keine Grenzen gesetzt<\/span>\n\t\t\t\t\t\t\t\t\t\t<\/h2>\n\t\t\t\t\t\t\t\t\t<\/div>\n\t\t\t\t\t\t\t\t\t\t\t\t\t\t\t\t<\/div>\n\t\t\t\t\t\t<\/div>\n\t\t\t\t\t<\/div>\n\t\t\t\t<\/div>\n\t\t\t\t\t\t\t\t<\/div> <!-- .swiper-wrapper -->\n\t\t\t\t<div class=\"swiper-button-next\"><svg><use xmlns:xlink=\"http:\/\/www.w3.org\/1999\/xlink\" xlink:href=\"#pfeil\"><\/use><\/svg><\/div>\n\t\t\t\t<div class=\"swiper-button-prev\"><svg><use xmlns:xlink=\"http:\/\/www.w3.org\/1999\/xlink\" xlink:href=\"#pfeil\"><\/use><\/svg><\/div>\n\t\t\t<\/div> <!-- .swiper-container -->\n\t\t\t<\/div><!-- .container -->\n\n\n\n<h2 class=\"wp-block-heading\">VIELFALT F\u00dcR IHREN INDIVIDUELLEN POOL.<\/h2>\n\n\n\n<p><strong><strong>ELBE Pool Surface<sup>\u00ae<\/sup><\/strong> <\/strong>Schwimmbadbahnen k\u00f6nnen in jedem Schwimmbecken, unabh\u00e4ngig von Gr\u00f6\u00dfe und Form, passgenau verlegt werden. Die aus plastifiziertem Polyvinylchlorid (PVC-P) hergestellte gewebeverst\u00e4rkte Schwimmbadbahn besteht aus 2 flexiblen Folienlagen, die mit einem rei\u00dffesten Polyestergewebe verbunden sind. Dieses Gewebe sorgt sowohl f\u00fcr Dimensionsstabilit\u00e4t als auch, Elastizit\u00e4t und Flexibilit\u00e4t. So k\u00f6nnen unsere Folien sogar bedenkenlos in gro\u00dfen Schwimmbecken, wie in Wasserparks oder luxuri\u00f6sen Hotelpools, installiert werden.<\/p>\n\n\n\n<p><\/p>\n\n\n\n<p>\u00dcberzeugen Sie sich selbst und werfen Sie einen Blick in unsere Bildgalerie unterschiedlichster Schwimmbeckenprojekte.<\/p>\n\n\n\n<div class=\"wp-block-columns is-layout-flex wp-container-core-columns-is-layout-1 wp-block-columns-is-layout-flex\">\n<div class=\"wp-block-column is-layout-flow wp-block-column-is-layout-flow\">\n<figure class=\"wp-block-image alignfull size-teaser-cropped is-style-rounded\"><img loading=\"lazy\" decoding=\"async\" width=\"540\" height=\"360\" src=\"https:\/\/elbepools.com\/app\/uploads\/2020\/07\/CP-projects-Slider-03-540x360.jpg\" alt=\"\" class=\"wp-image-1981\" srcset=\"https:\/\/elbepools.com\/app\/uploads\/2020\/07\/CP-projects-Slider-03-540x360.jpg 540w, https:\/\/elbepools.com\/app\/uploads\/2020\/07\/CP-projects-Slider-03-569x380.jpg 569w\" sizes=\"auto, (max-width: 540px) 100vw, 540px\" \/><figcaption><span class=\"has-inline-color has-blue-color\">Hotel Miramar, Ibiza, Spanien<br><\/span>Gr\u00f6\u00dfe: 190 m<sup>2<\/sup><br>Jahr der Installation: 2018<\/figcaption><\/figure>\n\n\n\n<figure class=\"wp-block-image alignfull size-teaser-cropped is-style-rounded\"><img loading=\"lazy\" decoding=\"async\" width=\"540\" height=\"360\" src=\"https:\/\/elbepools.com\/app\/uploads\/2020\/07\/commercial-pool-03-scaled-540x360.jpg\" alt=\"\" class=\"wp-image-1249\" srcset=\"https:\/\/elbepools.com\/app\/uploads\/2020\/07\/commercial-pool-03-scaled-540x360.jpg 540w, https:\/\/elbepools.com\/app\/uploads\/2020\/07\/commercial-pool-03-569x380.jpg 569w\" sizes=\"auto, (max-width: 540px) 100vw, 540px\" \/><figcaption><span class=\"has-inline-color has-blue-color\">Perth, Australien<br><\/span>Gr\u00f6\u00dfe: 2.500 m<sup>2<\/sup><br>Jahr der Installation: 2017<\/figcaption><\/figure>\n\n\n\n<figure class=\"wp-block-image alignfull size-teaser-cropped is-style-rounded\"><img loading=\"lazy\" decoding=\"async\" width=\"540\" height=\"360\" src=\"https:\/\/elbepools.com\/app\/uploads\/2020\/07\/commercial-pool-05-scaled-540x360.jpg\" alt=\"\" class=\"wp-image-1253\" srcset=\"https:\/\/elbepools.com\/app\/uploads\/2020\/07\/commercial-pool-05-scaled-540x360.jpg 540w, https:\/\/elbepools.com\/app\/uploads\/2020\/07\/commercial-pool-05-569x380.jpg 569w\" sizes=\"auto, (max-width: 540px) 100vw, 540px\" \/><figcaption><span class=\"has-inline-color has-blue-color\">Martinsburg, West Virginia, USA<br><\/span>Gr\u00f6\u00dfe: 366 m<sup>2<\/sup><br>Jahr der Installation: 2017<\/figcaption><\/figure>\n\n\n\n<figure class=\"wp-block-image alignfull size-teaser-cropped is-style-rounded\"><img loading=\"lazy\" decoding=\"async\" width=\"540\" height=\"360\" src=\"https:\/\/elbepools.com\/app\/uploads\/2020\/07\/commercial-pool-07-scaled-540x360.jpg\" alt=\"\" class=\"wp-image-1257\" srcset=\"https:\/\/elbepools.com\/app\/uploads\/2020\/07\/commercial-pool-07-scaled-540x360.jpg 540w, https:\/\/elbepools.com\/app\/uploads\/2020\/07\/commercial-pool-07-569x380.jpg 569w\" sizes=\"auto, (max-width: 540px) 100vw, 540px\" \/><figcaption><span class=\"has-inline-color has-blue-color\">Livonia, Michigan, USA<br><\/span>Gr\u00f6\u00dfe: 300 m<sup>2<\/sup><br>Jahr der Installation: 2016<\/figcaption><\/figure>\n\n\n\n<figure class=\"wp-block-image alignfull size-teaser-cropped is-style-rounded\"><img loading=\"lazy\" decoding=\"async\" width=\"540\" height=\"360\" src=\"https:\/\/elbepools.com\/app\/uploads\/2020\/07\/commercial-pool-09-scaled-540x360.jpg\" alt=\"\" class=\"wp-image-1261\" srcset=\"https:\/\/elbepools.com\/app\/uploads\/2020\/07\/commercial-pool-09-scaled-540x360.jpg 540w, https:\/\/elbepools.com\/app\/uploads\/2020\/07\/commercial-pool-09-569x380.jpg 569w\" sizes=\"auto, (max-width: 540px) 100vw, 540px\" \/><figcaption><span class=\"has-inline-color has-blue-color\">Alcasser, Spanien<br><\/span>Gr\u00f6\u00dfe: 1.250 m<sup>2<\/sup><br>Jahr der Installation: 2016<\/figcaption><\/figure>\n\n\n\n<figure class=\"wp-block-image alignfull size-teaser-cropped is-style-rounded\"><img loading=\"lazy\" decoding=\"async\" width=\"540\" height=\"360\" src=\"https:\/\/elbepools.com\/app\/uploads\/2020\/07\/commercial-pool-11-scaled-540x360.jpg\" alt=\"\" class=\"wp-image-1265\" srcset=\"https:\/\/elbepools.com\/app\/uploads\/2020\/07\/commercial-pool-11-scaled-540x360.jpg 540w, https:\/\/elbepools.com\/app\/uploads\/2020\/07\/commercial-pool-11-300x200.jpg 300w, https:\/\/elbepools.com\/app\/uploads\/2020\/07\/commercial-pool-11-1024x683.jpg 1024w, https:\/\/elbepools.com\/app\/uploads\/2020\/07\/commercial-pool-11-768x512.jpg 768w, https:\/\/elbepools.com\/app\/uploads\/2020\/07\/commercial-pool-11-569x380.jpg 569w\" sizes=\"auto, (max-width: 540px) 100vw, 540px\" \/><figcaption><span class=\"has-inline-color has-blue-color\">Prag, Tschechische Republik<br><\/span>Gr\u00f6\u00dfe: 1.500 m<sup>2<\/sup><br>Jahr der Installation: 2016<\/figcaption><\/figure>\n\n\n\n<figure class=\"wp-block-image alignfull size-teaser-cropped is-style-rounded\"><img loading=\"lazy\" decoding=\"async\" width=\"540\" height=\"360\" src=\"https:\/\/elbepools.com\/app\/uploads\/2020\/07\/commercial-pool-13-scaled-540x360.jpg\" alt=\"\" class=\"wp-image-1271\" srcset=\"https:\/\/elbepools.com\/app\/uploads\/2020\/07\/commercial-pool-13-scaled-540x360.jpg 540w, https:\/\/elbepools.com\/app\/uploads\/2020\/07\/commercial-pool-13-569x380.jpg 569w\" sizes=\"auto, (max-width: 540px) 100vw, 540px\" \/><figcaption><span class=\"has-inline-color has-blue-color\">Jaz Aquaviva, Hurghada, \u00c4gypten<br><\/span>Gr\u00f6\u00dfe: 5.000 m<sup>2<\/sup><br>Jahr der Installation: 2015<\/figcaption><\/figure>\n\n\n\n<figure class=\"wp-block-image alignfull size-teaser-cropped is-style-rounded\"><img loading=\"lazy\" decoding=\"async\" width=\"540\" height=\"360\" src=\"https:\/\/elbepools.com\/app\/uploads\/2020\/07\/commercial-pool-15-scaled-540x360.jpg\" alt=\"\" class=\"wp-image-1275\" srcset=\"https:\/\/elbepools.com\/app\/uploads\/2020\/07\/commercial-pool-15-scaled-540x360.jpg 540w, https:\/\/elbepools.com\/app\/uploads\/2020\/07\/commercial-pool-15-569x380.jpg 569w\" sizes=\"auto, (max-width: 540px) 100vw, 540px\" \/><figcaption><span class=\"has-inline-color has-blue-color\">Island of Cozumel, Mexiko<br><\/span>Gr\u00f6\u00dfe: 3.251 m<sup>2<\/sup><br>Jahr der Installation: 2003<\/figcaption><\/figure>\n\n\n\n<p><\/p>\n<\/div>\n\n\n\n<div class=\"wp-block-column is-layout-flow wp-block-column-is-layout-flow\">\n<figure class=\"wp-block-image alignfull size-teaser-cropped is-style-rounded\"><img loading=\"lazy\" decoding=\"async\" width=\"540\" height=\"360\" src=\"https:\/\/elbepools.com\/app\/uploads\/2020\/06\/elite-Slider-01-540x360.jpg\" alt=\"\" class=\"wp-image-978\" srcset=\"https:\/\/elbepools.com\/app\/uploads\/2020\/06\/elite-Slider-01-540x360.jpg 540w, https:\/\/elbepools.com\/app\/uploads\/2020\/06\/elite-Slider-01-569x380.jpg 569w\" sizes=\"auto, (max-width: 540px) 100vw, 540px\" \/><figcaption><span class=\"has-inline-color has-blue-color\">Punta Cana, Dominikanische Republik<br><\/span>Gr\u00f6\u00dfe: 3.500 m<sup>2<\/sup><br>Jahr der Installation: 2017<\/figcaption><\/figure>\n\n\n\n<figure class=\"wp-block-image alignfull size-teaser-cropped is-style-rounded\"><img loading=\"lazy\" decoding=\"async\" width=\"540\" height=\"360\" src=\"https:\/\/elbepools.com\/app\/uploads\/2020\/07\/commercial-pool-04-scaled-540x360.jpg\" alt=\"\" class=\"wp-image-1251\" srcset=\"https:\/\/elbepools.com\/app\/uploads\/2020\/07\/commercial-pool-04-scaled-540x360.jpg 540w, https:\/\/elbepools.com\/app\/uploads\/2020\/07\/commercial-pool-04-569x380.jpg 569w\" sizes=\"auto, (max-width: 540px) 100vw, 540px\" \/><figcaption><span class=\"has-inline-color has-blue-color\">Wettkampfbecken, Keystone, USA<br><\/span>Gr\u00f6\u00dfe: 1.142 m<sup>2<\/sup><br>Jahr der Installation: 2017<\/figcaption><\/figure>\n\n\n\n<figure class=\"wp-block-image alignfull size-teaser-cropped is-style-rounded\"><img loading=\"lazy\" decoding=\"async\" width=\"540\" height=\"360\" src=\"https:\/\/elbepools.com\/app\/uploads\/2020\/07\/commercial-pool-06-scaled-540x360.jpg\" alt=\"\" class=\"wp-image-1255\" srcset=\"https:\/\/elbepools.com\/app\/uploads\/2020\/07\/commercial-pool-06-scaled-540x360.jpg 540w, https:\/\/elbepools.com\/app\/uploads\/2020\/07\/commercial-pool-06-569x380.jpg 569w\" sizes=\"auto, (max-width: 540px) 100vw, 540px\" \/><figcaption><span class=\"has-inline-color has-blue-color\">Christian School, Charlotte, North Carolina, USA<br><\/span>Gr\u00f6\u00dfe: 465 m<sup>2<\/sup><br>Jahr der Installation: 2016<\/figcaption><\/figure>\n\n\n\n<figure class=\"wp-block-image alignfull size-teaser-cropped is-style-rounded\"><img loading=\"lazy\" decoding=\"async\" width=\"540\" height=\"360\" src=\"https:\/\/elbepools.com\/app\/uploads\/2020\/07\/commercial-pool-08-scaled-540x360.jpg\" alt=\"\" class=\"wp-image-1259\" srcset=\"https:\/\/elbepools.com\/app\/uploads\/2020\/07\/commercial-pool-08-scaled-540x360.jpg 540w, https:\/\/elbepools.com\/app\/uploads\/2020\/07\/commercial-pool-08-569x380.jpg 569w\" sizes=\"auto, (max-width: 540px) 100vw, 540px\" \/><figcaption><span class=\"has-inline-color has-blue-color\">5 Sterne Hotel, Zypern<br><\/span>Gr\u00f6\u00dfe: 4.000 m<sup>2<\/sup><br>Jahr der Installation: 2016<\/figcaption><\/figure>\n\n\n\n<figure class=\"wp-block-image alignfull size-teaser-cropped is-style-rounded\"><img loading=\"lazy\" decoding=\"async\" width=\"540\" height=\"360\" src=\"https:\/\/elbepools.com\/app\/uploads\/2020\/07\/commercial-pool-10-scaled-540x360.jpg\" alt=\"\" class=\"wp-image-1263\" srcset=\"https:\/\/elbepools.com\/app\/uploads\/2020\/07\/commercial-pool-10-scaled-540x360.jpg 540w, https:\/\/elbepools.com\/app\/uploads\/2020\/07\/commercial-pool-10-569x380.jpg 569w\" sizes=\"auto, (max-width: 540px) 100vw, 540px\" \/><figcaption><span class=\"has-inline-color has-blue-color\">Ali Baba Aqua Park, Hurghada, \u00c4gypten<br><\/span>Gr\u00f6\u00dfe: 3.500 m<sup>2<\/sup><br>Jahr der Installation: 2016<\/figcaption><\/figure>\n\n\n\n<figure class=\"wp-block-image alignfull size-teaser-cropped is-style-rounded\"><img loading=\"lazy\" decoding=\"async\" width=\"540\" height=\"360\" src=\"https:\/\/elbepools.com\/app\/uploads\/2020\/07\/commercial-pool-12-scaled-540x360.jpg\" alt=\"\" class=\"wp-image-1269\" srcset=\"https:\/\/elbepools.com\/app\/uploads\/2020\/07\/commercial-pool-12-scaled-540x360.jpg 540w, https:\/\/elbepools.com\/app\/uploads\/2020\/07\/commercial-pool-12-569x380.jpg 569w\" sizes=\"auto, (max-width: 540px) 100vw, 540px\" \/><figcaption><span class=\"has-inline-color has-blue-color\">North Coast Haisenda, \u00c4gypten<br><\/span>Gr\u00f6\u00dfe: 40.000 m<sup>2<\/sup><br>Jahr der Installation: 2015<\/figcaption><\/figure>\n\n\n\n<figure class=\"wp-block-image alignfull size-teaser-cropped is-style-rounded\"><img loading=\"lazy\" decoding=\"async\" width=\"540\" height=\"360\" src=\"https:\/\/elbepools.com\/app\/uploads\/2020\/07\/commercial-pool-14-scaled-540x360.jpg\" alt=\"\" class=\"wp-image-1273\" srcset=\"https:\/\/elbepools.com\/app\/uploads\/2020\/07\/commercial-pool-14-scaled-540x360.jpg 540w, https:\/\/elbepools.com\/app\/uploads\/2020\/07\/commercial-pool-14-569x380.jpg 569w\" sizes=\"auto, (max-width: 540px) 100vw, 540px\" \/><figcaption><span class=\"has-inline-color has-blue-color\">Mirage Aqua Park, Hurghada, \u00c4gypten<br><\/span>Gr\u00f6\u00dfe: 5.000 m<sup>2<\/sup><br>Jahr der Installation: 2014<\/figcaption><\/figure>\n\n\n\n<p><\/p>\n<\/div>\n<\/div>\n","protected":false},"excerpt":{"rendered":"<p>VIELFALT F\u00dcR IHREN INDIVIDUELLEN POOL. ELBE Pool Surface\u00ae Schwimmbadbahnen k\u00f6nnen in jedem Schwimmbecken, unabh\u00e4ngig von Gr\u00f6\u00dfe und Form, passgenau verlegt werden. Die aus plastifiziertem Polyvinylchlorid (PVC-P) hergestellte gewebeverst\u00e4rkte Schwimmbadbahn besteht aus 2 flexiblen Folienlagen, die mit einem rei\u00dffesten Polyestergewebe verbunden sind. Dieses Gewebe sorgt sowohl f\u00fcr Dimensionsstabilit\u00e4t als auch, Elastizit\u00e4t und Flexibilit\u00e4t. So k\u00f6nnen unsere [&hellip;]<\/p>\n","protected":false},"author":1,"featured_media":0,"parent":3649,"menu_order":3,"comment_status":"closed","ping_status":"closed","template":"","meta":{"_acf_changed":false,"footnotes":""},"class_list":["post-12441","page","type-page","status-publish","hentry"],"acf":[],"_links":{"self":[{"href":"https:\/\/elbepools.com\/de\/wp-json\/wp\/v2\/pages\/12441","targetHints":{"allow":["GET"]}}],"collection":[{"href":"https:\/\/elbepools.com\/de\/wp-json\/wp\/v2\/pages"}],"about":[{"href":"https:\/\/elbepools.com\/de\/wp-json\/wp\/v2\/types\/page"}],"author":[{"embeddable":true,"href":"https:\/\/elbepools.com\/de\/wp-json\/wp\/v2\/users\/1"}],"replies":[{"embeddable":true,"href":"https:\/\/elbepools.com\/de\/wp-json\/wp\/v2\/comments?post=12441"}],"version-history":[{"count":5,"href":"https:\/\/elbepools.com\/de\/wp-json\/wp\/v2\/pages\/12441\/revisions"}],"predecessor-version":[{"id":22592,"href":"https:\/\/elbepools.com\/de\/wp-json\/wp\/v2\/pages\/12441\/revisions\/22592"}],"up":[{"embeddable":true,"href":"https:\/\/elbepools.com\/de\/wp-json\/wp\/v2\/pages\/3649"}],"wp:attachment":[{"href":"https:\/\/elbepools.com\/de\/wp-json\/wp\/v2\/media?parent=12441"}],"curies":[{"name":"wp","href":"https:\/\/api.w.org\/{rel}","templated":true}]}}